{"id":13921,"date":"2024-05-11T13:10:19","date_gmt":"2024-05-11T10:10:19","guid":{"rendered":"https:\/\/skaitytaknyga.lt\/?post_type=product&#038;p=13921"},"modified":"2025-09-23T09:46:20","modified_gmt":"2025-09-23T06:46:20","slug":"joseph-ratzinger-benediktas-xvi-jezus-is-nazareto","status":"publish","type":"product","link":"https:\/\/skaitytaknyga.lt\/en\/produktas\/joseph-ratzinger-benediktas-xvi-jezus-is-nazareto\/","title":{"rendered":"Joseph Ratzinger (Benediktas XVI) \u201eJ\u0117zus i\u0161 Nazareto\u201c"},"content":{"rendered":"<p>Tie, kuriems sovietme\u010dio nykumoje ar atgimimo \u0161urmulyje prot\u0105 ir dvasi\u0105 gaivino \u201eKrik\u0161\u010dionyb\u0117s \u012fvadas\u201c, \u0161ioje knygoje ras dar gilesnius to paties i\u0161minties \u0161ulinio vandenis, dar brandesn\u0119 biblin\u0117s plotm\u0117s ir asmenin\u0117s religin\u0117s patirties derm\u0119.<\/p>\n<p>Pirm\u0105 kart\u0105 atsiver\u010diantiems Josepho Ratzingerio tekstus \u0161ie puslapiai \u017eada aistring\u0105 meditacij\u0105 ir argumentacijos j\u0117g\u0105, be galo \u012ftaig\u0173 patvirtinim\u0105, kad uoliai keliami tik\u0117jimo klausimai, kriti\u0161kai apm\u0105stomi I\u0161ganymo istorijos liudijimai ir \u0161iandien yra u\u017edegantis intelektinis i\u0161\u0161\u016bkis.<\/p>\n<p><em>Kardinolas Audrys Juozas Ba\u010dkis<\/em><\/p>\n<p><em>\u00a0<\/em><\/p>\n<p>Popie\u017eiaus knygos atskaitos ta\u0161kas: J\u0117zus, traktuojamas remiantis Jo bendryste su T\u0117vu, kuri yra tikroji Jo asmenyb\u0117s \u0161erdis, be kurios ne\u012fmanoma Jo suprasti, ir d\u0117l kurios Jis arti m\u016bs\u0173 ir \u0161iandien. J\u0117zus vaizduojamas pasitikint evangelijomis, kartu suponuojant visa, k\u0105 apie literat\u016bros \u017eanrus, i\u0161taros ketinim\u0105, evangelij\u0173 bendruomenin\u012f kontekst\u0105 ir j\u0173 kalb\u0117jim\u0105 \u0161iame gyvame s\u0105ry\u0161yje sako Vatikano II Susirinkimas ir \u0161iuolaikin\u0117 egzegez\u0117. Evangelij\u0173 J\u0117z\u0173 i\u0161vystame kaip tikr\u0105j\u012f, \u201eistorin\u012f\u201c, J\u0117z\u0173 tikr\u0105ja \u0161io \u017eod\u017eio prasme. Popie\u017eiaus teigimu, \u0161i knyga jokiu b\u016bdu ne magisteriumo aktas, bet vien jo asmenini\u0173 \u201eVie\u0161paties veido\u201c (plg. Ps\u00a027, 8) ie\u0161kojim\u0173 i\u0161rai\u0161ka.<\/p>\n<p><strong>Joseph Ratzinger<\/strong>\u00a0(Jozefas Racingeris) gim\u0117<\/p>\n<div class=\"col-12 col-xl-4 product-img-wrapper product-photo -order-1 order-xl-0\">\n<ul class=\"about-product d-none d-xl-block mt-4\">\n<li><strong>Autorius:<\/strong>\u00a0Joseph Ratzinger (Benediktas XVI)<\/li>\n<li><strong>Leid\u0117jas:<\/strong>\u00a0Katalik\u0173 pasaulio leidiniai<\/li>\n<li><strong>Metai:<\/strong>\u00a02007<\/li>\n<li><strong>Puslapiai:<\/strong>\u00a0342<\/li>\n<li><strong>ISBN:<\/strong>\u00a09789955290339<\/li>\n<li><strong>Versijos kodas:<\/strong>\u00a0PT.<\/li>\n<li><strong>Formatas:<\/strong>\u00a015 x 22 cm, mink\u0161ti vir\u0161eliai<\/li>\n<li><strong>Kalba:<\/strong>\u00a0Lietuvi\u0173<\/li>\n<li><strong>Vert\u0117jas:<\/strong>\u00a0Gediminas \u017dukas<\/li>\n<\/ul>\n<\/div>\n<div class=\"col-12 col-xl-8 book-descript-wrapper pl-xl-5 -order-0 order-xl-1\">\n<div class=\"book-title mb-2 mb-lg-3\">\n<h1><span class=\"book-title-raw\">J\u0117zus i\u0161 Nazareto<\/span><\/h1>\n<\/div>\n<\/div>\n","protected":false},"excerpt":{"rendered":"<p>Tie, kuriems sovietme\u010dio nykumoje ar atgimimo \u0161urmulyje prot\u0105 ir dvasi\u0105 gaivino \u201eKrik\u0161\u010dionyb\u0117s \u012fvadas\u201c, \u0161ioje knygoje ras dar gilesnius to paties i\u0161minties \u0161ulinio vandenis, dar brandesn\u0119 biblin\u0117s plotm\u0117s ir asmenin\u0117s religin\u0117s patirties derm\u0119. Pirm\u0105 kart\u0105 atsiver\u010diantiems Josepho Ratzingerio tekstus \u0161ie puslapiai \u017eada aistring\u0105 meditacij\u0105 ir argumentacijos j\u0117g\u0105, be galo \u012ftaig\u0173 patvirtinim\u0105, kad uoliai keliami tik\u0117jimo klausimai, kriti\u0161kai apm\u0105stomi I\u0161ganymo istorijos liudijimai ir \u0161iandien yra u\u017edegantis intelektinis i\u0161\u0161\u016bkis. Kardinolas Audrys Juozas Ba\u010dkis \u00a0 Popie\u017eiaus knygos atskaitos ta\u0161kas: J\u0117zus, traktuojamas remiantis Jo bendryste su T\u0117vu, kuri yra tikroji Jo asmenyb\u0117s \u0161erdis, be kurios ne\u012fmanoma Jo suprasti, ir d\u0117l kurios Jis arti m\u016bs\u0173 ir \u0161iandien. J\u0117zus vaizduojamas pasitikint evangelijomis, kartu suponuojant visa, k\u0105 apie literat\u016bros \u017eanrus, i\u0161taros ketinim\u0105, evangelij\u0173 bendruomenin\u012f kontekst\u0105 ir j\u0173 kalb\u0117jim\u0105 \u0161iame gyvame s\u0105ry\u0161yje sako Vatikano II Susirinkimas ir \u0161iuolaikin\u0117 egzegez\u0117. Evangelij\u0173 J\u0117z\u0173 i\u0161vystame kaip tikr\u0105j\u012f, \u201eistorin\u012f\u201c, J\u0117z\u0173 tikr\u0105ja \u0161io \u017eod\u017eio prasme. Popie\u017eiaus teigimu, \u0161i knyga jokiu b\u016bdu ne magisteriumo aktas, bet vien jo asmenini\u0173 \u201eVie\u0161paties veido\u201c (plg. Ps\u00a027, 8) ie\u0161kojim\u0173 i\u0161rai\u0161ka. Joseph Ratzinger\u00a0(Jozefas Racingeris) gim\u0117 Autorius:\u00a0Joseph Ratzinger (Benediktas XVI) Leid\u0117jas:\u00a0Katalik\u0173 pasaulio leidiniai Metai:\u00a02007 Puslapiai:\u00a0342 ISBN:\u00a09789955290339 Versijos kodas:\u00a0PT. Formatas:\u00a015 x 22 cm, mink\u0161ti vir\u0161eliai Kalba:\u00a0Lietuvi\u0173 Vert\u0117jas:\u00a0Gediminas \u017dukas J\u0117zus i\u0161 Nazareto<\/p>\n","protected":false},"featured_media":13936,"comment_status":"open","ping_status":"closed","template":"","meta":{"_acf_changed":false,"site-sidebar-layout":"default","site-content-layout":"","ast-site-content-layout":"default","site-content-style":"default","site-sidebar-style":"default","ast-global-header-display":"","ast-banner-title-visibility":"","ast-main-header-display":"","ast-hfb-above-header-display":"","ast-hfb-below-header-display":"","ast-hfb-mobile-header-display":"","site-post-title":"","ast-breadcrumbs-content":"","ast-featured-img":"","footer-sml-layout":"","ast-disable-related-posts":"","theme-transparent-header-meta":"default","adv-header-id-meta":"","stick-header-meta":"","header-above-stick-meta":"","header-main-stick-meta":"","header-below-stick-meta":"","astra-migrate-meta-layouts":"set","ast-page-background-enabled":"default","ast-page-background-meta":{"desktop":{"background-color":"","background-image":"","background-repeat":"repeat","background-position":"center center","background-size":"auto","background-attachment":"scroll","background-type":"","background-media":"","overlay-type":"","overlay-color":"","overlay-opacity":"","overlay-gradient":""},"tablet":{"background-color":"","background-image":"","background-repeat":"repeat","background-position":"center center","background-size":"auto","background-attachment":"scroll","background-type":"","background-media":"","overlay-type":"","overlay-color":"","overlay-opacity":"","overlay-gradient":""},"mobile":{"background-color":"","background-image":"","background-repeat":"repeat","background-position":"center center","background-size":"auto","background-attachment":"scroll","background-type":"","background-media":"","overlay-type":"","overlay-color":"","overlay-opacity":"","overlay-gradient":""}},"ast-content-background-meta":{"desktop":{"background-color":"var(--ast-global-color-4)","background-image":"","background-repeat":"repeat","background-position":"center center","background-size":"auto","background-attachment":"scroll","background-type":"","background-media":"","overlay-type":"","overlay-color":"","overlay-opacity":"","overlay-gradient":""},"tablet":{"background-color":"var(--ast-global-color-4)","background-image":"","background-repeat":"repeat","background-position":"center center","background-size":"auto","background-attachment":"scroll","background-type":"","background-media":"","overlay-type":"","overlay-color":"","overlay-opacity":"","overlay-gradient":""},"mobile":{"background-color":"var(--ast-global-color-4)","background-image":"","background-repeat":"repeat","background-position":"center center","background-size":"auto","background-attachment":"scroll","background-type":"","background-media":"","overlay-type":"","overlay-color":"","overlay-opacity":"","overlay-gradient":""}}},"product_brand":[],"product_cat":[15,165],"product_tag":[],"class_list":{"0":"post-13921","1":"product","2":"type-product","3":"status-publish","4":"has-post-thumbnail","6":"product_cat-uncategorized","7":"product_cat-religija-filosofija-ir-ezoterika","8":"desktop-align-left","9":"tablet-align-left","10":"mobile-align-left","12":"first","13":"outofstock","14":"shipping-taxable","15":"purchasable","16":"product-type-simple"},"acf":[],"yoast_head":"<!-- This site is optimized with the Yoast SEO plugin v27.0 - https:\/\/yoast.com\/product\/yoast-seo-wordpress\/ -->\n<title>Joseph Ratzinger (Benediktas XVI) \u201eJ\u0117zus i\u0161 Nazareto\u201c<\/title>\n<meta name=\"description\" content=\"Tie, kuriems sovietme\u010dio nykumoje ar atgimimo \u0161urmulyje prot\u0105 ir dvasi\u0105 gaivino \u201eKrik\u0161\u010dionyb\u0117s \u012fvadas\u201c, \u0161ioje knygoje ras dar gilesnius to paties\" \/>\n<meta name=\"robots\" content=\"index, follow, max-snippet:-1, max-image-preview:large, max-video-preview:-1\" \/>\n<link rel=\"canonical\" href=\"https:\/\/skaitytaknyga.lt\/en\/produktas\/joseph-ratzinger-benediktas-xvi-jezus-is-nazareto\/\" \/>\n<meta property=\"og:locale\" content=\"en_GB\" \/>\n<meta property=\"og:locale:alternate\" content=\"lt_LT\" \/>\n<meta property=\"og:type\" content=\"article\" \/>\n<meta property=\"og:title\" content=\"Joseph Ratzinger (Benediktas XVI) \u201eJ\u0117zus i\u0161 Nazareto\u201c\" \/>\n<meta property=\"og:description\" content=\"Tie, kuriems sovietme\u010dio nykumoje ar atgimimo \u0161urmulyje prot\u0105 ir dvasi\u0105 gaivino \u201eKrik\u0161\u010dionyb\u0117s \u012fvadas\u201c, \u0161ioje knygoje ras dar gilesnius to paties\" \/>\n<meta property=\"og:url\" content=\"https:\/\/skaitytaknyga.lt\/en\/produktas\/joseph-ratzinger-benediktas-xvi-jezus-is-nazareto\/\" \/>\n<meta property=\"og:site_name\" content=\"Skaitytaknyga\" \/>\n<meta property=\"article:publisher\" content=\"https:\/\/www.facebook.com\/skaitytaknyga\/\" \/>\n<meta property=\"article:modified_time\" content=\"2025-09-23T06:46:20+00:00\" \/>\n<meta property=\"og:image\" content=\"https:\/\/skaitytaknyga.lt\/wp-content\/uploads\/2024\/09\/1462876295_img8.webp\" \/>\n\t<meta property=\"og:image:width\" content=\"509\" \/>\n\t<meta property=\"og:image:height\" content=\"800\" \/>\n\t<meta property=\"og:image:type\" content=\"image\/webp\" \/>\n<meta name=\"twitter:card\" content=\"summary_large_image\" \/>\n<meta name=\"twitter:label1\" content=\"Estimated reading time\" \/>\n\t<meta name=\"twitter:data1\" content=\"2 minutes\" \/>\n<script type=\"application\/ld+json\" class=\"yoast-schema-graph\">{\"@context\":\"https:\/\/schema.org\",\"@graph\":[{\"@type\":\"WebPage\",\"@id\":\"https:\/\/skaitytaknyga.lt\/produktas\/joseph-ratzinger-benediktas-xvi-jezus-is-nazareto\/\",\"url\":\"https:\/\/skaitytaknyga.lt\/produktas\/joseph-ratzinger-benediktas-xvi-jezus-is-nazareto\/\",\"name\":\"Joseph Ratzinger (Benediktas XVI) \u201eJ\u0117zus i\u0161 Nazareto\u201c\",\"isPartOf\":{\"@id\":\"https:\/\/skaitytaknyga.lt\/#website\"},\"primaryImageOfPage\":{\"@id\":\"https:\/\/skaitytaknyga.lt\/produktas\/joseph-ratzinger-benediktas-xvi-jezus-is-nazareto\/#primaryimage\"},\"image\":{\"@id\":\"https:\/\/skaitytaknyga.lt\/produktas\/joseph-ratzinger-benediktas-xvi-jezus-is-nazareto\/#primaryimage\"},\"thumbnailUrl\":\"https:\/\/skaitytaknyga.lt\/wp-content\/uploads\/2024\/09\/1462876295_img8.webp\",\"datePublished\":\"2024-05-11T10:10:19+00:00\",\"dateModified\":\"2025-09-23T06:46:20+00:00\",\"description\":\"Tie, kuriems sovietme\u010dio nykumoje ar atgimimo \u0161urmulyje prot\u0105 ir dvasi\u0105 gaivino \u201eKrik\u0161\u010dionyb\u0117s \u012fvadas\u201c, \u0161ioje knygoje ras dar gilesnius to paties\",\"breadcrumb\":{\"@id\":\"https:\/\/skaitytaknyga.lt\/produktas\/joseph-ratzinger-benediktas-xvi-jezus-is-nazareto\/#breadcrumb\"},\"inLanguage\":\"en-GB\",\"potentialAction\":[{\"@type\":\"ReadAction\",\"target\":[\"https:\/\/skaitytaknyga.lt\/produktas\/joseph-ratzinger-benediktas-xvi-jezus-is-nazareto\/\"]}]},{\"@type\":\"ImageObject\",\"inLanguage\":\"en-GB\",\"@id\":\"https:\/\/skaitytaknyga.lt\/produktas\/joseph-ratzinger-benediktas-xvi-jezus-is-nazareto\/#primaryimage\",\"url\":\"https:\/\/skaitytaknyga.lt\/wp-content\/uploads\/2024\/09\/1462876295_img8.webp\",\"contentUrl\":\"https:\/\/skaitytaknyga.lt\/wp-content\/uploads\/2024\/09\/1462876295_img8.webp\",\"width\":509,\"height\":800,\"caption\":\"Joseph Ratzinger (Benediktas XVI) \u201eJ\u0117zus i\u0161 Nazareto\u201c\"},{\"@type\":\"BreadcrumbList\",\"@id\":\"https:\/\/skaitytaknyga.lt\/produktas\/joseph-ratzinger-benediktas-xvi-jezus-is-nazareto\/#breadcrumb\",\"itemListElement\":[{\"@type\":\"ListItem\",\"position\":1,\"name\":\"Home\",\"item\":\"https:\/\/skaitytaknyga.lt\/\"},{\"@type\":\"ListItem\",\"position\":2,\"name\":\"Parduotuv\u0117\",\"item\":\"https:\/\/skaitytaknyga.lt\/knygu-parduotuve\/\"},{\"@type\":\"ListItem\",\"position\":3,\"name\":\"Joseph Ratzinger (Benediktas XVI) \u201eJ\u0117zus i\u0161 Nazareto\u201c\"}]},{\"@type\":\"WebSite\",\"@id\":\"https:\/\/skaitytaknyga.lt\/#website\",\"url\":\"https:\/\/skaitytaknyga.lt\/\",\"name\":\"skaitytaknyga.lt\",\"description\":\"Skaitytaknyga.lt \u2013 tai ma\u017eas \u0161eimos verslas, kuris prasid\u0117jo nuo meil\u0117s knygoms ir siekio i\u0161gelb\u0117ti knygas nuo likimo prie konteinerio. Kas vienam nereikalingas daiktas \u2013 kitam lobis, o mes esame tarpininkai, kurie padeda abiems tapti laimingesniems ???? \u017dinome kaip nelengva i\u0161gyventi ma\u017eiems verslams, tad nuo \u0161iol, \u010dia rasite ir kit\u0173, ma\u017e\u0173 \u0161eim\u0173 versl\u0173, rank\u0173 darbo, dovan\u0173 sau ir artimiesiems.\",\"publisher\":{\"@id\":\"https:\/\/skaitytaknyga.lt\/#organization\"},\"potentialAction\":[{\"@type\":\"SearchAction\",\"target\":{\"@type\":\"EntryPoint\",\"urlTemplate\":\"https:\/\/skaitytaknyga.lt\/?s={search_term_string}\"},\"query-input\":{\"@type\":\"PropertyValueSpecification\",\"valueRequired\":true,\"valueName\":\"search_term_string\"}}],\"inLanguage\":\"en-GB\"},{\"@type\":\"Organization\",\"@id\":\"https:\/\/skaitytaknyga.lt\/#organization\",\"name\":\"skaitytaknyga.lt\",\"url\":\"https:\/\/skaitytaknyga.lt\/\",\"logo\":{\"@type\":\"ImageObject\",\"inLanguage\":\"en-GB\",\"@id\":\"https:\/\/skaitytaknyga.lt\/#\/schema\/logo\/image\/\",\"url\":\"https:\/\/skaitytaknyga.lt\/wp-content\/uploads\/2024\/05\/cropped-cropped-cropped-02_00843_jt3bggkj1j3HLc7SyY6rEUpg.jpeg\",\"contentUrl\":\"https:\/\/skaitytaknyga.lt\/wp-content\/uploads\/2024\/05\/cropped-cropped-cropped-02_00843_jt3bggkj1j3HLc7SyY6rEUpg.jpeg\",\"width\":1600,\"height\":1600,\"caption\":\"skaitytaknyga.lt\"},\"image\":{\"@id\":\"https:\/\/skaitytaknyga.lt\/#\/schema\/logo\/image\/\"},\"sameAs\":[\"https:\/\/www.facebook.com\/skaitytaknyga\/\"]}]}<\/script>\n<!-- \/ Yoast SEO plugin. -->","yoast_head_json":{"title":"Joseph Ratzinger (Benediktas XVI) \u201eJ\u0117zus i\u0161 Nazareto\u201c","description":"Tie, kuriems sovietme\u010dio nykumoje ar atgimimo \u0161urmulyje prot\u0105 ir dvasi\u0105 gaivino \u201eKrik\u0161\u010dionyb\u0117s \u012fvadas\u201c, \u0161ioje knygoje ras dar gilesnius to paties","robots":{"index":"index","follow":"follow","max-snippet":"max-snippet:-1","max-image-preview":"max-image-preview:large","max-video-preview":"max-video-preview:-1"},"canonical":"https:\/\/skaitytaknyga.lt\/en\/produktas\/joseph-ratzinger-benediktas-xvi-jezus-is-nazareto\/","og_locale":"en_GB","og_type":"article","og_title":"[:lt]Joseph Ratzinger (Benediktas XVI) \u201eJ\u0117zus i\u0161 Nazareto\u201c[:] - Skaitytaknyga","og_description":"Tie, kuriems sovietme\u010dio nykumoje ar atgimimo \u0161urmulyje prot\u0105 ir dvasi\u0105 gaivino \u201eKrik\u0161\u010dionyb\u0117s \u012fvadas\u201c, \u0161ioje knygoje ras dar gilesnius to paties","og_url":"https:\/\/skaitytaknyga.lt\/en\/produktas\/joseph-ratzinger-benediktas-xvi-jezus-is-nazareto\/","og_site_name":"Skaitytaknyga","article_publisher":"https:\/\/www.facebook.com\/skaitytaknyga\/","article_modified_time":"2025-09-23T06:46:20+00:00","og_image":[{"width":509,"height":800,"url":"https:\/\/skaitytaknyga.lt\/wp-content\/uploads\/2024\/09\/1462876295_img8.webp","type":"image\/webp"}],"twitter_card":"summary_large_image","twitter_misc":{"Estimated reading time":"2 minutes"},"schema":{"@context":"https:\/\/schema.org","@graph":[{"@type":"WebPage","@id":"https:\/\/skaitytaknyga.lt\/produktas\/joseph-ratzinger-benediktas-xvi-jezus-is-nazareto\/","url":"https:\/\/skaitytaknyga.lt\/produktas\/joseph-ratzinger-benediktas-xvi-jezus-is-nazareto\/","name":"Joseph Ratzinger (Benediktas XVI) \u201eJ\u0117zus i\u0161 Nazareto\u201c","isPartOf":{"@id":"https:\/\/skaitytaknyga.lt\/#website"},"primaryImageOfPage":{"@id":"https:\/\/skaitytaknyga.lt\/produktas\/joseph-ratzinger-benediktas-xvi-jezus-is-nazareto\/#primaryimage"},"image":{"@id":"https:\/\/skaitytaknyga.lt\/produktas\/joseph-ratzinger-benediktas-xvi-jezus-is-nazareto\/#primaryimage"},"thumbnailUrl":"https:\/\/skaitytaknyga.lt\/wp-content\/uploads\/2024\/09\/1462876295_img8.webp","datePublished":"2024-05-11T10:10:19+00:00","dateModified":"2025-09-23T06:46:20+00:00","description":"Tie, kuriems sovietme\u010dio nykumoje ar atgimimo \u0161urmulyje prot\u0105 ir dvasi\u0105 gaivino \u201eKrik\u0161\u010dionyb\u0117s \u012fvadas\u201c, \u0161ioje knygoje ras dar gilesnius to paties","breadcrumb":{"@id":"https:\/\/skaitytaknyga.lt\/produktas\/joseph-ratzinger-benediktas-xvi-jezus-is-nazareto\/#breadcrumb"},"inLanguage":"en-GB","potentialAction":[{"@type":"ReadAction","target":["https:\/\/skaitytaknyga.lt\/produktas\/joseph-ratzinger-benediktas-xvi-jezus-is-nazareto\/"]}]},{"@type":"ImageObject","inLanguage":"en-GB","@id":"https:\/\/skaitytaknyga.lt\/produktas\/joseph-ratzinger-benediktas-xvi-jezus-is-nazareto\/#primaryimage","url":"https:\/\/skaitytaknyga.lt\/wp-content\/uploads\/2024\/09\/1462876295_img8.webp","contentUrl":"https:\/\/skaitytaknyga.lt\/wp-content\/uploads\/2024\/09\/1462876295_img8.webp","width":509,"height":800,"caption":"Joseph Ratzinger (Benediktas XVI) \u201eJ\u0117zus i\u0161 Nazareto\u201c"},{"@type":"BreadcrumbList","@id":"https:\/\/skaitytaknyga.lt\/produktas\/joseph-ratzinger-benediktas-xvi-jezus-is-nazareto\/#breadcrumb","itemListElement":[{"@type":"ListItem","position":1,"name":"Home","item":"https:\/\/skaitytaknyga.lt\/"},{"@type":"ListItem","position":2,"name":"Parduotuv\u0117","item":"https:\/\/skaitytaknyga.lt\/knygu-parduotuve\/"},{"@type":"ListItem","position":3,"name":"Joseph Ratzinger (Benediktas XVI) \u201eJ\u0117zus i\u0161 Nazareto\u201c"}]},{"@type":"WebSite","@id":"https:\/\/skaitytaknyga.lt\/#website","url":"https:\/\/skaitytaknyga.lt\/","name":"skaitytaknyga.lt","description":"Skaitytaknyga.lt \u2013 tai ma\u017eas \u0161eimos verslas, kuris prasid\u0117jo nuo meil\u0117s knygoms ir siekio i\u0161gelb\u0117ti knygas nuo likimo prie konteinerio. Kas vienam nereikalingas daiktas \u2013 kitam lobis, o mes esame tarpininkai, kurie padeda abiems tapti laimingesniems ???? \u017dinome kaip nelengva i\u0161gyventi ma\u017eiems verslams, tad nuo \u0161iol, \u010dia rasite ir kit\u0173, ma\u017e\u0173 \u0161eim\u0173 versl\u0173, rank\u0173 darbo, dovan\u0173 sau ir artimiesiems.","publisher":{"@id":"https:\/\/skaitytaknyga.lt\/#organization"},"potentialAction":[{"@type":"SearchAction","target":{"@type":"EntryPoint","urlTemplate":"https:\/\/skaitytaknyga.lt\/?s={search_term_string}"},"query-input":{"@type":"PropertyValueSpecification","valueRequired":true,"valueName":"search_term_string"}}],"inLanguage":"en-GB"},{"@type":"Organization","@id":"https:\/\/skaitytaknyga.lt\/#organization","name":"skaitytaknyga.lt","url":"https:\/\/skaitytaknyga.lt\/","logo":{"@type":"ImageObject","inLanguage":"en-GB","@id":"https:\/\/skaitytaknyga.lt\/#\/schema\/logo\/image\/","url":"https:\/\/skaitytaknyga.lt\/wp-content\/uploads\/2024\/05\/cropped-cropped-cropped-02_00843_jt3bggkj1j3HLc7SyY6rEUpg.jpeg","contentUrl":"https:\/\/skaitytaknyga.lt\/wp-content\/uploads\/2024\/05\/cropped-cropped-cropped-02_00843_jt3bggkj1j3HLc7SyY6rEUpg.jpeg","width":1600,"height":1600,"caption":"skaitytaknyga.lt"},"image":{"@id":"https:\/\/skaitytaknyga.lt\/#\/schema\/logo\/image\/"},"sameAs":["https:\/\/www.facebook.com\/skaitytaknyga\/"]}]}},"_links":{"self":[{"href":"https:\/\/skaitytaknyga.lt\/en\/wp-json\/wp\/v2\/product\/13921","targetHints":{"allow":["GET"]}}],"collection":[{"href":"https:\/\/skaitytaknyga.lt\/en\/wp-json\/wp\/v2\/product"}],"about":[{"href":"https:\/\/skaitytaknyga.lt\/en\/wp-json\/wp\/v2\/types\/product"}],"replies":[{"embeddable":true,"href":"https:\/\/skaitytaknyga.lt\/en\/wp-json\/wp\/v2\/comments?post=13921"}],"wp:featuredmedia":[{"embeddable":true,"href":"https:\/\/skaitytaknyga.lt\/en\/wp-json\/wp\/v2\/media\/13936"}],"wp:attachment":[{"href":"https:\/\/skaitytaknyga.lt\/en\/wp-json\/wp\/v2\/media?parent=13921"}],"wp:term":[{"taxonomy":"product_brand","embeddable":true,"href":"https:\/\/skaitytaknyga.lt\/en\/wp-json\/wp\/v2\/product_brand?post=13921"},{"taxonomy":"product_cat","embeddable":true,"href":"https:\/\/skaitytaknyga.lt\/en\/wp-json\/wp\/v2\/product_cat?post=13921"},{"taxonomy":"product_tag","embeddable":true,"href":"https:\/\/skaitytaknyga.lt\/en\/wp-json\/wp\/v2\/product_tag?post=13921"}],"curies":[{"name":"wp","href":"https:\/\/api.w.org\/{rel}","templated":true}]}}