{"id":13920,"date":"2024-05-11T13:10:19","date_gmt":"2024-05-11T10:10:19","guid":{"rendered":"https:\/\/skaitytaknyga.lt\/?post_type=product&#038;p=13920"},"modified":"2025-06-13T19:30:43","modified_gmt":"2025-06-13T16:30:43","slug":"ginny-l-yttrup-zodziai","status":"publish","type":"product","link":"https:\/\/skaitytaknyga.lt\/en\/produktas\/ginny-l-yttrup-zodziai\/","title":{"rendered":"\u017dod\u017eiai"},"content":{"rendered":"<p>De\u0161imtmet\u0117 Keil\u0117 Ren nekalba. Nuo tada, kai narkoman\u0117 mama i\u0161\u0117jo ir paliko j\u0105 atokioje trobel\u0117je, apsuptoje auk\u0161t\u0173 sekvoj\u0173, gyventi su \u017emogumi, pavojingu kaip pats blogis. Tyloje, vieninteliame prieglobstyje, Keil\u0117 renka \u017eod\u017eius, kuri\u0173 galb\u016bt niekada nei\u0161tars, i\u0161 vienintelio likusio motin\u0105 primenan\u010dio daikto \u2013 \u017eodyno.<\/p>\n<p>Sjera Don \u2013 vieni\u0161a trisde\u0161imt ketveri\u0173 met\u0173 meninink\u0117. Ji leido praeities g\u0117dai ir klaidoms nuslopinti dabartines viltis ir nusprend\u0117 sl\u0117pti savo skausm\u0105 kontroliuodama aplinkybes. Ta\u010diau per dvyliktas dukters mirties metines Sjeros kontrol\u0117 ima irti, nes Dievas i\u0161 vaikyst\u0117s laik\u0173 kvie\u010dia j\u0105 atgal pas save.<\/p>\n<p>Apvaizdos suvestos draug\u0117n, Keil\u0117 ir Sjera kartu patirs gydan\u010dio \u017dod\u017eio \u2013 J\u0117zaus Kristaus \u2013 malon\u0119.<\/p>\n<p><em>A\u0161 renku \u017eod\u017eius.<\/em><br \/>\n<em>Laikau juos d\u0117\u017eut\u0117je savo galvoje&#8230;<\/em><br \/>\n<em>&#8230;Nor\u0117\u010diau laikyti tikroje d\u0117\u017eut\u0117je \u2013 gra\u017eioje, galb\u016bt bat\u0173 d\u0117\u017e\u0117je, papuo\u0161toje g\u0117l\u0117tu vyniojamuoju popieriumi. Ra\u0161y\u010diau \u017eod\u017eius ant popieriaus skiauteli\u0173 ir d\u0117\u010diau \u012f d\u0117\u017eut\u0119. Kada tik panor\u0117jusi atsidary\u010diau d\u0117\u017eut\u0119, im\u010diau popierines skiauteles, skaity\u010diau ir jaus\u010diau \u017eod\u017eius \u2013 visus i\u0161 karto. O paskui d\u0117\u017eut\u0119 pasl\u0117p\u010diau. Ta\u010diau \u017eod\u017eiams saugiau mano galvoje. Jis negali i\u0161 \u010dia j\u0173 paimti.<\/em><br \/>\n<em>Ant mano keli\u0173 sunkus \u017eodynas. Atsiver\u010diu 1908 puslap\u012f. Atid\u017eiai skaitau raid\u0119 Pp. Baigusi Zz, prad\u0117siu i\u0161 naujo.<\/em><br \/>\n<strong><em>Per-tek-lius.<\/em><\/strong><br \/>\n<em>Man patinka \u0161is \u017eodis. Jis rei\u0161ki\u0105 gaus\u0105, ka\u017ek\u0105 ypatingo, ko tau nereikia. Ir tai yra puiku. Ta\u010diau tau nereikia puikaus. Tau tereikia pakankamai gero.<\/em><br \/>\n<em>Kaip \u0161is \u017eodis skamba, tariamas kito?<\/em><br \/>\n<em>I\u0161 ties\u0173 negalvojau, kaip skamba \u017eod\u017eiai, kol nenustojau kalb\u0117ti. Neketinau nustoti kalb\u0117ti, tiesiog taip nutiko.<\/em><br \/>\n<em>Mano mama i\u0161\u0117jo.<\/em><br \/>\n<em>I\u0161sigandau.<\/em><br \/>\n<em>Ir \u017eod\u017eiai u\u017estrigo.<\/em><br \/>\n<em>Dabar tiesiog skaitau \u017eod\u017eius ir klausausi j\u0173 per ma\u017eyt\u012f radij\u0105 virtuv\u0117je, vienintel\u012f m\u016bs\u0173 turim\u0105 perteklin\u012f daikt\u0105.<\/em><br \/>\n<em>Kai skaitau, plaukai u\u017ekrinta ant aki\u0173. Patraukiu juos atgal, ta\u010diau jie ir v\u0117l u\u017ekrinta. V\u0117l braukiu juos atgal, bet \u0161\u012f kart\u0105 pir\u0161tai \u012fstringa plaukuose. Kur\u012f laik\u0105 bandau i\u0161skirti ir suglostyti plaukus.<\/em><br \/>\n<em>Kai mama dar buvo \u010dia, beveik kiekvien\u0105 ryt\u0105 \u0161ukuodavo man plaukus. M\u016bs\u0173 plaukai vienodi. \u201eTies\u016bs kaip stagarai ir tams\u016bs kaip suod\u017eiai\u201c, \u2013 taip ji sakydavo.<\/em><\/p>\n<ul class=\"about-product d-none d-xl-block mt-4\">\n<li><strong>Originalus pavadinimas:<\/strong>\u00a0Words<\/li>\n<li><strong>Autorius:<\/strong>\u00a0Ginny L.Yttrup<\/li>\n<li><strong>Leid\u0117jas:<\/strong>\u00a0Tapati<\/li>\n<li><strong>Metai:<\/strong>\u00a02015<\/li>\n<li><strong>Puslapiai:<\/strong>\u00a0376<\/li>\n<li><strong>ISBN:<\/strong>\u00a09786098153019<\/li>\n<li><strong>Formatas:<\/strong>\u00a021 x 15 cm, mink\u0161ti vir\u0161eliai<\/li>\n<li><strong>Kalba:<\/strong>\u00a0Lietuvi\u0173<\/li>\n<li><strong>Vert\u0117jas:<\/strong>\u00a0Sandra Gar\u0161vien\u0117<\/li>\n<\/ul>\n","protected":false},"excerpt":{"rendered":"<p>De\u0161imtmet\u0117 Keil\u0117 Ren nekalba. Nuo tada, kai narkoman\u0117 mama i\u0161\u0117jo ir paliko j\u0105 atokioje trobel\u0117je, apsuptoje auk\u0161t\u0173 sekvoj\u0173, gyventi su \u017emogumi, pavojingu kaip pats blogis. Tyloje, vieninteliame prieglobstyje, Keil\u0117 renka \u017eod\u017eius, kuri\u0173 galb\u016bt niekada nei\u0161tars, i\u0161 vienintelio likusio motin\u0105 primenan\u010dio daikto \u2013 \u017eodyno. Sjera Don \u2013 vieni\u0161a trisde\u0161imt ketveri\u0173 met\u0173 meninink\u0117. Ji leido praeities g\u0117dai ir klaidoms nuslopinti dabartines viltis ir nusprend\u0117 sl\u0117pti savo skausm\u0105 kontroliuodama aplinkybes. Ta\u010diau per dvyliktas dukters mirties metines Sjeros kontrol\u0117 ima irti, nes Dievas i\u0161 vaikyst\u0117s laik\u0173 kvie\u010dia j\u0105 atgal pas save. Apvaizdos suvestos draug\u0117n, Keil\u0117 ir Sjera kartu patirs gydan\u010dio \u017dod\u017eio \u2013 J\u0117zaus Kristaus \u2013 malon\u0119. A\u0161 renku \u017eod\u017eius. Laikau juos d\u0117\u017eut\u0117je savo galvoje&#8230; &#8230;Nor\u0117\u010diau laikyti tikroje d\u0117\u017eut\u0117je \u2013 gra\u017eioje, galb\u016bt bat\u0173 d\u0117\u017e\u0117je, papuo\u0161toje g\u0117l\u0117tu vyniojamuoju popieriumi. Ra\u0161y\u010diau \u017eod\u017eius ant popieriaus skiauteli\u0173 ir d\u0117\u010diau \u012f d\u0117\u017eut\u0119. Kada tik panor\u0117jusi atsidary\u010diau d\u0117\u017eut\u0119, im\u010diau popierines skiauteles, skaity\u010diau ir jaus\u010diau \u017eod\u017eius \u2013 visus i\u0161 karto. O paskui d\u0117\u017eut\u0119 pasl\u0117p\u010diau. Ta\u010diau \u017eod\u017eiams saugiau mano galvoje. Jis negali i\u0161 \u010dia j\u0173 paimti. Ant mano keli\u0173 sunkus \u017eodynas. Atsiver\u010diu 1908 puslap\u012f. Atid\u017eiai skaitau raid\u0119 Pp. Baigusi Zz, prad\u0117siu i\u0161 naujo. Per-tek-lius. Man patinka \u0161is \u017eodis. Jis rei\u0161ki\u0105 gaus\u0105, ka\u017ek\u0105 ypatingo, ko tau nereikia. Ir tai yra puiku. Ta\u010diau tau nereikia puikaus. Tau tereikia pakankamai gero. Kaip \u0161is \u017eodis skamba, tariamas kito? I\u0161 ties\u0173 negalvojau, kaip skamba \u017eod\u017eiai, kol nenustojau kalb\u0117ti. Neketinau nustoti kalb\u0117ti, tiesiog taip nutiko. Mano mama i\u0161\u0117jo. I\u0161sigandau. Ir \u017eod\u017eiai u\u017estrigo. Dabar tiesiog skaitau \u017eod\u017eius ir klausausi j\u0173 per ma\u017eyt\u012f radij\u0105 virtuv\u0117je, vienintel\u012f m\u016bs\u0173 turim\u0105 perteklin\u012f daikt\u0105. Kai skaitau, plaukai u\u017ekrinta ant aki\u0173. Patraukiu juos atgal, ta\u010diau jie ir v\u0117l u\u017ekrinta. V\u0117l braukiu juos atgal, bet \u0161\u012f kart\u0105 pir\u0161tai \u012fstringa plaukuose. Kur\u012f laik\u0105 bandau i\u0161skirti ir suglostyti plaukus. Kai mama dar buvo \u010dia, beveik kiekvien\u0105 ryt\u0105 \u0161ukuodavo man plaukus. M\u016bs\u0173 plaukai vienodi. \u201eTies\u016bs kaip stagarai ir tams\u016bs kaip suod\u017eiai\u201c, \u2013 taip ji sakydavo. Originalus pavadinimas:\u00a0Words Autorius:\u00a0Ginny L.Yttrup Leid\u0117jas:\u00a0Tapati Metai:\u00a02015 Puslapiai:\u00a0376 ISBN:\u00a09786098153019 Formatas:\u00a021 x 15 cm, mink\u0161ti vir\u0161eliai Kalba:\u00a0Lietuvi\u0173 Vert\u0117jas:\u00a0Sandra Gar\u0161vien\u0117<\/p>\n","protected":false},"featured_media":13927,"comment_status":"open","ping_status":"closed","template":"","meta":{"_acf_changed":false,"site-sidebar-layout":"default","site-content-layout":"","ast-site-content-layout":"default","site-content-style":"default","site-sidebar-style":"default","ast-global-header-display":"","ast-banner-title-visibility":"","ast-main-header-display":"","ast-hfb-above-header-display":"","ast-hfb-below-header-display":"","ast-hfb-mobile-header-display":"","site-post-title":"","ast-breadcrumbs-content":"","ast-featured-img":"","footer-sml-layout":"","ast-disable-related-posts":"","theme-transparent-header-meta":"default","adv-header-id-meta":"","stick-header-meta":"","header-above-stick-meta":"","header-main-stick-meta":"","header-below-stick-meta":"","astra-migrate-meta-layouts":"set","ast-page-background-enabled":"default","ast-page-background-meta":{"desktop":{"background-color":"","background-image":"","background-repeat":"repeat","background-position":"center center","background-size":"auto","background-attachment":"scroll","background-type":"","background-media":"","overlay-type":"","overlay-color":"","overlay-opacity":"","overlay-gradient":""},"tablet":{"background-color":"","background-image":"","background-repeat":"repeat","background-position":"center center","background-size":"auto","background-attachment":"scroll","background-type":"","background-media":"","overlay-type":"","overlay-color":"","overlay-opacity":"","overlay-gradient":""},"mobile":{"background-color":"","background-image":"","background-repeat":"repeat","background-position":"center center","background-size":"auto","background-attachment":"scroll","background-type":"","background-media":"","overlay-type":"","overlay-color":"","overlay-opacity":"","overlay-gradient":""}},"ast-content-background-meta":{"desktop":{"background-color":"var(--ast-global-color-4)","background-image":"","background-repeat":"repeat","background-position":"center center","background-size":"auto","background-attachment":"scroll","background-type":"","background-media":"","overlay-type":"","overlay-color":"","overlay-opacity":"","overlay-gradient":""},"tablet":{"background-color":"var(--ast-global-color-4)","background-image":"","background-repeat":"repeat","background-position":"center center","background-size":"auto","background-attachment":"scroll","background-type":"","background-media":"","overlay-type":"","overlay-color":"","overlay-opacity":"","overlay-gradient":""},"mobile":{"background-color":"var(--ast-global-color-4)","background-image":"","background-repeat":"repeat","background-position":"center center","background-size":"auto","background-attachment":"scroll","background-type":"","background-media":"","overlay-type":"","overlay-color":"","overlay-opacity":"","overlay-gradient":""}}},"product_brand":[],"product_cat":[31,15],"product_tag":[],"class_list":{"0":"post-13920","1":"product","2":"type-product","3":"status-publish","4":"has-post-thumbnail","6":"product_cat-grozine-literatura","7":"product_cat-uncategorized","8":"desktop-align-left","9":"tablet-align-left","10":"mobile-align-left","12":"first","13":"instock","14":"shipping-taxable","15":"purchasable","16":"product-type-simple"},"acf":[],"yoast_head":"<!-- This site is optimized with the Yoast SEO plugin v27.0 - https:\/\/yoast.com\/product\/yoast-seo-wordpress\/ -->\n<title>\u017dod\u017eiai<\/title>\n<meta name=\"description\" content=\"De\u0161imtmet\u0117 Keil\u0117 Ren nekalba. Nuo tada, kai narkoman\u0117 mama i\u0161\u0117jo ir paliko j\u0105 atokioje trobel\u0117je, apsuptoje auk\u0161t\u0173 sekvoj\u0173, gyventi su \u017emogumi, pavojingu\" \/>\n<meta name=\"robots\" content=\"index, follow, max-snippet:-1, max-image-preview:large, max-video-preview:-1\" \/>\n<link rel=\"canonical\" href=\"https:\/\/skaitytaknyga.lt\/en\/produktas\/ginny-l-yttrup-zodziai\/\" \/>\n<meta property=\"og:locale\" content=\"en_GB\" \/>\n<meta property=\"og:locale:alternate\" content=\"lt_LT\" \/>\n<meta property=\"og:type\" content=\"article\" \/>\n<meta property=\"og:title\" content=\"\u017dod\u017eiai\" \/>\n<meta property=\"og:description\" content=\"De\u0161imtmet\u0117 Keil\u0117 Ren nekalba. Nuo tada, kai narkoman\u0117 mama i\u0161\u0117jo ir paliko j\u0105 atokioje trobel\u0117je, apsuptoje auk\u0161t\u0173 sekvoj\u0173, gyventi su \u017emogumi, pavojingu\" \/>\n<meta property=\"og:url\" content=\"https:\/\/skaitytaknyga.lt\/en\/produktas\/ginny-l-yttrup-zodziai\/\" \/>\n<meta property=\"og:site_name\" content=\"Skaitytaknyga\" \/>\n<meta property=\"article:publisher\" content=\"https:\/\/www.facebook.com\/skaitytaknyga\/\" \/>\n<meta property=\"article:modified_time\" content=\"2025-06-13T16:30:43+00:00\" \/>\n<meta property=\"og:image\" content=\"https:\/\/skaitytaknyga.lt\/wp-content\/uploads\/2024\/09\/Zodziai2.webp\" \/>\n\t<meta property=\"og:image:width\" content=\"500\" \/>\n\t<meta property=\"og:image:height\" content=\"722\" \/>\n\t<meta property=\"og:image:type\" content=\"image\/webp\" \/>\n<meta name=\"twitter:card\" content=\"summary_large_image\" \/>\n<meta name=\"twitter:label1\" content=\"Estimated reading time\" \/>\n\t<meta name=\"twitter:data1\" content=\"2 minutes\" \/>\n<script type=\"application\/ld+json\" class=\"yoast-schema-graph\">{\"@context\":\"https:\/\/schema.org\",\"@graph\":[{\"@type\":\"WebPage\",\"@id\":\"https:\/\/skaitytaknyga.lt\/produktas\/ginny-l-yttrup-zodziai\/\",\"url\":\"https:\/\/skaitytaknyga.lt\/produktas\/ginny-l-yttrup-zodziai\/\",\"name\":\"\u017dod\u017eiai\",\"isPartOf\":{\"@id\":\"https:\/\/skaitytaknyga.lt\/#website\"},\"primaryImageOfPage\":{\"@id\":\"https:\/\/skaitytaknyga.lt\/produktas\/ginny-l-yttrup-zodziai\/#primaryimage\"},\"image\":{\"@id\":\"https:\/\/skaitytaknyga.lt\/produktas\/ginny-l-yttrup-zodziai\/#primaryimage\"},\"thumbnailUrl\":\"https:\/\/skaitytaknyga.lt\/wp-content\/uploads\/2024\/09\/Zodziai2.webp\",\"datePublished\":\"2024-05-11T10:10:19+00:00\",\"dateModified\":\"2025-06-13T16:30:43+00:00\",\"description\":\"De\u0161imtmet\u0117 Keil\u0117 Ren nekalba. Nuo tada, kai narkoman\u0117 mama i\u0161\u0117jo ir paliko j\u0105 atokioje trobel\u0117je, apsuptoje auk\u0161t\u0173 sekvoj\u0173, gyventi su \u017emogumi, pavojingu\",\"breadcrumb\":{\"@id\":\"https:\/\/skaitytaknyga.lt\/produktas\/ginny-l-yttrup-zodziai\/#breadcrumb\"},\"inLanguage\":\"en-GB\",\"potentialAction\":[{\"@type\":\"ReadAction\",\"target\":[\"https:\/\/skaitytaknyga.lt\/produktas\/ginny-l-yttrup-zodziai\/\"]}]},{\"@type\":\"ImageObject\",\"inLanguage\":\"en-GB\",\"@id\":\"https:\/\/skaitytaknyga.lt\/produktas\/ginny-l-yttrup-zodziai\/#primaryimage\",\"url\":\"https:\/\/skaitytaknyga.lt\/wp-content\/uploads\/2024\/09\/Zodziai2.webp\",\"contentUrl\":\"https:\/\/skaitytaknyga.lt\/wp-content\/uploads\/2024\/09\/Zodziai2.webp\",\"width\":500,\"height\":722,\"caption\":\"Ginny L.Yttrup \u201e\u017dod\u017eiai\u201c\"},{\"@type\":\"BreadcrumbList\",\"@id\":\"https:\/\/skaitytaknyga.lt\/produktas\/ginny-l-yttrup-zodziai\/#breadcrumb\",\"itemListElement\":[{\"@type\":\"ListItem\",\"position\":1,\"name\":\"Home\",\"item\":\"https:\/\/skaitytaknyga.lt\/\"},{\"@type\":\"ListItem\",\"position\":2,\"name\":\"Parduotuv\u0117\",\"item\":\"https:\/\/skaitytaknyga.lt\/knygu-parduotuve\/\"},{\"@type\":\"ListItem\",\"position\":3,\"name\":\"\u017dod\u017eiai\"}]},{\"@type\":\"WebSite\",\"@id\":\"https:\/\/skaitytaknyga.lt\/#website\",\"url\":\"https:\/\/skaitytaknyga.lt\/\",\"name\":\"skaitytaknyga.lt\",\"description\":\"Skaitytaknyga.lt \u2013 tai ma\u017eas \u0161eimos verslas, kuris prasid\u0117jo nuo meil\u0117s knygoms ir siekio i\u0161gelb\u0117ti knygas nuo likimo prie konteinerio. Kas vienam nereikalingas daiktas \u2013 kitam lobis, o mes esame tarpininkai, kurie padeda abiems tapti laimingesniems ???? \u017dinome kaip nelengva i\u0161gyventi ma\u017eiems verslams, tad nuo \u0161iol, \u010dia rasite ir kit\u0173, ma\u017e\u0173 \u0161eim\u0173 versl\u0173, rank\u0173 darbo, dovan\u0173 sau ir artimiesiems.\",\"publisher\":{\"@id\":\"https:\/\/skaitytaknyga.lt\/#organization\"},\"potentialAction\":[{\"@type\":\"SearchAction\",\"target\":{\"@type\":\"EntryPoint\",\"urlTemplate\":\"https:\/\/skaitytaknyga.lt\/?s={search_term_string}\"},\"query-input\":{\"@type\":\"PropertyValueSpecification\",\"valueRequired\":true,\"valueName\":\"search_term_string\"}}],\"inLanguage\":\"en-GB\"},{\"@type\":\"Organization\",\"@id\":\"https:\/\/skaitytaknyga.lt\/#organization\",\"name\":\"skaitytaknyga.lt\",\"url\":\"https:\/\/skaitytaknyga.lt\/\",\"logo\":{\"@type\":\"ImageObject\",\"inLanguage\":\"en-GB\",\"@id\":\"https:\/\/skaitytaknyga.lt\/#\/schema\/logo\/image\/\",\"url\":\"https:\/\/skaitytaknyga.lt\/wp-content\/uploads\/2024\/05\/cropped-cropped-cropped-02_00843_jt3bggkj1j3HLc7SyY6rEUpg.jpeg\",\"contentUrl\":\"https:\/\/skaitytaknyga.lt\/wp-content\/uploads\/2024\/05\/cropped-cropped-cropped-02_00843_jt3bggkj1j3HLc7SyY6rEUpg.jpeg\",\"width\":1600,\"height\":1600,\"caption\":\"skaitytaknyga.lt\"},\"image\":{\"@id\":\"https:\/\/skaitytaknyga.lt\/#\/schema\/logo\/image\/\"},\"sameAs\":[\"https:\/\/www.facebook.com\/skaitytaknyga\/\"]}]}<\/script>\n<!-- \/ Yoast SEO plugin. -->","yoast_head_json":{"title":"\u017dod\u017eiai","description":"De\u0161imtmet\u0117 Keil\u0117 Ren nekalba. Nuo tada, kai narkoman\u0117 mama i\u0161\u0117jo ir paliko j\u0105 atokioje trobel\u0117je, apsuptoje auk\u0161t\u0173 sekvoj\u0173, gyventi su \u017emogumi, pavojingu","robots":{"index":"index","follow":"follow","max-snippet":"max-snippet:-1","max-image-preview":"max-image-preview:large","max-video-preview":"max-video-preview:-1"},"canonical":"https:\/\/skaitytaknyga.lt\/en\/produktas\/ginny-l-yttrup-zodziai\/","og_locale":"en_GB","og_type":"article","og_title":"[:lt]\u017dod\u017eiai[:] - Skaitytaknyga","og_description":"De\u0161imtmet\u0117 Keil\u0117 Ren nekalba. Nuo tada, kai narkoman\u0117 mama i\u0161\u0117jo ir paliko j\u0105 atokioje trobel\u0117je, apsuptoje auk\u0161t\u0173 sekvoj\u0173, gyventi su \u017emogumi, pavojingu","og_url":"https:\/\/skaitytaknyga.lt\/en\/produktas\/ginny-l-yttrup-zodziai\/","og_site_name":"Skaitytaknyga","article_publisher":"https:\/\/www.facebook.com\/skaitytaknyga\/","article_modified_time":"2025-06-13T16:30:43+00:00","og_image":[{"width":500,"height":722,"url":"https:\/\/skaitytaknyga.lt\/wp-content\/uploads\/2024\/09\/Zodziai2.webp","type":"image\/webp"}],"twitter_card":"summary_large_image","twitter_misc":{"Estimated reading time":"2 minutes"},"schema":{"@context":"https:\/\/schema.org","@graph":[{"@type":"WebPage","@id":"https:\/\/skaitytaknyga.lt\/produktas\/ginny-l-yttrup-zodziai\/","url":"https:\/\/skaitytaknyga.lt\/produktas\/ginny-l-yttrup-zodziai\/","name":"\u017dod\u017eiai","isPartOf":{"@id":"https:\/\/skaitytaknyga.lt\/#website"},"primaryImageOfPage":{"@id":"https:\/\/skaitytaknyga.lt\/produktas\/ginny-l-yttrup-zodziai\/#primaryimage"},"image":{"@id":"https:\/\/skaitytaknyga.lt\/produktas\/ginny-l-yttrup-zodziai\/#primaryimage"},"thumbnailUrl":"https:\/\/skaitytaknyga.lt\/wp-content\/uploads\/2024\/09\/Zodziai2.webp","datePublished":"2024-05-11T10:10:19+00:00","dateModified":"2025-06-13T16:30:43+00:00","description":"De\u0161imtmet\u0117 Keil\u0117 Ren nekalba. Nuo tada, kai narkoman\u0117 mama i\u0161\u0117jo ir paliko j\u0105 atokioje trobel\u0117je, apsuptoje auk\u0161t\u0173 sekvoj\u0173, gyventi su \u017emogumi, pavojingu","breadcrumb":{"@id":"https:\/\/skaitytaknyga.lt\/produktas\/ginny-l-yttrup-zodziai\/#breadcrumb"},"inLanguage":"en-GB","potentialAction":[{"@type":"ReadAction","target":["https:\/\/skaitytaknyga.lt\/produktas\/ginny-l-yttrup-zodziai\/"]}]},{"@type":"ImageObject","inLanguage":"en-GB","@id":"https:\/\/skaitytaknyga.lt\/produktas\/ginny-l-yttrup-zodziai\/#primaryimage","url":"https:\/\/skaitytaknyga.lt\/wp-content\/uploads\/2024\/09\/Zodziai2.webp","contentUrl":"https:\/\/skaitytaknyga.lt\/wp-content\/uploads\/2024\/09\/Zodziai2.webp","width":500,"height":722,"caption":"Ginny L.Yttrup \u201e\u017dod\u017eiai\u201c"},{"@type":"BreadcrumbList","@id":"https:\/\/skaitytaknyga.lt\/produktas\/ginny-l-yttrup-zodziai\/#breadcrumb","itemListElement":[{"@type":"ListItem","position":1,"name":"Home","item":"https:\/\/skaitytaknyga.lt\/"},{"@type":"ListItem","position":2,"name":"Parduotuv\u0117","item":"https:\/\/skaitytaknyga.lt\/knygu-parduotuve\/"},{"@type":"ListItem","position":3,"name":"\u017dod\u017eiai"}]},{"@type":"WebSite","@id":"https:\/\/skaitytaknyga.lt\/#website","url":"https:\/\/skaitytaknyga.lt\/","name":"skaitytaknyga.lt","description":"Skaitytaknyga.lt \u2013 tai ma\u017eas \u0161eimos verslas, kuris prasid\u0117jo nuo meil\u0117s knygoms ir siekio i\u0161gelb\u0117ti knygas nuo likimo prie konteinerio. Kas vienam nereikalingas daiktas \u2013 kitam lobis, o mes esame tarpininkai, kurie padeda abiems tapti laimingesniems ???? \u017dinome kaip nelengva i\u0161gyventi ma\u017eiems verslams, tad nuo \u0161iol, \u010dia rasite ir kit\u0173, ma\u017e\u0173 \u0161eim\u0173 versl\u0173, rank\u0173 darbo, dovan\u0173 sau ir artimiesiems.","publisher":{"@id":"https:\/\/skaitytaknyga.lt\/#organization"},"potentialAction":[{"@type":"SearchAction","target":{"@type":"EntryPoint","urlTemplate":"https:\/\/skaitytaknyga.lt\/?s={search_term_string}"},"query-input":{"@type":"PropertyValueSpecification","valueRequired":true,"valueName":"search_term_string"}}],"inLanguage":"en-GB"},{"@type":"Organization","@id":"https:\/\/skaitytaknyga.lt\/#organization","name":"skaitytaknyga.lt","url":"https:\/\/skaitytaknyga.lt\/","logo":{"@type":"ImageObject","inLanguage":"en-GB","@id":"https:\/\/skaitytaknyga.lt\/#\/schema\/logo\/image\/","url":"https:\/\/skaitytaknyga.lt\/wp-content\/uploads\/2024\/05\/cropped-cropped-cropped-02_00843_jt3bggkj1j3HLc7SyY6rEUpg.jpeg","contentUrl":"https:\/\/skaitytaknyga.lt\/wp-content\/uploads\/2024\/05\/cropped-cropped-cropped-02_00843_jt3bggkj1j3HLc7SyY6rEUpg.jpeg","width":1600,"height":1600,"caption":"skaitytaknyga.lt"},"image":{"@id":"https:\/\/skaitytaknyga.lt\/#\/schema\/logo\/image\/"},"sameAs":["https:\/\/www.facebook.com\/skaitytaknyga\/"]}]}},"_links":{"self":[{"href":"https:\/\/skaitytaknyga.lt\/en\/wp-json\/wp\/v2\/product\/13920","targetHints":{"allow":["GET"]}}],"collection":[{"href":"https:\/\/skaitytaknyga.lt\/en\/wp-json\/wp\/v2\/product"}],"about":[{"href":"https:\/\/skaitytaknyga.lt\/en\/wp-json\/wp\/v2\/types\/product"}],"replies":[{"embeddable":true,"href":"https:\/\/skaitytaknyga.lt\/en\/wp-json\/wp\/v2\/comments?post=13920"}],"wp:featuredmedia":[{"embeddable":true,"href":"https:\/\/skaitytaknyga.lt\/en\/wp-json\/wp\/v2\/media\/13927"}],"wp:attachment":[{"href":"https:\/\/skaitytaknyga.lt\/en\/wp-json\/wp\/v2\/media?parent=13920"}],"wp:term":[{"taxonomy":"product_brand","embeddable":true,"href":"https:\/\/skaitytaknyga.lt\/en\/wp-json\/wp\/v2\/product_brand?post=13920"},{"taxonomy":"product_cat","embeddable":true,"href":"https:\/\/skaitytaknyga.lt\/en\/wp-json\/wp\/v2\/product_cat?post=13920"},{"taxonomy":"product_tag","embeddable":true,"href":"https:\/\/skaitytaknyga.lt\/en\/wp-json\/wp\/v2\/product_tag?post=13920"}],"curies":[{"name":"wp","href":"https:\/\/api.w.org\/{rel}","templated":true}]}}