{"id":13919,"date":"2024-09-11T13:10:19","date_gmt":"2024-09-11T10:10:19","guid":{"rendered":"https:\/\/skaitytaknyga.lt\/?post_type=product&#038;p=13919"},"modified":"2025-10-08T19:14:30","modified_gmt":"2025-10-08T16:14:30","slug":"christopher-mcdougall-gime-begti","status":"publish","type":"product","link":"https:\/\/skaitytaknyga.lt\/en\/produktas\/christopher-mcdougall-gime-begti\/","title":{"rendered":"Christopher McDougall \u201eGim\u0119 b\u0117gti\u201c (pagelt\u0119 lapai)"},"content":{"rendered":"<p>Ne\u012ftik\u0117tin\u0173 veik\u0117j\u0173, steb\u0117tin\u0173 atletini\u0173 pasiekim\u0173, naujausi\u0173 mokslo atradim\u0173 ir, svarbiausia \u2013 \u012fkv\u0117pimo kupina knyga Gim\u0119 b\u0117gti yra \u012fsp\u016bdingas nuotykis, prasid\u0117j\u0119s nuo paprasto klausimo: kod\u0117l man skauda p\u0117d\u0105?<\/p>\n<p>Siekdamas rasti atsakym\u0105 Christopheris McDougallas i\u0161keliauja ie\u0161koti i\u0161tvermingiausi\u0173 pasaulio b\u0117gik\u0173, ima ai\u0161kintis j\u0173 paslaptis ir \u012fsitikina, kad viskas, k\u0105 \u017einojome apie b\u0117gim\u0105, yra netiesa. Izoliuoti at\u0161iauri\u0173 Meksikos Vakar\u0173 Siera Madr\u0117s kaln\u0173, Vario kanjone gyvena B\u0117gan\u010diais \u017dmon\u0117mis save vadinantys ind\u0117nai tarahumarai. Jie ilgus am\u017eius i\u0161saugojo b\u0117gimo technik\u0105, kuri leid\u017eia \u012fveikti \u0161imtus myli\u0173 be poilsio ir persekioti elni\u0105 ar\u2026olimpinio maratono b\u0117gik\u0105 m\u0117gaujantis kiekvienu kilometru.<\/p>\n<p>Ten b\u0117ga visi nuo jaun\u0173 vyr\u0173 iki mo\u010diu\u010di\u0173 ir i\u0161vengia to, kas persekioja \u0161iuolaikinius \u017emones, \u2013 streso bei lig\u0173. Padedamas Baltojo \u017dirgo, paslaptingo baltaod\u017eio, gyvenan\u010dio tarp ind\u0117n\u0173, autorius ne tik sugeb\u0117jo \u012fminti tarahumar\u0173 paslaptis, bet ir atrado savyje ultraatlet\u0105 ruo\u0161damasis gyvenimo i\u0161m\u0117ginimui \u2013 50 myli\u0173 lenktyn\u0117ms per kalnuot\u0105 vietov\u0119, kur ind\u0117nai var\u017e\u0117si su geriausiu pasaulio ultramaratonininku, dailia banglentininke ir basakoju b\u0117giku.<\/p>\n<ul class=\"about-product d-none d-xl-block mt-4\">\n<li><strong>Autorius:<\/strong>\u00a0Christopher McDougall<\/li>\n<li><strong>Leid\u0117jas:<\/strong>\u00a0Obuolys<\/li>\n<li><strong>Metai:<\/strong>\u00a02014<\/li>\n<li><strong>Puslapiai:<\/strong>\u00a0400<\/li>\n<li><strong>ISBN:<\/strong>\u00a09786094036767<\/li>\n<li><strong>Versijos kodas:<\/strong>\u00a0PT.<\/li>\n<li><strong>Formatas:<\/strong>\u00a014,5 x 21,4 cm, mink\u0161ti vir\u0161eliai<\/li>\n<li><strong>Kalba:<\/strong>\u00a0Lietuvi\u0173<\/li>\n<li><strong>Vert\u0117jas:<\/strong>\u00a0Rozita Znamenskait\u0117<\/li>\n<\/ul>\n","protected":false},"excerpt":{"rendered":"<p>Ne\u012ftik\u0117tin\u0173 veik\u0117j\u0173, steb\u0117tin\u0173 atletini\u0173 pasiekim\u0173, naujausi\u0173 mokslo atradim\u0173 ir, svarbiausia \u2013 \u012fkv\u0117pimo kupina knyga Gim\u0119 b\u0117gti yra \u012fsp\u016bdingas nuotykis, prasid\u0117j\u0119s nuo paprasto klausimo: kod\u0117l man skauda p\u0117d\u0105? Siekdamas rasti atsakym\u0105 Christopheris McDougallas i\u0161keliauja ie\u0161koti i\u0161tvermingiausi\u0173 pasaulio b\u0117gik\u0173, ima ai\u0161kintis j\u0173 paslaptis ir \u012fsitikina, kad viskas, k\u0105 \u017einojome apie b\u0117gim\u0105, yra netiesa. Izoliuoti at\u0161iauri\u0173 Meksikos Vakar\u0173 Siera Madr\u0117s kaln\u0173, Vario kanjone gyvena B\u0117gan\u010diais \u017dmon\u0117mis save vadinantys ind\u0117nai tarahumarai. Jie ilgus am\u017eius i\u0161saugojo b\u0117gimo technik\u0105, kuri leid\u017eia \u012fveikti \u0161imtus myli\u0173 be poilsio ir persekioti elni\u0105 ar\u2026olimpinio maratono b\u0117gik\u0105 m\u0117gaujantis kiekvienu kilometru. Ten b\u0117ga visi nuo jaun\u0173 vyr\u0173 iki mo\u010diu\u010di\u0173 ir i\u0161vengia to, kas persekioja \u0161iuolaikinius \u017emones, \u2013 streso bei lig\u0173. Padedamas Baltojo \u017dirgo, paslaptingo baltaod\u017eio, gyvenan\u010dio tarp ind\u0117n\u0173, autorius ne tik sugeb\u0117jo \u012fminti tarahumar\u0173 paslaptis, bet ir atrado savyje ultraatlet\u0105 ruo\u0161damasis gyvenimo i\u0161m\u0117ginimui \u2013 50 myli\u0173 lenktyn\u0117ms per kalnuot\u0105 vietov\u0119, kur ind\u0117nai var\u017e\u0117si su geriausiu pasaulio ultramaratonininku, dailia banglentininke ir basakoju b\u0117giku. Autorius:\u00a0Christopher McDougall Leid\u0117jas:\u00a0Obuolys Metai:\u00a02014 Puslapiai:\u00a0400 ISBN:\u00a09786094036767 Versijos kodas:\u00a0PT. Formatas:\u00a014,5 x 21,4 cm, mink\u0161ti vir\u0161eliai Kalba:\u00a0Lietuvi\u0173 Vert\u0117jas:\u00a0Rozita Znamenskait\u0117<\/p>\n","protected":false},"featured_media":13928,"comment_status":"open","ping_status":"closed","template":"","meta":{"_acf_changed":false,"site-sidebar-layout":"default","site-content-layout":"","ast-site-content-layout":"default","site-content-style":"default","site-sidebar-style":"default","ast-global-header-display":"","ast-banner-title-visibility":"","ast-main-header-display":"","ast-hfb-above-header-display":"","ast-hfb-below-header-display":"","ast-hfb-mobile-header-display":"","site-post-title":"","ast-breadcrumbs-content":"","ast-featured-img":"","footer-sml-layout":"","ast-disable-related-posts":"","theme-transparent-header-meta":"default","adv-header-id-meta":"","stick-header-meta":"","header-above-stick-meta":"","header-main-stick-meta":"","header-below-stick-meta":"","astra-migrate-meta-layouts":"set","ast-page-background-enabled":"default","ast-page-background-meta":{"desktop":{"background-color":"","background-image":"","background-repeat":"repeat","background-position":"center center","background-size":"auto","background-attachment":"scroll","background-type":"","background-media":"","overlay-type":"","overlay-color":"","overlay-opacity":"","overlay-gradient":""},"tablet":{"background-color":"","background-image":"","background-repeat":"repeat","background-position":"center center","background-size":"auto","background-attachment":"scroll","background-type":"","background-media":"","overlay-type":"","overlay-color":"","overlay-opacity":"","overlay-gradient":""},"mobile":{"background-color":"","background-image":"","background-repeat":"repeat","background-position":"center center","background-size":"auto","background-attachment":"scroll","background-type":"","background-media":"","overlay-type":"","overlay-color":"","overlay-opacity":"","overlay-gradient":""}},"ast-content-background-meta":{"desktop":{"background-color":"var(--ast-global-color-4)","background-image":"","background-repeat":"repeat","background-position":"center center","background-size":"auto","background-attachment":"scroll","background-type":"","background-media":"","overlay-type":"","overlay-color":"","overlay-opacity":"","overlay-gradient":""},"tablet":{"background-color":"var(--ast-global-color-4)","background-image":"","background-repeat":"repeat","background-position":"center center","background-size":"auto","background-attachment":"scroll","background-type":"","background-media":"","overlay-type":"","overlay-color":"","overlay-opacity":"","overlay-gradient":""},"mobile":{"background-color":"var(--ast-global-color-4)","background-image":"","background-repeat":"repeat","background-position":"center center","background-size":"auto","background-attachment":"scroll","background-type":"","background-media":"","overlay-type":"","overlay-color":"","overlay-opacity":"","overlay-gradient":""}}},"product_brand":[],"product_cat":[15,30],"product_tag":[],"class_list":{"0":"post-13919","1":"product","2":"type-product","3":"status-publish","4":"has-post-thumbnail","6":"product_cat-uncategorized","7":"product_cat-psichologija-ir-saviugda","8":"desktop-align-left","9":"tablet-align-left","10":"mobile-align-left","12":"first","13":"instock","14":"shipping-taxable","15":"purchasable","16":"product-type-simple"},"acf":[],"yoast_head":"<!-- This site is optimized with the Yoast SEO plugin v27.0 - https:\/\/yoast.com\/product\/yoast-seo-wordpress\/ -->\n<title>Christopher McDougall \u201eGim\u0119 b\u0117gti\u201c (pagelt\u0119 lapai)<\/title>\n<meta name=\"description\" content=\"Ne\u012ftik\u0117tin\u0173 veik\u0117j\u0173, steb\u0117tin\u0173 atletini\u0173 pasiekim\u0173, naujausi\u0173 mokslo atradim\u0173 ir, svarbiausia \u2013 \u012fkv\u0117pimo kupina knyga Gim\u0119 b\u0117gti yra \u012fsp\u016bdingas nuotykis,\" \/>\n<meta name=\"robots\" content=\"index, follow, max-snippet:-1, max-image-preview:large, max-video-preview:-1\" \/>\n<link rel=\"canonical\" href=\"https:\/\/skaitytaknyga.lt\/en\/produktas\/christopher-mcdougall-gime-begti\/\" \/>\n<meta property=\"og:locale\" content=\"en_GB\" \/>\n<meta property=\"og:locale:alternate\" content=\"lt_LT\" \/>\n<meta property=\"og:type\" content=\"article\" \/>\n<meta property=\"og:title\" content=\"Christopher McDougall \u201eGim\u0119 b\u0117gti\u201c (pagelt\u0119 lapai)\" \/>\n<meta property=\"og:description\" content=\"Ne\u012ftik\u0117tin\u0173 veik\u0117j\u0173, steb\u0117tin\u0173 atletini\u0173 pasiekim\u0173, naujausi\u0173 mokslo atradim\u0173 ir, svarbiausia \u2013 \u012fkv\u0117pimo kupina knyga Gim\u0119 b\u0117gti yra \u012fsp\u016bdingas nuotykis,\" \/>\n<meta property=\"og:url\" content=\"https:\/\/skaitytaknyga.lt\/en\/produktas\/christopher-mcdougall-gime-begti\/\" \/>\n<meta property=\"og:site_name\" content=\"Skaitytaknyga\" \/>\n<meta property=\"article:publisher\" content=\"https:\/\/www.facebook.com\/skaitytaknyga\/\" \/>\n<meta property=\"article:modified_time\" content=\"2025-10-08T16:14:30+00:00\" \/>\n<meta property=\"og:image\" content=\"https:\/\/skaitytaknyga.lt\/wp-content\/uploads\/2024\/09\/Gime-begti-\u2013-Christopher-McDougall.png\" \/>\n\t<meta property=\"og:image:width\" content=\"840\" \/>\n\t<meta property=\"og:image:height\" content=\"1265\" \/>\n\t<meta property=\"og:image:type\" content=\"image\/png\" \/>\n<meta name=\"twitter:card\" content=\"summary_large_image\" \/>\n<meta name=\"twitter:label1\" content=\"Estimated reading time\" \/>\n\t<meta name=\"twitter:data1\" content=\"2 minutes\" \/>\n<script type=\"application\/ld+json\" class=\"yoast-schema-graph\">{\"@context\":\"https:\/\/schema.org\",\"@graph\":[{\"@type\":\"WebPage\",\"@id\":\"https:\/\/skaitytaknyga.lt\/produktas\/christopher-mcdougall-gime-begti\/\",\"url\":\"https:\/\/skaitytaknyga.lt\/produktas\/christopher-mcdougall-gime-begti\/\",\"name\":\"Christopher McDougall \u201eGim\u0119 b\u0117gti\u201c (pagelt\u0119 lapai)\",\"isPartOf\":{\"@id\":\"https:\/\/skaitytaknyga.lt\/#website\"},\"primaryImageOfPage\":{\"@id\":\"https:\/\/skaitytaknyga.lt\/produktas\/christopher-mcdougall-gime-begti\/#primaryimage\"},\"image\":{\"@id\":\"https:\/\/skaitytaknyga.lt\/produktas\/christopher-mcdougall-gime-begti\/#primaryimage\"},\"thumbnailUrl\":\"https:\/\/skaitytaknyga.lt\/wp-content\/uploads\/2024\/09\/Gime-begti-\u2013-Christopher-McDougall.png\",\"datePublished\":\"2024-09-11T10:10:19+00:00\",\"dateModified\":\"2025-10-08T16:14:30+00:00\",\"description\":\"Ne\u012ftik\u0117tin\u0173 veik\u0117j\u0173, steb\u0117tin\u0173 atletini\u0173 pasiekim\u0173, naujausi\u0173 mokslo atradim\u0173 ir, svarbiausia \u2013 \u012fkv\u0117pimo kupina knyga Gim\u0119 b\u0117gti yra \u012fsp\u016bdingas nuotykis,\",\"breadcrumb\":{\"@id\":\"https:\/\/skaitytaknyga.lt\/produktas\/christopher-mcdougall-gime-begti\/#breadcrumb\"},\"inLanguage\":\"en-GB\",\"potentialAction\":[{\"@type\":\"ReadAction\",\"target\":[\"https:\/\/skaitytaknyga.lt\/produktas\/christopher-mcdougall-gime-begti\/\"]}]},{\"@type\":\"ImageObject\",\"inLanguage\":\"en-GB\",\"@id\":\"https:\/\/skaitytaknyga.lt\/produktas\/christopher-mcdougall-gime-begti\/#primaryimage\",\"url\":\"https:\/\/skaitytaknyga.lt\/wp-content\/uploads\/2024\/09\/Gime-begti-\u2013-Christopher-McDougall.png\",\"contentUrl\":\"https:\/\/skaitytaknyga.lt\/wp-content\/uploads\/2024\/09\/Gime-begti-\u2013-Christopher-McDougall.png\",\"width\":840,\"height\":1265,\"caption\":\"Gim\u0119 b\u0117gti \u2013 Christopher McDougall\"},{\"@type\":\"BreadcrumbList\",\"@id\":\"https:\/\/skaitytaknyga.lt\/produktas\/christopher-mcdougall-gime-begti\/#breadcrumb\",\"itemListElement\":[{\"@type\":\"ListItem\",\"position\":1,\"name\":\"Home\",\"item\":\"https:\/\/skaitytaknyga.lt\/\"},{\"@type\":\"ListItem\",\"position\":2,\"name\":\"Parduotuv\u0117\",\"item\":\"https:\/\/skaitytaknyga.lt\/knygu-parduotuve\/\"},{\"@type\":\"ListItem\",\"position\":3,\"name\":\"Christopher McDougall \u201eGim\u0119 b\u0117gti\u201c (pagelt\u0119 lapai)\"}]},{\"@type\":\"WebSite\",\"@id\":\"https:\/\/skaitytaknyga.lt\/#website\",\"url\":\"https:\/\/skaitytaknyga.lt\/\",\"name\":\"skaitytaknyga.lt\",\"description\":\"Skaitytaknyga.lt \u2013 tai ma\u017eas \u0161eimos verslas, kuris prasid\u0117jo nuo meil\u0117s knygoms ir siekio i\u0161gelb\u0117ti knygas nuo likimo prie konteinerio. Kas vienam nereikalingas daiktas \u2013 kitam lobis, o mes esame tarpininkai, kurie padeda abiems tapti laimingesniems ???? \u017dinome kaip nelengva i\u0161gyventi ma\u017eiems verslams, tad nuo \u0161iol, \u010dia rasite ir kit\u0173, ma\u017e\u0173 \u0161eim\u0173 versl\u0173, rank\u0173 darbo, dovan\u0173 sau ir artimiesiems.\",\"publisher\":{\"@id\":\"https:\/\/skaitytaknyga.lt\/#organization\"},\"potentialAction\":[{\"@type\":\"SearchAction\",\"target\":{\"@type\":\"EntryPoint\",\"urlTemplate\":\"https:\/\/skaitytaknyga.lt\/?s={search_term_string}\"},\"query-input\":{\"@type\":\"PropertyValueSpecification\",\"valueRequired\":true,\"valueName\":\"search_term_string\"}}],\"inLanguage\":\"en-GB\"},{\"@type\":\"Organization\",\"@id\":\"https:\/\/skaitytaknyga.lt\/#organization\",\"name\":\"skaitytaknyga.lt\",\"url\":\"https:\/\/skaitytaknyga.lt\/\",\"logo\":{\"@type\":\"ImageObject\",\"inLanguage\":\"en-GB\",\"@id\":\"https:\/\/skaitytaknyga.lt\/#\/schema\/logo\/image\/\",\"url\":\"https:\/\/skaitytaknyga.lt\/wp-content\/uploads\/2024\/05\/cropped-cropped-cropped-02_00843_jt3bggkj1j3HLc7SyY6rEUpg.jpeg\",\"contentUrl\":\"https:\/\/skaitytaknyga.lt\/wp-content\/uploads\/2024\/05\/cropped-cropped-cropped-02_00843_jt3bggkj1j3HLc7SyY6rEUpg.jpeg\",\"width\":1600,\"height\":1600,\"caption\":\"skaitytaknyga.lt\"},\"image\":{\"@id\":\"https:\/\/skaitytaknyga.lt\/#\/schema\/logo\/image\/\"},\"sameAs\":[\"https:\/\/www.facebook.com\/skaitytaknyga\/\"]}]}<\/script>\n<!-- \/ Yoast SEO plugin. -->","yoast_head_json":{"title":"Christopher McDougall \u201eGim\u0119 b\u0117gti\u201c (pagelt\u0119 lapai)","description":"Ne\u012ftik\u0117tin\u0173 veik\u0117j\u0173, steb\u0117tin\u0173 atletini\u0173 pasiekim\u0173, naujausi\u0173 mokslo atradim\u0173 ir, svarbiausia \u2013 \u012fkv\u0117pimo kupina knyga Gim\u0119 b\u0117gti yra \u012fsp\u016bdingas nuotykis,","robots":{"index":"index","follow":"follow","max-snippet":"max-snippet:-1","max-image-preview":"max-image-preview:large","max-video-preview":"max-video-preview:-1"},"canonical":"https:\/\/skaitytaknyga.lt\/en\/produktas\/christopher-mcdougall-gime-begti\/","og_locale":"en_GB","og_type":"article","og_title":"[:lt]Christopher McDougall \u201eGim\u0119 b\u0117gti\u201c (pagelt\u0119 lapai)[:] - Skaitytaknyga","og_description":"Ne\u012ftik\u0117tin\u0173 veik\u0117j\u0173, steb\u0117tin\u0173 atletini\u0173 pasiekim\u0173, naujausi\u0173 mokslo atradim\u0173 ir, svarbiausia \u2013 \u012fkv\u0117pimo kupina knyga Gim\u0119 b\u0117gti yra \u012fsp\u016bdingas nuotykis,","og_url":"https:\/\/skaitytaknyga.lt\/en\/produktas\/christopher-mcdougall-gime-begti\/","og_site_name":"Skaitytaknyga","article_publisher":"https:\/\/www.facebook.com\/skaitytaknyga\/","article_modified_time":"2025-10-08T16:14:30+00:00","og_image":[{"width":840,"height":1265,"url":"https:\/\/skaitytaknyga.lt\/wp-content\/uploads\/2024\/09\/Gime-begti-\u2013-Christopher-McDougall.png","type":"image\/png"}],"twitter_card":"summary_large_image","twitter_misc":{"Estimated reading time":"2 minutes"},"schema":{"@context":"https:\/\/schema.org","@graph":[{"@type":"WebPage","@id":"https:\/\/skaitytaknyga.lt\/produktas\/christopher-mcdougall-gime-begti\/","url":"https:\/\/skaitytaknyga.lt\/produktas\/christopher-mcdougall-gime-begti\/","name":"Christopher McDougall \u201eGim\u0119 b\u0117gti\u201c (pagelt\u0119 lapai)","isPartOf":{"@id":"https:\/\/skaitytaknyga.lt\/#website"},"primaryImageOfPage":{"@id":"https:\/\/skaitytaknyga.lt\/produktas\/christopher-mcdougall-gime-begti\/#primaryimage"},"image":{"@id":"https:\/\/skaitytaknyga.lt\/produktas\/christopher-mcdougall-gime-begti\/#primaryimage"},"thumbnailUrl":"https:\/\/skaitytaknyga.lt\/wp-content\/uploads\/2024\/09\/Gime-begti-\u2013-Christopher-McDougall.png","datePublished":"2024-09-11T10:10:19+00:00","dateModified":"2025-10-08T16:14:30+00:00","description":"Ne\u012ftik\u0117tin\u0173 veik\u0117j\u0173, steb\u0117tin\u0173 atletini\u0173 pasiekim\u0173, naujausi\u0173 mokslo atradim\u0173 ir, svarbiausia \u2013 \u012fkv\u0117pimo kupina knyga Gim\u0119 b\u0117gti yra \u012fsp\u016bdingas nuotykis,","breadcrumb":{"@id":"https:\/\/skaitytaknyga.lt\/produktas\/christopher-mcdougall-gime-begti\/#breadcrumb"},"inLanguage":"en-GB","potentialAction":[{"@type":"ReadAction","target":["https:\/\/skaitytaknyga.lt\/produktas\/christopher-mcdougall-gime-begti\/"]}]},{"@type":"ImageObject","inLanguage":"en-GB","@id":"https:\/\/skaitytaknyga.lt\/produktas\/christopher-mcdougall-gime-begti\/#primaryimage","url":"https:\/\/skaitytaknyga.lt\/wp-content\/uploads\/2024\/09\/Gime-begti-\u2013-Christopher-McDougall.png","contentUrl":"https:\/\/skaitytaknyga.lt\/wp-content\/uploads\/2024\/09\/Gime-begti-\u2013-Christopher-McDougall.png","width":840,"height":1265,"caption":"Gim\u0119 b\u0117gti \u2013 Christopher McDougall"},{"@type":"BreadcrumbList","@id":"https:\/\/skaitytaknyga.lt\/produktas\/christopher-mcdougall-gime-begti\/#breadcrumb","itemListElement":[{"@type":"ListItem","position":1,"name":"Home","item":"https:\/\/skaitytaknyga.lt\/"},{"@type":"ListItem","position":2,"name":"Parduotuv\u0117","item":"https:\/\/skaitytaknyga.lt\/knygu-parduotuve\/"},{"@type":"ListItem","position":3,"name":"Christopher McDougall \u201eGim\u0119 b\u0117gti\u201c (pagelt\u0119 lapai)"}]},{"@type":"WebSite","@id":"https:\/\/skaitytaknyga.lt\/#website","url":"https:\/\/skaitytaknyga.lt\/","name":"skaitytaknyga.lt","description":"Skaitytaknyga.lt \u2013 tai ma\u017eas \u0161eimos verslas, kuris prasid\u0117jo nuo meil\u0117s knygoms ir siekio i\u0161gelb\u0117ti knygas nuo likimo prie konteinerio. Kas vienam nereikalingas daiktas \u2013 kitam lobis, o mes esame tarpininkai, kurie padeda abiems tapti laimingesniems ???? \u017dinome kaip nelengva i\u0161gyventi ma\u017eiems verslams, tad nuo \u0161iol, \u010dia rasite ir kit\u0173, ma\u017e\u0173 \u0161eim\u0173 versl\u0173, rank\u0173 darbo, dovan\u0173 sau ir artimiesiems.","publisher":{"@id":"https:\/\/skaitytaknyga.lt\/#organization"},"potentialAction":[{"@type":"SearchAction","target":{"@type":"EntryPoint","urlTemplate":"https:\/\/skaitytaknyga.lt\/?s={search_term_string}"},"query-input":{"@type":"PropertyValueSpecification","valueRequired":true,"valueName":"search_term_string"}}],"inLanguage":"en-GB"},{"@type":"Organization","@id":"https:\/\/skaitytaknyga.lt\/#organization","name":"skaitytaknyga.lt","url":"https:\/\/skaitytaknyga.lt\/","logo":{"@type":"ImageObject","inLanguage":"en-GB","@id":"https:\/\/skaitytaknyga.lt\/#\/schema\/logo\/image\/","url":"https:\/\/skaitytaknyga.lt\/wp-content\/uploads\/2024\/05\/cropped-cropped-cropped-02_00843_jt3bggkj1j3HLc7SyY6rEUpg.jpeg","contentUrl":"https:\/\/skaitytaknyga.lt\/wp-content\/uploads\/2024\/05\/cropped-cropped-cropped-02_00843_jt3bggkj1j3HLc7SyY6rEUpg.jpeg","width":1600,"height":1600,"caption":"skaitytaknyga.lt"},"image":{"@id":"https:\/\/skaitytaknyga.lt\/#\/schema\/logo\/image\/"},"sameAs":["https:\/\/www.facebook.com\/skaitytaknyga\/"]}]}},"_links":{"self":[{"href":"https:\/\/skaitytaknyga.lt\/en\/wp-json\/wp\/v2\/product\/13919","targetHints":{"allow":["GET"]}}],"collection":[{"href":"https:\/\/skaitytaknyga.lt\/en\/wp-json\/wp\/v2\/product"}],"about":[{"href":"https:\/\/skaitytaknyga.lt\/en\/wp-json\/wp\/v2\/types\/product"}],"replies":[{"embeddable":true,"href":"https:\/\/skaitytaknyga.lt\/en\/wp-json\/wp\/v2\/comments?post=13919"}],"wp:featuredmedia":[{"embeddable":true,"href":"https:\/\/skaitytaknyga.lt\/en\/wp-json\/wp\/v2\/media\/13928"}],"wp:attachment":[{"href":"https:\/\/skaitytaknyga.lt\/en\/wp-json\/wp\/v2\/media?parent=13919"}],"wp:term":[{"taxonomy":"product_brand","embeddable":true,"href":"https:\/\/skaitytaknyga.lt\/en\/wp-json\/wp\/v2\/product_brand?post=13919"},{"taxonomy":"product_cat","embeddable":true,"href":"https:\/\/skaitytaknyga.lt\/en\/wp-json\/wp\/v2\/product_cat?post=13919"},{"taxonomy":"product_tag","embeddable":true,"href":"https:\/\/skaitytaknyga.lt\/en\/wp-json\/wp\/v2\/product_tag?post=13919"}],"curies":[{"name":"wp","href":"https:\/\/api.w.org\/{rel}","templated":true}]}}