{"id":13918,"date":"2024-09-11T13:10:19","date_gmt":"2024-09-11T10:10:19","guid":{"rendered":"https:\/\/skaitytaknyga.lt\/?post_type=product&#038;p=13918"},"modified":"2024-09-11T13:27:55","modified_gmt":"2024-09-11T10:27:55","slug":"monikos-mironaites-gyvenimo-romanas","status":"publish","type":"product","link":"https:\/\/skaitytaknyga.lt\/en\/produktas\/monikos-mironaites-gyvenimo-romanas\/","title":{"rendered":"Monikos Mironait\u0117s gyvenimo romanas"},"content":{"rendered":"<p>Monika Mironait\u0117 \u2013 aktor\u0117, jau Antrojo pasaulinio karo metais tapusi teatro legenda, ir tai buvo jos laim\u0117 ir nelaim\u0117. Apie j\u0105 sakydavo, kad ji pati nesibaigiantis, niekad nenutr\u016bkstantis teatras. Tad \u0161i knyga \u2013 dar kart\u0105 u\u017esi\u017eiebiantys pro\u017eektoriai, ap\u0161vie\u010diantys gyvenim\u0105-scen\u0105, kur karaliavo Did\u017eioji Monika. Dagn\u0117 Jak\u0161evi\u010di\u016bt\u0117, b\u016bdama ne tik dukra, bet ir aktor\u0117, bando savo knyga t\u0105 legend\u0105 sukonkretinti i\u0161 vidaus, i\u0161 gyvenimo scenos u\u017ekulisi\u0173, i\u0161 nam\u0173 aplinkos. Namuose taip pat da\u017enai b\u016bta teatro, dramaturgin\u0117s intrigos, tod\u0117l knyga ir vadinasi ne memuarai, atsiminimai, o romanas.<\/p>\n<p>Monika Mironait\u0117 vis\u0105 gyvenim\u0105 be paliovos k\u0105 nors myl\u0117jo \u2013 da\u017enai rizikingai, nuod\u0117mingai, ir tai k\u016br\u0117 jos gyvenimo siu\u017eetus. Dramatin\u0119 \u012ftamp\u0105 stiprina tai, kad net ir taip gyvendama ji n\u0117 akimirkai nei\u0161si\u017ead\u0117jo auk\u0161\u010diausi\u0173 moralini\u0173, etini\u0173 princip\u0173 \u2013 tiek scenoje, tiek ir gyvenime. Tai l\u0117m\u0117 jos klajones per daugel\u012f ne tik Lietuvos teatr\u0173. \u0160iandien jau ne kiekvienas prisimena Monik\u0105 Mironait\u0119 scenoje, jos vaidybos magij\u0105 (vien d\u0117l jos minios ver\u017edavosi \u012f spektaklius), d\u0117l to \u0161i knyga dar vertingesn\u0117.<\/p>\n<p>Sant\u016br\u0173, gal net asketi\u0161k\u0105 D. Jak\u0161evi\u010di\u016bt\u0117s stili\u0173 atperka autenti\u0161kumas \u2013 juk visa tai, kas ra\u0161oma romane, artimiausio Monikos Mironait\u0117s \u017emogaus matyta, patirta, i\u0161gyventa. Knygoje \u0161m\u0117k\u0161\u010dioja \u012fsp\u016bdingi Monikos Mironait\u0117s vyro Juozo Baltu\u0161io, poeto Eduardo Mie\u017eelai\u010dio, daugelio kit\u0173 ano meto aktori\u0173 ir re\u017eisieri\u0173 portret\u0173 kont\u016brai. \u0160i knyga vertinga ne tik teatrinio, bet ir literat\u016brinio gyvenimo istorijai.<\/p>\n<ul class=\"about-product d-none d-xl-block mt-4\">\n<li><strong>Autorius:<\/strong>\u00a0Dagn\u0117 Jak\u0161evi\u010di\u016bt\u0117<\/li>\n<li><strong>Leid\u0117jas:<\/strong>\u00a0Alma littera<\/li>\n<li><strong>Metai:<\/strong>\u00a02008<\/li>\n<li><strong>Puslapiai:<\/strong>\u00a0280<\/li>\n<li><strong>ISBN:<\/strong>\u00a09789955249580<\/li>\n<li><strong>Formatas:<\/strong>\u00a017,5 x 24,5 cm, kieti vir\u0161eliai<\/li>\n<li><strong>Kalba:<\/strong>\u00a0Lietuvi\u0173<\/li>\n<\/ul>\n","protected":false},"excerpt":{"rendered":"<p>Monika Mironait\u0117 \u2013 aktor\u0117, jau Antrojo pasaulinio karo metais tapusi teatro legenda, ir tai buvo jos laim\u0117 ir nelaim\u0117. Apie j\u0105 sakydavo, kad ji pati nesibaigiantis, niekad nenutr\u016bkstantis teatras. Tad \u0161i knyga \u2013 dar kart\u0105 u\u017esi\u017eiebiantys pro\u017eektoriai, ap\u0161vie\u010diantys gyvenim\u0105-scen\u0105, kur karaliavo Did\u017eioji Monika. Dagn\u0117 Jak\u0161evi\u010di\u016bt\u0117, b\u016bdama ne tik dukra, bet ir aktor\u0117, bando savo knyga t\u0105 legend\u0105 sukonkretinti i\u0161 vidaus, i\u0161 gyvenimo scenos u\u017ekulisi\u0173, i\u0161 nam\u0173 aplinkos. Namuose taip pat da\u017enai b\u016bta teatro, dramaturgin\u0117s intrigos, tod\u0117l knyga ir vadinasi ne memuarai, atsiminimai, o romanas. Monika Mironait\u0117 vis\u0105 gyvenim\u0105 be paliovos k\u0105 nors myl\u0117jo \u2013 da\u017enai rizikingai, nuod\u0117mingai, ir tai k\u016br\u0117 jos gyvenimo siu\u017eetus. Dramatin\u0119 \u012ftamp\u0105 stiprina tai, kad net ir taip gyvendama ji n\u0117 akimirkai nei\u0161si\u017ead\u0117jo auk\u0161\u010diausi\u0173 moralini\u0173, etini\u0173 princip\u0173 \u2013 tiek scenoje, tiek ir gyvenime. Tai l\u0117m\u0117 jos klajones per daugel\u012f ne tik Lietuvos teatr\u0173. \u0160iandien jau ne kiekvienas prisimena Monik\u0105 Mironait\u0119 scenoje, jos vaidybos magij\u0105 (vien d\u0117l jos minios ver\u017edavosi \u012f spektaklius), d\u0117l to \u0161i knyga dar vertingesn\u0117. Sant\u016br\u0173, gal net asketi\u0161k\u0105 D. Jak\u0161evi\u010di\u016bt\u0117s stili\u0173 atperka autenti\u0161kumas \u2013 juk visa tai, kas ra\u0161oma romane, artimiausio Monikos Mironait\u0117s \u017emogaus matyta, patirta, i\u0161gyventa. Knygoje \u0161m\u0117k\u0161\u010dioja \u012fsp\u016bdingi Monikos Mironait\u0117s vyro Juozo Baltu\u0161io, poeto Eduardo Mie\u017eelai\u010dio, daugelio kit\u0173 ano meto aktori\u0173 ir re\u017eisieri\u0173 portret\u0173 kont\u016brai. \u0160i knyga vertinga ne tik teatrinio, bet ir literat\u016brinio gyvenimo istorijai. Autorius:\u00a0Dagn\u0117 Jak\u0161evi\u010di\u016bt\u0117 Leid\u0117jas:\u00a0Alma littera Metai:\u00a02008 Puslapiai:\u00a0280 ISBN:\u00a09789955249580 Formatas:\u00a017,5 x 24,5 cm, kieti vir\u0161eliai Kalba:\u00a0Lietuvi\u0173<\/p>\n","protected":false},"featured_media":13929,"comment_status":"open","ping_status":"closed","template":"","meta":{"_acf_changed":false,"site-sidebar-layout":"default","site-content-layout":"","ast-site-content-layout":"default","site-content-style":"default","site-sidebar-style":"default","ast-global-header-display":"","ast-banner-title-visibility":"","ast-main-header-display":"","ast-hfb-above-header-display":"","ast-hfb-below-header-display":"","ast-hfb-mobile-header-display":"","site-post-title":"","ast-breadcrumbs-content":"","ast-featured-img":"","footer-sml-layout":"","ast-disable-related-posts":"","theme-transparent-header-meta":"default","adv-header-id-meta":"","stick-header-meta":"","header-above-stick-meta":"","header-main-stick-meta":"","header-below-stick-meta":"","astra-migrate-meta-layouts":"set","ast-page-background-enabled":"default","ast-page-background-meta":{"desktop":{"background-color":"","background-image":"","background-repeat":"repeat","background-position":"center center","background-size":"auto","background-attachment":"scroll","background-type":"","background-media":"","overlay-type":"","overlay-color":"","overlay-opacity":"","overlay-gradient":""},"tablet":{"background-color":"","background-image":"","background-repeat":"repeat","background-position":"center center","background-size":"auto","background-attachment":"scroll","background-type":"","background-media":"","overlay-type":"","overlay-color":"","overlay-opacity":"","overlay-gradient":""},"mobile":{"background-color":"","background-image":"","background-repeat":"repeat","background-position":"center center","background-size":"auto","background-attachment":"scroll","background-type":"","background-media":"","overlay-type":"","overlay-color":"","overlay-opacity":"","overlay-gradient":""}},"ast-content-background-meta":{"desktop":{"background-color":"var(--ast-global-color-4)","background-image":"","background-repeat":"repeat","background-position":"center center","background-size":"auto","background-attachment":"scroll","background-type":"","background-media":"","overlay-type":"","overlay-color":"","overlay-opacity":"","overlay-gradient":""},"tablet":{"background-color":"var(--ast-global-color-4)","background-image":"","background-repeat":"repeat","background-position":"center center","background-size":"auto","background-attachment":"scroll","background-type":"","background-media":"","overlay-type":"","overlay-color":"","overlay-opacity":"","overlay-gradient":""},"mobile":{"background-color":"var(--ast-global-color-4)","background-image":"","background-repeat":"repeat","background-position":"center center","background-size":"auto","background-attachment":"scroll","background-type":"","background-media":"","overlay-type":"","overlay-color":"","overlay-opacity":"","overlay-gradient":""}}},"product_brand":[],"product_cat":[33,15],"product_tag":[],"class_list":{"0":"post-13918","1":"product","2":"type-product","3":"status-publish","4":"has-post-thumbnail","6":"product_cat-biografijos","7":"product_cat-uncategorized","8":"desktop-align-left","9":"tablet-align-left","10":"mobile-align-left","12":"first","13":"instock","14":"shipping-taxable","15":"purchasable","16":"product-type-simple"},"acf":[],"yoast_head":"<!-- This site is optimized with the Yoast SEO plugin v27.0 - https:\/\/yoast.com\/product\/yoast-seo-wordpress\/ -->\n<title>Monikos Mironait\u0117s gyvenimo romanas<\/title>\n<meta name=\"description\" content=\"Monika Mironait\u0117 \u2013 aktor\u0117, jau Antrojo pasaulinio karo metais tapusi teatro legenda, ir tai buvo jos laim\u0117 ir nelaim\u0117. Apie j\u0105 sakydavo, kad ji pati\" \/>\n<meta name=\"robots\" content=\"index, follow, max-snippet:-1, max-image-preview:large, max-video-preview:-1\" \/>\n<link rel=\"canonical\" href=\"https:\/\/skaitytaknyga.lt\/en\/produktas\/monikos-mironaites-gyvenimo-romanas\/\" \/>\n<meta property=\"og:locale\" content=\"en_GB\" \/>\n<meta property=\"og:locale:alternate\" content=\"lt_LT\" \/>\n<meta property=\"og:type\" content=\"article\" \/>\n<meta property=\"og:title\" content=\"Monikos Mironait\u0117s gyvenimo romanas\" \/>\n<meta property=\"og:description\" content=\"Monika Mironait\u0117 \u2013 aktor\u0117, jau Antrojo pasaulinio karo metais tapusi teatro legenda, ir tai buvo jos laim\u0117 ir nelaim\u0117. Apie j\u0105 sakydavo, kad ji pati\" \/>\n<meta property=\"og:url\" content=\"https:\/\/skaitytaknyga.lt\/en\/produktas\/monikos-mironaites-gyvenimo-romanas\/\" \/>\n<meta property=\"og:site_name\" content=\"Skaitytaknyga\" \/>\n<meta property=\"article:publisher\" content=\"https:\/\/www.facebook.com\/skaitytaknyga\/\" \/>\n<meta property=\"article:modified_time\" content=\"2024-09-11T10:27:55+00:00\" \/>\n<meta property=\"og:image\" content=\"https:\/\/skaitytaknyga.lt\/wp-content\/uploads\/2024\/09\/Monikos-Mironaites-gyvenimo-romanas.webp\" \/>\n\t<meta property=\"og:image:width\" content=\"291\" \/>\n\t<meta property=\"og:image:height\" content=\"391\" \/>\n\t<meta property=\"og:image:type\" content=\"image\/webp\" \/>\n<meta name=\"twitter:card\" content=\"summary_large_image\" \/>\n<meta name=\"twitter:label1\" content=\"Estimated reading time\" \/>\n\t<meta name=\"twitter:data1\" content=\"2 minutes\" \/>\n<script type=\"application\/ld+json\" class=\"yoast-schema-graph\">{\"@context\":\"https:\/\/schema.org\",\"@graph\":[{\"@type\":\"WebPage\",\"@id\":\"https:\/\/skaitytaknyga.lt\/produktas\/monikos-mironaites-gyvenimo-romanas\/\",\"url\":\"https:\/\/skaitytaknyga.lt\/produktas\/monikos-mironaites-gyvenimo-romanas\/\",\"name\":\"Monikos Mironait\u0117s gyvenimo romanas\",\"isPartOf\":{\"@id\":\"https:\/\/skaitytaknyga.lt\/#website\"},\"primaryImageOfPage\":{\"@id\":\"https:\/\/skaitytaknyga.lt\/produktas\/monikos-mironaites-gyvenimo-romanas\/#primaryimage\"},\"image\":{\"@id\":\"https:\/\/skaitytaknyga.lt\/produktas\/monikos-mironaites-gyvenimo-romanas\/#primaryimage\"},\"thumbnailUrl\":\"https:\/\/skaitytaknyga.lt\/wp-content\/uploads\/2024\/09\/Monikos-Mironaites-gyvenimo-romanas.webp\",\"datePublished\":\"2024-09-11T10:10:19+00:00\",\"dateModified\":\"2024-09-11T10:27:55+00:00\",\"description\":\"Monika Mironait\u0117 \u2013 aktor\u0117, jau Antrojo pasaulinio karo metais tapusi teatro legenda, ir tai buvo jos laim\u0117 ir nelaim\u0117. Apie j\u0105 sakydavo, kad ji pati\",\"breadcrumb\":{\"@id\":\"https:\/\/skaitytaknyga.lt\/produktas\/monikos-mironaites-gyvenimo-romanas\/#breadcrumb\"},\"inLanguage\":\"en-GB\",\"potentialAction\":[{\"@type\":\"ReadAction\",\"target\":[\"https:\/\/skaitytaknyga.lt\/produktas\/monikos-mironaites-gyvenimo-romanas\/\"]}]},{\"@type\":\"ImageObject\",\"inLanguage\":\"en-GB\",\"@id\":\"https:\/\/skaitytaknyga.lt\/produktas\/monikos-mironaites-gyvenimo-romanas\/#primaryimage\",\"url\":\"https:\/\/skaitytaknyga.lt\/wp-content\/uploads\/2024\/09\/Monikos-Mironaites-gyvenimo-romanas.webp\",\"contentUrl\":\"https:\/\/skaitytaknyga.lt\/wp-content\/uploads\/2024\/09\/Monikos-Mironaites-gyvenimo-romanas.webp\",\"width\":291,\"height\":391,\"caption\":\"Monikos Mironait\u0117s gyvenimo romanas\"},{\"@type\":\"BreadcrumbList\",\"@id\":\"https:\/\/skaitytaknyga.lt\/produktas\/monikos-mironaites-gyvenimo-romanas\/#breadcrumb\",\"itemListElement\":[{\"@type\":\"ListItem\",\"position\":1,\"name\":\"Home\",\"item\":\"https:\/\/skaitytaknyga.lt\/\"},{\"@type\":\"ListItem\",\"position\":2,\"name\":\"Parduotuv\u0117\",\"item\":\"https:\/\/skaitytaknyga.lt\/knygu-parduotuve\/\"},{\"@type\":\"ListItem\",\"position\":3,\"name\":\"Monikos Mironait\u0117s gyvenimo romanas\"}]},{\"@type\":\"WebSite\",\"@id\":\"https:\/\/skaitytaknyga.lt\/#website\",\"url\":\"https:\/\/skaitytaknyga.lt\/\",\"name\":\"skaitytaknyga.lt\",\"description\":\"Skaitytaknyga.lt \u2013 tai ma\u017eas \u0161eimos verslas, kuris prasid\u0117jo nuo meil\u0117s knygoms ir siekio i\u0161gelb\u0117ti knygas nuo likimo prie konteinerio. Kas vienam nereikalingas daiktas \u2013 kitam lobis, o mes esame tarpininkai, kurie padeda abiems tapti laimingesniems ???? \u017dinome kaip nelengva i\u0161gyventi ma\u017eiems verslams, tad nuo \u0161iol, \u010dia rasite ir kit\u0173, ma\u017e\u0173 \u0161eim\u0173 versl\u0173, rank\u0173 darbo, dovan\u0173 sau ir artimiesiems.\",\"publisher\":{\"@id\":\"https:\/\/skaitytaknyga.lt\/#organization\"},\"potentialAction\":[{\"@type\":\"SearchAction\",\"target\":{\"@type\":\"EntryPoint\",\"urlTemplate\":\"https:\/\/skaitytaknyga.lt\/?s={search_term_string}\"},\"query-input\":{\"@type\":\"PropertyValueSpecification\",\"valueRequired\":true,\"valueName\":\"search_term_string\"}}],\"inLanguage\":\"en-GB\"},{\"@type\":\"Organization\",\"@id\":\"https:\/\/skaitytaknyga.lt\/#organization\",\"name\":\"skaitytaknyga.lt\",\"url\":\"https:\/\/skaitytaknyga.lt\/\",\"logo\":{\"@type\":\"ImageObject\",\"inLanguage\":\"en-GB\",\"@id\":\"https:\/\/skaitytaknyga.lt\/#\/schema\/logo\/image\/\",\"url\":\"https:\/\/skaitytaknyga.lt\/wp-content\/uploads\/2024\/05\/cropped-cropped-cropped-02_00843_jt3bggkj1j3HLc7SyY6rEUpg.jpeg\",\"contentUrl\":\"https:\/\/skaitytaknyga.lt\/wp-content\/uploads\/2024\/05\/cropped-cropped-cropped-02_00843_jt3bggkj1j3HLc7SyY6rEUpg.jpeg\",\"width\":1600,\"height\":1600,\"caption\":\"skaitytaknyga.lt\"},\"image\":{\"@id\":\"https:\/\/skaitytaknyga.lt\/#\/schema\/logo\/image\/\"},\"sameAs\":[\"https:\/\/www.facebook.com\/skaitytaknyga\/\"]}]}<\/script>\n<!-- \/ Yoast SEO plugin. -->","yoast_head_json":{"title":"Monikos Mironait\u0117s gyvenimo romanas","description":"Monika Mironait\u0117 \u2013 aktor\u0117, jau Antrojo pasaulinio karo metais tapusi teatro legenda, ir tai buvo jos laim\u0117 ir nelaim\u0117. Apie j\u0105 sakydavo, kad ji pati","robots":{"index":"index","follow":"follow","max-snippet":"max-snippet:-1","max-image-preview":"max-image-preview:large","max-video-preview":"max-video-preview:-1"},"canonical":"https:\/\/skaitytaknyga.lt\/en\/produktas\/monikos-mironaites-gyvenimo-romanas\/","og_locale":"en_GB","og_type":"article","og_title":"[:lt]Monikos Mironait\u0117s gyvenimo romanas[:] - Skaitytaknyga","og_description":"Monika Mironait\u0117 \u2013 aktor\u0117, jau Antrojo pasaulinio karo metais tapusi teatro legenda, ir tai buvo jos laim\u0117 ir nelaim\u0117. Apie j\u0105 sakydavo, kad ji pati","og_url":"https:\/\/skaitytaknyga.lt\/en\/produktas\/monikos-mironaites-gyvenimo-romanas\/","og_site_name":"Skaitytaknyga","article_publisher":"https:\/\/www.facebook.com\/skaitytaknyga\/","article_modified_time":"2024-09-11T10:27:55+00:00","og_image":[{"width":291,"height":391,"url":"https:\/\/skaitytaknyga.lt\/wp-content\/uploads\/2024\/09\/Monikos-Mironaites-gyvenimo-romanas.webp","type":"image\/webp"}],"twitter_card":"summary_large_image","twitter_misc":{"Estimated reading time":"2 minutes"},"schema":{"@context":"https:\/\/schema.org","@graph":[{"@type":"WebPage","@id":"https:\/\/skaitytaknyga.lt\/produktas\/monikos-mironaites-gyvenimo-romanas\/","url":"https:\/\/skaitytaknyga.lt\/produktas\/monikos-mironaites-gyvenimo-romanas\/","name":"Monikos Mironait\u0117s gyvenimo romanas","isPartOf":{"@id":"https:\/\/skaitytaknyga.lt\/#website"},"primaryImageOfPage":{"@id":"https:\/\/skaitytaknyga.lt\/produktas\/monikos-mironaites-gyvenimo-romanas\/#primaryimage"},"image":{"@id":"https:\/\/skaitytaknyga.lt\/produktas\/monikos-mironaites-gyvenimo-romanas\/#primaryimage"},"thumbnailUrl":"https:\/\/skaitytaknyga.lt\/wp-content\/uploads\/2024\/09\/Monikos-Mironaites-gyvenimo-romanas.webp","datePublished":"2024-09-11T10:10:19+00:00","dateModified":"2024-09-11T10:27:55+00:00","description":"Monika Mironait\u0117 \u2013 aktor\u0117, jau Antrojo pasaulinio karo metais tapusi teatro legenda, ir tai buvo jos laim\u0117 ir nelaim\u0117. Apie j\u0105 sakydavo, kad ji pati","breadcrumb":{"@id":"https:\/\/skaitytaknyga.lt\/produktas\/monikos-mironaites-gyvenimo-romanas\/#breadcrumb"},"inLanguage":"en-GB","potentialAction":[{"@type":"ReadAction","target":["https:\/\/skaitytaknyga.lt\/produktas\/monikos-mironaites-gyvenimo-romanas\/"]}]},{"@type":"ImageObject","inLanguage":"en-GB","@id":"https:\/\/skaitytaknyga.lt\/produktas\/monikos-mironaites-gyvenimo-romanas\/#primaryimage","url":"https:\/\/skaitytaknyga.lt\/wp-content\/uploads\/2024\/09\/Monikos-Mironaites-gyvenimo-romanas.webp","contentUrl":"https:\/\/skaitytaknyga.lt\/wp-content\/uploads\/2024\/09\/Monikos-Mironaites-gyvenimo-romanas.webp","width":291,"height":391,"caption":"Monikos Mironait\u0117s gyvenimo romanas"},{"@type":"BreadcrumbList","@id":"https:\/\/skaitytaknyga.lt\/produktas\/monikos-mironaites-gyvenimo-romanas\/#breadcrumb","itemListElement":[{"@type":"ListItem","position":1,"name":"Home","item":"https:\/\/skaitytaknyga.lt\/"},{"@type":"ListItem","position":2,"name":"Parduotuv\u0117","item":"https:\/\/skaitytaknyga.lt\/knygu-parduotuve\/"},{"@type":"ListItem","position":3,"name":"Monikos Mironait\u0117s gyvenimo romanas"}]},{"@type":"WebSite","@id":"https:\/\/skaitytaknyga.lt\/#website","url":"https:\/\/skaitytaknyga.lt\/","name":"skaitytaknyga.lt","description":"Skaitytaknyga.lt \u2013 tai ma\u017eas \u0161eimos verslas, kuris prasid\u0117jo nuo meil\u0117s knygoms ir siekio i\u0161gelb\u0117ti knygas nuo likimo prie konteinerio. Kas vienam nereikalingas daiktas \u2013 kitam lobis, o mes esame tarpininkai, kurie padeda abiems tapti laimingesniems ???? \u017dinome kaip nelengva i\u0161gyventi ma\u017eiems verslams, tad nuo \u0161iol, \u010dia rasite ir kit\u0173, ma\u017e\u0173 \u0161eim\u0173 versl\u0173, rank\u0173 darbo, dovan\u0173 sau ir artimiesiems.","publisher":{"@id":"https:\/\/skaitytaknyga.lt\/#organization"},"potentialAction":[{"@type":"SearchAction","target":{"@type":"EntryPoint","urlTemplate":"https:\/\/skaitytaknyga.lt\/?s={search_term_string}"},"query-input":{"@type":"PropertyValueSpecification","valueRequired":true,"valueName":"search_term_string"}}],"inLanguage":"en-GB"},{"@type":"Organization","@id":"https:\/\/skaitytaknyga.lt\/#organization","name":"skaitytaknyga.lt","url":"https:\/\/skaitytaknyga.lt\/","logo":{"@type":"ImageObject","inLanguage":"en-GB","@id":"https:\/\/skaitytaknyga.lt\/#\/schema\/logo\/image\/","url":"https:\/\/skaitytaknyga.lt\/wp-content\/uploads\/2024\/05\/cropped-cropped-cropped-02_00843_jt3bggkj1j3HLc7SyY6rEUpg.jpeg","contentUrl":"https:\/\/skaitytaknyga.lt\/wp-content\/uploads\/2024\/05\/cropped-cropped-cropped-02_00843_jt3bggkj1j3HLc7SyY6rEUpg.jpeg","width":1600,"height":1600,"caption":"skaitytaknyga.lt"},"image":{"@id":"https:\/\/skaitytaknyga.lt\/#\/schema\/logo\/image\/"},"sameAs":["https:\/\/www.facebook.com\/skaitytaknyga\/"]}]}},"_links":{"self":[{"href":"https:\/\/skaitytaknyga.lt\/en\/wp-json\/wp\/v2\/product\/13918","targetHints":{"allow":["GET"]}}],"collection":[{"href":"https:\/\/skaitytaknyga.lt\/en\/wp-json\/wp\/v2\/product"}],"about":[{"href":"https:\/\/skaitytaknyga.lt\/en\/wp-json\/wp\/v2\/types\/product"}],"replies":[{"embeddable":true,"href":"https:\/\/skaitytaknyga.lt\/en\/wp-json\/wp\/v2\/comments?post=13918"}],"wp:featuredmedia":[{"embeddable":true,"href":"https:\/\/skaitytaknyga.lt\/en\/wp-json\/wp\/v2\/media\/13929"}],"wp:attachment":[{"href":"https:\/\/skaitytaknyga.lt\/en\/wp-json\/wp\/v2\/media?parent=13918"}],"wp:term":[{"taxonomy":"product_brand","embeddable":true,"href":"https:\/\/skaitytaknyga.lt\/en\/wp-json\/wp\/v2\/product_brand?post=13918"},{"taxonomy":"product_cat","embeddable":true,"href":"https:\/\/skaitytaknyga.lt\/en\/wp-json\/wp\/v2\/product_cat?post=13918"},{"taxonomy":"product_tag","embeddable":true,"href":"https:\/\/skaitytaknyga.lt\/en\/wp-json\/wp\/v2\/product_tag?post=13918"}],"curies":[{"name":"wp","href":"https:\/\/api.w.org\/{rel}","templated":true}]}}