{"id":13917,"date":"2024-09-11T13:10:18","date_gmt":"2024-09-11T10:10:18","guid":{"rendered":"https:\/\/skaitytaknyga.lt\/?post_type=product&#038;p=13917"},"modified":"2025-07-07T08:50:25","modified_gmt":"2025-07-07T05:50:25","slug":"ar-pilnas-tavo-kibiras-teigiamos-gyvenimo-ir-darbo-strategijos","status":"publish","type":"product","link":"https:\/\/skaitytaknyga.lt\/en\/produktas\/ar-pilnas-tavo-kibiras-teigiamos-gyvenimo-ir-darbo-strategijos\/","title":{"rendered":"Ar pilnas tavo kibiras: teigiamos gyvenimo ir darbo strategijos"},"content":{"rendered":"<p>KAIP JAUT\u0116T\u0116S PASKUTIN\u012e KART\u0104 SU KUO NORS BENDRAUDAMAS? Ar tas \u017emogus \u2013 sutuoktinis, geriausias draugas, bendradarbis ar netgi pa\u017e\u012fstamas \u2013 \u201epripild\u0117 J\u016bs\u0173 kibir\u0105\u201c ir privert\u0117 Jus pasijusti geriau? Ar tas asmuo \u201ei\u0161tu\u0161tino J\u016bs\u0173 kibir\u0105\u201c ir paliko nusiteikus\u012f blogiau nei prie\u0161 tai?<\/p>\n<p>\u201eAr pilnas tavo kibiras\u201c atskleid\u017eia, kaip netgi trumpos bendravimo akimirkos veikia tarpusavio santykius, produktyvum\u0105, sveikat\u0105 ir gyvenimo trukm\u0119. Pilna atradim\u0173, veiksming\u0173 strategij\u0173 ir \u017eavi\u0173 istorij\u0173 knyga, paremta net 50 met\u0173 trukusiais tyrimais, tikrai gali s\u0105lygoti ilgalaikius poky\u010dius ir gerokai padidinti teigiam\u0173 akimirk\u0173 skai\u010di\u0173 darbe bei gyvenime.<\/p>\n<ul class=\"about-product d-none d-xl-block mt-4\">\n<li><strong>Autorius:<\/strong>\u00a0Tom Rath,\u00a0Donald O. Clifton<\/li>\n<li><strong>Leid\u0117jas:<\/strong>\u00a0Alma littera<\/li>\n<li><strong>Metai:<\/strong>\u00a02008<\/li>\n<li><strong>Puslapiai:<\/strong>\u00a0127<\/li>\n<li><strong>ISBN:<\/strong>\u00a09789955248941<\/li>\n<li><strong>Versijos kodas:<\/strong>\u00a0PT.<\/li>\n<li><strong>Formatas:<\/strong>\u00a013 x 12,5 x 1972 cm, mink\u0161ti vir\u0161eliai<\/li>\n<li><strong>Kalba:<\/strong>\u00a0Lietuvi\u0173<\/li>\n<li><strong>Vert\u0117jas:<\/strong>\u00a0Inga Buteikien\u0117<\/li>\n<\/ul>\n","protected":false},"excerpt":{"rendered":"<p>KAIP JAUT\u0116T\u0116S PASKUTIN\u012e KART\u0104 SU KUO NORS BENDRAUDAMAS? Ar tas \u017emogus \u2013 sutuoktinis, geriausias draugas, bendradarbis ar netgi pa\u017e\u012fstamas \u2013 \u201epripild\u0117 J\u016bs\u0173 kibir\u0105\u201c ir privert\u0117 Jus pasijusti geriau? Ar tas asmuo \u201ei\u0161tu\u0161tino J\u016bs\u0173 kibir\u0105\u201c ir paliko nusiteikus\u012f blogiau nei prie\u0161 tai? \u201eAr pilnas tavo kibiras\u201c atskleid\u017eia, kaip netgi trumpos bendravimo akimirkos veikia tarpusavio santykius, produktyvum\u0105, sveikat\u0105 ir gyvenimo trukm\u0119. Pilna atradim\u0173, veiksming\u0173 strategij\u0173 ir \u017eavi\u0173 istorij\u0173 knyga, paremta net 50 met\u0173 trukusiais tyrimais, tikrai gali s\u0105lygoti ilgalaikius poky\u010dius ir gerokai padidinti teigiam\u0173 akimirk\u0173 skai\u010di\u0173 darbe bei gyvenime. Autorius:\u00a0Tom Rath,\u00a0Donald O. Clifton Leid\u0117jas:\u00a0Alma littera Metai:\u00a02008 Puslapiai:\u00a0127 ISBN:\u00a09789955248941 Versijos kodas:\u00a0PT. Formatas:\u00a013 x 12,5 x 1972 cm, mink\u0161ti vir\u0161eliai Kalba:\u00a0Lietuvi\u0173 Vert\u0117jas:\u00a0Inga Buteikien\u0117<\/p>\n","protected":false},"featured_media":13930,"comment_status":"open","ping_status":"closed","template":"","meta":{"_acf_changed":false,"site-sidebar-layout":"default","site-content-layout":"","ast-site-content-layout":"default","site-content-style":"default","site-sidebar-style":"default","ast-global-header-display":"","ast-banner-title-visibility":"","ast-main-header-display":"","ast-hfb-above-header-display":"","ast-hfb-below-header-display":"","ast-hfb-mobile-header-display":"","site-post-title":"","ast-breadcrumbs-content":"","ast-featured-img":"","footer-sml-layout":"","ast-disable-related-posts":"","theme-transparent-header-meta":"default","adv-header-id-meta":"","stick-header-meta":"","header-above-stick-meta":"","header-main-stick-meta":"","header-below-stick-meta":"","astra-migrate-meta-layouts":"set","ast-page-background-enabled":"default","ast-page-background-meta":{"desktop":{"background-color":"","background-image":"","background-repeat":"repeat","background-position":"center center","background-size":"auto","background-attachment":"scroll","background-type":"","background-media":"","overlay-type":"","overlay-color":"","overlay-opacity":"","overlay-gradient":""},"tablet":{"background-color":"","background-image":"","background-repeat":"repeat","background-position":"center center","background-size":"auto","background-attachment":"scroll","background-type":"","background-media":"","overlay-type":"","overlay-color":"","overlay-opacity":"","overlay-gradient":""},"mobile":{"background-color":"","background-image":"","background-repeat":"repeat","background-position":"center center","background-size":"auto","background-attachment":"scroll","background-type":"","background-media":"","overlay-type":"","overlay-color":"","overlay-opacity":"","overlay-gradient":""}},"ast-content-background-meta":{"desktop":{"background-color":"var(--ast-global-color-4)","background-image":"","background-repeat":"repeat","background-position":"center center","background-size":"auto","background-attachment":"scroll","background-type":"","background-media":"","overlay-type":"","overlay-color":"","overlay-opacity":"","overlay-gradient":""},"tablet":{"background-color":"var(--ast-global-color-4)","background-image":"","background-repeat":"repeat","background-position":"center center","background-size":"auto","background-attachment":"scroll","background-type":"","background-media":"","overlay-type":"","overlay-color":"","overlay-opacity":"","overlay-gradient":""},"mobile":{"background-color":"var(--ast-global-color-4)","background-image":"","background-repeat":"repeat","background-position":"center center","background-size":"auto","background-attachment":"scroll","background-type":"","background-media":"","overlay-type":"","overlay-color":"","overlay-opacity":"","overlay-gradient":""}}},"product_brand":[],"product_cat":[15,30],"product_tag":[],"class_list":{"0":"post-13917","1":"product","2":"type-product","3":"status-publish","4":"has-post-thumbnail","6":"product_cat-uncategorized","7":"product_cat-psichologija-ir-saviugda","8":"desktop-align-left","9":"tablet-align-left","10":"mobile-align-left","12":"first","13":"outofstock","14":"shipping-taxable","15":"purchasable","16":"product-type-simple"},"acf":[],"yoast_head":"<!-- This site is optimized with the Yoast SEO plugin v27.0 - https:\/\/yoast.com\/product\/yoast-seo-wordpress\/ -->\n<title>Ar pilnas tavo kibiras: teigiamos gyvenimo ir darbo strategijos<\/title>\n<meta name=\"description\" content=\"KAIP JAUT\u0116T\u0116S PASKUTIN\u012e KART\u0104 SU KUO NORS BENDRAUDAMAS? Ar tas \u017emogus \u2013 sutuoktinis, geriausias draugas, bendradarbis ar netgi pa\u017e\u012fstamas \u2013 \u201epripild\u0117 J\u016bs\u0173\" \/>\n<meta name=\"robots\" content=\"index, follow, max-snippet:-1, max-image-preview:large, max-video-preview:-1\" \/>\n<link rel=\"canonical\" href=\"https:\/\/skaitytaknyga.lt\/en\/produktas\/ar-pilnas-tavo-kibiras-teigiamos-gyvenimo-ir-darbo-strategijos\/\" \/>\n<meta property=\"og:locale\" content=\"en_GB\" \/>\n<meta property=\"og:locale:alternate\" content=\"lt_LT\" \/>\n<meta property=\"og:type\" content=\"article\" \/>\n<meta property=\"og:title\" content=\"Ar pilnas tavo kibiras: teigiamos gyvenimo ir darbo strategijos\" \/>\n<meta property=\"og:description\" content=\"KAIP JAUT\u0116T\u0116S PASKUTIN\u012e KART\u0104 SU KUO NORS BENDRAUDAMAS? Ar tas \u017emogus \u2013 sutuoktinis, geriausias draugas, bendradarbis ar netgi pa\u017e\u012fstamas \u2013 \u201epripild\u0117 J\u016bs\u0173\" \/>\n<meta property=\"og:url\" content=\"https:\/\/skaitytaknyga.lt\/en\/produktas\/ar-pilnas-tavo-kibiras-teigiamos-gyvenimo-ir-darbo-strategijos\/\" \/>\n<meta property=\"og:site_name\" content=\"Skaitytaknyga\" \/>\n<meta property=\"article:publisher\" content=\"https:\/\/www.facebook.com\/skaitytaknyga\/\" \/>\n<meta property=\"article:modified_time\" content=\"2025-07-07T05:50:25+00:00\" \/>\n<meta property=\"og:image\" content=\"https:\/\/skaitytaknyga.lt\/wp-content\/uploads\/2024\/09\/Ar-pilnas-tavo-kibiras-teigiamos-gyvenimo-ir-darbo-strategijos.webp\" \/>\n\t<meta property=\"og:image:width\" content=\"368\" \/>\n\t<meta property=\"og:image:height\" content=\"579\" \/>\n\t<meta property=\"og:image:type\" content=\"image\/webp\" \/>\n<meta name=\"twitter:card\" content=\"summary_large_image\" \/>\n<meta name=\"twitter:label1\" content=\"Estimated reading time\" \/>\n\t<meta name=\"twitter:data1\" content=\"1 minute\" \/>\n<script type=\"application\/ld+json\" class=\"yoast-schema-graph\">{\"@context\":\"https:\/\/schema.org\",\"@graph\":[{\"@type\":\"WebPage\",\"@id\":\"https:\/\/skaitytaknyga.lt\/produktas\/ar-pilnas-tavo-kibiras-teigiamos-gyvenimo-ir-darbo-strategijos\/\",\"url\":\"https:\/\/skaitytaknyga.lt\/produktas\/ar-pilnas-tavo-kibiras-teigiamos-gyvenimo-ir-darbo-strategijos\/\",\"name\":\"Ar pilnas tavo kibiras: teigiamos gyvenimo ir darbo strategijos\",\"isPartOf\":{\"@id\":\"https:\/\/skaitytaknyga.lt\/#website\"},\"primaryImageOfPage\":{\"@id\":\"https:\/\/skaitytaknyga.lt\/produktas\/ar-pilnas-tavo-kibiras-teigiamos-gyvenimo-ir-darbo-strategijos\/#primaryimage\"},\"image\":{\"@id\":\"https:\/\/skaitytaknyga.lt\/produktas\/ar-pilnas-tavo-kibiras-teigiamos-gyvenimo-ir-darbo-strategijos\/#primaryimage\"},\"thumbnailUrl\":\"https:\/\/skaitytaknyga.lt\/wp-content\/uploads\/2024\/09\/Ar-pilnas-tavo-kibiras-teigiamos-gyvenimo-ir-darbo-strategijos.webp\",\"datePublished\":\"2024-09-11T10:10:18+00:00\",\"dateModified\":\"2025-07-07T05:50:25+00:00\",\"description\":\"KAIP JAUT\u0116T\u0116S PASKUTIN\u012e KART\u0104 SU KUO NORS BENDRAUDAMAS? Ar tas \u017emogus \u2013 sutuoktinis, geriausias draugas, bendradarbis ar netgi pa\u017e\u012fstamas \u2013 \u201epripild\u0117 J\u016bs\u0173\",\"breadcrumb\":{\"@id\":\"https:\/\/skaitytaknyga.lt\/produktas\/ar-pilnas-tavo-kibiras-teigiamos-gyvenimo-ir-darbo-strategijos\/#breadcrumb\"},\"inLanguage\":\"en-GB\",\"potentialAction\":[{\"@type\":\"ReadAction\",\"target\":[\"https:\/\/skaitytaknyga.lt\/produktas\/ar-pilnas-tavo-kibiras-teigiamos-gyvenimo-ir-darbo-strategijos\/\"]}]},{\"@type\":\"ImageObject\",\"inLanguage\":\"en-GB\",\"@id\":\"https:\/\/skaitytaknyga.lt\/produktas\/ar-pilnas-tavo-kibiras-teigiamos-gyvenimo-ir-darbo-strategijos\/#primaryimage\",\"url\":\"https:\/\/skaitytaknyga.lt\/wp-content\/uploads\/2024\/09\/Ar-pilnas-tavo-kibiras-teigiamos-gyvenimo-ir-darbo-strategijos.webp\",\"contentUrl\":\"https:\/\/skaitytaknyga.lt\/wp-content\/uploads\/2024\/09\/Ar-pilnas-tavo-kibiras-teigiamos-gyvenimo-ir-darbo-strategijos.webp\",\"width\":368,\"height\":579,\"caption\":\"Ar pilnas tavo kibiras: teigiamos gyvenimo ir darbo strategijos\"},{\"@type\":\"BreadcrumbList\",\"@id\":\"https:\/\/skaitytaknyga.lt\/produktas\/ar-pilnas-tavo-kibiras-teigiamos-gyvenimo-ir-darbo-strategijos\/#breadcrumb\",\"itemListElement\":[{\"@type\":\"ListItem\",\"position\":1,\"name\":\"Home\",\"item\":\"https:\/\/skaitytaknyga.lt\/\"},{\"@type\":\"ListItem\",\"position\":2,\"name\":\"Parduotuv\u0117\",\"item\":\"https:\/\/skaitytaknyga.lt\/knygu-parduotuve\/\"},{\"@type\":\"ListItem\",\"position\":3,\"name\":\"Ar pilnas tavo kibiras: teigiamos gyvenimo ir darbo strategijos\"}]},{\"@type\":\"WebSite\",\"@id\":\"https:\/\/skaitytaknyga.lt\/#website\",\"url\":\"https:\/\/skaitytaknyga.lt\/\",\"name\":\"skaitytaknyga.lt\",\"description\":\"Skaitytaknyga.lt \u2013 tai ma\u017eas \u0161eimos verslas, kuris prasid\u0117jo nuo meil\u0117s knygoms ir siekio i\u0161gelb\u0117ti knygas nuo likimo prie konteinerio. Kas vienam nereikalingas daiktas \u2013 kitam lobis, o mes esame tarpininkai, kurie padeda abiems tapti laimingesniems ???? \u017dinome kaip nelengva i\u0161gyventi ma\u017eiems verslams, tad nuo \u0161iol, \u010dia rasite ir kit\u0173, ma\u017e\u0173 \u0161eim\u0173 versl\u0173, rank\u0173 darbo, dovan\u0173 sau ir artimiesiems.\",\"publisher\":{\"@id\":\"https:\/\/skaitytaknyga.lt\/#organization\"},\"potentialAction\":[{\"@type\":\"SearchAction\",\"target\":{\"@type\":\"EntryPoint\",\"urlTemplate\":\"https:\/\/skaitytaknyga.lt\/?s={search_term_string}\"},\"query-input\":{\"@type\":\"PropertyValueSpecification\",\"valueRequired\":true,\"valueName\":\"search_term_string\"}}],\"inLanguage\":\"en-GB\"},{\"@type\":\"Organization\",\"@id\":\"https:\/\/skaitytaknyga.lt\/#organization\",\"name\":\"skaitytaknyga.lt\",\"url\":\"https:\/\/skaitytaknyga.lt\/\",\"logo\":{\"@type\":\"ImageObject\",\"inLanguage\":\"en-GB\",\"@id\":\"https:\/\/skaitytaknyga.lt\/#\/schema\/logo\/image\/\",\"url\":\"https:\/\/skaitytaknyga.lt\/wp-content\/uploads\/2024\/05\/cropped-cropped-cropped-02_00843_jt3bggkj1j3HLc7SyY6rEUpg.jpeg\",\"contentUrl\":\"https:\/\/skaitytaknyga.lt\/wp-content\/uploads\/2024\/05\/cropped-cropped-cropped-02_00843_jt3bggkj1j3HLc7SyY6rEUpg.jpeg\",\"width\":1600,\"height\":1600,\"caption\":\"skaitytaknyga.lt\"},\"image\":{\"@id\":\"https:\/\/skaitytaknyga.lt\/#\/schema\/logo\/image\/\"},\"sameAs\":[\"https:\/\/www.facebook.com\/skaitytaknyga\/\"]}]}<\/script>\n<!-- \/ Yoast SEO plugin. -->","yoast_head_json":{"title":"Ar pilnas tavo kibiras: teigiamos gyvenimo ir darbo strategijos","description":"KAIP JAUT\u0116T\u0116S PASKUTIN\u012e KART\u0104 SU KUO NORS BENDRAUDAMAS? Ar tas \u017emogus \u2013 sutuoktinis, geriausias draugas, bendradarbis ar netgi pa\u017e\u012fstamas \u2013 \u201epripild\u0117 J\u016bs\u0173","robots":{"index":"index","follow":"follow","max-snippet":"max-snippet:-1","max-image-preview":"max-image-preview:large","max-video-preview":"max-video-preview:-1"},"canonical":"https:\/\/skaitytaknyga.lt\/en\/produktas\/ar-pilnas-tavo-kibiras-teigiamos-gyvenimo-ir-darbo-strategijos\/","og_locale":"en_GB","og_type":"article","og_title":"[:lt]Ar pilnas tavo kibiras: teigiamos gyvenimo ir darbo strategijos[:] - Skaitytaknyga","og_description":"KAIP JAUT\u0116T\u0116S PASKUTIN\u012e KART\u0104 SU KUO NORS BENDRAUDAMAS? Ar tas \u017emogus \u2013 sutuoktinis, geriausias draugas, bendradarbis ar netgi pa\u017e\u012fstamas \u2013 \u201epripild\u0117 J\u016bs\u0173","og_url":"https:\/\/skaitytaknyga.lt\/en\/produktas\/ar-pilnas-tavo-kibiras-teigiamos-gyvenimo-ir-darbo-strategijos\/","og_site_name":"Skaitytaknyga","article_publisher":"https:\/\/www.facebook.com\/skaitytaknyga\/","article_modified_time":"2025-07-07T05:50:25+00:00","og_image":[{"width":368,"height":579,"url":"https:\/\/skaitytaknyga.lt\/wp-content\/uploads\/2024\/09\/Ar-pilnas-tavo-kibiras-teigiamos-gyvenimo-ir-darbo-strategijos.webp","type":"image\/webp"}],"twitter_card":"summary_large_image","twitter_misc":{"Estimated reading time":"1 minute"},"schema":{"@context":"https:\/\/schema.org","@graph":[{"@type":"WebPage","@id":"https:\/\/skaitytaknyga.lt\/produktas\/ar-pilnas-tavo-kibiras-teigiamos-gyvenimo-ir-darbo-strategijos\/","url":"https:\/\/skaitytaknyga.lt\/produktas\/ar-pilnas-tavo-kibiras-teigiamos-gyvenimo-ir-darbo-strategijos\/","name":"Ar pilnas tavo kibiras: teigiamos gyvenimo ir darbo strategijos","isPartOf":{"@id":"https:\/\/skaitytaknyga.lt\/#website"},"primaryImageOfPage":{"@id":"https:\/\/skaitytaknyga.lt\/produktas\/ar-pilnas-tavo-kibiras-teigiamos-gyvenimo-ir-darbo-strategijos\/#primaryimage"},"image":{"@id":"https:\/\/skaitytaknyga.lt\/produktas\/ar-pilnas-tavo-kibiras-teigiamos-gyvenimo-ir-darbo-strategijos\/#primaryimage"},"thumbnailUrl":"https:\/\/skaitytaknyga.lt\/wp-content\/uploads\/2024\/09\/Ar-pilnas-tavo-kibiras-teigiamos-gyvenimo-ir-darbo-strategijos.webp","datePublished":"2024-09-11T10:10:18+00:00","dateModified":"2025-07-07T05:50:25+00:00","description":"KAIP JAUT\u0116T\u0116S PASKUTIN\u012e KART\u0104 SU KUO NORS BENDRAUDAMAS? Ar tas \u017emogus \u2013 sutuoktinis, geriausias draugas, bendradarbis ar netgi pa\u017e\u012fstamas \u2013 \u201epripild\u0117 J\u016bs\u0173","breadcrumb":{"@id":"https:\/\/skaitytaknyga.lt\/produktas\/ar-pilnas-tavo-kibiras-teigiamos-gyvenimo-ir-darbo-strategijos\/#breadcrumb"},"inLanguage":"en-GB","potentialAction":[{"@type":"ReadAction","target":["https:\/\/skaitytaknyga.lt\/produktas\/ar-pilnas-tavo-kibiras-teigiamos-gyvenimo-ir-darbo-strategijos\/"]}]},{"@type":"ImageObject","inLanguage":"en-GB","@id":"https:\/\/skaitytaknyga.lt\/produktas\/ar-pilnas-tavo-kibiras-teigiamos-gyvenimo-ir-darbo-strategijos\/#primaryimage","url":"https:\/\/skaitytaknyga.lt\/wp-content\/uploads\/2024\/09\/Ar-pilnas-tavo-kibiras-teigiamos-gyvenimo-ir-darbo-strategijos.webp","contentUrl":"https:\/\/skaitytaknyga.lt\/wp-content\/uploads\/2024\/09\/Ar-pilnas-tavo-kibiras-teigiamos-gyvenimo-ir-darbo-strategijos.webp","width":368,"height":579,"caption":"Ar pilnas tavo kibiras: teigiamos gyvenimo ir darbo strategijos"},{"@type":"BreadcrumbList","@id":"https:\/\/skaitytaknyga.lt\/produktas\/ar-pilnas-tavo-kibiras-teigiamos-gyvenimo-ir-darbo-strategijos\/#breadcrumb","itemListElement":[{"@type":"ListItem","position":1,"name":"Home","item":"https:\/\/skaitytaknyga.lt\/"},{"@type":"ListItem","position":2,"name":"Parduotuv\u0117","item":"https:\/\/skaitytaknyga.lt\/knygu-parduotuve\/"},{"@type":"ListItem","position":3,"name":"Ar pilnas tavo kibiras: teigiamos gyvenimo ir darbo strategijos"}]},{"@type":"WebSite","@id":"https:\/\/skaitytaknyga.lt\/#website","url":"https:\/\/skaitytaknyga.lt\/","name":"skaitytaknyga.lt","description":"Skaitytaknyga.lt \u2013 tai ma\u017eas \u0161eimos verslas, kuris prasid\u0117jo nuo meil\u0117s knygoms ir siekio i\u0161gelb\u0117ti knygas nuo likimo prie konteinerio. Kas vienam nereikalingas daiktas \u2013 kitam lobis, o mes esame tarpininkai, kurie padeda abiems tapti laimingesniems ???? \u017dinome kaip nelengva i\u0161gyventi ma\u017eiems verslams, tad nuo \u0161iol, \u010dia rasite ir kit\u0173, ma\u017e\u0173 \u0161eim\u0173 versl\u0173, rank\u0173 darbo, dovan\u0173 sau ir artimiesiems.","publisher":{"@id":"https:\/\/skaitytaknyga.lt\/#organization"},"potentialAction":[{"@type":"SearchAction","target":{"@type":"EntryPoint","urlTemplate":"https:\/\/skaitytaknyga.lt\/?s={search_term_string}"},"query-input":{"@type":"PropertyValueSpecification","valueRequired":true,"valueName":"search_term_string"}}],"inLanguage":"en-GB"},{"@type":"Organization","@id":"https:\/\/skaitytaknyga.lt\/#organization","name":"skaitytaknyga.lt","url":"https:\/\/skaitytaknyga.lt\/","logo":{"@type":"ImageObject","inLanguage":"en-GB","@id":"https:\/\/skaitytaknyga.lt\/#\/schema\/logo\/image\/","url":"https:\/\/skaitytaknyga.lt\/wp-content\/uploads\/2024\/05\/cropped-cropped-cropped-02_00843_jt3bggkj1j3HLc7SyY6rEUpg.jpeg","contentUrl":"https:\/\/skaitytaknyga.lt\/wp-content\/uploads\/2024\/05\/cropped-cropped-cropped-02_00843_jt3bggkj1j3HLc7SyY6rEUpg.jpeg","width":1600,"height":1600,"caption":"skaitytaknyga.lt"},"image":{"@id":"https:\/\/skaitytaknyga.lt\/#\/schema\/logo\/image\/"},"sameAs":["https:\/\/www.facebook.com\/skaitytaknyga\/"]}]}},"_links":{"self":[{"href":"https:\/\/skaitytaknyga.lt\/en\/wp-json\/wp\/v2\/product\/13917","targetHints":{"allow":["GET"]}}],"collection":[{"href":"https:\/\/skaitytaknyga.lt\/en\/wp-json\/wp\/v2\/product"}],"about":[{"href":"https:\/\/skaitytaknyga.lt\/en\/wp-json\/wp\/v2\/types\/product"}],"replies":[{"embeddable":true,"href":"https:\/\/skaitytaknyga.lt\/en\/wp-json\/wp\/v2\/comments?post=13917"}],"wp:featuredmedia":[{"embeddable":true,"href":"https:\/\/skaitytaknyga.lt\/en\/wp-json\/wp\/v2\/media\/13930"}],"wp:attachment":[{"href":"https:\/\/skaitytaknyga.lt\/en\/wp-json\/wp\/v2\/media?parent=13917"}],"wp:term":[{"taxonomy":"product_brand","embeddable":true,"href":"https:\/\/skaitytaknyga.lt\/en\/wp-json\/wp\/v2\/product_brand?post=13917"},{"taxonomy":"product_cat","embeddable":true,"href":"https:\/\/skaitytaknyga.lt\/en\/wp-json\/wp\/v2\/product_cat?post=13917"},{"taxonomy":"product_tag","embeddable":true,"href":"https:\/\/skaitytaknyga.lt\/en\/wp-json\/wp\/v2\/product_tag?post=13917"}],"curies":[{"name":"wp","href":"https:\/\/api.w.org\/{rel}","templated":true}]}}