{"id":13905,"date":"2024-04-11T08:52:40","date_gmt":"2024-04-11T05:52:40","guid":{"rendered":"https:\/\/skaitytaknyga.lt\/?post_type=product&#038;p=13905"},"modified":"2025-12-20T17:52:03","modified_gmt":"2025-12-20T15:52:03","slug":"algirdas-toliatas-zmogaus-ir-dievo-metai","status":"publish","type":"product","link":"https:\/\/skaitytaknyga.lt\/en\/produktas\/algirdas-toliatas-zmogaus-ir-dievo-metai\/","title":{"rendered":"Algirdas Toliatas \u201e\u017dmogaus ir Dievo metai\u201c"},"content":{"rendered":"<p><strong>Algirdas Toliatas<\/strong>\u00a0(g. 1978 m.) baig\u0117 Vilniaus kunig\u0173 seminarij\u0105, studijavo Pranc\u016bzijoje. 2007 m. buvo pa\u0161ventintas kunigu. Po studij\u0173 Italijoje 2012 m. apsigyn\u0117 dvasin\u0117s teologijos licenciato laipsn\u012f ir buvo paskirtas kunigu \u0160v. Rapolo ba\u017eny\u010dioje. Nuo 2013 m. eina vyriausio Lietuvos policijos kapeliono pareigas.<\/p>\n<p><strong>\u201e\u017dMOGAUS IR DIEVO METAI&#8221;<\/strong>\u00a0\u2013 liturgini\u0173 met\u0173 pamoksl\u0173 ciklas. Liturginiai metai \u2013 tai kaip Dievo ir \u017emogaus gyvenimo ciklas. Prasideda puo\u0161niu ir spalvingu pasiruo\u0161iamuoju adventiniu laikotarpiu ir baigiasi Kal\u0117domis \u2013 Dievo ir \u017emogaus gimimu m\u016bs\u0173 sielose, kur nereikia nieko vaidinti, nes n\u0117ra prie\u0161 k\u0105. Esame tik mes, nuogi ir pa\u017eeid\u017eiami, ka\u017ekur palik\u0119 savo tobulyb\u0117s \u012fvaizd\u017eius. Liturginis laikas teka ir br\u0119sta per \u012fvairius kasdienius ir neeilinius gyvenimo \u012fvykius. Eina asketi\u0161kos gav\u0117nios dykuma \u2013 tai palaiminimo, \u0161irdies ir min\u010di\u0173 apsivalymo metas, kulminuojantis per \u0161v. Velykas, vedan\u010dias \u017dmogaus S\u016bn\u0173 per mylimo \u017emogaus i\u0161davyst\u0119, per atst\u016bmim\u0105, bej\u0117gi\u0161kum\u0105, vienatv\u0119, per juod\u017eiausi\u0105 nevilt\u012f ir mirt\u012f \u012f atgimim\u0105. Taip per\u017eengiame savo ribotumo ir galimybi\u0173 ribas ir \u012f\u017eengiame m\u016bs\u0173 sielos gelm\u0117se \u012f Dievo karalyst\u0119, esan\u010di\u0105 ar\u010diau m\u016bs\u0173, nei mes patys sau esame. Visas lik\u0119s laikas iki pat paskutinio liturgini\u0173 met\u0173 Kristaus Karaliaus sekmadienio yra skirtas velykinio \u012fvykio tapsmui.<\/p>\n<p><em><strong>\u201e\u017dmogaus ir Dievo metai&#8221;<\/strong>\u00a0\u2013 ne vien pamoksl\u0173, bet ir mano sielos knyga.<\/em><br \/>\nKunigas Algirdas Toliatas<\/p>\n<ul class=\"about-product d-none d-xl-block mt-4\">\n<li><strong>Autorius:<\/strong>\u00a0Algirdas Toliatas<\/li>\n<li><strong>Leid\u0117jas:<\/strong>\u00a0Tyto alba<\/li>\n<li><strong>Metai:<\/strong>\u00a02016<\/li>\n<li><strong>Puslapiai:<\/strong>\u00a0352<\/li>\n<li><strong>ISBN:<\/strong>\u00a09786094661969<\/li>\n<li><strong>Versijos kodas:<\/strong>\u00a05<\/li>\n<li><strong>Formatas:<\/strong>\u00a014,7 x 22,1 x 2,4 cm, kieti vir\u0161eliai<\/li>\n<li><strong>Kalba:<\/strong>\u00a0Lietuvi\u0173<\/li>\n<\/ul>\n","protected":false},"excerpt":{"rendered":"<p>Algirdas Toliatas\u00a0(g. 1978 m.) baig\u0117 Vilniaus kunig\u0173 seminarij\u0105, studijavo Pranc\u016bzijoje. 2007 m. buvo pa\u0161ventintas kunigu. Po studij\u0173 Italijoje 2012 m. apsigyn\u0117 dvasin\u0117s teologijos licenciato laipsn\u012f ir buvo paskirtas kunigu \u0160v. Rapolo ba\u017eny\u010dioje. Nuo 2013 m. eina vyriausio Lietuvos policijos kapeliono pareigas. \u201e\u017dMOGAUS IR DIEVO METAI&#8221;\u00a0\u2013 liturgini\u0173 met\u0173 pamoksl\u0173 ciklas. Liturginiai metai \u2013 tai kaip Dievo ir \u017emogaus gyvenimo ciklas. Prasideda puo\u0161niu ir spalvingu pasiruo\u0161iamuoju adventiniu laikotarpiu ir baigiasi Kal\u0117domis \u2013 Dievo ir \u017emogaus gimimu m\u016bs\u0173 sielose, kur nereikia nieko vaidinti, nes n\u0117ra prie\u0161 k\u0105. Esame tik mes, nuogi ir pa\u017eeid\u017eiami, ka\u017ekur palik\u0119 savo tobulyb\u0117s \u012fvaizd\u017eius. Liturginis laikas teka ir br\u0119sta per \u012fvairius kasdienius ir neeilinius gyvenimo \u012fvykius. Eina asketi\u0161kos gav\u0117nios dykuma \u2013 tai palaiminimo, \u0161irdies ir min\u010di\u0173 apsivalymo metas, kulminuojantis per \u0161v. Velykas, vedan\u010dias \u017dmogaus S\u016bn\u0173 per mylimo \u017emogaus i\u0161davyst\u0119, per atst\u016bmim\u0105, bej\u0117gi\u0161kum\u0105, vienatv\u0119, per juod\u017eiausi\u0105 nevilt\u012f ir mirt\u012f \u012f atgimim\u0105. Taip per\u017eengiame savo ribotumo ir galimybi\u0173 ribas ir \u012f\u017eengiame m\u016bs\u0173 sielos gelm\u0117se \u012f Dievo karalyst\u0119, esan\u010di\u0105 ar\u010diau m\u016bs\u0173, nei mes patys sau esame. Visas lik\u0119s laikas iki pat paskutinio liturgini\u0173 met\u0173 Kristaus Karaliaus sekmadienio yra skirtas velykinio \u012fvykio tapsmui. \u201e\u017dmogaus ir Dievo metai&#8221;\u00a0\u2013 ne vien pamoksl\u0173, bet ir mano sielos knyga. Kunigas Algirdas Toliatas Autorius:\u00a0Algirdas Toliatas Leid\u0117jas:\u00a0Tyto alba Metai:\u00a02016 Puslapiai:\u00a0352 ISBN:\u00a09786094661969 Versijos kodas:\u00a05 Formatas:\u00a014,7 x 22,1 x 2,4 cm, kieti vir\u0161eliai Kalba:\u00a0Lietuvi\u0173<\/p>\n","protected":false},"featured_media":13906,"comment_status":"open","ping_status":"closed","template":"","meta":{"_acf_changed":false,"site-sidebar-layout":"default","site-content-layout":"","ast-site-content-layout":"default","site-content-style":"default","site-sidebar-style":"default","ast-global-header-display":"","ast-banner-title-visibility":"","ast-main-header-display":"","ast-hfb-above-header-display":"","ast-hfb-below-header-display":"","ast-hfb-mobile-header-display":"","site-post-title":"","ast-breadcrumbs-content":"","ast-featured-img":"","footer-sml-layout":"","ast-disable-related-posts":"","theme-transparent-header-meta":"default","adv-header-id-meta":"","stick-header-meta":"","header-above-stick-meta":"","header-main-stick-meta":"","header-below-stick-meta":"","astra-migrate-meta-layouts":"set","ast-page-background-enabled":"default","ast-page-background-meta":{"desktop":{"background-color":"","background-image":"","background-repeat":"repeat","background-position":"center center","background-size":"auto","background-attachment":"scroll","background-type":"","background-media":"","overlay-type":"","overlay-color":"","overlay-opacity":"","overlay-gradient":""},"tablet":{"background-color":"","background-image":"","background-repeat":"repeat","background-position":"center center","background-size":"auto","background-attachment":"scroll","background-type":"","background-media":"","overlay-type":"","overlay-color":"","overlay-opacity":"","overlay-gradient":""},"mobile":{"background-color":"","background-image":"","background-repeat":"repeat","background-position":"center center","background-size":"auto","background-attachment":"scroll","background-type":"","background-media":"","overlay-type":"","overlay-color":"","overlay-opacity":"","overlay-gradient":""}},"ast-content-background-meta":{"desktop":{"background-color":"var(--ast-global-color-4)","background-image":"","background-repeat":"repeat","background-position":"center center","background-size":"auto","background-attachment":"scroll","background-type":"","background-media":"","overlay-type":"","overlay-color":"","overlay-opacity":"","overlay-gradient":""},"tablet":{"background-color":"var(--ast-global-color-4)","background-image":"","background-repeat":"repeat","background-position":"center center","background-size":"auto","background-attachment":"scroll","background-type":"","background-media":"","overlay-type":"","overlay-color":"","overlay-opacity":"","overlay-gradient":""},"mobile":{"background-color":"var(--ast-global-color-4)","background-image":"","background-repeat":"repeat","background-position":"center center","background-size":"auto","background-attachment":"scroll","background-type":"","background-media":"","overlay-type":"","overlay-color":"","overlay-opacity":"","overlay-gradient":""}}},"product_brand":[],"product_cat":[15,165],"product_tag":[],"class_list":{"0":"post-13905","1":"product","2":"type-product","3":"status-publish","4":"has-post-thumbnail","6":"product_cat-uncategorized","7":"product_cat-religija-filosofija-ir-ezoterika","8":"desktop-align-left","9":"tablet-align-left","10":"mobile-align-left","12":"first","13":"instock","14":"sale","15":"shipping-taxable","16":"purchasable","17":"product-type-simple"},"acf":[],"yoast_head":"<!-- This site is optimized with the Yoast SEO plugin v27.0 - https:\/\/yoast.com\/product\/yoast-seo-wordpress\/ -->\n<title>Algirdas Toliatas \u201e\u017dmogaus ir Dievo metai\u201c<\/title>\n<meta name=\"description\" content=\"Algirdas Toliatas\u00a0(g. 1978 m.) baig\u0117 Vilniaus kunig\u0173 seminarij\u0105, studijavo Pranc\u016bzijoje. 2007 m. buvo pa\u0161ventintas kunigu. Po studij\u0173 Italijoje 2012 m.\" \/>\n<meta name=\"robots\" content=\"index, follow, max-snippet:-1, max-image-preview:large, max-video-preview:-1\" \/>\n<link rel=\"canonical\" href=\"https:\/\/skaitytaknyga.lt\/en\/produktas\/algirdas-toliatas-zmogaus-ir-dievo-metai\/\" \/>\n<meta property=\"og:locale\" content=\"en_GB\" \/>\n<meta property=\"og:locale:alternate\" content=\"lt_LT\" \/>\n<meta property=\"og:type\" content=\"article\" \/>\n<meta property=\"og:title\" content=\"Algirdas Toliatas \u201e\u017dmogaus ir Dievo metai\u201c\" \/>\n<meta property=\"og:description\" content=\"Algirdas Toliatas\u00a0(g. 1978 m.) baig\u0117 Vilniaus kunig\u0173 seminarij\u0105, studijavo Pranc\u016bzijoje. 2007 m. buvo pa\u0161ventintas kunigu. Po studij\u0173 Italijoje 2012 m.\" \/>\n<meta property=\"og:url\" content=\"https:\/\/skaitytaknyga.lt\/en\/produktas\/algirdas-toliatas-zmogaus-ir-dievo-metai\/\" \/>\n<meta property=\"og:site_name\" content=\"Skaitytaknyga\" \/>\n<meta property=\"article:publisher\" content=\"https:\/\/www.facebook.com\/skaitytaknyga\/\" \/>\n<meta property=\"article:modified_time\" content=\"2025-12-20T15:52:03+00:00\" \/>\n<meta property=\"og:image\" content=\"https:\/\/skaitytaknyga.lt\/wp-content\/uploads\/2024\/09\/Zmogaus-ir-Dievo-metai.webp\" \/>\n\t<meta property=\"og:image:width\" content=\"535\" \/>\n\t<meta property=\"og:image:height\" content=\"800\" \/>\n\t<meta property=\"og:image:type\" content=\"image\/webp\" \/>\n<meta name=\"twitter:card\" content=\"summary_large_image\" \/>\n<meta name=\"twitter:label1\" content=\"Estimated reading time\" \/>\n\t<meta name=\"twitter:data1\" content=\"2 minutes\" \/>\n<script type=\"application\/ld+json\" class=\"yoast-schema-graph\">{\"@context\":\"https:\/\/schema.org\",\"@graph\":[{\"@type\":\"WebPage\",\"@id\":\"https:\/\/skaitytaknyga.lt\/produktas\/algirdas-toliatas-zmogaus-ir-dievo-metai\/\",\"url\":\"https:\/\/skaitytaknyga.lt\/produktas\/algirdas-toliatas-zmogaus-ir-dievo-metai\/\",\"name\":\"Algirdas Toliatas \u201e\u017dmogaus ir Dievo metai\u201c\",\"isPartOf\":{\"@id\":\"https:\/\/skaitytaknyga.lt\/#website\"},\"primaryImageOfPage\":{\"@id\":\"https:\/\/skaitytaknyga.lt\/produktas\/algirdas-toliatas-zmogaus-ir-dievo-metai\/#primaryimage\"},\"image\":{\"@id\":\"https:\/\/skaitytaknyga.lt\/produktas\/algirdas-toliatas-zmogaus-ir-dievo-metai\/#primaryimage\"},\"thumbnailUrl\":\"https:\/\/skaitytaknyga.lt\/wp-content\/uploads\/2024\/09\/Zmogaus-ir-Dievo-metai.webp\",\"datePublished\":\"2024-04-11T05:52:40+00:00\",\"dateModified\":\"2025-12-20T15:52:03+00:00\",\"description\":\"Algirdas Toliatas\u00a0(g. 1978 m.) baig\u0117 Vilniaus kunig\u0173 seminarij\u0105, studijavo Pranc\u016bzijoje. 2007 m. buvo pa\u0161ventintas kunigu. Po studij\u0173 Italijoje 2012 m.\",\"breadcrumb\":{\"@id\":\"https:\/\/skaitytaknyga.lt\/produktas\/algirdas-toliatas-zmogaus-ir-dievo-metai\/#breadcrumb\"},\"inLanguage\":\"en-GB\",\"potentialAction\":[{\"@type\":\"ReadAction\",\"target\":[\"https:\/\/skaitytaknyga.lt\/produktas\/algirdas-toliatas-zmogaus-ir-dievo-metai\/\"]}]},{\"@type\":\"ImageObject\",\"inLanguage\":\"en-GB\",\"@id\":\"https:\/\/skaitytaknyga.lt\/produktas\/algirdas-toliatas-zmogaus-ir-dievo-metai\/#primaryimage\",\"url\":\"https:\/\/skaitytaknyga.lt\/wp-content\/uploads\/2024\/09\/Zmogaus-ir-Dievo-metai.webp\",\"contentUrl\":\"https:\/\/skaitytaknyga.lt\/wp-content\/uploads\/2024\/09\/Zmogaus-ir-Dievo-metai.webp\",\"width\":535,\"height\":800,\"caption\":\"Algirdas Toliatas \u201e\u017dmogaus ir Dievo metai\u201c\"},{\"@type\":\"BreadcrumbList\",\"@id\":\"https:\/\/skaitytaknyga.lt\/produktas\/algirdas-toliatas-zmogaus-ir-dievo-metai\/#breadcrumb\",\"itemListElement\":[{\"@type\":\"ListItem\",\"position\":1,\"name\":\"Home\",\"item\":\"https:\/\/skaitytaknyga.lt\/\"},{\"@type\":\"ListItem\",\"position\":2,\"name\":\"Parduotuv\u0117\",\"item\":\"https:\/\/skaitytaknyga.lt\/knygu-parduotuve\/\"},{\"@type\":\"ListItem\",\"position\":3,\"name\":\"Algirdas Toliatas \u201e\u017dmogaus ir Dievo metai\u201c\"}]},{\"@type\":\"WebSite\",\"@id\":\"https:\/\/skaitytaknyga.lt\/#website\",\"url\":\"https:\/\/skaitytaknyga.lt\/\",\"name\":\"skaitytaknyga.lt\",\"description\":\"Skaitytaknyga.lt \u2013 tai ma\u017eas \u0161eimos verslas, kuris prasid\u0117jo nuo meil\u0117s knygoms ir siekio i\u0161gelb\u0117ti knygas nuo likimo prie konteinerio. Kas vienam nereikalingas daiktas \u2013 kitam lobis, o mes esame tarpininkai, kurie padeda abiems tapti laimingesniems ???? \u017dinome kaip nelengva i\u0161gyventi ma\u017eiems verslams, tad nuo \u0161iol, \u010dia rasite ir kit\u0173, ma\u017e\u0173 \u0161eim\u0173 versl\u0173, rank\u0173 darbo, dovan\u0173 sau ir artimiesiems.\",\"publisher\":{\"@id\":\"https:\/\/skaitytaknyga.lt\/#organization\"},\"potentialAction\":[{\"@type\":\"SearchAction\",\"target\":{\"@type\":\"EntryPoint\",\"urlTemplate\":\"https:\/\/skaitytaknyga.lt\/?s={search_term_string}\"},\"query-input\":{\"@type\":\"PropertyValueSpecification\",\"valueRequired\":true,\"valueName\":\"search_term_string\"}}],\"inLanguage\":\"en-GB\"},{\"@type\":\"Organization\",\"@id\":\"https:\/\/skaitytaknyga.lt\/#organization\",\"name\":\"skaitytaknyga.lt\",\"url\":\"https:\/\/skaitytaknyga.lt\/\",\"logo\":{\"@type\":\"ImageObject\",\"inLanguage\":\"en-GB\",\"@id\":\"https:\/\/skaitytaknyga.lt\/#\/schema\/logo\/image\/\",\"url\":\"https:\/\/skaitytaknyga.lt\/wp-content\/uploads\/2024\/05\/cropped-cropped-cropped-02_00843_jt3bggkj1j3HLc7SyY6rEUpg.jpeg\",\"contentUrl\":\"https:\/\/skaitytaknyga.lt\/wp-content\/uploads\/2024\/05\/cropped-cropped-cropped-02_00843_jt3bggkj1j3HLc7SyY6rEUpg.jpeg\",\"width\":1600,\"height\":1600,\"caption\":\"skaitytaknyga.lt\"},\"image\":{\"@id\":\"https:\/\/skaitytaknyga.lt\/#\/schema\/logo\/image\/\"},\"sameAs\":[\"https:\/\/www.facebook.com\/skaitytaknyga\/\"]}]}<\/script>\n<!-- \/ Yoast SEO plugin. -->","yoast_head_json":{"title":"Algirdas Toliatas \u201e\u017dmogaus ir Dievo metai\u201c","description":"Algirdas Toliatas\u00a0(g. 1978 m.) baig\u0117 Vilniaus kunig\u0173 seminarij\u0105, studijavo Pranc\u016bzijoje. 2007 m. buvo pa\u0161ventintas kunigu. Po studij\u0173 Italijoje 2012 m.","robots":{"index":"index","follow":"follow","max-snippet":"max-snippet:-1","max-image-preview":"max-image-preview:large","max-video-preview":"max-video-preview:-1"},"canonical":"https:\/\/skaitytaknyga.lt\/en\/produktas\/algirdas-toliatas-zmogaus-ir-dievo-metai\/","og_locale":"en_GB","og_type":"article","og_title":"[:lt]Algirdas Toliatas \u201e\u017dmogaus ir Dievo metai\u201c[:] - Skaitytaknyga","og_description":"Algirdas Toliatas\u00a0(g. 1978 m.) baig\u0117 Vilniaus kunig\u0173 seminarij\u0105, studijavo Pranc\u016bzijoje. 2007 m. buvo pa\u0161ventintas kunigu. Po studij\u0173 Italijoje 2012 m.","og_url":"https:\/\/skaitytaknyga.lt\/en\/produktas\/algirdas-toliatas-zmogaus-ir-dievo-metai\/","og_site_name":"Skaitytaknyga","article_publisher":"https:\/\/www.facebook.com\/skaitytaknyga\/","article_modified_time":"2025-12-20T15:52:03+00:00","og_image":[{"width":535,"height":800,"url":"https:\/\/skaitytaknyga.lt\/wp-content\/uploads\/2024\/09\/Zmogaus-ir-Dievo-metai.webp","type":"image\/webp"}],"twitter_card":"summary_large_image","twitter_misc":{"Estimated reading time":"2 minutes"},"schema":{"@context":"https:\/\/schema.org","@graph":[{"@type":"WebPage","@id":"https:\/\/skaitytaknyga.lt\/produktas\/algirdas-toliatas-zmogaus-ir-dievo-metai\/","url":"https:\/\/skaitytaknyga.lt\/produktas\/algirdas-toliatas-zmogaus-ir-dievo-metai\/","name":"Algirdas Toliatas \u201e\u017dmogaus ir Dievo metai\u201c","isPartOf":{"@id":"https:\/\/skaitytaknyga.lt\/#website"},"primaryImageOfPage":{"@id":"https:\/\/skaitytaknyga.lt\/produktas\/algirdas-toliatas-zmogaus-ir-dievo-metai\/#primaryimage"},"image":{"@id":"https:\/\/skaitytaknyga.lt\/produktas\/algirdas-toliatas-zmogaus-ir-dievo-metai\/#primaryimage"},"thumbnailUrl":"https:\/\/skaitytaknyga.lt\/wp-content\/uploads\/2024\/09\/Zmogaus-ir-Dievo-metai.webp","datePublished":"2024-04-11T05:52:40+00:00","dateModified":"2025-12-20T15:52:03+00:00","description":"Algirdas Toliatas\u00a0(g. 1978 m.) baig\u0117 Vilniaus kunig\u0173 seminarij\u0105, studijavo Pranc\u016bzijoje. 2007 m. buvo pa\u0161ventintas kunigu. Po studij\u0173 Italijoje 2012 m.","breadcrumb":{"@id":"https:\/\/skaitytaknyga.lt\/produktas\/algirdas-toliatas-zmogaus-ir-dievo-metai\/#breadcrumb"},"inLanguage":"en-GB","potentialAction":[{"@type":"ReadAction","target":["https:\/\/skaitytaknyga.lt\/produktas\/algirdas-toliatas-zmogaus-ir-dievo-metai\/"]}]},{"@type":"ImageObject","inLanguage":"en-GB","@id":"https:\/\/skaitytaknyga.lt\/produktas\/algirdas-toliatas-zmogaus-ir-dievo-metai\/#primaryimage","url":"https:\/\/skaitytaknyga.lt\/wp-content\/uploads\/2024\/09\/Zmogaus-ir-Dievo-metai.webp","contentUrl":"https:\/\/skaitytaknyga.lt\/wp-content\/uploads\/2024\/09\/Zmogaus-ir-Dievo-metai.webp","width":535,"height":800,"caption":"Algirdas Toliatas \u201e\u017dmogaus ir Dievo metai\u201c"},{"@type":"BreadcrumbList","@id":"https:\/\/skaitytaknyga.lt\/produktas\/algirdas-toliatas-zmogaus-ir-dievo-metai\/#breadcrumb","itemListElement":[{"@type":"ListItem","position":1,"name":"Home","item":"https:\/\/skaitytaknyga.lt\/"},{"@type":"ListItem","position":2,"name":"Parduotuv\u0117","item":"https:\/\/skaitytaknyga.lt\/knygu-parduotuve\/"},{"@type":"ListItem","position":3,"name":"Algirdas Toliatas \u201e\u017dmogaus ir Dievo metai\u201c"}]},{"@type":"WebSite","@id":"https:\/\/skaitytaknyga.lt\/#website","url":"https:\/\/skaitytaknyga.lt\/","name":"skaitytaknyga.lt","description":"Skaitytaknyga.lt \u2013 tai ma\u017eas \u0161eimos verslas, kuris prasid\u0117jo nuo meil\u0117s knygoms ir siekio i\u0161gelb\u0117ti knygas nuo likimo prie konteinerio. Kas vienam nereikalingas daiktas \u2013 kitam lobis, o mes esame tarpininkai, kurie padeda abiems tapti laimingesniems ???? \u017dinome kaip nelengva i\u0161gyventi ma\u017eiems verslams, tad nuo \u0161iol, \u010dia rasite ir kit\u0173, ma\u017e\u0173 \u0161eim\u0173 versl\u0173, rank\u0173 darbo, dovan\u0173 sau ir artimiesiems.","publisher":{"@id":"https:\/\/skaitytaknyga.lt\/#organization"},"potentialAction":[{"@type":"SearchAction","target":{"@type":"EntryPoint","urlTemplate":"https:\/\/skaitytaknyga.lt\/?s={search_term_string}"},"query-input":{"@type":"PropertyValueSpecification","valueRequired":true,"valueName":"search_term_string"}}],"inLanguage":"en-GB"},{"@type":"Organization","@id":"https:\/\/skaitytaknyga.lt\/#organization","name":"skaitytaknyga.lt","url":"https:\/\/skaitytaknyga.lt\/","logo":{"@type":"ImageObject","inLanguage":"en-GB","@id":"https:\/\/skaitytaknyga.lt\/#\/schema\/logo\/image\/","url":"https:\/\/skaitytaknyga.lt\/wp-content\/uploads\/2024\/05\/cropped-cropped-cropped-02_00843_jt3bggkj1j3HLc7SyY6rEUpg.jpeg","contentUrl":"https:\/\/skaitytaknyga.lt\/wp-content\/uploads\/2024\/05\/cropped-cropped-cropped-02_00843_jt3bggkj1j3HLc7SyY6rEUpg.jpeg","width":1600,"height":1600,"caption":"skaitytaknyga.lt"},"image":{"@id":"https:\/\/skaitytaknyga.lt\/#\/schema\/logo\/image\/"},"sameAs":["https:\/\/www.facebook.com\/skaitytaknyga\/"]}]}},"_links":{"self":[{"href":"https:\/\/skaitytaknyga.lt\/en\/wp-json\/wp\/v2\/product\/13905","targetHints":{"allow":["GET"]}}],"collection":[{"href":"https:\/\/skaitytaknyga.lt\/en\/wp-json\/wp\/v2\/product"}],"about":[{"href":"https:\/\/skaitytaknyga.lt\/en\/wp-json\/wp\/v2\/types\/product"}],"replies":[{"embeddable":true,"href":"https:\/\/skaitytaknyga.lt\/en\/wp-json\/wp\/v2\/comments?post=13905"}],"wp:featuredmedia":[{"embeddable":true,"href":"https:\/\/skaitytaknyga.lt\/en\/wp-json\/wp\/v2\/media\/13906"}],"wp:attachment":[{"href":"https:\/\/skaitytaknyga.lt\/en\/wp-json\/wp\/v2\/media?parent=13905"}],"wp:term":[{"taxonomy":"product_brand","embeddable":true,"href":"https:\/\/skaitytaknyga.lt\/en\/wp-json\/wp\/v2\/product_brand?post=13905"},{"taxonomy":"product_cat","embeddable":true,"href":"https:\/\/skaitytaknyga.lt\/en\/wp-json\/wp\/v2\/product_cat?post=13905"},{"taxonomy":"product_tag","embeddable":true,"href":"https:\/\/skaitytaknyga.lt\/en\/wp-json\/wp\/v2\/product_tag?post=13905"}],"curies":[{"name":"wp","href":"https:\/\/api.w.org\/{rel}","templated":true}]}}