{"id":13904,"date":"2024-05-11T08:52:40","date_gmt":"2024-05-11T05:52:40","guid":{"rendered":"https:\/\/skaitytaknyga.lt\/?post_type=product&#038;p=13904"},"modified":"2025-05-13T14:43:20","modified_gmt":"2025-05-13T11:43:20","slug":"austen-ivereigh-kataliku-balsas-kaip-aiskiai-pristatyti-baznycios-pozicija","status":"publish","type":"product","link":"https:\/\/skaitytaknyga.lt\/en\/produktas\/austen-ivereigh-kataliku-balsas-kaip-aiskiai-pristatyti-baznycios-pozicija\/","title":{"rendered":"Katalik\u0173 balsas. Kaip ai\u0161kiai pristatyti Ba\u017eny\u010dios pozicij\u0105"},"content":{"rendered":"<p>Knygoje aptariamos devynios ypa\u010d skausmingos temos, kuri\u0173 svarstymas da\u017enai sukelia gin\u010dus vie\u0161ojoje erdv\u0117je ir formuoja neigiamas i\u0161ankstines nuostatas Ba\u017eny\u010dios at\u017evilgiu. Kiekviena tema nagrin\u0117jama platesniame kontekste, i\u0161vardijami pagrindiniai Ba\u017eny\u010dios pozicij\u0105 ginantys argumentai, pateikiami pasi\u016blymai, leid\u017eiantys pakeisti \u0161ias nusistov\u0117jusias nuostatas.<\/p>\n<p>Knygos pabaigoej aptariami principai, kuri\u0173 laikantis b\u016bt\u0173 galima lengviau pasiekti Ba\u017eny\u010dios ir visuomen\u0117s dialog\u0105.<\/p>\n<ul class=\"about-product d-none d-xl-block mt-4\">\n<li><strong>Originalus pavadinimas:<\/strong>\u00a0How to Defend the Faith Without Raising Your Voice<\/li>\n<li><strong>Autorius:<\/strong>\u00a0Austen Ivereigh<\/li>\n<li><strong>Leid\u0117jas:<\/strong>\u00a0Katalik\u0173 pasaulio leidiniai<\/li>\n<li><strong>Metai:<\/strong>\u00a02013<\/li>\n<li><strong>ISBN:<\/strong>\u00a09789955292197<\/li>\n<li><strong>Formatas:<\/strong>\u00a012,7 x 19,8 cm, mink\u0161ti vir\u0161eliai<\/li>\n<li><strong>Kalba:<\/strong>\u00a0Lietuvi\u0173<\/li>\n<\/ul>\n","protected":false},"excerpt":{"rendered":"<p>Knygoje aptariamos devynios ypa\u010d skausmingos temos, kuri\u0173 svarstymas da\u017enai sukelia gin\u010dus vie\u0161ojoje erdv\u0117je ir formuoja neigiamas i\u0161ankstines nuostatas Ba\u017eny\u010dios at\u017evilgiu. Kiekviena tema nagrin\u0117jama platesniame kontekste, i\u0161vardijami pagrindiniai Ba\u017eny\u010dios pozicij\u0105 ginantys argumentai, pateikiami pasi\u016blymai, leid\u017eiantys pakeisti \u0161ias nusistov\u0117jusias nuostatas. Knygos pabaigoej aptariami principai, kuri\u0173 laikantis b\u016bt\u0173 galima lengviau pasiekti Ba\u017eny\u010dios ir visuomen\u0117s dialog\u0105. Originalus pavadinimas:\u00a0How to Defend the Faith Without Raising Your Voice Autorius:\u00a0Austen Ivereigh Leid\u0117jas:\u00a0Katalik\u0173 pasaulio leidiniai Metai:\u00a02013 ISBN:\u00a09789955292197 Formatas:\u00a012,7 x 19,8 cm, mink\u0161ti vir\u0161eliai Kalba:\u00a0Lietuvi\u0173<\/p>\n","protected":false},"featured_media":13914,"comment_status":"open","ping_status":"closed","template":"","meta":{"_acf_changed":false,"site-sidebar-layout":"default","site-content-layout":"","ast-site-content-layout":"default","site-content-style":"default","site-sidebar-style":"default","ast-global-header-display":"","ast-banner-title-visibility":"","ast-main-header-display":"","ast-hfb-above-header-display":"","ast-hfb-below-header-display":"","ast-hfb-mobile-header-display":"","site-post-title":"","ast-breadcrumbs-content":"","ast-featured-img":"","footer-sml-layout":"","ast-disable-related-posts":"","theme-transparent-header-meta":"default","adv-header-id-meta":"","stick-header-meta":"","header-above-stick-meta":"","header-main-stick-meta":"","header-below-stick-meta":"","astra-migrate-meta-layouts":"set","ast-page-background-enabled":"default","ast-page-background-meta":{"desktop":{"background-color":"","background-image":"","background-repeat":"repeat","background-position":"center center","background-size":"auto","background-attachment":"scroll","background-type":"","background-media":"","overlay-type":"","overlay-color":"","overlay-opacity":"","overlay-gradient":""},"tablet":{"background-color":"","background-image":"","background-repeat":"repeat","background-position":"center center","background-size":"auto","background-attachment":"scroll","background-type":"","background-media":"","overlay-type":"","overlay-color":"","overlay-opacity":"","overlay-gradient":""},"mobile":{"background-color":"","background-image":"","background-repeat":"repeat","background-position":"center center","background-size":"auto","background-attachment":"scroll","background-type":"","background-media":"","overlay-type":"","overlay-color":"","overlay-opacity":"","overlay-gradient":""}},"ast-content-background-meta":{"desktop":{"background-color":"var(--ast-global-color-4)","background-image":"","background-repeat":"repeat","background-position":"center center","background-size":"auto","background-attachment":"scroll","background-type":"","background-media":"","overlay-type":"","overlay-color":"","overlay-opacity":"","overlay-gradient":""},"tablet":{"background-color":"var(--ast-global-color-4)","background-image":"","background-repeat":"repeat","background-position":"center center","background-size":"auto","background-attachment":"scroll","background-type":"","background-media":"","overlay-type":"","overlay-color":"","overlay-opacity":"","overlay-gradient":""},"mobile":{"background-color":"var(--ast-global-color-4)","background-image":"","background-repeat":"repeat","background-position":"center center","background-size":"auto","background-attachment":"scroll","background-type":"","background-media":"","overlay-type":"","overlay-color":"","overlay-opacity":"","overlay-gradient":""}}},"product_brand":[],"product_cat":[15,165],"product_tag":[2337],"class_list":{"0":"post-13904","1":"product","2":"type-product","3":"status-publish","4":"has-post-thumbnail","6":"product_cat-uncategorized","7":"product_cat-religija-filosofija-ir-ezoterika","8":"product_tag-austen-ivereigh","9":"desktop-align-left","10":"tablet-align-left","11":"mobile-align-left","13":"first","14":"instock","15":"shipping-taxable","16":"purchasable","17":"product-type-simple"},"acf":[],"yoast_head":"<!-- This site is optimized with the Yoast SEO plugin v27.0 - https:\/\/yoast.com\/product\/yoast-seo-wordpress\/ -->\n<title>Katalik\u0173 balsas. Kaip ai\u0161kiai pristatyti Ba\u017eny\u010dios pozicij\u0105<\/title>\n<meta name=\"description\" content=\"Knygoje aptariamos devynios ypa\u010d skausmingos temos, kuri\u0173 svarstymas da\u017enai sukelia gin\u010dus vie\u0161ojoje erdv\u0117je ir formuoja neigiamas i\u0161ankstines nuostatas\" \/>\n<meta name=\"robots\" content=\"index, follow, max-snippet:-1, max-image-preview:large, max-video-preview:-1\" \/>\n<link rel=\"canonical\" href=\"https:\/\/skaitytaknyga.lt\/en\/produktas\/austen-ivereigh-kataliku-balsas-kaip-aiskiai-pristatyti-baznycios-pozicija\/\" \/>\n<meta property=\"og:locale\" content=\"en_GB\" \/>\n<meta property=\"og:locale:alternate\" content=\"lt_LT\" \/>\n<meta property=\"og:type\" content=\"article\" \/>\n<meta property=\"og:title\" content=\"Katalik\u0173 balsas. Kaip ai\u0161kiai pristatyti Ba\u017eny\u010dios pozicij\u0105\" \/>\n<meta property=\"og:description\" content=\"Knygoje aptariamos devynios ypa\u010d skausmingos temos, kuri\u0173 svarstymas da\u017enai sukelia gin\u010dus vie\u0161ojoje erdv\u0117je ir formuoja neigiamas i\u0161ankstines nuostatas\" \/>\n<meta property=\"og:url\" content=\"https:\/\/skaitytaknyga.lt\/en\/produktas\/austen-ivereigh-kataliku-balsas-kaip-aiskiai-pristatyti-baznycios-pozicija\/\" \/>\n<meta property=\"og:site_name\" content=\"Skaitytaknyga\" \/>\n<meta property=\"article:publisher\" content=\"https:\/\/www.facebook.com\/skaitytaknyga\/\" \/>\n<meta property=\"article:modified_time\" content=\"2025-05-13T11:43:20+00:00\" \/>\n<meta property=\"og:image\" content=\"https:\/\/skaitytaknyga.lt\/wp-content\/uploads\/2024\/09\/Austen-Ivereigh-\u201eKataliku-balsas.-Kaip-aiskiai-pristatyti-Baznycios-pozicija.webp\" \/>\n\t<meta property=\"og:image:width\" content=\"506\" \/>\n\t<meta property=\"og:image:height\" content=\"800\" \/>\n\t<meta property=\"og:image:type\" content=\"image\/webp\" \/>\n<meta name=\"twitter:card\" content=\"summary_large_image\" \/>\n<meta name=\"twitter:label1\" content=\"Estimated reading time\" \/>\n\t<meta name=\"twitter:data1\" content=\"1 minute\" \/>\n<script type=\"application\/ld+json\" class=\"yoast-schema-graph\">{\"@context\":\"https:\/\/schema.org\",\"@graph\":[{\"@type\":\"WebPage\",\"@id\":\"https:\/\/skaitytaknyga.lt\/produktas\/austen-ivereigh-kataliku-balsas-kaip-aiskiai-pristatyti-baznycios-pozicija\/\",\"url\":\"https:\/\/skaitytaknyga.lt\/produktas\/austen-ivereigh-kataliku-balsas-kaip-aiskiai-pristatyti-baznycios-pozicija\/\",\"name\":\"Katalik\u0173 balsas. Kaip ai\u0161kiai pristatyti Ba\u017eny\u010dios pozicij\u0105\",\"isPartOf\":{\"@id\":\"https:\/\/skaitytaknyga.lt\/#website\"},\"primaryImageOfPage\":{\"@id\":\"https:\/\/skaitytaknyga.lt\/produktas\/austen-ivereigh-kataliku-balsas-kaip-aiskiai-pristatyti-baznycios-pozicija\/#primaryimage\"},\"image\":{\"@id\":\"https:\/\/skaitytaknyga.lt\/produktas\/austen-ivereigh-kataliku-balsas-kaip-aiskiai-pristatyti-baznycios-pozicija\/#primaryimage\"},\"thumbnailUrl\":\"https:\/\/skaitytaknyga.lt\/wp-content\/uploads\/2024\/09\/Austen-Ivereigh-\u201eKataliku-balsas.-Kaip-aiskiai-pristatyti-Baznycios-pozicija.webp\",\"datePublished\":\"2024-05-11T05:52:40+00:00\",\"dateModified\":\"2025-05-13T11:43:20+00:00\",\"description\":\"Knygoje aptariamos devynios ypa\u010d skausmingos temos, kuri\u0173 svarstymas da\u017enai sukelia gin\u010dus vie\u0161ojoje erdv\u0117je ir formuoja neigiamas i\u0161ankstines nuostatas\",\"breadcrumb\":{\"@id\":\"https:\/\/skaitytaknyga.lt\/produktas\/austen-ivereigh-kataliku-balsas-kaip-aiskiai-pristatyti-baznycios-pozicija\/#breadcrumb\"},\"inLanguage\":\"en-GB\",\"potentialAction\":[{\"@type\":\"ReadAction\",\"target\":[\"https:\/\/skaitytaknyga.lt\/produktas\/austen-ivereigh-kataliku-balsas-kaip-aiskiai-pristatyti-baznycios-pozicija\/\"]}]},{\"@type\":\"ImageObject\",\"inLanguage\":\"en-GB\",\"@id\":\"https:\/\/skaitytaknyga.lt\/produktas\/austen-ivereigh-kataliku-balsas-kaip-aiskiai-pristatyti-baznycios-pozicija\/#primaryimage\",\"url\":\"https:\/\/skaitytaknyga.lt\/wp-content\/uploads\/2024\/09\/Austen-Ivereigh-\u201eKataliku-balsas.-Kaip-aiskiai-pristatyti-Baznycios-pozicija.webp\",\"contentUrl\":\"https:\/\/skaitytaknyga.lt\/wp-content\/uploads\/2024\/09\/Austen-Ivereigh-\u201eKataliku-balsas.-Kaip-aiskiai-pristatyti-Baznycios-pozicija.webp\",\"width\":506,\"height\":800,\"caption\":\"Austen Ivereigh \u201eKatalik\u0173 balsas. Kaip ai\u0161kiai pristatyti Ba\u017eny\u010dios pozicij\u0105\u201c\"},{\"@type\":\"BreadcrumbList\",\"@id\":\"https:\/\/skaitytaknyga.lt\/produktas\/austen-ivereigh-kataliku-balsas-kaip-aiskiai-pristatyti-baznycios-pozicija\/#breadcrumb\",\"itemListElement\":[{\"@type\":\"ListItem\",\"position\":1,\"name\":\"Home\",\"item\":\"https:\/\/skaitytaknyga.lt\/\"},{\"@type\":\"ListItem\",\"position\":2,\"name\":\"Parduotuv\u0117\",\"item\":\"https:\/\/skaitytaknyga.lt\/knygu-parduotuve\/\"},{\"@type\":\"ListItem\",\"position\":3,\"name\":\"Katalik\u0173 balsas. Kaip ai\u0161kiai pristatyti Ba\u017eny\u010dios pozicij\u0105\"}]},{\"@type\":\"WebSite\",\"@id\":\"https:\/\/skaitytaknyga.lt\/#website\",\"url\":\"https:\/\/skaitytaknyga.lt\/\",\"name\":\"skaitytaknyga.lt\",\"description\":\"Skaitytaknyga.lt \u2013 tai ma\u017eas \u0161eimos verslas, kuris prasid\u0117jo nuo meil\u0117s knygoms ir siekio i\u0161gelb\u0117ti knygas nuo likimo prie konteinerio. Kas vienam nereikalingas daiktas \u2013 kitam lobis, o mes esame tarpininkai, kurie padeda abiems tapti laimingesniems ???? \u017dinome kaip nelengva i\u0161gyventi ma\u017eiems verslams, tad nuo \u0161iol, \u010dia rasite ir kit\u0173, ma\u017e\u0173 \u0161eim\u0173 versl\u0173, rank\u0173 darbo, dovan\u0173 sau ir artimiesiems.\",\"publisher\":{\"@id\":\"https:\/\/skaitytaknyga.lt\/#organization\"},\"potentialAction\":[{\"@type\":\"SearchAction\",\"target\":{\"@type\":\"EntryPoint\",\"urlTemplate\":\"https:\/\/skaitytaknyga.lt\/?s={search_term_string}\"},\"query-input\":{\"@type\":\"PropertyValueSpecification\",\"valueRequired\":true,\"valueName\":\"search_term_string\"}}],\"inLanguage\":\"en-GB\"},{\"@type\":\"Organization\",\"@id\":\"https:\/\/skaitytaknyga.lt\/#organization\",\"name\":\"skaitytaknyga.lt\",\"url\":\"https:\/\/skaitytaknyga.lt\/\",\"logo\":{\"@type\":\"ImageObject\",\"inLanguage\":\"en-GB\",\"@id\":\"https:\/\/skaitytaknyga.lt\/#\/schema\/logo\/image\/\",\"url\":\"https:\/\/skaitytaknyga.lt\/wp-content\/uploads\/2024\/05\/cropped-cropped-cropped-02_00843_jt3bggkj1j3HLc7SyY6rEUpg.jpeg\",\"contentUrl\":\"https:\/\/skaitytaknyga.lt\/wp-content\/uploads\/2024\/05\/cropped-cropped-cropped-02_00843_jt3bggkj1j3HLc7SyY6rEUpg.jpeg\",\"width\":1600,\"height\":1600,\"caption\":\"skaitytaknyga.lt\"},\"image\":{\"@id\":\"https:\/\/skaitytaknyga.lt\/#\/schema\/logo\/image\/\"},\"sameAs\":[\"https:\/\/www.facebook.com\/skaitytaknyga\/\"]}]}<\/script>\n<!-- \/ Yoast SEO plugin. -->","yoast_head_json":{"title":"Katalik\u0173 balsas. Kaip ai\u0161kiai pristatyti Ba\u017eny\u010dios pozicij\u0105","description":"Knygoje aptariamos devynios ypa\u010d skausmingos temos, kuri\u0173 svarstymas da\u017enai sukelia gin\u010dus vie\u0161ojoje erdv\u0117je ir formuoja neigiamas i\u0161ankstines nuostatas","robots":{"index":"index","follow":"follow","max-snippet":"max-snippet:-1","max-image-preview":"max-image-preview:large","max-video-preview":"max-video-preview:-1"},"canonical":"https:\/\/skaitytaknyga.lt\/en\/produktas\/austen-ivereigh-kataliku-balsas-kaip-aiskiai-pristatyti-baznycios-pozicija\/","og_locale":"en_GB","og_type":"article","og_title":"[:lt]Katalik\u0173 balsas. Kaip ai\u0161kiai pristatyti Ba\u017eny\u010dios pozicij\u0105[:] - Skaitytaknyga","og_description":"Knygoje aptariamos devynios ypa\u010d skausmingos temos, kuri\u0173 svarstymas da\u017enai sukelia gin\u010dus vie\u0161ojoje erdv\u0117je ir formuoja neigiamas i\u0161ankstines nuostatas","og_url":"https:\/\/skaitytaknyga.lt\/en\/produktas\/austen-ivereigh-kataliku-balsas-kaip-aiskiai-pristatyti-baznycios-pozicija\/","og_site_name":"Skaitytaknyga","article_publisher":"https:\/\/www.facebook.com\/skaitytaknyga\/","article_modified_time":"2025-05-13T11:43:20+00:00","og_image":[{"width":506,"height":800,"url":"https:\/\/skaitytaknyga.lt\/wp-content\/uploads\/2024\/09\/Austen-Ivereigh-\u201eKataliku-balsas.-Kaip-aiskiai-pristatyti-Baznycios-pozicija.webp","type":"image\/webp"}],"twitter_card":"summary_large_image","twitter_misc":{"Estimated reading time":"1 minute"},"schema":{"@context":"https:\/\/schema.org","@graph":[{"@type":"WebPage","@id":"https:\/\/skaitytaknyga.lt\/produktas\/austen-ivereigh-kataliku-balsas-kaip-aiskiai-pristatyti-baznycios-pozicija\/","url":"https:\/\/skaitytaknyga.lt\/produktas\/austen-ivereigh-kataliku-balsas-kaip-aiskiai-pristatyti-baznycios-pozicija\/","name":"Katalik\u0173 balsas. Kaip ai\u0161kiai pristatyti Ba\u017eny\u010dios pozicij\u0105","isPartOf":{"@id":"https:\/\/skaitytaknyga.lt\/#website"},"primaryImageOfPage":{"@id":"https:\/\/skaitytaknyga.lt\/produktas\/austen-ivereigh-kataliku-balsas-kaip-aiskiai-pristatyti-baznycios-pozicija\/#primaryimage"},"image":{"@id":"https:\/\/skaitytaknyga.lt\/produktas\/austen-ivereigh-kataliku-balsas-kaip-aiskiai-pristatyti-baznycios-pozicija\/#primaryimage"},"thumbnailUrl":"https:\/\/skaitytaknyga.lt\/wp-content\/uploads\/2024\/09\/Austen-Ivereigh-\u201eKataliku-balsas.-Kaip-aiskiai-pristatyti-Baznycios-pozicija.webp","datePublished":"2024-05-11T05:52:40+00:00","dateModified":"2025-05-13T11:43:20+00:00","description":"Knygoje aptariamos devynios ypa\u010d skausmingos temos, kuri\u0173 svarstymas da\u017enai sukelia gin\u010dus vie\u0161ojoje erdv\u0117je ir formuoja neigiamas i\u0161ankstines nuostatas","breadcrumb":{"@id":"https:\/\/skaitytaknyga.lt\/produktas\/austen-ivereigh-kataliku-balsas-kaip-aiskiai-pristatyti-baznycios-pozicija\/#breadcrumb"},"inLanguage":"en-GB","potentialAction":[{"@type":"ReadAction","target":["https:\/\/skaitytaknyga.lt\/produktas\/austen-ivereigh-kataliku-balsas-kaip-aiskiai-pristatyti-baznycios-pozicija\/"]}]},{"@type":"ImageObject","inLanguage":"en-GB","@id":"https:\/\/skaitytaknyga.lt\/produktas\/austen-ivereigh-kataliku-balsas-kaip-aiskiai-pristatyti-baznycios-pozicija\/#primaryimage","url":"https:\/\/skaitytaknyga.lt\/wp-content\/uploads\/2024\/09\/Austen-Ivereigh-\u201eKataliku-balsas.-Kaip-aiskiai-pristatyti-Baznycios-pozicija.webp","contentUrl":"https:\/\/skaitytaknyga.lt\/wp-content\/uploads\/2024\/09\/Austen-Ivereigh-\u201eKataliku-balsas.-Kaip-aiskiai-pristatyti-Baznycios-pozicija.webp","width":506,"height":800,"caption":"Austen Ivereigh \u201eKatalik\u0173 balsas. Kaip ai\u0161kiai pristatyti Ba\u017eny\u010dios pozicij\u0105\u201c"},{"@type":"BreadcrumbList","@id":"https:\/\/skaitytaknyga.lt\/produktas\/austen-ivereigh-kataliku-balsas-kaip-aiskiai-pristatyti-baznycios-pozicija\/#breadcrumb","itemListElement":[{"@type":"ListItem","position":1,"name":"Home","item":"https:\/\/skaitytaknyga.lt\/"},{"@type":"ListItem","position":2,"name":"Parduotuv\u0117","item":"https:\/\/skaitytaknyga.lt\/knygu-parduotuve\/"},{"@type":"ListItem","position":3,"name":"Katalik\u0173 balsas. Kaip ai\u0161kiai pristatyti Ba\u017eny\u010dios pozicij\u0105"}]},{"@type":"WebSite","@id":"https:\/\/skaitytaknyga.lt\/#website","url":"https:\/\/skaitytaknyga.lt\/","name":"skaitytaknyga.lt","description":"Skaitytaknyga.lt \u2013 tai ma\u017eas \u0161eimos verslas, kuris prasid\u0117jo nuo meil\u0117s knygoms ir siekio i\u0161gelb\u0117ti knygas nuo likimo prie konteinerio. Kas vienam nereikalingas daiktas \u2013 kitam lobis, o mes esame tarpininkai, kurie padeda abiems tapti laimingesniems ???? \u017dinome kaip nelengva i\u0161gyventi ma\u017eiems verslams, tad nuo \u0161iol, \u010dia rasite ir kit\u0173, ma\u017e\u0173 \u0161eim\u0173 versl\u0173, rank\u0173 darbo, dovan\u0173 sau ir artimiesiems.","publisher":{"@id":"https:\/\/skaitytaknyga.lt\/#organization"},"potentialAction":[{"@type":"SearchAction","target":{"@type":"EntryPoint","urlTemplate":"https:\/\/skaitytaknyga.lt\/?s={search_term_string}"},"query-input":{"@type":"PropertyValueSpecification","valueRequired":true,"valueName":"search_term_string"}}],"inLanguage":"en-GB"},{"@type":"Organization","@id":"https:\/\/skaitytaknyga.lt\/#organization","name":"skaitytaknyga.lt","url":"https:\/\/skaitytaknyga.lt\/","logo":{"@type":"ImageObject","inLanguage":"en-GB","@id":"https:\/\/skaitytaknyga.lt\/#\/schema\/logo\/image\/","url":"https:\/\/skaitytaknyga.lt\/wp-content\/uploads\/2024\/05\/cropped-cropped-cropped-02_00843_jt3bggkj1j3HLc7SyY6rEUpg.jpeg","contentUrl":"https:\/\/skaitytaknyga.lt\/wp-content\/uploads\/2024\/05\/cropped-cropped-cropped-02_00843_jt3bggkj1j3HLc7SyY6rEUpg.jpeg","width":1600,"height":1600,"caption":"skaitytaknyga.lt"},"image":{"@id":"https:\/\/skaitytaknyga.lt\/#\/schema\/logo\/image\/"},"sameAs":["https:\/\/www.facebook.com\/skaitytaknyga\/"]}]}},"_links":{"self":[{"href":"https:\/\/skaitytaknyga.lt\/en\/wp-json\/wp\/v2\/product\/13904","targetHints":{"allow":["GET"]}}],"collection":[{"href":"https:\/\/skaitytaknyga.lt\/en\/wp-json\/wp\/v2\/product"}],"about":[{"href":"https:\/\/skaitytaknyga.lt\/en\/wp-json\/wp\/v2\/types\/product"}],"replies":[{"embeddable":true,"href":"https:\/\/skaitytaknyga.lt\/en\/wp-json\/wp\/v2\/comments?post=13904"}],"wp:featuredmedia":[{"embeddable":true,"href":"https:\/\/skaitytaknyga.lt\/en\/wp-json\/wp\/v2\/media\/13914"}],"wp:attachment":[{"href":"https:\/\/skaitytaknyga.lt\/en\/wp-json\/wp\/v2\/media?parent=13904"}],"wp:term":[{"taxonomy":"product_brand","embeddable":true,"href":"https:\/\/skaitytaknyga.lt\/en\/wp-json\/wp\/v2\/product_brand?post=13904"},{"taxonomy":"product_cat","embeddable":true,"href":"https:\/\/skaitytaknyga.lt\/en\/wp-json\/wp\/v2\/product_cat?post=13904"},{"taxonomy":"product_tag","embeddable":true,"href":"https:\/\/skaitytaknyga.lt\/en\/wp-json\/wp\/v2\/product_tag?post=13904"}],"curies":[{"name":"wp","href":"https:\/\/api.w.org\/{rel}","templated":true}]}}