{"id":13903,"date":"2024-06-11T08:52:40","date_gmt":"2024-06-11T05:52:40","guid":{"rendered":"https:\/\/skaitytaknyga.lt\/?post_type=product&#038;p=13903"},"modified":"2024-09-11T09:40:36","modified_gmt":"2024-09-11T06:40:36","slug":"viktorija-grumblyte-akimirksniu","status":"publish","type":"product","link":"https:\/\/skaitytaknyga.lt\/en\/produktas\/viktorija-grumblyte-akimirksniu\/","title":{"rendered":"Viktorija Grumblyt\u0117 \u201eAkimirksniu\u201c"},"content":{"rendered":"<p>I\u0161 pirmo \u017evilgsnio Inos gyvenimas niekuo nesiskiria nuo \u012fprasto \u017emogaus gyvenimo. Ta\u010diau mergina jau\u010dia tu\u0161tum\u0105. Ji tarsi stebi savo kasdienyb\u0119 i\u0161 \u0161alies, bet nesijau\u010dia esanti gyva. Ne\u017einia i\u0161 kur atsirad\u0119s adresas ant pie\u0161iamo natiurmorto padeda Inai su\u017einoti apie studijuoti \u012f Miunchen\u0105 i\u0161vykusios sesers Ninos gyvenim\u0105 ir jos ilgai sl\u0117pt\u0105 draug\u0105 Edgar\u0105. Prasideda paslap\u010di\u0173 ir u\u017euomin\u0173 kupinos Ninos istorijos fragment\u0173 paie\u0161kos.<\/p>\n<p>Pasin\u0117rusi \u012f sesers praeities narpliojim\u0105 mergina visai pamir\u0161ta save, pradeda nepasitik\u0117ti ir \u012ftarin\u0117ti pa\u010dius artimiausius \u017emones. Pavargusi nuo svetim\u0173 problem\u0173 Ina nusprend\u017eia visk\u0105 pamir\u0161ti ir gyventi savo gyvenim\u0105, palikdama sesers paslaptis praeityje \u2013 ten, kur jos ir tur\u0117jo likti. Ta\u010diau&#8230; atsigr\u0119\u017eti \u012f save jau per v\u0117lu.<\/p>\n<ul class=\"about-product d-none d-xl-block mt-4\">\n<li><strong>Autorius:<\/strong>\u00a0Viktorija Grumblyt\u0117<\/li>\n<li><strong>Leid\u0117jas:<\/strong>\u00a0Tobul\u0117jimo projektai<\/li>\n<li><strong>Metai:<\/strong>\u00a02017<\/li>\n<li><strong>Puslapiai:<\/strong>\u00a0157<\/li>\n<li><strong>ISBN:<\/strong>\u00a09786098210064<\/li>\n<li><strong>Formatas:<\/strong>\u00a015 x 21,6 x 1,5 cm, kieti vir\u0161eliai<\/li>\n<li><strong>Kalba:<\/strong>\u00a0Lietuvi\u0173<\/li>\n<\/ul>\n","protected":false},"excerpt":{"rendered":"<p>I\u0161 pirmo \u017evilgsnio Inos gyvenimas niekuo nesiskiria nuo \u012fprasto \u017emogaus gyvenimo. Ta\u010diau mergina jau\u010dia tu\u0161tum\u0105. Ji tarsi stebi savo kasdienyb\u0119 i\u0161 \u0161alies, bet nesijau\u010dia esanti gyva. Ne\u017einia i\u0161 kur atsirad\u0119s adresas ant pie\u0161iamo natiurmorto padeda Inai su\u017einoti apie studijuoti \u012f Miunchen\u0105 i\u0161vykusios sesers Ninos gyvenim\u0105 ir jos ilgai sl\u0117pt\u0105 draug\u0105 Edgar\u0105. Prasideda paslap\u010di\u0173 ir u\u017euomin\u0173 kupinos Ninos istorijos fragment\u0173 paie\u0161kos. Pasin\u0117rusi \u012f sesers praeities narpliojim\u0105 mergina visai pamir\u0161ta save, pradeda nepasitik\u0117ti ir \u012ftarin\u0117ti pa\u010dius artimiausius \u017emones. Pavargusi nuo svetim\u0173 problem\u0173 Ina nusprend\u017eia visk\u0105 pamir\u0161ti ir gyventi savo gyvenim\u0105, palikdama sesers paslaptis praeityje \u2013 ten, kur jos ir tur\u0117jo likti. Ta\u010diau&#8230; atsigr\u0119\u017eti \u012f save jau per v\u0117lu. Autorius:\u00a0Viktorija Grumblyt\u0117 Leid\u0117jas:\u00a0Tobul\u0117jimo projektai Metai:\u00a02017 Puslapiai:\u00a0157 ISBN:\u00a09786098210064 Formatas:\u00a015 x 21,6 x 1,5 cm, kieti vir\u0161eliai Kalba:\u00a0Lietuvi\u0173<\/p>\n","protected":false},"featured_media":13916,"comment_status":"open","ping_status":"closed","template":"","meta":{"_acf_changed":false,"site-sidebar-layout":"default","site-content-layout":"","ast-site-content-layout":"default","site-content-style":"default","site-sidebar-style":"default","ast-global-header-display":"","ast-banner-title-visibility":"","ast-main-header-display":"","ast-hfb-above-header-display":"","ast-hfb-below-header-display":"","ast-hfb-mobile-header-display":"","site-post-title":"","ast-breadcrumbs-content":"","ast-featured-img":"","footer-sml-layout":"","ast-disable-related-posts":"","theme-transparent-header-meta":"default","adv-header-id-meta":"","stick-header-meta":"","header-above-stick-meta":"","header-main-stick-meta":"","header-below-stick-meta":"","astra-migrate-meta-layouts":"set","ast-page-background-enabled":"default","ast-page-background-meta":{"desktop":{"background-color":"","background-image":"","background-repeat":"repeat","background-position":"center center","background-size":"auto","background-attachment":"scroll","background-type":"","background-media":"","overlay-type":"","overlay-color":"","overlay-opacity":"","overlay-gradient":""},"tablet":{"background-color":"","background-image":"","background-repeat":"repeat","background-position":"center center","background-size":"auto","background-attachment":"scroll","background-type":"","background-media":"","overlay-type":"","overlay-color":"","overlay-opacity":"","overlay-gradient":""},"mobile":{"background-color":"","background-image":"","background-repeat":"repeat","background-position":"center center","background-size":"auto","background-attachment":"scroll","background-type":"","background-media":"","overlay-type":"","overlay-color":"","overlay-opacity":"","overlay-gradient":""}},"ast-content-background-meta":{"desktop":{"background-color":"var(--ast-global-color-4)","background-image":"","background-repeat":"repeat","background-position":"center center","background-size":"auto","background-attachment":"scroll","background-type":"","background-media":"","overlay-type":"","overlay-color":"","overlay-opacity":"","overlay-gradient":""},"tablet":{"background-color":"var(--ast-global-color-4)","background-image":"","background-repeat":"repeat","background-position":"center center","background-size":"auto","background-attachment":"scroll","background-type":"","background-media":"","overlay-type":"","overlay-color":"","overlay-opacity":"","overlay-gradient":""},"mobile":{"background-color":"var(--ast-global-color-4)","background-image":"","background-repeat":"repeat","background-position":"center center","background-size":"auto","background-attachment":"scroll","background-type":"","background-media":"","overlay-type":"","overlay-color":"","overlay-opacity":"","overlay-gradient":""}}},"product_brand":[],"product_cat":[31,15],"product_tag":[],"class_list":{"0":"post-13903","1":"product","2":"type-product","3":"status-publish","4":"has-post-thumbnail","6":"product_cat-grozine-literatura","7":"product_cat-uncategorized","8":"desktop-align-left","9":"tablet-align-left","10":"mobile-align-left","12":"first","13":"instock","14":"shipping-taxable","15":"purchasable","16":"product-type-simple"},"acf":[],"yoast_head":"<!-- This site is optimized with the Yoast SEO plugin v27.0 - https:\/\/yoast.com\/product\/yoast-seo-wordpress\/ -->\n<title>Viktorija Grumblyt\u0117 \u201eAkimirksniu\u201c<\/title>\n<meta name=\"description\" content=\"I\u0161 pirmo \u017evilgsnio Inos gyvenimas niekuo nesiskiria nuo \u012fprasto \u017emogaus gyvenimo. Ta\u010diau mergina jau\u010dia tu\u0161tum\u0105. Ji tarsi stebi savo kasdienyb\u0119 i\u0161 \u0161alies,\" \/>\n<meta name=\"robots\" content=\"index, follow, max-snippet:-1, max-image-preview:large, max-video-preview:-1\" \/>\n<link rel=\"canonical\" href=\"https:\/\/skaitytaknyga.lt\/en\/produktas\/viktorija-grumblyte-akimirksniu\/\" \/>\n<meta property=\"og:locale\" content=\"en_GB\" \/>\n<meta property=\"og:locale:alternate\" content=\"lt_LT\" \/>\n<meta property=\"og:type\" content=\"article\" \/>\n<meta property=\"og:title\" content=\"Viktorija Grumblyt\u0117 \u201eAkimirksniu\u201c\" \/>\n<meta property=\"og:description\" content=\"I\u0161 pirmo \u017evilgsnio Inos gyvenimas niekuo nesiskiria nuo \u012fprasto \u017emogaus gyvenimo. Ta\u010diau mergina jau\u010dia tu\u0161tum\u0105. Ji tarsi stebi savo kasdienyb\u0119 i\u0161 \u0161alies,\" \/>\n<meta property=\"og:url\" content=\"https:\/\/skaitytaknyga.lt\/en\/produktas\/viktorija-grumblyte-akimirksniu\/\" \/>\n<meta property=\"og:site_name\" content=\"Skaitytaknyga\" \/>\n<meta property=\"article:publisher\" content=\"https:\/\/www.facebook.com\/skaitytaknyga\/\" \/>\n<meta property=\"article:modified_time\" content=\"2024-09-11T06:40:36+00:00\" \/>\n<meta property=\"og:image\" content=\"https:\/\/skaitytaknyga.lt\/wp-content\/uploads\/2024\/09\/Viktorija-Grumblyte-\u201eAkimirksniu.jpg\" \/>\n\t<meta property=\"og:image:width\" content=\"600\" \/>\n\t<meta property=\"og:image:height\" content=\"878\" \/>\n\t<meta property=\"og:image:type\" content=\"image\/jpeg\" \/>\n<meta name=\"twitter:card\" content=\"summary_large_image\" \/>\n<meta name=\"twitter:label1\" content=\"Estimated reading time\" \/>\n\t<meta name=\"twitter:data1\" content=\"1 minute\" \/>\n<script type=\"application\/ld+json\" class=\"yoast-schema-graph\">{\"@context\":\"https:\/\/schema.org\",\"@graph\":[{\"@type\":\"WebPage\",\"@id\":\"https:\/\/skaitytaknyga.lt\/produktas\/viktorija-grumblyte-akimirksniu\/\",\"url\":\"https:\/\/skaitytaknyga.lt\/produktas\/viktorija-grumblyte-akimirksniu\/\",\"name\":\"Viktorija Grumblyt\u0117 \u201eAkimirksniu\u201c\",\"isPartOf\":{\"@id\":\"https:\/\/skaitytaknyga.lt\/#website\"},\"primaryImageOfPage\":{\"@id\":\"https:\/\/skaitytaknyga.lt\/produktas\/viktorija-grumblyte-akimirksniu\/#primaryimage\"},\"image\":{\"@id\":\"https:\/\/skaitytaknyga.lt\/produktas\/viktorija-grumblyte-akimirksniu\/#primaryimage\"},\"thumbnailUrl\":\"https:\/\/skaitytaknyga.lt\/wp-content\/uploads\/2024\/09\/Viktorija-Grumblyte-\u201eAkimirksniu.jpg\",\"datePublished\":\"2024-06-11T05:52:40+00:00\",\"dateModified\":\"2024-09-11T06:40:36+00:00\",\"description\":\"I\u0161 pirmo \u017evilgsnio Inos gyvenimas niekuo nesiskiria nuo \u012fprasto \u017emogaus gyvenimo. Ta\u010diau mergina jau\u010dia tu\u0161tum\u0105. Ji tarsi stebi savo kasdienyb\u0119 i\u0161 \u0161alies,\",\"breadcrumb\":{\"@id\":\"https:\/\/skaitytaknyga.lt\/produktas\/viktorija-grumblyte-akimirksniu\/#breadcrumb\"},\"inLanguage\":\"en-GB\",\"potentialAction\":[{\"@type\":\"ReadAction\",\"target\":[\"https:\/\/skaitytaknyga.lt\/produktas\/viktorija-grumblyte-akimirksniu\/\"]}]},{\"@type\":\"ImageObject\",\"inLanguage\":\"en-GB\",\"@id\":\"https:\/\/skaitytaknyga.lt\/produktas\/viktorija-grumblyte-akimirksniu\/#primaryimage\",\"url\":\"https:\/\/skaitytaknyga.lt\/wp-content\/uploads\/2024\/09\/Viktorija-Grumblyte-\u201eAkimirksniu.jpg\",\"contentUrl\":\"https:\/\/skaitytaknyga.lt\/wp-content\/uploads\/2024\/09\/Viktorija-Grumblyte-\u201eAkimirksniu.jpg\",\"width\":600,\"height\":878,\"caption\":\"Viktorija Grumblyt\u0117 \u201eAkimirksniu\u201c\"},{\"@type\":\"BreadcrumbList\",\"@id\":\"https:\/\/skaitytaknyga.lt\/produktas\/viktorija-grumblyte-akimirksniu\/#breadcrumb\",\"itemListElement\":[{\"@type\":\"ListItem\",\"position\":1,\"name\":\"Home\",\"item\":\"https:\/\/skaitytaknyga.lt\/\"},{\"@type\":\"ListItem\",\"position\":2,\"name\":\"Parduotuv\u0117\",\"item\":\"https:\/\/skaitytaknyga.lt\/knygu-parduotuve\/\"},{\"@type\":\"ListItem\",\"position\":3,\"name\":\"Viktorija Grumblyt\u0117 \u201eAkimirksniu\u201c\"}]},{\"@type\":\"WebSite\",\"@id\":\"https:\/\/skaitytaknyga.lt\/#website\",\"url\":\"https:\/\/skaitytaknyga.lt\/\",\"name\":\"skaitytaknyga.lt\",\"description\":\"Skaitytaknyga.lt \u2013 tai ma\u017eas \u0161eimos verslas, kuris prasid\u0117jo nuo meil\u0117s knygoms ir siekio i\u0161gelb\u0117ti knygas nuo likimo prie konteinerio. Kas vienam nereikalingas daiktas \u2013 kitam lobis, o mes esame tarpininkai, kurie padeda abiems tapti laimingesniems ???? \u017dinome kaip nelengva i\u0161gyventi ma\u017eiems verslams, tad nuo \u0161iol, \u010dia rasite ir kit\u0173, ma\u017e\u0173 \u0161eim\u0173 versl\u0173, rank\u0173 darbo, dovan\u0173 sau ir artimiesiems.\",\"publisher\":{\"@id\":\"https:\/\/skaitytaknyga.lt\/#organization\"},\"potentialAction\":[{\"@type\":\"SearchAction\",\"target\":{\"@type\":\"EntryPoint\",\"urlTemplate\":\"https:\/\/skaitytaknyga.lt\/?s={search_term_string}\"},\"query-input\":{\"@type\":\"PropertyValueSpecification\",\"valueRequired\":true,\"valueName\":\"search_term_string\"}}],\"inLanguage\":\"en-GB\"},{\"@type\":\"Organization\",\"@id\":\"https:\/\/skaitytaknyga.lt\/#organization\",\"name\":\"skaitytaknyga.lt\",\"url\":\"https:\/\/skaitytaknyga.lt\/\",\"logo\":{\"@type\":\"ImageObject\",\"inLanguage\":\"en-GB\",\"@id\":\"https:\/\/skaitytaknyga.lt\/#\/schema\/logo\/image\/\",\"url\":\"https:\/\/skaitytaknyga.lt\/wp-content\/uploads\/2024\/05\/cropped-cropped-cropped-02_00843_jt3bggkj1j3HLc7SyY6rEUpg.jpeg\",\"contentUrl\":\"https:\/\/skaitytaknyga.lt\/wp-content\/uploads\/2024\/05\/cropped-cropped-cropped-02_00843_jt3bggkj1j3HLc7SyY6rEUpg.jpeg\",\"width\":1600,\"height\":1600,\"caption\":\"skaitytaknyga.lt\"},\"image\":{\"@id\":\"https:\/\/skaitytaknyga.lt\/#\/schema\/logo\/image\/\"},\"sameAs\":[\"https:\/\/www.facebook.com\/skaitytaknyga\/\"]}]}<\/script>\n<!-- \/ Yoast SEO plugin. -->","yoast_head_json":{"title":"Viktorija Grumblyt\u0117 \u201eAkimirksniu\u201c","description":"I\u0161 pirmo \u017evilgsnio Inos gyvenimas niekuo nesiskiria nuo \u012fprasto \u017emogaus gyvenimo. Ta\u010diau mergina jau\u010dia tu\u0161tum\u0105. Ji tarsi stebi savo kasdienyb\u0119 i\u0161 \u0161alies,","robots":{"index":"index","follow":"follow","max-snippet":"max-snippet:-1","max-image-preview":"max-image-preview:large","max-video-preview":"max-video-preview:-1"},"canonical":"https:\/\/skaitytaknyga.lt\/en\/produktas\/viktorija-grumblyte-akimirksniu\/","og_locale":"en_GB","og_type":"article","og_title":"[:lt]Viktorija Grumblyt\u0117 \u201eAkimirksniu\u201c[:] - Skaitytaknyga","og_description":"I\u0161 pirmo \u017evilgsnio Inos gyvenimas niekuo nesiskiria nuo \u012fprasto \u017emogaus gyvenimo. Ta\u010diau mergina jau\u010dia tu\u0161tum\u0105. Ji tarsi stebi savo kasdienyb\u0119 i\u0161 \u0161alies,","og_url":"https:\/\/skaitytaknyga.lt\/en\/produktas\/viktorija-grumblyte-akimirksniu\/","og_site_name":"Skaitytaknyga","article_publisher":"https:\/\/www.facebook.com\/skaitytaknyga\/","article_modified_time":"2024-09-11T06:40:36+00:00","og_image":[{"width":600,"height":878,"url":"https:\/\/skaitytaknyga.lt\/wp-content\/uploads\/2024\/09\/Viktorija-Grumblyte-\u201eAkimirksniu.jpg","type":"image\/jpeg"}],"twitter_card":"summary_large_image","twitter_misc":{"Estimated reading time":"1 minute"},"schema":{"@context":"https:\/\/schema.org","@graph":[{"@type":"WebPage","@id":"https:\/\/skaitytaknyga.lt\/produktas\/viktorija-grumblyte-akimirksniu\/","url":"https:\/\/skaitytaknyga.lt\/produktas\/viktorija-grumblyte-akimirksniu\/","name":"Viktorija Grumblyt\u0117 \u201eAkimirksniu\u201c","isPartOf":{"@id":"https:\/\/skaitytaknyga.lt\/#website"},"primaryImageOfPage":{"@id":"https:\/\/skaitytaknyga.lt\/produktas\/viktorija-grumblyte-akimirksniu\/#primaryimage"},"image":{"@id":"https:\/\/skaitytaknyga.lt\/produktas\/viktorija-grumblyte-akimirksniu\/#primaryimage"},"thumbnailUrl":"https:\/\/skaitytaknyga.lt\/wp-content\/uploads\/2024\/09\/Viktorija-Grumblyte-\u201eAkimirksniu.jpg","datePublished":"2024-06-11T05:52:40+00:00","dateModified":"2024-09-11T06:40:36+00:00","description":"I\u0161 pirmo \u017evilgsnio Inos gyvenimas niekuo nesiskiria nuo \u012fprasto \u017emogaus gyvenimo. Ta\u010diau mergina jau\u010dia tu\u0161tum\u0105. Ji tarsi stebi savo kasdienyb\u0119 i\u0161 \u0161alies,","breadcrumb":{"@id":"https:\/\/skaitytaknyga.lt\/produktas\/viktorija-grumblyte-akimirksniu\/#breadcrumb"},"inLanguage":"en-GB","potentialAction":[{"@type":"ReadAction","target":["https:\/\/skaitytaknyga.lt\/produktas\/viktorija-grumblyte-akimirksniu\/"]}]},{"@type":"ImageObject","inLanguage":"en-GB","@id":"https:\/\/skaitytaknyga.lt\/produktas\/viktorija-grumblyte-akimirksniu\/#primaryimage","url":"https:\/\/skaitytaknyga.lt\/wp-content\/uploads\/2024\/09\/Viktorija-Grumblyte-\u201eAkimirksniu.jpg","contentUrl":"https:\/\/skaitytaknyga.lt\/wp-content\/uploads\/2024\/09\/Viktorija-Grumblyte-\u201eAkimirksniu.jpg","width":600,"height":878,"caption":"Viktorija Grumblyt\u0117 \u201eAkimirksniu\u201c"},{"@type":"BreadcrumbList","@id":"https:\/\/skaitytaknyga.lt\/produktas\/viktorija-grumblyte-akimirksniu\/#breadcrumb","itemListElement":[{"@type":"ListItem","position":1,"name":"Home","item":"https:\/\/skaitytaknyga.lt\/"},{"@type":"ListItem","position":2,"name":"Parduotuv\u0117","item":"https:\/\/skaitytaknyga.lt\/knygu-parduotuve\/"},{"@type":"ListItem","position":3,"name":"Viktorija Grumblyt\u0117 \u201eAkimirksniu\u201c"}]},{"@type":"WebSite","@id":"https:\/\/skaitytaknyga.lt\/#website","url":"https:\/\/skaitytaknyga.lt\/","name":"skaitytaknyga.lt","description":"Skaitytaknyga.lt \u2013 tai ma\u017eas \u0161eimos verslas, kuris prasid\u0117jo nuo meil\u0117s knygoms ir siekio i\u0161gelb\u0117ti knygas nuo likimo prie konteinerio. Kas vienam nereikalingas daiktas \u2013 kitam lobis, o mes esame tarpininkai, kurie padeda abiems tapti laimingesniems ???? \u017dinome kaip nelengva i\u0161gyventi ma\u017eiems verslams, tad nuo \u0161iol, \u010dia rasite ir kit\u0173, ma\u017e\u0173 \u0161eim\u0173 versl\u0173, rank\u0173 darbo, dovan\u0173 sau ir artimiesiems.","publisher":{"@id":"https:\/\/skaitytaknyga.lt\/#organization"},"potentialAction":[{"@type":"SearchAction","target":{"@type":"EntryPoint","urlTemplate":"https:\/\/skaitytaknyga.lt\/?s={search_term_string}"},"query-input":{"@type":"PropertyValueSpecification","valueRequired":true,"valueName":"search_term_string"}}],"inLanguage":"en-GB"},{"@type":"Organization","@id":"https:\/\/skaitytaknyga.lt\/#organization","name":"skaitytaknyga.lt","url":"https:\/\/skaitytaknyga.lt\/","logo":{"@type":"ImageObject","inLanguage":"en-GB","@id":"https:\/\/skaitytaknyga.lt\/#\/schema\/logo\/image\/","url":"https:\/\/skaitytaknyga.lt\/wp-content\/uploads\/2024\/05\/cropped-cropped-cropped-02_00843_jt3bggkj1j3HLc7SyY6rEUpg.jpeg","contentUrl":"https:\/\/skaitytaknyga.lt\/wp-content\/uploads\/2024\/05\/cropped-cropped-cropped-02_00843_jt3bggkj1j3HLc7SyY6rEUpg.jpeg","width":1600,"height":1600,"caption":"skaitytaknyga.lt"},"image":{"@id":"https:\/\/skaitytaknyga.lt\/#\/schema\/logo\/image\/"},"sameAs":["https:\/\/www.facebook.com\/skaitytaknyga\/"]}]}},"_links":{"self":[{"href":"https:\/\/skaitytaknyga.lt\/en\/wp-json\/wp\/v2\/product\/13903","targetHints":{"allow":["GET"]}}],"collection":[{"href":"https:\/\/skaitytaknyga.lt\/en\/wp-json\/wp\/v2\/product"}],"about":[{"href":"https:\/\/skaitytaknyga.lt\/en\/wp-json\/wp\/v2\/types\/product"}],"replies":[{"embeddable":true,"href":"https:\/\/skaitytaknyga.lt\/en\/wp-json\/wp\/v2\/comments?post=13903"}],"wp:featuredmedia":[{"embeddable":true,"href":"https:\/\/skaitytaknyga.lt\/en\/wp-json\/wp\/v2\/media\/13916"}],"wp:attachment":[{"href":"https:\/\/skaitytaknyga.lt\/en\/wp-json\/wp\/v2\/media?parent=13903"}],"wp:term":[{"taxonomy":"product_brand","embeddable":true,"href":"https:\/\/skaitytaknyga.lt\/en\/wp-json\/wp\/v2\/product_brand?post=13903"},{"taxonomy":"product_cat","embeddable":true,"href":"https:\/\/skaitytaknyga.lt\/en\/wp-json\/wp\/v2\/product_cat?post=13903"},{"taxonomy":"product_tag","embeddable":true,"href":"https:\/\/skaitytaknyga.lt\/en\/wp-json\/wp\/v2\/product_tag?post=13903"}],"curies":[{"name":"wp","href":"https:\/\/api.w.org\/{rel}","templated":true}]}}