{"id":13902,"date":"2024-05-11T08:52:40","date_gmt":"2024-05-11T05:52:40","guid":{"rendered":"https:\/\/skaitytaknyga.lt\/?post_type=product&#038;p=13902"},"modified":"2024-09-11T09:34:09","modified_gmt":"2024-09-11T06:34:09","slug":"jozef-ignacy-kraszewski-ada","status":"publish","type":"product","link":"https:\/\/skaitytaknyga.lt\/en\/produktas\/jozef-ignacy-kraszewski-ada\/","title":{"rendered":"Jozef Ignacy Kraszewski \u201eAda\u201c"},"content":{"rendered":"<p>Ados gyvenimo istorija nepaprasta. Ji \u2013 ypatinga moteris, i\u0161silavinusi, protinga ir i\u0161didi. Malonaus veido, skvarbaus \u017evilgsnio, m\u0105slios kaktos, i\u0161rai\u0161king\u0173 l\u016bp\u0173. Jai nenusilenkti buvo ne\u012fmanoma. Ta\u010diau, nors Ada nuostabiai gra\u017ei, ji nepana\u0161i \u012f rom\u0173 angel\u0105 \u2013 nem\u0117go nuobod\u017eiauti, skait\u0117 knygas, tyrin\u0117jo save ir kitus \u017emones, j\u0173 gyvenimus.<\/p>\n<p>Draugyst\u0117 su paprastu vaikinuku Robertu Jazyga jai buvo ka\u017ekas naujo. Simpatij\u0105 jaunuoliui ai\u0161kino motini\u0161ku, nekaltu prisiri\u0161imu ir nemat\u0117 nieko nepadoraus ar keisto, kad jo ilgisi, nori j\u012f matyti \u0161alia. Ada ne\u017ei\u016br\u0117jo \u012f rytdienos bedugn\u0119!<\/p>\n<p>Ji buvo \u012fsitikinusi, kad kiekviena meil\u0117 gyva \u0161ia diena.<\/p>\n<ul class=\"about-product d-none d-xl-block mt-4\">\n<li><strong>Autorius:<\/strong>\u00a0Jozef Ignacy Kraszewski<\/li>\n<li><strong>Leid\u0117jas:<\/strong>\u00a0Versus Aureus<\/li>\n<li><strong>Metai:<\/strong>\u00a02010<\/li>\n<li><strong>Puslapiai:<\/strong>\u00a0414<\/li>\n<li><strong>ISBN:<\/strong>\u00a09789955163527<\/li>\n<li><strong>Versijos kodas:<\/strong>\u00a0PT.<\/li>\n<li><strong>Formatas:<\/strong>\u00a023 x 15 cm, mink\u0161ti vir\u0161eliai<\/li>\n<li><strong>Kalba:<\/strong>\u00a0Lietuvi\u0173<\/li>\n<li><strong>Vert\u0117jas:<\/strong>\u00a0Irena Aleksait\u0117<\/li>\n<\/ul>\n","protected":false},"excerpt":{"rendered":"<p>Ados gyvenimo istorija nepaprasta. Ji \u2013 ypatinga moteris, i\u0161silavinusi, protinga ir i\u0161didi. Malonaus veido, skvarbaus \u017evilgsnio, m\u0105slios kaktos, i\u0161rai\u0161king\u0173 l\u016bp\u0173. Jai nenusilenkti buvo ne\u012fmanoma. Ta\u010diau, nors Ada nuostabiai gra\u017ei, ji nepana\u0161i \u012f rom\u0173 angel\u0105 \u2013 nem\u0117go nuobod\u017eiauti, skait\u0117 knygas, tyrin\u0117jo save ir kitus \u017emones, j\u0173 gyvenimus. Draugyst\u0117 su paprastu vaikinuku Robertu Jazyga jai buvo ka\u017ekas naujo. Simpatij\u0105 jaunuoliui ai\u0161kino motini\u0161ku, nekaltu prisiri\u0161imu ir nemat\u0117 nieko nepadoraus ar keisto, kad jo ilgisi, nori j\u012f matyti \u0161alia. Ada ne\u017ei\u016br\u0117jo \u012f rytdienos bedugn\u0119! Ji buvo \u012fsitikinusi, kad kiekviena meil\u0117 gyva \u0161ia diena. Autorius:\u00a0Jozef Ignacy Kraszewski Leid\u0117jas:\u00a0Versus Aureus Metai:\u00a02010 Puslapiai:\u00a0414 ISBN:\u00a09789955163527 Versijos kodas:\u00a0PT. Formatas:\u00a023 x 15 cm, mink\u0161ti vir\u0161eliai Kalba:\u00a0Lietuvi\u0173 Vert\u0117jas:\u00a0Irena Aleksait\u0117<\/p>\n","protected":false},"featured_media":13907,"comment_status":"open","ping_status":"closed","template":"","meta":{"_acf_changed":false,"site-sidebar-layout":"default","site-content-layout":"","ast-site-content-layout":"default","site-content-style":"default","site-sidebar-style":"default","ast-global-header-display":"","ast-banner-title-visibility":"","ast-main-header-display":"","ast-hfb-above-header-display":"","ast-hfb-below-header-display":"","ast-hfb-mobile-header-display":"","site-post-title":"","ast-breadcrumbs-content":"","ast-featured-img":"","footer-sml-layout":"","ast-disable-related-posts":"","theme-transparent-header-meta":"default","adv-header-id-meta":"","stick-header-meta":"","header-above-stick-meta":"","header-main-stick-meta":"","header-below-stick-meta":"","astra-migrate-meta-layouts":"set","ast-page-background-enabled":"default","ast-page-background-meta":{"desktop":{"background-color":"","background-image":"","background-repeat":"repeat","background-position":"center center","background-size":"auto","background-attachment":"scroll","background-type":"","background-media":"","overlay-type":"","overlay-color":"","overlay-opacity":"","overlay-gradient":""},"tablet":{"background-color":"","background-image":"","background-repeat":"repeat","background-position":"center center","background-size":"auto","background-attachment":"scroll","background-type":"","background-media":"","overlay-type":"","overlay-color":"","overlay-opacity":"","overlay-gradient":""},"mobile":{"background-color":"","background-image":"","background-repeat":"repeat","background-position":"center center","background-size":"auto","background-attachment":"scroll","background-type":"","background-media":"","overlay-type":"","overlay-color":"","overlay-opacity":"","overlay-gradient":""}},"ast-content-background-meta":{"desktop":{"background-color":"var(--ast-global-color-4)","background-image":"","background-repeat":"repeat","background-position":"center center","background-size":"auto","background-attachment":"scroll","background-type":"","background-media":"","overlay-type":"","overlay-color":"","overlay-opacity":"","overlay-gradient":""},"tablet":{"background-color":"var(--ast-global-color-4)","background-image":"","background-repeat":"repeat","background-position":"center center","background-size":"auto","background-attachment":"scroll","background-type":"","background-media":"","overlay-type":"","overlay-color":"","overlay-opacity":"","overlay-gradient":""},"mobile":{"background-color":"var(--ast-global-color-4)","background-image":"","background-repeat":"repeat","background-position":"center center","background-size":"auto","background-attachment":"scroll","background-type":"","background-media":"","overlay-type":"","overlay-color":"","overlay-opacity":"","overlay-gradient":""}}},"product_brand":[],"product_cat":[33,15],"product_tag":[],"class_list":{"0":"post-13902","1":"product","2":"type-product","3":"status-publish","4":"has-post-thumbnail","6":"product_cat-biografijos","7":"product_cat-uncategorized","8":"desktop-align-left","9":"tablet-align-left","10":"mobile-align-left","12":"first","13":"instock","14":"shipping-taxable","15":"purchasable","16":"product-type-simple"},"acf":[],"yoast_head":"<!-- This site is optimized with the Yoast SEO plugin v27.0 - https:\/\/yoast.com\/product\/yoast-seo-wordpress\/ -->\n<title>Jozef Ignacy Kraszewski \u201eAda\u201c<\/title>\n<meta name=\"description\" content=\"Ados gyvenimo istorija nepaprasta. Ji \u2013 ypatinga moteris, i\u0161silavinusi, protinga ir i\u0161didi. Malonaus veido, skvarbaus \u017evilgsnio, m\u0105slios kaktos,\" \/>\n<meta name=\"robots\" content=\"index, follow, max-snippet:-1, max-image-preview:large, max-video-preview:-1\" \/>\n<link rel=\"canonical\" href=\"https:\/\/skaitytaknyga.lt\/en\/produktas\/jozef-ignacy-kraszewski-ada\/\" \/>\n<meta property=\"og:locale\" content=\"en_GB\" \/>\n<meta property=\"og:locale:alternate\" content=\"lt_LT\" \/>\n<meta property=\"og:type\" content=\"article\" \/>\n<meta property=\"og:title\" content=\"Jozef Ignacy Kraszewski \u201eAda\u201c\" \/>\n<meta property=\"og:description\" content=\"Ados gyvenimo istorija nepaprasta. Ji \u2013 ypatinga moteris, i\u0161silavinusi, protinga ir i\u0161didi. Malonaus veido, skvarbaus \u017evilgsnio, m\u0105slios kaktos,\" \/>\n<meta property=\"og:url\" content=\"https:\/\/skaitytaknyga.lt\/en\/produktas\/jozef-ignacy-kraszewski-ada\/\" \/>\n<meta property=\"og:site_name\" content=\"Skaitytaknyga\" \/>\n<meta property=\"article:publisher\" content=\"https:\/\/www.facebook.com\/skaitytaknyga\/\" \/>\n<meta property=\"article:modified_time\" content=\"2024-09-11T06:34:09+00:00\" \/>\n<meta property=\"og:image\" content=\"https:\/\/skaitytaknyga.lt\/wp-content\/uploads\/2024\/09\/Jozef-Ignacy-Kraszewski.webp\" \/>\n\t<meta property=\"og:image:width\" content=\"483\" \/>\n\t<meta property=\"og:image:height\" content=\"800\" \/>\n\t<meta property=\"og:image:type\" content=\"image\/webp\" \/>\n<meta name=\"twitter:card\" content=\"summary_large_image\" \/>\n<meta name=\"twitter:label1\" content=\"Estimated reading time\" \/>\n\t<meta name=\"twitter:data1\" content=\"1 minute\" \/>\n<script type=\"application\/ld+json\" class=\"yoast-schema-graph\">{\"@context\":\"https:\/\/schema.org\",\"@graph\":[{\"@type\":\"WebPage\",\"@id\":\"https:\/\/skaitytaknyga.lt\/produktas\/jozef-ignacy-kraszewski-ada\/\",\"url\":\"https:\/\/skaitytaknyga.lt\/produktas\/jozef-ignacy-kraszewski-ada\/\",\"name\":\"Jozef Ignacy Kraszewski \u201eAda\u201c\",\"isPartOf\":{\"@id\":\"https:\/\/skaitytaknyga.lt\/#website\"},\"primaryImageOfPage\":{\"@id\":\"https:\/\/skaitytaknyga.lt\/produktas\/jozef-ignacy-kraszewski-ada\/#primaryimage\"},\"image\":{\"@id\":\"https:\/\/skaitytaknyga.lt\/produktas\/jozef-ignacy-kraszewski-ada\/#primaryimage\"},\"thumbnailUrl\":\"https:\/\/skaitytaknyga.lt\/wp-content\/uploads\/2024\/09\/Jozef-Ignacy-Kraszewski.webp\",\"datePublished\":\"2024-05-11T05:52:40+00:00\",\"dateModified\":\"2024-09-11T06:34:09+00:00\",\"description\":\"Ados gyvenimo istorija nepaprasta. Ji \u2013 ypatinga moteris, i\u0161silavinusi, protinga ir i\u0161didi. Malonaus veido, skvarbaus \u017evilgsnio, m\u0105slios kaktos,\",\"breadcrumb\":{\"@id\":\"https:\/\/skaitytaknyga.lt\/produktas\/jozef-ignacy-kraszewski-ada\/#breadcrumb\"},\"inLanguage\":\"en-GB\",\"potentialAction\":[{\"@type\":\"ReadAction\",\"target\":[\"https:\/\/skaitytaknyga.lt\/produktas\/jozef-ignacy-kraszewski-ada\/\"]}]},{\"@type\":\"ImageObject\",\"inLanguage\":\"en-GB\",\"@id\":\"https:\/\/skaitytaknyga.lt\/produktas\/jozef-ignacy-kraszewski-ada\/#primaryimage\",\"url\":\"https:\/\/skaitytaknyga.lt\/wp-content\/uploads\/2024\/09\/Jozef-Ignacy-Kraszewski.webp\",\"contentUrl\":\"https:\/\/skaitytaknyga.lt\/wp-content\/uploads\/2024\/09\/Jozef-Ignacy-Kraszewski.webp\",\"width\":483,\"height\":800,\"caption\":\"Jozef Ignacy Kraszewski \u201eAda\u201c\"},{\"@type\":\"BreadcrumbList\",\"@id\":\"https:\/\/skaitytaknyga.lt\/produktas\/jozef-ignacy-kraszewski-ada\/#breadcrumb\",\"itemListElement\":[{\"@type\":\"ListItem\",\"position\":1,\"name\":\"Home\",\"item\":\"https:\/\/skaitytaknyga.lt\/\"},{\"@type\":\"ListItem\",\"position\":2,\"name\":\"Parduotuv\u0117\",\"item\":\"https:\/\/skaitytaknyga.lt\/knygu-parduotuve\/\"},{\"@type\":\"ListItem\",\"position\":3,\"name\":\"Jozef Ignacy Kraszewski \u201eAda\u201c\"}]},{\"@type\":\"WebSite\",\"@id\":\"https:\/\/skaitytaknyga.lt\/#website\",\"url\":\"https:\/\/skaitytaknyga.lt\/\",\"name\":\"skaitytaknyga.lt\",\"description\":\"Skaitytaknyga.lt \u2013 tai ma\u017eas \u0161eimos verslas, kuris prasid\u0117jo nuo meil\u0117s knygoms ir siekio i\u0161gelb\u0117ti knygas nuo likimo prie konteinerio. Kas vienam nereikalingas daiktas \u2013 kitam lobis, o mes esame tarpininkai, kurie padeda abiems tapti laimingesniems ???? \u017dinome kaip nelengva i\u0161gyventi ma\u017eiems verslams, tad nuo \u0161iol, \u010dia rasite ir kit\u0173, ma\u017e\u0173 \u0161eim\u0173 versl\u0173, rank\u0173 darbo, dovan\u0173 sau ir artimiesiems.\",\"publisher\":{\"@id\":\"https:\/\/skaitytaknyga.lt\/#organization\"},\"potentialAction\":[{\"@type\":\"SearchAction\",\"target\":{\"@type\":\"EntryPoint\",\"urlTemplate\":\"https:\/\/skaitytaknyga.lt\/?s={search_term_string}\"},\"query-input\":{\"@type\":\"PropertyValueSpecification\",\"valueRequired\":true,\"valueName\":\"search_term_string\"}}],\"inLanguage\":\"en-GB\"},{\"@type\":\"Organization\",\"@id\":\"https:\/\/skaitytaknyga.lt\/#organization\",\"name\":\"skaitytaknyga.lt\",\"url\":\"https:\/\/skaitytaknyga.lt\/\",\"logo\":{\"@type\":\"ImageObject\",\"inLanguage\":\"en-GB\",\"@id\":\"https:\/\/skaitytaknyga.lt\/#\/schema\/logo\/image\/\",\"url\":\"https:\/\/skaitytaknyga.lt\/wp-content\/uploads\/2024\/05\/cropped-cropped-cropped-02_00843_jt3bggkj1j3HLc7SyY6rEUpg.jpeg\",\"contentUrl\":\"https:\/\/skaitytaknyga.lt\/wp-content\/uploads\/2024\/05\/cropped-cropped-cropped-02_00843_jt3bggkj1j3HLc7SyY6rEUpg.jpeg\",\"width\":1600,\"height\":1600,\"caption\":\"skaitytaknyga.lt\"},\"image\":{\"@id\":\"https:\/\/skaitytaknyga.lt\/#\/schema\/logo\/image\/\"},\"sameAs\":[\"https:\/\/www.facebook.com\/skaitytaknyga\/\"]}]}<\/script>\n<!-- \/ Yoast SEO plugin. -->","yoast_head_json":{"title":"Jozef Ignacy Kraszewski \u201eAda\u201c","description":"Ados gyvenimo istorija nepaprasta. Ji \u2013 ypatinga moteris, i\u0161silavinusi, protinga ir i\u0161didi. Malonaus veido, skvarbaus \u017evilgsnio, m\u0105slios kaktos,","robots":{"index":"index","follow":"follow","max-snippet":"max-snippet:-1","max-image-preview":"max-image-preview:large","max-video-preview":"max-video-preview:-1"},"canonical":"https:\/\/skaitytaknyga.lt\/en\/produktas\/jozef-ignacy-kraszewski-ada\/","og_locale":"en_GB","og_type":"article","og_title":"[:lt]Jozef Ignacy Kraszewski \u201eAda\u201c[:] - Skaitytaknyga","og_description":"Ados gyvenimo istorija nepaprasta. Ji \u2013 ypatinga moteris, i\u0161silavinusi, protinga ir i\u0161didi. Malonaus veido, skvarbaus \u017evilgsnio, m\u0105slios kaktos,","og_url":"https:\/\/skaitytaknyga.lt\/en\/produktas\/jozef-ignacy-kraszewski-ada\/","og_site_name":"Skaitytaknyga","article_publisher":"https:\/\/www.facebook.com\/skaitytaknyga\/","article_modified_time":"2024-09-11T06:34:09+00:00","og_image":[{"width":483,"height":800,"url":"https:\/\/skaitytaknyga.lt\/wp-content\/uploads\/2024\/09\/Jozef-Ignacy-Kraszewski.webp","type":"image\/webp"}],"twitter_card":"summary_large_image","twitter_misc":{"Estimated reading time":"1 minute"},"schema":{"@context":"https:\/\/schema.org","@graph":[{"@type":"WebPage","@id":"https:\/\/skaitytaknyga.lt\/produktas\/jozef-ignacy-kraszewski-ada\/","url":"https:\/\/skaitytaknyga.lt\/produktas\/jozef-ignacy-kraszewski-ada\/","name":"Jozef Ignacy Kraszewski \u201eAda\u201c","isPartOf":{"@id":"https:\/\/skaitytaknyga.lt\/#website"},"primaryImageOfPage":{"@id":"https:\/\/skaitytaknyga.lt\/produktas\/jozef-ignacy-kraszewski-ada\/#primaryimage"},"image":{"@id":"https:\/\/skaitytaknyga.lt\/produktas\/jozef-ignacy-kraszewski-ada\/#primaryimage"},"thumbnailUrl":"https:\/\/skaitytaknyga.lt\/wp-content\/uploads\/2024\/09\/Jozef-Ignacy-Kraszewski.webp","datePublished":"2024-05-11T05:52:40+00:00","dateModified":"2024-09-11T06:34:09+00:00","description":"Ados gyvenimo istorija nepaprasta. Ji \u2013 ypatinga moteris, i\u0161silavinusi, protinga ir i\u0161didi. Malonaus veido, skvarbaus \u017evilgsnio, m\u0105slios kaktos,","breadcrumb":{"@id":"https:\/\/skaitytaknyga.lt\/produktas\/jozef-ignacy-kraszewski-ada\/#breadcrumb"},"inLanguage":"en-GB","potentialAction":[{"@type":"ReadAction","target":["https:\/\/skaitytaknyga.lt\/produktas\/jozef-ignacy-kraszewski-ada\/"]}]},{"@type":"ImageObject","inLanguage":"en-GB","@id":"https:\/\/skaitytaknyga.lt\/produktas\/jozef-ignacy-kraszewski-ada\/#primaryimage","url":"https:\/\/skaitytaknyga.lt\/wp-content\/uploads\/2024\/09\/Jozef-Ignacy-Kraszewski.webp","contentUrl":"https:\/\/skaitytaknyga.lt\/wp-content\/uploads\/2024\/09\/Jozef-Ignacy-Kraszewski.webp","width":483,"height":800,"caption":"Jozef Ignacy Kraszewski \u201eAda\u201c"},{"@type":"BreadcrumbList","@id":"https:\/\/skaitytaknyga.lt\/produktas\/jozef-ignacy-kraszewski-ada\/#breadcrumb","itemListElement":[{"@type":"ListItem","position":1,"name":"Home","item":"https:\/\/skaitytaknyga.lt\/"},{"@type":"ListItem","position":2,"name":"Parduotuv\u0117","item":"https:\/\/skaitytaknyga.lt\/knygu-parduotuve\/"},{"@type":"ListItem","position":3,"name":"Jozef Ignacy Kraszewski \u201eAda\u201c"}]},{"@type":"WebSite","@id":"https:\/\/skaitytaknyga.lt\/#website","url":"https:\/\/skaitytaknyga.lt\/","name":"skaitytaknyga.lt","description":"Skaitytaknyga.lt \u2013 tai ma\u017eas \u0161eimos verslas, kuris prasid\u0117jo nuo meil\u0117s knygoms ir siekio i\u0161gelb\u0117ti knygas nuo likimo prie konteinerio. Kas vienam nereikalingas daiktas \u2013 kitam lobis, o mes esame tarpininkai, kurie padeda abiems tapti laimingesniems ???? \u017dinome kaip nelengva i\u0161gyventi ma\u017eiems verslams, tad nuo \u0161iol, \u010dia rasite ir kit\u0173, ma\u017e\u0173 \u0161eim\u0173 versl\u0173, rank\u0173 darbo, dovan\u0173 sau ir artimiesiems.","publisher":{"@id":"https:\/\/skaitytaknyga.lt\/#organization"},"potentialAction":[{"@type":"SearchAction","target":{"@type":"EntryPoint","urlTemplate":"https:\/\/skaitytaknyga.lt\/?s={search_term_string}"},"query-input":{"@type":"PropertyValueSpecification","valueRequired":true,"valueName":"search_term_string"}}],"inLanguage":"en-GB"},{"@type":"Organization","@id":"https:\/\/skaitytaknyga.lt\/#organization","name":"skaitytaknyga.lt","url":"https:\/\/skaitytaknyga.lt\/","logo":{"@type":"ImageObject","inLanguage":"en-GB","@id":"https:\/\/skaitytaknyga.lt\/#\/schema\/logo\/image\/","url":"https:\/\/skaitytaknyga.lt\/wp-content\/uploads\/2024\/05\/cropped-cropped-cropped-02_00843_jt3bggkj1j3HLc7SyY6rEUpg.jpeg","contentUrl":"https:\/\/skaitytaknyga.lt\/wp-content\/uploads\/2024\/05\/cropped-cropped-cropped-02_00843_jt3bggkj1j3HLc7SyY6rEUpg.jpeg","width":1600,"height":1600,"caption":"skaitytaknyga.lt"},"image":{"@id":"https:\/\/skaitytaknyga.lt\/#\/schema\/logo\/image\/"},"sameAs":["https:\/\/www.facebook.com\/skaitytaknyga\/"]}]}},"_links":{"self":[{"href":"https:\/\/skaitytaknyga.lt\/en\/wp-json\/wp\/v2\/product\/13902","targetHints":{"allow":["GET"]}}],"collection":[{"href":"https:\/\/skaitytaknyga.lt\/en\/wp-json\/wp\/v2\/product"}],"about":[{"href":"https:\/\/skaitytaknyga.lt\/en\/wp-json\/wp\/v2\/types\/product"}],"replies":[{"embeddable":true,"href":"https:\/\/skaitytaknyga.lt\/en\/wp-json\/wp\/v2\/comments?post=13902"}],"wp:featuredmedia":[{"embeddable":true,"href":"https:\/\/skaitytaknyga.lt\/en\/wp-json\/wp\/v2\/media\/13907"}],"wp:attachment":[{"href":"https:\/\/skaitytaknyga.lt\/en\/wp-json\/wp\/v2\/media?parent=13902"}],"wp:term":[{"taxonomy":"product_brand","embeddable":true,"href":"https:\/\/skaitytaknyga.lt\/en\/wp-json\/wp\/v2\/product_brand?post=13902"},{"taxonomy":"product_cat","embeddable":true,"href":"https:\/\/skaitytaknyga.lt\/en\/wp-json\/wp\/v2\/product_cat?post=13902"},{"taxonomy":"product_tag","embeddable":true,"href":"https:\/\/skaitytaknyga.lt\/en\/wp-json\/wp\/v2\/product_tag?post=13902"}],"curies":[{"name":"wp","href":"https:\/\/api.w.org\/{rel}","templated":true}]}}