{"id":13901,"date":"2024-03-11T08:52:40","date_gmt":"2024-03-11T06:52:40","guid":{"rendered":"https:\/\/skaitytaknyga.lt\/?post_type=product&#038;p=13901"},"modified":"2024-09-11T09:38:35","modified_gmt":"2024-09-11T06:38:35","slug":"steponas-algirdas-dackevicius-balanu-vargonai","status":"publish","type":"product","link":"https:\/\/skaitytaknyga.lt\/en\/produktas\/steponas-algirdas-dackevicius-balanu-vargonai\/","title":{"rendered":"Steponas Algirdas Da\u010dkevi\u010dius \u201eBalan\u0173 vargonai\u201c"},"content":{"rendered":"<p>Ma\u017eakalb\u0117s poezijos k\u016br\u0117jo tre\u010dias rinkinys. Ankstesn\u0117se knygose \u2013 \u201eDien\u0173 pasiklausiu\u201c (1997), \u201eStaktos\u201c (2004) \u2013 ry\u0161k\u0117j\u0119s taupios \u017eemai\u010dio i\u0161rai\u0161kos kelias atved\u0117 \u012f savitus visai lakoni\u0161kosios poetin\u0117s kalbos vaizdus.<\/p>\n<p>Tai rupi\u0173 dabarties realij\u0173 originalus s\u0105lytis su am\u017einu gamtos gaudesiu.<\/p>\n<ul class=\"about-product d-none d-xl-block mt-4\">\n<li><strong>Autorius:<\/strong>\u00a0Steponas Algirdas Da\u010dkevi\u010dius<\/li>\n<li><strong>Leid\u0117jas:<\/strong>\u00a0Lietuvos ra\u0161ytoj\u0173 s\u0105jungos leidykla<\/li>\n<li><strong>Metai:<\/strong>\u00a02010<\/li>\n<li><strong>Puslapiai:<\/strong>\u00a080<\/li>\n<li><strong>ISBN:<\/strong>\u00a09789986396536<\/li>\n<li><strong>Versijos kodas:<\/strong>\u00a0PT.<\/li>\n<li><strong>Formatas:<\/strong>\u00a014,5 x 23 cm, kieti vir\u0161eliai<\/li>\n<li><strong>Kalba:<\/strong>\u00a0Lietuvi\u0173<\/li>\n<\/ul>\n","protected":false},"excerpt":{"rendered":"<p>Ma\u017eakalb\u0117s poezijos k\u016br\u0117jo tre\u010dias rinkinys. Ankstesn\u0117se knygose \u2013 \u201eDien\u0173 pasiklausiu\u201c (1997), \u201eStaktos\u201c (2004) \u2013 ry\u0161k\u0117j\u0119s taupios \u017eemai\u010dio i\u0161rai\u0161kos kelias atved\u0117 \u012f savitus visai lakoni\u0161kosios poetin\u0117s kalbos vaizdus. Tai rupi\u0173 dabarties realij\u0173 originalus s\u0105lytis su am\u017einu gamtos gaudesiu. Autorius:\u00a0Steponas Algirdas Da\u010dkevi\u010dius Leid\u0117jas:\u00a0Lietuvos ra\u0161ytoj\u0173 s\u0105jungos leidykla Metai:\u00a02010 Puslapiai:\u00a080 ISBN:\u00a09789986396536 Versijos kodas:\u00a0PT. Formatas:\u00a014,5 x 23 cm, kieti vir\u0161eliai Kalba:\u00a0Lietuvi\u0173<\/p>\n","protected":false},"featured_media":13915,"comment_status":"open","ping_status":"closed","template":"","meta":{"_acf_changed":false,"site-sidebar-layout":"default","site-content-layout":"","ast-site-content-layout":"default","site-content-style":"default","site-sidebar-style":"default","ast-global-header-display":"","ast-banner-title-visibility":"","ast-main-header-display":"","ast-hfb-above-header-display":"","ast-hfb-below-header-display":"","ast-hfb-mobile-header-display":"","site-post-title":"","ast-breadcrumbs-content":"","ast-featured-img":"","footer-sml-layout":"","ast-disable-related-posts":"","theme-transparent-header-meta":"default","adv-header-id-meta":"","stick-header-meta":"","header-above-stick-meta":"","header-main-stick-meta":"","header-below-stick-meta":"","astra-migrate-meta-layouts":"set","ast-page-background-enabled":"default","ast-page-background-meta":{"desktop":{"background-color":"","background-image":"","background-repeat":"repeat","background-position":"center center","background-size":"auto","background-attachment":"scroll","background-type":"","background-media":"","overlay-type":"","overlay-color":"","overlay-opacity":"","overlay-gradient":""},"tablet":{"background-color":"","background-image":"","background-repeat":"repeat","background-position":"center center","background-size":"auto","background-attachment":"scroll","background-type":"","background-media":"","overlay-type":"","overlay-color":"","overlay-opacity":"","overlay-gradient":""},"mobile":{"background-color":"","background-image":"","background-repeat":"repeat","background-position":"center center","background-size":"auto","background-attachment":"scroll","background-type":"","background-media":"","overlay-type":"","overlay-color":"","overlay-opacity":"","overlay-gradient":""}},"ast-content-background-meta":{"desktop":{"background-color":"var(--ast-global-color-4)","background-image":"","background-repeat":"repeat","background-position":"center center","background-size":"auto","background-attachment":"scroll","background-type":"","background-media":"","overlay-type":"","overlay-color":"","overlay-opacity":"","overlay-gradient":""},"tablet":{"background-color":"var(--ast-global-color-4)","background-image":"","background-repeat":"repeat","background-position":"center center","background-size":"auto","background-attachment":"scroll","background-type":"","background-media":"","overlay-type":"","overlay-color":"","overlay-opacity":"","overlay-gradient":""},"mobile":{"background-color":"var(--ast-global-color-4)","background-image":"","background-repeat":"repeat","background-position":"center center","background-size":"auto","background-attachment":"scroll","background-type":"","background-media":"","overlay-type":"","overlay-color":"","overlay-opacity":"","overlay-gradient":""}}},"product_brand":[],"product_cat":[1085,15],"product_tag":[],"class_list":{"0":"post-13901","1":"product","2":"type-product","3":"status-publish","4":"has-post-thumbnail","6":"product_cat-poezija","7":"product_cat-uncategorized","8":"desktop-align-left","9":"tablet-align-left","10":"mobile-align-left","12":"first","13":"instock","14":"shipping-taxable","15":"purchasable","16":"product-type-simple"},"acf":[],"yoast_head":"<!-- This site is optimized with the Yoast SEO plugin v27.0 - https:\/\/yoast.com\/product\/yoast-seo-wordpress\/ -->\n<title>Steponas Algirdas Da\u010dkevi\u010dius \u201eBalan\u0173 vargonai\u201c<\/title>\n<meta name=\"description\" content=\"Ma\u017eakalb\u0117s poezijos k\u016br\u0117jo tre\u010dias rinkinys. Ankstesn\u0117se knygose \u2013 \u201eDien\u0173 pasiklausiu\u201c (1997), \u201eStaktos\u201c (2004) \u2013 ry\u0161k\u0117j\u0119s taupios \u017eemai\u010dio i\u0161rai\u0161kos\" \/>\n<meta name=\"robots\" content=\"index, follow, max-snippet:-1, max-image-preview:large, max-video-preview:-1\" \/>\n<link rel=\"canonical\" href=\"https:\/\/skaitytaknyga.lt\/en\/produktas\/steponas-algirdas-dackevicius-balanu-vargonai\/\" \/>\n<meta property=\"og:locale\" content=\"en_GB\" \/>\n<meta property=\"og:locale:alternate\" content=\"lt_LT\" \/>\n<meta property=\"og:type\" content=\"article\" \/>\n<meta property=\"og:title\" content=\"Steponas Algirdas Da\u010dkevi\u010dius \u201eBalan\u0173 vargonai\u201c\" \/>\n<meta property=\"og:description\" content=\"Ma\u017eakalb\u0117s poezijos k\u016br\u0117jo tre\u010dias rinkinys. Ankstesn\u0117se knygose \u2013 \u201eDien\u0173 pasiklausiu\u201c (1997), \u201eStaktos\u201c (2004) \u2013 ry\u0161k\u0117j\u0119s taupios \u017eemai\u010dio i\u0161rai\u0161kos\" \/>\n<meta property=\"og:url\" content=\"https:\/\/skaitytaknyga.lt\/en\/produktas\/steponas-algirdas-dackevicius-balanu-vargonai\/\" \/>\n<meta property=\"og:site_name\" content=\"Skaitytaknyga\" \/>\n<meta property=\"article:publisher\" content=\"https:\/\/www.facebook.com\/skaitytaknyga\/\" \/>\n<meta property=\"article:modified_time\" content=\"2024-09-11T06:38:35+00:00\" \/>\n<meta property=\"og:image\" content=\"https:\/\/skaitytaknyga.lt\/wp-content\/uploads\/2024\/09\/Steponas-Algirdas-Dackevicius-\u201eBalanu-vargonai.webp\" \/>\n\t<meta property=\"og:image:width\" content=\"493\" \/>\n\t<meta property=\"og:image:height\" content=\"800\" \/>\n\t<meta property=\"og:image:type\" content=\"image\/webp\" \/>\n<meta name=\"twitter:card\" content=\"summary_large_image\" \/>\n<meta name=\"twitter:label1\" content=\"Estimated reading time\" \/>\n\t<meta name=\"twitter:data1\" content=\"1 minute\" \/>\n<script type=\"application\/ld+json\" class=\"yoast-schema-graph\">{\"@context\":\"https:\/\/schema.org\",\"@graph\":[{\"@type\":\"WebPage\",\"@id\":\"https:\/\/skaitytaknyga.lt\/produktas\/steponas-algirdas-dackevicius-balanu-vargonai\/\",\"url\":\"https:\/\/skaitytaknyga.lt\/produktas\/steponas-algirdas-dackevicius-balanu-vargonai\/\",\"name\":\"Steponas Algirdas Da\u010dkevi\u010dius \u201eBalan\u0173 vargonai\u201c\",\"isPartOf\":{\"@id\":\"https:\/\/skaitytaknyga.lt\/#website\"},\"primaryImageOfPage\":{\"@id\":\"https:\/\/skaitytaknyga.lt\/produktas\/steponas-algirdas-dackevicius-balanu-vargonai\/#primaryimage\"},\"image\":{\"@id\":\"https:\/\/skaitytaknyga.lt\/produktas\/steponas-algirdas-dackevicius-balanu-vargonai\/#primaryimage\"},\"thumbnailUrl\":\"https:\/\/skaitytaknyga.lt\/wp-content\/uploads\/2024\/09\/Steponas-Algirdas-Dackevicius-\u201eBalanu-vargonai.webp\",\"datePublished\":\"2024-03-11T06:52:40+00:00\",\"dateModified\":\"2024-09-11T06:38:35+00:00\",\"description\":\"Ma\u017eakalb\u0117s poezijos k\u016br\u0117jo tre\u010dias rinkinys. Ankstesn\u0117se knygose \u2013 \u201eDien\u0173 pasiklausiu\u201c (1997), \u201eStaktos\u201c (2004) \u2013 ry\u0161k\u0117j\u0119s taupios \u017eemai\u010dio i\u0161rai\u0161kos\",\"breadcrumb\":{\"@id\":\"https:\/\/skaitytaknyga.lt\/produktas\/steponas-algirdas-dackevicius-balanu-vargonai\/#breadcrumb\"},\"inLanguage\":\"en-GB\",\"potentialAction\":[{\"@type\":\"ReadAction\",\"target\":[\"https:\/\/skaitytaknyga.lt\/produktas\/steponas-algirdas-dackevicius-balanu-vargonai\/\"]}]},{\"@type\":\"ImageObject\",\"inLanguage\":\"en-GB\",\"@id\":\"https:\/\/skaitytaknyga.lt\/produktas\/steponas-algirdas-dackevicius-balanu-vargonai\/#primaryimage\",\"url\":\"https:\/\/skaitytaknyga.lt\/wp-content\/uploads\/2024\/09\/Steponas-Algirdas-Dackevicius-\u201eBalanu-vargonai.webp\",\"contentUrl\":\"https:\/\/skaitytaknyga.lt\/wp-content\/uploads\/2024\/09\/Steponas-Algirdas-Dackevicius-\u201eBalanu-vargonai.webp\",\"width\":493,\"height\":800,\"caption\":\"Steponas Algirdas Da\u010dkevi\u010dius \u201eBalan\u0173 vargonai\u201c\"},{\"@type\":\"BreadcrumbList\",\"@id\":\"https:\/\/skaitytaknyga.lt\/produktas\/steponas-algirdas-dackevicius-balanu-vargonai\/#breadcrumb\",\"itemListElement\":[{\"@type\":\"ListItem\",\"position\":1,\"name\":\"Home\",\"item\":\"https:\/\/skaitytaknyga.lt\/\"},{\"@type\":\"ListItem\",\"position\":2,\"name\":\"Parduotuv\u0117\",\"item\":\"https:\/\/skaitytaknyga.lt\/knygu-parduotuve\/\"},{\"@type\":\"ListItem\",\"position\":3,\"name\":\"Steponas Algirdas Da\u010dkevi\u010dius \u201eBalan\u0173 vargonai\u201c\"}]},{\"@type\":\"WebSite\",\"@id\":\"https:\/\/skaitytaknyga.lt\/#website\",\"url\":\"https:\/\/skaitytaknyga.lt\/\",\"name\":\"skaitytaknyga.lt\",\"description\":\"Skaitytaknyga.lt \u2013 tai ma\u017eas \u0161eimos verslas, kuris prasid\u0117jo nuo meil\u0117s knygoms ir siekio i\u0161gelb\u0117ti knygas nuo likimo prie konteinerio. Kas vienam nereikalingas daiktas \u2013 kitam lobis, o mes esame tarpininkai, kurie padeda abiems tapti laimingesniems ???? \u017dinome kaip nelengva i\u0161gyventi ma\u017eiems verslams, tad nuo \u0161iol, \u010dia rasite ir kit\u0173, ma\u017e\u0173 \u0161eim\u0173 versl\u0173, rank\u0173 darbo, dovan\u0173 sau ir artimiesiems.\",\"publisher\":{\"@id\":\"https:\/\/skaitytaknyga.lt\/#organization\"},\"potentialAction\":[{\"@type\":\"SearchAction\",\"target\":{\"@type\":\"EntryPoint\",\"urlTemplate\":\"https:\/\/skaitytaknyga.lt\/?s={search_term_string}\"},\"query-input\":{\"@type\":\"PropertyValueSpecification\",\"valueRequired\":true,\"valueName\":\"search_term_string\"}}],\"inLanguage\":\"en-GB\"},{\"@type\":\"Organization\",\"@id\":\"https:\/\/skaitytaknyga.lt\/#organization\",\"name\":\"skaitytaknyga.lt\",\"url\":\"https:\/\/skaitytaknyga.lt\/\",\"logo\":{\"@type\":\"ImageObject\",\"inLanguage\":\"en-GB\",\"@id\":\"https:\/\/skaitytaknyga.lt\/#\/schema\/logo\/image\/\",\"url\":\"https:\/\/skaitytaknyga.lt\/wp-content\/uploads\/2024\/05\/cropped-cropped-cropped-02_00843_jt3bggkj1j3HLc7SyY6rEUpg.jpeg\",\"contentUrl\":\"https:\/\/skaitytaknyga.lt\/wp-content\/uploads\/2024\/05\/cropped-cropped-cropped-02_00843_jt3bggkj1j3HLc7SyY6rEUpg.jpeg\",\"width\":1600,\"height\":1600,\"caption\":\"skaitytaknyga.lt\"},\"image\":{\"@id\":\"https:\/\/skaitytaknyga.lt\/#\/schema\/logo\/image\/\"},\"sameAs\":[\"https:\/\/www.facebook.com\/skaitytaknyga\/\"]}]}<\/script>\n<!-- \/ Yoast SEO plugin. -->","yoast_head_json":{"title":"Steponas Algirdas Da\u010dkevi\u010dius \u201eBalan\u0173 vargonai\u201c","description":"Ma\u017eakalb\u0117s poezijos k\u016br\u0117jo tre\u010dias rinkinys. Ankstesn\u0117se knygose \u2013 \u201eDien\u0173 pasiklausiu\u201c (1997), \u201eStaktos\u201c (2004) \u2013 ry\u0161k\u0117j\u0119s taupios \u017eemai\u010dio i\u0161rai\u0161kos","robots":{"index":"index","follow":"follow","max-snippet":"max-snippet:-1","max-image-preview":"max-image-preview:large","max-video-preview":"max-video-preview:-1"},"canonical":"https:\/\/skaitytaknyga.lt\/en\/produktas\/steponas-algirdas-dackevicius-balanu-vargonai\/","og_locale":"en_GB","og_type":"article","og_title":"[:lt]Steponas Algirdas Da\u010dkevi\u010dius \u201eBalan\u0173 vargonai\u201c[:] - Skaitytaknyga","og_description":"Ma\u017eakalb\u0117s poezijos k\u016br\u0117jo tre\u010dias rinkinys. Ankstesn\u0117se knygose \u2013 \u201eDien\u0173 pasiklausiu\u201c (1997), \u201eStaktos\u201c (2004) \u2013 ry\u0161k\u0117j\u0119s taupios \u017eemai\u010dio i\u0161rai\u0161kos","og_url":"https:\/\/skaitytaknyga.lt\/en\/produktas\/steponas-algirdas-dackevicius-balanu-vargonai\/","og_site_name":"Skaitytaknyga","article_publisher":"https:\/\/www.facebook.com\/skaitytaknyga\/","article_modified_time":"2024-09-11T06:38:35+00:00","og_image":[{"width":493,"height":800,"url":"https:\/\/skaitytaknyga.lt\/wp-content\/uploads\/2024\/09\/Steponas-Algirdas-Dackevicius-\u201eBalanu-vargonai.webp","type":"image\/webp"}],"twitter_card":"summary_large_image","twitter_misc":{"Estimated reading time":"1 minute"},"schema":{"@context":"https:\/\/schema.org","@graph":[{"@type":"WebPage","@id":"https:\/\/skaitytaknyga.lt\/produktas\/steponas-algirdas-dackevicius-balanu-vargonai\/","url":"https:\/\/skaitytaknyga.lt\/produktas\/steponas-algirdas-dackevicius-balanu-vargonai\/","name":"Steponas Algirdas Da\u010dkevi\u010dius \u201eBalan\u0173 vargonai\u201c","isPartOf":{"@id":"https:\/\/skaitytaknyga.lt\/#website"},"primaryImageOfPage":{"@id":"https:\/\/skaitytaknyga.lt\/produktas\/steponas-algirdas-dackevicius-balanu-vargonai\/#primaryimage"},"image":{"@id":"https:\/\/skaitytaknyga.lt\/produktas\/steponas-algirdas-dackevicius-balanu-vargonai\/#primaryimage"},"thumbnailUrl":"https:\/\/skaitytaknyga.lt\/wp-content\/uploads\/2024\/09\/Steponas-Algirdas-Dackevicius-\u201eBalanu-vargonai.webp","datePublished":"2024-03-11T06:52:40+00:00","dateModified":"2024-09-11T06:38:35+00:00","description":"Ma\u017eakalb\u0117s poezijos k\u016br\u0117jo tre\u010dias rinkinys. Ankstesn\u0117se knygose \u2013 \u201eDien\u0173 pasiklausiu\u201c (1997), \u201eStaktos\u201c (2004) \u2013 ry\u0161k\u0117j\u0119s taupios \u017eemai\u010dio i\u0161rai\u0161kos","breadcrumb":{"@id":"https:\/\/skaitytaknyga.lt\/produktas\/steponas-algirdas-dackevicius-balanu-vargonai\/#breadcrumb"},"inLanguage":"en-GB","potentialAction":[{"@type":"ReadAction","target":["https:\/\/skaitytaknyga.lt\/produktas\/steponas-algirdas-dackevicius-balanu-vargonai\/"]}]},{"@type":"ImageObject","inLanguage":"en-GB","@id":"https:\/\/skaitytaknyga.lt\/produktas\/steponas-algirdas-dackevicius-balanu-vargonai\/#primaryimage","url":"https:\/\/skaitytaknyga.lt\/wp-content\/uploads\/2024\/09\/Steponas-Algirdas-Dackevicius-\u201eBalanu-vargonai.webp","contentUrl":"https:\/\/skaitytaknyga.lt\/wp-content\/uploads\/2024\/09\/Steponas-Algirdas-Dackevicius-\u201eBalanu-vargonai.webp","width":493,"height":800,"caption":"Steponas Algirdas Da\u010dkevi\u010dius \u201eBalan\u0173 vargonai\u201c"},{"@type":"BreadcrumbList","@id":"https:\/\/skaitytaknyga.lt\/produktas\/steponas-algirdas-dackevicius-balanu-vargonai\/#breadcrumb","itemListElement":[{"@type":"ListItem","position":1,"name":"Home","item":"https:\/\/skaitytaknyga.lt\/"},{"@type":"ListItem","position":2,"name":"Parduotuv\u0117","item":"https:\/\/skaitytaknyga.lt\/knygu-parduotuve\/"},{"@type":"ListItem","position":3,"name":"Steponas Algirdas Da\u010dkevi\u010dius \u201eBalan\u0173 vargonai\u201c"}]},{"@type":"WebSite","@id":"https:\/\/skaitytaknyga.lt\/#website","url":"https:\/\/skaitytaknyga.lt\/","name":"skaitytaknyga.lt","description":"Skaitytaknyga.lt \u2013 tai ma\u017eas \u0161eimos verslas, kuris prasid\u0117jo nuo meil\u0117s knygoms ir siekio i\u0161gelb\u0117ti knygas nuo likimo prie konteinerio. Kas vienam nereikalingas daiktas \u2013 kitam lobis, o mes esame tarpininkai, kurie padeda abiems tapti laimingesniems ???? \u017dinome kaip nelengva i\u0161gyventi ma\u017eiems verslams, tad nuo \u0161iol, \u010dia rasite ir kit\u0173, ma\u017e\u0173 \u0161eim\u0173 versl\u0173, rank\u0173 darbo, dovan\u0173 sau ir artimiesiems.","publisher":{"@id":"https:\/\/skaitytaknyga.lt\/#organization"},"potentialAction":[{"@type":"SearchAction","target":{"@type":"EntryPoint","urlTemplate":"https:\/\/skaitytaknyga.lt\/?s={search_term_string}"},"query-input":{"@type":"PropertyValueSpecification","valueRequired":true,"valueName":"search_term_string"}}],"inLanguage":"en-GB"},{"@type":"Organization","@id":"https:\/\/skaitytaknyga.lt\/#organization","name":"skaitytaknyga.lt","url":"https:\/\/skaitytaknyga.lt\/","logo":{"@type":"ImageObject","inLanguage":"en-GB","@id":"https:\/\/skaitytaknyga.lt\/#\/schema\/logo\/image\/","url":"https:\/\/skaitytaknyga.lt\/wp-content\/uploads\/2024\/05\/cropped-cropped-cropped-02_00843_jt3bggkj1j3HLc7SyY6rEUpg.jpeg","contentUrl":"https:\/\/skaitytaknyga.lt\/wp-content\/uploads\/2024\/05\/cropped-cropped-cropped-02_00843_jt3bggkj1j3HLc7SyY6rEUpg.jpeg","width":1600,"height":1600,"caption":"skaitytaknyga.lt"},"image":{"@id":"https:\/\/skaitytaknyga.lt\/#\/schema\/logo\/image\/"},"sameAs":["https:\/\/www.facebook.com\/skaitytaknyga\/"]}]}},"_links":{"self":[{"href":"https:\/\/skaitytaknyga.lt\/en\/wp-json\/wp\/v2\/product\/13901","targetHints":{"allow":["GET"]}}],"collection":[{"href":"https:\/\/skaitytaknyga.lt\/en\/wp-json\/wp\/v2\/product"}],"about":[{"href":"https:\/\/skaitytaknyga.lt\/en\/wp-json\/wp\/v2\/types\/product"}],"replies":[{"embeddable":true,"href":"https:\/\/skaitytaknyga.lt\/en\/wp-json\/wp\/v2\/comments?post=13901"}],"wp:featuredmedia":[{"embeddable":true,"href":"https:\/\/skaitytaknyga.lt\/en\/wp-json\/wp\/v2\/media\/13915"}],"wp:attachment":[{"href":"https:\/\/skaitytaknyga.lt\/en\/wp-json\/wp\/v2\/media?parent=13901"}],"wp:term":[{"taxonomy":"product_brand","embeddable":true,"href":"https:\/\/skaitytaknyga.lt\/en\/wp-json\/wp\/v2\/product_brand?post=13901"},{"taxonomy":"product_cat","embeddable":true,"href":"https:\/\/skaitytaknyga.lt\/en\/wp-json\/wp\/v2\/product_cat?post=13901"},{"taxonomy":"product_tag","embeddable":true,"href":"https:\/\/skaitytaknyga.lt\/en\/wp-json\/wp\/v2\/product_tag?post=13901"}],"curies":[{"name":"wp","href":"https:\/\/api.w.org\/{rel}","templated":true}]}}