{"id":13900,"date":"2024-05-11T08:52:40","date_gmt":"2024-05-11T05:52:40","guid":{"rendered":"https:\/\/skaitytaknyga.lt\/?post_type=product&#038;p=13900"},"modified":"2024-09-23T21:20:55","modified_gmt":"2024-09-23T18:20:55","slug":"pasnekesys-su-dievu-skaitant-sventaji-rasta","status":"publish","type":"product","link":"https:\/\/skaitytaknyga.lt\/en\/produktas\/pasnekesys-su-dievu-skaitant-sventaji-rasta\/","title":{"rendered":"Pa\u0161nekesys su Dievu skaitant \u0160vent\u0105j\u012f Ra\u0161t\u0105"},"content":{"rendered":"<p>Knygoje \u201ePa\u0161nekesys su Dievu skaitant \u0160vent\u0105j\u012f Ra\u0161t\u0105\u201c\u00a0\u00a0\u0161iuolaikiniam \u017emogui ai\u0161kinama, kaip kalba \u0160ventas Ra\u0161tas, mokoma Dievo \u017eod\u017eiu skon\u0117tis ir remtis gyvenime.<\/p>\n<ul class=\"about-product d-none d-xl-block mt-4\">\n<li><strong>Autorius:<\/strong>\u00a0Stephen J. Binz<\/li>\n<li><strong>Metai:<\/strong>\u00a02009<\/li>\n<li><strong>Puslapiai:<\/strong>\u00a0136<\/li>\n<li><strong>Formatas:<\/strong>\u00a014 x 20 cm, mink\u0161ti vir\u0161eliai<\/li>\n<li><strong>Kalba:<\/strong>\u00a0Lietuvi\u0173<\/li>\n<li><strong>Vert\u0117jas:<\/strong>\u00a0Simona Gru\u0161ait\u0117<\/li>\n<\/ul>\n","protected":false},"excerpt":{"rendered":"<p>Knygoje \u201ePa\u0161nekesys su Dievu skaitant \u0160vent\u0105j\u012f Ra\u0161t\u0105\u201c\u00a0\u00a0\u0161iuolaikiniam \u017emogui ai\u0161kinama, kaip kalba \u0160ventas Ra\u0161tas, mokoma Dievo \u017eod\u017eiu skon\u0117tis ir remtis gyvenime. Autorius:\u00a0Stephen J. Binz Metai:\u00a02009 Puslapiai:\u00a0136 Formatas:\u00a014 x 20 cm, mink\u0161ti vir\u0161eliai Kalba:\u00a0Lietuvi\u0173 Vert\u0117jas:\u00a0Simona Gru\u0161ait\u0117<\/p>\n","protected":false},"featured_media":13908,"comment_status":"open","ping_status":"closed","template":"","meta":{"_acf_changed":false,"site-sidebar-layout":"default","site-content-layout":"","ast-site-content-layout":"default","site-content-style":"default","site-sidebar-style":"default","ast-global-header-display":"","ast-banner-title-visibility":"","ast-main-header-display":"","ast-hfb-above-header-display":"","ast-hfb-below-header-display":"","ast-hfb-mobile-header-display":"","site-post-title":"","ast-breadcrumbs-content":"","ast-featured-img":"","footer-sml-layout":"","ast-disable-related-posts":"","theme-transparent-header-meta":"default","adv-header-id-meta":"","stick-header-meta":"","header-above-stick-meta":"","header-main-stick-meta":"","header-below-stick-meta":"","astra-migrate-meta-layouts":"set","ast-page-background-enabled":"default","ast-page-background-meta":{"desktop":{"background-color":"","background-image":"","background-repeat":"repeat","background-position":"center center","background-size":"auto","background-attachment":"scroll","background-type":"","background-media":"","overlay-type":"","overlay-color":"","overlay-opacity":"","overlay-gradient":""},"tablet":{"background-color":"","background-image":"","background-repeat":"repeat","background-position":"center center","background-size":"auto","background-attachment":"scroll","background-type":"","background-media":"","overlay-type":"","overlay-color":"","overlay-opacity":"","overlay-gradient":""},"mobile":{"background-color":"","background-image":"","background-repeat":"repeat","background-position":"center center","background-size":"auto","background-attachment":"scroll","background-type":"","background-media":"","overlay-type":"","overlay-color":"","overlay-opacity":"","overlay-gradient":""}},"ast-content-background-meta":{"desktop":{"background-color":"var(--ast-global-color-4)","background-image":"","background-repeat":"repeat","background-position":"center center","background-size":"auto","background-attachment":"scroll","background-type":"","background-media":"","overlay-type":"","overlay-color":"","overlay-opacity":"","overlay-gradient":""},"tablet":{"background-color":"var(--ast-global-color-4)","background-image":"","background-repeat":"repeat","background-position":"center center","background-size":"auto","background-attachment":"scroll","background-type":"","background-media":"","overlay-type":"","overlay-color":"","overlay-opacity":"","overlay-gradient":""},"mobile":{"background-color":"var(--ast-global-color-4)","background-image":"","background-repeat":"repeat","background-position":"center center","background-size":"auto","background-attachment":"scroll","background-type":"","background-media":"","overlay-type":"","overlay-color":"","overlay-opacity":"","overlay-gradient":""}}},"product_brand":[],"product_cat":[15,165],"product_tag":[],"class_list":{"0":"post-13900","1":"product","2":"type-product","3":"status-publish","4":"has-post-thumbnail","6":"product_cat-uncategorized","7":"product_cat-religija-filosofija-ir-ezoterika","8":"desktop-align-left","9":"tablet-align-left","10":"mobile-align-left","12":"first","13":"outofstock","14":"shipping-taxable","15":"purchasable","16":"product-type-simple"},"acf":[],"yoast_head":"<!-- This site is optimized with the Yoast SEO plugin v27.0 - https:\/\/yoast.com\/product\/yoast-seo-wordpress\/ -->\n<title>Pa\u0161nekesys su Dievu skaitant \u0160vent\u0105j\u012f Ra\u0161t\u0105<\/title>\n<meta name=\"description\" content=\"Knygoje \u201ePa\u0161nekesys su Dievu skaitant \u0160vent\u0105j\u012f Ra\u0161t\u0105\u201c\u00a0\u00a0\u0161iuolaikiniam \u017emogui ai\u0161kinama, kaip kalba \u0160ventas Ra\u0161tas, mokoma Dievo \u017eod\u017eiu skon\u0117tis ir remtis\" \/>\n<meta name=\"robots\" content=\"index, follow, max-snippet:-1, max-image-preview:large, max-video-preview:-1\" \/>\n<link rel=\"canonical\" href=\"https:\/\/skaitytaknyga.lt\/en\/produktas\/pasnekesys-su-dievu-skaitant-sventaji-rasta\/\" \/>\n<meta property=\"og:locale\" content=\"en_GB\" \/>\n<meta property=\"og:locale:alternate\" content=\"lt_LT\" \/>\n<meta property=\"og:type\" content=\"article\" \/>\n<meta property=\"og:title\" content=\"Pa\u0161nekesys su Dievu skaitant \u0160vent\u0105j\u012f Ra\u0161t\u0105\" \/>\n<meta property=\"og:description\" content=\"Knygoje \u201ePa\u0161nekesys su Dievu skaitant \u0160vent\u0105j\u012f Ra\u0161t\u0105\u201c\u00a0\u00a0\u0161iuolaikiniam \u017emogui ai\u0161kinama, kaip kalba \u0160ventas Ra\u0161tas, mokoma Dievo \u017eod\u017eiu skon\u0117tis ir remtis\" \/>\n<meta property=\"og:url\" content=\"https:\/\/skaitytaknyga.lt\/en\/produktas\/pasnekesys-su-dievu-skaitant-sventaji-rasta\/\" \/>\n<meta property=\"og:site_name\" content=\"Skaitytaknyga\" \/>\n<meta property=\"article:publisher\" content=\"https:\/\/www.facebook.com\/skaitytaknyga\/\" \/>\n<meta property=\"article:modified_time\" content=\"2024-09-23T18:20:55+00:00\" \/>\n<meta property=\"og:image\" content=\"https:\/\/skaitytaknyga.lt\/wp-content\/uploads\/2024\/09\/Pasnekesys-su-Dievu-skaitant-Sventaji-Rasta.webp\" \/>\n\t<meta property=\"og:image:width\" content=\"311\" \/>\n\t<meta property=\"og:image:height\" content=\"459\" \/>\n\t<meta property=\"og:image:type\" content=\"image\/webp\" \/>\n<meta name=\"twitter:card\" content=\"summary_large_image\" \/>\n<meta name=\"twitter:label1\" content=\"Estimated reading time\" \/>\n\t<meta name=\"twitter:data1\" content=\"1 minute\" \/>\n<script type=\"application\/ld+json\" class=\"yoast-schema-graph\">{\"@context\":\"https:\/\/schema.org\",\"@graph\":[{\"@type\":\"WebPage\",\"@id\":\"https:\/\/skaitytaknyga.lt\/produktas\/pasnekesys-su-dievu-skaitant-sventaji-rasta\/\",\"url\":\"https:\/\/skaitytaknyga.lt\/produktas\/pasnekesys-su-dievu-skaitant-sventaji-rasta\/\",\"name\":\"Pa\u0161nekesys su Dievu skaitant \u0160vent\u0105j\u012f Ra\u0161t\u0105\",\"isPartOf\":{\"@id\":\"https:\/\/skaitytaknyga.lt\/#website\"},\"primaryImageOfPage\":{\"@id\":\"https:\/\/skaitytaknyga.lt\/produktas\/pasnekesys-su-dievu-skaitant-sventaji-rasta\/#primaryimage\"},\"image\":{\"@id\":\"https:\/\/skaitytaknyga.lt\/produktas\/pasnekesys-su-dievu-skaitant-sventaji-rasta\/#primaryimage\"},\"thumbnailUrl\":\"https:\/\/skaitytaknyga.lt\/wp-content\/uploads\/2024\/09\/Pasnekesys-su-Dievu-skaitant-Sventaji-Rasta.webp\",\"datePublished\":\"2024-05-11T05:52:40+00:00\",\"dateModified\":\"2024-09-23T18:20:55+00:00\",\"description\":\"Knygoje \u201ePa\u0161nekesys su Dievu skaitant \u0160vent\u0105j\u012f Ra\u0161t\u0105\u201c\u00a0\u00a0\u0161iuolaikiniam \u017emogui ai\u0161kinama, kaip kalba \u0160ventas Ra\u0161tas, mokoma Dievo \u017eod\u017eiu skon\u0117tis ir remtis\",\"breadcrumb\":{\"@id\":\"https:\/\/skaitytaknyga.lt\/produktas\/pasnekesys-su-dievu-skaitant-sventaji-rasta\/#breadcrumb\"},\"inLanguage\":\"en-GB\",\"potentialAction\":[{\"@type\":\"ReadAction\",\"target\":[\"https:\/\/skaitytaknyga.lt\/produktas\/pasnekesys-su-dievu-skaitant-sventaji-rasta\/\"]}]},{\"@type\":\"ImageObject\",\"inLanguage\":\"en-GB\",\"@id\":\"https:\/\/skaitytaknyga.lt\/produktas\/pasnekesys-su-dievu-skaitant-sventaji-rasta\/#primaryimage\",\"url\":\"https:\/\/skaitytaknyga.lt\/wp-content\/uploads\/2024\/09\/Pasnekesys-su-Dievu-skaitant-Sventaji-Rasta.webp\",\"contentUrl\":\"https:\/\/skaitytaknyga.lt\/wp-content\/uploads\/2024\/09\/Pasnekesys-su-Dievu-skaitant-Sventaji-Rasta.webp\",\"width\":311,\"height\":459,\"caption\":\"Pa\u0161nekesys su Dievu skaitant \u0160vent\u0105j\u012f Ra\u0161t\u0105\"},{\"@type\":\"BreadcrumbList\",\"@id\":\"https:\/\/skaitytaknyga.lt\/produktas\/pasnekesys-su-dievu-skaitant-sventaji-rasta\/#breadcrumb\",\"itemListElement\":[{\"@type\":\"ListItem\",\"position\":1,\"name\":\"Home\",\"item\":\"https:\/\/skaitytaknyga.lt\/\"},{\"@type\":\"ListItem\",\"position\":2,\"name\":\"Parduotuv\u0117\",\"item\":\"https:\/\/skaitytaknyga.lt\/knygu-parduotuve\/\"},{\"@type\":\"ListItem\",\"position\":3,\"name\":\"Pa\u0161nekesys su Dievu skaitant \u0160vent\u0105j\u012f Ra\u0161t\u0105\"}]},{\"@type\":\"WebSite\",\"@id\":\"https:\/\/skaitytaknyga.lt\/#website\",\"url\":\"https:\/\/skaitytaknyga.lt\/\",\"name\":\"skaitytaknyga.lt\",\"description\":\"Skaitytaknyga.lt \u2013 tai ma\u017eas \u0161eimos verslas, kuris prasid\u0117jo nuo meil\u0117s knygoms ir siekio i\u0161gelb\u0117ti knygas nuo likimo prie konteinerio. Kas vienam nereikalingas daiktas \u2013 kitam lobis, o mes esame tarpininkai, kurie padeda abiems tapti laimingesniems ???? \u017dinome kaip nelengva i\u0161gyventi ma\u017eiems verslams, tad nuo \u0161iol, \u010dia rasite ir kit\u0173, ma\u017e\u0173 \u0161eim\u0173 versl\u0173, rank\u0173 darbo, dovan\u0173 sau ir artimiesiems.\",\"publisher\":{\"@id\":\"https:\/\/skaitytaknyga.lt\/#organization\"},\"potentialAction\":[{\"@type\":\"SearchAction\",\"target\":{\"@type\":\"EntryPoint\",\"urlTemplate\":\"https:\/\/skaitytaknyga.lt\/?s={search_term_string}\"},\"query-input\":{\"@type\":\"PropertyValueSpecification\",\"valueRequired\":true,\"valueName\":\"search_term_string\"}}],\"inLanguage\":\"en-GB\"},{\"@type\":\"Organization\",\"@id\":\"https:\/\/skaitytaknyga.lt\/#organization\",\"name\":\"skaitytaknyga.lt\",\"url\":\"https:\/\/skaitytaknyga.lt\/\",\"logo\":{\"@type\":\"ImageObject\",\"inLanguage\":\"en-GB\",\"@id\":\"https:\/\/skaitytaknyga.lt\/#\/schema\/logo\/image\/\",\"url\":\"https:\/\/skaitytaknyga.lt\/wp-content\/uploads\/2024\/05\/cropped-cropped-cropped-02_00843_jt3bggkj1j3HLc7SyY6rEUpg.jpeg\",\"contentUrl\":\"https:\/\/skaitytaknyga.lt\/wp-content\/uploads\/2024\/05\/cropped-cropped-cropped-02_00843_jt3bggkj1j3HLc7SyY6rEUpg.jpeg\",\"width\":1600,\"height\":1600,\"caption\":\"skaitytaknyga.lt\"},\"image\":{\"@id\":\"https:\/\/skaitytaknyga.lt\/#\/schema\/logo\/image\/\"},\"sameAs\":[\"https:\/\/www.facebook.com\/skaitytaknyga\/\"]}]}<\/script>\n<!-- \/ Yoast SEO plugin. -->","yoast_head_json":{"title":"Pa\u0161nekesys su Dievu skaitant \u0160vent\u0105j\u012f Ra\u0161t\u0105","description":"Knygoje \u201ePa\u0161nekesys su Dievu skaitant \u0160vent\u0105j\u012f Ra\u0161t\u0105\u201c\u00a0\u00a0\u0161iuolaikiniam \u017emogui ai\u0161kinama, kaip kalba \u0160ventas Ra\u0161tas, mokoma Dievo \u017eod\u017eiu skon\u0117tis ir remtis","robots":{"index":"index","follow":"follow","max-snippet":"max-snippet:-1","max-image-preview":"max-image-preview:large","max-video-preview":"max-video-preview:-1"},"canonical":"https:\/\/skaitytaknyga.lt\/en\/produktas\/pasnekesys-su-dievu-skaitant-sventaji-rasta\/","og_locale":"en_GB","og_type":"article","og_title":"[:lt]Pa\u0161nekesys su Dievu skaitant \u0160vent\u0105j\u012f Ra\u0161t\u0105[:] - Skaitytaknyga","og_description":"Knygoje \u201ePa\u0161nekesys su Dievu skaitant \u0160vent\u0105j\u012f Ra\u0161t\u0105\u201c\u00a0\u00a0\u0161iuolaikiniam \u017emogui ai\u0161kinama, kaip kalba \u0160ventas Ra\u0161tas, mokoma Dievo \u017eod\u017eiu skon\u0117tis ir remtis","og_url":"https:\/\/skaitytaknyga.lt\/en\/produktas\/pasnekesys-su-dievu-skaitant-sventaji-rasta\/","og_site_name":"Skaitytaknyga","article_publisher":"https:\/\/www.facebook.com\/skaitytaknyga\/","article_modified_time":"2024-09-23T18:20:55+00:00","og_image":[{"width":311,"height":459,"url":"https:\/\/skaitytaknyga.lt\/wp-content\/uploads\/2024\/09\/Pasnekesys-su-Dievu-skaitant-Sventaji-Rasta.webp","type":"image\/webp"}],"twitter_card":"summary_large_image","twitter_misc":{"Estimated reading time":"1 minute"},"schema":{"@context":"https:\/\/schema.org","@graph":[{"@type":"WebPage","@id":"https:\/\/skaitytaknyga.lt\/produktas\/pasnekesys-su-dievu-skaitant-sventaji-rasta\/","url":"https:\/\/skaitytaknyga.lt\/produktas\/pasnekesys-su-dievu-skaitant-sventaji-rasta\/","name":"Pa\u0161nekesys su Dievu skaitant \u0160vent\u0105j\u012f Ra\u0161t\u0105","isPartOf":{"@id":"https:\/\/skaitytaknyga.lt\/#website"},"primaryImageOfPage":{"@id":"https:\/\/skaitytaknyga.lt\/produktas\/pasnekesys-su-dievu-skaitant-sventaji-rasta\/#primaryimage"},"image":{"@id":"https:\/\/skaitytaknyga.lt\/produktas\/pasnekesys-su-dievu-skaitant-sventaji-rasta\/#primaryimage"},"thumbnailUrl":"https:\/\/skaitytaknyga.lt\/wp-content\/uploads\/2024\/09\/Pasnekesys-su-Dievu-skaitant-Sventaji-Rasta.webp","datePublished":"2024-05-11T05:52:40+00:00","dateModified":"2024-09-23T18:20:55+00:00","description":"Knygoje \u201ePa\u0161nekesys su Dievu skaitant \u0160vent\u0105j\u012f Ra\u0161t\u0105\u201c\u00a0\u00a0\u0161iuolaikiniam \u017emogui ai\u0161kinama, kaip kalba \u0160ventas Ra\u0161tas, mokoma Dievo \u017eod\u017eiu skon\u0117tis ir remtis","breadcrumb":{"@id":"https:\/\/skaitytaknyga.lt\/produktas\/pasnekesys-su-dievu-skaitant-sventaji-rasta\/#breadcrumb"},"inLanguage":"en-GB","potentialAction":[{"@type":"ReadAction","target":["https:\/\/skaitytaknyga.lt\/produktas\/pasnekesys-su-dievu-skaitant-sventaji-rasta\/"]}]},{"@type":"ImageObject","inLanguage":"en-GB","@id":"https:\/\/skaitytaknyga.lt\/produktas\/pasnekesys-su-dievu-skaitant-sventaji-rasta\/#primaryimage","url":"https:\/\/skaitytaknyga.lt\/wp-content\/uploads\/2024\/09\/Pasnekesys-su-Dievu-skaitant-Sventaji-Rasta.webp","contentUrl":"https:\/\/skaitytaknyga.lt\/wp-content\/uploads\/2024\/09\/Pasnekesys-su-Dievu-skaitant-Sventaji-Rasta.webp","width":311,"height":459,"caption":"Pa\u0161nekesys su Dievu skaitant \u0160vent\u0105j\u012f Ra\u0161t\u0105"},{"@type":"BreadcrumbList","@id":"https:\/\/skaitytaknyga.lt\/produktas\/pasnekesys-su-dievu-skaitant-sventaji-rasta\/#breadcrumb","itemListElement":[{"@type":"ListItem","position":1,"name":"Home","item":"https:\/\/skaitytaknyga.lt\/"},{"@type":"ListItem","position":2,"name":"Parduotuv\u0117","item":"https:\/\/skaitytaknyga.lt\/knygu-parduotuve\/"},{"@type":"ListItem","position":3,"name":"Pa\u0161nekesys su Dievu skaitant \u0160vent\u0105j\u012f Ra\u0161t\u0105"}]},{"@type":"WebSite","@id":"https:\/\/skaitytaknyga.lt\/#website","url":"https:\/\/skaitytaknyga.lt\/","name":"skaitytaknyga.lt","description":"Skaitytaknyga.lt \u2013 tai ma\u017eas \u0161eimos verslas, kuris prasid\u0117jo nuo meil\u0117s knygoms ir siekio i\u0161gelb\u0117ti knygas nuo likimo prie konteinerio. Kas vienam nereikalingas daiktas \u2013 kitam lobis, o mes esame tarpininkai, kurie padeda abiems tapti laimingesniems ???? \u017dinome kaip nelengva i\u0161gyventi ma\u017eiems verslams, tad nuo \u0161iol, \u010dia rasite ir kit\u0173, ma\u017e\u0173 \u0161eim\u0173 versl\u0173, rank\u0173 darbo, dovan\u0173 sau ir artimiesiems.","publisher":{"@id":"https:\/\/skaitytaknyga.lt\/#organization"},"potentialAction":[{"@type":"SearchAction","target":{"@type":"EntryPoint","urlTemplate":"https:\/\/skaitytaknyga.lt\/?s={search_term_string}"},"query-input":{"@type":"PropertyValueSpecification","valueRequired":true,"valueName":"search_term_string"}}],"inLanguage":"en-GB"},{"@type":"Organization","@id":"https:\/\/skaitytaknyga.lt\/#organization","name":"skaitytaknyga.lt","url":"https:\/\/skaitytaknyga.lt\/","logo":{"@type":"ImageObject","inLanguage":"en-GB","@id":"https:\/\/skaitytaknyga.lt\/#\/schema\/logo\/image\/","url":"https:\/\/skaitytaknyga.lt\/wp-content\/uploads\/2024\/05\/cropped-cropped-cropped-02_00843_jt3bggkj1j3HLc7SyY6rEUpg.jpeg","contentUrl":"https:\/\/skaitytaknyga.lt\/wp-content\/uploads\/2024\/05\/cropped-cropped-cropped-02_00843_jt3bggkj1j3HLc7SyY6rEUpg.jpeg","width":1600,"height":1600,"caption":"skaitytaknyga.lt"},"image":{"@id":"https:\/\/skaitytaknyga.lt\/#\/schema\/logo\/image\/"},"sameAs":["https:\/\/www.facebook.com\/skaitytaknyga\/"]}]}},"_links":{"self":[{"href":"https:\/\/skaitytaknyga.lt\/en\/wp-json\/wp\/v2\/product\/13900","targetHints":{"allow":["GET"]}}],"collection":[{"href":"https:\/\/skaitytaknyga.lt\/en\/wp-json\/wp\/v2\/product"}],"about":[{"href":"https:\/\/skaitytaknyga.lt\/en\/wp-json\/wp\/v2\/types\/product"}],"replies":[{"embeddable":true,"href":"https:\/\/skaitytaknyga.lt\/en\/wp-json\/wp\/v2\/comments?post=13900"}],"wp:featuredmedia":[{"embeddable":true,"href":"https:\/\/skaitytaknyga.lt\/en\/wp-json\/wp\/v2\/media\/13908"}],"wp:attachment":[{"href":"https:\/\/skaitytaknyga.lt\/en\/wp-json\/wp\/v2\/media?parent=13900"}],"wp:term":[{"taxonomy":"product_brand","embeddable":true,"href":"https:\/\/skaitytaknyga.lt\/en\/wp-json\/wp\/v2\/product_brand?post=13900"},{"taxonomy":"product_cat","embeddable":true,"href":"https:\/\/skaitytaknyga.lt\/en\/wp-json\/wp\/v2\/product_cat?post=13900"},{"taxonomy":"product_tag","embeddable":true,"href":"https:\/\/skaitytaknyga.lt\/en\/wp-json\/wp\/v2\/product_tag?post=13900"}],"curies":[{"name":"wp","href":"https:\/\/api.w.org\/{rel}","templated":true}]}}