{"id":13899,"date":"2024-05-11T08:52:40","date_gmt":"2024-05-11T05:52:40","guid":{"rendered":"https:\/\/skaitytaknyga.lt\/?post_type=product&#038;p=13899"},"modified":"2025-09-17T20:37:46","modified_gmt":"2025-09-17T17:37:46","slug":"eik-i-savo-kambareli-dvasines-pratybos-kasdieniame-gyvenime","status":"publish","type":"product","link":"https:\/\/skaitytaknyga.lt\/en\/produktas\/eik-i-savo-kambareli-dvasines-pratybos-kasdieniame-gyvenime\/","title":{"rendered":"Eik \u012f savo kambar\u0117l\u012f: dvasin\u0117s pratybos kasdieniame gyvenime"},"content":{"rendered":"<p>\u201eEik \u012f savo kambar\u0117l\u012f\u201c &#8211; \u0161v. Ignaco Lojolos mokymu pagr\u012fstos Dvasin\u0117s pratybos kasdieniame gyvenime, trunkan\u010dios 33 savaites. Kiekvienai pratyb\u0173 dienai parinkti trumpi, susim\u0105styti kvie\u010diantys pasakojimai, pateiktos \u0160ventojo Ra\u0161to nuorodos bei taikl\u016bs klausimai, atveria vis naujas Evangelijos ir \u017emogaus \u0161irdies gelmes, skatina pa\u017einti Diev\u0105 ir save, ragina ie\u0161koti savo vietos pasaulyje.<\/p>\n<p>\u201eDvasin\u0117s pratybos kasdieniame gyvenime\u201c skirtos tiems, kurie trok\u0161ta myl\u0117ti Diev\u0105 visa \u0161irdimi, visu protu ir visomis j\u0117gomis, o kiekvien\u0105 \u017emog\u0173 (be joki\u0173 i\u0161im\u010di\u0173) &#8211; kaip save pat\u012f.<\/p>\n<p>\u0160ioje knygoje pateikti pasi\u016blymai, paprasti maldos b\u016bdai ir dvasiniai pratimai, kaip melstis, medituoti ir kontempliuoti \u0160vent\u0105j\u012f Ra\u0161t\u0105, \u012fveikti i\u0161kylan\u010dius dvasinius sunkumus ir priimti teisingus sprendimus. Pratybos ne tik suteiks nauj\u0173 vidini\u0173 j\u0117g\u0173, bet ir paskatins naudotis turima dvasine patirtimi, padedan\u010dia kurti Dievo Karalyst\u0119.<\/p>\n<ul class=\"about-product d-none d-xl-block mt-4\">\n<li><strong>Autorius:<\/strong>\u00a0Lionginas Virbalas,\u00a0SJ<\/li>\n<li><strong>Leid\u0117jas:<\/strong>\u00a0Katalik\u0173 pasaulio leidiniai<\/li>\n<li><strong>Metai:<\/strong>\u00a02009<\/li>\n<li><strong>Puslapiai:<\/strong>\u00a0348<\/li>\n<li><strong>ISBN:<\/strong>\u00a09789955290391<\/li>\n<li><strong>Formatas:<\/strong>\u00a011,5 x 19 cm, kieti vir\u0161eliai<\/li>\n<li><strong>Kalba:<\/strong>\u00a0Lietuvi\u0173<\/li>\n<\/ul>\n","protected":false},"excerpt":{"rendered":"<p>\u201eEik \u012f savo kambar\u0117l\u012f\u201c &#8211; \u0161v. Ignaco Lojolos mokymu pagr\u012fstos Dvasin\u0117s pratybos kasdieniame gyvenime, trunkan\u010dios 33 savaites. Kiekvienai pratyb\u0173 dienai parinkti trumpi, susim\u0105styti kvie\u010diantys pasakojimai, pateiktos \u0160ventojo Ra\u0161to nuorodos bei taikl\u016bs klausimai, atveria vis naujas Evangelijos ir \u017emogaus \u0161irdies gelmes, skatina pa\u017einti Diev\u0105 ir save, ragina ie\u0161koti savo vietos pasaulyje. \u201eDvasin\u0117s pratybos kasdieniame gyvenime\u201c skirtos tiems, kurie trok\u0161ta myl\u0117ti Diev\u0105 visa \u0161irdimi, visu protu ir visomis j\u0117gomis, o kiekvien\u0105 \u017emog\u0173 (be joki\u0173 i\u0161im\u010di\u0173) &#8211; kaip save pat\u012f. \u0160ioje knygoje pateikti pasi\u016blymai, paprasti maldos b\u016bdai ir dvasiniai pratimai, kaip melstis, medituoti ir kontempliuoti \u0160vent\u0105j\u012f Ra\u0161t\u0105, \u012fveikti i\u0161kylan\u010dius dvasinius sunkumus ir priimti teisingus sprendimus. Pratybos ne tik suteiks nauj\u0173 vidini\u0173 j\u0117g\u0173, bet ir paskatins naudotis turima dvasine patirtimi, padedan\u010dia kurti Dievo Karalyst\u0119. Autorius:\u00a0Lionginas Virbalas,\u00a0SJ Leid\u0117jas:\u00a0Katalik\u0173 pasaulio leidiniai Metai:\u00a02009 Puslapiai:\u00a0348 ISBN:\u00a09789955290391 Formatas:\u00a011,5 x 19 cm, kieti vir\u0161eliai Kalba:\u00a0Lietuvi\u0173<\/p>\n","protected":false},"featured_media":13909,"comment_status":"open","ping_status":"closed","template":"","meta":{"_acf_changed":false,"site-sidebar-layout":"default","site-content-layout":"","ast-site-content-layout":"default","site-content-style":"default","site-sidebar-style":"default","ast-global-header-display":"","ast-banner-title-visibility":"","ast-main-header-display":"","ast-hfb-above-header-display":"","ast-hfb-below-header-display":"","ast-hfb-mobile-header-display":"","site-post-title":"","ast-breadcrumbs-content":"","ast-featured-img":"","footer-sml-layout":"","ast-disable-related-posts":"","theme-transparent-header-meta":"default","adv-header-id-meta":"","stick-header-meta":"","header-above-stick-meta":"","header-main-stick-meta":"","header-below-stick-meta":"","astra-migrate-meta-layouts":"set","ast-page-background-enabled":"default","ast-page-background-meta":{"desktop":{"background-color":"","background-image":"","background-repeat":"repeat","background-position":"center center","background-size":"auto","background-attachment":"scroll","background-type":"","background-media":"","overlay-type":"","overlay-color":"","overlay-opacity":"","overlay-gradient":""},"tablet":{"background-color":"","background-image":"","background-repeat":"repeat","background-position":"center center","background-size":"auto","background-attachment":"scroll","background-type":"","background-media":"","overlay-type":"","overlay-color":"","overlay-opacity":"","overlay-gradient":""},"mobile":{"background-color":"","background-image":"","background-repeat":"repeat","background-position":"center center","background-size":"auto","background-attachment":"scroll","background-type":"","background-media":"","overlay-type":"","overlay-color":"","overlay-opacity":"","overlay-gradient":""}},"ast-content-background-meta":{"desktop":{"background-color":"var(--ast-global-color-4)","background-image":"","background-repeat":"repeat","background-position":"center center","background-size":"auto","background-attachment":"scroll","background-type":"","background-media":"","overlay-type":"","overlay-color":"","overlay-opacity":"","overlay-gradient":""},"tablet":{"background-color":"var(--ast-global-color-4)","background-image":"","background-repeat":"repeat","background-position":"center center","background-size":"auto","background-attachment":"scroll","background-type":"","background-media":"","overlay-type":"","overlay-color":"","overlay-opacity":"","overlay-gradient":""},"mobile":{"background-color":"var(--ast-global-color-4)","background-image":"","background-repeat":"repeat","background-position":"center center","background-size":"auto","background-attachment":"scroll","background-type":"","background-media":"","overlay-type":"","overlay-color":"","overlay-opacity":"","overlay-gradient":""}}},"product_brand":[],"product_cat":[15,165],"product_tag":[],"class_list":{"0":"post-13899","1":"product","2":"type-product","3":"status-publish","4":"has-post-thumbnail","6":"product_cat-uncategorized","7":"product_cat-religija-filosofija-ir-ezoterika","8":"desktop-align-left","9":"tablet-align-left","10":"mobile-align-left","12":"first","13":"instock","14":"shipping-taxable","15":"purchasable","16":"product-type-simple"},"acf":[],"yoast_head":"<!-- This site is optimized with the Yoast SEO plugin v27.0 - https:\/\/yoast.com\/product\/yoast-seo-wordpress\/ -->\n<title>Eik \u012f savo kambar\u0117l\u012f: dvasin\u0117s pratybos kasdieniame gyvenime<\/title>\n<meta name=\"description\" content=\"\u201eEik \u012f savo kambar\u0117l\u012f\u201c - \u0161v. Ignaco Lojolos mokymu pagr\u012fstos Dvasin\u0117s pratybos kasdieniame gyvenime, trunkan\u010dios 33 savaites. Kiekvienai pratyb\u0173 dienai\" \/>\n<meta name=\"robots\" content=\"index, follow, max-snippet:-1, max-image-preview:large, max-video-preview:-1\" \/>\n<link rel=\"canonical\" href=\"https:\/\/skaitytaknyga.lt\/en\/produktas\/eik-i-savo-kambareli-dvasines-pratybos-kasdieniame-gyvenime\/\" \/>\n<meta property=\"og:locale\" content=\"en_GB\" \/>\n<meta property=\"og:locale:alternate\" content=\"lt_LT\" \/>\n<meta property=\"og:type\" content=\"article\" \/>\n<meta property=\"og:title\" content=\"Eik \u012f savo kambar\u0117l\u012f: dvasin\u0117s pratybos kasdieniame gyvenime\" \/>\n<meta property=\"og:description\" content=\"\u201eEik \u012f savo kambar\u0117l\u012f\u201c - \u0161v. Ignaco Lojolos mokymu pagr\u012fstos Dvasin\u0117s pratybos kasdieniame gyvenime, trunkan\u010dios 33 savaites. Kiekvienai pratyb\u0173 dienai\" \/>\n<meta property=\"og:url\" content=\"https:\/\/skaitytaknyga.lt\/en\/produktas\/eik-i-savo-kambareli-dvasines-pratybos-kasdieniame-gyvenime\/\" \/>\n<meta property=\"og:site_name\" content=\"Skaitytaknyga\" \/>\n<meta property=\"article:publisher\" content=\"https:\/\/www.facebook.com\/skaitytaknyga\/\" \/>\n<meta property=\"article:modified_time\" content=\"2025-09-17T17:37:46+00:00\" \/>\n<meta property=\"og:image\" content=\"https:\/\/skaitytaknyga.lt\/wp-content\/uploads\/2024\/09\/Eik-i-savo-kambareli-dvasines-pratybos-kasdieniame-gyvenime.webp\" \/>\n\t<meta property=\"og:image:width\" content=\"447\" \/>\n\t<meta property=\"og:image:height\" content=\"800\" \/>\n\t<meta property=\"og:image:type\" content=\"image\/webp\" \/>\n<meta name=\"twitter:card\" content=\"summary_large_image\" \/>\n<meta name=\"twitter:label1\" content=\"Estimated reading time\" \/>\n\t<meta name=\"twitter:data1\" content=\"1 minute\" \/>\n<script type=\"application\/ld+json\" class=\"yoast-schema-graph\">{\"@context\":\"https:\/\/schema.org\",\"@graph\":[{\"@type\":\"WebPage\",\"@id\":\"https:\/\/skaitytaknyga.lt\/produktas\/eik-i-savo-kambareli-dvasines-pratybos-kasdieniame-gyvenime\/\",\"url\":\"https:\/\/skaitytaknyga.lt\/produktas\/eik-i-savo-kambareli-dvasines-pratybos-kasdieniame-gyvenime\/\",\"name\":\"Eik \u012f savo kambar\u0117l\u012f: dvasin\u0117s pratybos kasdieniame gyvenime\",\"isPartOf\":{\"@id\":\"https:\/\/skaitytaknyga.lt\/#website\"},\"primaryImageOfPage\":{\"@id\":\"https:\/\/skaitytaknyga.lt\/produktas\/eik-i-savo-kambareli-dvasines-pratybos-kasdieniame-gyvenime\/#primaryimage\"},\"image\":{\"@id\":\"https:\/\/skaitytaknyga.lt\/produktas\/eik-i-savo-kambareli-dvasines-pratybos-kasdieniame-gyvenime\/#primaryimage\"},\"thumbnailUrl\":\"https:\/\/skaitytaknyga.lt\/wp-content\/uploads\/2024\/09\/Eik-i-savo-kambareli-dvasines-pratybos-kasdieniame-gyvenime.webp\",\"datePublished\":\"2024-05-11T05:52:40+00:00\",\"dateModified\":\"2025-09-17T17:37:46+00:00\",\"description\":\"\u201eEik \u012f savo kambar\u0117l\u012f\u201c - \u0161v. Ignaco Lojolos mokymu pagr\u012fstos Dvasin\u0117s pratybos kasdieniame gyvenime, trunkan\u010dios 33 savaites. Kiekvienai pratyb\u0173 dienai\",\"breadcrumb\":{\"@id\":\"https:\/\/skaitytaknyga.lt\/produktas\/eik-i-savo-kambareli-dvasines-pratybos-kasdieniame-gyvenime\/#breadcrumb\"},\"inLanguage\":\"en-GB\",\"potentialAction\":[{\"@type\":\"ReadAction\",\"target\":[\"https:\/\/skaitytaknyga.lt\/produktas\/eik-i-savo-kambareli-dvasines-pratybos-kasdieniame-gyvenime\/\"]}]},{\"@type\":\"ImageObject\",\"inLanguage\":\"en-GB\",\"@id\":\"https:\/\/skaitytaknyga.lt\/produktas\/eik-i-savo-kambareli-dvasines-pratybos-kasdieniame-gyvenime\/#primaryimage\",\"url\":\"https:\/\/skaitytaknyga.lt\/wp-content\/uploads\/2024\/09\/Eik-i-savo-kambareli-dvasines-pratybos-kasdieniame-gyvenime.webp\",\"contentUrl\":\"https:\/\/skaitytaknyga.lt\/wp-content\/uploads\/2024\/09\/Eik-i-savo-kambareli-dvasines-pratybos-kasdieniame-gyvenime.webp\",\"width\":447,\"height\":800,\"caption\":\"Eik \u012f savo kambar\u0117l\u012f: dvasin\u0117s pratybos kasdieniame gyvenime\"},{\"@type\":\"BreadcrumbList\",\"@id\":\"https:\/\/skaitytaknyga.lt\/produktas\/eik-i-savo-kambareli-dvasines-pratybos-kasdieniame-gyvenime\/#breadcrumb\",\"itemListElement\":[{\"@type\":\"ListItem\",\"position\":1,\"name\":\"Home\",\"item\":\"https:\/\/skaitytaknyga.lt\/\"},{\"@type\":\"ListItem\",\"position\":2,\"name\":\"Parduotuv\u0117\",\"item\":\"https:\/\/skaitytaknyga.lt\/knygu-parduotuve\/\"},{\"@type\":\"ListItem\",\"position\":3,\"name\":\"Eik \u012f savo kambar\u0117l\u012f: dvasin\u0117s pratybos kasdieniame gyvenime\"}]},{\"@type\":\"WebSite\",\"@id\":\"https:\/\/skaitytaknyga.lt\/#website\",\"url\":\"https:\/\/skaitytaknyga.lt\/\",\"name\":\"skaitytaknyga.lt\",\"description\":\"Skaitytaknyga.lt \u2013 tai ma\u017eas \u0161eimos verslas, kuris prasid\u0117jo nuo meil\u0117s knygoms ir siekio i\u0161gelb\u0117ti knygas nuo likimo prie konteinerio. Kas vienam nereikalingas daiktas \u2013 kitam lobis, o mes esame tarpininkai, kurie padeda abiems tapti laimingesniems ???? \u017dinome kaip nelengva i\u0161gyventi ma\u017eiems verslams, tad nuo \u0161iol, \u010dia rasite ir kit\u0173, ma\u017e\u0173 \u0161eim\u0173 versl\u0173, rank\u0173 darbo, dovan\u0173 sau ir artimiesiems.\",\"publisher\":{\"@id\":\"https:\/\/skaitytaknyga.lt\/#organization\"},\"potentialAction\":[{\"@type\":\"SearchAction\",\"target\":{\"@type\":\"EntryPoint\",\"urlTemplate\":\"https:\/\/skaitytaknyga.lt\/?s={search_term_string}\"},\"query-input\":{\"@type\":\"PropertyValueSpecification\",\"valueRequired\":true,\"valueName\":\"search_term_string\"}}],\"inLanguage\":\"en-GB\"},{\"@type\":\"Organization\",\"@id\":\"https:\/\/skaitytaknyga.lt\/#organization\",\"name\":\"skaitytaknyga.lt\",\"url\":\"https:\/\/skaitytaknyga.lt\/\",\"logo\":{\"@type\":\"ImageObject\",\"inLanguage\":\"en-GB\",\"@id\":\"https:\/\/skaitytaknyga.lt\/#\/schema\/logo\/image\/\",\"url\":\"https:\/\/skaitytaknyga.lt\/wp-content\/uploads\/2024\/05\/cropped-cropped-cropped-02_00843_jt3bggkj1j3HLc7SyY6rEUpg.jpeg\",\"contentUrl\":\"https:\/\/skaitytaknyga.lt\/wp-content\/uploads\/2024\/05\/cropped-cropped-cropped-02_00843_jt3bggkj1j3HLc7SyY6rEUpg.jpeg\",\"width\":1600,\"height\":1600,\"caption\":\"skaitytaknyga.lt\"},\"image\":{\"@id\":\"https:\/\/skaitytaknyga.lt\/#\/schema\/logo\/image\/\"},\"sameAs\":[\"https:\/\/www.facebook.com\/skaitytaknyga\/\"]}]}<\/script>\n<!-- \/ Yoast SEO plugin. -->","yoast_head_json":{"title":"Eik \u012f savo kambar\u0117l\u012f: dvasin\u0117s pratybos kasdieniame gyvenime","description":"\u201eEik \u012f savo kambar\u0117l\u012f\u201c - \u0161v. Ignaco Lojolos mokymu pagr\u012fstos Dvasin\u0117s pratybos kasdieniame gyvenime, trunkan\u010dios 33 savaites. Kiekvienai pratyb\u0173 dienai","robots":{"index":"index","follow":"follow","max-snippet":"max-snippet:-1","max-image-preview":"max-image-preview:large","max-video-preview":"max-video-preview:-1"},"canonical":"https:\/\/skaitytaknyga.lt\/en\/produktas\/eik-i-savo-kambareli-dvasines-pratybos-kasdieniame-gyvenime\/","og_locale":"en_GB","og_type":"article","og_title":"[:lt]Eik \u012f savo kambar\u0117l\u012f: dvasin\u0117s pratybos kasdieniame gyvenime[:] - Skaitytaknyga","og_description":"\u201eEik \u012f savo kambar\u0117l\u012f\u201c - \u0161v. Ignaco Lojolos mokymu pagr\u012fstos Dvasin\u0117s pratybos kasdieniame gyvenime, trunkan\u010dios 33 savaites. Kiekvienai pratyb\u0173 dienai","og_url":"https:\/\/skaitytaknyga.lt\/en\/produktas\/eik-i-savo-kambareli-dvasines-pratybos-kasdieniame-gyvenime\/","og_site_name":"Skaitytaknyga","article_publisher":"https:\/\/www.facebook.com\/skaitytaknyga\/","article_modified_time":"2025-09-17T17:37:46+00:00","og_image":[{"width":447,"height":800,"url":"https:\/\/skaitytaknyga.lt\/wp-content\/uploads\/2024\/09\/Eik-i-savo-kambareli-dvasines-pratybos-kasdieniame-gyvenime.webp","type":"image\/webp"}],"twitter_card":"summary_large_image","twitter_misc":{"Estimated reading time":"1 minute"},"schema":{"@context":"https:\/\/schema.org","@graph":[{"@type":"WebPage","@id":"https:\/\/skaitytaknyga.lt\/produktas\/eik-i-savo-kambareli-dvasines-pratybos-kasdieniame-gyvenime\/","url":"https:\/\/skaitytaknyga.lt\/produktas\/eik-i-savo-kambareli-dvasines-pratybos-kasdieniame-gyvenime\/","name":"Eik \u012f savo kambar\u0117l\u012f: dvasin\u0117s pratybos kasdieniame gyvenime","isPartOf":{"@id":"https:\/\/skaitytaknyga.lt\/#website"},"primaryImageOfPage":{"@id":"https:\/\/skaitytaknyga.lt\/produktas\/eik-i-savo-kambareli-dvasines-pratybos-kasdieniame-gyvenime\/#primaryimage"},"image":{"@id":"https:\/\/skaitytaknyga.lt\/produktas\/eik-i-savo-kambareli-dvasines-pratybos-kasdieniame-gyvenime\/#primaryimage"},"thumbnailUrl":"https:\/\/skaitytaknyga.lt\/wp-content\/uploads\/2024\/09\/Eik-i-savo-kambareli-dvasines-pratybos-kasdieniame-gyvenime.webp","datePublished":"2024-05-11T05:52:40+00:00","dateModified":"2025-09-17T17:37:46+00:00","description":"\u201eEik \u012f savo kambar\u0117l\u012f\u201c - \u0161v. Ignaco Lojolos mokymu pagr\u012fstos Dvasin\u0117s pratybos kasdieniame gyvenime, trunkan\u010dios 33 savaites. Kiekvienai pratyb\u0173 dienai","breadcrumb":{"@id":"https:\/\/skaitytaknyga.lt\/produktas\/eik-i-savo-kambareli-dvasines-pratybos-kasdieniame-gyvenime\/#breadcrumb"},"inLanguage":"en-GB","potentialAction":[{"@type":"ReadAction","target":["https:\/\/skaitytaknyga.lt\/produktas\/eik-i-savo-kambareli-dvasines-pratybos-kasdieniame-gyvenime\/"]}]},{"@type":"ImageObject","inLanguage":"en-GB","@id":"https:\/\/skaitytaknyga.lt\/produktas\/eik-i-savo-kambareli-dvasines-pratybos-kasdieniame-gyvenime\/#primaryimage","url":"https:\/\/skaitytaknyga.lt\/wp-content\/uploads\/2024\/09\/Eik-i-savo-kambareli-dvasines-pratybos-kasdieniame-gyvenime.webp","contentUrl":"https:\/\/skaitytaknyga.lt\/wp-content\/uploads\/2024\/09\/Eik-i-savo-kambareli-dvasines-pratybos-kasdieniame-gyvenime.webp","width":447,"height":800,"caption":"Eik \u012f savo kambar\u0117l\u012f: dvasin\u0117s pratybos kasdieniame gyvenime"},{"@type":"BreadcrumbList","@id":"https:\/\/skaitytaknyga.lt\/produktas\/eik-i-savo-kambareli-dvasines-pratybos-kasdieniame-gyvenime\/#breadcrumb","itemListElement":[{"@type":"ListItem","position":1,"name":"Home","item":"https:\/\/skaitytaknyga.lt\/"},{"@type":"ListItem","position":2,"name":"Parduotuv\u0117","item":"https:\/\/skaitytaknyga.lt\/knygu-parduotuve\/"},{"@type":"ListItem","position":3,"name":"Eik \u012f savo kambar\u0117l\u012f: dvasin\u0117s pratybos kasdieniame gyvenime"}]},{"@type":"WebSite","@id":"https:\/\/skaitytaknyga.lt\/#website","url":"https:\/\/skaitytaknyga.lt\/","name":"skaitytaknyga.lt","description":"Skaitytaknyga.lt \u2013 tai ma\u017eas \u0161eimos verslas, kuris prasid\u0117jo nuo meil\u0117s knygoms ir siekio i\u0161gelb\u0117ti knygas nuo likimo prie konteinerio. Kas vienam nereikalingas daiktas \u2013 kitam lobis, o mes esame tarpininkai, kurie padeda abiems tapti laimingesniems ???? \u017dinome kaip nelengva i\u0161gyventi ma\u017eiems verslams, tad nuo \u0161iol, \u010dia rasite ir kit\u0173, ma\u017e\u0173 \u0161eim\u0173 versl\u0173, rank\u0173 darbo, dovan\u0173 sau ir artimiesiems.","publisher":{"@id":"https:\/\/skaitytaknyga.lt\/#organization"},"potentialAction":[{"@type":"SearchAction","target":{"@type":"EntryPoint","urlTemplate":"https:\/\/skaitytaknyga.lt\/?s={search_term_string}"},"query-input":{"@type":"PropertyValueSpecification","valueRequired":true,"valueName":"search_term_string"}}],"inLanguage":"en-GB"},{"@type":"Organization","@id":"https:\/\/skaitytaknyga.lt\/#organization","name":"skaitytaknyga.lt","url":"https:\/\/skaitytaknyga.lt\/","logo":{"@type":"ImageObject","inLanguage":"en-GB","@id":"https:\/\/skaitytaknyga.lt\/#\/schema\/logo\/image\/","url":"https:\/\/skaitytaknyga.lt\/wp-content\/uploads\/2024\/05\/cropped-cropped-cropped-02_00843_jt3bggkj1j3HLc7SyY6rEUpg.jpeg","contentUrl":"https:\/\/skaitytaknyga.lt\/wp-content\/uploads\/2024\/05\/cropped-cropped-cropped-02_00843_jt3bggkj1j3HLc7SyY6rEUpg.jpeg","width":1600,"height":1600,"caption":"skaitytaknyga.lt"},"image":{"@id":"https:\/\/skaitytaknyga.lt\/#\/schema\/logo\/image\/"},"sameAs":["https:\/\/www.facebook.com\/skaitytaknyga\/"]}]}},"_links":{"self":[{"href":"https:\/\/skaitytaknyga.lt\/en\/wp-json\/wp\/v2\/product\/13899","targetHints":{"allow":["GET"]}}],"collection":[{"href":"https:\/\/skaitytaknyga.lt\/en\/wp-json\/wp\/v2\/product"}],"about":[{"href":"https:\/\/skaitytaknyga.lt\/en\/wp-json\/wp\/v2\/types\/product"}],"replies":[{"embeddable":true,"href":"https:\/\/skaitytaknyga.lt\/en\/wp-json\/wp\/v2\/comments?post=13899"}],"wp:featuredmedia":[{"embeddable":true,"href":"https:\/\/skaitytaknyga.lt\/en\/wp-json\/wp\/v2\/media\/13909"}],"wp:attachment":[{"href":"https:\/\/skaitytaknyga.lt\/en\/wp-json\/wp\/v2\/media?parent=13899"}],"wp:term":[{"taxonomy":"product_brand","embeddable":true,"href":"https:\/\/skaitytaknyga.lt\/en\/wp-json\/wp\/v2\/product_brand?post=13899"},{"taxonomy":"product_cat","embeddable":true,"href":"https:\/\/skaitytaknyga.lt\/en\/wp-json\/wp\/v2\/product_cat?post=13899"},{"taxonomy":"product_tag","embeddable":true,"href":"https:\/\/skaitytaknyga.lt\/en\/wp-json\/wp\/v2\/product_tag?post=13899"}],"curies":[{"name":"wp","href":"https:\/\/api.w.org\/{rel}","templated":true}]}}