{"id":13898,"date":"2024-04-11T08:52:40","date_gmt":"2024-04-11T05:52:40","guid":{"rendered":"https:\/\/skaitytaknyga.lt\/?post_type=product&#038;p=13898"},"modified":"2025-03-08T15:41:26","modified_gmt":"2025-03-08T13:41:26","slug":"joshua-harris-atsisveikinimo-bucinys-pasimatymui","status":"publish","type":"product","link":"https:\/\/skaitytaknyga.lt\/en\/produktas\/joshua-harris-atsisveikinimo-bucinys-pasimatymui\/","title":{"rendered":"Joshua Harris \u201eAtsisveikinimo bu\u010dinys pasimatymui\u201c"},"content":{"rendered":"<p>Joshua Harris para\u0161\u0117 knyg\u0105 \u201eAtsisveikinimo bu\u010dinys pasimatymui\u201c b\u016bdamas dvide\u0161imt dvej\u0173. 1997 metais Jungtin\u0117se Valstijose ji suk\u0117l\u0117 audr\u0105: aistringus gin\u010dus prie\u0161 ir u\u017e. Gin\u010dijamasi ir dabar. Ar galima ramiai kalb\u0117ti, kad d\u0117l meil\u0117s reikia\u2026 atsisakyti pasimatym\u0173!?<\/p>\n<p>Autorius skelbia nauj\u0105 po\u017ei\u016br\u012f \u012f draugyst\u0119 ir pasimatymus. Pasakodamas apie savo kelion\u0119 \u012f tikr\u0105j\u0105 meil\u0119, jis moko skaitytojus jos laukti, jai ruo\u0161tis ir kvie\u010dia su\u017einoti, kokia yra Dievo tiesa apie meil\u0119, skaistum\u0105 ir vienatv\u0119.<\/p>\n<p>Tikrosios meil\u0117s paie\u0161kos \u2013 tai viena sunkiausi\u0173 gyvenimo u\u017eduo\u010di\u0173, ir \u201egreito maisto restoran\u0173\u201c m\u0105stymo b\u016bdas \u010dia netinka. Nesitik\u0117kit, kad \u0161i\u0105 sunki\u0105 u\u017eduot\u012f pad\u0117s i\u0161spr\u0119sti televizija ar \u017eurnalai. \u0160i\u0105 knyg\u0105 perskait\u0119 su\u017einosite, nuo ko prad\u0117ti. Autoriaus mintys n\u0117ra vien davatki\u0161ki paistalai. Kelias, si\u016blomas \u0161ioje knygoje, yra kupinas i\u0161\u0161\u016bki\u0173. Jis netinka tik skystablauzd\u017eiams.<\/p>\n<ul class=\"about-product d-none d-xl-block mt-4\">\n<li><strong>Originalus pavadinimas:<\/strong>\u00a0I Kissed Dating Goodbye<\/li>\n<li><strong>Autorius:<\/strong>\u00a0Joshua Harris<\/li>\n<li><strong>Leid\u0117jas:<\/strong>\u00a0Katalik\u0173 pasaulio leidiniai<\/li>\n<li><strong>Metai:<\/strong>\u00a02014<\/li>\n<li><strong>Puslapiai:<\/strong>\u00a0229<\/li>\n<li><strong>ISBN:<\/strong>\u00a09789955619468<\/li>\n<li><strong>Formatas:<\/strong>\u00a013 x 20 cm, mink\u0161ti vir\u0161eliai<\/li>\n<li><strong>Kalba:<\/strong>\u00a0Lietuvi\u0173<\/li>\n<li><strong>Vert\u0117jas:<\/strong>\u00a0Agn\u0117 Vaito\u0161kait\u0117<\/li>\n<\/ul>\n","protected":false},"excerpt":{"rendered":"<p>Joshua Harris para\u0161\u0117 knyg\u0105 \u201eAtsisveikinimo bu\u010dinys pasimatymui\u201c b\u016bdamas dvide\u0161imt dvej\u0173. 1997 metais Jungtin\u0117se Valstijose ji suk\u0117l\u0117 audr\u0105: aistringus gin\u010dus prie\u0161 ir u\u017e. Gin\u010dijamasi ir dabar. Ar galima ramiai kalb\u0117ti, kad d\u0117l meil\u0117s reikia\u2026 atsisakyti pasimatym\u0173!? Autorius skelbia nauj\u0105 po\u017ei\u016br\u012f \u012f draugyst\u0119 ir pasimatymus. Pasakodamas apie savo kelion\u0119 \u012f tikr\u0105j\u0105 meil\u0119, jis moko skaitytojus jos laukti, jai ruo\u0161tis ir kvie\u010dia su\u017einoti, kokia yra Dievo tiesa apie meil\u0119, skaistum\u0105 ir vienatv\u0119. Tikrosios meil\u0117s paie\u0161kos \u2013 tai viena sunkiausi\u0173 gyvenimo u\u017eduo\u010di\u0173, ir \u201egreito maisto restoran\u0173\u201c m\u0105stymo b\u016bdas \u010dia netinka. Nesitik\u0117kit, kad \u0161i\u0105 sunki\u0105 u\u017eduot\u012f pad\u0117s i\u0161spr\u0119sti televizija ar \u017eurnalai. \u0160i\u0105 knyg\u0105 perskait\u0119 su\u017einosite, nuo ko prad\u0117ti. Autoriaus mintys n\u0117ra vien davatki\u0161ki paistalai. Kelias, si\u016blomas \u0161ioje knygoje, yra kupinas i\u0161\u0161\u016bki\u0173. Jis netinka tik skystablauzd\u017eiams. Originalus pavadinimas:\u00a0I Kissed Dating Goodbye Autorius:\u00a0Joshua Harris Leid\u0117jas:\u00a0Katalik\u0173 pasaulio leidiniai Metai:\u00a02014 Puslapiai:\u00a0229 ISBN:\u00a09789955619468 Formatas:\u00a013 x 20 cm, mink\u0161ti vir\u0161eliai Kalba:\u00a0Lietuvi\u0173 Vert\u0117jas:\u00a0Agn\u0117 Vaito\u0161kait\u0117<\/p>\n","protected":false},"featured_media":13910,"comment_status":"open","ping_status":"closed","template":"","meta":{"_acf_changed":false,"site-sidebar-layout":"default","site-content-layout":"","ast-site-content-layout":"default","site-content-style":"default","site-sidebar-style":"default","ast-global-header-display":"","ast-banner-title-visibility":"","ast-main-header-display":"","ast-hfb-above-header-display":"","ast-hfb-below-header-display":"","ast-hfb-mobile-header-display":"","site-post-title":"","ast-breadcrumbs-content":"","ast-featured-img":"","footer-sml-layout":"","ast-disable-related-posts":"","theme-transparent-header-meta":"default","adv-header-id-meta":"","stick-header-meta":"","header-above-stick-meta":"","header-main-stick-meta":"","header-below-stick-meta":"","astra-migrate-meta-layouts":"set","ast-page-background-enabled":"default","ast-page-background-meta":{"desktop":{"background-color":"","background-image":"","background-repeat":"repeat","background-position":"center center","background-size":"auto","background-attachment":"scroll","background-type":"","background-media":"","overlay-type":"","overlay-color":"","overlay-opacity":"","overlay-gradient":""},"tablet":{"background-color":"","background-image":"","background-repeat":"repeat","background-position":"center center","background-size":"auto","background-attachment":"scroll","background-type":"","background-media":"","overlay-type":"","overlay-color":"","overlay-opacity":"","overlay-gradient":""},"mobile":{"background-color":"","background-image":"","background-repeat":"repeat","background-position":"center center","background-size":"auto","background-attachment":"scroll","background-type":"","background-media":"","overlay-type":"","overlay-color":"","overlay-opacity":"","overlay-gradient":""}},"ast-content-background-meta":{"desktop":{"background-color":"var(--ast-global-color-4)","background-image":"","background-repeat":"repeat","background-position":"center center","background-size":"auto","background-attachment":"scroll","background-type":"","background-media":"","overlay-type":"","overlay-color":"","overlay-opacity":"","overlay-gradient":""},"tablet":{"background-color":"var(--ast-global-color-4)","background-image":"","background-repeat":"repeat","background-position":"center center","background-size":"auto","background-attachment":"scroll","background-type":"","background-media":"","overlay-type":"","overlay-color":"","overlay-opacity":"","overlay-gradient":""},"mobile":{"background-color":"var(--ast-global-color-4)","background-image":"","background-repeat":"repeat","background-position":"center center","background-size":"auto","background-attachment":"scroll","background-type":"","background-media":"","overlay-type":"","overlay-color":"","overlay-opacity":"","overlay-gradient":""}}},"product_brand":[],"product_cat":[15,30],"product_tag":[],"class_list":{"0":"post-13898","1":"product","2":"type-product","3":"status-publish","4":"has-post-thumbnail","6":"product_cat-uncategorized","7":"product_cat-psichologija-ir-saviugda","8":"desktop-align-left","9":"tablet-align-left","10":"mobile-align-left","12":"first","13":"outofstock","14":"shipping-taxable","15":"purchasable","16":"product-type-simple"},"acf":[],"yoast_head":"<!-- This site is optimized with the Yoast SEO plugin v27.0 - https:\/\/yoast.com\/product\/yoast-seo-wordpress\/ -->\n<title>Joshua Harris \u201eAtsisveikinimo bu\u010dinys pasimatymui\u201c<\/title>\n<meta name=\"description\" content=\"Joshua Harris para\u0161\u0117 knyg\u0105 \u201eAtsisveikinimo bu\u010dinys pasimatymui\u201c b\u016bdamas dvide\u0161imt dvej\u0173. 1997 metais Jungtin\u0117se Valstijose ji suk\u0117l\u0117 audr\u0105: aistringus\" \/>\n<meta name=\"robots\" content=\"index, follow, max-snippet:-1, max-image-preview:large, max-video-preview:-1\" \/>\n<link rel=\"canonical\" href=\"https:\/\/skaitytaknyga.lt\/en\/produktas\/joshua-harris-atsisveikinimo-bucinys-pasimatymui\/\" \/>\n<meta property=\"og:locale\" content=\"en_GB\" \/>\n<meta property=\"og:locale:alternate\" content=\"lt_LT\" \/>\n<meta property=\"og:type\" content=\"article\" \/>\n<meta property=\"og:title\" content=\"Joshua Harris \u201eAtsisveikinimo bu\u010dinys pasimatymui\u201c\" \/>\n<meta property=\"og:description\" content=\"Joshua Harris para\u0161\u0117 knyg\u0105 \u201eAtsisveikinimo bu\u010dinys pasimatymui\u201c b\u016bdamas dvide\u0161imt dvej\u0173. 1997 metais Jungtin\u0117se Valstijose ji suk\u0117l\u0117 audr\u0105: aistringus\" \/>\n<meta property=\"og:url\" content=\"https:\/\/skaitytaknyga.lt\/en\/produktas\/joshua-harris-atsisveikinimo-bucinys-pasimatymui\/\" \/>\n<meta property=\"og:site_name\" content=\"Skaitytaknyga\" \/>\n<meta property=\"article:publisher\" content=\"https:\/\/www.facebook.com\/skaitytaknyga\/\" \/>\n<meta property=\"article:modified_time\" content=\"2025-03-08T13:41:26+00:00\" \/>\n<meta property=\"og:image\" content=\"https:\/\/skaitytaknyga.lt\/wp-content\/uploads\/2024\/09\/Atsisveikinimo-bucinys-pasimatymui.webp\" \/>\n\t<meta property=\"og:image:width\" content=\"505\" \/>\n\t<meta property=\"og:image:height\" content=\"799\" \/>\n\t<meta property=\"og:image:type\" content=\"image\/webp\" \/>\n<meta name=\"twitter:card\" content=\"summary_large_image\" \/>\n<meta name=\"twitter:label1\" content=\"Estimated reading time\" \/>\n\t<meta name=\"twitter:data1\" content=\"2 minutes\" \/>\n<script type=\"application\/ld+json\" class=\"yoast-schema-graph\">{\"@context\":\"https:\/\/schema.org\",\"@graph\":[{\"@type\":\"WebPage\",\"@id\":\"https:\/\/skaitytaknyga.lt\/produktas\/joshua-harris-atsisveikinimo-bucinys-pasimatymui\/\",\"url\":\"https:\/\/skaitytaknyga.lt\/produktas\/joshua-harris-atsisveikinimo-bucinys-pasimatymui\/\",\"name\":\"Joshua Harris \u201eAtsisveikinimo bu\u010dinys pasimatymui\u201c\",\"isPartOf\":{\"@id\":\"https:\/\/skaitytaknyga.lt\/#website\"},\"primaryImageOfPage\":{\"@id\":\"https:\/\/skaitytaknyga.lt\/produktas\/joshua-harris-atsisveikinimo-bucinys-pasimatymui\/#primaryimage\"},\"image\":{\"@id\":\"https:\/\/skaitytaknyga.lt\/produktas\/joshua-harris-atsisveikinimo-bucinys-pasimatymui\/#primaryimage\"},\"thumbnailUrl\":\"https:\/\/skaitytaknyga.lt\/wp-content\/uploads\/2024\/09\/Atsisveikinimo-bucinys-pasimatymui.webp\",\"datePublished\":\"2024-04-11T05:52:40+00:00\",\"dateModified\":\"2025-03-08T13:41:26+00:00\",\"description\":\"Joshua Harris para\u0161\u0117 knyg\u0105 \u201eAtsisveikinimo bu\u010dinys pasimatymui\u201c b\u016bdamas dvide\u0161imt dvej\u0173. 1997 metais Jungtin\u0117se Valstijose ji suk\u0117l\u0117 audr\u0105: aistringus\",\"breadcrumb\":{\"@id\":\"https:\/\/skaitytaknyga.lt\/produktas\/joshua-harris-atsisveikinimo-bucinys-pasimatymui\/#breadcrumb\"},\"inLanguage\":\"en-GB\",\"potentialAction\":[{\"@type\":\"ReadAction\",\"target\":[\"https:\/\/skaitytaknyga.lt\/produktas\/joshua-harris-atsisveikinimo-bucinys-pasimatymui\/\"]}]},{\"@type\":\"ImageObject\",\"inLanguage\":\"en-GB\",\"@id\":\"https:\/\/skaitytaknyga.lt\/produktas\/joshua-harris-atsisveikinimo-bucinys-pasimatymui\/#primaryimage\",\"url\":\"https:\/\/skaitytaknyga.lt\/wp-content\/uploads\/2024\/09\/Atsisveikinimo-bucinys-pasimatymui.webp\",\"contentUrl\":\"https:\/\/skaitytaknyga.lt\/wp-content\/uploads\/2024\/09\/Atsisveikinimo-bucinys-pasimatymui.webp\",\"width\":505,\"height\":799,\"caption\":\"Joshua Harris \u201eAtsisveikinimo bu\u010dinys pasimatymui\u201c\"},{\"@type\":\"BreadcrumbList\",\"@id\":\"https:\/\/skaitytaknyga.lt\/produktas\/joshua-harris-atsisveikinimo-bucinys-pasimatymui\/#breadcrumb\",\"itemListElement\":[{\"@type\":\"ListItem\",\"position\":1,\"name\":\"Home\",\"item\":\"https:\/\/skaitytaknyga.lt\/\"},{\"@type\":\"ListItem\",\"position\":2,\"name\":\"Parduotuv\u0117\",\"item\":\"https:\/\/skaitytaknyga.lt\/knygu-parduotuve\/\"},{\"@type\":\"ListItem\",\"position\":3,\"name\":\"Joshua Harris \u201eAtsisveikinimo bu\u010dinys pasimatymui\u201c\"}]},{\"@type\":\"WebSite\",\"@id\":\"https:\/\/skaitytaknyga.lt\/#website\",\"url\":\"https:\/\/skaitytaknyga.lt\/\",\"name\":\"skaitytaknyga.lt\",\"description\":\"Skaitytaknyga.lt \u2013 tai ma\u017eas \u0161eimos verslas, kuris prasid\u0117jo nuo meil\u0117s knygoms ir siekio i\u0161gelb\u0117ti knygas nuo likimo prie konteinerio. Kas vienam nereikalingas daiktas \u2013 kitam lobis, o mes esame tarpininkai, kurie padeda abiems tapti laimingesniems ???? \u017dinome kaip nelengva i\u0161gyventi ma\u017eiems verslams, tad nuo \u0161iol, \u010dia rasite ir kit\u0173, ma\u017e\u0173 \u0161eim\u0173 versl\u0173, rank\u0173 darbo, dovan\u0173 sau ir artimiesiems.\",\"publisher\":{\"@id\":\"https:\/\/skaitytaknyga.lt\/#organization\"},\"potentialAction\":[{\"@type\":\"SearchAction\",\"target\":{\"@type\":\"EntryPoint\",\"urlTemplate\":\"https:\/\/skaitytaknyga.lt\/?s={search_term_string}\"},\"query-input\":{\"@type\":\"PropertyValueSpecification\",\"valueRequired\":true,\"valueName\":\"search_term_string\"}}],\"inLanguage\":\"en-GB\"},{\"@type\":\"Organization\",\"@id\":\"https:\/\/skaitytaknyga.lt\/#organization\",\"name\":\"skaitytaknyga.lt\",\"url\":\"https:\/\/skaitytaknyga.lt\/\",\"logo\":{\"@type\":\"ImageObject\",\"inLanguage\":\"en-GB\",\"@id\":\"https:\/\/skaitytaknyga.lt\/#\/schema\/logo\/image\/\",\"url\":\"https:\/\/skaitytaknyga.lt\/wp-content\/uploads\/2024\/05\/cropped-cropped-cropped-02_00843_jt3bggkj1j3HLc7SyY6rEUpg.jpeg\",\"contentUrl\":\"https:\/\/skaitytaknyga.lt\/wp-content\/uploads\/2024\/05\/cropped-cropped-cropped-02_00843_jt3bggkj1j3HLc7SyY6rEUpg.jpeg\",\"width\":1600,\"height\":1600,\"caption\":\"skaitytaknyga.lt\"},\"image\":{\"@id\":\"https:\/\/skaitytaknyga.lt\/#\/schema\/logo\/image\/\"},\"sameAs\":[\"https:\/\/www.facebook.com\/skaitytaknyga\/\"]}]}<\/script>\n<!-- \/ Yoast SEO plugin. -->","yoast_head_json":{"title":"Joshua Harris \u201eAtsisveikinimo bu\u010dinys pasimatymui\u201c","description":"Joshua Harris para\u0161\u0117 knyg\u0105 \u201eAtsisveikinimo bu\u010dinys pasimatymui\u201c b\u016bdamas dvide\u0161imt dvej\u0173. 1997 metais Jungtin\u0117se Valstijose ji suk\u0117l\u0117 audr\u0105: aistringus","robots":{"index":"index","follow":"follow","max-snippet":"max-snippet:-1","max-image-preview":"max-image-preview:large","max-video-preview":"max-video-preview:-1"},"canonical":"https:\/\/skaitytaknyga.lt\/en\/produktas\/joshua-harris-atsisveikinimo-bucinys-pasimatymui\/","og_locale":"en_GB","og_type":"article","og_title":"[:lt]Joshua Harris \u201eAtsisveikinimo bu\u010dinys pasimatymui\u201c[:] - Skaitytaknyga","og_description":"Joshua Harris para\u0161\u0117 knyg\u0105 \u201eAtsisveikinimo bu\u010dinys pasimatymui\u201c b\u016bdamas dvide\u0161imt dvej\u0173. 1997 metais Jungtin\u0117se Valstijose ji suk\u0117l\u0117 audr\u0105: aistringus","og_url":"https:\/\/skaitytaknyga.lt\/en\/produktas\/joshua-harris-atsisveikinimo-bucinys-pasimatymui\/","og_site_name":"Skaitytaknyga","article_publisher":"https:\/\/www.facebook.com\/skaitytaknyga\/","article_modified_time":"2025-03-08T13:41:26+00:00","og_image":[{"width":505,"height":799,"url":"https:\/\/skaitytaknyga.lt\/wp-content\/uploads\/2024\/09\/Atsisveikinimo-bucinys-pasimatymui.webp","type":"image\/webp"}],"twitter_card":"summary_large_image","twitter_misc":{"Estimated reading time":"2 minutes"},"schema":{"@context":"https:\/\/schema.org","@graph":[{"@type":"WebPage","@id":"https:\/\/skaitytaknyga.lt\/produktas\/joshua-harris-atsisveikinimo-bucinys-pasimatymui\/","url":"https:\/\/skaitytaknyga.lt\/produktas\/joshua-harris-atsisveikinimo-bucinys-pasimatymui\/","name":"Joshua Harris \u201eAtsisveikinimo bu\u010dinys pasimatymui\u201c","isPartOf":{"@id":"https:\/\/skaitytaknyga.lt\/#website"},"primaryImageOfPage":{"@id":"https:\/\/skaitytaknyga.lt\/produktas\/joshua-harris-atsisveikinimo-bucinys-pasimatymui\/#primaryimage"},"image":{"@id":"https:\/\/skaitytaknyga.lt\/produktas\/joshua-harris-atsisveikinimo-bucinys-pasimatymui\/#primaryimage"},"thumbnailUrl":"https:\/\/skaitytaknyga.lt\/wp-content\/uploads\/2024\/09\/Atsisveikinimo-bucinys-pasimatymui.webp","datePublished":"2024-04-11T05:52:40+00:00","dateModified":"2025-03-08T13:41:26+00:00","description":"Joshua Harris para\u0161\u0117 knyg\u0105 \u201eAtsisveikinimo bu\u010dinys pasimatymui\u201c b\u016bdamas dvide\u0161imt dvej\u0173. 1997 metais Jungtin\u0117se Valstijose ji suk\u0117l\u0117 audr\u0105: aistringus","breadcrumb":{"@id":"https:\/\/skaitytaknyga.lt\/produktas\/joshua-harris-atsisveikinimo-bucinys-pasimatymui\/#breadcrumb"},"inLanguage":"en-GB","potentialAction":[{"@type":"ReadAction","target":["https:\/\/skaitytaknyga.lt\/produktas\/joshua-harris-atsisveikinimo-bucinys-pasimatymui\/"]}]},{"@type":"ImageObject","inLanguage":"en-GB","@id":"https:\/\/skaitytaknyga.lt\/produktas\/joshua-harris-atsisveikinimo-bucinys-pasimatymui\/#primaryimage","url":"https:\/\/skaitytaknyga.lt\/wp-content\/uploads\/2024\/09\/Atsisveikinimo-bucinys-pasimatymui.webp","contentUrl":"https:\/\/skaitytaknyga.lt\/wp-content\/uploads\/2024\/09\/Atsisveikinimo-bucinys-pasimatymui.webp","width":505,"height":799,"caption":"Joshua Harris \u201eAtsisveikinimo bu\u010dinys pasimatymui\u201c"},{"@type":"BreadcrumbList","@id":"https:\/\/skaitytaknyga.lt\/produktas\/joshua-harris-atsisveikinimo-bucinys-pasimatymui\/#breadcrumb","itemListElement":[{"@type":"ListItem","position":1,"name":"Home","item":"https:\/\/skaitytaknyga.lt\/"},{"@type":"ListItem","position":2,"name":"Parduotuv\u0117","item":"https:\/\/skaitytaknyga.lt\/knygu-parduotuve\/"},{"@type":"ListItem","position":3,"name":"Joshua Harris \u201eAtsisveikinimo bu\u010dinys pasimatymui\u201c"}]},{"@type":"WebSite","@id":"https:\/\/skaitytaknyga.lt\/#website","url":"https:\/\/skaitytaknyga.lt\/","name":"skaitytaknyga.lt","description":"Skaitytaknyga.lt \u2013 tai ma\u017eas \u0161eimos verslas, kuris prasid\u0117jo nuo meil\u0117s knygoms ir siekio i\u0161gelb\u0117ti knygas nuo likimo prie konteinerio. Kas vienam nereikalingas daiktas \u2013 kitam lobis, o mes esame tarpininkai, kurie padeda abiems tapti laimingesniems ???? \u017dinome kaip nelengva i\u0161gyventi ma\u017eiems verslams, tad nuo \u0161iol, \u010dia rasite ir kit\u0173, ma\u017e\u0173 \u0161eim\u0173 versl\u0173, rank\u0173 darbo, dovan\u0173 sau ir artimiesiems.","publisher":{"@id":"https:\/\/skaitytaknyga.lt\/#organization"},"potentialAction":[{"@type":"SearchAction","target":{"@type":"EntryPoint","urlTemplate":"https:\/\/skaitytaknyga.lt\/?s={search_term_string}"},"query-input":{"@type":"PropertyValueSpecification","valueRequired":true,"valueName":"search_term_string"}}],"inLanguage":"en-GB"},{"@type":"Organization","@id":"https:\/\/skaitytaknyga.lt\/#organization","name":"skaitytaknyga.lt","url":"https:\/\/skaitytaknyga.lt\/","logo":{"@type":"ImageObject","inLanguage":"en-GB","@id":"https:\/\/skaitytaknyga.lt\/#\/schema\/logo\/image\/","url":"https:\/\/skaitytaknyga.lt\/wp-content\/uploads\/2024\/05\/cropped-cropped-cropped-02_00843_jt3bggkj1j3HLc7SyY6rEUpg.jpeg","contentUrl":"https:\/\/skaitytaknyga.lt\/wp-content\/uploads\/2024\/05\/cropped-cropped-cropped-02_00843_jt3bggkj1j3HLc7SyY6rEUpg.jpeg","width":1600,"height":1600,"caption":"skaitytaknyga.lt"},"image":{"@id":"https:\/\/skaitytaknyga.lt\/#\/schema\/logo\/image\/"},"sameAs":["https:\/\/www.facebook.com\/skaitytaknyga\/"]}]}},"_links":{"self":[{"href":"https:\/\/skaitytaknyga.lt\/en\/wp-json\/wp\/v2\/product\/13898","targetHints":{"allow":["GET"]}}],"collection":[{"href":"https:\/\/skaitytaknyga.lt\/en\/wp-json\/wp\/v2\/product"}],"about":[{"href":"https:\/\/skaitytaknyga.lt\/en\/wp-json\/wp\/v2\/types\/product"}],"replies":[{"embeddable":true,"href":"https:\/\/skaitytaknyga.lt\/en\/wp-json\/wp\/v2\/comments?post=13898"}],"wp:featuredmedia":[{"embeddable":true,"href":"https:\/\/skaitytaknyga.lt\/en\/wp-json\/wp\/v2\/media\/13910"}],"wp:attachment":[{"href":"https:\/\/skaitytaknyga.lt\/en\/wp-json\/wp\/v2\/media?parent=13898"}],"wp:term":[{"taxonomy":"product_brand","embeddable":true,"href":"https:\/\/skaitytaknyga.lt\/en\/wp-json\/wp\/v2\/product_brand?post=13898"},{"taxonomy":"product_cat","embeddable":true,"href":"https:\/\/skaitytaknyga.lt\/en\/wp-json\/wp\/v2\/product_cat?post=13898"},{"taxonomy":"product_tag","embeddable":true,"href":"https:\/\/skaitytaknyga.lt\/en\/wp-json\/wp\/v2\/product_tag?post=13898"}],"curies":[{"name":"wp","href":"https:\/\/api.w.org\/{rel}","templated":true}]}}