{"id":13897,"date":"2024-09-11T08:52:39","date_gmt":"2024-09-11T05:52:39","guid":{"rendered":"https:\/\/skaitytaknyga.lt\/?post_type=product&#038;p=13897"},"modified":"2024-11-07T21:46:51","modified_gmt":"2024-11-07T19:46:51","slug":"stasys-stropus-zemaiciu-kalvarijos-seniunija-1253-2003-plunges-krastas-ketvirta-dalis","status":"publish","type":"product","link":"https:\/\/skaitytaknyga.lt\/en\/produktas\/stasys-stropus-zemaiciu-kalvarijos-seniunija-1253-2003-plunges-krastas-ketvirta-dalis\/","title":{"rendered":"Stasys Stropus \u201e\u017demai\u010di\u0173 Kalvarijos seni\u016bnija 1253-2003&#8243; Plung\u0117s kra\u0161tas ketvirta dalis"},"content":{"rendered":"<p>\u0160i ketvirtoji Plung\u0117s kra\u0161to seni\u016bnijos skirta knyga atskleid\u017eia \u017demai\u010di\u0173 Kalvarijos geografin\u0119 situacij\u0105, istorij\u0105, gamtos, religij\u0173 kult\u016bros objektus, i\u0161 jos kilusius \u012f\u017eymius \u017emones.<br \/>\nKartu \u0161i knyga skiriama dviej\u0173 \u017demai\u010di\u0173 Kalvarijos seni\u016bnijos vietovi\u0173 750 met\u0173 jubiliejui, kai jos 1253 04 05 pirm\u0105 kart\u0105 buvo pamin\u0117tos Kur\u0161o vyskupo Henriko ir Livonijos ordino magistro Eberhardto von Sayno \u017demaitijos \u017eemi\u0173 pasidalijimo dokumente po to, kai jas Mindaugas dovanojo voki\u0161kiems okupantams u\u017e kar\u016bn\u0105 ir kitus patarnavimus, o tie \u012fjung\u0117 jas \u012f Kur\u0161o srities sud\u0117t\u012f.<br \/>\n\u0160tai tos dvi vietov\u0117s, esan\u010dios dabartin\u0117je \u017demai\u010di\u0173 Kalvarijos seni\u016bnijoje:<br \/>\n1. Garde &#8211; dabartin\u0117 \u017demai\u010di\u0173 Kalvarija,<br \/>\n2. Zegere &#8211; dabartiniai Gegr\u0117nai<\/p>\n<p>Leidykla: Mokslo aidai<br \/>\nISBN 9955-591-26-9<br \/>\n2005 metai<\/p>\n","protected":false},"excerpt":{"rendered":"<p>\u0160i ketvirtoji Plung\u0117s kra\u0161to seni\u016bnijos skirta knyga atskleid\u017eia \u017demai\u010di\u0173 Kalvarijos geografin\u0119 situacij\u0105, istorij\u0105, gamtos, religij\u0173 kult\u016bros objektus, i\u0161 jos kilusius \u012f\u017eymius \u017emones. Kartu \u0161i knyga skiriama dviej\u0173 \u017demai\u010di\u0173 Kalvarijos seni\u016bnijos vietovi\u0173 750 met\u0173 jubiliejui, kai jos 1253 04 05 pirm\u0105 kart\u0105 buvo pamin\u0117tos Kur\u0161o vyskupo Henriko ir Livonijos ordino magistro Eberhardto von Sayno \u017demaitijos \u017eemi\u0173 pasidalijimo dokumente po to, kai jas Mindaugas dovanojo voki\u0161kiems okupantams u\u017e kar\u016bn\u0105 ir kitus patarnavimus, o tie \u012fjung\u0117 jas \u012f Kur\u0161o srities sud\u0117t\u012f. \u0160tai tos dvi vietov\u0117s, esan\u010dios dabartin\u0117je \u017demai\u010di\u0173 Kalvarijos seni\u016bnijoje: 1. Garde &#8211; dabartin\u0117 \u017demai\u010di\u0173 Kalvarija, 2. Zegere &#8211; dabartiniai Gegr\u0117nai Leidykla: Mokslo aidai ISBN 9955-591-26-9 2005 metai<\/p>\n","protected":false},"featured_media":14507,"comment_status":"open","ping_status":"closed","template":"","meta":{"_acf_changed":false,"site-sidebar-layout":"default","site-content-layout":"","ast-site-content-layout":"default","site-content-style":"default","site-sidebar-style":"default","ast-global-header-display":"","ast-banner-title-visibility":"","ast-main-header-display":"","ast-hfb-above-header-display":"","ast-hfb-below-header-display":"","ast-hfb-mobile-header-display":"","site-post-title":"","ast-breadcrumbs-content":"","ast-featured-img":"","footer-sml-layout":"","ast-disable-related-posts":"","theme-transparent-header-meta":"default","adv-header-id-meta":"","stick-header-meta":"","header-above-stick-meta":"","header-main-stick-meta":"","header-below-stick-meta":"","astra-migrate-meta-layouts":"set","ast-page-background-enabled":"default","ast-page-background-meta":{"desktop":{"background-color":"","background-image":"","background-repeat":"repeat","background-position":"center center","background-size":"auto","background-attachment":"scroll","background-type":"","background-media":"","overlay-type":"","overlay-color":"","overlay-opacity":"","overlay-gradient":""},"tablet":{"background-color":"","background-image":"","background-repeat":"repeat","background-position":"center center","background-size":"auto","background-attachment":"scroll","background-type":"","background-media":"","overlay-type":"","overlay-color":"","overlay-opacity":"","overlay-gradient":""},"mobile":{"background-color":"","background-image":"","background-repeat":"repeat","background-position":"center center","background-size":"auto","background-attachment":"scroll","background-type":"","background-media":"","overlay-type":"","overlay-color":"","overlay-opacity":"","overlay-gradient":""}},"ast-content-background-meta":{"desktop":{"background-color":"var(--ast-global-color-4)","background-image":"","background-repeat":"repeat","background-position":"center center","background-size":"auto","background-attachment":"scroll","background-type":"","background-media":"","overlay-type":"","overlay-color":"","overlay-opacity":"","overlay-gradient":""},"tablet":{"background-color":"var(--ast-global-color-4)","background-image":"","background-repeat":"repeat","background-position":"center center","background-size":"auto","background-attachment":"scroll","background-type":"","background-media":"","overlay-type":"","overlay-color":"","overlay-opacity":"","overlay-gradient":""},"mobile":{"background-color":"var(--ast-global-color-4)","background-image":"","background-repeat":"repeat","background-position":"center center","background-size":"auto","background-attachment":"scroll","background-type":"","background-media":"","overlay-type":"","overlay-color":"","overlay-opacity":"","overlay-gradient":""}}},"product_brand":[],"product_cat":[174,15],"product_tag":[],"class_list":{"0":"post-13897","1":"product","2":"type-product","3":"status-publish","4":"has-post-thumbnail","6":"product_cat-istorija-ir-politologija","7":"product_cat-uncategorized","8":"desktop-align-left","9":"tablet-align-left","10":"mobile-align-left","12":"first","13":"instock","14":"shipping-taxable","15":"purchasable","16":"product-type-simple"},"acf":[],"yoast_head":"<!-- This site is optimized with the Yoast SEO plugin v27.0 - https:\/\/yoast.com\/product\/yoast-seo-wordpress\/ -->\n<title>Stasys Stropus \u201e\u017demai\u010di\u0173 Kalvarijos seni\u016bnija 1253-2003&quot; Plung\u0117s kra\u0161tas ketvirta dalis<\/title>\n<meta name=\"description\" content=\"\u0160i ketvirtoji Plung\u0117s kra\u0161to seni\u016bnijos skirta knyga atskleid\u017eia \u017demai\u010di\u0173 Kalvarijos geografin\u0119 situacij\u0105, istorij\u0105, gamtos, religij\u0173 kult\u016bros objektus,\" \/>\n<meta name=\"robots\" content=\"index, follow, max-snippet:-1, max-image-preview:large, max-video-preview:-1\" \/>\n<link rel=\"canonical\" href=\"https:\/\/skaitytaknyga.lt\/en\/produktas\/stasys-stropus-zemaiciu-kalvarijos-seniunija-1253-2003-plunges-krastas-ketvirta-dalis\/\" \/>\n<meta property=\"og:locale\" content=\"en_GB\" \/>\n<meta property=\"og:locale:alternate\" content=\"lt_LT\" \/>\n<meta property=\"og:type\" content=\"article\" \/>\n<meta property=\"og:title\" content=\"Stasys Stropus \u201e\u017demai\u010di\u0173 Kalvarijos seni\u016bnija 1253-2003&quot; Plung\u0117s kra\u0161tas ketvirta dalis\" \/>\n<meta property=\"og:description\" content=\"\u0160i ketvirtoji Plung\u0117s kra\u0161to seni\u016bnijos skirta knyga atskleid\u017eia \u017demai\u010di\u0173 Kalvarijos geografin\u0119 situacij\u0105, istorij\u0105, gamtos, religij\u0173 kult\u016bros objektus,\" \/>\n<meta property=\"og:url\" content=\"https:\/\/skaitytaknyga.lt\/en\/produktas\/stasys-stropus-zemaiciu-kalvarijos-seniunija-1253-2003-plunges-krastas-ketvirta-dalis\/\" \/>\n<meta property=\"og:site_name\" content=\"Skaitytaknyga\" \/>\n<meta property=\"article:publisher\" content=\"https:\/\/www.facebook.com\/skaitytaknyga\/\" \/>\n<meta property=\"article:modified_time\" content=\"2024-11-07T19:46:51+00:00\" \/>\n<meta property=\"og:image\" content=\"https:\/\/skaitytaknyga.lt\/wp-content\/uploads\/2024\/07\/skaitytaknyga.png\" \/>\n\t<meta property=\"og:image:width\" content=\"747\" \/>\n\t<meta property=\"og:image:height\" content=\"496\" \/>\n\t<meta property=\"og:image:type\" content=\"image\/png\" \/>\n<meta name=\"twitter:card\" content=\"summary_large_image\" \/>\n<meta name=\"twitter:label1\" content=\"Estimated reading time\" \/>\n\t<meta name=\"twitter:data1\" content=\"1 minute\" \/>\n<script type=\"application\/ld+json\" class=\"yoast-schema-graph\">{\"@context\":\"https:\/\/schema.org\",\"@graph\":[{\"@type\":\"WebPage\",\"@id\":\"https:\/\/skaitytaknyga.lt\/produktas\/stasys-stropus-zemaiciu-kalvarijos-seniunija-1253-2003-plunges-krastas-ketvirta-dalis\/\",\"url\":\"https:\/\/skaitytaknyga.lt\/produktas\/stasys-stropus-zemaiciu-kalvarijos-seniunija-1253-2003-plunges-krastas-ketvirta-dalis\/\",\"name\":\"Stasys Stropus \u201e\u017demai\u010di\u0173 Kalvarijos seni\u016bnija 1253-2003\\\" Plung\u0117s kra\u0161tas ketvirta dalis\",\"isPartOf\":{\"@id\":\"https:\/\/skaitytaknyga.lt\/#website\"},\"primaryImageOfPage\":{\"@id\":\"https:\/\/skaitytaknyga.lt\/produktas\/stasys-stropus-zemaiciu-kalvarijos-seniunija-1253-2003-plunges-krastas-ketvirta-dalis\/#primaryimage\"},\"image\":{\"@id\":\"https:\/\/skaitytaknyga.lt\/produktas\/stasys-stropus-zemaiciu-kalvarijos-seniunija-1253-2003-plunges-krastas-ketvirta-dalis\/#primaryimage\"},\"thumbnailUrl\":\"https:\/\/skaitytaknyga.lt\/wp-content\/uploads\/2024\/11\/img_5858.jpeg\",\"datePublished\":\"2024-09-11T05:52:39+00:00\",\"dateModified\":\"2024-11-07T19:46:51+00:00\",\"description\":\"\u0160i ketvirtoji Plung\u0117s kra\u0161to seni\u016bnijos skirta knyga atskleid\u017eia \u017demai\u010di\u0173 Kalvarijos geografin\u0119 situacij\u0105, istorij\u0105, gamtos, religij\u0173 kult\u016bros objektus,\",\"breadcrumb\":{\"@id\":\"https:\/\/skaitytaknyga.lt\/produktas\/stasys-stropus-zemaiciu-kalvarijos-seniunija-1253-2003-plunges-krastas-ketvirta-dalis\/#breadcrumb\"},\"inLanguage\":\"en-GB\",\"potentialAction\":[{\"@type\":\"ReadAction\",\"target\":[\"https:\/\/skaitytaknyga.lt\/produktas\/stasys-stropus-zemaiciu-kalvarijos-seniunija-1253-2003-plunges-krastas-ketvirta-dalis\/\"]}]},{\"@type\":\"ImageObject\",\"inLanguage\":\"en-GB\",\"@id\":\"https:\/\/skaitytaknyga.lt\/produktas\/stasys-stropus-zemaiciu-kalvarijos-seniunija-1253-2003-plunges-krastas-ketvirta-dalis\/#primaryimage\",\"url\":\"https:\/\/skaitytaknyga.lt\/wp-content\/uploads\/2024\/11\/img_5858.jpeg\",\"contentUrl\":\"https:\/\/skaitytaknyga.lt\/wp-content\/uploads\/2024\/11\/img_5858.jpeg\",\"width\":1458,\"height\":2081},{\"@type\":\"BreadcrumbList\",\"@id\":\"https:\/\/skaitytaknyga.lt\/produktas\/stasys-stropus-zemaiciu-kalvarijos-seniunija-1253-2003-plunges-krastas-ketvirta-dalis\/#breadcrumb\",\"itemListElement\":[{\"@type\":\"ListItem\",\"position\":1,\"name\":\"Home\",\"item\":\"https:\/\/skaitytaknyga.lt\/\"},{\"@type\":\"ListItem\",\"position\":2,\"name\":\"Parduotuv\u0117\",\"item\":\"https:\/\/skaitytaknyga.lt\/knygu-parduotuve\/\"},{\"@type\":\"ListItem\",\"position\":3,\"name\":\"Stasys Stropus \u201e\u017demai\u010di\u0173 Kalvarijos seni\u016bnija 1253-2003&#8243; Plung\u0117s kra\u0161tas ketvirta dalis\"}]},{\"@type\":\"WebSite\",\"@id\":\"https:\/\/skaitytaknyga.lt\/#website\",\"url\":\"https:\/\/skaitytaknyga.lt\/\",\"name\":\"skaitytaknyga.lt\",\"description\":\"Skaitytaknyga.lt \u2013 tai ma\u017eas \u0161eimos verslas, kuris prasid\u0117jo nuo meil\u0117s knygoms ir siekio i\u0161gelb\u0117ti knygas nuo likimo prie konteinerio. Kas vienam nereikalingas daiktas \u2013 kitam lobis, o mes esame tarpininkai, kurie padeda abiems tapti laimingesniems ???? \u017dinome kaip nelengva i\u0161gyventi ma\u017eiems verslams, tad nuo \u0161iol, \u010dia rasite ir kit\u0173, ma\u017e\u0173 \u0161eim\u0173 versl\u0173, rank\u0173 darbo, dovan\u0173 sau ir artimiesiems.\",\"publisher\":{\"@id\":\"https:\/\/skaitytaknyga.lt\/#organization\"},\"potentialAction\":[{\"@type\":\"SearchAction\",\"target\":{\"@type\":\"EntryPoint\",\"urlTemplate\":\"https:\/\/skaitytaknyga.lt\/?s={search_term_string}\"},\"query-input\":{\"@type\":\"PropertyValueSpecification\",\"valueRequired\":true,\"valueName\":\"search_term_string\"}}],\"inLanguage\":\"en-GB\"},{\"@type\":\"Organization\",\"@id\":\"https:\/\/skaitytaknyga.lt\/#organization\",\"name\":\"skaitytaknyga.lt\",\"url\":\"https:\/\/skaitytaknyga.lt\/\",\"logo\":{\"@type\":\"ImageObject\",\"inLanguage\":\"en-GB\",\"@id\":\"https:\/\/skaitytaknyga.lt\/#\/schema\/logo\/image\/\",\"url\":\"https:\/\/skaitytaknyga.lt\/wp-content\/uploads\/2024\/05\/cropped-cropped-cropped-02_00843_jt3bggkj1j3HLc7SyY6rEUpg.jpeg\",\"contentUrl\":\"https:\/\/skaitytaknyga.lt\/wp-content\/uploads\/2024\/05\/cropped-cropped-cropped-02_00843_jt3bggkj1j3HLc7SyY6rEUpg.jpeg\",\"width\":1600,\"height\":1600,\"caption\":\"skaitytaknyga.lt\"},\"image\":{\"@id\":\"https:\/\/skaitytaknyga.lt\/#\/schema\/logo\/image\/\"},\"sameAs\":[\"https:\/\/www.facebook.com\/skaitytaknyga\/\"]}]}<\/script>\n<!-- \/ Yoast SEO plugin. -->","yoast_head_json":{"title":"Stasys Stropus \u201e\u017demai\u010di\u0173 Kalvarijos seni\u016bnija 1253-2003\" Plung\u0117s kra\u0161tas ketvirta dalis","description":"\u0160i ketvirtoji Plung\u0117s kra\u0161to seni\u016bnijos skirta knyga atskleid\u017eia \u017demai\u010di\u0173 Kalvarijos geografin\u0119 situacij\u0105, istorij\u0105, gamtos, religij\u0173 kult\u016bros objektus,","robots":{"index":"index","follow":"follow","max-snippet":"max-snippet:-1","max-image-preview":"max-image-preview:large","max-video-preview":"max-video-preview:-1"},"canonical":"https:\/\/skaitytaknyga.lt\/en\/produktas\/stasys-stropus-zemaiciu-kalvarijos-seniunija-1253-2003-plunges-krastas-ketvirta-dalis\/","og_locale":"en_GB","og_type":"article","og_title":"[:lt]Stasys Stropus \u201e\u017demai\u010di\u0173 Kalvarijos seni\u016bnija 1253-2003\" Plung\u0117s kra\u0161tas ketvirta dalis[:] - Skaitytaknyga","og_description":"\u0160i ketvirtoji Plung\u0117s kra\u0161to seni\u016bnijos skirta knyga atskleid\u017eia \u017demai\u010di\u0173 Kalvarijos geografin\u0119 situacij\u0105, istorij\u0105, gamtos, religij\u0173 kult\u016bros objektus,","og_url":"https:\/\/skaitytaknyga.lt\/en\/produktas\/stasys-stropus-zemaiciu-kalvarijos-seniunija-1253-2003-plunges-krastas-ketvirta-dalis\/","og_site_name":"Skaitytaknyga","article_publisher":"https:\/\/www.facebook.com\/skaitytaknyga\/","article_modified_time":"2024-11-07T19:46:51+00:00","og_image":[{"width":747,"height":496,"url":"https:\/\/skaitytaknyga.lt\/wp-content\/uploads\/2024\/07\/skaitytaknyga.png","type":"image\/png"}],"twitter_card":"summary_large_image","twitter_misc":{"Estimated reading time":"1 minute"},"schema":{"@context":"https:\/\/schema.org","@graph":[{"@type":"WebPage","@id":"https:\/\/skaitytaknyga.lt\/produktas\/stasys-stropus-zemaiciu-kalvarijos-seniunija-1253-2003-plunges-krastas-ketvirta-dalis\/","url":"https:\/\/skaitytaknyga.lt\/produktas\/stasys-stropus-zemaiciu-kalvarijos-seniunija-1253-2003-plunges-krastas-ketvirta-dalis\/","name":"Stasys Stropus \u201e\u017demai\u010di\u0173 Kalvarijos seni\u016bnija 1253-2003\" Plung\u0117s kra\u0161tas ketvirta dalis","isPartOf":{"@id":"https:\/\/skaitytaknyga.lt\/#website"},"primaryImageOfPage":{"@id":"https:\/\/skaitytaknyga.lt\/produktas\/stasys-stropus-zemaiciu-kalvarijos-seniunija-1253-2003-plunges-krastas-ketvirta-dalis\/#primaryimage"},"image":{"@id":"https:\/\/skaitytaknyga.lt\/produktas\/stasys-stropus-zemaiciu-kalvarijos-seniunija-1253-2003-plunges-krastas-ketvirta-dalis\/#primaryimage"},"thumbnailUrl":"https:\/\/skaitytaknyga.lt\/wp-content\/uploads\/2024\/11\/img_5858.jpeg","datePublished":"2024-09-11T05:52:39+00:00","dateModified":"2024-11-07T19:46:51+00:00","description":"\u0160i ketvirtoji Plung\u0117s kra\u0161to seni\u016bnijos skirta knyga atskleid\u017eia \u017demai\u010di\u0173 Kalvarijos geografin\u0119 situacij\u0105, istorij\u0105, gamtos, religij\u0173 kult\u016bros objektus,","breadcrumb":{"@id":"https:\/\/skaitytaknyga.lt\/produktas\/stasys-stropus-zemaiciu-kalvarijos-seniunija-1253-2003-plunges-krastas-ketvirta-dalis\/#breadcrumb"},"inLanguage":"en-GB","potentialAction":[{"@type":"ReadAction","target":["https:\/\/skaitytaknyga.lt\/produktas\/stasys-stropus-zemaiciu-kalvarijos-seniunija-1253-2003-plunges-krastas-ketvirta-dalis\/"]}]},{"@type":"ImageObject","inLanguage":"en-GB","@id":"https:\/\/skaitytaknyga.lt\/produktas\/stasys-stropus-zemaiciu-kalvarijos-seniunija-1253-2003-plunges-krastas-ketvirta-dalis\/#primaryimage","url":"https:\/\/skaitytaknyga.lt\/wp-content\/uploads\/2024\/11\/img_5858.jpeg","contentUrl":"https:\/\/skaitytaknyga.lt\/wp-content\/uploads\/2024\/11\/img_5858.jpeg","width":1458,"height":2081},{"@type":"BreadcrumbList","@id":"https:\/\/skaitytaknyga.lt\/produktas\/stasys-stropus-zemaiciu-kalvarijos-seniunija-1253-2003-plunges-krastas-ketvirta-dalis\/#breadcrumb","itemListElement":[{"@type":"ListItem","position":1,"name":"Home","item":"https:\/\/skaitytaknyga.lt\/"},{"@type":"ListItem","position":2,"name":"Parduotuv\u0117","item":"https:\/\/skaitytaknyga.lt\/knygu-parduotuve\/"},{"@type":"ListItem","position":3,"name":"Stasys Stropus \u201e\u017demai\u010di\u0173 Kalvarijos seni\u016bnija 1253-2003&#8243; Plung\u0117s kra\u0161tas ketvirta dalis"}]},{"@type":"WebSite","@id":"https:\/\/skaitytaknyga.lt\/#website","url":"https:\/\/skaitytaknyga.lt\/","name":"skaitytaknyga.lt","description":"Skaitytaknyga.lt \u2013 tai ma\u017eas \u0161eimos verslas, kuris prasid\u0117jo nuo meil\u0117s knygoms ir siekio i\u0161gelb\u0117ti knygas nuo likimo prie konteinerio. Kas vienam nereikalingas daiktas \u2013 kitam lobis, o mes esame tarpininkai, kurie padeda abiems tapti laimingesniems ???? \u017dinome kaip nelengva i\u0161gyventi ma\u017eiems verslams, tad nuo \u0161iol, \u010dia rasite ir kit\u0173, ma\u017e\u0173 \u0161eim\u0173 versl\u0173, rank\u0173 darbo, dovan\u0173 sau ir artimiesiems.","publisher":{"@id":"https:\/\/skaitytaknyga.lt\/#organization"},"potentialAction":[{"@type":"SearchAction","target":{"@type":"EntryPoint","urlTemplate":"https:\/\/skaitytaknyga.lt\/?s={search_term_string}"},"query-input":{"@type":"PropertyValueSpecification","valueRequired":true,"valueName":"search_term_string"}}],"inLanguage":"en-GB"},{"@type":"Organization","@id":"https:\/\/skaitytaknyga.lt\/#organization","name":"skaitytaknyga.lt","url":"https:\/\/skaitytaknyga.lt\/","logo":{"@type":"ImageObject","inLanguage":"en-GB","@id":"https:\/\/skaitytaknyga.lt\/#\/schema\/logo\/image\/","url":"https:\/\/skaitytaknyga.lt\/wp-content\/uploads\/2024\/05\/cropped-cropped-cropped-02_00843_jt3bggkj1j3HLc7SyY6rEUpg.jpeg","contentUrl":"https:\/\/skaitytaknyga.lt\/wp-content\/uploads\/2024\/05\/cropped-cropped-cropped-02_00843_jt3bggkj1j3HLc7SyY6rEUpg.jpeg","width":1600,"height":1600,"caption":"skaitytaknyga.lt"},"image":{"@id":"https:\/\/skaitytaknyga.lt\/#\/schema\/logo\/image\/"},"sameAs":["https:\/\/www.facebook.com\/skaitytaknyga\/"]}]}},"_links":{"self":[{"href":"https:\/\/skaitytaknyga.lt\/en\/wp-json\/wp\/v2\/product\/13897","targetHints":{"allow":["GET"]}}],"collection":[{"href":"https:\/\/skaitytaknyga.lt\/en\/wp-json\/wp\/v2\/product"}],"about":[{"href":"https:\/\/skaitytaknyga.lt\/en\/wp-json\/wp\/v2\/types\/product"}],"replies":[{"embeddable":true,"href":"https:\/\/skaitytaknyga.lt\/en\/wp-json\/wp\/v2\/comments?post=13897"}],"wp:featuredmedia":[{"embeddable":true,"href":"https:\/\/skaitytaknyga.lt\/en\/wp-json\/wp\/v2\/media\/14507"}],"wp:attachment":[{"href":"https:\/\/skaitytaknyga.lt\/en\/wp-json\/wp\/v2\/media?parent=13897"}],"wp:term":[{"taxonomy":"product_brand","embeddable":true,"href":"https:\/\/skaitytaknyga.lt\/en\/wp-json\/wp\/v2\/product_brand?post=13897"},{"taxonomy":"product_cat","embeddable":true,"href":"https:\/\/skaitytaknyga.lt\/en\/wp-json\/wp\/v2\/product_cat?post=13897"},{"taxonomy":"product_tag","embeddable":true,"href":"https:\/\/skaitytaknyga.lt\/en\/wp-json\/wp\/v2\/product_tag?post=13897"}],"curies":[{"name":"wp","href":"https:\/\/api.w.org\/{rel}","templated":true}]}}