{"id":13896,"date":"2024-05-11T08:52:39","date_gmt":"2024-05-11T05:52:39","guid":{"rendered":"https:\/\/skaitytaknyga.lt\/?post_type=product&#038;p=13896"},"modified":"2024-09-11T09:37:17","modified_gmt":"2024-09-11T06:37:17","slug":"tik-ejimas-keliu-pokalbiai-su-dvasininkais","status":"publish","type":"product","link":"https:\/\/skaitytaknyga.lt\/en\/produktas\/tik-ejimas-keliu-pokalbiai-su-dvasininkais\/","title":{"rendered":"Tik \u0117jimas keliu. Pokalbiai su dvasininkais"},"content":{"rendered":"<p>Pa\u0161v\u0119stojo gyvenimo met\u0173 prad\u017eiai i\u0161leista pokalbi\u0173 knyga\u00a0<strong>\u201eTik \u0117jimas keliu\u201c<\/strong>, kurioje publikuojami 2009-2014 m. rengti interviu su 27 Lietuvos dvasininkais \u2013 vyskupais, kunigais, vienuoliais, ne tik katalikais, bet ir kit\u0173 krik\u0161\u010dioni\u0161k\u0173 konfesij\u0173 atstovais. Tai ypatinga mozaika, sud\u0117liota i\u0161 unikali\u0173 gyvenimo istorij\u0173, kurias jungia Vie\u0161paties artumos i\u0161gyvenimas ir dr\u0105sa atsiliepti \u012f Jo kvietim\u0105.<\/p>\n<p>Knygoje atrasite kvap\u0105 gniau\u017eian\u010di\u0173 nuotyki\u0173, pasirinkim\u0173, santyki\u0173 \u012fvairov\u0119, kurioje bendra nebent patirtis, jog Dievas yra gra\u017eus, o tik\u0117jimo kelion\u0117 \u2013 nenusp\u0117jama&#8230;<\/p>\n<p>Knygoje\u00a0<strong>\u201eTik \u0117jimas keliu\u201c<\/strong>\u00a0skaitytojai ras pokalbius su kardinolu Audriu Juozu Ba\u010dkiu, Vidu Bal\u010diumi, Au\u0161vydu Belicku, Marijos radijo vadovu Gintaru Blu\u017eu OFS, joanitu Jureku Czarniawskiu CSJ, Ri\u010dardu Doveika, K\u0119stu\u010diu Dvarecku, Vilniaus arkivyskupu Gintaru Gru\u0161u, Severinu Holocheriu OFM, Benediktu Jur\u010diu OFM, vyskupu K\u0119stu\u010diu K\u0117valu, Astijum Kungiu OFM, Eitvydu Merkiu, benediktinu Kazimieru Mila\u0161evi\u010diumi OSB, Juozapu Minderiu, Moze Mitkevi\u010diumi, Ram\u016bnu Mizgiriu OFM, ortodoks\u0173 kunigu Vitalijumi Mockumi, Ar\u016bnu Pe\u0161kai\u010diu OFM, liuteron\u0173 vyskupu Mindaugu Sabu\u010diu, \u201eMa\u017eosios studijos\u201c vadovu Juliumi Sasnausku OFM, Antanu Saulai\u010diu SJ, Mariumi Talu\u010diu, Algirdu Toliatu, vyskupu Lionginu Virbalu SJ, vyskupu Linu Vodopjanovu OFM, prelatu Stasiu \u017diliu.<\/p>\n<ul class=\"about-product d-none d-xl-block mt-4\">\n<li><strong>Autorius:<\/strong>\u00a0Sud. Andrius Navickas,\u00a0Gediminas Kaj\u0117nas<\/li>\n<li><strong>Leid\u0117jas:<\/strong>\u00a0Bernardinai.lt<\/li>\n<li><strong>Metai:<\/strong>\u00a02014<\/li>\n<li><strong>Puslapiai:<\/strong>\u00a0432<\/li>\n<li><strong>ISBN:<\/strong>\u00a09786098086102<\/li>\n<li><strong>Versijos kodas:<\/strong>\u00a0PT.<\/li>\n<li><strong>Formatas:<\/strong>\u00a017 x 24 cm, mink\u0161ti vir\u0161eliai<\/li>\n<li><strong>Kalba:<\/strong>\u00a0Lietuvi\u0173<\/li>\n<\/ul>\n","protected":false},"excerpt":{"rendered":"<p>Pa\u0161v\u0119stojo gyvenimo met\u0173 prad\u017eiai i\u0161leista pokalbi\u0173 knyga\u00a0\u201eTik \u0117jimas keliu\u201c, kurioje publikuojami 2009-2014 m. rengti interviu su 27 Lietuvos dvasininkais \u2013 vyskupais, kunigais, vienuoliais, ne tik katalikais, bet ir kit\u0173 krik\u0161\u010dioni\u0161k\u0173 konfesij\u0173 atstovais. Tai ypatinga mozaika, sud\u0117liota i\u0161 unikali\u0173 gyvenimo istorij\u0173, kurias jungia Vie\u0161paties artumos i\u0161gyvenimas ir dr\u0105sa atsiliepti \u012f Jo kvietim\u0105. Knygoje atrasite kvap\u0105 gniau\u017eian\u010di\u0173 nuotyki\u0173, pasirinkim\u0173, santyki\u0173 \u012fvairov\u0119, kurioje bendra nebent patirtis, jog Dievas yra gra\u017eus, o tik\u0117jimo kelion\u0117 \u2013 nenusp\u0117jama&#8230; Knygoje\u00a0\u201eTik \u0117jimas keliu\u201c\u00a0skaitytojai ras pokalbius su kardinolu Audriu Juozu Ba\u010dkiu, Vidu Bal\u010diumi, Au\u0161vydu Belicku, Marijos radijo vadovu Gintaru Blu\u017eu OFS, joanitu Jureku Czarniawskiu CSJ, Ri\u010dardu Doveika, K\u0119stu\u010diu Dvarecku, Vilniaus arkivyskupu Gintaru Gru\u0161u, Severinu Holocheriu OFM, Benediktu Jur\u010diu OFM, vyskupu K\u0119stu\u010diu K\u0117valu, Astijum Kungiu OFM, Eitvydu Merkiu, benediktinu Kazimieru Mila\u0161evi\u010diumi OSB, Juozapu Minderiu, Moze Mitkevi\u010diumi, Ram\u016bnu Mizgiriu OFM, ortodoks\u0173 kunigu Vitalijumi Mockumi, Ar\u016bnu Pe\u0161kai\u010diu OFM, liuteron\u0173 vyskupu Mindaugu Sabu\u010diu, \u201eMa\u017eosios studijos\u201c vadovu Juliumi Sasnausku OFM, Antanu Saulai\u010diu SJ, Mariumi Talu\u010diu, Algirdu Toliatu, vyskupu Lionginu Virbalu SJ, vyskupu Linu Vodopjanovu OFM, prelatu Stasiu \u017diliu. Autorius:\u00a0Sud. Andrius Navickas,\u00a0Gediminas Kaj\u0117nas Leid\u0117jas:\u00a0Bernardinai.lt Metai:\u00a02014 Puslapiai:\u00a0432 ISBN:\u00a09786098086102 Versijos kodas:\u00a0PT. Formatas:\u00a017 x 24 cm, mink\u0161ti vir\u0161eliai Kalba:\u00a0Lietuvi\u0173<\/p>\n","protected":false},"featured_media":13912,"comment_status":"open","ping_status":"closed","template":"","meta":{"_acf_changed":false,"site-sidebar-layout":"default","site-content-layout":"","ast-site-content-layout":"default","site-content-style":"default","site-sidebar-style":"default","ast-global-header-display":"","ast-banner-title-visibility":"","ast-main-header-display":"","ast-hfb-above-header-display":"","ast-hfb-below-header-display":"","ast-hfb-mobile-header-display":"","site-post-title":"","ast-breadcrumbs-content":"","ast-featured-img":"","footer-sml-layout":"","ast-disable-related-posts":"","theme-transparent-header-meta":"default","adv-header-id-meta":"","stick-header-meta":"","header-above-stick-meta":"","header-main-stick-meta":"","header-below-stick-meta":"","astra-migrate-meta-layouts":"set","ast-page-background-enabled":"default","ast-page-background-meta":{"desktop":{"background-color":"","background-image":"","background-repeat":"repeat","background-position":"center center","background-size":"auto","background-attachment":"scroll","background-type":"","background-media":"","overlay-type":"","overlay-color":"","overlay-opacity":"","overlay-gradient":""},"tablet":{"background-color":"","background-image":"","background-repeat":"repeat","background-position":"center center","background-size":"auto","background-attachment":"scroll","background-type":"","background-media":"","overlay-type":"","overlay-color":"","overlay-opacity":"","overlay-gradient":""},"mobile":{"background-color":"","background-image":"","background-repeat":"repeat","background-position":"center center","background-size":"auto","background-attachment":"scroll","background-type":"","background-media":"","overlay-type":"","overlay-color":"","overlay-opacity":"","overlay-gradient":""}},"ast-content-background-meta":{"desktop":{"background-color":"var(--ast-global-color-4)","background-image":"","background-repeat":"repeat","background-position":"center center","background-size":"auto","background-attachment":"scroll","background-type":"","background-media":"","overlay-type":"","overlay-color":"","overlay-opacity":"","overlay-gradient":""},"tablet":{"background-color":"var(--ast-global-color-4)","background-image":"","background-repeat":"repeat","background-position":"center center","background-size":"auto","background-attachment":"scroll","background-type":"","background-media":"","overlay-type":"","overlay-color":"","overlay-opacity":"","overlay-gradient":""},"mobile":{"background-color":"var(--ast-global-color-4)","background-image":"","background-repeat":"repeat","background-position":"center center","background-size":"auto","background-attachment":"scroll","background-type":"","background-media":"","overlay-type":"","overlay-color":"","overlay-opacity":"","overlay-gradient":""}}},"product_brand":[],"product_cat":[15,165],"product_tag":[],"class_list":{"0":"post-13896","1":"product","2":"type-product","3":"status-publish","4":"has-post-thumbnail","6":"product_cat-uncategorized","7":"product_cat-religija-filosofija-ir-ezoterika","8":"desktop-align-left","9":"tablet-align-left","10":"mobile-align-left","12":"first","13":"instock","14":"shipping-taxable","15":"purchasable","16":"product-type-simple"},"acf":[],"yoast_head":"<!-- This site is optimized with the Yoast SEO plugin v27.0 - https:\/\/yoast.com\/product\/yoast-seo-wordpress\/ -->\n<title>Tik \u0117jimas keliu. Pokalbiai su dvasininkais<\/title>\n<meta name=\"description\" content=\"Pa\u0161v\u0119stojo gyvenimo met\u0173 prad\u017eiai i\u0161leista pokalbi\u0173 knyga\u00a0\u201eTik \u0117jimas keliu\u201c, kurioje publikuojami 2009-2014 m. rengti interviu su 27 Lietuvos\" \/>\n<meta name=\"robots\" content=\"index, follow, max-snippet:-1, max-image-preview:large, max-video-preview:-1\" \/>\n<link rel=\"canonical\" href=\"https:\/\/skaitytaknyga.lt\/en\/produktas\/tik-ejimas-keliu-pokalbiai-su-dvasininkais\/\" \/>\n<meta property=\"og:locale\" content=\"en_GB\" \/>\n<meta property=\"og:locale:alternate\" content=\"lt_LT\" \/>\n<meta property=\"og:type\" content=\"article\" \/>\n<meta property=\"og:title\" content=\"Tik \u0117jimas keliu. Pokalbiai su dvasininkais\" \/>\n<meta property=\"og:description\" content=\"Pa\u0161v\u0119stojo gyvenimo met\u0173 prad\u017eiai i\u0161leista pokalbi\u0173 knyga\u00a0\u201eTik \u0117jimas keliu\u201c, kurioje publikuojami 2009-2014 m. rengti interviu su 27 Lietuvos\" \/>\n<meta property=\"og:url\" content=\"https:\/\/skaitytaknyga.lt\/en\/produktas\/tik-ejimas-keliu-pokalbiai-su-dvasininkais\/\" \/>\n<meta property=\"og:site_name\" content=\"Skaitytaknyga\" \/>\n<meta property=\"article:publisher\" content=\"https:\/\/www.facebook.com\/skaitytaknyga\/\" \/>\n<meta property=\"article:modified_time\" content=\"2024-09-11T06:37:17+00:00\" \/>\n<meta property=\"og:image\" content=\"https:\/\/skaitytaknyga.lt\/wp-content\/uploads\/2024\/09\/Tik-ejimas-keliu.-Pokalbiai-su-dvasininkais.webp\" \/>\n\t<meta property=\"og:image:width\" content=\"319\" \/>\n\t<meta property=\"og:image:height\" content=\"450\" \/>\n\t<meta property=\"og:image:type\" content=\"image\/webp\" \/>\n<meta name=\"twitter:card\" content=\"summary_large_image\" \/>\n<meta name=\"twitter:label1\" content=\"Estimated reading time\" \/>\n\t<meta name=\"twitter:data1\" content=\"2 minutes\" \/>\n<script type=\"application\/ld+json\" class=\"yoast-schema-graph\">{\"@context\":\"https:\/\/schema.org\",\"@graph\":[{\"@type\":\"WebPage\",\"@id\":\"https:\/\/skaitytaknyga.lt\/produktas\/tik-ejimas-keliu-pokalbiai-su-dvasininkais\/\",\"url\":\"https:\/\/skaitytaknyga.lt\/produktas\/tik-ejimas-keliu-pokalbiai-su-dvasininkais\/\",\"name\":\"Tik \u0117jimas keliu. Pokalbiai su dvasininkais\",\"isPartOf\":{\"@id\":\"https:\/\/skaitytaknyga.lt\/#website\"},\"primaryImageOfPage\":{\"@id\":\"https:\/\/skaitytaknyga.lt\/produktas\/tik-ejimas-keliu-pokalbiai-su-dvasininkais\/#primaryimage\"},\"image\":{\"@id\":\"https:\/\/skaitytaknyga.lt\/produktas\/tik-ejimas-keliu-pokalbiai-su-dvasininkais\/#primaryimage\"},\"thumbnailUrl\":\"https:\/\/skaitytaknyga.lt\/wp-content\/uploads\/2024\/09\/Tik-ejimas-keliu.-Pokalbiai-su-dvasininkais.webp\",\"datePublished\":\"2024-05-11T05:52:39+00:00\",\"dateModified\":\"2024-09-11T06:37:17+00:00\",\"description\":\"Pa\u0161v\u0119stojo gyvenimo met\u0173 prad\u017eiai i\u0161leista pokalbi\u0173 knyga\u00a0\u201eTik \u0117jimas keliu\u201c, kurioje publikuojami 2009-2014 m. rengti interviu su 27 Lietuvos\",\"breadcrumb\":{\"@id\":\"https:\/\/skaitytaknyga.lt\/produktas\/tik-ejimas-keliu-pokalbiai-su-dvasininkais\/#breadcrumb\"},\"inLanguage\":\"en-GB\",\"potentialAction\":[{\"@type\":\"ReadAction\",\"target\":[\"https:\/\/skaitytaknyga.lt\/produktas\/tik-ejimas-keliu-pokalbiai-su-dvasininkais\/\"]}]},{\"@type\":\"ImageObject\",\"inLanguage\":\"en-GB\",\"@id\":\"https:\/\/skaitytaknyga.lt\/produktas\/tik-ejimas-keliu-pokalbiai-su-dvasininkais\/#primaryimage\",\"url\":\"https:\/\/skaitytaknyga.lt\/wp-content\/uploads\/2024\/09\/Tik-ejimas-keliu.-Pokalbiai-su-dvasininkais.webp\",\"contentUrl\":\"https:\/\/skaitytaknyga.lt\/wp-content\/uploads\/2024\/09\/Tik-ejimas-keliu.-Pokalbiai-su-dvasininkais.webp\",\"width\":319,\"height\":450,\"caption\":\"Tik \u0117jimas keliu. Pokalbiai su dvasininkais\"},{\"@type\":\"BreadcrumbList\",\"@id\":\"https:\/\/skaitytaknyga.lt\/produktas\/tik-ejimas-keliu-pokalbiai-su-dvasininkais\/#breadcrumb\",\"itemListElement\":[{\"@type\":\"ListItem\",\"position\":1,\"name\":\"Home\",\"item\":\"https:\/\/skaitytaknyga.lt\/\"},{\"@type\":\"ListItem\",\"position\":2,\"name\":\"Parduotuv\u0117\",\"item\":\"https:\/\/skaitytaknyga.lt\/knygu-parduotuve\/\"},{\"@type\":\"ListItem\",\"position\":3,\"name\":\"Tik \u0117jimas keliu. Pokalbiai su dvasininkais\"}]},{\"@type\":\"WebSite\",\"@id\":\"https:\/\/skaitytaknyga.lt\/#website\",\"url\":\"https:\/\/skaitytaknyga.lt\/\",\"name\":\"skaitytaknyga.lt\",\"description\":\"Skaitytaknyga.lt \u2013 tai ma\u017eas \u0161eimos verslas, kuris prasid\u0117jo nuo meil\u0117s knygoms ir siekio i\u0161gelb\u0117ti knygas nuo likimo prie konteinerio. Kas vienam nereikalingas daiktas \u2013 kitam lobis, o mes esame tarpininkai, kurie padeda abiems tapti laimingesniems ???? \u017dinome kaip nelengva i\u0161gyventi ma\u017eiems verslams, tad nuo \u0161iol, \u010dia rasite ir kit\u0173, ma\u017e\u0173 \u0161eim\u0173 versl\u0173, rank\u0173 darbo, dovan\u0173 sau ir artimiesiems.\",\"publisher\":{\"@id\":\"https:\/\/skaitytaknyga.lt\/#organization\"},\"potentialAction\":[{\"@type\":\"SearchAction\",\"target\":{\"@type\":\"EntryPoint\",\"urlTemplate\":\"https:\/\/skaitytaknyga.lt\/?s={search_term_string}\"},\"query-input\":{\"@type\":\"PropertyValueSpecification\",\"valueRequired\":true,\"valueName\":\"search_term_string\"}}],\"inLanguage\":\"en-GB\"},{\"@type\":\"Organization\",\"@id\":\"https:\/\/skaitytaknyga.lt\/#organization\",\"name\":\"skaitytaknyga.lt\",\"url\":\"https:\/\/skaitytaknyga.lt\/\",\"logo\":{\"@type\":\"ImageObject\",\"inLanguage\":\"en-GB\",\"@id\":\"https:\/\/skaitytaknyga.lt\/#\/schema\/logo\/image\/\",\"url\":\"https:\/\/skaitytaknyga.lt\/wp-content\/uploads\/2024\/05\/cropped-cropped-cropped-02_00843_jt3bggkj1j3HLc7SyY6rEUpg.jpeg\",\"contentUrl\":\"https:\/\/skaitytaknyga.lt\/wp-content\/uploads\/2024\/05\/cropped-cropped-cropped-02_00843_jt3bggkj1j3HLc7SyY6rEUpg.jpeg\",\"width\":1600,\"height\":1600,\"caption\":\"skaitytaknyga.lt\"},\"image\":{\"@id\":\"https:\/\/skaitytaknyga.lt\/#\/schema\/logo\/image\/\"},\"sameAs\":[\"https:\/\/www.facebook.com\/skaitytaknyga\/\"]}]}<\/script>\n<!-- \/ Yoast SEO plugin. -->","yoast_head_json":{"title":"Tik \u0117jimas keliu. Pokalbiai su dvasininkais","description":"Pa\u0161v\u0119stojo gyvenimo met\u0173 prad\u017eiai i\u0161leista pokalbi\u0173 knyga\u00a0\u201eTik \u0117jimas keliu\u201c, kurioje publikuojami 2009-2014 m. rengti interviu su 27 Lietuvos","robots":{"index":"index","follow":"follow","max-snippet":"max-snippet:-1","max-image-preview":"max-image-preview:large","max-video-preview":"max-video-preview:-1"},"canonical":"https:\/\/skaitytaknyga.lt\/en\/produktas\/tik-ejimas-keliu-pokalbiai-su-dvasininkais\/","og_locale":"en_GB","og_type":"article","og_title":"[:lt]Tik \u0117jimas keliu. Pokalbiai su dvasininkais[:] - Skaitytaknyga","og_description":"Pa\u0161v\u0119stojo gyvenimo met\u0173 prad\u017eiai i\u0161leista pokalbi\u0173 knyga\u00a0\u201eTik \u0117jimas keliu\u201c, kurioje publikuojami 2009-2014 m. rengti interviu su 27 Lietuvos","og_url":"https:\/\/skaitytaknyga.lt\/en\/produktas\/tik-ejimas-keliu-pokalbiai-su-dvasininkais\/","og_site_name":"Skaitytaknyga","article_publisher":"https:\/\/www.facebook.com\/skaitytaknyga\/","article_modified_time":"2024-09-11T06:37:17+00:00","og_image":[{"width":319,"height":450,"url":"https:\/\/skaitytaknyga.lt\/wp-content\/uploads\/2024\/09\/Tik-ejimas-keliu.-Pokalbiai-su-dvasininkais.webp","type":"image\/webp"}],"twitter_card":"summary_large_image","twitter_misc":{"Estimated reading time":"2 minutes"},"schema":{"@context":"https:\/\/schema.org","@graph":[{"@type":"WebPage","@id":"https:\/\/skaitytaknyga.lt\/produktas\/tik-ejimas-keliu-pokalbiai-su-dvasininkais\/","url":"https:\/\/skaitytaknyga.lt\/produktas\/tik-ejimas-keliu-pokalbiai-su-dvasininkais\/","name":"Tik \u0117jimas keliu. Pokalbiai su dvasininkais","isPartOf":{"@id":"https:\/\/skaitytaknyga.lt\/#website"},"primaryImageOfPage":{"@id":"https:\/\/skaitytaknyga.lt\/produktas\/tik-ejimas-keliu-pokalbiai-su-dvasininkais\/#primaryimage"},"image":{"@id":"https:\/\/skaitytaknyga.lt\/produktas\/tik-ejimas-keliu-pokalbiai-su-dvasininkais\/#primaryimage"},"thumbnailUrl":"https:\/\/skaitytaknyga.lt\/wp-content\/uploads\/2024\/09\/Tik-ejimas-keliu.-Pokalbiai-su-dvasininkais.webp","datePublished":"2024-05-11T05:52:39+00:00","dateModified":"2024-09-11T06:37:17+00:00","description":"Pa\u0161v\u0119stojo gyvenimo met\u0173 prad\u017eiai i\u0161leista pokalbi\u0173 knyga\u00a0\u201eTik \u0117jimas keliu\u201c, kurioje publikuojami 2009-2014 m. rengti interviu su 27 Lietuvos","breadcrumb":{"@id":"https:\/\/skaitytaknyga.lt\/produktas\/tik-ejimas-keliu-pokalbiai-su-dvasininkais\/#breadcrumb"},"inLanguage":"en-GB","potentialAction":[{"@type":"ReadAction","target":["https:\/\/skaitytaknyga.lt\/produktas\/tik-ejimas-keliu-pokalbiai-su-dvasininkais\/"]}]},{"@type":"ImageObject","inLanguage":"en-GB","@id":"https:\/\/skaitytaknyga.lt\/produktas\/tik-ejimas-keliu-pokalbiai-su-dvasininkais\/#primaryimage","url":"https:\/\/skaitytaknyga.lt\/wp-content\/uploads\/2024\/09\/Tik-ejimas-keliu.-Pokalbiai-su-dvasininkais.webp","contentUrl":"https:\/\/skaitytaknyga.lt\/wp-content\/uploads\/2024\/09\/Tik-ejimas-keliu.-Pokalbiai-su-dvasininkais.webp","width":319,"height":450,"caption":"Tik \u0117jimas keliu. Pokalbiai su dvasininkais"},{"@type":"BreadcrumbList","@id":"https:\/\/skaitytaknyga.lt\/produktas\/tik-ejimas-keliu-pokalbiai-su-dvasininkais\/#breadcrumb","itemListElement":[{"@type":"ListItem","position":1,"name":"Home","item":"https:\/\/skaitytaknyga.lt\/"},{"@type":"ListItem","position":2,"name":"Parduotuv\u0117","item":"https:\/\/skaitytaknyga.lt\/knygu-parduotuve\/"},{"@type":"ListItem","position":3,"name":"Tik \u0117jimas keliu. Pokalbiai su dvasininkais"}]},{"@type":"WebSite","@id":"https:\/\/skaitytaknyga.lt\/#website","url":"https:\/\/skaitytaknyga.lt\/","name":"skaitytaknyga.lt","description":"Skaitytaknyga.lt \u2013 tai ma\u017eas \u0161eimos verslas, kuris prasid\u0117jo nuo meil\u0117s knygoms ir siekio i\u0161gelb\u0117ti knygas nuo likimo prie konteinerio. Kas vienam nereikalingas daiktas \u2013 kitam lobis, o mes esame tarpininkai, kurie padeda abiems tapti laimingesniems ???? \u017dinome kaip nelengva i\u0161gyventi ma\u017eiems verslams, tad nuo \u0161iol, \u010dia rasite ir kit\u0173, ma\u017e\u0173 \u0161eim\u0173 versl\u0173, rank\u0173 darbo, dovan\u0173 sau ir artimiesiems.","publisher":{"@id":"https:\/\/skaitytaknyga.lt\/#organization"},"potentialAction":[{"@type":"SearchAction","target":{"@type":"EntryPoint","urlTemplate":"https:\/\/skaitytaknyga.lt\/?s={search_term_string}"},"query-input":{"@type":"PropertyValueSpecification","valueRequired":true,"valueName":"search_term_string"}}],"inLanguage":"en-GB"},{"@type":"Organization","@id":"https:\/\/skaitytaknyga.lt\/#organization","name":"skaitytaknyga.lt","url":"https:\/\/skaitytaknyga.lt\/","logo":{"@type":"ImageObject","inLanguage":"en-GB","@id":"https:\/\/skaitytaknyga.lt\/#\/schema\/logo\/image\/","url":"https:\/\/skaitytaknyga.lt\/wp-content\/uploads\/2024\/05\/cropped-cropped-cropped-02_00843_jt3bggkj1j3HLc7SyY6rEUpg.jpeg","contentUrl":"https:\/\/skaitytaknyga.lt\/wp-content\/uploads\/2024\/05\/cropped-cropped-cropped-02_00843_jt3bggkj1j3HLc7SyY6rEUpg.jpeg","width":1600,"height":1600,"caption":"skaitytaknyga.lt"},"image":{"@id":"https:\/\/skaitytaknyga.lt\/#\/schema\/logo\/image\/"},"sameAs":["https:\/\/www.facebook.com\/skaitytaknyga\/"]}]}},"_links":{"self":[{"href":"https:\/\/skaitytaknyga.lt\/en\/wp-json\/wp\/v2\/product\/13896","targetHints":{"allow":["GET"]}}],"collection":[{"href":"https:\/\/skaitytaknyga.lt\/en\/wp-json\/wp\/v2\/product"}],"about":[{"href":"https:\/\/skaitytaknyga.lt\/en\/wp-json\/wp\/v2\/types\/product"}],"replies":[{"embeddable":true,"href":"https:\/\/skaitytaknyga.lt\/en\/wp-json\/wp\/v2\/comments?post=13896"}],"wp:featuredmedia":[{"embeddable":true,"href":"https:\/\/skaitytaknyga.lt\/en\/wp-json\/wp\/v2\/media\/13912"}],"wp:attachment":[{"href":"https:\/\/skaitytaknyga.lt\/en\/wp-json\/wp\/v2\/media?parent=13896"}],"wp:term":[{"taxonomy":"product_brand","embeddable":true,"href":"https:\/\/skaitytaknyga.lt\/en\/wp-json\/wp\/v2\/product_brand?post=13896"},{"taxonomy":"product_cat","embeddable":true,"href":"https:\/\/skaitytaknyga.lt\/en\/wp-json\/wp\/v2\/product_cat?post=13896"},{"taxonomy":"product_tag","embeddable":true,"href":"https:\/\/skaitytaknyga.lt\/en\/wp-json\/wp\/v2\/product_tag?post=13896"}],"curies":[{"name":"wp","href":"https:\/\/api.w.org\/{rel}","templated":true}]}}