{"id":13895,"date":"2024-04-11T08:52:39","date_gmt":"2024-04-11T05:52:39","guid":{"rendered":"https:\/\/skaitytaknyga.lt\/?post_type=product&#038;p=13895"},"modified":"2025-10-28T17:19:44","modified_gmt":"2025-10-28T15:19:44","slug":"alexandr-ettl-suriai","status":"publish","type":"product","link":"https:\/\/skaitytaknyga.lt\/en\/produktas\/alexandr-ettl-suriai\/","title":{"rendered":"Alexandr Ettl \u201eS\u016briai\u201c"},"content":{"rendered":"<p><strong>\u201eS\u016briai\u201c<\/strong>\u00a0\u2013 tai knyga skirta s\u016bri\u0173 gurmanams. \u0160i knyga prasideda pasakojimais apie s\u016bri\u0173 istorij\u0105, apie s\u016bri\u0173 gamyb\u0105, taip pat yra trumpai apib\u016bdinamos s\u016bri\u0173 r\u016b\u0161ys. Autorius pateikia 75 pikanti\u0161kus receptus i\u0161 viso pasaulio ir Hans Joachim Dobbelin nuotraukas, specialiai fotografuotas \u0161iai knygai.<\/p>\n<ul class=\"about-product d-none d-xl-block mt-4\">\n<li><strong>Autorius:<\/strong>\u00a0Alexandr Ettl<\/li>\n<li><strong>Metai:<\/strong>\u00a02000<\/li>\n<li><strong>Puslapiai:<\/strong>\u00a0214<\/li>\n<li><strong>ISBN:<\/strong>\u00a09789984709000<\/li>\n<li><strong>Formatas:<\/strong>\u00a017,5 x 24,5 cm, kieti vir\u0161eliai<\/li>\n<li><strong>Kalba:<\/strong>\u00a0Lietuvi\u0173<\/li>\n<li><strong>Vert\u0117jas:<\/strong>\u00a0Darius Kairys<\/li>\n<\/ul>\n","protected":false},"excerpt":{"rendered":"<p>\u201eS\u016briai\u201c\u00a0\u2013 tai knyga skirta s\u016bri\u0173 gurmanams. \u0160i knyga prasideda pasakojimais apie s\u016bri\u0173 istorij\u0105, apie s\u016bri\u0173 gamyb\u0105, taip pat yra trumpai apib\u016bdinamos s\u016bri\u0173 r\u016b\u0161ys. Autorius pateikia 75 pikanti\u0161kus receptus i\u0161 viso pasaulio ir Hans Joachim Dobbelin nuotraukas, specialiai fotografuotas \u0161iai knygai. Autorius:\u00a0Alexandr Ettl Metai:\u00a02000 Puslapiai:\u00a0214 ISBN:\u00a09789984709000 Formatas:\u00a017,5 x 24,5 cm, kieti vir\u0161eliai Kalba:\u00a0Lietuvi\u0173 Vert\u0117jas:\u00a0Darius Kairys<\/p>\n","protected":false},"featured_media":13913,"comment_status":"open","ping_status":"closed","template":"","meta":{"_acf_changed":false,"site-sidebar-layout":"default","site-content-layout":"","ast-site-content-layout":"default","site-content-style":"default","site-sidebar-style":"default","ast-global-header-display":"","ast-banner-title-visibility":"","ast-main-header-display":"","ast-hfb-above-header-display":"","ast-hfb-below-header-display":"","ast-hfb-mobile-header-display":"","site-post-title":"","ast-breadcrumbs-content":"","ast-featured-img":"","footer-sml-layout":"","ast-disable-related-posts":"","theme-transparent-header-meta":"default","adv-header-id-meta":"","stick-header-meta":"","header-above-stick-meta":"","header-main-stick-meta":"","header-below-stick-meta":"","astra-migrate-meta-layouts":"set","ast-page-background-enabled":"default","ast-page-background-meta":{"desktop":{"background-color":"","background-image":"","background-repeat":"repeat","background-position":"center center","background-size":"auto","background-attachment":"scroll","background-type":"","background-media":"","overlay-type":"","overlay-color":"","overlay-opacity":"","overlay-gradient":""},"tablet":{"background-color":"","background-image":"","background-repeat":"repeat","background-position":"center center","background-size":"auto","background-attachment":"scroll","background-type":"","background-media":"","overlay-type":"","overlay-color":"","overlay-opacity":"","overlay-gradient":""},"mobile":{"background-color":"","background-image":"","background-repeat":"repeat","background-position":"center center","background-size":"auto","background-attachment":"scroll","background-type":"","background-media":"","overlay-type":"","overlay-color":"","overlay-opacity":"","overlay-gradient":""}},"ast-content-background-meta":{"desktop":{"background-color":"var(--ast-global-color-4)","background-image":"","background-repeat":"repeat","background-position":"center center","background-size":"auto","background-attachment":"scroll","background-type":"","background-media":"","overlay-type":"","overlay-color":"","overlay-opacity":"","overlay-gradient":""},"tablet":{"background-color":"var(--ast-global-color-4)","background-image":"","background-repeat":"repeat","background-position":"center center","background-size":"auto","background-attachment":"scroll","background-type":"","background-media":"","overlay-type":"","overlay-color":"","overlay-opacity":"","overlay-gradient":""},"mobile":{"background-color":"var(--ast-global-color-4)","background-image":"","background-repeat":"repeat","background-position":"center center","background-size":"auto","background-attachment":"scroll","background-type":"","background-media":"","overlay-type":"","overlay-color":"","overlay-opacity":"","overlay-gradient":""}}},"product_brand":[],"product_cat":[15,58],"product_tag":[],"class_list":{"0":"post-13895","1":"product","2":"type-product","3":"status-publish","4":"has-post-thumbnail","6":"product_cat-uncategorized","7":"product_cat-receptai","8":"desktop-align-left","9":"tablet-align-left","10":"mobile-align-left","12":"first","13":"outofstock","14":"shipping-taxable","15":"purchasable","16":"product-type-simple"},"acf":[],"yoast_head":"<!-- This site is optimized with the Yoast SEO plugin v27.0 - https:\/\/yoast.com\/product\/yoast-seo-wordpress\/ -->\n<title>Alexandr Ettl \u201eS\u016briai\u201c<\/title>\n<meta name=\"description\" content=\"\u201eS\u016briai\u201c\u00a0\u2013 tai knyga skirta s\u016bri\u0173 gurmanams. \u0160i knyga prasideda pasakojimais apie s\u016bri\u0173 istorij\u0105, apie s\u016bri\u0173 gamyb\u0105, taip pat yra trumpai apib\u016bdinamos\" \/>\n<meta name=\"robots\" content=\"index, follow, max-snippet:-1, max-image-preview:large, max-video-preview:-1\" \/>\n<link rel=\"canonical\" href=\"https:\/\/skaitytaknyga.lt\/en\/produktas\/alexandr-ettl-suriai\/\" \/>\n<meta property=\"og:locale\" content=\"en_GB\" \/>\n<meta property=\"og:locale:alternate\" content=\"lt_LT\" \/>\n<meta property=\"og:type\" content=\"article\" \/>\n<meta property=\"og:title\" content=\"Alexandr Ettl \u201eS\u016briai\u201c\" \/>\n<meta property=\"og:description\" content=\"\u201eS\u016briai\u201c\u00a0\u2013 tai knyga skirta s\u016bri\u0173 gurmanams. \u0160i knyga prasideda pasakojimais apie s\u016bri\u0173 istorij\u0105, apie s\u016bri\u0173 gamyb\u0105, taip pat yra trumpai apib\u016bdinamos\" \/>\n<meta property=\"og:url\" content=\"https:\/\/skaitytaknyga.lt\/en\/produktas\/alexandr-ettl-suriai\/\" \/>\n<meta property=\"og:site_name\" content=\"Skaitytaknyga\" \/>\n<meta property=\"article:publisher\" content=\"https:\/\/www.facebook.com\/skaitytaknyga\/\" \/>\n<meta property=\"article:modified_time\" content=\"2025-10-28T15:19:44+00:00\" \/>\n<meta property=\"og:image\" content=\"https:\/\/skaitytaknyga.lt\/wp-content\/uploads\/2024\/09\/Suriai.webp\" \/>\n\t<meta property=\"og:image:width\" content=\"390\" \/>\n\t<meta property=\"og:image:height\" content=\"565\" \/>\n\t<meta property=\"og:image:type\" content=\"image\/webp\" \/>\n<meta name=\"twitter:card\" content=\"summary_large_image\" \/>\n<meta name=\"twitter:label1\" content=\"Estimated reading time\" \/>\n\t<meta name=\"twitter:data1\" content=\"1 minute\" \/>\n<script type=\"application\/ld+json\" class=\"yoast-schema-graph\">{\"@context\":\"https:\/\/schema.org\",\"@graph\":[{\"@type\":\"WebPage\",\"@id\":\"https:\/\/skaitytaknyga.lt\/produktas\/alexandr-ettl-suriai\/\",\"url\":\"https:\/\/skaitytaknyga.lt\/produktas\/alexandr-ettl-suriai\/\",\"name\":\"Alexandr Ettl \u201eS\u016briai\u201c\",\"isPartOf\":{\"@id\":\"https:\/\/skaitytaknyga.lt\/#website\"},\"primaryImageOfPage\":{\"@id\":\"https:\/\/skaitytaknyga.lt\/produktas\/alexandr-ettl-suriai\/#primaryimage\"},\"image\":{\"@id\":\"https:\/\/skaitytaknyga.lt\/produktas\/alexandr-ettl-suriai\/#primaryimage\"},\"thumbnailUrl\":\"https:\/\/skaitytaknyga.lt\/wp-content\/uploads\/2024\/09\/Suriai.webp\",\"datePublished\":\"2024-04-11T05:52:39+00:00\",\"dateModified\":\"2025-10-28T15:19:44+00:00\",\"description\":\"\u201eS\u016briai\u201c\u00a0\u2013 tai knyga skirta s\u016bri\u0173 gurmanams. \u0160i knyga prasideda pasakojimais apie s\u016bri\u0173 istorij\u0105, apie s\u016bri\u0173 gamyb\u0105, taip pat yra trumpai apib\u016bdinamos\",\"breadcrumb\":{\"@id\":\"https:\/\/skaitytaknyga.lt\/produktas\/alexandr-ettl-suriai\/#breadcrumb\"},\"inLanguage\":\"en-GB\",\"potentialAction\":[{\"@type\":\"ReadAction\",\"target\":[\"https:\/\/skaitytaknyga.lt\/produktas\/alexandr-ettl-suriai\/\"]}]},{\"@type\":\"ImageObject\",\"inLanguage\":\"en-GB\",\"@id\":\"https:\/\/skaitytaknyga.lt\/produktas\/alexandr-ettl-suriai\/#primaryimage\",\"url\":\"https:\/\/skaitytaknyga.lt\/wp-content\/uploads\/2024\/09\/Suriai.webp\",\"contentUrl\":\"https:\/\/skaitytaknyga.lt\/wp-content\/uploads\/2024\/09\/Suriai.webp\",\"width\":390,\"height\":565,\"caption\":\"Alexandr Ettl \u201eS\u016briai\u201c\"},{\"@type\":\"BreadcrumbList\",\"@id\":\"https:\/\/skaitytaknyga.lt\/produktas\/alexandr-ettl-suriai\/#breadcrumb\",\"itemListElement\":[{\"@type\":\"ListItem\",\"position\":1,\"name\":\"Home\",\"item\":\"https:\/\/skaitytaknyga.lt\/\"},{\"@type\":\"ListItem\",\"position\":2,\"name\":\"Parduotuv\u0117\",\"item\":\"https:\/\/skaitytaknyga.lt\/knygu-parduotuve\/\"},{\"@type\":\"ListItem\",\"position\":3,\"name\":\"Alexandr Ettl \u201eS\u016briai\u201c\"}]},{\"@type\":\"WebSite\",\"@id\":\"https:\/\/skaitytaknyga.lt\/#website\",\"url\":\"https:\/\/skaitytaknyga.lt\/\",\"name\":\"skaitytaknyga.lt\",\"description\":\"Skaitytaknyga.lt \u2013 tai ma\u017eas \u0161eimos verslas, kuris prasid\u0117jo nuo meil\u0117s knygoms ir siekio i\u0161gelb\u0117ti knygas nuo likimo prie konteinerio. Kas vienam nereikalingas daiktas \u2013 kitam lobis, o mes esame tarpininkai, kurie padeda abiems tapti laimingesniems ???? \u017dinome kaip nelengva i\u0161gyventi ma\u017eiems verslams, tad nuo \u0161iol, \u010dia rasite ir kit\u0173, ma\u017e\u0173 \u0161eim\u0173 versl\u0173, rank\u0173 darbo, dovan\u0173 sau ir artimiesiems.\",\"publisher\":{\"@id\":\"https:\/\/skaitytaknyga.lt\/#organization\"},\"potentialAction\":[{\"@type\":\"SearchAction\",\"target\":{\"@type\":\"EntryPoint\",\"urlTemplate\":\"https:\/\/skaitytaknyga.lt\/?s={search_term_string}\"},\"query-input\":{\"@type\":\"PropertyValueSpecification\",\"valueRequired\":true,\"valueName\":\"search_term_string\"}}],\"inLanguage\":\"en-GB\"},{\"@type\":\"Organization\",\"@id\":\"https:\/\/skaitytaknyga.lt\/#organization\",\"name\":\"skaitytaknyga.lt\",\"url\":\"https:\/\/skaitytaknyga.lt\/\",\"logo\":{\"@type\":\"ImageObject\",\"inLanguage\":\"en-GB\",\"@id\":\"https:\/\/skaitytaknyga.lt\/#\/schema\/logo\/image\/\",\"url\":\"https:\/\/skaitytaknyga.lt\/wp-content\/uploads\/2024\/05\/cropped-cropped-cropped-02_00843_jt3bggkj1j3HLc7SyY6rEUpg.jpeg\",\"contentUrl\":\"https:\/\/skaitytaknyga.lt\/wp-content\/uploads\/2024\/05\/cropped-cropped-cropped-02_00843_jt3bggkj1j3HLc7SyY6rEUpg.jpeg\",\"width\":1600,\"height\":1600,\"caption\":\"skaitytaknyga.lt\"},\"image\":{\"@id\":\"https:\/\/skaitytaknyga.lt\/#\/schema\/logo\/image\/\"},\"sameAs\":[\"https:\/\/www.facebook.com\/skaitytaknyga\/\"]}]}<\/script>\n<!-- \/ Yoast SEO plugin. -->","yoast_head_json":{"title":"Alexandr Ettl \u201eS\u016briai\u201c","description":"\u201eS\u016briai\u201c\u00a0\u2013 tai knyga skirta s\u016bri\u0173 gurmanams. \u0160i knyga prasideda pasakojimais apie s\u016bri\u0173 istorij\u0105, apie s\u016bri\u0173 gamyb\u0105, taip pat yra trumpai apib\u016bdinamos","robots":{"index":"index","follow":"follow","max-snippet":"max-snippet:-1","max-image-preview":"max-image-preview:large","max-video-preview":"max-video-preview:-1"},"canonical":"https:\/\/skaitytaknyga.lt\/en\/produktas\/alexandr-ettl-suriai\/","og_locale":"en_GB","og_type":"article","og_title":"[:lt]Alexandr Ettl \u201eS\u016briai\u201c[:] - Skaitytaknyga","og_description":"\u201eS\u016briai\u201c\u00a0\u2013 tai knyga skirta s\u016bri\u0173 gurmanams. \u0160i knyga prasideda pasakojimais apie s\u016bri\u0173 istorij\u0105, apie s\u016bri\u0173 gamyb\u0105, taip pat yra trumpai apib\u016bdinamos","og_url":"https:\/\/skaitytaknyga.lt\/en\/produktas\/alexandr-ettl-suriai\/","og_site_name":"Skaitytaknyga","article_publisher":"https:\/\/www.facebook.com\/skaitytaknyga\/","article_modified_time":"2025-10-28T15:19:44+00:00","og_image":[{"width":390,"height":565,"url":"https:\/\/skaitytaknyga.lt\/wp-content\/uploads\/2024\/09\/Suriai.webp","type":"image\/webp"}],"twitter_card":"summary_large_image","twitter_misc":{"Estimated reading time":"1 minute"},"schema":{"@context":"https:\/\/schema.org","@graph":[{"@type":"WebPage","@id":"https:\/\/skaitytaknyga.lt\/produktas\/alexandr-ettl-suriai\/","url":"https:\/\/skaitytaknyga.lt\/produktas\/alexandr-ettl-suriai\/","name":"Alexandr Ettl \u201eS\u016briai\u201c","isPartOf":{"@id":"https:\/\/skaitytaknyga.lt\/#website"},"primaryImageOfPage":{"@id":"https:\/\/skaitytaknyga.lt\/produktas\/alexandr-ettl-suriai\/#primaryimage"},"image":{"@id":"https:\/\/skaitytaknyga.lt\/produktas\/alexandr-ettl-suriai\/#primaryimage"},"thumbnailUrl":"https:\/\/skaitytaknyga.lt\/wp-content\/uploads\/2024\/09\/Suriai.webp","datePublished":"2024-04-11T05:52:39+00:00","dateModified":"2025-10-28T15:19:44+00:00","description":"\u201eS\u016briai\u201c\u00a0\u2013 tai knyga skirta s\u016bri\u0173 gurmanams. \u0160i knyga prasideda pasakojimais apie s\u016bri\u0173 istorij\u0105, apie s\u016bri\u0173 gamyb\u0105, taip pat yra trumpai apib\u016bdinamos","breadcrumb":{"@id":"https:\/\/skaitytaknyga.lt\/produktas\/alexandr-ettl-suriai\/#breadcrumb"},"inLanguage":"en-GB","potentialAction":[{"@type":"ReadAction","target":["https:\/\/skaitytaknyga.lt\/produktas\/alexandr-ettl-suriai\/"]}]},{"@type":"ImageObject","inLanguage":"en-GB","@id":"https:\/\/skaitytaknyga.lt\/produktas\/alexandr-ettl-suriai\/#primaryimage","url":"https:\/\/skaitytaknyga.lt\/wp-content\/uploads\/2024\/09\/Suriai.webp","contentUrl":"https:\/\/skaitytaknyga.lt\/wp-content\/uploads\/2024\/09\/Suriai.webp","width":390,"height":565,"caption":"Alexandr Ettl \u201eS\u016briai\u201c"},{"@type":"BreadcrumbList","@id":"https:\/\/skaitytaknyga.lt\/produktas\/alexandr-ettl-suriai\/#breadcrumb","itemListElement":[{"@type":"ListItem","position":1,"name":"Home","item":"https:\/\/skaitytaknyga.lt\/"},{"@type":"ListItem","position":2,"name":"Parduotuv\u0117","item":"https:\/\/skaitytaknyga.lt\/knygu-parduotuve\/"},{"@type":"ListItem","position":3,"name":"Alexandr Ettl \u201eS\u016briai\u201c"}]},{"@type":"WebSite","@id":"https:\/\/skaitytaknyga.lt\/#website","url":"https:\/\/skaitytaknyga.lt\/","name":"skaitytaknyga.lt","description":"Skaitytaknyga.lt \u2013 tai ma\u017eas \u0161eimos verslas, kuris prasid\u0117jo nuo meil\u0117s knygoms ir siekio i\u0161gelb\u0117ti knygas nuo likimo prie konteinerio. Kas vienam nereikalingas daiktas \u2013 kitam lobis, o mes esame tarpininkai, kurie padeda abiems tapti laimingesniems ???? \u017dinome kaip nelengva i\u0161gyventi ma\u017eiems verslams, tad nuo \u0161iol, \u010dia rasite ir kit\u0173, ma\u017e\u0173 \u0161eim\u0173 versl\u0173, rank\u0173 darbo, dovan\u0173 sau ir artimiesiems.","publisher":{"@id":"https:\/\/skaitytaknyga.lt\/#organization"},"potentialAction":[{"@type":"SearchAction","target":{"@type":"EntryPoint","urlTemplate":"https:\/\/skaitytaknyga.lt\/?s={search_term_string}"},"query-input":{"@type":"PropertyValueSpecification","valueRequired":true,"valueName":"search_term_string"}}],"inLanguage":"en-GB"},{"@type":"Organization","@id":"https:\/\/skaitytaknyga.lt\/#organization","name":"skaitytaknyga.lt","url":"https:\/\/skaitytaknyga.lt\/","logo":{"@type":"ImageObject","inLanguage":"en-GB","@id":"https:\/\/skaitytaknyga.lt\/#\/schema\/logo\/image\/","url":"https:\/\/skaitytaknyga.lt\/wp-content\/uploads\/2024\/05\/cropped-cropped-cropped-02_00843_jt3bggkj1j3HLc7SyY6rEUpg.jpeg","contentUrl":"https:\/\/skaitytaknyga.lt\/wp-content\/uploads\/2024\/05\/cropped-cropped-cropped-02_00843_jt3bggkj1j3HLc7SyY6rEUpg.jpeg","width":1600,"height":1600,"caption":"skaitytaknyga.lt"},"image":{"@id":"https:\/\/skaitytaknyga.lt\/#\/schema\/logo\/image\/"},"sameAs":["https:\/\/www.facebook.com\/skaitytaknyga\/"]}]}},"_links":{"self":[{"href":"https:\/\/skaitytaknyga.lt\/en\/wp-json\/wp\/v2\/product\/13895","targetHints":{"allow":["GET"]}}],"collection":[{"href":"https:\/\/skaitytaknyga.lt\/en\/wp-json\/wp\/v2\/product"}],"about":[{"href":"https:\/\/skaitytaknyga.lt\/en\/wp-json\/wp\/v2\/types\/product"}],"replies":[{"embeddable":true,"href":"https:\/\/skaitytaknyga.lt\/en\/wp-json\/wp\/v2\/comments?post=13895"}],"wp:featuredmedia":[{"embeddable":true,"href":"https:\/\/skaitytaknyga.lt\/en\/wp-json\/wp\/v2\/media\/13913"}],"wp:attachment":[{"href":"https:\/\/skaitytaknyga.lt\/en\/wp-json\/wp\/v2\/media?parent=13895"}],"wp:term":[{"taxonomy":"product_brand","embeddable":true,"href":"https:\/\/skaitytaknyga.lt\/en\/wp-json\/wp\/v2\/product_brand?post=13895"},{"taxonomy":"product_cat","embeddable":true,"href":"https:\/\/skaitytaknyga.lt\/en\/wp-json\/wp\/v2\/product_cat?post=13895"},{"taxonomy":"product_tag","embeddable":true,"href":"https:\/\/skaitytaknyga.lt\/en\/wp-json\/wp\/v2\/product_tag?post=13895"}],"curies":[{"name":"wp","href":"https:\/\/api.w.org\/{rel}","templated":true}]}}