{"id":13883,"date":"2024-02-11T08:24:27","date_gmt":"2024-02-11T06:24:27","guid":{"rendered":"https:\/\/skaitytaknyga.lt\/?post_type=product&#038;p=13883"},"modified":"2024-09-11T08:44:20","modified_gmt":"2024-09-11T05:44:20","slug":"tomas-taskauskas-tomas-norkaitis-begalybes-fragmentai-su-defektu","status":"publish","type":"product","link":"https:\/\/skaitytaknyga.lt\/en\/produktas\/tomas-taskauskas-tomas-norkaitis-begalybes-fragmentai-su-defektu\/","title":{"rendered":"Tomas Ta\u0161kauskas, Tomas Norkaitis \u201eBegalyb\u0117s fragmentai\u201c (su defektu)"},"content":{"rendered":"<p>kartais verta<\/p>\n<p>labai labai ilgai nerasti,<\/p>\n<p>kad pagaliau rastum b\u016btent tai,<\/p>\n<p>ko i\u0161 tikro ie\u0161kojai<\/p>\n<p>\u0160ie \u017eod\u017eiai \u2013 tai gyvenimo akimirkos. \u0160ios akimirkos \u2013 tai fragmentai begalyb\u0117je. Tikime, kad \u0161iuose tekstuose atrasi tai, ko ilgiesi ar ie\u0161kai. Tai, kuo kv\u0117puoji ir k\u0105 jauti.<\/p>\n<p>Tomas Norkaitis, Tomas Ta\u0161kauskas<\/p>\n<ul class=\"about-product d-none d-xl-block mt-4\">\n<li><strong>Autorius:<\/strong>\u00a0Tomas Ta\u0161kauskas,\u00a0Tomas Norkaitis<\/li>\n<li><strong>Leid\u0117jas:<\/strong>\u00a0Alma littera<\/li>\n<li><strong>Metai:<\/strong>\u00a02016<\/li>\n<li><strong>Puslapiai:<\/strong>\u00a0216<\/li>\n<li><strong>ISBN:<\/strong>\u00a09786090126370<\/li>\n<li><strong>Versijos kodas:<\/strong>\u00a0PT.<\/li>\n<li><strong>Formatas:<\/strong>\u00a014,3 x 18,5 x 1,8 cm, kieti vir\u0161eliai<\/li>\n<li><strong>Kalba:<\/strong>\u00a0Lietuvi\u0173<\/li>\n<\/ul>\n","protected":false},"excerpt":{"rendered":"<p>kartais verta labai labai ilgai nerasti, kad pagaliau rastum b\u016btent tai, ko i\u0161 tikro ie\u0161kojai \u0160ie \u017eod\u017eiai \u2013 tai gyvenimo akimirkos. \u0160ios akimirkos \u2013 tai fragmentai begalyb\u0117je. Tikime, kad \u0161iuose tekstuose atrasi tai, ko ilgiesi ar ie\u0161kai. Tai, kuo kv\u0117puoji ir k\u0105 jauti. Tomas Norkaitis, Tomas Ta\u0161kauskas Autorius:\u00a0Tomas Ta\u0161kauskas,\u00a0Tomas Norkaitis Leid\u0117jas:\u00a0Alma littera Metai:\u00a02016 Puslapiai:\u00a0216 ISBN:\u00a09786090126370 Versijos kodas:\u00a0PT. Formatas:\u00a014,3 x 18,5 x 1,8 cm, kieti vir\u0161eliai Kalba:\u00a0Lietuvi\u0173<\/p>\n","protected":false},"featured_media":13885,"comment_status":"open","ping_status":"closed","template":"","meta":{"_acf_changed":false,"site-sidebar-layout":"default","site-content-layout":"","ast-site-content-layout":"default","site-content-style":"default","site-sidebar-style":"default","ast-global-header-display":"","ast-banner-title-visibility":"","ast-main-header-display":"","ast-hfb-above-header-display":"","ast-hfb-below-header-display":"","ast-hfb-mobile-header-display":"","site-post-title":"","ast-breadcrumbs-content":"","ast-featured-img":"","footer-sml-layout":"","ast-disable-related-posts":"","theme-transparent-header-meta":"default","adv-header-id-meta":"","stick-header-meta":"","header-above-stick-meta":"","header-main-stick-meta":"","header-below-stick-meta":"","astra-migrate-meta-layouts":"set","ast-page-background-enabled":"default","ast-page-background-meta":{"desktop":{"background-color":"","background-image":"","background-repeat":"repeat","background-position":"center center","background-size":"auto","background-attachment":"scroll","background-type":"","background-media":"","overlay-type":"","overlay-color":"","overlay-opacity":"","overlay-gradient":""},"tablet":{"background-color":"","background-image":"","background-repeat":"repeat","background-position":"center center","background-size":"auto","background-attachment":"scroll","background-type":"","background-media":"","overlay-type":"","overlay-color":"","overlay-opacity":"","overlay-gradient":""},"mobile":{"background-color":"","background-image":"","background-repeat":"repeat","background-position":"center center","background-size":"auto","background-attachment":"scroll","background-type":"","background-media":"","overlay-type":"","overlay-color":"","overlay-opacity":"","overlay-gradient":""}},"ast-content-background-meta":{"desktop":{"background-color":"var(--ast-global-color-4)","background-image":"","background-repeat":"repeat","background-position":"center center","background-size":"auto","background-attachment":"scroll","background-type":"","background-media":"","overlay-type":"","overlay-color":"","overlay-opacity":"","overlay-gradient":""},"tablet":{"background-color":"var(--ast-global-color-4)","background-image":"","background-repeat":"repeat","background-position":"center center","background-size":"auto","background-attachment":"scroll","background-type":"","background-media":"","overlay-type":"","overlay-color":"","overlay-opacity":"","overlay-gradient":""},"mobile":{"background-color":"var(--ast-global-color-4)","background-image":"","background-repeat":"repeat","background-position":"center center","background-size":"auto","background-attachment":"scroll","background-type":"","background-media":"","overlay-type":"","overlay-color":"","overlay-opacity":"","overlay-gradient":""}}},"product_brand":[],"product_cat":[15],"product_tag":[],"class_list":{"0":"post-13883","1":"product","2":"type-product","3":"status-publish","4":"has-post-thumbnail","6":"product_cat-uncategorized","7":"desktop-align-left","8":"tablet-align-left","9":"mobile-align-left","11":"first","12":"instock","13":"shipping-taxable","14":"purchasable","15":"product-type-simple"},"acf":[],"yoast_head":"<!-- This site is optimized with the Yoast SEO plugin v27.0 - https:\/\/yoast.com\/product\/yoast-seo-wordpress\/ -->\n<title>Tomas Ta\u0161kauskas, Tomas Norkaitis \u201eBegalyb\u0117s fragmentai\u201c (su defektu)<\/title>\n<meta name=\"description\" content=\"kartais verta labai labai ilgai nerasti, kad pagaliau rastum b\u016btent tai, ko i\u0161 tikro ie\u0161kojai \u0160ie \u017eod\u017eiai \u2013 tai gyvenimo akimirkos. \u0160ios akimirkos \u2013 tai\" \/>\n<meta name=\"robots\" content=\"index, follow, max-snippet:-1, max-image-preview:large, max-video-preview:-1\" \/>\n<link rel=\"canonical\" href=\"https:\/\/skaitytaknyga.lt\/en\/produktas\/tomas-taskauskas-tomas-norkaitis-begalybes-fragmentai-su-defektu\/\" \/>\n<meta property=\"og:locale\" content=\"en_GB\" \/>\n<meta property=\"og:locale:alternate\" content=\"lt_LT\" \/>\n<meta property=\"og:type\" content=\"article\" \/>\n<meta property=\"og:title\" content=\"Tomas Ta\u0161kauskas, Tomas Norkaitis \u201eBegalyb\u0117s fragmentai\u201c (su defektu)\" \/>\n<meta property=\"og:description\" content=\"kartais verta labai labai ilgai nerasti, kad pagaliau rastum b\u016btent tai, ko i\u0161 tikro ie\u0161kojai \u0160ie \u017eod\u017eiai \u2013 tai gyvenimo akimirkos. \u0160ios akimirkos \u2013 tai\" \/>\n<meta property=\"og:url\" content=\"https:\/\/skaitytaknyga.lt\/en\/produktas\/tomas-taskauskas-tomas-norkaitis-begalybes-fragmentai-su-defektu\/\" \/>\n<meta property=\"og:site_name\" content=\"Skaitytaknyga\" \/>\n<meta property=\"article:publisher\" content=\"https:\/\/www.facebook.com\/skaitytaknyga\/\" \/>\n<meta property=\"article:modified_time\" content=\"2024-09-11T05:44:20+00:00\" \/>\n<meta property=\"og:image\" content=\"https:\/\/skaitytaknyga.lt\/wp-content\/uploads\/2024\/09\/Begalybes-fragmentai.webp\" \/>\n\t<meta property=\"og:image:width\" content=\"285\" \/>\n\t<meta property=\"og:image:height\" content=\"370\" \/>\n\t<meta property=\"og:image:type\" content=\"image\/webp\" \/>\n<meta name=\"twitter:card\" content=\"summary_large_image\" \/>\n<meta name=\"twitter:label1\" content=\"Estimated reading time\" \/>\n\t<meta name=\"twitter:data1\" content=\"1 minute\" \/>\n<script type=\"application\/ld+json\" class=\"yoast-schema-graph\">{\"@context\":\"https:\/\/schema.org\",\"@graph\":[{\"@type\":\"WebPage\",\"@id\":\"https:\/\/skaitytaknyga.lt\/produktas\/tomas-taskauskas-tomas-norkaitis-begalybes-fragmentai-su-defektu\/\",\"url\":\"https:\/\/skaitytaknyga.lt\/produktas\/tomas-taskauskas-tomas-norkaitis-begalybes-fragmentai-su-defektu\/\",\"name\":\"Tomas Ta\u0161kauskas, Tomas Norkaitis \u201eBegalyb\u0117s fragmentai\u201c (su defektu)\",\"isPartOf\":{\"@id\":\"https:\/\/skaitytaknyga.lt\/#website\"},\"primaryImageOfPage\":{\"@id\":\"https:\/\/skaitytaknyga.lt\/produktas\/tomas-taskauskas-tomas-norkaitis-begalybes-fragmentai-su-defektu\/#primaryimage\"},\"image\":{\"@id\":\"https:\/\/skaitytaknyga.lt\/produktas\/tomas-taskauskas-tomas-norkaitis-begalybes-fragmentai-su-defektu\/#primaryimage\"},\"thumbnailUrl\":\"https:\/\/skaitytaknyga.lt\/wp-content\/uploads\/2024\/09\/Begalybes-fragmentai.webp\",\"datePublished\":\"2024-02-11T06:24:27+00:00\",\"dateModified\":\"2024-09-11T05:44:20+00:00\",\"description\":\"kartais verta labai labai ilgai nerasti, kad pagaliau rastum b\u016btent tai, ko i\u0161 tikro ie\u0161kojai \u0160ie \u017eod\u017eiai \u2013 tai gyvenimo akimirkos. \u0160ios akimirkos \u2013 tai\",\"breadcrumb\":{\"@id\":\"https:\/\/skaitytaknyga.lt\/produktas\/tomas-taskauskas-tomas-norkaitis-begalybes-fragmentai-su-defektu\/#breadcrumb\"},\"inLanguage\":\"en-GB\",\"potentialAction\":[{\"@type\":\"ReadAction\",\"target\":[\"https:\/\/skaitytaknyga.lt\/produktas\/tomas-taskauskas-tomas-norkaitis-begalybes-fragmentai-su-defektu\/\"]}]},{\"@type\":\"ImageObject\",\"inLanguage\":\"en-GB\",\"@id\":\"https:\/\/skaitytaknyga.lt\/produktas\/tomas-taskauskas-tomas-norkaitis-begalybes-fragmentai-su-defektu\/#primaryimage\",\"url\":\"https:\/\/skaitytaknyga.lt\/wp-content\/uploads\/2024\/09\/Begalybes-fragmentai.webp\",\"contentUrl\":\"https:\/\/skaitytaknyga.lt\/wp-content\/uploads\/2024\/09\/Begalybes-fragmentai.webp\",\"width\":285,\"height\":370,\"caption\":\"Tomas Ta\u0161kauskas, Tomas Norkaitis \u201eBegalyb\u0117s fragmentai\u201c (su defektu)\"},{\"@type\":\"BreadcrumbList\",\"@id\":\"https:\/\/skaitytaknyga.lt\/produktas\/tomas-taskauskas-tomas-norkaitis-begalybes-fragmentai-su-defektu\/#breadcrumb\",\"itemListElement\":[{\"@type\":\"ListItem\",\"position\":1,\"name\":\"Home\",\"item\":\"https:\/\/skaitytaknyga.lt\/\"},{\"@type\":\"ListItem\",\"position\":2,\"name\":\"Parduotuv\u0117\",\"item\":\"https:\/\/skaitytaknyga.lt\/knygu-parduotuve\/\"},{\"@type\":\"ListItem\",\"position\":3,\"name\":\"Tomas Ta\u0161kauskas, Tomas Norkaitis \u201eBegalyb\u0117s fragmentai\u201c (su defektu)\"}]},{\"@type\":\"WebSite\",\"@id\":\"https:\/\/skaitytaknyga.lt\/#website\",\"url\":\"https:\/\/skaitytaknyga.lt\/\",\"name\":\"skaitytaknyga.lt\",\"description\":\"Skaitytaknyga.lt \u2013 tai ma\u017eas \u0161eimos verslas, kuris prasid\u0117jo nuo meil\u0117s knygoms ir siekio i\u0161gelb\u0117ti knygas nuo likimo prie konteinerio. Kas vienam nereikalingas daiktas \u2013 kitam lobis, o mes esame tarpininkai, kurie padeda abiems tapti laimingesniems ???? \u017dinome kaip nelengva i\u0161gyventi ma\u017eiems verslams, tad nuo \u0161iol, \u010dia rasite ir kit\u0173, ma\u017e\u0173 \u0161eim\u0173 versl\u0173, rank\u0173 darbo, dovan\u0173 sau ir artimiesiems.\",\"publisher\":{\"@id\":\"https:\/\/skaitytaknyga.lt\/#organization\"},\"potentialAction\":[{\"@type\":\"SearchAction\",\"target\":{\"@type\":\"EntryPoint\",\"urlTemplate\":\"https:\/\/skaitytaknyga.lt\/?s={search_term_string}\"},\"query-input\":{\"@type\":\"PropertyValueSpecification\",\"valueRequired\":true,\"valueName\":\"search_term_string\"}}],\"inLanguage\":\"en-GB\"},{\"@type\":\"Organization\",\"@id\":\"https:\/\/skaitytaknyga.lt\/#organization\",\"name\":\"skaitytaknyga.lt\",\"url\":\"https:\/\/skaitytaknyga.lt\/\",\"logo\":{\"@type\":\"ImageObject\",\"inLanguage\":\"en-GB\",\"@id\":\"https:\/\/skaitytaknyga.lt\/#\/schema\/logo\/image\/\",\"url\":\"https:\/\/skaitytaknyga.lt\/wp-content\/uploads\/2024\/05\/cropped-cropped-cropped-02_00843_jt3bggkj1j3HLc7SyY6rEUpg.jpeg\",\"contentUrl\":\"https:\/\/skaitytaknyga.lt\/wp-content\/uploads\/2024\/05\/cropped-cropped-cropped-02_00843_jt3bggkj1j3HLc7SyY6rEUpg.jpeg\",\"width\":1600,\"height\":1600,\"caption\":\"skaitytaknyga.lt\"},\"image\":{\"@id\":\"https:\/\/skaitytaknyga.lt\/#\/schema\/logo\/image\/\"},\"sameAs\":[\"https:\/\/www.facebook.com\/skaitytaknyga\/\"]}]}<\/script>\n<!-- \/ Yoast SEO plugin. -->","yoast_head_json":{"title":"Tomas Ta\u0161kauskas, Tomas Norkaitis \u201eBegalyb\u0117s fragmentai\u201c (su defektu)","description":"kartais verta labai labai ilgai nerasti, kad pagaliau rastum b\u016btent tai, ko i\u0161 tikro ie\u0161kojai \u0160ie \u017eod\u017eiai \u2013 tai gyvenimo akimirkos. \u0160ios akimirkos \u2013 tai","robots":{"index":"index","follow":"follow","max-snippet":"max-snippet:-1","max-image-preview":"max-image-preview:large","max-video-preview":"max-video-preview:-1"},"canonical":"https:\/\/skaitytaknyga.lt\/en\/produktas\/tomas-taskauskas-tomas-norkaitis-begalybes-fragmentai-su-defektu\/","og_locale":"en_GB","og_type":"article","og_title":"[:lt]Tomas Ta\u0161kauskas, Tomas Norkaitis \u201eBegalyb\u0117s fragmentai\u201c (su defektu)[:] - Skaitytaknyga","og_description":"kartais verta labai labai ilgai nerasti, kad pagaliau rastum b\u016btent tai, ko i\u0161 tikro ie\u0161kojai \u0160ie \u017eod\u017eiai \u2013 tai gyvenimo akimirkos. \u0160ios akimirkos \u2013 tai","og_url":"https:\/\/skaitytaknyga.lt\/en\/produktas\/tomas-taskauskas-tomas-norkaitis-begalybes-fragmentai-su-defektu\/","og_site_name":"Skaitytaknyga","article_publisher":"https:\/\/www.facebook.com\/skaitytaknyga\/","article_modified_time":"2024-09-11T05:44:20+00:00","og_image":[{"width":285,"height":370,"url":"https:\/\/skaitytaknyga.lt\/wp-content\/uploads\/2024\/09\/Begalybes-fragmentai.webp","type":"image\/webp"}],"twitter_card":"summary_large_image","twitter_misc":{"Estimated reading time":"1 minute"},"schema":{"@context":"https:\/\/schema.org","@graph":[{"@type":"WebPage","@id":"https:\/\/skaitytaknyga.lt\/produktas\/tomas-taskauskas-tomas-norkaitis-begalybes-fragmentai-su-defektu\/","url":"https:\/\/skaitytaknyga.lt\/produktas\/tomas-taskauskas-tomas-norkaitis-begalybes-fragmentai-su-defektu\/","name":"Tomas Ta\u0161kauskas, Tomas Norkaitis \u201eBegalyb\u0117s fragmentai\u201c (su defektu)","isPartOf":{"@id":"https:\/\/skaitytaknyga.lt\/#website"},"primaryImageOfPage":{"@id":"https:\/\/skaitytaknyga.lt\/produktas\/tomas-taskauskas-tomas-norkaitis-begalybes-fragmentai-su-defektu\/#primaryimage"},"image":{"@id":"https:\/\/skaitytaknyga.lt\/produktas\/tomas-taskauskas-tomas-norkaitis-begalybes-fragmentai-su-defektu\/#primaryimage"},"thumbnailUrl":"https:\/\/skaitytaknyga.lt\/wp-content\/uploads\/2024\/09\/Begalybes-fragmentai.webp","datePublished":"2024-02-11T06:24:27+00:00","dateModified":"2024-09-11T05:44:20+00:00","description":"kartais verta labai labai ilgai nerasti, kad pagaliau rastum b\u016btent tai, ko i\u0161 tikro ie\u0161kojai \u0160ie \u017eod\u017eiai \u2013 tai gyvenimo akimirkos. \u0160ios akimirkos \u2013 tai","breadcrumb":{"@id":"https:\/\/skaitytaknyga.lt\/produktas\/tomas-taskauskas-tomas-norkaitis-begalybes-fragmentai-su-defektu\/#breadcrumb"},"inLanguage":"en-GB","potentialAction":[{"@type":"ReadAction","target":["https:\/\/skaitytaknyga.lt\/produktas\/tomas-taskauskas-tomas-norkaitis-begalybes-fragmentai-su-defektu\/"]}]},{"@type":"ImageObject","inLanguage":"en-GB","@id":"https:\/\/skaitytaknyga.lt\/produktas\/tomas-taskauskas-tomas-norkaitis-begalybes-fragmentai-su-defektu\/#primaryimage","url":"https:\/\/skaitytaknyga.lt\/wp-content\/uploads\/2024\/09\/Begalybes-fragmentai.webp","contentUrl":"https:\/\/skaitytaknyga.lt\/wp-content\/uploads\/2024\/09\/Begalybes-fragmentai.webp","width":285,"height":370,"caption":"Tomas Ta\u0161kauskas, Tomas Norkaitis \u201eBegalyb\u0117s fragmentai\u201c (su defektu)"},{"@type":"BreadcrumbList","@id":"https:\/\/skaitytaknyga.lt\/produktas\/tomas-taskauskas-tomas-norkaitis-begalybes-fragmentai-su-defektu\/#breadcrumb","itemListElement":[{"@type":"ListItem","position":1,"name":"Home","item":"https:\/\/skaitytaknyga.lt\/"},{"@type":"ListItem","position":2,"name":"Parduotuv\u0117","item":"https:\/\/skaitytaknyga.lt\/knygu-parduotuve\/"},{"@type":"ListItem","position":3,"name":"Tomas Ta\u0161kauskas, Tomas Norkaitis \u201eBegalyb\u0117s fragmentai\u201c (su defektu)"}]},{"@type":"WebSite","@id":"https:\/\/skaitytaknyga.lt\/#website","url":"https:\/\/skaitytaknyga.lt\/","name":"skaitytaknyga.lt","description":"Skaitytaknyga.lt \u2013 tai ma\u017eas \u0161eimos verslas, kuris prasid\u0117jo nuo meil\u0117s knygoms ir siekio i\u0161gelb\u0117ti knygas nuo likimo prie konteinerio. Kas vienam nereikalingas daiktas \u2013 kitam lobis, o mes esame tarpininkai, kurie padeda abiems tapti laimingesniems ???? \u017dinome kaip nelengva i\u0161gyventi ma\u017eiems verslams, tad nuo \u0161iol, \u010dia rasite ir kit\u0173, ma\u017e\u0173 \u0161eim\u0173 versl\u0173, rank\u0173 darbo, dovan\u0173 sau ir artimiesiems.","publisher":{"@id":"https:\/\/skaitytaknyga.lt\/#organization"},"potentialAction":[{"@type":"SearchAction","target":{"@type":"EntryPoint","urlTemplate":"https:\/\/skaitytaknyga.lt\/?s={search_term_string}"},"query-input":{"@type":"PropertyValueSpecification","valueRequired":true,"valueName":"search_term_string"}}],"inLanguage":"en-GB"},{"@type":"Organization","@id":"https:\/\/skaitytaknyga.lt\/#organization","name":"skaitytaknyga.lt","url":"https:\/\/skaitytaknyga.lt\/","logo":{"@type":"ImageObject","inLanguage":"en-GB","@id":"https:\/\/skaitytaknyga.lt\/#\/schema\/logo\/image\/","url":"https:\/\/skaitytaknyga.lt\/wp-content\/uploads\/2024\/05\/cropped-cropped-cropped-02_00843_jt3bggkj1j3HLc7SyY6rEUpg.jpeg","contentUrl":"https:\/\/skaitytaknyga.lt\/wp-content\/uploads\/2024\/05\/cropped-cropped-cropped-02_00843_jt3bggkj1j3HLc7SyY6rEUpg.jpeg","width":1600,"height":1600,"caption":"skaitytaknyga.lt"},"image":{"@id":"https:\/\/skaitytaknyga.lt\/#\/schema\/logo\/image\/"},"sameAs":["https:\/\/www.facebook.com\/skaitytaknyga\/"]}]}},"_links":{"self":[{"href":"https:\/\/skaitytaknyga.lt\/en\/wp-json\/wp\/v2\/product\/13883","targetHints":{"allow":["GET"]}}],"collection":[{"href":"https:\/\/skaitytaknyga.lt\/en\/wp-json\/wp\/v2\/product"}],"about":[{"href":"https:\/\/skaitytaknyga.lt\/en\/wp-json\/wp\/v2\/types\/product"}],"replies":[{"embeddable":true,"href":"https:\/\/skaitytaknyga.lt\/en\/wp-json\/wp\/v2\/comments?post=13883"}],"wp:featuredmedia":[{"embeddable":true,"href":"https:\/\/skaitytaknyga.lt\/en\/wp-json\/wp\/v2\/media\/13885"}],"wp:attachment":[{"href":"https:\/\/skaitytaknyga.lt\/en\/wp-json\/wp\/v2\/media?parent=13883"}],"wp:term":[{"taxonomy":"product_brand","embeddable":true,"href":"https:\/\/skaitytaknyga.lt\/en\/wp-json\/wp\/v2\/product_brand?post=13883"},{"taxonomy":"product_cat","embeddable":true,"href":"https:\/\/skaitytaknyga.lt\/en\/wp-json\/wp\/v2\/product_cat?post=13883"},{"taxonomy":"product_tag","embeddable":true,"href":"https:\/\/skaitytaknyga.lt\/en\/wp-json\/wp\/v2\/product_tag?post=13883"}],"curies":[{"name":"wp","href":"https:\/\/api.w.org\/{rel}","templated":true}]}}