{"id":13882,"date":"2024-04-11T08:24:27","date_gmt":"2024-04-11T05:24:27","guid":{"rendered":"https:\/\/skaitytaknyga.lt\/?post_type=product&#038;p=13882"},"modified":"2024-09-11T08:44:41","modified_gmt":"2024-09-11T05:44:41","slug":"dalia-smagurauskaite-madraso-deimantas","status":"publish","type":"product","link":"https:\/\/skaitytaknyga.lt\/en\/produktas\/dalia-smagurauskaite-madraso-deimantas\/","title":{"rendered":"Dalia Smagurauskait\u0117 \u201eMadraso deimantas\u201c"},"content":{"rendered":"<p>1701-ieji. Indija.<\/p>\n<p>Madraso gubernatorius Tomas Pitas \u2013 aistringas brangi\u0173j\u0173 akmen\u0173 \u017einovas. Jo uosl\u0117 vertingam grobiui tiesiog stulbinama. Tod\u0117l, vos i\u0161vyd\u0119s prekeivio D\u017eam\u010dando i\u0161 suskretusios nosin\u0117s i\u0161vyniojam\u0105 deimant\u0105, jis \u017eino: \u0161i brangenyb\u0117 verta did\u017eiausi\u0173 pinig\u0173 ir rizikos. Pitas net neabejoja: jis prival\u0105s \u012fsigyti ir slap\u010dia pargabenti deimant\u0105 \u012f Anglij\u0105. Tai taps jo turt\u0173 ir \u0161lov\u0117s garantu. Ta\u010diau gubernatorius net nenutuokia, kokias nelaimes ne\u0161a \u0161is prakeiksmo pa\u017eenklintas nereg\u0117to gro\u017eio akmuo.<\/p>\n<p>2011-ieji. Europa.<\/p>\n<p>Adel\u0117, jauna ir ry\u017etinga meno ekspert\u0117, atvyksta \u012f deimant\u0173 sostin\u0119 Antverpen\u0105 vedama vieno vienintelio tikslo: pavogti ilgus metus sl\u0117pt\u0105, legendomis apipint\u0105 brangakmen\u012f. Iki kruop\u0161\u010diai rengto plano atomazgos liko vos kelios dienos, o paskui \u2013 kartu su mylimuoju \u012f bekra\u0161t\u012f pasaul\u012f. Ta\u010diau ne viskas vyksta taip skland\u017eiai, kaip tik\u0117tasi. Iki taip trok\u0161tamo ner\u016bpestingo gyvenimo Adelei teks pereiti ugn\u012f ir vanden\u012f: jos p\u0117domis seka ne tik ker\u0161tingi bendrai, bet ir kruvina deimanto praeitis.<\/p>\n<p>\u201eSu jauduliu surijau per savaitgal\u012f!&#8221;<br \/>\nDovil\u0117 Filmanavi\u010di\u016bt\u0117<\/p>\n<ul class=\"about-product d-none d-xl-block mt-4\">\n<li><strong>Autorius:<\/strong>\u00a0Dalia Smagurauskait\u0117<\/li>\n<li><strong>Leid\u0117jas:<\/strong>\u00a0Baltos lankos<\/li>\n<li><strong>Metai:<\/strong>\u00a02019<\/li>\n<li><strong>Puslapiai:<\/strong>\u00a0240<\/li>\n<li><strong>ISBN:<\/strong>\u00a09786094791871<\/li>\n<li><strong>Versijos kodas:<\/strong>\u00a03<\/li>\n<li><strong>Formatas:<\/strong>\u00a014,5 x 21 x 0,2 cm, kieti vir\u0161eliai<\/li>\n<li><strong>Kalba:<\/strong>\u00a0Lietuvi\u0173<\/li>\n<\/ul>\n","protected":false},"excerpt":{"rendered":"<p>1701-ieji. Indija. Madraso gubernatorius Tomas Pitas \u2013 aistringas brangi\u0173j\u0173 akmen\u0173 \u017einovas. Jo uosl\u0117 vertingam grobiui tiesiog stulbinama. Tod\u0117l, vos i\u0161vyd\u0119s prekeivio D\u017eam\u010dando i\u0161 suskretusios nosin\u0117s i\u0161vyniojam\u0105 deimant\u0105, jis \u017eino: \u0161i brangenyb\u0117 verta did\u017eiausi\u0173 pinig\u0173 ir rizikos. Pitas net neabejoja: jis prival\u0105s \u012fsigyti ir slap\u010dia pargabenti deimant\u0105 \u012f Anglij\u0105. Tai taps jo turt\u0173 ir \u0161lov\u0117s garantu. Ta\u010diau gubernatorius net nenutuokia, kokias nelaimes ne\u0161a \u0161is prakeiksmo pa\u017eenklintas nereg\u0117to gro\u017eio akmuo. 2011-ieji. Europa. Adel\u0117, jauna ir ry\u017etinga meno ekspert\u0117, atvyksta \u012f deimant\u0173 sostin\u0119 Antverpen\u0105 vedama vieno vienintelio tikslo: pavogti ilgus metus sl\u0117pt\u0105, legendomis apipint\u0105 brangakmen\u012f. Iki kruop\u0161\u010diai rengto plano atomazgos liko vos kelios dienos, o paskui \u2013 kartu su mylimuoju \u012f bekra\u0161t\u012f pasaul\u012f. Ta\u010diau ne viskas vyksta taip skland\u017eiai, kaip tik\u0117tasi. Iki taip trok\u0161tamo ner\u016bpestingo gyvenimo Adelei teks pereiti ugn\u012f ir vanden\u012f: jos p\u0117domis seka ne tik ker\u0161tingi bendrai, bet ir kruvina deimanto praeitis. \u201eSu jauduliu surijau per savaitgal\u012f!&#8221; Dovil\u0117 Filmanavi\u010di\u016bt\u0117 Autorius:\u00a0Dalia Smagurauskait\u0117 Leid\u0117jas:\u00a0Baltos lankos Metai:\u00a02019 Puslapiai:\u00a0240 ISBN:\u00a09786094791871 Versijos kodas:\u00a03 Formatas:\u00a014,5 x 21 x 0,2 cm, kieti vir\u0161eliai Kalba:\u00a0Lietuvi\u0173<\/p>\n","protected":false},"featured_media":13886,"comment_status":"open","ping_status":"closed","template":"","meta":{"_acf_changed":false,"site-sidebar-layout":"default","site-content-layout":"","ast-site-content-layout":"default","site-content-style":"default","site-sidebar-style":"default","ast-global-header-display":"","ast-banner-title-visibility":"","ast-main-header-display":"","ast-hfb-above-header-display":"","ast-hfb-below-header-display":"","ast-hfb-mobile-header-display":"","site-post-title":"","ast-breadcrumbs-content":"","ast-featured-img":"","footer-sml-layout":"","ast-disable-related-posts":"","theme-transparent-header-meta":"default","adv-header-id-meta":"","stick-header-meta":"","header-above-stick-meta":"","header-main-stick-meta":"","header-below-stick-meta":"","astra-migrate-meta-layouts":"set","ast-page-background-enabled":"default","ast-page-background-meta":{"desktop":{"background-color":"","background-image":"","background-repeat":"repeat","background-position":"center center","background-size":"auto","background-attachment":"scroll","background-type":"","background-media":"","overlay-type":"","overlay-color":"","overlay-opacity":"","overlay-gradient":""},"tablet":{"background-color":"","background-image":"","background-repeat":"repeat","background-position":"center center","background-size":"auto","background-attachment":"scroll","background-type":"","background-media":"","overlay-type":"","overlay-color":"","overlay-opacity":"","overlay-gradient":""},"mobile":{"background-color":"","background-image":"","background-repeat":"repeat","background-position":"center center","background-size":"auto","background-attachment":"scroll","background-type":"","background-media":"","overlay-type":"","overlay-color":"","overlay-opacity":"","overlay-gradient":""}},"ast-content-background-meta":{"desktop":{"background-color":"var(--ast-global-color-4)","background-image":"","background-repeat":"repeat","background-position":"center center","background-size":"auto","background-attachment":"scroll","background-type":"","background-media":"","overlay-type":"","overlay-color":"","overlay-opacity":"","overlay-gradient":""},"tablet":{"background-color":"var(--ast-global-color-4)","background-image":"","background-repeat":"repeat","background-position":"center center","background-size":"auto","background-attachment":"scroll","background-type":"","background-media":"","overlay-type":"","overlay-color":"","overlay-opacity":"","overlay-gradient":""},"mobile":{"background-color":"var(--ast-global-color-4)","background-image":"","background-repeat":"repeat","background-position":"center center","background-size":"auto","background-attachment":"scroll","background-type":"","background-media":"","overlay-type":"","overlay-color":"","overlay-opacity":"","overlay-gradient":""}}},"product_brand":[],"product_cat":[31,15],"product_tag":[],"class_list":{"0":"post-13882","1":"product","2":"type-product","3":"status-publish","4":"has-post-thumbnail","6":"product_cat-grozine-literatura","7":"product_cat-uncategorized","8":"desktop-align-left","9":"tablet-align-left","10":"mobile-align-left","12":"first","13":"instock","14":"shipping-taxable","15":"purchasable","16":"product-type-simple"},"acf":[],"yoast_head":"<!-- This site is optimized with the Yoast SEO plugin v27.0 - https:\/\/yoast.com\/product\/yoast-seo-wordpress\/ -->\n<title>Dalia Smagurauskait\u0117 \u201eMadraso deimantas\u201c<\/title>\n<meta name=\"description\" content=\"1701-ieji. Indija. Madraso gubernatorius Tomas Pitas \u2013 aistringas brangi\u0173j\u0173 akmen\u0173 \u017einovas. Jo uosl\u0117 vertingam grobiui tiesiog stulbinama. Tod\u0117l, vos\" \/>\n<meta name=\"robots\" content=\"index, follow, max-snippet:-1, max-image-preview:large, max-video-preview:-1\" \/>\n<link rel=\"canonical\" href=\"https:\/\/skaitytaknyga.lt\/en\/produktas\/dalia-smagurauskaite-madraso-deimantas\/\" \/>\n<meta property=\"og:locale\" content=\"en_GB\" \/>\n<meta property=\"og:locale:alternate\" content=\"lt_LT\" \/>\n<meta property=\"og:type\" content=\"article\" \/>\n<meta property=\"og:title\" content=\"Dalia Smagurauskait\u0117 \u201eMadraso deimantas\u201c\" \/>\n<meta property=\"og:description\" content=\"1701-ieji. Indija. Madraso gubernatorius Tomas Pitas \u2013 aistringas brangi\u0173j\u0173 akmen\u0173 \u017einovas. Jo uosl\u0117 vertingam grobiui tiesiog stulbinama. Tod\u0117l, vos\" \/>\n<meta property=\"og:url\" content=\"https:\/\/skaitytaknyga.lt\/en\/produktas\/dalia-smagurauskaite-madraso-deimantas\/\" \/>\n<meta property=\"og:site_name\" content=\"Skaitytaknyga\" \/>\n<meta property=\"article:publisher\" content=\"https:\/\/www.facebook.com\/skaitytaknyga\/\" \/>\n<meta property=\"article:modified_time\" content=\"2024-09-11T05:44:41+00:00\" \/>\n<meta property=\"og:image\" content=\"https:\/\/skaitytaknyga.lt\/wp-content\/uploads\/2024\/09\/MADRASO-DEIMANTAS.webp\" \/>\n\t<meta property=\"og:image:width\" content=\"450\" \/>\n\t<meta property=\"og:image:height\" content=\"654\" \/>\n\t<meta property=\"og:image:type\" content=\"image\/webp\" \/>\n<meta name=\"twitter:card\" content=\"summary_large_image\" \/>\n<meta name=\"twitter:label1\" content=\"Estimated reading time\" \/>\n\t<meta name=\"twitter:data1\" content=\"2 minutes\" \/>\n<script type=\"application\/ld+json\" class=\"yoast-schema-graph\">{\"@context\":\"https:\/\/schema.org\",\"@graph\":[{\"@type\":\"WebPage\",\"@id\":\"https:\/\/skaitytaknyga.lt\/produktas\/dalia-smagurauskaite-madraso-deimantas\/\",\"url\":\"https:\/\/skaitytaknyga.lt\/produktas\/dalia-smagurauskaite-madraso-deimantas\/\",\"name\":\"Dalia Smagurauskait\u0117 \u201eMadraso deimantas\u201c\",\"isPartOf\":{\"@id\":\"https:\/\/skaitytaknyga.lt\/#website\"},\"primaryImageOfPage\":{\"@id\":\"https:\/\/skaitytaknyga.lt\/produktas\/dalia-smagurauskaite-madraso-deimantas\/#primaryimage\"},\"image\":{\"@id\":\"https:\/\/skaitytaknyga.lt\/produktas\/dalia-smagurauskaite-madraso-deimantas\/#primaryimage\"},\"thumbnailUrl\":\"https:\/\/skaitytaknyga.lt\/wp-content\/uploads\/2024\/09\/MADRASO-DEIMANTAS.webp\",\"datePublished\":\"2024-04-11T05:24:27+00:00\",\"dateModified\":\"2024-09-11T05:44:41+00:00\",\"description\":\"1701-ieji. Indija. Madraso gubernatorius Tomas Pitas \u2013 aistringas brangi\u0173j\u0173 akmen\u0173 \u017einovas. Jo uosl\u0117 vertingam grobiui tiesiog stulbinama. Tod\u0117l, vos\",\"breadcrumb\":{\"@id\":\"https:\/\/skaitytaknyga.lt\/produktas\/dalia-smagurauskaite-madraso-deimantas\/#breadcrumb\"},\"inLanguage\":\"en-GB\",\"potentialAction\":[{\"@type\":\"ReadAction\",\"target\":[\"https:\/\/skaitytaknyga.lt\/produktas\/dalia-smagurauskaite-madraso-deimantas\/\"]}]},{\"@type\":\"ImageObject\",\"inLanguage\":\"en-GB\",\"@id\":\"https:\/\/skaitytaknyga.lt\/produktas\/dalia-smagurauskaite-madraso-deimantas\/#primaryimage\",\"url\":\"https:\/\/skaitytaknyga.lt\/wp-content\/uploads\/2024\/09\/MADRASO-DEIMANTAS.webp\",\"contentUrl\":\"https:\/\/skaitytaknyga.lt\/wp-content\/uploads\/2024\/09\/MADRASO-DEIMANTAS.webp\",\"width\":450,\"height\":654,\"caption\":\"Dalia Smagurauskait\u0117 \u201eMadraso deimantas\u201c\"},{\"@type\":\"BreadcrumbList\",\"@id\":\"https:\/\/skaitytaknyga.lt\/produktas\/dalia-smagurauskaite-madraso-deimantas\/#breadcrumb\",\"itemListElement\":[{\"@type\":\"ListItem\",\"position\":1,\"name\":\"Home\",\"item\":\"https:\/\/skaitytaknyga.lt\/\"},{\"@type\":\"ListItem\",\"position\":2,\"name\":\"Parduotuv\u0117\",\"item\":\"https:\/\/skaitytaknyga.lt\/knygu-parduotuve\/\"},{\"@type\":\"ListItem\",\"position\":3,\"name\":\"Dalia Smagurauskait\u0117 \u201eMadraso deimantas\u201c\"}]},{\"@type\":\"WebSite\",\"@id\":\"https:\/\/skaitytaknyga.lt\/#website\",\"url\":\"https:\/\/skaitytaknyga.lt\/\",\"name\":\"skaitytaknyga.lt\",\"description\":\"Skaitytaknyga.lt \u2013 tai ma\u017eas \u0161eimos verslas, kuris prasid\u0117jo nuo meil\u0117s knygoms ir siekio i\u0161gelb\u0117ti knygas nuo likimo prie konteinerio. Kas vienam nereikalingas daiktas \u2013 kitam lobis, o mes esame tarpininkai, kurie padeda abiems tapti laimingesniems ???? \u017dinome kaip nelengva i\u0161gyventi ma\u017eiems verslams, tad nuo \u0161iol, \u010dia rasite ir kit\u0173, ma\u017e\u0173 \u0161eim\u0173 versl\u0173, rank\u0173 darbo, dovan\u0173 sau ir artimiesiems.\",\"publisher\":{\"@id\":\"https:\/\/skaitytaknyga.lt\/#organization\"},\"potentialAction\":[{\"@type\":\"SearchAction\",\"target\":{\"@type\":\"EntryPoint\",\"urlTemplate\":\"https:\/\/skaitytaknyga.lt\/?s={search_term_string}\"},\"query-input\":{\"@type\":\"PropertyValueSpecification\",\"valueRequired\":true,\"valueName\":\"search_term_string\"}}],\"inLanguage\":\"en-GB\"},{\"@type\":\"Organization\",\"@id\":\"https:\/\/skaitytaknyga.lt\/#organization\",\"name\":\"skaitytaknyga.lt\",\"url\":\"https:\/\/skaitytaknyga.lt\/\",\"logo\":{\"@type\":\"ImageObject\",\"inLanguage\":\"en-GB\",\"@id\":\"https:\/\/skaitytaknyga.lt\/#\/schema\/logo\/image\/\",\"url\":\"https:\/\/skaitytaknyga.lt\/wp-content\/uploads\/2024\/05\/cropped-cropped-cropped-02_00843_jt3bggkj1j3HLc7SyY6rEUpg.jpeg\",\"contentUrl\":\"https:\/\/skaitytaknyga.lt\/wp-content\/uploads\/2024\/05\/cropped-cropped-cropped-02_00843_jt3bggkj1j3HLc7SyY6rEUpg.jpeg\",\"width\":1600,\"height\":1600,\"caption\":\"skaitytaknyga.lt\"},\"image\":{\"@id\":\"https:\/\/skaitytaknyga.lt\/#\/schema\/logo\/image\/\"},\"sameAs\":[\"https:\/\/www.facebook.com\/skaitytaknyga\/\"]}]}<\/script>\n<!-- \/ Yoast SEO plugin. -->","yoast_head_json":{"title":"Dalia Smagurauskait\u0117 \u201eMadraso deimantas\u201c","description":"1701-ieji. Indija. Madraso gubernatorius Tomas Pitas \u2013 aistringas brangi\u0173j\u0173 akmen\u0173 \u017einovas. Jo uosl\u0117 vertingam grobiui tiesiog stulbinama. Tod\u0117l, vos","robots":{"index":"index","follow":"follow","max-snippet":"max-snippet:-1","max-image-preview":"max-image-preview:large","max-video-preview":"max-video-preview:-1"},"canonical":"https:\/\/skaitytaknyga.lt\/en\/produktas\/dalia-smagurauskaite-madraso-deimantas\/","og_locale":"en_GB","og_type":"article","og_title":"[:lt]Dalia Smagurauskait\u0117 \u201eMadraso deimantas\u201c[:] - Skaitytaknyga","og_description":"1701-ieji. Indija. Madraso gubernatorius Tomas Pitas \u2013 aistringas brangi\u0173j\u0173 akmen\u0173 \u017einovas. Jo uosl\u0117 vertingam grobiui tiesiog stulbinama. Tod\u0117l, vos","og_url":"https:\/\/skaitytaknyga.lt\/en\/produktas\/dalia-smagurauskaite-madraso-deimantas\/","og_site_name":"Skaitytaknyga","article_publisher":"https:\/\/www.facebook.com\/skaitytaknyga\/","article_modified_time":"2024-09-11T05:44:41+00:00","og_image":[{"width":450,"height":654,"url":"https:\/\/skaitytaknyga.lt\/wp-content\/uploads\/2024\/09\/MADRASO-DEIMANTAS.webp","type":"image\/webp"}],"twitter_card":"summary_large_image","twitter_misc":{"Estimated reading time":"2 minutes"},"schema":{"@context":"https:\/\/schema.org","@graph":[{"@type":"WebPage","@id":"https:\/\/skaitytaknyga.lt\/produktas\/dalia-smagurauskaite-madraso-deimantas\/","url":"https:\/\/skaitytaknyga.lt\/produktas\/dalia-smagurauskaite-madraso-deimantas\/","name":"Dalia Smagurauskait\u0117 \u201eMadraso deimantas\u201c","isPartOf":{"@id":"https:\/\/skaitytaknyga.lt\/#website"},"primaryImageOfPage":{"@id":"https:\/\/skaitytaknyga.lt\/produktas\/dalia-smagurauskaite-madraso-deimantas\/#primaryimage"},"image":{"@id":"https:\/\/skaitytaknyga.lt\/produktas\/dalia-smagurauskaite-madraso-deimantas\/#primaryimage"},"thumbnailUrl":"https:\/\/skaitytaknyga.lt\/wp-content\/uploads\/2024\/09\/MADRASO-DEIMANTAS.webp","datePublished":"2024-04-11T05:24:27+00:00","dateModified":"2024-09-11T05:44:41+00:00","description":"1701-ieji. Indija. Madraso gubernatorius Tomas Pitas \u2013 aistringas brangi\u0173j\u0173 akmen\u0173 \u017einovas. Jo uosl\u0117 vertingam grobiui tiesiog stulbinama. Tod\u0117l, vos","breadcrumb":{"@id":"https:\/\/skaitytaknyga.lt\/produktas\/dalia-smagurauskaite-madraso-deimantas\/#breadcrumb"},"inLanguage":"en-GB","potentialAction":[{"@type":"ReadAction","target":["https:\/\/skaitytaknyga.lt\/produktas\/dalia-smagurauskaite-madraso-deimantas\/"]}]},{"@type":"ImageObject","inLanguage":"en-GB","@id":"https:\/\/skaitytaknyga.lt\/produktas\/dalia-smagurauskaite-madraso-deimantas\/#primaryimage","url":"https:\/\/skaitytaknyga.lt\/wp-content\/uploads\/2024\/09\/MADRASO-DEIMANTAS.webp","contentUrl":"https:\/\/skaitytaknyga.lt\/wp-content\/uploads\/2024\/09\/MADRASO-DEIMANTAS.webp","width":450,"height":654,"caption":"Dalia Smagurauskait\u0117 \u201eMadraso deimantas\u201c"},{"@type":"BreadcrumbList","@id":"https:\/\/skaitytaknyga.lt\/produktas\/dalia-smagurauskaite-madraso-deimantas\/#breadcrumb","itemListElement":[{"@type":"ListItem","position":1,"name":"Home","item":"https:\/\/skaitytaknyga.lt\/"},{"@type":"ListItem","position":2,"name":"Parduotuv\u0117","item":"https:\/\/skaitytaknyga.lt\/knygu-parduotuve\/"},{"@type":"ListItem","position":3,"name":"Dalia Smagurauskait\u0117 \u201eMadraso deimantas\u201c"}]},{"@type":"WebSite","@id":"https:\/\/skaitytaknyga.lt\/#website","url":"https:\/\/skaitytaknyga.lt\/","name":"skaitytaknyga.lt","description":"Skaitytaknyga.lt \u2013 tai ma\u017eas \u0161eimos verslas, kuris prasid\u0117jo nuo meil\u0117s knygoms ir siekio i\u0161gelb\u0117ti knygas nuo likimo prie konteinerio. Kas vienam nereikalingas daiktas \u2013 kitam lobis, o mes esame tarpininkai, kurie padeda abiems tapti laimingesniems ???? \u017dinome kaip nelengva i\u0161gyventi ma\u017eiems verslams, tad nuo \u0161iol, \u010dia rasite ir kit\u0173, ma\u017e\u0173 \u0161eim\u0173 versl\u0173, rank\u0173 darbo, dovan\u0173 sau ir artimiesiems.","publisher":{"@id":"https:\/\/skaitytaknyga.lt\/#organization"},"potentialAction":[{"@type":"SearchAction","target":{"@type":"EntryPoint","urlTemplate":"https:\/\/skaitytaknyga.lt\/?s={search_term_string}"},"query-input":{"@type":"PropertyValueSpecification","valueRequired":true,"valueName":"search_term_string"}}],"inLanguage":"en-GB"},{"@type":"Organization","@id":"https:\/\/skaitytaknyga.lt\/#organization","name":"skaitytaknyga.lt","url":"https:\/\/skaitytaknyga.lt\/","logo":{"@type":"ImageObject","inLanguage":"en-GB","@id":"https:\/\/skaitytaknyga.lt\/#\/schema\/logo\/image\/","url":"https:\/\/skaitytaknyga.lt\/wp-content\/uploads\/2024\/05\/cropped-cropped-cropped-02_00843_jt3bggkj1j3HLc7SyY6rEUpg.jpeg","contentUrl":"https:\/\/skaitytaknyga.lt\/wp-content\/uploads\/2024\/05\/cropped-cropped-cropped-02_00843_jt3bggkj1j3HLc7SyY6rEUpg.jpeg","width":1600,"height":1600,"caption":"skaitytaknyga.lt"},"image":{"@id":"https:\/\/skaitytaknyga.lt\/#\/schema\/logo\/image\/"},"sameAs":["https:\/\/www.facebook.com\/skaitytaknyga\/"]}]}},"_links":{"self":[{"href":"https:\/\/skaitytaknyga.lt\/en\/wp-json\/wp\/v2\/product\/13882","targetHints":{"allow":["GET"]}}],"collection":[{"href":"https:\/\/skaitytaknyga.lt\/en\/wp-json\/wp\/v2\/product"}],"about":[{"href":"https:\/\/skaitytaknyga.lt\/en\/wp-json\/wp\/v2\/types\/product"}],"replies":[{"embeddable":true,"href":"https:\/\/skaitytaknyga.lt\/en\/wp-json\/wp\/v2\/comments?post=13882"}],"wp:featuredmedia":[{"embeddable":true,"href":"https:\/\/skaitytaknyga.lt\/en\/wp-json\/wp\/v2\/media\/13886"}],"wp:attachment":[{"href":"https:\/\/skaitytaknyga.lt\/en\/wp-json\/wp\/v2\/media?parent=13882"}],"wp:term":[{"taxonomy":"product_brand","embeddable":true,"href":"https:\/\/skaitytaknyga.lt\/en\/wp-json\/wp\/v2\/product_brand?post=13882"},{"taxonomy":"product_cat","embeddable":true,"href":"https:\/\/skaitytaknyga.lt\/en\/wp-json\/wp\/v2\/product_cat?post=13882"},{"taxonomy":"product_tag","embeddable":true,"href":"https:\/\/skaitytaknyga.lt\/en\/wp-json\/wp\/v2\/product_tag?post=13882"}],"curies":[{"name":"wp","href":"https:\/\/api.w.org\/{rel}","templated":true}]}}