{"id":13880,"date":"2024-09-11T08:24:27","date_gmt":"2024-09-11T05:24:27","guid":{"rendered":"https:\/\/skaitytaknyga.lt\/?post_type=product&#038;p=13880"},"modified":"2024-09-11T08:46:11","modified_gmt":"2024-09-11T05:46:11","slug":"roderick-gordon-brian-williams-tuneliai","status":"publish","type":"product","link":"https:\/\/skaitytaknyga.lt\/en\/produktas\/roderick-gordon-brian-williams-tuneliai\/","title":{"rendered":"Roderick Gordon, Brian Williams \u201eTuneliai\u201c"},"content":{"rendered":"<p>Ar kada nors pagalvojai, kad po \u017eeme egzistuoja kitas \u2013 tamsus, gr\u0117smingas, kartais pavojingas \u2013 pasaulis. Ar gali \u012fsivaizduoti, kad jame verda gyvenimas, ir niekas, visi\u0161kai niekas apie tai ne\u012ftaria? Nebijai, kad kiekviename po\u017eemyje gali sl\u0117ptis bly\u0161kiaveid\u0117 \u017emogysta, kuri persekios tave ne tik sapnuose, bet ir gimtojo miesto gatv\u0117se?<\/p>\n<p>Ar esi tikras d\u0117l artim\u0173j\u0173?<\/p>\n<p>I\u0161dr\u012fsk su Vilu kastis gilyn ir atskleisti po\u017eemi\u0173 paslaptis!<\/p>\n<p>Knyg\u0173 leid\u0117jas B. Cunninghamas, vienintelis patik\u0117j\u0119s ra\u0161ytojos J. K. Rowling talentu, surado kitus autorius, kurie para\u0161\u0117 knyg\u0105, sulaukusi\u0105 pasaulinio pripa\u017einimo \u2013 ji jau i\u0161leista 34-iose \u0161alyse, jos siu\u017eeto pagrindu bus kuriamas filmas. Knygos turinys labai dinami\u0161kas, nuspalvintas itin savitu humoru, siu\u017eete gausu netik\u0117\u010diausi\u0173 vingi\u0173, o veik\u0117jai spalvingi, gyvi ir \u012fdom\u016bs.<\/p>\n<ul class=\"about-product d-none d-xl-block mt-4\">\n<li><strong>Autorius:<\/strong>\u00a0Roderick Gordon, Brian Williams<\/li>\n<li><strong>Leid\u0117jas:<\/strong>\u00a0Alma littera<\/li>\n<li><strong>Metai:<\/strong>\u00a02008<\/li>\n<li><strong>Puslapiai:<\/strong>\u00a0384<\/li>\n<li><strong>ISBN:<\/strong>\u00a09789955380900<\/li>\n<li><strong>Formatas:<\/strong>\u00a017 x 24 cm, kieti vir\u0161eliai<\/li>\n<li><strong>Kalba:<\/strong>\u00a0Lietuvi\u0173<\/li>\n<li><strong>Vert\u0117jas:<\/strong>\u00a0Dalius Nork\u016bnas<\/li>\n<\/ul>\n","protected":false},"excerpt":{"rendered":"<p>Ar kada nors pagalvojai, kad po \u017eeme egzistuoja kitas \u2013 tamsus, gr\u0117smingas, kartais pavojingas \u2013 pasaulis. Ar gali \u012fsivaizduoti, kad jame verda gyvenimas, ir niekas, visi\u0161kai niekas apie tai ne\u012ftaria? Nebijai, kad kiekviename po\u017eemyje gali sl\u0117ptis bly\u0161kiaveid\u0117 \u017emogysta, kuri persekios tave ne tik sapnuose, bet ir gimtojo miesto gatv\u0117se? Ar esi tikras d\u0117l artim\u0173j\u0173? I\u0161dr\u012fsk su Vilu kastis gilyn ir atskleisti po\u017eemi\u0173 paslaptis! Knyg\u0173 leid\u0117jas B. Cunninghamas, vienintelis patik\u0117j\u0119s ra\u0161ytojos J. K. Rowling talentu, surado kitus autorius, kurie para\u0161\u0117 knyg\u0105, sulaukusi\u0105 pasaulinio pripa\u017einimo \u2013 ji jau i\u0161leista 34-iose \u0161alyse, jos siu\u017eeto pagrindu bus kuriamas filmas. Knygos turinys labai dinami\u0161kas, nuspalvintas itin savitu humoru, siu\u017eete gausu netik\u0117\u010diausi\u0173 vingi\u0173, o veik\u0117jai spalvingi, gyvi ir \u012fdom\u016bs. Autorius:\u00a0Roderick Gordon, Brian Williams Leid\u0117jas:\u00a0Alma littera Metai:\u00a02008 Puslapiai:\u00a0384 ISBN:\u00a09789955380900 Formatas:\u00a017 x 24 cm, kieti vir\u0161eliai Kalba:\u00a0Lietuvi\u0173 Vert\u0117jas:\u00a0Dalius Nork\u016bnas<\/p>\n","protected":false},"featured_media":13888,"comment_status":"open","ping_status":"closed","template":"","meta":{"_acf_changed":false,"site-sidebar-layout":"default","site-content-layout":"","ast-site-content-layout":"default","site-content-style":"default","site-sidebar-style":"default","ast-global-header-display":"","ast-banner-title-visibility":"","ast-main-header-display":"","ast-hfb-above-header-display":"","ast-hfb-below-header-display":"","ast-hfb-mobile-header-display":"","site-post-title":"","ast-breadcrumbs-content":"","ast-featured-img":"","footer-sml-layout":"","ast-disable-related-posts":"","theme-transparent-header-meta":"default","adv-header-id-meta":"","stick-header-meta":"","header-above-stick-meta":"","header-main-stick-meta":"","header-below-stick-meta":"","astra-migrate-meta-layouts":"set","ast-page-background-enabled":"default","ast-page-background-meta":{"desktop":{"background-color":"","background-image":"","background-repeat":"repeat","background-position":"center center","background-size":"auto","background-attachment":"scroll","background-type":"","background-media":"","overlay-type":"","overlay-color":"","overlay-opacity":"","overlay-gradient":""},"tablet":{"background-color":"","background-image":"","background-repeat":"repeat","background-position":"center center","background-size":"auto","background-attachment":"scroll","background-type":"","background-media":"","overlay-type":"","overlay-color":"","overlay-opacity":"","overlay-gradient":""},"mobile":{"background-color":"","background-image":"","background-repeat":"repeat","background-position":"center center","background-size":"auto","background-attachment":"scroll","background-type":"","background-media":"","overlay-type":"","overlay-color":"","overlay-opacity":"","overlay-gradient":""}},"ast-content-background-meta":{"desktop":{"background-color":"var(--ast-global-color-4)","background-image":"","background-repeat":"repeat","background-position":"center center","background-size":"auto","background-attachment":"scroll","background-type":"","background-media":"","overlay-type":"","overlay-color":"","overlay-opacity":"","overlay-gradient":""},"tablet":{"background-color":"var(--ast-global-color-4)","background-image":"","background-repeat":"repeat","background-position":"center center","background-size":"auto","background-attachment":"scroll","background-type":"","background-media":"","overlay-type":"","overlay-color":"","overlay-opacity":"","overlay-gradient":""},"mobile":{"background-color":"var(--ast-global-color-4)","background-image":"","background-repeat":"repeat","background-position":"center center","background-size":"auto","background-attachment":"scroll","background-type":"","background-media":"","overlay-type":"","overlay-color":"","overlay-opacity":"","overlay-gradient":""}}},"product_brand":[],"product_cat":[15,35],"product_tag":[],"class_list":{"0":"post-13880","1":"product","2":"type-product","3":"status-publish","4":"has-post-thumbnail","6":"product_cat-uncategorized","7":"product_cat-vaikams-ir-paaugliams","8":"desktop-align-left","9":"tablet-align-left","10":"mobile-align-left","12":"first","13":"instock","14":"shipping-taxable","15":"purchasable","16":"product-type-simple"},"acf":[],"yoast_head":"<!-- This site is optimized with the Yoast SEO plugin v27.0 - https:\/\/yoast.com\/product\/yoast-seo-wordpress\/ -->\n<title>Roderick Gordon, Brian Williams \u201eTuneliai\u201c<\/title>\n<meta name=\"description\" content=\"Ar kada nors pagalvojai, kad po \u017eeme egzistuoja kitas \u2013 tamsus, gr\u0117smingas, kartais pavojingas \u2013 pasaulis. Ar gali \u012fsivaizduoti, kad jame verda gyvenimas,\" \/>\n<meta name=\"robots\" content=\"index, follow, max-snippet:-1, max-image-preview:large, max-video-preview:-1\" \/>\n<link rel=\"canonical\" href=\"https:\/\/skaitytaknyga.lt\/en\/produktas\/roderick-gordon-brian-williams-tuneliai\/\" \/>\n<meta property=\"og:locale\" content=\"en_GB\" \/>\n<meta property=\"og:locale:alternate\" content=\"lt_LT\" \/>\n<meta property=\"og:type\" content=\"article\" \/>\n<meta property=\"og:title\" content=\"Roderick Gordon, Brian Williams \u201eTuneliai\u201c\" \/>\n<meta property=\"og:description\" content=\"Ar kada nors pagalvojai, kad po \u017eeme egzistuoja kitas \u2013 tamsus, gr\u0117smingas, kartais pavojingas \u2013 pasaulis. Ar gali \u012fsivaizduoti, kad jame verda gyvenimas,\" \/>\n<meta property=\"og:url\" content=\"https:\/\/skaitytaknyga.lt\/en\/produktas\/roderick-gordon-brian-williams-tuneliai\/\" \/>\n<meta property=\"og:site_name\" content=\"Skaitytaknyga\" \/>\n<meta property=\"article:publisher\" content=\"https:\/\/www.facebook.com\/skaitytaknyga\/\" \/>\n<meta property=\"article:modified_time\" content=\"2024-09-11T05:46:11+00:00\" \/>\n<meta property=\"og:image\" content=\"https:\/\/skaitytaknyga.lt\/wp-content\/uploads\/2024\/09\/Tuneliai.webp\" \/>\n\t<meta property=\"og:image:width\" content=\"533\" \/>\n\t<meta property=\"og:image:height\" content=\"800\" \/>\n\t<meta property=\"og:image:type\" content=\"image\/webp\" \/>\n<meta name=\"twitter:card\" content=\"summary_large_image\" \/>\n<meta name=\"twitter:label1\" content=\"Estimated reading time\" \/>\n\t<meta name=\"twitter:data1\" content=\"1 minute\" \/>\n<script type=\"application\/ld+json\" class=\"yoast-schema-graph\">{\"@context\":\"https:\/\/schema.org\",\"@graph\":[{\"@type\":\"WebPage\",\"@id\":\"https:\/\/skaitytaknyga.lt\/produktas\/roderick-gordon-brian-williams-tuneliai\/\",\"url\":\"https:\/\/skaitytaknyga.lt\/produktas\/roderick-gordon-brian-williams-tuneliai\/\",\"name\":\"Roderick Gordon, Brian Williams \u201eTuneliai\u201c\",\"isPartOf\":{\"@id\":\"https:\/\/skaitytaknyga.lt\/#website\"},\"primaryImageOfPage\":{\"@id\":\"https:\/\/skaitytaknyga.lt\/produktas\/roderick-gordon-brian-williams-tuneliai\/#primaryimage\"},\"image\":{\"@id\":\"https:\/\/skaitytaknyga.lt\/produktas\/roderick-gordon-brian-williams-tuneliai\/#primaryimage\"},\"thumbnailUrl\":\"https:\/\/skaitytaknyga.lt\/wp-content\/uploads\/2024\/09\/Tuneliai.webp\",\"datePublished\":\"2024-09-11T05:24:27+00:00\",\"dateModified\":\"2024-09-11T05:46:11+00:00\",\"description\":\"Ar kada nors pagalvojai, kad po \u017eeme egzistuoja kitas \u2013 tamsus, gr\u0117smingas, kartais pavojingas \u2013 pasaulis. Ar gali \u012fsivaizduoti, kad jame verda gyvenimas,\",\"breadcrumb\":{\"@id\":\"https:\/\/skaitytaknyga.lt\/produktas\/roderick-gordon-brian-williams-tuneliai\/#breadcrumb\"},\"inLanguage\":\"en-GB\",\"potentialAction\":[{\"@type\":\"ReadAction\",\"target\":[\"https:\/\/skaitytaknyga.lt\/produktas\/roderick-gordon-brian-williams-tuneliai\/\"]}]},{\"@type\":\"ImageObject\",\"inLanguage\":\"en-GB\",\"@id\":\"https:\/\/skaitytaknyga.lt\/produktas\/roderick-gordon-brian-williams-tuneliai\/#primaryimage\",\"url\":\"https:\/\/skaitytaknyga.lt\/wp-content\/uploads\/2024\/09\/Tuneliai.webp\",\"contentUrl\":\"https:\/\/skaitytaknyga.lt\/wp-content\/uploads\/2024\/09\/Tuneliai.webp\",\"width\":533,\"height\":800,\"caption\":\"Roderick Gordon, Brian Williams \u201eTuneliai\u201c\"},{\"@type\":\"BreadcrumbList\",\"@id\":\"https:\/\/skaitytaknyga.lt\/produktas\/roderick-gordon-brian-williams-tuneliai\/#breadcrumb\",\"itemListElement\":[{\"@type\":\"ListItem\",\"position\":1,\"name\":\"Home\",\"item\":\"https:\/\/skaitytaknyga.lt\/\"},{\"@type\":\"ListItem\",\"position\":2,\"name\":\"Parduotuv\u0117\",\"item\":\"https:\/\/skaitytaknyga.lt\/knygu-parduotuve\/\"},{\"@type\":\"ListItem\",\"position\":3,\"name\":\"Roderick Gordon, Brian Williams \u201eTuneliai\u201c\"}]},{\"@type\":\"WebSite\",\"@id\":\"https:\/\/skaitytaknyga.lt\/#website\",\"url\":\"https:\/\/skaitytaknyga.lt\/\",\"name\":\"skaitytaknyga.lt\",\"description\":\"Skaitytaknyga.lt \u2013 tai ma\u017eas \u0161eimos verslas, kuris prasid\u0117jo nuo meil\u0117s knygoms ir siekio i\u0161gelb\u0117ti knygas nuo likimo prie konteinerio. Kas vienam nereikalingas daiktas \u2013 kitam lobis, o mes esame tarpininkai, kurie padeda abiems tapti laimingesniems ???? \u017dinome kaip nelengva i\u0161gyventi ma\u017eiems verslams, tad nuo \u0161iol, \u010dia rasite ir kit\u0173, ma\u017e\u0173 \u0161eim\u0173 versl\u0173, rank\u0173 darbo, dovan\u0173 sau ir artimiesiems.\",\"publisher\":{\"@id\":\"https:\/\/skaitytaknyga.lt\/#organization\"},\"potentialAction\":[{\"@type\":\"SearchAction\",\"target\":{\"@type\":\"EntryPoint\",\"urlTemplate\":\"https:\/\/skaitytaknyga.lt\/?s={search_term_string}\"},\"query-input\":{\"@type\":\"PropertyValueSpecification\",\"valueRequired\":true,\"valueName\":\"search_term_string\"}}],\"inLanguage\":\"en-GB\"},{\"@type\":\"Organization\",\"@id\":\"https:\/\/skaitytaknyga.lt\/#organization\",\"name\":\"skaitytaknyga.lt\",\"url\":\"https:\/\/skaitytaknyga.lt\/\",\"logo\":{\"@type\":\"ImageObject\",\"inLanguage\":\"en-GB\",\"@id\":\"https:\/\/skaitytaknyga.lt\/#\/schema\/logo\/image\/\",\"url\":\"https:\/\/skaitytaknyga.lt\/wp-content\/uploads\/2024\/05\/cropped-cropped-cropped-02_00843_jt3bggkj1j3HLc7SyY6rEUpg.jpeg\",\"contentUrl\":\"https:\/\/skaitytaknyga.lt\/wp-content\/uploads\/2024\/05\/cropped-cropped-cropped-02_00843_jt3bggkj1j3HLc7SyY6rEUpg.jpeg\",\"width\":1600,\"height\":1600,\"caption\":\"skaitytaknyga.lt\"},\"image\":{\"@id\":\"https:\/\/skaitytaknyga.lt\/#\/schema\/logo\/image\/\"},\"sameAs\":[\"https:\/\/www.facebook.com\/skaitytaknyga\/\"]}]}<\/script>\n<!-- \/ Yoast SEO plugin. -->","yoast_head_json":{"title":"Roderick Gordon, Brian Williams \u201eTuneliai\u201c","description":"Ar kada nors pagalvojai, kad po \u017eeme egzistuoja kitas \u2013 tamsus, gr\u0117smingas, kartais pavojingas \u2013 pasaulis. Ar gali \u012fsivaizduoti, kad jame verda gyvenimas,","robots":{"index":"index","follow":"follow","max-snippet":"max-snippet:-1","max-image-preview":"max-image-preview:large","max-video-preview":"max-video-preview:-1"},"canonical":"https:\/\/skaitytaknyga.lt\/en\/produktas\/roderick-gordon-brian-williams-tuneliai\/","og_locale":"en_GB","og_type":"article","og_title":"[:lt]Roderick Gordon, Brian Williams \u201eTuneliai\u201c[:] - Skaitytaknyga","og_description":"Ar kada nors pagalvojai, kad po \u017eeme egzistuoja kitas \u2013 tamsus, gr\u0117smingas, kartais pavojingas \u2013 pasaulis. Ar gali \u012fsivaizduoti, kad jame verda gyvenimas,","og_url":"https:\/\/skaitytaknyga.lt\/en\/produktas\/roderick-gordon-brian-williams-tuneliai\/","og_site_name":"Skaitytaknyga","article_publisher":"https:\/\/www.facebook.com\/skaitytaknyga\/","article_modified_time":"2024-09-11T05:46:11+00:00","og_image":[{"width":533,"height":800,"url":"https:\/\/skaitytaknyga.lt\/wp-content\/uploads\/2024\/09\/Tuneliai.webp","type":"image\/webp"}],"twitter_card":"summary_large_image","twitter_misc":{"Estimated reading time":"1 minute"},"schema":{"@context":"https:\/\/schema.org","@graph":[{"@type":"WebPage","@id":"https:\/\/skaitytaknyga.lt\/produktas\/roderick-gordon-brian-williams-tuneliai\/","url":"https:\/\/skaitytaknyga.lt\/produktas\/roderick-gordon-brian-williams-tuneliai\/","name":"Roderick Gordon, Brian Williams \u201eTuneliai\u201c","isPartOf":{"@id":"https:\/\/skaitytaknyga.lt\/#website"},"primaryImageOfPage":{"@id":"https:\/\/skaitytaknyga.lt\/produktas\/roderick-gordon-brian-williams-tuneliai\/#primaryimage"},"image":{"@id":"https:\/\/skaitytaknyga.lt\/produktas\/roderick-gordon-brian-williams-tuneliai\/#primaryimage"},"thumbnailUrl":"https:\/\/skaitytaknyga.lt\/wp-content\/uploads\/2024\/09\/Tuneliai.webp","datePublished":"2024-09-11T05:24:27+00:00","dateModified":"2024-09-11T05:46:11+00:00","description":"Ar kada nors pagalvojai, kad po \u017eeme egzistuoja kitas \u2013 tamsus, gr\u0117smingas, kartais pavojingas \u2013 pasaulis. Ar gali \u012fsivaizduoti, kad jame verda gyvenimas,","breadcrumb":{"@id":"https:\/\/skaitytaknyga.lt\/produktas\/roderick-gordon-brian-williams-tuneliai\/#breadcrumb"},"inLanguage":"en-GB","potentialAction":[{"@type":"ReadAction","target":["https:\/\/skaitytaknyga.lt\/produktas\/roderick-gordon-brian-williams-tuneliai\/"]}]},{"@type":"ImageObject","inLanguage":"en-GB","@id":"https:\/\/skaitytaknyga.lt\/produktas\/roderick-gordon-brian-williams-tuneliai\/#primaryimage","url":"https:\/\/skaitytaknyga.lt\/wp-content\/uploads\/2024\/09\/Tuneliai.webp","contentUrl":"https:\/\/skaitytaknyga.lt\/wp-content\/uploads\/2024\/09\/Tuneliai.webp","width":533,"height":800,"caption":"Roderick Gordon, Brian Williams \u201eTuneliai\u201c"},{"@type":"BreadcrumbList","@id":"https:\/\/skaitytaknyga.lt\/produktas\/roderick-gordon-brian-williams-tuneliai\/#breadcrumb","itemListElement":[{"@type":"ListItem","position":1,"name":"Home","item":"https:\/\/skaitytaknyga.lt\/"},{"@type":"ListItem","position":2,"name":"Parduotuv\u0117","item":"https:\/\/skaitytaknyga.lt\/knygu-parduotuve\/"},{"@type":"ListItem","position":3,"name":"Roderick Gordon, Brian Williams \u201eTuneliai\u201c"}]},{"@type":"WebSite","@id":"https:\/\/skaitytaknyga.lt\/#website","url":"https:\/\/skaitytaknyga.lt\/","name":"skaitytaknyga.lt","description":"Skaitytaknyga.lt \u2013 tai ma\u017eas \u0161eimos verslas, kuris prasid\u0117jo nuo meil\u0117s knygoms ir siekio i\u0161gelb\u0117ti knygas nuo likimo prie konteinerio. Kas vienam nereikalingas daiktas \u2013 kitam lobis, o mes esame tarpininkai, kurie padeda abiems tapti laimingesniems ???? \u017dinome kaip nelengva i\u0161gyventi ma\u017eiems verslams, tad nuo \u0161iol, \u010dia rasite ir kit\u0173, ma\u017e\u0173 \u0161eim\u0173 versl\u0173, rank\u0173 darbo, dovan\u0173 sau ir artimiesiems.","publisher":{"@id":"https:\/\/skaitytaknyga.lt\/#organization"},"potentialAction":[{"@type":"SearchAction","target":{"@type":"EntryPoint","urlTemplate":"https:\/\/skaitytaknyga.lt\/?s={search_term_string}"},"query-input":{"@type":"PropertyValueSpecification","valueRequired":true,"valueName":"search_term_string"}}],"inLanguage":"en-GB"},{"@type":"Organization","@id":"https:\/\/skaitytaknyga.lt\/#organization","name":"skaitytaknyga.lt","url":"https:\/\/skaitytaknyga.lt\/","logo":{"@type":"ImageObject","inLanguage":"en-GB","@id":"https:\/\/skaitytaknyga.lt\/#\/schema\/logo\/image\/","url":"https:\/\/skaitytaknyga.lt\/wp-content\/uploads\/2024\/05\/cropped-cropped-cropped-02_00843_jt3bggkj1j3HLc7SyY6rEUpg.jpeg","contentUrl":"https:\/\/skaitytaknyga.lt\/wp-content\/uploads\/2024\/05\/cropped-cropped-cropped-02_00843_jt3bggkj1j3HLc7SyY6rEUpg.jpeg","width":1600,"height":1600,"caption":"skaitytaknyga.lt"},"image":{"@id":"https:\/\/skaitytaknyga.lt\/#\/schema\/logo\/image\/"},"sameAs":["https:\/\/www.facebook.com\/skaitytaknyga\/"]}]}},"_links":{"self":[{"href":"https:\/\/skaitytaknyga.lt\/en\/wp-json\/wp\/v2\/product\/13880","targetHints":{"allow":["GET"]}}],"collection":[{"href":"https:\/\/skaitytaknyga.lt\/en\/wp-json\/wp\/v2\/product"}],"about":[{"href":"https:\/\/skaitytaknyga.lt\/en\/wp-json\/wp\/v2\/types\/product"}],"replies":[{"embeddable":true,"href":"https:\/\/skaitytaknyga.lt\/en\/wp-json\/wp\/v2\/comments?post=13880"}],"wp:featuredmedia":[{"embeddable":true,"href":"https:\/\/skaitytaknyga.lt\/en\/wp-json\/wp\/v2\/media\/13888"}],"wp:attachment":[{"href":"https:\/\/skaitytaknyga.lt\/en\/wp-json\/wp\/v2\/media?parent=13880"}],"wp:term":[{"taxonomy":"product_brand","embeddable":true,"href":"https:\/\/skaitytaknyga.lt\/en\/wp-json\/wp\/v2\/product_brand?post=13880"},{"taxonomy":"product_cat","embeddable":true,"href":"https:\/\/skaitytaknyga.lt\/en\/wp-json\/wp\/v2\/product_cat?post=13880"},{"taxonomy":"product_tag","embeddable":true,"href":"https:\/\/skaitytaknyga.lt\/en\/wp-json\/wp\/v2\/product_tag?post=13880"}],"curies":[{"name":"wp","href":"https:\/\/api.w.org\/{rel}","templated":true}]}}