{"id":13879,"date":"2024-09-11T08:24:27","date_gmt":"2024-09-11T05:24:27","guid":{"rendered":"https:\/\/skaitytaknyga.lt\/?post_type=product&#038;p=13879"},"modified":"2025-05-19T11:02:58","modified_gmt":"2025-05-19T08:02:58","slug":"jeffrey-zaslow-randy-pausch-paskutine-paskaita","status":"publish","type":"product","link":"https:\/\/skaitytaknyga.lt\/en\/produktas\/jeffrey-zaslow-randy-pausch-paskutine-paskaita\/","title":{"rendered":"Paskutin\u0117 paskaita"},"content":{"rendered":"<p>Negalime pakeisti t\u0173 kort\u0173, kurias mums i\u0161dalija, galime tik pakeisti \u017eaidimo taktik\u0105.<\/p>\n<p><em>Randy Pausch<\/em><\/p>\n<p>Daug profesori\u0173 skaito paskaitas, pavadintas \u201ePaskutin\u0117 paskaita&#8221;. Galb\u016bt net esate vienoje toki\u0173 buv\u0119.<\/p>\n<p>Tai tapo gana da\u017enu rei\u0161kiniu koled\u017euose. Profesori\u0173 pra\u0161oma pagalvoti apie savo mirt\u012f ir apm\u0105styti, kas jiems svarbiausia. Ir kol jie kalba, auditorija galvoja vien\u0105 ir t\u0105 pat\u012f: k\u0105 i\u0161mintinga pasakytume pasauliui, jei \u017einotume, kad tai paskutin\u0117 m\u016bs\u0173 galimyb\u0117? Jei tur\u0117tume i\u0161nykti ryt, k\u0105 nor\u0117tume po sav\u0119s palikti?<\/p>\n<p>Kai Rend\u017eio Pau\u010do, Karnegio Melono universiteto kompiuterini\u0173 moksl\u0173 profesoriaus, papra\u0161\u0117 paskaityti toki\u0105 paskait\u0105, jam net nereik\u0117jo \u012fsivaizduoti, kad tai jo paskutin\u0117 paskaita, nes jam k\u0105 tik buvo diagnozuota paskutin\u0117 v\u0117\u017eio stadija. Ta\u010diau jo paskaita \u201e\u012egyvendinant savo vaikyst\u0117s svajones&#8221; ne apie mirt\u012f. Per paskait\u0105 Rendis Pau\u010das kalb\u0117jo apie tai, kaip svarbu nugal\u0117ti sunkumus, pad\u0117ti kitiems \u012fgyvendinti savo svajones, pasinaudoti kiekviena galimybe (nes&#8230; \u201eLaikas yra viskas, k\u0105 turite. Ta\u010diau vien\u0105 dien\u0105 galite suvokti, kad jo turite ma\u017eiau, nei jums atrod\u0117.&#8221;). Ta paskaita buvo tarsi apibendrinimas visko, kuo Rendis tik\u0117jo. Ji buvo apie gyvenim\u0105.<\/p>\n<p>\u0160ioje knygoje Randis Pau\u010das suderino humor\u0105, \u012fkv\u0117pim\u0105 ir sumanum\u0105 ir kaip tik d\u0117l to jo paskaita tapo nepaprasta ir nepamir\u0161tama. Tai knyga, kuria dalinsis ateities kartos.<\/p>\n<ul class=\"about-product d-none d-xl-block mt-4\">\n<li><strong>Originalus pavadinimas:<\/strong>\u00a0The Last Lecture<\/li>\n<li><strong>Autorius:<\/strong>\u00a0Jeffrey Zaslow,\u00a0Randy Pausch<\/li>\n<li><strong>Leid\u0117jas:<\/strong>\u00a0Alma littera<\/li>\n<li><strong>Metai:<\/strong>\u00a02009<\/li>\n<li><strong>Puslapiai:<\/strong>\u00a0208<\/li>\n<li><strong>ISBN-10:<\/strong>\u00a09955384786<\/li>\n<li><strong>ISBN-13:<\/strong>\u00a09789955384786<\/li>\n<li><strong>Versijos kodas:<\/strong>\u00a0PT.<\/li>\n<li><strong>Formatas:<\/strong>\u00a013,7 x 18,8 x 2,6 cm, kieti vir\u0161eliai<\/li>\n<li><strong>Kalba:<\/strong>\u00a0Lietuvi\u0173<\/li>\n<li><strong>Vert\u0117jas:<\/strong>\u00a0Alina Dailid\u0117nait\u0117<\/li>\n<\/ul>\n","protected":false},"excerpt":{"rendered":"<p>Negalime pakeisti t\u0173 kort\u0173, kurias mums i\u0161dalija, galime tik pakeisti \u017eaidimo taktik\u0105. Randy Pausch Daug profesori\u0173 skaito paskaitas, pavadintas \u201ePaskutin\u0117 paskaita&#8221;. Galb\u016bt net esate vienoje toki\u0173 buv\u0119. Tai tapo gana da\u017enu rei\u0161kiniu koled\u017euose. Profesori\u0173 pra\u0161oma pagalvoti apie savo mirt\u012f ir apm\u0105styti, kas jiems svarbiausia. Ir kol jie kalba, auditorija galvoja vien\u0105 ir t\u0105 pat\u012f: k\u0105 i\u0161mintinga pasakytume pasauliui, jei \u017einotume, kad tai paskutin\u0117 m\u016bs\u0173 galimyb\u0117? Jei tur\u0117tume i\u0161nykti ryt, k\u0105 nor\u0117tume po sav\u0119s palikti? Kai Rend\u017eio Pau\u010do, Karnegio Melono universiteto kompiuterini\u0173 moksl\u0173 profesoriaus, papra\u0161\u0117 paskaityti toki\u0105 paskait\u0105, jam net nereik\u0117jo \u012fsivaizduoti, kad tai jo paskutin\u0117 paskaita, nes jam k\u0105 tik buvo diagnozuota paskutin\u0117 v\u0117\u017eio stadija. Ta\u010diau jo paskaita \u201e\u012egyvendinant savo vaikyst\u0117s svajones&#8221; ne apie mirt\u012f. Per paskait\u0105 Rendis Pau\u010das kalb\u0117jo apie tai, kaip svarbu nugal\u0117ti sunkumus, pad\u0117ti kitiems \u012fgyvendinti savo svajones, pasinaudoti kiekviena galimybe (nes&#8230; \u201eLaikas yra viskas, k\u0105 turite. Ta\u010diau vien\u0105 dien\u0105 galite suvokti, kad jo turite ma\u017eiau, nei jums atrod\u0117.&#8221;). Ta paskaita buvo tarsi apibendrinimas visko, kuo Rendis tik\u0117jo. Ji buvo apie gyvenim\u0105. \u0160ioje knygoje Randis Pau\u010das suderino humor\u0105, \u012fkv\u0117pim\u0105 ir sumanum\u0105 ir kaip tik d\u0117l to jo paskaita tapo nepaprasta ir nepamir\u0161tama. Tai knyga, kuria dalinsis ateities kartos. Originalus pavadinimas:\u00a0The Last Lecture Autorius:\u00a0Jeffrey Zaslow,\u00a0Randy Pausch Leid\u0117jas:\u00a0Alma littera Metai:\u00a02009 Puslapiai:\u00a0208 ISBN-10:\u00a09955384786 ISBN-13:\u00a09789955384786 Versijos kodas:\u00a0PT. Formatas:\u00a013,7 x 18,8 x 2,6 cm, kieti vir\u0161eliai Kalba:\u00a0Lietuvi\u0173 Vert\u0117jas:\u00a0Alina Dailid\u0117nait\u0117<\/p>\n","protected":false},"featured_media":13889,"comment_status":"open","ping_status":"closed","template":"","meta":{"_acf_changed":false,"site-sidebar-layout":"default","site-content-layout":"","ast-site-content-layout":"default","site-content-style":"default","site-sidebar-style":"default","ast-global-header-display":"","ast-banner-title-visibility":"","ast-main-header-display":"","ast-hfb-above-header-display":"","ast-hfb-below-header-display":"","ast-hfb-mobile-header-display":"","site-post-title":"","ast-breadcrumbs-content":"","ast-featured-img":"","footer-sml-layout":"","ast-disable-related-posts":"","theme-transparent-header-meta":"default","adv-header-id-meta":"","stick-header-meta":"","header-above-stick-meta":"","header-main-stick-meta":"","header-below-stick-meta":"","astra-migrate-meta-layouts":"set","ast-page-background-enabled":"default","ast-page-background-meta":{"desktop":{"background-color":"","background-image":"","background-repeat":"repeat","background-position":"center center","background-size":"auto","background-attachment":"scroll","background-type":"","background-media":"","overlay-type":"","overlay-color":"","overlay-opacity":"","overlay-gradient":""},"tablet":{"background-color":"","background-image":"","background-repeat":"repeat","background-position":"center center","background-size":"auto","background-attachment":"scroll","background-type":"","background-media":"","overlay-type":"","overlay-color":"","overlay-opacity":"","overlay-gradient":""},"mobile":{"background-color":"","background-image":"","background-repeat":"repeat","background-position":"center center","background-size":"auto","background-attachment":"scroll","background-type":"","background-media":"","overlay-type":"","overlay-color":"","overlay-opacity":"","overlay-gradient":""}},"ast-content-background-meta":{"desktop":{"background-color":"var(--ast-global-color-4)","background-image":"","background-repeat":"repeat","background-position":"center center","background-size":"auto","background-attachment":"scroll","background-type":"","background-media":"","overlay-type":"","overlay-color":"","overlay-opacity":"","overlay-gradient":""},"tablet":{"background-color":"var(--ast-global-color-4)","background-image":"","background-repeat":"repeat","background-position":"center center","background-size":"auto","background-attachment":"scroll","background-type":"","background-media":"","overlay-type":"","overlay-color":"","overlay-opacity":"","overlay-gradient":""},"mobile":{"background-color":"var(--ast-global-color-4)","background-image":"","background-repeat":"repeat","background-position":"center center","background-size":"auto","background-attachment":"scroll","background-type":"","background-media":"","overlay-type":"","overlay-color":"","overlay-opacity":"","overlay-gradient":""}}},"product_brand":[],"product_cat":[15,165],"product_tag":[1380,2069,1745],"class_list":{"0":"post-13879","1":"product","2":"type-product","3":"status-publish","4":"has-post-thumbnail","6":"product_cat-uncategorized","7":"product_cat-religija-filosofija-ir-ezoterika","8":"product_tag-belinda-alexandra","9":"product_tag-istorinis-romanas","10":"product_tag-romanas","11":"desktop-align-left","12":"tablet-align-left","13":"mobile-align-left","15":"first","16":"instock","17":"shipping-taxable","18":"purchasable","19":"product-type-simple"},"acf":[],"yoast_head":"<!-- This site is optimized with the Yoast SEO plugin v27.0 - https:\/\/yoast.com\/product\/yoast-seo-wordpress\/ -->\n<title>Paskutin\u0117 paskaita<\/title>\n<meta name=\"description\" content=\"Negalime pakeisti t\u0173 kort\u0173, kurias mums i\u0161dalija, galime tik pakeisti \u017eaidimo taktik\u0105. Randy Pausch Daug profesori\u0173 skaito paskaitas, pavadintas\" \/>\n<meta name=\"robots\" content=\"index, follow, max-snippet:-1, max-image-preview:large, max-video-preview:-1\" \/>\n<link rel=\"canonical\" href=\"https:\/\/skaitytaknyga.lt\/en\/produktas\/jeffrey-zaslow-randy-pausch-paskutine-paskaita\/\" \/>\n<meta property=\"og:locale\" content=\"en_GB\" \/>\n<meta property=\"og:locale:alternate\" content=\"lt_LT\" \/>\n<meta property=\"og:type\" content=\"article\" \/>\n<meta property=\"og:title\" content=\"Paskutin\u0117 paskaita\" \/>\n<meta property=\"og:description\" content=\"Negalime pakeisti t\u0173 kort\u0173, kurias mums i\u0161dalija, galime tik pakeisti \u017eaidimo taktik\u0105. Randy Pausch Daug profesori\u0173 skaito paskaitas, pavadintas\" \/>\n<meta property=\"og:url\" content=\"https:\/\/skaitytaknyga.lt\/en\/produktas\/jeffrey-zaslow-randy-pausch-paskutine-paskaita\/\" \/>\n<meta property=\"og:site_name\" content=\"Skaitytaknyga\" \/>\n<meta property=\"article:publisher\" content=\"https:\/\/www.facebook.com\/skaitytaknyga\/\" \/>\n<meta property=\"article:modified_time\" content=\"2025-05-19T08:02:58+00:00\" \/>\n<meta property=\"og:image\" content=\"https:\/\/skaitytaknyga.lt\/wp-content\/uploads\/2024\/09\/Paskutine-paskaita.webp\" \/>\n\t<meta property=\"og:image:width\" content=\"421\" \/>\n\t<meta property=\"og:image:height\" content=\"584\" \/>\n\t<meta property=\"og:image:type\" content=\"image\/webp\" \/>\n<meta name=\"twitter:card\" content=\"summary_large_image\" \/>\n<meta name=\"twitter:label1\" content=\"Estimated reading time\" \/>\n\t<meta name=\"twitter:data1\" content=\"2 minutes\" \/>\n<script type=\"application\/ld+json\" class=\"yoast-schema-graph\">{\"@context\":\"https:\/\/schema.org\",\"@graph\":[{\"@type\":\"WebPage\",\"@id\":\"https:\/\/skaitytaknyga.lt\/produktas\/jeffrey-zaslow-randy-pausch-paskutine-paskaita\/\",\"url\":\"https:\/\/skaitytaknyga.lt\/produktas\/jeffrey-zaslow-randy-pausch-paskutine-paskaita\/\",\"name\":\"Paskutin\u0117 paskaita\",\"isPartOf\":{\"@id\":\"https:\/\/skaitytaknyga.lt\/#website\"},\"primaryImageOfPage\":{\"@id\":\"https:\/\/skaitytaknyga.lt\/produktas\/jeffrey-zaslow-randy-pausch-paskutine-paskaita\/#primaryimage\"},\"image\":{\"@id\":\"https:\/\/skaitytaknyga.lt\/produktas\/jeffrey-zaslow-randy-pausch-paskutine-paskaita\/#primaryimage\"},\"thumbnailUrl\":\"https:\/\/skaitytaknyga.lt\/wp-content\/uploads\/2024\/09\/Paskutine-paskaita.webp\",\"datePublished\":\"2024-09-11T05:24:27+00:00\",\"dateModified\":\"2025-05-19T08:02:58+00:00\",\"description\":\"Negalime pakeisti t\u0173 kort\u0173, kurias mums i\u0161dalija, galime tik pakeisti \u017eaidimo taktik\u0105. Randy Pausch Daug profesori\u0173 skaito paskaitas, pavadintas\",\"breadcrumb\":{\"@id\":\"https:\/\/skaitytaknyga.lt\/produktas\/jeffrey-zaslow-randy-pausch-paskutine-paskaita\/#breadcrumb\"},\"inLanguage\":\"en-GB\",\"potentialAction\":[{\"@type\":\"ReadAction\",\"target\":[\"https:\/\/skaitytaknyga.lt\/produktas\/jeffrey-zaslow-randy-pausch-paskutine-paskaita\/\"]}]},{\"@type\":\"ImageObject\",\"inLanguage\":\"en-GB\",\"@id\":\"https:\/\/skaitytaknyga.lt\/produktas\/jeffrey-zaslow-randy-pausch-paskutine-paskaita\/#primaryimage\",\"url\":\"https:\/\/skaitytaknyga.lt\/wp-content\/uploads\/2024\/09\/Paskutine-paskaita.webp\",\"contentUrl\":\"https:\/\/skaitytaknyga.lt\/wp-content\/uploads\/2024\/09\/Paskutine-paskaita.webp\",\"width\":421,\"height\":584,\"caption\":\"Paskutin\u0117 paskaita\"},{\"@type\":\"BreadcrumbList\",\"@id\":\"https:\/\/skaitytaknyga.lt\/produktas\/jeffrey-zaslow-randy-pausch-paskutine-paskaita\/#breadcrumb\",\"itemListElement\":[{\"@type\":\"ListItem\",\"position\":1,\"name\":\"Home\",\"item\":\"https:\/\/skaitytaknyga.lt\/\"},{\"@type\":\"ListItem\",\"position\":2,\"name\":\"Parduotuv\u0117\",\"item\":\"https:\/\/skaitytaknyga.lt\/knygu-parduotuve\/\"},{\"@type\":\"ListItem\",\"position\":3,\"name\":\"Paskutin\u0117 paskaita\"}]},{\"@type\":\"WebSite\",\"@id\":\"https:\/\/skaitytaknyga.lt\/#website\",\"url\":\"https:\/\/skaitytaknyga.lt\/\",\"name\":\"skaitytaknyga.lt\",\"description\":\"Skaitytaknyga.lt \u2013 tai ma\u017eas \u0161eimos verslas, kuris prasid\u0117jo nuo meil\u0117s knygoms ir siekio i\u0161gelb\u0117ti knygas nuo likimo prie konteinerio. Kas vienam nereikalingas daiktas \u2013 kitam lobis, o mes esame tarpininkai, kurie padeda abiems tapti laimingesniems ???? \u017dinome kaip nelengva i\u0161gyventi ma\u017eiems verslams, tad nuo \u0161iol, \u010dia rasite ir kit\u0173, ma\u017e\u0173 \u0161eim\u0173 versl\u0173, rank\u0173 darbo, dovan\u0173 sau ir artimiesiems.\",\"publisher\":{\"@id\":\"https:\/\/skaitytaknyga.lt\/#organization\"},\"potentialAction\":[{\"@type\":\"SearchAction\",\"target\":{\"@type\":\"EntryPoint\",\"urlTemplate\":\"https:\/\/skaitytaknyga.lt\/?s={search_term_string}\"},\"query-input\":{\"@type\":\"PropertyValueSpecification\",\"valueRequired\":true,\"valueName\":\"search_term_string\"}}],\"inLanguage\":\"en-GB\"},{\"@type\":\"Organization\",\"@id\":\"https:\/\/skaitytaknyga.lt\/#organization\",\"name\":\"skaitytaknyga.lt\",\"url\":\"https:\/\/skaitytaknyga.lt\/\",\"logo\":{\"@type\":\"ImageObject\",\"inLanguage\":\"en-GB\",\"@id\":\"https:\/\/skaitytaknyga.lt\/#\/schema\/logo\/image\/\",\"url\":\"https:\/\/skaitytaknyga.lt\/wp-content\/uploads\/2024\/05\/cropped-cropped-cropped-02_00843_jt3bggkj1j3HLc7SyY6rEUpg.jpeg\",\"contentUrl\":\"https:\/\/skaitytaknyga.lt\/wp-content\/uploads\/2024\/05\/cropped-cropped-cropped-02_00843_jt3bggkj1j3HLc7SyY6rEUpg.jpeg\",\"width\":1600,\"height\":1600,\"caption\":\"skaitytaknyga.lt\"},\"image\":{\"@id\":\"https:\/\/skaitytaknyga.lt\/#\/schema\/logo\/image\/\"},\"sameAs\":[\"https:\/\/www.facebook.com\/skaitytaknyga\/\"]}]}<\/script>\n<!-- \/ Yoast SEO plugin. -->","yoast_head_json":{"title":"Paskutin\u0117 paskaita","description":"Negalime pakeisti t\u0173 kort\u0173, kurias mums i\u0161dalija, galime tik pakeisti \u017eaidimo taktik\u0105. Randy Pausch Daug profesori\u0173 skaito paskaitas, pavadintas","robots":{"index":"index","follow":"follow","max-snippet":"max-snippet:-1","max-image-preview":"max-image-preview:large","max-video-preview":"max-video-preview:-1"},"canonical":"https:\/\/skaitytaknyga.lt\/en\/produktas\/jeffrey-zaslow-randy-pausch-paskutine-paskaita\/","og_locale":"en_GB","og_type":"article","og_title":"[:lt]Paskutin\u0117 paskaita[:] - Skaitytaknyga","og_description":"Negalime pakeisti t\u0173 kort\u0173, kurias mums i\u0161dalija, galime tik pakeisti \u017eaidimo taktik\u0105. Randy Pausch Daug profesori\u0173 skaito paskaitas, pavadintas","og_url":"https:\/\/skaitytaknyga.lt\/en\/produktas\/jeffrey-zaslow-randy-pausch-paskutine-paskaita\/","og_site_name":"Skaitytaknyga","article_publisher":"https:\/\/www.facebook.com\/skaitytaknyga\/","article_modified_time":"2025-05-19T08:02:58+00:00","og_image":[{"width":421,"height":584,"url":"https:\/\/skaitytaknyga.lt\/wp-content\/uploads\/2024\/09\/Paskutine-paskaita.webp","type":"image\/webp"}],"twitter_card":"summary_large_image","twitter_misc":{"Estimated reading time":"2 minutes"},"schema":{"@context":"https:\/\/schema.org","@graph":[{"@type":"WebPage","@id":"https:\/\/skaitytaknyga.lt\/produktas\/jeffrey-zaslow-randy-pausch-paskutine-paskaita\/","url":"https:\/\/skaitytaknyga.lt\/produktas\/jeffrey-zaslow-randy-pausch-paskutine-paskaita\/","name":"Paskutin\u0117 paskaita","isPartOf":{"@id":"https:\/\/skaitytaknyga.lt\/#website"},"primaryImageOfPage":{"@id":"https:\/\/skaitytaknyga.lt\/produktas\/jeffrey-zaslow-randy-pausch-paskutine-paskaita\/#primaryimage"},"image":{"@id":"https:\/\/skaitytaknyga.lt\/produktas\/jeffrey-zaslow-randy-pausch-paskutine-paskaita\/#primaryimage"},"thumbnailUrl":"https:\/\/skaitytaknyga.lt\/wp-content\/uploads\/2024\/09\/Paskutine-paskaita.webp","datePublished":"2024-09-11T05:24:27+00:00","dateModified":"2025-05-19T08:02:58+00:00","description":"Negalime pakeisti t\u0173 kort\u0173, kurias mums i\u0161dalija, galime tik pakeisti \u017eaidimo taktik\u0105. Randy Pausch Daug profesori\u0173 skaito paskaitas, pavadintas","breadcrumb":{"@id":"https:\/\/skaitytaknyga.lt\/produktas\/jeffrey-zaslow-randy-pausch-paskutine-paskaita\/#breadcrumb"},"inLanguage":"en-GB","potentialAction":[{"@type":"ReadAction","target":["https:\/\/skaitytaknyga.lt\/produktas\/jeffrey-zaslow-randy-pausch-paskutine-paskaita\/"]}]},{"@type":"ImageObject","inLanguage":"en-GB","@id":"https:\/\/skaitytaknyga.lt\/produktas\/jeffrey-zaslow-randy-pausch-paskutine-paskaita\/#primaryimage","url":"https:\/\/skaitytaknyga.lt\/wp-content\/uploads\/2024\/09\/Paskutine-paskaita.webp","contentUrl":"https:\/\/skaitytaknyga.lt\/wp-content\/uploads\/2024\/09\/Paskutine-paskaita.webp","width":421,"height":584,"caption":"Paskutin\u0117 paskaita"},{"@type":"BreadcrumbList","@id":"https:\/\/skaitytaknyga.lt\/produktas\/jeffrey-zaslow-randy-pausch-paskutine-paskaita\/#breadcrumb","itemListElement":[{"@type":"ListItem","position":1,"name":"Home","item":"https:\/\/skaitytaknyga.lt\/"},{"@type":"ListItem","position":2,"name":"Parduotuv\u0117","item":"https:\/\/skaitytaknyga.lt\/knygu-parduotuve\/"},{"@type":"ListItem","position":3,"name":"Paskutin\u0117 paskaita"}]},{"@type":"WebSite","@id":"https:\/\/skaitytaknyga.lt\/#website","url":"https:\/\/skaitytaknyga.lt\/","name":"skaitytaknyga.lt","description":"Skaitytaknyga.lt \u2013 tai ma\u017eas \u0161eimos verslas, kuris prasid\u0117jo nuo meil\u0117s knygoms ir siekio i\u0161gelb\u0117ti knygas nuo likimo prie konteinerio. Kas vienam nereikalingas daiktas \u2013 kitam lobis, o mes esame tarpininkai, kurie padeda abiems tapti laimingesniems ???? \u017dinome kaip nelengva i\u0161gyventi ma\u017eiems verslams, tad nuo \u0161iol, \u010dia rasite ir kit\u0173, ma\u017e\u0173 \u0161eim\u0173 versl\u0173, rank\u0173 darbo, dovan\u0173 sau ir artimiesiems.","publisher":{"@id":"https:\/\/skaitytaknyga.lt\/#organization"},"potentialAction":[{"@type":"SearchAction","target":{"@type":"EntryPoint","urlTemplate":"https:\/\/skaitytaknyga.lt\/?s={search_term_string}"},"query-input":{"@type":"PropertyValueSpecification","valueRequired":true,"valueName":"search_term_string"}}],"inLanguage":"en-GB"},{"@type":"Organization","@id":"https:\/\/skaitytaknyga.lt\/#organization","name":"skaitytaknyga.lt","url":"https:\/\/skaitytaknyga.lt\/","logo":{"@type":"ImageObject","inLanguage":"en-GB","@id":"https:\/\/skaitytaknyga.lt\/#\/schema\/logo\/image\/","url":"https:\/\/skaitytaknyga.lt\/wp-content\/uploads\/2024\/05\/cropped-cropped-cropped-02_00843_jt3bggkj1j3HLc7SyY6rEUpg.jpeg","contentUrl":"https:\/\/skaitytaknyga.lt\/wp-content\/uploads\/2024\/05\/cropped-cropped-cropped-02_00843_jt3bggkj1j3HLc7SyY6rEUpg.jpeg","width":1600,"height":1600,"caption":"skaitytaknyga.lt"},"image":{"@id":"https:\/\/skaitytaknyga.lt\/#\/schema\/logo\/image\/"},"sameAs":["https:\/\/www.facebook.com\/skaitytaknyga\/"]}]}},"_links":{"self":[{"href":"https:\/\/skaitytaknyga.lt\/en\/wp-json\/wp\/v2\/product\/13879","targetHints":{"allow":["GET"]}}],"collection":[{"href":"https:\/\/skaitytaknyga.lt\/en\/wp-json\/wp\/v2\/product"}],"about":[{"href":"https:\/\/skaitytaknyga.lt\/en\/wp-json\/wp\/v2\/types\/product"}],"replies":[{"embeddable":true,"href":"https:\/\/skaitytaknyga.lt\/en\/wp-json\/wp\/v2\/comments?post=13879"}],"wp:featuredmedia":[{"embeddable":true,"href":"https:\/\/skaitytaknyga.lt\/en\/wp-json\/wp\/v2\/media\/13889"}],"wp:attachment":[{"href":"https:\/\/skaitytaknyga.lt\/en\/wp-json\/wp\/v2\/media?parent=13879"}],"wp:term":[{"taxonomy":"product_brand","embeddable":true,"href":"https:\/\/skaitytaknyga.lt\/en\/wp-json\/wp\/v2\/product_brand?post=13879"},{"taxonomy":"product_cat","embeddable":true,"href":"https:\/\/skaitytaknyga.lt\/en\/wp-json\/wp\/v2\/product_cat?post=13879"},{"taxonomy":"product_tag","embeddable":true,"href":"https:\/\/skaitytaknyga.lt\/en\/wp-json\/wp\/v2\/product_tag?post=13879"}],"curies":[{"name":"wp","href":"https:\/\/api.w.org\/{rel}","templated":true}]}}