{"id":13878,"date":"2024-09-11T08:24:27","date_gmt":"2024-09-11T05:24:27","guid":{"rendered":"https:\/\/skaitytaknyga.lt\/?post_type=product&#038;p=13878"},"modified":"2024-09-11T08:46:33","modified_gmt":"2024-09-11T05:46:33","slug":"marilynne-robinson-gileadas","status":"publish","type":"product","link":"https:\/\/skaitytaknyga.lt\/en\/produktas\/marilynne-robinson-gileadas\/","title":{"rendered":"Marilynne Robinson \u201eGileadas\u201c"},"content":{"rendered":"<p>\u201eKai skaitysi \u0161\u012f lai\u0161k\u0105, a\u0161 b\u016bsiu am\u017einas, ka\u017ekuo gyvesnis nei kada nors, kai buvau kupinas jaunatv\u0117s j\u0117g\u0173. Skaitai nerimastingo, nukvai\u0161usio senuko svajas, o a\u0161 gyvas didingesn\u0117je u\u017e visas mano svajas \u0161viesoje, bet tav\u0119s nelaukiu, nes noriu, kad tu, mylimas mirtingasai, gyventum ilgai ir myl\u0117tum \u0161it\u0105 vargan\u0105, laikin\u0105 pasaul\u012f, kurio, \u012fsivaizduoju, graud\u017eiai ilg\u0117siuos.\u201c<\/p>\n<p>\u0160i nuostabiai tyra knyga \u2013 tai seno mir\u0161tan\u010dio t\u0117vo lai\u0161kai s\u016bnui, kuriuos berniukas skaitys u\u017eaug\u0119s. \u0160iltas ir nepamir\u0161tamas kunigo D\u017eono Eimso balsas nu\u0161vie\u010dia \u017emogi\u0161k\u0105j\u0105 egzistencij\u0105 ir atskleid\u017eia gyvenimo didyb\u0119 bei nuopuolius per laikinumo prizm\u0119. Jis kreipiasi tiesiai \u012f skaitytojo \u0161ird\u012f.<\/p>\n<ul class=\"about-product d-none d-xl-block mt-4\">\n<li><strong>Autorius:<\/strong>\u00a0Marilynne Robinson<\/li>\n<li><strong>Leid\u0117jas:<\/strong>\u00a0Metodika<\/li>\n<li><strong>Metai:<\/strong>\u00a02012<\/li>\n<li><strong>Puslapiai:<\/strong>\u00a0256<\/li>\n<li><strong>ISBN:<\/strong>\u00a09786094440625<\/li>\n<li><strong>Versijos kodas:<\/strong>\u00a0PT.<\/li>\n<li><strong>Formatas:<\/strong>\u00a015 x 22 cm, kieti vir\u0161eliai<\/li>\n<li><strong>Kalba:<\/strong>\u00a0Lietuvi\u0173<\/li>\n<li><strong>Vert\u0117jas:<\/strong>\u00a0Albinas \u0160orys<\/li>\n<\/ul>\n","protected":false},"excerpt":{"rendered":"<p>\u201eKai skaitysi \u0161\u012f lai\u0161k\u0105, a\u0161 b\u016bsiu am\u017einas, ka\u017ekuo gyvesnis nei kada nors, kai buvau kupinas jaunatv\u0117s j\u0117g\u0173. Skaitai nerimastingo, nukvai\u0161usio senuko svajas, o a\u0161 gyvas didingesn\u0117je u\u017e visas mano svajas \u0161viesoje, bet tav\u0119s nelaukiu, nes noriu, kad tu, mylimas mirtingasai, gyventum ilgai ir myl\u0117tum \u0161it\u0105 vargan\u0105, laikin\u0105 pasaul\u012f, kurio, \u012fsivaizduoju, graud\u017eiai ilg\u0117siuos.\u201c \u0160i nuostabiai tyra knyga \u2013 tai seno mir\u0161tan\u010dio t\u0117vo lai\u0161kai s\u016bnui, kuriuos berniukas skaitys u\u017eaug\u0119s. \u0160iltas ir nepamir\u0161tamas kunigo D\u017eono Eimso balsas nu\u0161vie\u010dia \u017emogi\u0161k\u0105j\u0105 egzistencij\u0105 ir atskleid\u017eia gyvenimo didyb\u0119 bei nuopuolius per laikinumo prizm\u0119. Jis kreipiasi tiesiai \u012f skaitytojo \u0161ird\u012f. Autorius:\u00a0Marilynne Robinson Leid\u0117jas:\u00a0Metodika Metai:\u00a02012 Puslapiai:\u00a0256 ISBN:\u00a09786094440625 Versijos kodas:\u00a0PT. Formatas:\u00a015 x 22 cm, kieti vir\u0161eliai Kalba:\u00a0Lietuvi\u0173 Vert\u0117jas:\u00a0Albinas \u0160orys<\/p>\n","protected":false},"featured_media":13890,"comment_status":"open","ping_status":"closed","template":"","meta":{"_acf_changed":false,"site-sidebar-layout":"default","site-content-layout":"","ast-site-content-layout":"default","site-content-style":"default","site-sidebar-style":"default","ast-global-header-display":"","ast-banner-title-visibility":"","ast-main-header-display":"","ast-hfb-above-header-display":"","ast-hfb-below-header-display":"","ast-hfb-mobile-header-display":"","site-post-title":"","ast-breadcrumbs-content":"","ast-featured-img":"","footer-sml-layout":"","ast-disable-related-posts":"","theme-transparent-header-meta":"default","adv-header-id-meta":"","stick-header-meta":"","header-above-stick-meta":"","header-main-stick-meta":"","header-below-stick-meta":"","astra-migrate-meta-layouts":"set","ast-page-background-enabled":"default","ast-page-background-meta":{"desktop":{"background-color":"","background-image":"","background-repeat":"repeat","background-position":"center center","background-size":"auto","background-attachment":"scroll","background-type":"","background-media":"","overlay-type":"","overlay-color":"","overlay-opacity":"","overlay-gradient":""},"tablet":{"background-color":"","background-image":"","background-repeat":"repeat","background-position":"center center","background-size":"auto","background-attachment":"scroll","background-type":"","background-media":"","overlay-type":"","overlay-color":"","overlay-opacity":"","overlay-gradient":""},"mobile":{"background-color":"","background-image":"","background-repeat":"repeat","background-position":"center center","background-size":"auto","background-attachment":"scroll","background-type":"","background-media":"","overlay-type":"","overlay-color":"","overlay-opacity":"","overlay-gradient":""}},"ast-content-background-meta":{"desktop":{"background-color":"var(--ast-global-color-4)","background-image":"","background-repeat":"repeat","background-position":"center center","background-size":"auto","background-attachment":"scroll","background-type":"","background-media":"","overlay-type":"","overlay-color":"","overlay-opacity":"","overlay-gradient":""},"tablet":{"background-color":"var(--ast-global-color-4)","background-image":"","background-repeat":"repeat","background-position":"center center","background-size":"auto","background-attachment":"scroll","background-type":"","background-media":"","overlay-type":"","overlay-color":"","overlay-opacity":"","overlay-gradient":""},"mobile":{"background-color":"var(--ast-global-color-4)","background-image":"","background-repeat":"repeat","background-position":"center center","background-size":"auto","background-attachment":"scroll","background-type":"","background-media":"","overlay-type":"","overlay-color":"","overlay-opacity":"","overlay-gradient":""}}},"product_brand":[],"product_cat":[15,165],"product_tag":[],"class_list":{"0":"post-13878","1":"product","2":"type-product","3":"status-publish","4":"has-post-thumbnail","6":"product_cat-uncategorized","7":"product_cat-religija-filosofija-ir-ezoterika","8":"desktop-align-left","9":"tablet-align-left","10":"mobile-align-left","12":"first","13":"instock","14":"shipping-taxable","15":"purchasable","16":"product-type-simple"},"acf":[],"yoast_head":"<!-- This site is optimized with the Yoast SEO plugin v27.0 - https:\/\/yoast.com\/product\/yoast-seo-wordpress\/ -->\n<title>Marilynne Robinson \u201eGileadas\u201c<\/title>\n<meta name=\"description\" content=\"\u201eKai skaitysi \u0161\u012f lai\u0161k\u0105, a\u0161 b\u016bsiu am\u017einas, ka\u017ekuo gyvesnis nei kada nors, kai buvau kupinas jaunatv\u0117s j\u0117g\u0173. Skaitai nerimastingo, nukvai\u0161usio senuko\" \/>\n<meta name=\"robots\" content=\"index, follow, max-snippet:-1, max-image-preview:large, max-video-preview:-1\" \/>\n<link rel=\"canonical\" href=\"https:\/\/skaitytaknyga.lt\/en\/produktas\/marilynne-robinson-gileadas\/\" \/>\n<meta property=\"og:locale\" content=\"en_GB\" \/>\n<meta property=\"og:locale:alternate\" content=\"lt_LT\" \/>\n<meta property=\"og:type\" content=\"article\" \/>\n<meta property=\"og:title\" content=\"Marilynne Robinson \u201eGileadas\u201c\" \/>\n<meta property=\"og:description\" content=\"\u201eKai skaitysi \u0161\u012f lai\u0161k\u0105, a\u0161 b\u016bsiu am\u017einas, ka\u017ekuo gyvesnis nei kada nors, kai buvau kupinas jaunatv\u0117s j\u0117g\u0173. Skaitai nerimastingo, nukvai\u0161usio senuko\" \/>\n<meta property=\"og:url\" content=\"https:\/\/skaitytaknyga.lt\/en\/produktas\/marilynne-robinson-gileadas\/\" \/>\n<meta property=\"og:site_name\" content=\"Skaitytaknyga\" \/>\n<meta property=\"article:publisher\" content=\"https:\/\/www.facebook.com\/skaitytaknyga\/\" \/>\n<meta property=\"article:modified_time\" content=\"2024-09-11T05:46:33+00:00\" \/>\n<meta property=\"og:image\" content=\"https:\/\/skaitytaknyga.lt\/wp-content\/uploads\/2024\/09\/Gileadas.webp\" \/>\n\t<meta property=\"og:image:width\" content=\"527\" \/>\n\t<meta property=\"og:image:height\" content=\"800\" \/>\n\t<meta property=\"og:image:type\" content=\"image\/webp\" \/>\n<meta name=\"twitter:card\" content=\"summary_large_image\" \/>\n<meta name=\"twitter:label1\" content=\"Estimated reading time\" \/>\n\t<meta name=\"twitter:data1\" content=\"1 minute\" \/>\n<script type=\"application\/ld+json\" class=\"yoast-schema-graph\">{\"@context\":\"https:\/\/schema.org\",\"@graph\":[{\"@type\":\"WebPage\",\"@id\":\"https:\/\/skaitytaknyga.lt\/produktas\/marilynne-robinson-gileadas\/\",\"url\":\"https:\/\/skaitytaknyga.lt\/produktas\/marilynne-robinson-gileadas\/\",\"name\":\"Marilynne Robinson \u201eGileadas\u201c\",\"isPartOf\":{\"@id\":\"https:\/\/skaitytaknyga.lt\/#website\"},\"primaryImageOfPage\":{\"@id\":\"https:\/\/skaitytaknyga.lt\/produktas\/marilynne-robinson-gileadas\/#primaryimage\"},\"image\":{\"@id\":\"https:\/\/skaitytaknyga.lt\/produktas\/marilynne-robinson-gileadas\/#primaryimage\"},\"thumbnailUrl\":\"https:\/\/skaitytaknyga.lt\/wp-content\/uploads\/2024\/09\/Gileadas.webp\",\"datePublished\":\"2024-09-11T05:24:27+00:00\",\"dateModified\":\"2024-09-11T05:46:33+00:00\",\"description\":\"\u201eKai skaitysi \u0161\u012f lai\u0161k\u0105, a\u0161 b\u016bsiu am\u017einas, ka\u017ekuo gyvesnis nei kada nors, kai buvau kupinas jaunatv\u0117s j\u0117g\u0173. Skaitai nerimastingo, nukvai\u0161usio senuko\",\"breadcrumb\":{\"@id\":\"https:\/\/skaitytaknyga.lt\/produktas\/marilynne-robinson-gileadas\/#breadcrumb\"},\"inLanguage\":\"en-GB\",\"potentialAction\":[{\"@type\":\"ReadAction\",\"target\":[\"https:\/\/skaitytaknyga.lt\/produktas\/marilynne-robinson-gileadas\/\"]}]},{\"@type\":\"ImageObject\",\"inLanguage\":\"en-GB\",\"@id\":\"https:\/\/skaitytaknyga.lt\/produktas\/marilynne-robinson-gileadas\/#primaryimage\",\"url\":\"https:\/\/skaitytaknyga.lt\/wp-content\/uploads\/2024\/09\/Gileadas.webp\",\"contentUrl\":\"https:\/\/skaitytaknyga.lt\/wp-content\/uploads\/2024\/09\/Gileadas.webp\",\"width\":527,\"height\":800,\"caption\":\"Marilynne Robinson \u201eGileadas\u201c\"},{\"@type\":\"BreadcrumbList\",\"@id\":\"https:\/\/skaitytaknyga.lt\/produktas\/marilynne-robinson-gileadas\/#breadcrumb\",\"itemListElement\":[{\"@type\":\"ListItem\",\"position\":1,\"name\":\"Home\",\"item\":\"https:\/\/skaitytaknyga.lt\/\"},{\"@type\":\"ListItem\",\"position\":2,\"name\":\"Parduotuv\u0117\",\"item\":\"https:\/\/skaitytaknyga.lt\/knygu-parduotuve\/\"},{\"@type\":\"ListItem\",\"position\":3,\"name\":\"Marilynne Robinson \u201eGileadas\u201c\"}]},{\"@type\":\"WebSite\",\"@id\":\"https:\/\/skaitytaknyga.lt\/#website\",\"url\":\"https:\/\/skaitytaknyga.lt\/\",\"name\":\"skaitytaknyga.lt\",\"description\":\"Skaitytaknyga.lt \u2013 tai ma\u017eas \u0161eimos verslas, kuris prasid\u0117jo nuo meil\u0117s knygoms ir siekio i\u0161gelb\u0117ti knygas nuo likimo prie konteinerio. Kas vienam nereikalingas daiktas \u2013 kitam lobis, o mes esame tarpininkai, kurie padeda abiems tapti laimingesniems ???? \u017dinome kaip nelengva i\u0161gyventi ma\u017eiems verslams, tad nuo \u0161iol, \u010dia rasite ir kit\u0173, ma\u017e\u0173 \u0161eim\u0173 versl\u0173, rank\u0173 darbo, dovan\u0173 sau ir artimiesiems.\",\"publisher\":{\"@id\":\"https:\/\/skaitytaknyga.lt\/#organization\"},\"potentialAction\":[{\"@type\":\"SearchAction\",\"target\":{\"@type\":\"EntryPoint\",\"urlTemplate\":\"https:\/\/skaitytaknyga.lt\/?s={search_term_string}\"},\"query-input\":{\"@type\":\"PropertyValueSpecification\",\"valueRequired\":true,\"valueName\":\"search_term_string\"}}],\"inLanguage\":\"en-GB\"},{\"@type\":\"Organization\",\"@id\":\"https:\/\/skaitytaknyga.lt\/#organization\",\"name\":\"skaitytaknyga.lt\",\"url\":\"https:\/\/skaitytaknyga.lt\/\",\"logo\":{\"@type\":\"ImageObject\",\"inLanguage\":\"en-GB\",\"@id\":\"https:\/\/skaitytaknyga.lt\/#\/schema\/logo\/image\/\",\"url\":\"https:\/\/skaitytaknyga.lt\/wp-content\/uploads\/2024\/05\/cropped-cropped-cropped-02_00843_jt3bggkj1j3HLc7SyY6rEUpg.jpeg\",\"contentUrl\":\"https:\/\/skaitytaknyga.lt\/wp-content\/uploads\/2024\/05\/cropped-cropped-cropped-02_00843_jt3bggkj1j3HLc7SyY6rEUpg.jpeg\",\"width\":1600,\"height\":1600,\"caption\":\"skaitytaknyga.lt\"},\"image\":{\"@id\":\"https:\/\/skaitytaknyga.lt\/#\/schema\/logo\/image\/\"},\"sameAs\":[\"https:\/\/www.facebook.com\/skaitytaknyga\/\"]}]}<\/script>\n<!-- \/ Yoast SEO plugin. -->","yoast_head_json":{"title":"Marilynne Robinson \u201eGileadas\u201c","description":"\u201eKai skaitysi \u0161\u012f lai\u0161k\u0105, a\u0161 b\u016bsiu am\u017einas, ka\u017ekuo gyvesnis nei kada nors, kai buvau kupinas jaunatv\u0117s j\u0117g\u0173. Skaitai nerimastingo, nukvai\u0161usio senuko","robots":{"index":"index","follow":"follow","max-snippet":"max-snippet:-1","max-image-preview":"max-image-preview:large","max-video-preview":"max-video-preview:-1"},"canonical":"https:\/\/skaitytaknyga.lt\/en\/produktas\/marilynne-robinson-gileadas\/","og_locale":"en_GB","og_type":"article","og_title":"[:lt]Marilynne Robinson \u201eGileadas\u201c[:] - Skaitytaknyga","og_description":"\u201eKai skaitysi \u0161\u012f lai\u0161k\u0105, a\u0161 b\u016bsiu am\u017einas, ka\u017ekuo gyvesnis nei kada nors, kai buvau kupinas jaunatv\u0117s j\u0117g\u0173. Skaitai nerimastingo, nukvai\u0161usio senuko","og_url":"https:\/\/skaitytaknyga.lt\/en\/produktas\/marilynne-robinson-gileadas\/","og_site_name":"Skaitytaknyga","article_publisher":"https:\/\/www.facebook.com\/skaitytaknyga\/","article_modified_time":"2024-09-11T05:46:33+00:00","og_image":[{"width":527,"height":800,"url":"https:\/\/skaitytaknyga.lt\/wp-content\/uploads\/2024\/09\/Gileadas.webp","type":"image\/webp"}],"twitter_card":"summary_large_image","twitter_misc":{"Estimated reading time":"1 minute"},"schema":{"@context":"https:\/\/schema.org","@graph":[{"@type":"WebPage","@id":"https:\/\/skaitytaknyga.lt\/produktas\/marilynne-robinson-gileadas\/","url":"https:\/\/skaitytaknyga.lt\/produktas\/marilynne-robinson-gileadas\/","name":"Marilynne Robinson \u201eGileadas\u201c","isPartOf":{"@id":"https:\/\/skaitytaknyga.lt\/#website"},"primaryImageOfPage":{"@id":"https:\/\/skaitytaknyga.lt\/produktas\/marilynne-robinson-gileadas\/#primaryimage"},"image":{"@id":"https:\/\/skaitytaknyga.lt\/produktas\/marilynne-robinson-gileadas\/#primaryimage"},"thumbnailUrl":"https:\/\/skaitytaknyga.lt\/wp-content\/uploads\/2024\/09\/Gileadas.webp","datePublished":"2024-09-11T05:24:27+00:00","dateModified":"2024-09-11T05:46:33+00:00","description":"\u201eKai skaitysi \u0161\u012f lai\u0161k\u0105, a\u0161 b\u016bsiu am\u017einas, ka\u017ekuo gyvesnis nei kada nors, kai buvau kupinas jaunatv\u0117s j\u0117g\u0173. Skaitai nerimastingo, nukvai\u0161usio senuko","breadcrumb":{"@id":"https:\/\/skaitytaknyga.lt\/produktas\/marilynne-robinson-gileadas\/#breadcrumb"},"inLanguage":"en-GB","potentialAction":[{"@type":"ReadAction","target":["https:\/\/skaitytaknyga.lt\/produktas\/marilynne-robinson-gileadas\/"]}]},{"@type":"ImageObject","inLanguage":"en-GB","@id":"https:\/\/skaitytaknyga.lt\/produktas\/marilynne-robinson-gileadas\/#primaryimage","url":"https:\/\/skaitytaknyga.lt\/wp-content\/uploads\/2024\/09\/Gileadas.webp","contentUrl":"https:\/\/skaitytaknyga.lt\/wp-content\/uploads\/2024\/09\/Gileadas.webp","width":527,"height":800,"caption":"Marilynne Robinson \u201eGileadas\u201c"},{"@type":"BreadcrumbList","@id":"https:\/\/skaitytaknyga.lt\/produktas\/marilynne-robinson-gileadas\/#breadcrumb","itemListElement":[{"@type":"ListItem","position":1,"name":"Home","item":"https:\/\/skaitytaknyga.lt\/"},{"@type":"ListItem","position":2,"name":"Parduotuv\u0117","item":"https:\/\/skaitytaknyga.lt\/knygu-parduotuve\/"},{"@type":"ListItem","position":3,"name":"Marilynne Robinson \u201eGileadas\u201c"}]},{"@type":"WebSite","@id":"https:\/\/skaitytaknyga.lt\/#website","url":"https:\/\/skaitytaknyga.lt\/","name":"skaitytaknyga.lt","description":"Skaitytaknyga.lt \u2013 tai ma\u017eas \u0161eimos verslas, kuris prasid\u0117jo nuo meil\u0117s knygoms ir siekio i\u0161gelb\u0117ti knygas nuo likimo prie konteinerio. Kas vienam nereikalingas daiktas \u2013 kitam lobis, o mes esame tarpininkai, kurie padeda abiems tapti laimingesniems ???? \u017dinome kaip nelengva i\u0161gyventi ma\u017eiems verslams, tad nuo \u0161iol, \u010dia rasite ir kit\u0173, ma\u017e\u0173 \u0161eim\u0173 versl\u0173, rank\u0173 darbo, dovan\u0173 sau ir artimiesiems.","publisher":{"@id":"https:\/\/skaitytaknyga.lt\/#organization"},"potentialAction":[{"@type":"SearchAction","target":{"@type":"EntryPoint","urlTemplate":"https:\/\/skaitytaknyga.lt\/?s={search_term_string}"},"query-input":{"@type":"PropertyValueSpecification","valueRequired":true,"valueName":"search_term_string"}}],"inLanguage":"en-GB"},{"@type":"Organization","@id":"https:\/\/skaitytaknyga.lt\/#organization","name":"skaitytaknyga.lt","url":"https:\/\/skaitytaknyga.lt\/","logo":{"@type":"ImageObject","inLanguage":"en-GB","@id":"https:\/\/skaitytaknyga.lt\/#\/schema\/logo\/image\/","url":"https:\/\/skaitytaknyga.lt\/wp-content\/uploads\/2024\/05\/cropped-cropped-cropped-02_00843_jt3bggkj1j3HLc7SyY6rEUpg.jpeg","contentUrl":"https:\/\/skaitytaknyga.lt\/wp-content\/uploads\/2024\/05\/cropped-cropped-cropped-02_00843_jt3bggkj1j3HLc7SyY6rEUpg.jpeg","width":1600,"height":1600,"caption":"skaitytaknyga.lt"},"image":{"@id":"https:\/\/skaitytaknyga.lt\/#\/schema\/logo\/image\/"},"sameAs":["https:\/\/www.facebook.com\/skaitytaknyga\/"]}]}},"_links":{"self":[{"href":"https:\/\/skaitytaknyga.lt\/en\/wp-json\/wp\/v2\/product\/13878","targetHints":{"allow":["GET"]}}],"collection":[{"href":"https:\/\/skaitytaknyga.lt\/en\/wp-json\/wp\/v2\/product"}],"about":[{"href":"https:\/\/skaitytaknyga.lt\/en\/wp-json\/wp\/v2\/types\/product"}],"replies":[{"embeddable":true,"href":"https:\/\/skaitytaknyga.lt\/en\/wp-json\/wp\/v2\/comments?post=13878"}],"wp:featuredmedia":[{"embeddable":true,"href":"https:\/\/skaitytaknyga.lt\/en\/wp-json\/wp\/v2\/media\/13890"}],"wp:attachment":[{"href":"https:\/\/skaitytaknyga.lt\/en\/wp-json\/wp\/v2\/media?parent=13878"}],"wp:term":[{"taxonomy":"product_brand","embeddable":true,"href":"https:\/\/skaitytaknyga.lt\/en\/wp-json\/wp\/v2\/product_brand?post=13878"},{"taxonomy":"product_cat","embeddable":true,"href":"https:\/\/skaitytaknyga.lt\/en\/wp-json\/wp\/v2\/product_cat?post=13878"},{"taxonomy":"product_tag","embeddable":true,"href":"https:\/\/skaitytaknyga.lt\/en\/wp-json\/wp\/v2\/product_tag?post=13878"}],"curies":[{"name":"wp","href":"https:\/\/api.w.org\/{rel}","templated":true}]}}