{"id":13877,"date":"2024-09-11T08:24:27","date_gmt":"2024-09-11T05:24:27","guid":{"rendered":"https:\/\/skaitytaknyga.lt\/?post_type=product&#038;p=13877"},"modified":"2025-08-23T14:22:45","modified_gmt":"2025-08-23T11:22:45","slug":"richard-dawkins-dievo-iliuzija","status":"publish","type":"product","link":"https:\/\/skaitytaknyga.lt\/en\/produktas\/richard-dawkins-dievo-iliuzija\/","title":{"rendered":"Dievo iliuzija"},"content":{"rendered":"<p><strong>\u201eDievo iliuzija&#8221; (angl. \u201eThe God Delusion&#8221;)<\/strong>\u00a0\u2014 tai 2006 m. i\u0161leista knyga, kuri sudrebino vis\u0105 anglakalb\u012f pasaul\u012f ir tapo tarptautiniu bestseleriu. \u012e\u017eymus mokslininkas ir atviras ateistas\u00a0<strong>Ri\u010dardas Dokinsas (Richard Dawkins)<\/strong>\u00a0\u0161ioje knygoje taikliai, aistringai ir da\u017enai su humoru parodo religinio tik\u0117jimo nepagr\u012fstum\u0105. Pasitelkdamas grie\u017et\u0105 logik\u0105 ir s\u0105moj\u012f Dokinsas sutriu\u0161kina argumentus u\u017e religij\u0105, \u012frodo, kad auk\u0161\u010diausiosios b\u016btyb\u0117s egzistavimas yra visi\u0161kai netik\u0117tinas. Jis \u012ftikinamai parodo, kad religija yra ne tik iracionali, bet ir b\u016bna \u017ealinga. Puikiai argumentuota ir provokuojanti knyga ragina visus mus pasitikrinti savo pa\u017ei\u016bras, kad ir kokios jos b\u016bt\u0173.<\/p>\n<p>Evoliucijos biologas\u00a0<strong>dr. Ri\u010dardas Dokinsas<\/strong>, ilgametis Oksfordo universiteto profesorius (iki 2008 m.), yra vienas \u012ftakingiausi\u0173 \u0161i\u0173 laik\u0173 intelektual\u0173, dr\u0105siai skelbia skepti\u0161k\u0105 ir kriti\u0161k\u0105 po\u017ei\u016br\u012f \u012f pseudomokslinius teiginius, prietarus ir daugeliui taip mielas iliuzijas. Diskusijas sukelia kiekviena talentingo ra\u0161ytojo ir kar\u0161to polemisto knyga, tiek biologijos, tiek religijos ar filosofijos klausimais. Jo tez\u0117s tur\u0117jo didel\u0119 \u012ftak\u0105 daugelio mokslinink\u0173 tyrimams. Bet reik\u0161mingiausia veikla \u2014 mokslo populiarinimas, kuris pa\u017eadino milijon\u0173 \u017emoni\u0173 intelekt\u0105, paskatino juos m\u0105styti kriti\u0161kai ir b\u016bti informuotais pasaulio pilie\u010diais.<\/p>\n<ul class=\"about-product d-none d-xl-block mt-4\">\n<li><strong>Originalus pavadinimas:<\/strong>\u00a0The God Delusion<\/li>\n<li><strong>Autorius:<\/strong>\u00a0Richard Dawkins<\/li>\n<li><strong>Leid\u0117jas:<\/strong>\u00a0Vega Line<\/li>\n<li><strong>Metai:<\/strong>\u00a02010<\/li>\n<li><strong>Puslapiai:<\/strong>\u00a0448<\/li>\n<li><strong>ISBN:<\/strong>\u00a09786099516813<\/li>\n<li><strong>Versijos kodas:<\/strong>\u00a0PT.<\/li>\n<li><strong>Formatas:<\/strong>\u00a014 x 21 x 2,6 cm, mink\u0161ti vir\u0161eliai<\/li>\n<li><strong>Kalba:<\/strong>\u00a0Lietuvi\u0173<\/li>\n<li><strong>Vert\u0117jas:<\/strong>\u00a0Elena Belskyt\u0117<\/li>\n<\/ul>\n","protected":false},"excerpt":{"rendered":"<p>\u201eDievo iliuzija&#8221; (angl. \u201eThe God Delusion&#8221;)\u00a0\u2014 tai 2006 m. i\u0161leista knyga, kuri sudrebino vis\u0105 anglakalb\u012f pasaul\u012f ir tapo tarptautiniu bestseleriu. \u012e\u017eymus mokslininkas ir atviras ateistas\u00a0Ri\u010dardas Dokinsas (Richard Dawkins)\u00a0\u0161ioje knygoje taikliai, aistringai ir da\u017enai su humoru parodo religinio tik\u0117jimo nepagr\u012fstum\u0105. Pasitelkdamas grie\u017et\u0105 logik\u0105 ir s\u0105moj\u012f Dokinsas sutriu\u0161kina argumentus u\u017e religij\u0105, \u012frodo, kad auk\u0161\u010diausiosios b\u016btyb\u0117s egzistavimas yra visi\u0161kai netik\u0117tinas. Jis \u012ftikinamai parodo, kad religija yra ne tik iracionali, bet ir b\u016bna \u017ealinga. Puikiai argumentuota ir provokuojanti knyga ragina visus mus pasitikrinti savo pa\u017ei\u016bras, kad ir kokios jos b\u016bt\u0173. Evoliucijos biologas\u00a0dr. Ri\u010dardas Dokinsas, ilgametis Oksfordo universiteto profesorius (iki 2008 m.), yra vienas \u012ftakingiausi\u0173 \u0161i\u0173 laik\u0173 intelektual\u0173, dr\u0105siai skelbia skepti\u0161k\u0105 ir kriti\u0161k\u0105 po\u017ei\u016br\u012f \u012f pseudomokslinius teiginius, prietarus ir daugeliui taip mielas iliuzijas. Diskusijas sukelia kiekviena talentingo ra\u0161ytojo ir kar\u0161to polemisto knyga, tiek biologijos, tiek religijos ar filosofijos klausimais. Jo tez\u0117s tur\u0117jo didel\u0119 \u012ftak\u0105 daugelio mokslinink\u0173 tyrimams. Bet reik\u0161mingiausia veikla \u2014 mokslo populiarinimas, kuris pa\u017eadino milijon\u0173 \u017emoni\u0173 intelekt\u0105, paskatino juos m\u0105styti kriti\u0161kai ir b\u016bti informuotais pasaulio pilie\u010diais. Originalus pavadinimas:\u00a0The God Delusion Autorius:\u00a0Richard Dawkins Leid\u0117jas:\u00a0Vega Line Metai:\u00a02010 Puslapiai:\u00a0448 ISBN:\u00a09786099516813 Versijos kodas:\u00a0PT. Formatas:\u00a014 x 21 x 2,6 cm, mink\u0161ti vir\u0161eliai Kalba:\u00a0Lietuvi\u0173 Vert\u0117jas:\u00a0Elena Belskyt\u0117<\/p>\n","protected":false},"featured_media":13891,"comment_status":"open","ping_status":"closed","template":"","meta":{"_acf_changed":false,"site-sidebar-layout":"default","site-content-layout":"","ast-site-content-layout":"default","site-content-style":"default","site-sidebar-style":"default","ast-global-header-display":"","ast-banner-title-visibility":"","ast-main-header-display":"","ast-hfb-above-header-display":"","ast-hfb-below-header-display":"","ast-hfb-mobile-header-display":"","site-post-title":"","ast-breadcrumbs-content":"","ast-featured-img":"","footer-sml-layout":"","ast-disable-related-posts":"","theme-transparent-header-meta":"default","adv-header-id-meta":"","stick-header-meta":"","header-above-stick-meta":"","header-main-stick-meta":"","header-below-stick-meta":"","astra-migrate-meta-layouts":"set","ast-page-background-enabled":"default","ast-page-background-meta":{"desktop":{"background-color":"","background-image":"","background-repeat":"repeat","background-position":"center center","background-size":"auto","background-attachment":"scroll","background-type":"","background-media":"","overlay-type":"","overlay-color":"","overlay-opacity":"","overlay-gradient":""},"tablet":{"background-color":"","background-image":"","background-repeat":"repeat","background-position":"center center","background-size":"auto","background-attachment":"scroll","background-type":"","background-media":"","overlay-type":"","overlay-color":"","overlay-opacity":"","overlay-gradient":""},"mobile":{"background-color":"","background-image":"","background-repeat":"repeat","background-position":"center center","background-size":"auto","background-attachment":"scroll","background-type":"","background-media":"","overlay-type":"","overlay-color":"","overlay-opacity":"","overlay-gradient":""}},"ast-content-background-meta":{"desktop":{"background-color":"var(--ast-global-color-4)","background-image":"","background-repeat":"repeat","background-position":"center center","background-size":"auto","background-attachment":"scroll","background-type":"","background-media":"","overlay-type":"","overlay-color":"","overlay-opacity":"","overlay-gradient":""},"tablet":{"background-color":"var(--ast-global-color-4)","background-image":"","background-repeat":"repeat","background-position":"center center","background-size":"auto","background-attachment":"scroll","background-type":"","background-media":"","overlay-type":"","overlay-color":"","overlay-opacity":"","overlay-gradient":""},"mobile":{"background-color":"var(--ast-global-color-4)","background-image":"","background-repeat":"repeat","background-position":"center center","background-size":"auto","background-attachment":"scroll","background-type":"","background-media":"","overlay-type":"","overlay-color":"","overlay-opacity":"","overlay-gradient":""}}},"product_brand":[],"product_cat":[15,165],"product_tag":[2252],"class_list":{"0":"post-13877","1":"product","2":"type-product","3":"status-publish","4":"has-post-thumbnail","6":"product_cat-uncategorized","7":"product_cat-religija-filosofija-ir-ezoterika","8":"product_tag-richard-dawkins","9":"desktop-align-left","10":"tablet-align-left","11":"mobile-align-left","13":"first","14":"outofstock","15":"shipping-taxable","16":"purchasable","17":"product-type-simple"},"acf":[],"yoast_head":"<!-- This site is optimized with the Yoast SEO plugin v27.0 - https:\/\/yoast.com\/product\/yoast-seo-wordpress\/ -->\n<title>Dievo iliuzija<\/title>\n<meta name=\"description\" content=\"\u201eDievo iliuzija&quot; (angl. \u201eThe God Delusion&quot;)\u00a0\u2014 tai 2006 m. i\u0161leista knyga, kuri sudrebino vis\u0105 anglakalb\u012f pasaul\u012f ir tapo tarptautiniu bestseleriu. \u012e\u017eymus\" \/>\n<meta name=\"robots\" content=\"index, follow, max-snippet:-1, max-image-preview:large, max-video-preview:-1\" \/>\n<link rel=\"canonical\" href=\"https:\/\/skaitytaknyga.lt\/en\/produktas\/richard-dawkins-dievo-iliuzija\/\" \/>\n<meta property=\"og:locale\" content=\"en_GB\" \/>\n<meta property=\"og:locale:alternate\" content=\"lt_LT\" \/>\n<meta property=\"og:type\" content=\"article\" \/>\n<meta property=\"og:title\" content=\"Dievo iliuzija\" \/>\n<meta property=\"og:description\" content=\"\u201eDievo iliuzija&quot; (angl. \u201eThe God Delusion&quot;)\u00a0\u2014 tai 2006 m. i\u0161leista knyga, kuri sudrebino vis\u0105 anglakalb\u012f pasaul\u012f ir tapo tarptautiniu bestseleriu. \u012e\u017eymus\" \/>\n<meta property=\"og:url\" content=\"https:\/\/skaitytaknyga.lt\/en\/produktas\/richard-dawkins-dievo-iliuzija\/\" \/>\n<meta property=\"og:site_name\" content=\"Skaitytaknyga\" \/>\n<meta property=\"article:publisher\" content=\"https:\/\/www.facebook.com\/skaitytaknyga\/\" \/>\n<meta property=\"article:modified_time\" content=\"2025-08-23T11:22:45+00:00\" \/>\n<meta property=\"og:image\" content=\"https:\/\/skaitytaknyga.lt\/wp-content\/uploads\/2024\/09\/Dievo-iliuzija.webp\" \/>\n\t<meta property=\"og:image:width\" content=\"400\" \/>\n\t<meta property=\"og:image:height\" content=\"618\" \/>\n\t<meta property=\"og:image:type\" content=\"image\/webp\" \/>\n<meta name=\"twitter:card\" content=\"summary_large_image\" \/>\n<meta name=\"twitter:label1\" content=\"Estimated reading time\" \/>\n\t<meta name=\"twitter:data1\" content=\"2 minutes\" \/>\n<script type=\"application\/ld+json\" class=\"yoast-schema-graph\">{\"@context\":\"https:\/\/schema.org\",\"@graph\":[{\"@type\":\"WebPage\",\"@id\":\"https:\/\/skaitytaknyga.lt\/produktas\/richard-dawkins-dievo-iliuzija\/\",\"url\":\"https:\/\/skaitytaknyga.lt\/produktas\/richard-dawkins-dievo-iliuzija\/\",\"name\":\"Dievo iliuzija\",\"isPartOf\":{\"@id\":\"https:\/\/skaitytaknyga.lt\/#website\"},\"primaryImageOfPage\":{\"@id\":\"https:\/\/skaitytaknyga.lt\/produktas\/richard-dawkins-dievo-iliuzija\/#primaryimage\"},\"image\":{\"@id\":\"https:\/\/skaitytaknyga.lt\/produktas\/richard-dawkins-dievo-iliuzija\/#primaryimage\"},\"thumbnailUrl\":\"https:\/\/skaitytaknyga.lt\/wp-content\/uploads\/2024\/09\/Dievo-iliuzija.webp\",\"datePublished\":\"2024-09-11T05:24:27+00:00\",\"dateModified\":\"2025-08-23T11:22:45+00:00\",\"description\":\"\u201eDievo iliuzija\\\" (angl. \u201eThe God Delusion\\\")\u00a0\u2014 tai 2006 m. i\u0161leista knyga, kuri sudrebino vis\u0105 anglakalb\u012f pasaul\u012f ir tapo tarptautiniu bestseleriu. \u012e\u017eymus\",\"breadcrumb\":{\"@id\":\"https:\/\/skaitytaknyga.lt\/produktas\/richard-dawkins-dievo-iliuzija\/#breadcrumb\"},\"inLanguage\":\"en-GB\",\"potentialAction\":[{\"@type\":\"ReadAction\",\"target\":[\"https:\/\/skaitytaknyga.lt\/produktas\/richard-dawkins-dievo-iliuzija\/\"]}]},{\"@type\":\"ImageObject\",\"inLanguage\":\"en-GB\",\"@id\":\"https:\/\/skaitytaknyga.lt\/produktas\/richard-dawkins-dievo-iliuzija\/#primaryimage\",\"url\":\"https:\/\/skaitytaknyga.lt\/wp-content\/uploads\/2024\/09\/Dievo-iliuzija.webp\",\"contentUrl\":\"https:\/\/skaitytaknyga.lt\/wp-content\/uploads\/2024\/09\/Dievo-iliuzija.webp\",\"width\":400,\"height\":618,\"caption\":\"Richard Dawkins \u201eDievo iliuzija\u201c\"},{\"@type\":\"BreadcrumbList\",\"@id\":\"https:\/\/skaitytaknyga.lt\/produktas\/richard-dawkins-dievo-iliuzija\/#breadcrumb\",\"itemListElement\":[{\"@type\":\"ListItem\",\"position\":1,\"name\":\"Home\",\"item\":\"https:\/\/skaitytaknyga.lt\/\"},{\"@type\":\"ListItem\",\"position\":2,\"name\":\"Parduotuv\u0117\",\"item\":\"https:\/\/skaitytaknyga.lt\/knygu-parduotuve\/\"},{\"@type\":\"ListItem\",\"position\":3,\"name\":\"Dievo iliuzija\"}]},{\"@type\":\"WebSite\",\"@id\":\"https:\/\/skaitytaknyga.lt\/#website\",\"url\":\"https:\/\/skaitytaknyga.lt\/\",\"name\":\"skaitytaknyga.lt\",\"description\":\"Skaitytaknyga.lt \u2013 tai ma\u017eas \u0161eimos verslas, kuris prasid\u0117jo nuo meil\u0117s knygoms ir siekio i\u0161gelb\u0117ti knygas nuo likimo prie konteinerio. Kas vienam nereikalingas daiktas \u2013 kitam lobis, o mes esame tarpininkai, kurie padeda abiems tapti laimingesniems ???? \u017dinome kaip nelengva i\u0161gyventi ma\u017eiems verslams, tad nuo \u0161iol, \u010dia rasite ir kit\u0173, ma\u017e\u0173 \u0161eim\u0173 versl\u0173, rank\u0173 darbo, dovan\u0173 sau ir artimiesiems.\",\"publisher\":{\"@id\":\"https:\/\/skaitytaknyga.lt\/#organization\"},\"potentialAction\":[{\"@type\":\"SearchAction\",\"target\":{\"@type\":\"EntryPoint\",\"urlTemplate\":\"https:\/\/skaitytaknyga.lt\/?s={search_term_string}\"},\"query-input\":{\"@type\":\"PropertyValueSpecification\",\"valueRequired\":true,\"valueName\":\"search_term_string\"}}],\"inLanguage\":\"en-GB\"},{\"@type\":\"Organization\",\"@id\":\"https:\/\/skaitytaknyga.lt\/#organization\",\"name\":\"skaitytaknyga.lt\",\"url\":\"https:\/\/skaitytaknyga.lt\/\",\"logo\":{\"@type\":\"ImageObject\",\"inLanguage\":\"en-GB\",\"@id\":\"https:\/\/skaitytaknyga.lt\/#\/schema\/logo\/image\/\",\"url\":\"https:\/\/skaitytaknyga.lt\/wp-content\/uploads\/2024\/05\/cropped-cropped-cropped-02_00843_jt3bggkj1j3HLc7SyY6rEUpg.jpeg\",\"contentUrl\":\"https:\/\/skaitytaknyga.lt\/wp-content\/uploads\/2024\/05\/cropped-cropped-cropped-02_00843_jt3bggkj1j3HLc7SyY6rEUpg.jpeg\",\"width\":1600,\"height\":1600,\"caption\":\"skaitytaknyga.lt\"},\"image\":{\"@id\":\"https:\/\/skaitytaknyga.lt\/#\/schema\/logo\/image\/\"},\"sameAs\":[\"https:\/\/www.facebook.com\/skaitytaknyga\/\"]}]}<\/script>\n<!-- \/ Yoast SEO plugin. -->","yoast_head_json":{"title":"Dievo iliuzija","description":"\u201eDievo iliuzija\" (angl. \u201eThe God Delusion\")\u00a0\u2014 tai 2006 m. i\u0161leista knyga, kuri sudrebino vis\u0105 anglakalb\u012f pasaul\u012f ir tapo tarptautiniu bestseleriu. \u012e\u017eymus","robots":{"index":"index","follow":"follow","max-snippet":"max-snippet:-1","max-image-preview":"max-image-preview:large","max-video-preview":"max-video-preview:-1"},"canonical":"https:\/\/skaitytaknyga.lt\/en\/produktas\/richard-dawkins-dievo-iliuzija\/","og_locale":"en_GB","og_type":"article","og_title":"[:lt]Dievo iliuzija[:] - Skaitytaknyga","og_description":"\u201eDievo iliuzija\" (angl. \u201eThe God Delusion\")\u00a0\u2014 tai 2006 m. i\u0161leista knyga, kuri sudrebino vis\u0105 anglakalb\u012f pasaul\u012f ir tapo tarptautiniu bestseleriu. \u012e\u017eymus","og_url":"https:\/\/skaitytaknyga.lt\/en\/produktas\/richard-dawkins-dievo-iliuzija\/","og_site_name":"Skaitytaknyga","article_publisher":"https:\/\/www.facebook.com\/skaitytaknyga\/","article_modified_time":"2025-08-23T11:22:45+00:00","og_image":[{"width":400,"height":618,"url":"https:\/\/skaitytaknyga.lt\/wp-content\/uploads\/2024\/09\/Dievo-iliuzija.webp","type":"image\/webp"}],"twitter_card":"summary_large_image","twitter_misc":{"Estimated reading time":"2 minutes"},"schema":{"@context":"https:\/\/schema.org","@graph":[{"@type":"WebPage","@id":"https:\/\/skaitytaknyga.lt\/produktas\/richard-dawkins-dievo-iliuzija\/","url":"https:\/\/skaitytaknyga.lt\/produktas\/richard-dawkins-dievo-iliuzija\/","name":"Dievo iliuzija","isPartOf":{"@id":"https:\/\/skaitytaknyga.lt\/#website"},"primaryImageOfPage":{"@id":"https:\/\/skaitytaknyga.lt\/produktas\/richard-dawkins-dievo-iliuzija\/#primaryimage"},"image":{"@id":"https:\/\/skaitytaknyga.lt\/produktas\/richard-dawkins-dievo-iliuzija\/#primaryimage"},"thumbnailUrl":"https:\/\/skaitytaknyga.lt\/wp-content\/uploads\/2024\/09\/Dievo-iliuzija.webp","datePublished":"2024-09-11T05:24:27+00:00","dateModified":"2025-08-23T11:22:45+00:00","description":"\u201eDievo iliuzija\" (angl. \u201eThe God Delusion\")\u00a0\u2014 tai 2006 m. i\u0161leista knyga, kuri sudrebino vis\u0105 anglakalb\u012f pasaul\u012f ir tapo tarptautiniu bestseleriu. \u012e\u017eymus","breadcrumb":{"@id":"https:\/\/skaitytaknyga.lt\/produktas\/richard-dawkins-dievo-iliuzija\/#breadcrumb"},"inLanguage":"en-GB","potentialAction":[{"@type":"ReadAction","target":["https:\/\/skaitytaknyga.lt\/produktas\/richard-dawkins-dievo-iliuzija\/"]}]},{"@type":"ImageObject","inLanguage":"en-GB","@id":"https:\/\/skaitytaknyga.lt\/produktas\/richard-dawkins-dievo-iliuzija\/#primaryimage","url":"https:\/\/skaitytaknyga.lt\/wp-content\/uploads\/2024\/09\/Dievo-iliuzija.webp","contentUrl":"https:\/\/skaitytaknyga.lt\/wp-content\/uploads\/2024\/09\/Dievo-iliuzija.webp","width":400,"height":618,"caption":"Richard Dawkins \u201eDievo iliuzija\u201c"},{"@type":"BreadcrumbList","@id":"https:\/\/skaitytaknyga.lt\/produktas\/richard-dawkins-dievo-iliuzija\/#breadcrumb","itemListElement":[{"@type":"ListItem","position":1,"name":"Home","item":"https:\/\/skaitytaknyga.lt\/"},{"@type":"ListItem","position":2,"name":"Parduotuv\u0117","item":"https:\/\/skaitytaknyga.lt\/knygu-parduotuve\/"},{"@type":"ListItem","position":3,"name":"Dievo iliuzija"}]},{"@type":"WebSite","@id":"https:\/\/skaitytaknyga.lt\/#website","url":"https:\/\/skaitytaknyga.lt\/","name":"skaitytaknyga.lt","description":"Skaitytaknyga.lt \u2013 tai ma\u017eas \u0161eimos verslas, kuris prasid\u0117jo nuo meil\u0117s knygoms ir siekio i\u0161gelb\u0117ti knygas nuo likimo prie konteinerio. Kas vienam nereikalingas daiktas \u2013 kitam lobis, o mes esame tarpininkai, kurie padeda abiems tapti laimingesniems ???? \u017dinome kaip nelengva i\u0161gyventi ma\u017eiems verslams, tad nuo \u0161iol, \u010dia rasite ir kit\u0173, ma\u017e\u0173 \u0161eim\u0173 versl\u0173, rank\u0173 darbo, dovan\u0173 sau ir artimiesiems.","publisher":{"@id":"https:\/\/skaitytaknyga.lt\/#organization"},"potentialAction":[{"@type":"SearchAction","target":{"@type":"EntryPoint","urlTemplate":"https:\/\/skaitytaknyga.lt\/?s={search_term_string}"},"query-input":{"@type":"PropertyValueSpecification","valueRequired":true,"valueName":"search_term_string"}}],"inLanguage":"en-GB"},{"@type":"Organization","@id":"https:\/\/skaitytaknyga.lt\/#organization","name":"skaitytaknyga.lt","url":"https:\/\/skaitytaknyga.lt\/","logo":{"@type":"ImageObject","inLanguage":"en-GB","@id":"https:\/\/skaitytaknyga.lt\/#\/schema\/logo\/image\/","url":"https:\/\/skaitytaknyga.lt\/wp-content\/uploads\/2024\/05\/cropped-cropped-cropped-02_00843_jt3bggkj1j3HLc7SyY6rEUpg.jpeg","contentUrl":"https:\/\/skaitytaknyga.lt\/wp-content\/uploads\/2024\/05\/cropped-cropped-cropped-02_00843_jt3bggkj1j3HLc7SyY6rEUpg.jpeg","width":1600,"height":1600,"caption":"skaitytaknyga.lt"},"image":{"@id":"https:\/\/skaitytaknyga.lt\/#\/schema\/logo\/image\/"},"sameAs":["https:\/\/www.facebook.com\/skaitytaknyga\/"]}]}},"_links":{"self":[{"href":"https:\/\/skaitytaknyga.lt\/en\/wp-json\/wp\/v2\/product\/13877","targetHints":{"allow":["GET"]}}],"collection":[{"href":"https:\/\/skaitytaknyga.lt\/en\/wp-json\/wp\/v2\/product"}],"about":[{"href":"https:\/\/skaitytaknyga.lt\/en\/wp-json\/wp\/v2\/types\/product"}],"replies":[{"embeddable":true,"href":"https:\/\/skaitytaknyga.lt\/en\/wp-json\/wp\/v2\/comments?post=13877"}],"wp:featuredmedia":[{"embeddable":true,"href":"https:\/\/skaitytaknyga.lt\/en\/wp-json\/wp\/v2\/media\/13891"}],"wp:attachment":[{"href":"https:\/\/skaitytaknyga.lt\/en\/wp-json\/wp\/v2\/media?parent=13877"}],"wp:term":[{"taxonomy":"product_brand","embeddable":true,"href":"https:\/\/skaitytaknyga.lt\/en\/wp-json\/wp\/v2\/product_brand?post=13877"},{"taxonomy":"product_cat","embeddable":true,"href":"https:\/\/skaitytaknyga.lt\/en\/wp-json\/wp\/v2\/product_cat?post=13877"},{"taxonomy":"product_tag","embeddable":true,"href":"https:\/\/skaitytaknyga.lt\/en\/wp-json\/wp\/v2\/product_tag?post=13877"}],"curies":[{"name":"wp","href":"https:\/\/api.w.org\/{rel}","templated":true}]}}