{"id":13876,"date":"2024-09-11T08:24:26","date_gmt":"2024-09-11T05:24:26","guid":{"rendered":"https:\/\/skaitytaknyga.lt\/?post_type=product&#038;p=13876"},"modified":"2025-09-19T11:50:12","modified_gmt":"2025-09-19T08:50:12","slug":"signals-how-everyday-signs-can-help-us-navigate-the-worlds-turbulent-economy","status":"publish","type":"product","link":"https:\/\/skaitytaknyga.lt\/en\/produktas\/signals-how-everyday-signs-can-help-us-navigate-the-worlds-turbulent-economy\/","title":{"rendered":"Signals: How Everyday Signs Can Help Us Navigate the World&#8217;s Turbulent Economy"},"content":{"rendered":"<p>SIGNALS is the story of the world economy, told in the language of everyday objects, places and events &#8211; from magazine covers and supermarkets to public protests.<\/p>\n<p>&#8216;A tour de force&#8217; Lord Rose, former CEO and Chairman of Marks &#038; Spencer&#8217;Dr Pippa Malmgren&#8217;s book is essential reading&#8217; Dr Liam Fox, former British Defence Minister&#8217;Better than Piketty&#8217; James Galbraith, Chair of Government and Business at the University of TexasPippa Malmgren argues that by being alert to the many signals around us, we can be empowered to deal with the varied troubles and treasures the world economy inevitably brings.<\/p>\n<p>Economics is not just maths and data. Perfume and makeup are part of the world economy too. Signals will help you understand why the size of chocolate bars, steaks and apartments are shrinking. It explains why the government says we face deflation yet everyone feels their cost of living is rising and their standard of living is falling. Rising protein prices are felt not just during your weekly shop but by the leaders of emerging markets who are obliged to reach for food and energy assets to feed their people.<\/p>\n<p>The increasing near misses between America&#8217;s spy planes and the fighter jets of China and Russia are no coincidence. Malmgren reveals how our daily lives are affected by the ongoing battle, created by central bankers, between inflation and deflation. The fallout of this battle is evident in the rise of anti-establishment voting, the return of social unrest to emerging markets, the movement of manufacturing jobs back to the West, and by pressure from mass immigration. Economic forces are breaking the social contract between citizens and their states.<\/p>\n<p>If the only real solution is innovation, then the key question becomes whether governments are hostile or hospitable to efforts to build tomorrow&#8217;s economy today. Malmgren shows us who is already building the future and how to be part of it. With its wonderful range of examples, from a Vogue magazine cover to a protest by a Tibetan monk, Signals demonstrates that although we can&#8217;t predict the future of the world economy, we can better prepare ourselves for it. Far from being the concern of only a privileged few, Malmgren shows that economics is a hot topic that touches every life.<\/p>\n<ul class=\"a-unordered-list a-nostyle a-vertical a-spacing-none detail-bullet-list\">\n<li><span class=\"a-list-item\"><span class=\"a-text-bold\">Publisher \u200f : \u200e\u00a0<\/span>weidenfeld &#038; nicolson uk (June 16, 2016)<\/span><\/li>\n<li><span class=\"a-list-item\"><span class=\"a-text-bold\">Language \u200f : \u200e\u00a0<\/span>English<\/span><\/li>\n<li><span class=\"a-list-item\"><span class=\"a-text-bold\">ISBN-10 \u200f : \u200e\u00a0<\/span>1474603513<\/span><\/li>\n<li><span class=\"a-list-item\"><span class=\"a-text-bold\">ISBN-13 \u200f : \u200e\u00a0<\/span>978-1474603515<\/span><\/li>\n<li><span class=\"a-list-item\"><span class=\"a-text-bold\">Item Weight \u200f : \u200e\u00a0<\/span>1.01 pounds<\/span><\/li>\n<li><span class=\"a-list-item\"><span class=\"a-text-bold\">Dimensions \u200f : \u200e\u00a0<\/span>6.06 x 1.06 x 9.17 inches<\/span><\/li>\n<\/ul>\n","protected":false},"excerpt":{"rendered":"<p>SIGNALS is the story of the world economy, told in the language of everyday objects, places and events &#8211; from magazine covers and supermarkets to public protests. &#8216;A tour de force&#8217; Lord Rose, former CEO and Chairman of Marks &#038; Spencer&#8217;Dr Pippa Malmgren&#8217;s book is essential reading&#8217; Dr Liam Fox, former British Defence Minister&#8217;Better than Piketty&#8217; James Galbraith, Chair of Government and Business at the University of TexasPippa Malmgren argues that by being alert to the many signals around us, we can be empowered to deal with the varied troubles and treasures the world economy inevitably brings. Economics is not just maths and data. Perfume and makeup are part of the world economy too. Signals will help you understand why the size of chocolate bars, steaks and apartments are shrinking. It explains why the government says we face deflation yet everyone feels their cost of living is rising and their standard of living is falling. Rising protein prices are felt not just during your weekly shop but by the leaders of emerging markets who are obliged to reach for food and energy assets to feed their people. The increasing near misses between America&#8217;s spy planes and the fighter jets of China and Russia are no coincidence. Malmgren reveals how our daily lives are affected by the ongoing battle, created by central bankers, between inflation and deflation. The fallout of this battle is evident in the rise of anti-establishment voting, the return of social unrest to emerging markets, the movement of manufacturing jobs back to the West, and by pressure from mass immigration. Economic forces are breaking the social contract between citizens and their states. If the only real solution is innovation, then the key question becomes whether governments are hostile or hospitable to efforts to build tomorrow&#8217;s economy today. Malmgren shows us who is already building the future and how to be part of it. With its wonderful range of examples, from a Vogue magazine cover to a protest by a Tibetan monk, Signals demonstrates that although we can&#8217;t predict the future of the world economy, we can better prepare ourselves for it. Far from being the concern of only a privileged few, Malmgren shows that economics is a hot topic that touches every life. Publisher \u200f : \u200e\u00a0weidenfeld &#038; nicolson uk (June 16, 2016) Language \u200f : \u200e\u00a0English ISBN-10 \u200f : \u200e\u00a01474603513 ISBN-13 \u200f : \u200e\u00a0978-1474603515 Item Weight \u200f : \u200e\u00a01.01 pounds Dimensions \u200f : \u200e\u00a06.06 x 1.06 x 9.17 inches<\/p>\n","protected":false},"featured_media":13892,"comment_status":"open","ping_status":"closed","template":"","meta":{"_acf_changed":false,"site-sidebar-layout":"default","site-content-layout":"","ast-site-content-layout":"default","site-content-style":"default","site-sidebar-style":"default","ast-global-header-display":"","ast-banner-title-visibility":"","ast-main-header-display":"","ast-hfb-above-header-display":"","ast-hfb-below-header-display":"","ast-hfb-mobile-header-display":"","site-post-title":"","ast-breadcrumbs-content":"","ast-featured-img":"","footer-sml-layout":"","ast-disable-related-posts":"","theme-transparent-header-meta":"default","adv-header-id-meta":"","stick-header-meta":"","header-above-stick-meta":"","header-main-stick-meta":"","header-below-stick-meta":"","astra-migrate-meta-layouts":"set","ast-page-background-enabled":"default","ast-page-background-meta":{"desktop":{"background-color":"","background-image":"","background-repeat":"repeat","background-position":"center center","background-size":"auto","background-attachment":"scroll","background-type":"","background-media":"","overlay-type":"","overlay-color":"","overlay-opacity":"","overlay-gradient":""},"tablet":{"background-color":"","background-image":"","background-repeat":"repeat","background-position":"center center","background-size":"auto","background-attachment":"scroll","background-type":"","background-media":"","overlay-type":"","overlay-color":"","overlay-opacity":"","overlay-gradient":""},"mobile":{"background-color":"","background-image":"","background-repeat":"repeat","background-position":"center center","background-size":"auto","background-attachment":"scroll","background-type":"","background-media":"","overlay-type":"","overlay-color":"","overlay-opacity":"","overlay-gradient":""}},"ast-content-background-meta":{"desktop":{"background-color":"var(--ast-global-color-4)","background-image":"","background-repeat":"repeat","background-position":"center center","background-size":"auto","background-attachment":"scroll","background-type":"","background-media":"","overlay-type":"","overlay-color":"","overlay-opacity":"","overlay-gradient":""},"tablet":{"background-color":"var(--ast-global-color-4)","background-image":"","background-repeat":"repeat","background-position":"center center","background-size":"auto","background-attachment":"scroll","background-type":"","background-media":"","overlay-type":"","overlay-color":"","overlay-opacity":"","overlay-gradient":""},"mobile":{"background-color":"var(--ast-global-color-4)","background-image":"","background-repeat":"repeat","background-position":"center center","background-size":"auto","background-attachment":"scroll","background-type":"","background-media":"","overlay-type":"","overlay-color":"","overlay-opacity":"","overlay-gradient":""}}},"product_brand":[],"product_cat":[15,34,26],"product_tag":[],"class_list":{"0":"post-13876","1":"product","2":"type-product","3":"status-publish","4":"has-post-thumbnail","6":"product_cat-uncategorized","7":"product_cat-knygos-anglu-kalba","8":"product_cat-verslas-vadyba-ir-finansai","9":"desktop-align-left","10":"tablet-align-left","11":"mobile-align-left","13":"first","14":"outofstock","15":"shipping-taxable","16":"purchasable","17":"product-type-simple"},"acf":[],"yoast_head":"<!-- This site is optimized with the Yoast SEO plugin v27.0 - https:\/\/yoast.com\/product\/yoast-seo-wordpress\/ -->\n<title>Signals: How Everyday Signs Can Help Us Navigate the World&#039;s Turbulent Economy<\/title>\n<meta name=\"description\" content=\"SIGNALS is the story of the world economy, told in the language of everyday objects, places and events - from magazine covers and supermarkets to public\" \/>\n<meta name=\"robots\" content=\"index, follow, max-snippet:-1, max-image-preview:large, max-video-preview:-1\" \/>\n<link rel=\"canonical\" href=\"https:\/\/skaitytaknyga.lt\/en\/produktas\/signals-how-everyday-signs-can-help-us-navigate-the-worlds-turbulent-economy\/\" \/>\n<meta property=\"og:locale\" content=\"en_GB\" \/>\n<meta property=\"og:locale:alternate\" content=\"lt_LT\" \/>\n<meta property=\"og:type\" content=\"article\" \/>\n<meta property=\"og:title\" content=\"Signals: How Everyday Signs Can Help Us Navigate the World&#039;s Turbulent Economy\" \/>\n<meta property=\"og:description\" content=\"SIGNALS is the story of the world economy, told in the language of everyday objects, places and events - from magazine covers and supermarkets to public\" \/>\n<meta property=\"og:url\" content=\"https:\/\/skaitytaknyga.lt\/en\/produktas\/signals-how-everyday-signs-can-help-us-navigate-the-worlds-turbulent-economy\/\" \/>\n<meta property=\"og:site_name\" content=\"Skaitytaknyga\" \/>\n<meta property=\"article:publisher\" content=\"https:\/\/www.facebook.com\/skaitytaknyga\/\" \/>\n<meta property=\"article:modified_time\" content=\"2025-09-19T08:50:12+00:00\" \/>\n<meta property=\"og:image\" content=\"https:\/\/skaitytaknyga.lt\/wp-content\/uploads\/2024\/09\/Signals-How-Everyday-Signs-Can-Help-Us-Navigate-the-Worlds-Turbulent-Economy.jpg\" \/>\n\t<meta property=\"og:image:width\" content=\"650\" \/>\n\t<meta property=\"og:image:height\" content=\"1000\" \/>\n\t<meta property=\"og:image:type\" content=\"image\/jpeg\" \/>\n<meta name=\"twitter:card\" content=\"summary_large_image\" \/>\n<meta name=\"twitter:label1\" content=\"Estimated reading time\" \/>\n\t<meta name=\"twitter:data1\" content=\"3 minutes\" \/>\n<script type=\"application\/ld+json\" class=\"yoast-schema-graph\">{\"@context\":\"https:\/\/schema.org\",\"@graph\":[{\"@type\":\"WebPage\",\"@id\":\"https:\/\/skaitytaknyga.lt\/produktas\/signals-how-everyday-signs-can-help-us-navigate-the-worlds-turbulent-economy\/\",\"url\":\"https:\/\/skaitytaknyga.lt\/produktas\/signals-how-everyday-signs-can-help-us-navigate-the-worlds-turbulent-economy\/\",\"name\":\"Signals: How Everyday Signs Can Help Us Navigate the World's Turbulent Economy\",\"isPartOf\":{\"@id\":\"https:\/\/skaitytaknyga.lt\/#website\"},\"primaryImageOfPage\":{\"@id\":\"https:\/\/skaitytaknyga.lt\/produktas\/signals-how-everyday-signs-can-help-us-navigate-the-worlds-turbulent-economy\/#primaryimage\"},\"image\":{\"@id\":\"https:\/\/skaitytaknyga.lt\/produktas\/signals-how-everyday-signs-can-help-us-navigate-the-worlds-turbulent-economy\/#primaryimage\"},\"thumbnailUrl\":\"https:\/\/skaitytaknyga.lt\/wp-content\/uploads\/2024\/09\/Signals-How-Everyday-Signs-Can-Help-Us-Navigate-the-Worlds-Turbulent-Economy.jpg\",\"datePublished\":\"2024-09-11T05:24:26+00:00\",\"dateModified\":\"2025-09-19T08:50:12+00:00\",\"description\":\"SIGNALS is the story of the world economy, told in the language of everyday objects, places and events - from magazine covers and supermarkets to public\",\"breadcrumb\":{\"@id\":\"https:\/\/skaitytaknyga.lt\/produktas\/signals-how-everyday-signs-can-help-us-navigate-the-worlds-turbulent-economy\/#breadcrumb\"},\"inLanguage\":\"en-GB\",\"potentialAction\":[{\"@type\":\"ReadAction\",\"target\":[\"https:\/\/skaitytaknyga.lt\/produktas\/signals-how-everyday-signs-can-help-us-navigate-the-worlds-turbulent-economy\/\"]}]},{\"@type\":\"ImageObject\",\"inLanguage\":\"en-GB\",\"@id\":\"https:\/\/skaitytaknyga.lt\/produktas\/signals-how-everyday-signs-can-help-us-navigate-the-worlds-turbulent-economy\/#primaryimage\",\"url\":\"https:\/\/skaitytaknyga.lt\/wp-content\/uploads\/2024\/09\/Signals-How-Everyday-Signs-Can-Help-Us-Navigate-the-Worlds-Turbulent-Economy.jpg\",\"contentUrl\":\"https:\/\/skaitytaknyga.lt\/wp-content\/uploads\/2024\/09\/Signals-How-Everyday-Signs-Can-Help-Us-Navigate-the-Worlds-Turbulent-Economy.jpg\",\"width\":650,\"height\":1000,\"caption\":\"Signals How Everyday Signs Can Help Us Navigate the World's Turbulent Economy\"},{\"@type\":\"BreadcrumbList\",\"@id\":\"https:\/\/skaitytaknyga.lt\/produktas\/signals-how-everyday-signs-can-help-us-navigate-the-worlds-turbulent-economy\/#breadcrumb\",\"itemListElement\":[{\"@type\":\"ListItem\",\"position\":1,\"name\":\"Home\",\"item\":\"https:\/\/skaitytaknyga.lt\/\"},{\"@type\":\"ListItem\",\"position\":2,\"name\":\"Parduotuv\u0117\",\"item\":\"https:\/\/skaitytaknyga.lt\/knygu-parduotuve\/\"},{\"@type\":\"ListItem\",\"position\":3,\"name\":\"Signals: How Everyday Signs Can Help Us Navigate the World&#8217;s Turbulent Economy\"}]},{\"@type\":\"WebSite\",\"@id\":\"https:\/\/skaitytaknyga.lt\/#website\",\"url\":\"https:\/\/skaitytaknyga.lt\/\",\"name\":\"skaitytaknyga.lt\",\"description\":\"Skaitytaknyga.lt \u2013 tai ma\u017eas \u0161eimos verslas, kuris prasid\u0117jo nuo meil\u0117s knygoms ir siekio i\u0161gelb\u0117ti knygas nuo likimo prie konteinerio. Kas vienam nereikalingas daiktas \u2013 kitam lobis, o mes esame tarpininkai, kurie padeda abiems tapti laimingesniems ???? \u017dinome kaip nelengva i\u0161gyventi ma\u017eiems verslams, tad nuo \u0161iol, \u010dia rasite ir kit\u0173, ma\u017e\u0173 \u0161eim\u0173 versl\u0173, rank\u0173 darbo, dovan\u0173 sau ir artimiesiems.\",\"publisher\":{\"@id\":\"https:\/\/skaitytaknyga.lt\/#organization\"},\"potentialAction\":[{\"@type\":\"SearchAction\",\"target\":{\"@type\":\"EntryPoint\",\"urlTemplate\":\"https:\/\/skaitytaknyga.lt\/?s={search_term_string}\"},\"query-input\":{\"@type\":\"PropertyValueSpecification\",\"valueRequired\":true,\"valueName\":\"search_term_string\"}}],\"inLanguage\":\"en-GB\"},{\"@type\":\"Organization\",\"@id\":\"https:\/\/skaitytaknyga.lt\/#organization\",\"name\":\"skaitytaknyga.lt\",\"url\":\"https:\/\/skaitytaknyga.lt\/\",\"logo\":{\"@type\":\"ImageObject\",\"inLanguage\":\"en-GB\",\"@id\":\"https:\/\/skaitytaknyga.lt\/#\/schema\/logo\/image\/\",\"url\":\"https:\/\/skaitytaknyga.lt\/wp-content\/uploads\/2024\/05\/cropped-cropped-cropped-02_00843_jt3bggkj1j3HLc7SyY6rEUpg.jpeg\",\"contentUrl\":\"https:\/\/skaitytaknyga.lt\/wp-content\/uploads\/2024\/05\/cropped-cropped-cropped-02_00843_jt3bggkj1j3HLc7SyY6rEUpg.jpeg\",\"width\":1600,\"height\":1600,\"caption\":\"skaitytaknyga.lt\"},\"image\":{\"@id\":\"https:\/\/skaitytaknyga.lt\/#\/schema\/logo\/image\/\"},\"sameAs\":[\"https:\/\/www.facebook.com\/skaitytaknyga\/\"]}]}<\/script>\n<!-- \/ Yoast SEO plugin. -->","yoast_head_json":{"title":"Signals: How Everyday Signs Can Help Us Navigate the World's Turbulent Economy","description":"SIGNALS is the story of the world economy, told in the language of everyday objects, places and events - from magazine covers and supermarkets to public","robots":{"index":"index","follow":"follow","max-snippet":"max-snippet:-1","max-image-preview":"max-image-preview:large","max-video-preview":"max-video-preview:-1"},"canonical":"https:\/\/skaitytaknyga.lt\/en\/produktas\/signals-how-everyday-signs-can-help-us-navigate-the-worlds-turbulent-economy\/","og_locale":"en_GB","og_type":"article","og_title":"[:lt]Signals: How Everyday Signs Can Help Us Navigate the World's Turbulent Economy[:] - Skaitytaknyga","og_description":"SIGNALS is the story of the world economy, told in the language of everyday objects, places and events - from magazine covers and supermarkets to public","og_url":"https:\/\/skaitytaknyga.lt\/en\/produktas\/signals-how-everyday-signs-can-help-us-navigate-the-worlds-turbulent-economy\/","og_site_name":"Skaitytaknyga","article_publisher":"https:\/\/www.facebook.com\/skaitytaknyga\/","article_modified_time":"2025-09-19T08:50:12+00:00","og_image":[{"width":650,"height":1000,"url":"https:\/\/skaitytaknyga.lt\/wp-content\/uploads\/2024\/09\/Signals-How-Everyday-Signs-Can-Help-Us-Navigate-the-Worlds-Turbulent-Economy.jpg","type":"image\/jpeg"}],"twitter_card":"summary_large_image","twitter_misc":{"Estimated reading time":"3 minutes"},"schema":{"@context":"https:\/\/schema.org","@graph":[{"@type":"WebPage","@id":"https:\/\/skaitytaknyga.lt\/produktas\/signals-how-everyday-signs-can-help-us-navigate-the-worlds-turbulent-economy\/","url":"https:\/\/skaitytaknyga.lt\/produktas\/signals-how-everyday-signs-can-help-us-navigate-the-worlds-turbulent-economy\/","name":"Signals: How Everyday Signs Can Help Us Navigate the World's Turbulent Economy","isPartOf":{"@id":"https:\/\/skaitytaknyga.lt\/#website"},"primaryImageOfPage":{"@id":"https:\/\/skaitytaknyga.lt\/produktas\/signals-how-everyday-signs-can-help-us-navigate-the-worlds-turbulent-economy\/#primaryimage"},"image":{"@id":"https:\/\/skaitytaknyga.lt\/produktas\/signals-how-everyday-signs-can-help-us-navigate-the-worlds-turbulent-economy\/#primaryimage"},"thumbnailUrl":"https:\/\/skaitytaknyga.lt\/wp-content\/uploads\/2024\/09\/Signals-How-Everyday-Signs-Can-Help-Us-Navigate-the-Worlds-Turbulent-Economy.jpg","datePublished":"2024-09-11T05:24:26+00:00","dateModified":"2025-09-19T08:50:12+00:00","description":"SIGNALS is the story of the world economy, told in the language of everyday objects, places and events - from magazine covers and supermarkets to public","breadcrumb":{"@id":"https:\/\/skaitytaknyga.lt\/produktas\/signals-how-everyday-signs-can-help-us-navigate-the-worlds-turbulent-economy\/#breadcrumb"},"inLanguage":"en-GB","potentialAction":[{"@type":"ReadAction","target":["https:\/\/skaitytaknyga.lt\/produktas\/signals-how-everyday-signs-can-help-us-navigate-the-worlds-turbulent-economy\/"]}]},{"@type":"ImageObject","inLanguage":"en-GB","@id":"https:\/\/skaitytaknyga.lt\/produktas\/signals-how-everyday-signs-can-help-us-navigate-the-worlds-turbulent-economy\/#primaryimage","url":"https:\/\/skaitytaknyga.lt\/wp-content\/uploads\/2024\/09\/Signals-How-Everyday-Signs-Can-Help-Us-Navigate-the-Worlds-Turbulent-Economy.jpg","contentUrl":"https:\/\/skaitytaknyga.lt\/wp-content\/uploads\/2024\/09\/Signals-How-Everyday-Signs-Can-Help-Us-Navigate-the-Worlds-Turbulent-Economy.jpg","width":650,"height":1000,"caption":"Signals How Everyday Signs Can Help Us Navigate the World's Turbulent Economy"},{"@type":"BreadcrumbList","@id":"https:\/\/skaitytaknyga.lt\/produktas\/signals-how-everyday-signs-can-help-us-navigate-the-worlds-turbulent-economy\/#breadcrumb","itemListElement":[{"@type":"ListItem","position":1,"name":"Home","item":"https:\/\/skaitytaknyga.lt\/"},{"@type":"ListItem","position":2,"name":"Parduotuv\u0117","item":"https:\/\/skaitytaknyga.lt\/knygu-parduotuve\/"},{"@type":"ListItem","position":3,"name":"Signals: How Everyday Signs Can Help Us Navigate the World&#8217;s Turbulent Economy"}]},{"@type":"WebSite","@id":"https:\/\/skaitytaknyga.lt\/#website","url":"https:\/\/skaitytaknyga.lt\/","name":"skaitytaknyga.lt","description":"Skaitytaknyga.lt \u2013 tai ma\u017eas \u0161eimos verslas, kuris prasid\u0117jo nuo meil\u0117s knygoms ir siekio i\u0161gelb\u0117ti knygas nuo likimo prie konteinerio. Kas vienam nereikalingas daiktas \u2013 kitam lobis, o mes esame tarpininkai, kurie padeda abiems tapti laimingesniems ???? \u017dinome kaip nelengva i\u0161gyventi ma\u017eiems verslams, tad nuo \u0161iol, \u010dia rasite ir kit\u0173, ma\u017e\u0173 \u0161eim\u0173 versl\u0173, rank\u0173 darbo, dovan\u0173 sau ir artimiesiems.","publisher":{"@id":"https:\/\/skaitytaknyga.lt\/#organization"},"potentialAction":[{"@type":"SearchAction","target":{"@type":"EntryPoint","urlTemplate":"https:\/\/skaitytaknyga.lt\/?s={search_term_string}"},"query-input":{"@type":"PropertyValueSpecification","valueRequired":true,"valueName":"search_term_string"}}],"inLanguage":"en-GB"},{"@type":"Organization","@id":"https:\/\/skaitytaknyga.lt\/#organization","name":"skaitytaknyga.lt","url":"https:\/\/skaitytaknyga.lt\/","logo":{"@type":"ImageObject","inLanguage":"en-GB","@id":"https:\/\/skaitytaknyga.lt\/#\/schema\/logo\/image\/","url":"https:\/\/skaitytaknyga.lt\/wp-content\/uploads\/2024\/05\/cropped-cropped-cropped-02_00843_jt3bggkj1j3HLc7SyY6rEUpg.jpeg","contentUrl":"https:\/\/skaitytaknyga.lt\/wp-content\/uploads\/2024\/05\/cropped-cropped-cropped-02_00843_jt3bggkj1j3HLc7SyY6rEUpg.jpeg","width":1600,"height":1600,"caption":"skaitytaknyga.lt"},"image":{"@id":"https:\/\/skaitytaknyga.lt\/#\/schema\/logo\/image\/"},"sameAs":["https:\/\/www.facebook.com\/skaitytaknyga\/"]}]}},"_links":{"self":[{"href":"https:\/\/skaitytaknyga.lt\/en\/wp-json\/wp\/v2\/product\/13876","targetHints":{"allow":["GET"]}}],"collection":[{"href":"https:\/\/skaitytaknyga.lt\/en\/wp-json\/wp\/v2\/product"}],"about":[{"href":"https:\/\/skaitytaknyga.lt\/en\/wp-json\/wp\/v2\/types\/product"}],"replies":[{"embeddable":true,"href":"https:\/\/skaitytaknyga.lt\/en\/wp-json\/wp\/v2\/comments?post=13876"}],"wp:featuredmedia":[{"embeddable":true,"href":"https:\/\/skaitytaknyga.lt\/en\/wp-json\/wp\/v2\/media\/13892"}],"wp:attachment":[{"href":"https:\/\/skaitytaknyga.lt\/en\/wp-json\/wp\/v2\/media?parent=13876"}],"wp:term":[{"taxonomy":"product_brand","embeddable":true,"href":"https:\/\/skaitytaknyga.lt\/en\/wp-json\/wp\/v2\/product_brand?post=13876"},{"taxonomy":"product_cat","embeddable":true,"href":"https:\/\/skaitytaknyga.lt\/en\/wp-json\/wp\/v2\/product_cat?post=13876"},{"taxonomy":"product_tag","embeddable":true,"href":"https:\/\/skaitytaknyga.lt\/en\/wp-json\/wp\/v2\/product_tag?post=13876"}],"curies":[{"name":"wp","href":"https:\/\/api.w.org\/{rel}","templated":true}]}}