{"id":13875,"date":"2024-09-11T08:24:26","date_gmt":"2024-09-11T05:24:26","guid":{"rendered":"https:\/\/skaitytaknyga.lt\/?post_type=product&#038;p=13875"},"modified":"2026-03-17T11:49:05","modified_gmt":"2026-03-17T09:49:05","slug":"mario-puzo-tamsos-arena","status":"publish","type":"product","link":"https:\/\/skaitytaknyga.lt\/en\/produktas\/mario-puzo-tamsos-arena\/","title":{"rendered":"Mario Puzo \u201eTamsos arena\u201c"},"content":{"rendered":"<p>Netradicinis garsiojo knyg\u0173 apie mafij\u0105 autoriaus Mario Puzo (1920\u20131999) romanas \u2013 tragi\u0161ka ir gra\u017ei istorija apie kare pra\u017euvusi\u0105 kart\u0105, nebepritampan\u010di\u0105 taikiame gyvenime. Pasaulyje karas baig\u0117si, bet gyvenime ir \u017emoni\u0173 jausmuose ne&#8230;<\/p>\n<p>Amerikie\u010di\u0173 karininkas Valteris Moska taip pat neranda sau vietos gr\u012f\u017e\u0119s \u012f t\u0117vyn\u0119, tod\u0117l i\u0161vyksta dirbti atgal \u012f Vokietij\u0105, \u012f Amerikos kariuomen\u0117s u\u017eimt\u0105 Br\u0117men\u0105, kur nugal\u0117tojams \u012f akis pataikaujama, bet slapta j\u0173 neken\u010diama, kur plyti griuv\u0117si\u0173 dykyn\u0117s ir klesti juodoji rinka. Mosk\u0105 veda meil\u0117s ilgesys vokietaitei Helai, su kuria j\u012f sieja trumpa pa\u017eintis per kar\u0105. Bet ar \u012fmanoma dviem mylin\u010dioms sieloms rasti laim\u0119 \u017eiaurumo ir neapykantos pritvinkusiame pasaulyje, pagal kurio \u012fstatymus Valteris ir Hela teb\u0117ra prie\u0161ai?.. Tokiame pasaulyje meil\u0117 laikoma tik lemtinga silpnybe ir pasmerkta pra\u017e\u016b\u010diai.<\/p>\n<ul class=\"about-product d-none d-xl-block mt-4\">\n<li><strong>Autorius:<\/strong>\u00a0Mario Puzo<\/li>\n<li><strong>Leid\u0117jas:<\/strong>\u00a0Alma littera<\/li>\n<li><strong>Metai:<\/strong>\u00a02009<\/li>\n<li><strong>Puslapiai:<\/strong>\u00a0280<\/li>\n<li><strong>ISBN:<\/strong>\u00a09789955383109<\/li>\n<li><strong>Versijos kodas:<\/strong>\u00a0PT.<\/li>\n<li><strong>Formatas:<\/strong>\u00a015 x 24 cm, kieti vir\u0161eliai<\/li>\n<li><strong>Kalba:<\/strong>\u00a0Lietuvi\u0173<\/li>\n<li><strong>Vert\u0117jas:<\/strong>\u00a0Lina Bal\u010di\u016bt\u0117-B\u016bgien\u0117<\/li>\n<\/ul>\n","protected":false},"excerpt":{"rendered":"<p>Netradicinis garsiojo knyg\u0173 apie mafij\u0105 autoriaus Mario Puzo (1920\u20131999) romanas \u2013 tragi\u0161ka ir gra\u017ei istorija apie kare pra\u017euvusi\u0105 kart\u0105, nebepritampan\u010di\u0105 taikiame gyvenime. Pasaulyje karas baig\u0117si, bet gyvenime ir \u017emoni\u0173 jausmuose ne&#8230; Amerikie\u010di\u0173 karininkas Valteris Moska taip pat neranda sau vietos gr\u012f\u017e\u0119s \u012f t\u0117vyn\u0119, tod\u0117l i\u0161vyksta dirbti atgal \u012f Vokietij\u0105, \u012f Amerikos kariuomen\u0117s u\u017eimt\u0105 Br\u0117men\u0105, kur nugal\u0117tojams \u012f akis pataikaujama, bet slapta j\u0173 neken\u010diama, kur plyti griuv\u0117si\u0173 dykyn\u0117s ir klesti juodoji rinka. Mosk\u0105 veda meil\u0117s ilgesys vokietaitei Helai, su kuria j\u012f sieja trumpa pa\u017eintis per kar\u0105. Bet ar \u012fmanoma dviem mylin\u010dioms sieloms rasti laim\u0119 \u017eiaurumo ir neapykantos pritvinkusiame pasaulyje, pagal kurio \u012fstatymus Valteris ir Hela teb\u0117ra prie\u0161ai?.. Tokiame pasaulyje meil\u0117 laikoma tik lemtinga silpnybe ir pasmerkta pra\u017e\u016b\u010diai. Autorius:\u00a0Mario Puzo Leid\u0117jas:\u00a0Alma littera Metai:\u00a02009 Puslapiai:\u00a0280 ISBN:\u00a09789955383109 Versijos kodas:\u00a0PT. Formatas:\u00a015 x 24 cm, kieti vir\u0161eliai Kalba:\u00a0Lietuvi\u0173 Vert\u0117jas:\u00a0Lina Bal\u010di\u016bt\u0117-B\u016bgien\u0117<\/p>\n","protected":false},"featured_media":13893,"comment_status":"open","ping_status":"closed","template":"","meta":{"_acf_changed":false,"site-sidebar-layout":"default","site-content-layout":"","ast-site-content-layout":"default","site-content-style":"default","site-sidebar-style":"default","ast-global-header-display":"","ast-banner-title-visibility":"","ast-main-header-display":"","ast-hfb-above-header-display":"","ast-hfb-below-header-display":"","ast-hfb-mobile-header-display":"","site-post-title":"","ast-breadcrumbs-content":"","ast-featured-img":"","footer-sml-layout":"","ast-disable-related-posts":"","theme-transparent-header-meta":"default","adv-header-id-meta":"","stick-header-meta":"","header-above-stick-meta":"","header-main-stick-meta":"","header-below-stick-meta":"","astra-migrate-meta-layouts":"set","ast-page-background-enabled":"default","ast-page-background-meta":{"desktop":{"background-color":"","background-image":"","background-repeat":"repeat","background-position":"center center","background-size":"auto","background-attachment":"scroll","background-type":"","background-media":"","overlay-type":"","overlay-color":"","overlay-opacity":"","overlay-gradient":""},"tablet":{"background-color":"","background-image":"","background-repeat":"repeat","background-position":"center center","background-size":"auto","background-attachment":"scroll","background-type":"","background-media":"","overlay-type":"","overlay-color":"","overlay-opacity":"","overlay-gradient":""},"mobile":{"background-color":"","background-image":"","background-repeat":"repeat","background-position":"center center","background-size":"auto","background-attachment":"scroll","background-type":"","background-media":"","overlay-type":"","overlay-color":"","overlay-opacity":"","overlay-gradient":""}},"ast-content-background-meta":{"desktop":{"background-color":"var(--ast-global-color-4)","background-image":"","background-repeat":"repeat","background-position":"center center","background-size":"auto","background-attachment":"scroll","background-type":"","background-media":"","overlay-type":"","overlay-color":"","overlay-opacity":"","overlay-gradient":""},"tablet":{"background-color":"var(--ast-global-color-4)","background-image":"","background-repeat":"repeat","background-position":"center center","background-size":"auto","background-attachment":"scroll","background-type":"","background-media":"","overlay-type":"","overlay-color":"","overlay-opacity":"","overlay-gradient":""},"mobile":{"background-color":"var(--ast-global-color-4)","background-image":"","background-repeat":"repeat","background-position":"center center","background-size":"auto","background-attachment":"scroll","background-type":"","background-media":"","overlay-type":"","overlay-color":"","overlay-opacity":"","overlay-gradient":""}}},"product_brand":[],"product_cat":[9734],"product_tag":[],"class_list":{"0":"post-13875","1":"product","2":"type-product","3":"status-publish","4":"has-post-thumbnail","6":"product_cat-romanai","7":"desktop-align-left","8":"tablet-align-left","9":"mobile-align-left","11":"first","12":"instock","13":"shipping-taxable","14":"purchasable","15":"product-type-simple"},"acf":[],"yoast_head":"<!-- This site is optimized with the Yoast SEO plugin v27.0 - https:\/\/yoast.com\/product\/yoast-seo-wordpress\/ -->\n<title>Mario Puzo \u201eTamsos arena\u201c<\/title>\n<meta name=\"description\" content=\"Netradicinis garsiojo knyg\u0173 apie mafij\u0105 autoriaus Mario Puzo (1920\u20131999) romanas \u2013 tragi\u0161ka ir gra\u017ei istorija apie kare pra\u017euvusi\u0105 kart\u0105, nebepritampan\u010di\u0105\" \/>\n<meta name=\"robots\" content=\"index, follow, max-snippet:-1, max-image-preview:large, max-video-preview:-1\" \/>\n<link rel=\"canonical\" href=\"https:\/\/skaitytaknyga.lt\/en\/produktas\/mario-puzo-tamsos-arena\/\" \/>\n<meta property=\"og:locale\" content=\"en_GB\" \/>\n<meta property=\"og:locale:alternate\" content=\"lt_LT\" \/>\n<meta property=\"og:type\" content=\"article\" \/>\n<meta property=\"og:title\" content=\"Mario Puzo \u201eTamsos arena\u201c\" \/>\n<meta property=\"og:description\" content=\"Netradicinis garsiojo knyg\u0173 apie mafij\u0105 autoriaus Mario Puzo (1920\u20131999) romanas \u2013 tragi\u0161ka ir gra\u017ei istorija apie kare pra\u017euvusi\u0105 kart\u0105, nebepritampan\u010di\u0105\" \/>\n<meta property=\"og:url\" content=\"https:\/\/skaitytaknyga.lt\/en\/produktas\/mario-puzo-tamsos-arena\/\" \/>\n<meta property=\"og:site_name\" content=\"Skaitytaknyga\" \/>\n<meta property=\"article:publisher\" content=\"https:\/\/www.facebook.com\/skaitytaknyga\/\" \/>\n<meta property=\"article:modified_time\" content=\"2026-03-17T09:49:05+00:00\" \/>\n<meta property=\"og:image\" content=\"https:\/\/skaitytaknyga.lt\/wp-content\/uploads\/2024\/09\/Tamsos-arena.webp\" \/>\n\t<meta property=\"og:image:width\" content=\"495\" \/>\n\t<meta property=\"og:image:height\" content=\"800\" \/>\n\t<meta property=\"og:image:type\" content=\"image\/webp\" \/>\n<meta name=\"twitter:card\" content=\"summary_large_image\" \/>\n<meta name=\"twitter:label1\" content=\"Estimated reading time\" \/>\n\t<meta name=\"twitter:data1\" content=\"1 minute\" \/>\n<script type=\"application\/ld+json\" class=\"yoast-schema-graph\">{\"@context\":\"https:\/\/schema.org\",\"@graph\":[{\"@type\":\"WebPage\",\"@id\":\"https:\/\/skaitytaknyga.lt\/produktas\/mario-puzo-tamsos-arena\/\",\"url\":\"https:\/\/skaitytaknyga.lt\/produktas\/mario-puzo-tamsos-arena\/\",\"name\":\"Mario Puzo \u201eTamsos arena\u201c\",\"isPartOf\":{\"@id\":\"https:\/\/skaitytaknyga.lt\/#website\"},\"primaryImageOfPage\":{\"@id\":\"https:\/\/skaitytaknyga.lt\/produktas\/mario-puzo-tamsos-arena\/#primaryimage\"},\"image\":{\"@id\":\"https:\/\/skaitytaknyga.lt\/produktas\/mario-puzo-tamsos-arena\/#primaryimage\"},\"thumbnailUrl\":\"https:\/\/skaitytaknyga.lt\/wp-content\/uploads\/2024\/09\/Tamsos-arena.webp\",\"datePublished\":\"2024-09-11T05:24:26+00:00\",\"dateModified\":\"2026-03-17T09:49:05+00:00\",\"description\":\"Netradicinis garsiojo knyg\u0173 apie mafij\u0105 autoriaus Mario Puzo (1920\u20131999) romanas \u2013 tragi\u0161ka ir gra\u017ei istorija apie kare pra\u017euvusi\u0105 kart\u0105, nebepritampan\u010di\u0105\",\"breadcrumb\":{\"@id\":\"https:\/\/skaitytaknyga.lt\/produktas\/mario-puzo-tamsos-arena\/#breadcrumb\"},\"inLanguage\":\"en-GB\",\"potentialAction\":[{\"@type\":\"ReadAction\",\"target\":[\"https:\/\/skaitytaknyga.lt\/produktas\/mario-puzo-tamsos-arena\/\"]}]},{\"@type\":\"ImageObject\",\"inLanguage\":\"en-GB\",\"@id\":\"https:\/\/skaitytaknyga.lt\/produktas\/mario-puzo-tamsos-arena\/#primaryimage\",\"url\":\"https:\/\/skaitytaknyga.lt\/wp-content\/uploads\/2024\/09\/Tamsos-arena.webp\",\"contentUrl\":\"https:\/\/skaitytaknyga.lt\/wp-content\/uploads\/2024\/09\/Tamsos-arena.webp\",\"width\":495,\"height\":800,\"caption\":\"Mario Puzo \u201eTamsos arena\u201c\"},{\"@type\":\"BreadcrumbList\",\"@id\":\"https:\/\/skaitytaknyga.lt\/produktas\/mario-puzo-tamsos-arena\/#breadcrumb\",\"itemListElement\":[{\"@type\":\"ListItem\",\"position\":1,\"name\":\"Home\",\"item\":\"https:\/\/skaitytaknyga.lt\/\"},{\"@type\":\"ListItem\",\"position\":2,\"name\":\"Parduotuv\u0117\",\"item\":\"https:\/\/skaitytaknyga.lt\/knygu-parduotuve\/\"},{\"@type\":\"ListItem\",\"position\":3,\"name\":\"Mario Puzo \u201eTamsos arena\u201c\"}]},{\"@type\":\"WebSite\",\"@id\":\"https:\/\/skaitytaknyga.lt\/#website\",\"url\":\"https:\/\/skaitytaknyga.lt\/\",\"name\":\"skaitytaknyga.lt\",\"description\":\"Skaitytaknyga.lt \u2013 tai ma\u017eas \u0161eimos verslas, kuris prasid\u0117jo nuo meil\u0117s knygoms ir siekio i\u0161gelb\u0117ti knygas nuo likimo prie konteinerio. Kas vienam nereikalingas daiktas \u2013 kitam lobis, o mes esame tarpininkai, kurie padeda abiems tapti laimingesniems ???? \u017dinome kaip nelengva i\u0161gyventi ma\u017eiems verslams, tad nuo \u0161iol, \u010dia rasite ir kit\u0173, ma\u017e\u0173 \u0161eim\u0173 versl\u0173, rank\u0173 darbo, dovan\u0173 sau ir artimiesiems.\",\"publisher\":{\"@id\":\"https:\/\/skaitytaknyga.lt\/#organization\"},\"potentialAction\":[{\"@type\":\"SearchAction\",\"target\":{\"@type\":\"EntryPoint\",\"urlTemplate\":\"https:\/\/skaitytaknyga.lt\/?s={search_term_string}\"},\"query-input\":{\"@type\":\"PropertyValueSpecification\",\"valueRequired\":true,\"valueName\":\"search_term_string\"}}],\"inLanguage\":\"en-GB\"},{\"@type\":\"Organization\",\"@id\":\"https:\/\/skaitytaknyga.lt\/#organization\",\"name\":\"skaitytaknyga.lt\",\"url\":\"https:\/\/skaitytaknyga.lt\/\",\"logo\":{\"@type\":\"ImageObject\",\"inLanguage\":\"en-GB\",\"@id\":\"https:\/\/skaitytaknyga.lt\/#\/schema\/logo\/image\/\",\"url\":\"https:\/\/skaitytaknyga.lt\/wp-content\/uploads\/2024\/05\/cropped-cropped-cropped-02_00843_jt3bggkj1j3HLc7SyY6rEUpg.jpeg\",\"contentUrl\":\"https:\/\/skaitytaknyga.lt\/wp-content\/uploads\/2024\/05\/cropped-cropped-cropped-02_00843_jt3bggkj1j3HLc7SyY6rEUpg.jpeg\",\"width\":1600,\"height\":1600,\"caption\":\"skaitytaknyga.lt\"},\"image\":{\"@id\":\"https:\/\/skaitytaknyga.lt\/#\/schema\/logo\/image\/\"},\"sameAs\":[\"https:\/\/www.facebook.com\/skaitytaknyga\/\"]}]}<\/script>\n<!-- \/ Yoast SEO plugin. -->","yoast_head_json":{"title":"Mario Puzo \u201eTamsos arena\u201c","description":"Netradicinis garsiojo knyg\u0173 apie mafij\u0105 autoriaus Mario Puzo (1920\u20131999) romanas \u2013 tragi\u0161ka ir gra\u017ei istorija apie kare pra\u017euvusi\u0105 kart\u0105, nebepritampan\u010di\u0105","robots":{"index":"index","follow":"follow","max-snippet":"max-snippet:-1","max-image-preview":"max-image-preview:large","max-video-preview":"max-video-preview:-1"},"canonical":"https:\/\/skaitytaknyga.lt\/en\/produktas\/mario-puzo-tamsos-arena\/","og_locale":"en_GB","og_type":"article","og_title":"[:lt]Mario Puzo \u201eTamsos arena\u201c[:] - Skaitytaknyga","og_description":"Netradicinis garsiojo knyg\u0173 apie mafij\u0105 autoriaus Mario Puzo (1920\u20131999) romanas \u2013 tragi\u0161ka ir gra\u017ei istorija apie kare pra\u017euvusi\u0105 kart\u0105, nebepritampan\u010di\u0105","og_url":"https:\/\/skaitytaknyga.lt\/en\/produktas\/mario-puzo-tamsos-arena\/","og_site_name":"Skaitytaknyga","article_publisher":"https:\/\/www.facebook.com\/skaitytaknyga\/","article_modified_time":"2026-03-17T09:49:05+00:00","og_image":[{"width":495,"height":800,"url":"https:\/\/skaitytaknyga.lt\/wp-content\/uploads\/2024\/09\/Tamsos-arena.webp","type":"image\/webp"}],"twitter_card":"summary_large_image","twitter_misc":{"Estimated reading time":"1 minute"},"schema":{"@context":"https:\/\/schema.org","@graph":[{"@type":"WebPage","@id":"https:\/\/skaitytaknyga.lt\/produktas\/mario-puzo-tamsos-arena\/","url":"https:\/\/skaitytaknyga.lt\/produktas\/mario-puzo-tamsos-arena\/","name":"Mario Puzo \u201eTamsos arena\u201c","isPartOf":{"@id":"https:\/\/skaitytaknyga.lt\/#website"},"primaryImageOfPage":{"@id":"https:\/\/skaitytaknyga.lt\/produktas\/mario-puzo-tamsos-arena\/#primaryimage"},"image":{"@id":"https:\/\/skaitytaknyga.lt\/produktas\/mario-puzo-tamsos-arena\/#primaryimage"},"thumbnailUrl":"https:\/\/skaitytaknyga.lt\/wp-content\/uploads\/2024\/09\/Tamsos-arena.webp","datePublished":"2024-09-11T05:24:26+00:00","dateModified":"2026-03-17T09:49:05+00:00","description":"Netradicinis garsiojo knyg\u0173 apie mafij\u0105 autoriaus Mario Puzo (1920\u20131999) romanas \u2013 tragi\u0161ka ir gra\u017ei istorija apie kare pra\u017euvusi\u0105 kart\u0105, nebepritampan\u010di\u0105","breadcrumb":{"@id":"https:\/\/skaitytaknyga.lt\/produktas\/mario-puzo-tamsos-arena\/#breadcrumb"},"inLanguage":"en-GB","potentialAction":[{"@type":"ReadAction","target":["https:\/\/skaitytaknyga.lt\/produktas\/mario-puzo-tamsos-arena\/"]}]},{"@type":"ImageObject","inLanguage":"en-GB","@id":"https:\/\/skaitytaknyga.lt\/produktas\/mario-puzo-tamsos-arena\/#primaryimage","url":"https:\/\/skaitytaknyga.lt\/wp-content\/uploads\/2024\/09\/Tamsos-arena.webp","contentUrl":"https:\/\/skaitytaknyga.lt\/wp-content\/uploads\/2024\/09\/Tamsos-arena.webp","width":495,"height":800,"caption":"Mario Puzo \u201eTamsos arena\u201c"},{"@type":"BreadcrumbList","@id":"https:\/\/skaitytaknyga.lt\/produktas\/mario-puzo-tamsos-arena\/#breadcrumb","itemListElement":[{"@type":"ListItem","position":1,"name":"Home","item":"https:\/\/skaitytaknyga.lt\/"},{"@type":"ListItem","position":2,"name":"Parduotuv\u0117","item":"https:\/\/skaitytaknyga.lt\/knygu-parduotuve\/"},{"@type":"ListItem","position":3,"name":"Mario Puzo \u201eTamsos arena\u201c"}]},{"@type":"WebSite","@id":"https:\/\/skaitytaknyga.lt\/#website","url":"https:\/\/skaitytaknyga.lt\/","name":"skaitytaknyga.lt","description":"Skaitytaknyga.lt \u2013 tai ma\u017eas \u0161eimos verslas, kuris prasid\u0117jo nuo meil\u0117s knygoms ir siekio i\u0161gelb\u0117ti knygas nuo likimo prie konteinerio. Kas vienam nereikalingas daiktas \u2013 kitam lobis, o mes esame tarpininkai, kurie padeda abiems tapti laimingesniems ???? \u017dinome kaip nelengva i\u0161gyventi ma\u017eiems verslams, tad nuo \u0161iol, \u010dia rasite ir kit\u0173, ma\u017e\u0173 \u0161eim\u0173 versl\u0173, rank\u0173 darbo, dovan\u0173 sau ir artimiesiems.","publisher":{"@id":"https:\/\/skaitytaknyga.lt\/#organization"},"potentialAction":[{"@type":"SearchAction","target":{"@type":"EntryPoint","urlTemplate":"https:\/\/skaitytaknyga.lt\/?s={search_term_string}"},"query-input":{"@type":"PropertyValueSpecification","valueRequired":true,"valueName":"search_term_string"}}],"inLanguage":"en-GB"},{"@type":"Organization","@id":"https:\/\/skaitytaknyga.lt\/#organization","name":"skaitytaknyga.lt","url":"https:\/\/skaitytaknyga.lt\/","logo":{"@type":"ImageObject","inLanguage":"en-GB","@id":"https:\/\/skaitytaknyga.lt\/#\/schema\/logo\/image\/","url":"https:\/\/skaitytaknyga.lt\/wp-content\/uploads\/2024\/05\/cropped-cropped-cropped-02_00843_jt3bggkj1j3HLc7SyY6rEUpg.jpeg","contentUrl":"https:\/\/skaitytaknyga.lt\/wp-content\/uploads\/2024\/05\/cropped-cropped-cropped-02_00843_jt3bggkj1j3HLc7SyY6rEUpg.jpeg","width":1600,"height":1600,"caption":"skaitytaknyga.lt"},"image":{"@id":"https:\/\/skaitytaknyga.lt\/#\/schema\/logo\/image\/"},"sameAs":["https:\/\/www.facebook.com\/skaitytaknyga\/"]}]}},"_links":{"self":[{"href":"https:\/\/skaitytaknyga.lt\/en\/wp-json\/wp\/v2\/product\/13875","targetHints":{"allow":["GET"]}}],"collection":[{"href":"https:\/\/skaitytaknyga.lt\/en\/wp-json\/wp\/v2\/product"}],"about":[{"href":"https:\/\/skaitytaknyga.lt\/en\/wp-json\/wp\/v2\/types\/product"}],"replies":[{"embeddable":true,"href":"https:\/\/skaitytaknyga.lt\/en\/wp-json\/wp\/v2\/comments?post=13875"}],"wp:featuredmedia":[{"embeddable":true,"href":"https:\/\/skaitytaknyga.lt\/en\/wp-json\/wp\/v2\/media\/13893"}],"wp:attachment":[{"href":"https:\/\/skaitytaknyga.lt\/en\/wp-json\/wp\/v2\/media?parent=13875"}],"wp:term":[{"taxonomy":"product_brand","embeddable":true,"href":"https:\/\/skaitytaknyga.lt\/en\/wp-json\/wp\/v2\/product_brand?post=13875"},{"taxonomy":"product_cat","embeddable":true,"href":"https:\/\/skaitytaknyga.lt\/en\/wp-json\/wp\/v2\/product_cat?post=13875"},{"taxonomy":"product_tag","embeddable":true,"href":"https:\/\/skaitytaknyga.lt\/en\/wp-json\/wp\/v2\/product_tag?post=13875"}],"curies":[{"name":"wp","href":"https:\/\/api.w.org\/{rel}","templated":true}]}}