{"id":13852,"date":"2024-09-10T10:42:14","date_gmt":"2024-09-10T07:42:14","guid":{"rendered":"https:\/\/skaitytaknyga.lt\/?post_type=product&#038;p=13852"},"modified":"2026-03-05T16:00:46","modified_gmt":"2026-03-05T14:00:46","slug":"patricia-wentworth-leteriu-sodyba","status":"publish","type":"product","link":"https:\/\/skaitytaknyga.lt\/en\/produktas\/patricia-wentworth-leteriu-sodyba\/","title":{"rendered":"Leteri\u0173 sodyba"},"content":{"rendered":"<p>Indijoje gimusi P. Wentworth vis\u0105 gyvenim\u0105 praleido Anglijoje, Kamberlio miestelyje. 1923-iaisiais ji suk\u016br\u0117 pirm\u0105j\u012f i\u0161 septyniasde\u0161imties savo detektyvini\u0173 roman\u0173. Garsiausiuose i\u0161 j\u0173 bylas tiria panel\u0117 Silver: smulkut\u0117 senamadi\u0161kai apsirengusi Tenisono poezij\u0105 cituojanti moteris, turinti ypating\u0105 talent\u0105 i\u0161klausyti \u017emones&#8230; ir i\u0161narplioti nusikaltimo gij\u0105.<\/p>\n<p>Vie\u0161\u0117dama Londone Luiza Leter apsilanko pas b\u016br\u0117j\u0105, kuris j\u0105 \u012fsp\u0117ja saugotis nuod\u0173. \u0160io persp\u0117jimo niekas nepaiso, ta\u010diau neilgai trukus paai\u0161k\u0117ja, kad ponios Leter gyvybei i\u0161ties gresia pavojus. Tai paskatina j\u0105 dievinant\u012f vyr\u0105 D\u017eim\u012f Leter\u012f slapta nuo \u017emonos kreiptis pagalbos \u012f panel\u0119 Silver. Regisi, aplink Luiz\u0105 Leter &#8211; vieni prie\u0161ai. Tod\u0117l jos mirtis nieko nenuli\u016bdina &#8211; bet panelei Silver u\u017emena dar vien\u0105 m\u012fsl\u0119&#8230;<\/p>\n<ul class=\"about-product d-none d-xl-block mt-4\">\n<li><strong>Originalus pavadinimas:<\/strong>\u00a0Latter End<\/li>\n<li><strong>Autorius:<\/strong>\u00a0Patricia Wentworth<\/li>\n<li><strong>Leid\u0117jas:<\/strong>\u00a0Tyto alba<\/li>\n<li><strong>Metai:<\/strong>\u00a02008<\/li>\n<li><strong>Puslapiai:<\/strong>\u00a0356<\/li>\n<li><strong>ISBN:<\/strong>\u00a09789986166498<\/li>\n<li><strong>Formatas:<\/strong>\u00a013,5 x 20,5 cm, kieti vir\u0161eliai<\/li>\n<li><strong>Kalba:<\/strong>\u00a0Lietuvi\u0173<\/li>\n<li><strong>Vert\u0117jas:<\/strong>\u00a0\u017demyna Trink\u016bnait\u0117<\/li>\n<\/ul>\n","protected":false},"excerpt":{"rendered":"<p>Indijoje gimusi P. Wentworth vis\u0105 gyvenim\u0105 praleido Anglijoje, Kamberlio miestelyje. 1923-iaisiais ji suk\u016br\u0117 pirm\u0105j\u012f i\u0161 septyniasde\u0161imties savo detektyvini\u0173 roman\u0173. Garsiausiuose i\u0161 j\u0173 bylas tiria panel\u0117 Silver: smulkut\u0117 senamadi\u0161kai apsirengusi Tenisono poezij\u0105 cituojanti moteris, turinti ypating\u0105 talent\u0105 i\u0161klausyti \u017emones&#8230; ir i\u0161narplioti nusikaltimo gij\u0105. Vie\u0161\u0117dama Londone Luiza Leter apsilanko pas b\u016br\u0117j\u0105, kuris j\u0105 \u012fsp\u0117ja saugotis nuod\u0173. \u0160io persp\u0117jimo niekas nepaiso, ta\u010diau neilgai trukus paai\u0161k\u0117ja, kad ponios Leter gyvybei i\u0161ties gresia pavojus. Tai paskatina j\u0105 dievinant\u012f vyr\u0105 D\u017eim\u012f Leter\u012f slapta nuo \u017emonos kreiptis pagalbos \u012f panel\u0119 Silver. Regisi, aplink Luiz\u0105 Leter &#8211; vieni prie\u0161ai. Tod\u0117l jos mirtis nieko nenuli\u016bdina &#8211; bet panelei Silver u\u017emena dar vien\u0105 m\u012fsl\u0119&#8230; Originalus pavadinimas:\u00a0Latter End Autorius:\u00a0Patricia Wentworth Leid\u0117jas:\u00a0Tyto alba Metai:\u00a02008 Puslapiai:\u00a0356 ISBN:\u00a09789986166498 Formatas:\u00a013,5 x 20,5 cm, kieti vir\u0161eliai Kalba:\u00a0Lietuvi\u0173 Vert\u0117jas:\u00a0\u017demyna Trink\u016bnait\u0117<\/p>\n","protected":false},"featured_media":13853,"comment_status":"open","ping_status":"closed","template":"","meta":{"_acf_changed":false,"site-sidebar-layout":"default","site-content-layout":"","ast-site-content-layout":"default","site-content-style":"default","site-sidebar-style":"default","ast-global-header-display":"","ast-banner-title-visibility":"","ast-main-header-display":"","ast-hfb-above-header-display":"","ast-hfb-below-header-display":"","ast-hfb-mobile-header-display":"","site-post-title":"","ast-breadcrumbs-content":"","ast-featured-img":"","footer-sml-layout":"","ast-disable-related-posts":"","theme-transparent-header-meta":"default","adv-header-id-meta":"","stick-header-meta":"","header-above-stick-meta":"","header-main-stick-meta":"","header-below-stick-meta":"","astra-migrate-meta-layouts":"set","ast-page-background-enabled":"default","ast-page-background-meta":{"desktop":{"background-color":"","background-image":"","background-repeat":"repeat","background-position":"center center","background-size":"auto","background-attachment":"scroll","background-type":"","background-media":"","overlay-type":"","overlay-color":"","overlay-opacity":"","overlay-gradient":""},"tablet":{"background-color":"","background-image":"","background-repeat":"repeat","background-position":"center center","background-size":"auto","background-attachment":"scroll","background-type":"","background-media":"","overlay-type":"","overlay-color":"","overlay-opacity":"","overlay-gradient":""},"mobile":{"background-color":"","background-image":"","background-repeat":"repeat","background-position":"center center","background-size":"auto","background-attachment":"scroll","background-type":"","background-media":"","overlay-type":"","overlay-color":"","overlay-opacity":"","overlay-gradient":""}},"ast-content-background-meta":{"desktop":{"background-color":"var(--ast-global-color-4)","background-image":"","background-repeat":"repeat","background-position":"center center","background-size":"auto","background-attachment":"scroll","background-type":"","background-media":"","overlay-type":"","overlay-color":"","overlay-opacity":"","overlay-gradient":""},"tablet":{"background-color":"var(--ast-global-color-4)","background-image":"","background-repeat":"repeat","background-position":"center center","background-size":"auto","background-attachment":"scroll","background-type":"","background-media":"","overlay-type":"","overlay-color":"","overlay-opacity":"","overlay-gradient":""},"mobile":{"background-color":"var(--ast-global-color-4)","background-image":"","background-repeat":"repeat","background-position":"center center","background-size":"auto","background-attachment":"scroll","background-type":"","background-media":"","overlay-type":"","overlay-color":"","overlay-opacity":"","overlay-gradient":""}}},"product_brand":[],"product_cat":[9581],"product_tag":[],"class_list":{"0":"post-13852","1":"product","2":"type-product","3":"status-publish","4":"has-post-thumbnail","6":"product_cat-kriminaliniai-romanai","7":"desktop-align-left","8":"tablet-align-left","9":"mobile-align-left","11":"first","12":"instock","13":"shipping-taxable","14":"purchasable","15":"product-type-simple"},"acf":[],"yoast_head":"<!-- This site is optimized with the Yoast SEO plugin v27.0 - https:\/\/yoast.com\/product\/yoast-seo-wordpress\/ -->\n<title>Leteri\u0173 sodyba<\/title>\n<meta name=\"description\" content=\"Indijoje gimusi P. Wentworth vis\u0105 gyvenim\u0105 praleido Anglijoje, Kamberlio miestelyje. 1923-iaisiais ji suk\u016br\u0117 pirm\u0105j\u012f i\u0161 septyniasde\u0161imties savo\" \/>\n<meta name=\"robots\" content=\"index, follow, max-snippet:-1, max-image-preview:large, max-video-preview:-1\" \/>\n<link rel=\"canonical\" href=\"https:\/\/skaitytaknyga.lt\/en\/produktas\/patricia-wentworth-leteriu-sodyba\/\" \/>\n<meta property=\"og:locale\" content=\"en_GB\" \/>\n<meta property=\"og:locale:alternate\" content=\"lt_LT\" \/>\n<meta property=\"og:type\" content=\"article\" \/>\n<meta property=\"og:title\" content=\"Leteri\u0173 sodyba\" \/>\n<meta property=\"og:description\" content=\"Indijoje gimusi P. Wentworth vis\u0105 gyvenim\u0105 praleido Anglijoje, Kamberlio miestelyje. 1923-iaisiais ji suk\u016br\u0117 pirm\u0105j\u012f i\u0161 septyniasde\u0161imties savo\" \/>\n<meta property=\"og:url\" content=\"https:\/\/skaitytaknyga.lt\/en\/produktas\/patricia-wentworth-leteriu-sodyba\/\" \/>\n<meta property=\"og:site_name\" content=\"Skaitytaknyga\" \/>\n<meta property=\"article:publisher\" content=\"https:\/\/www.facebook.com\/skaitytaknyga\/\" \/>\n<meta property=\"article:modified_time\" content=\"2026-03-05T14:00:46+00:00\" \/>\n<meta property=\"og:image\" content=\"https:\/\/skaitytaknyga.lt\/wp-content\/uploads\/2024\/09\/Leteriu-sodyba.webp\" \/>\n\t<meta property=\"og:image:width\" content=\"484\" \/>\n\t<meta property=\"og:image:height\" content=\"800\" \/>\n\t<meta property=\"og:image:type\" content=\"image\/webp\" \/>\n<meta name=\"twitter:card\" content=\"summary_large_image\" \/>\n<meta name=\"twitter:label1\" content=\"Estimated reading time\" \/>\n\t<meta name=\"twitter:data1\" content=\"1 minute\" \/>\n<script type=\"application\/ld+json\" class=\"yoast-schema-graph\">{\"@context\":\"https:\/\/schema.org\",\"@graph\":[{\"@type\":\"WebPage\",\"@id\":\"https:\/\/skaitytaknyga.lt\/produktas\/patricia-wentworth-leteriu-sodyba\/\",\"url\":\"https:\/\/skaitytaknyga.lt\/produktas\/patricia-wentworth-leteriu-sodyba\/\",\"name\":\"Leteri\u0173 sodyba\",\"isPartOf\":{\"@id\":\"https:\/\/skaitytaknyga.lt\/#website\"},\"primaryImageOfPage\":{\"@id\":\"https:\/\/skaitytaknyga.lt\/produktas\/patricia-wentworth-leteriu-sodyba\/#primaryimage\"},\"image\":{\"@id\":\"https:\/\/skaitytaknyga.lt\/produktas\/patricia-wentworth-leteriu-sodyba\/#primaryimage\"},\"thumbnailUrl\":\"https:\/\/skaitytaknyga.lt\/wp-content\/uploads\/2024\/09\/Leteriu-sodyba.webp\",\"datePublished\":\"2024-09-10T07:42:14+00:00\",\"dateModified\":\"2026-03-05T14:00:46+00:00\",\"description\":\"Indijoje gimusi P. Wentworth vis\u0105 gyvenim\u0105 praleido Anglijoje, Kamberlio miestelyje. 1923-iaisiais ji suk\u016br\u0117 pirm\u0105j\u012f i\u0161 septyniasde\u0161imties savo\",\"breadcrumb\":{\"@id\":\"https:\/\/skaitytaknyga.lt\/produktas\/patricia-wentworth-leteriu-sodyba\/#breadcrumb\"},\"inLanguage\":\"en-GB\",\"potentialAction\":[{\"@type\":\"ReadAction\",\"target\":[\"https:\/\/skaitytaknyga.lt\/produktas\/patricia-wentworth-leteriu-sodyba\/\"]}]},{\"@type\":\"ImageObject\",\"inLanguage\":\"en-GB\",\"@id\":\"https:\/\/skaitytaknyga.lt\/produktas\/patricia-wentworth-leteriu-sodyba\/#primaryimage\",\"url\":\"https:\/\/skaitytaknyga.lt\/wp-content\/uploads\/2024\/09\/Leteriu-sodyba.webp\",\"contentUrl\":\"https:\/\/skaitytaknyga.lt\/wp-content\/uploads\/2024\/09\/Leteriu-sodyba.webp\",\"width\":484,\"height\":800,\"caption\":\"Patricia Wentworth \u201eLeteri\u0173 sodyba\u201c\"},{\"@type\":\"BreadcrumbList\",\"@id\":\"https:\/\/skaitytaknyga.lt\/produktas\/patricia-wentworth-leteriu-sodyba\/#breadcrumb\",\"itemListElement\":[{\"@type\":\"ListItem\",\"position\":1,\"name\":\"Home\",\"item\":\"https:\/\/skaitytaknyga.lt\/\"},{\"@type\":\"ListItem\",\"position\":2,\"name\":\"Parduotuv\u0117\",\"item\":\"https:\/\/skaitytaknyga.lt\/knygu-parduotuve\/\"},{\"@type\":\"ListItem\",\"position\":3,\"name\":\"Leteri\u0173 sodyba\"}]},{\"@type\":\"WebSite\",\"@id\":\"https:\/\/skaitytaknyga.lt\/#website\",\"url\":\"https:\/\/skaitytaknyga.lt\/\",\"name\":\"skaitytaknyga.lt\",\"description\":\"Skaitytaknyga.lt \u2013 tai ma\u017eas \u0161eimos verslas, kuris prasid\u0117jo nuo meil\u0117s knygoms ir siekio i\u0161gelb\u0117ti knygas nuo likimo prie konteinerio. Kas vienam nereikalingas daiktas \u2013 kitam lobis, o mes esame tarpininkai, kurie padeda abiems tapti laimingesniems ???? \u017dinome kaip nelengva i\u0161gyventi ma\u017eiems verslams, tad nuo \u0161iol, \u010dia rasite ir kit\u0173, ma\u017e\u0173 \u0161eim\u0173 versl\u0173, rank\u0173 darbo, dovan\u0173 sau ir artimiesiems.\",\"publisher\":{\"@id\":\"https:\/\/skaitytaknyga.lt\/#organization\"},\"potentialAction\":[{\"@type\":\"SearchAction\",\"target\":{\"@type\":\"EntryPoint\",\"urlTemplate\":\"https:\/\/skaitytaknyga.lt\/?s={search_term_string}\"},\"query-input\":{\"@type\":\"PropertyValueSpecification\",\"valueRequired\":true,\"valueName\":\"search_term_string\"}}],\"inLanguage\":\"en-GB\"},{\"@type\":\"Organization\",\"@id\":\"https:\/\/skaitytaknyga.lt\/#organization\",\"name\":\"skaitytaknyga.lt\",\"url\":\"https:\/\/skaitytaknyga.lt\/\",\"logo\":{\"@type\":\"ImageObject\",\"inLanguage\":\"en-GB\",\"@id\":\"https:\/\/skaitytaknyga.lt\/#\/schema\/logo\/image\/\",\"url\":\"https:\/\/skaitytaknyga.lt\/wp-content\/uploads\/2024\/05\/cropped-cropped-cropped-02_00843_jt3bggkj1j3HLc7SyY6rEUpg.jpeg\",\"contentUrl\":\"https:\/\/skaitytaknyga.lt\/wp-content\/uploads\/2024\/05\/cropped-cropped-cropped-02_00843_jt3bggkj1j3HLc7SyY6rEUpg.jpeg\",\"width\":1600,\"height\":1600,\"caption\":\"skaitytaknyga.lt\"},\"image\":{\"@id\":\"https:\/\/skaitytaknyga.lt\/#\/schema\/logo\/image\/\"},\"sameAs\":[\"https:\/\/www.facebook.com\/skaitytaknyga\/\"]}]}<\/script>\n<!-- \/ Yoast SEO plugin. -->","yoast_head_json":{"title":"Leteri\u0173 sodyba","description":"Indijoje gimusi P. Wentworth vis\u0105 gyvenim\u0105 praleido Anglijoje, Kamberlio miestelyje. 1923-iaisiais ji suk\u016br\u0117 pirm\u0105j\u012f i\u0161 septyniasde\u0161imties savo","robots":{"index":"index","follow":"follow","max-snippet":"max-snippet:-1","max-image-preview":"max-image-preview:large","max-video-preview":"max-video-preview:-1"},"canonical":"https:\/\/skaitytaknyga.lt\/en\/produktas\/patricia-wentworth-leteriu-sodyba\/","og_locale":"en_GB","og_type":"article","og_title":"[:lt]Leteri\u0173 sodyba[:] - Skaitytaknyga","og_description":"Indijoje gimusi P. Wentworth vis\u0105 gyvenim\u0105 praleido Anglijoje, Kamberlio miestelyje. 1923-iaisiais ji suk\u016br\u0117 pirm\u0105j\u012f i\u0161 septyniasde\u0161imties savo","og_url":"https:\/\/skaitytaknyga.lt\/en\/produktas\/patricia-wentworth-leteriu-sodyba\/","og_site_name":"Skaitytaknyga","article_publisher":"https:\/\/www.facebook.com\/skaitytaknyga\/","article_modified_time":"2026-03-05T14:00:46+00:00","og_image":[{"width":484,"height":800,"url":"https:\/\/skaitytaknyga.lt\/wp-content\/uploads\/2024\/09\/Leteriu-sodyba.webp","type":"image\/webp"}],"twitter_card":"summary_large_image","twitter_misc":{"Estimated reading time":"1 minute"},"schema":{"@context":"https:\/\/schema.org","@graph":[{"@type":"WebPage","@id":"https:\/\/skaitytaknyga.lt\/produktas\/patricia-wentworth-leteriu-sodyba\/","url":"https:\/\/skaitytaknyga.lt\/produktas\/patricia-wentworth-leteriu-sodyba\/","name":"Leteri\u0173 sodyba","isPartOf":{"@id":"https:\/\/skaitytaknyga.lt\/#website"},"primaryImageOfPage":{"@id":"https:\/\/skaitytaknyga.lt\/produktas\/patricia-wentworth-leteriu-sodyba\/#primaryimage"},"image":{"@id":"https:\/\/skaitytaknyga.lt\/produktas\/patricia-wentworth-leteriu-sodyba\/#primaryimage"},"thumbnailUrl":"https:\/\/skaitytaknyga.lt\/wp-content\/uploads\/2024\/09\/Leteriu-sodyba.webp","datePublished":"2024-09-10T07:42:14+00:00","dateModified":"2026-03-05T14:00:46+00:00","description":"Indijoje gimusi P. Wentworth vis\u0105 gyvenim\u0105 praleido Anglijoje, Kamberlio miestelyje. 1923-iaisiais ji suk\u016br\u0117 pirm\u0105j\u012f i\u0161 septyniasde\u0161imties savo","breadcrumb":{"@id":"https:\/\/skaitytaknyga.lt\/produktas\/patricia-wentworth-leteriu-sodyba\/#breadcrumb"},"inLanguage":"en-GB","potentialAction":[{"@type":"ReadAction","target":["https:\/\/skaitytaknyga.lt\/produktas\/patricia-wentworth-leteriu-sodyba\/"]}]},{"@type":"ImageObject","inLanguage":"en-GB","@id":"https:\/\/skaitytaknyga.lt\/produktas\/patricia-wentworth-leteriu-sodyba\/#primaryimage","url":"https:\/\/skaitytaknyga.lt\/wp-content\/uploads\/2024\/09\/Leteriu-sodyba.webp","contentUrl":"https:\/\/skaitytaknyga.lt\/wp-content\/uploads\/2024\/09\/Leteriu-sodyba.webp","width":484,"height":800,"caption":"Patricia Wentworth \u201eLeteri\u0173 sodyba\u201c"},{"@type":"BreadcrumbList","@id":"https:\/\/skaitytaknyga.lt\/produktas\/patricia-wentworth-leteriu-sodyba\/#breadcrumb","itemListElement":[{"@type":"ListItem","position":1,"name":"Home","item":"https:\/\/skaitytaknyga.lt\/"},{"@type":"ListItem","position":2,"name":"Parduotuv\u0117","item":"https:\/\/skaitytaknyga.lt\/knygu-parduotuve\/"},{"@type":"ListItem","position":3,"name":"Leteri\u0173 sodyba"}]},{"@type":"WebSite","@id":"https:\/\/skaitytaknyga.lt\/#website","url":"https:\/\/skaitytaknyga.lt\/","name":"skaitytaknyga.lt","description":"Skaitytaknyga.lt \u2013 tai ma\u017eas \u0161eimos verslas, kuris prasid\u0117jo nuo meil\u0117s knygoms ir siekio i\u0161gelb\u0117ti knygas nuo likimo prie konteinerio. Kas vienam nereikalingas daiktas \u2013 kitam lobis, o mes esame tarpininkai, kurie padeda abiems tapti laimingesniems ???? \u017dinome kaip nelengva i\u0161gyventi ma\u017eiems verslams, tad nuo \u0161iol, \u010dia rasite ir kit\u0173, ma\u017e\u0173 \u0161eim\u0173 versl\u0173, rank\u0173 darbo, dovan\u0173 sau ir artimiesiems.","publisher":{"@id":"https:\/\/skaitytaknyga.lt\/#organization"},"potentialAction":[{"@type":"SearchAction","target":{"@type":"EntryPoint","urlTemplate":"https:\/\/skaitytaknyga.lt\/?s={search_term_string}"},"query-input":{"@type":"PropertyValueSpecification","valueRequired":true,"valueName":"search_term_string"}}],"inLanguage":"en-GB"},{"@type":"Organization","@id":"https:\/\/skaitytaknyga.lt\/#organization","name":"skaitytaknyga.lt","url":"https:\/\/skaitytaknyga.lt\/","logo":{"@type":"ImageObject","inLanguage":"en-GB","@id":"https:\/\/skaitytaknyga.lt\/#\/schema\/logo\/image\/","url":"https:\/\/skaitytaknyga.lt\/wp-content\/uploads\/2024\/05\/cropped-cropped-cropped-02_00843_jt3bggkj1j3HLc7SyY6rEUpg.jpeg","contentUrl":"https:\/\/skaitytaknyga.lt\/wp-content\/uploads\/2024\/05\/cropped-cropped-cropped-02_00843_jt3bggkj1j3HLc7SyY6rEUpg.jpeg","width":1600,"height":1600,"caption":"skaitytaknyga.lt"},"image":{"@id":"https:\/\/skaitytaknyga.lt\/#\/schema\/logo\/image\/"},"sameAs":["https:\/\/www.facebook.com\/skaitytaknyga\/"]}]}},"_links":{"self":[{"href":"https:\/\/skaitytaknyga.lt\/en\/wp-json\/wp\/v2\/product\/13852","targetHints":{"allow":["GET"]}}],"collection":[{"href":"https:\/\/skaitytaknyga.lt\/en\/wp-json\/wp\/v2\/product"}],"about":[{"href":"https:\/\/skaitytaknyga.lt\/en\/wp-json\/wp\/v2\/types\/product"}],"replies":[{"embeddable":true,"href":"https:\/\/skaitytaknyga.lt\/en\/wp-json\/wp\/v2\/comments?post=13852"}],"wp:featuredmedia":[{"embeddable":true,"href":"https:\/\/skaitytaknyga.lt\/en\/wp-json\/wp\/v2\/media\/13853"}],"wp:attachment":[{"href":"https:\/\/skaitytaknyga.lt\/en\/wp-json\/wp\/v2\/media?parent=13852"}],"wp:term":[{"taxonomy":"product_brand","embeddable":true,"href":"https:\/\/skaitytaknyga.lt\/en\/wp-json\/wp\/v2\/product_brand?post=13852"},{"taxonomy":"product_cat","embeddable":true,"href":"https:\/\/skaitytaknyga.lt\/en\/wp-json\/wp\/v2\/product_cat?post=13852"},{"taxonomy":"product_tag","embeddable":true,"href":"https:\/\/skaitytaknyga.lt\/en\/wp-json\/wp\/v2\/product_tag?post=13852"}],"curies":[{"name":"wp","href":"https:\/\/api.w.org\/{rel}","templated":true}]}}