{"id":13850,"date":"2024-09-10T10:42:14","date_gmt":"2024-09-10T07:42:14","guid":{"rendered":"https:\/\/skaitytaknyga.lt\/?post_type=product&#038;p=13850"},"modified":"2026-04-02T10:10:34","modified_gmt":"2026-04-02T07:10:34","slug":"hermann-hesse-skaitymai-minutems","status":"publish","type":"product","link":"https:\/\/skaitytaknyga.lt\/en\/produktas\/hermann-hesse-skaitymai-minutems\/","title":{"rendered":"Skaitymai minut\u0117ms"},"content":{"rendered":"<p><strong>\u201eSkaitymai minut\u0117ms\u201c<\/strong>\u00a0\u2013 vieno \u017eymiausi\u0173 vokie\u010di\u0173 ra\u0161ytoj\u0173, Nobelio premijos laureato\u00a0<strong>Hermanno Hesse&#8217;s<\/strong>\u00a0min\u010di\u0173 rinkinys. Surinktos i\u0161 knyg\u0173 ir lai\u0161k\u0173, \u0161ios mintys supa\u017eindina skaitytoj\u0105 su ra\u0161ytojo po\u017ei\u016briu \u012f politik\u0105, visuomen\u0119 ir individ\u0105, \u017einojim\u0105 ir s\u0105mon\u0119, tikrov\u0119 ir vaizduot\u0119, laim\u0119, meil\u0119, jaunyst\u0119 ir senatv\u0119.<\/p>\n<ul class=\"about-product d-none d-xl-block mt-4\">\n<li><strong>Originalus pavadinimas:<\/strong>\u00a0Lekt\u00fcre f\u00fcr minuten<\/li>\n<li><strong>Autorius:<\/strong>\u00a0Hermann Hesse<\/li>\n<li><strong>Leid\u0117jas:<\/strong>\u00a0Trigrama<\/li>\n<li><strong>Puslapiai:<\/strong>\u00a0328<\/li>\n<li><strong>ISBN:<\/strong>\u00a09789955477358<\/li>\n<li><strong>Formatas:<\/strong>\u00a011,5 x 17 x 2,6 cm, kieti vir\u0161eliai<\/li>\n<li><strong>Kalba:<\/strong>\u00a0Lietuvi\u0173<\/li>\n<li><strong>Vert\u0117jas:<\/strong>\u00a0Zigmantas Ardickas<\/li>\n<\/ul>\n","protected":false},"excerpt":{"rendered":"<p>\u201eSkaitymai minut\u0117ms\u201c\u00a0\u2013 vieno \u017eymiausi\u0173 vokie\u010di\u0173 ra\u0161ytoj\u0173, Nobelio premijos laureato\u00a0Hermanno Hesse&#8217;s\u00a0min\u010di\u0173 rinkinys. Surinktos i\u0161 knyg\u0173 ir lai\u0161k\u0173, \u0161ios mintys supa\u017eindina skaitytoj\u0105 su ra\u0161ytojo po\u017ei\u016briu \u012f politik\u0105, visuomen\u0119 ir individ\u0105, \u017einojim\u0105 ir s\u0105mon\u0119, tikrov\u0119 ir vaizduot\u0119, laim\u0119, meil\u0119, jaunyst\u0119 ir senatv\u0119. Originalus pavadinimas:\u00a0Lekt\u00fcre f\u00fcr minuten Autorius:\u00a0Hermann Hesse Leid\u0117jas:\u00a0Trigrama Puslapiai:\u00a0328 ISBN:\u00a09789955477358 Formatas:\u00a011,5 x 17 x 2,6 cm, kieti vir\u0161eliai Kalba:\u00a0Lietuvi\u0173 Vert\u0117jas:\u00a0Zigmantas Ardickas<\/p>\n","protected":false},"featured_media":13855,"comment_status":"open","ping_status":"closed","template":"","meta":{"_acf_changed":false,"site-sidebar-layout":"default","site-content-layout":"","ast-site-content-layout":"default","site-content-style":"default","site-sidebar-style":"default","ast-global-header-display":"","ast-banner-title-visibility":"","ast-main-header-display":"","ast-hfb-above-header-display":"","ast-hfb-below-header-display":"","ast-hfb-mobile-header-display":"","site-post-title":"","ast-breadcrumbs-content":"","ast-featured-img":"","footer-sml-layout":"","ast-disable-related-posts":"","theme-transparent-header-meta":"default","adv-header-id-meta":"","stick-header-meta":"","header-above-stick-meta":"","header-main-stick-meta":"","header-below-stick-meta":"","astra-migrate-meta-layouts":"set","ast-page-background-enabled":"default","ast-page-background-meta":{"desktop":{"background-color":"","background-image":"","background-repeat":"repeat","background-position":"center center","background-size":"auto","background-attachment":"scroll","background-type":"","background-media":"","overlay-type":"","overlay-color":"","overlay-opacity":"","overlay-gradient":""},"tablet":{"background-color":"","background-image":"","background-repeat":"repeat","background-position":"center center","background-size":"auto","background-attachment":"scroll","background-type":"","background-media":"","overlay-type":"","overlay-color":"","overlay-opacity":"","overlay-gradient":""},"mobile":{"background-color":"","background-image":"","background-repeat":"repeat","background-position":"center center","background-size":"auto","background-attachment":"scroll","background-type":"","background-media":"","overlay-type":"","overlay-color":"","overlay-opacity":"","overlay-gradient":""}},"ast-content-background-meta":{"desktop":{"background-color":"var(--ast-global-color-4)","background-image":"","background-repeat":"repeat","background-position":"center center","background-size":"auto","background-attachment":"scroll","background-type":"","background-media":"","overlay-type":"","overlay-color":"","overlay-opacity":"","overlay-gradient":""},"tablet":{"background-color":"var(--ast-global-color-4)","background-image":"","background-repeat":"repeat","background-position":"center center","background-size":"auto","background-attachment":"scroll","background-type":"","background-media":"","overlay-type":"","overlay-color":"","overlay-opacity":"","overlay-gradient":""},"mobile":{"background-color":"var(--ast-global-color-4)","background-image":"","background-repeat":"repeat","background-position":"center center","background-size":"auto","background-attachment":"scroll","background-type":"","background-media":"","overlay-type":"","overlay-color":"","overlay-opacity":"","overlay-gradient":""}}},"product_brand":[],"product_cat":[31,15],"product_tag":[1984,1970,1492,1796,5783,5782,2857,2395,2000,1533],"class_list":{"0":"post-13850","1":"product","2":"type-product","3":"status-publish","4":"has-post-thumbnail","6":"product_cat-grozine-literatura","7":"product_cat-uncategorized","8":"product_tag-hermann-hesse","9":"product_tag-laime","10":"product_tag-literatura","11":"product_tag-meile","12":"product_tag-minciu-rinkinys","13":"product_tag-mintys","14":"product_tag-nobelio-premija","15":"product_tag-politika","16":"product_tag-senatve","17":"product_tag-visuomene","18":"desktop-align-left","19":"tablet-align-left","20":"mobile-align-left","22":"first","23":"instock","24":"shipping-taxable","25":"purchasable","26":"product-type-simple"},"acf":[],"yoast_head":"<!-- This site is optimized with the Yoast SEO plugin v27.0 - https:\/\/yoast.com\/product\/yoast-seo-wordpress\/ -->\n<title>Skaitymai minut\u0117ms<\/title>\n<meta name=\"description\" content=\"\u201eSkaitymai minut\u0117ms\u201c\u00a0\u2013 vieno \u017eymiausi\u0173 vokie\u010di\u0173 ra\u0161ytoj\u0173, Nobelio premijos laureato\u00a0Hermanno Hesse&#039;s\u00a0min\u010di\u0173 rinkinys. Surinktos i\u0161 knyg\u0173 ir lai\u0161k\u0173, \u0161ios\" \/>\n<meta name=\"robots\" content=\"index, follow, max-snippet:-1, max-image-preview:large, max-video-preview:-1\" \/>\n<link rel=\"canonical\" href=\"https:\/\/skaitytaknyga.lt\/en\/produktas\/hermann-hesse-skaitymai-minutems\/\" \/>\n<meta property=\"og:locale\" content=\"en_GB\" \/>\n<meta property=\"og:locale:alternate\" content=\"lt_LT\" \/>\n<meta property=\"og:type\" content=\"article\" \/>\n<meta property=\"og:title\" content=\"Skaitymai minut\u0117ms\" \/>\n<meta property=\"og:description\" content=\"\u201eSkaitymai minut\u0117ms\u201c\u00a0\u2013 vieno \u017eymiausi\u0173 vokie\u010di\u0173 ra\u0161ytoj\u0173, Nobelio premijos laureato\u00a0Hermanno Hesse&#039;s\u00a0min\u010di\u0173 rinkinys. Surinktos i\u0161 knyg\u0173 ir lai\u0161k\u0173, \u0161ios\" \/>\n<meta property=\"og:url\" content=\"https:\/\/skaitytaknyga.lt\/en\/produktas\/hermann-hesse-skaitymai-minutems\/\" \/>\n<meta property=\"og:site_name\" content=\"Skaitytaknyga\" \/>\n<meta property=\"article:publisher\" content=\"https:\/\/www.facebook.com\/skaitytaknyga\/\" \/>\n<meta property=\"article:modified_time\" content=\"2026-04-02T07:10:34+00:00\" \/>\n<meta property=\"og:image\" content=\"https:\/\/skaitytaknyga.lt\/wp-content\/uploads\/2024\/09\/1718710656_Virselis_Skaitymai_minutems_2024.webp\" \/>\n\t<meta property=\"og:image:width\" content=\"505\" \/>\n\t<meta property=\"og:image:height\" content=\"800\" \/>\n\t<meta property=\"og:image:type\" content=\"image\/webp\" \/>\n<meta name=\"twitter:card\" content=\"summary_large_image\" \/>\n<meta name=\"twitter:label1\" content=\"Estimated reading time\" \/>\n\t<meta name=\"twitter:data1\" content=\"1 minute\" \/>\n<script type=\"application\/ld+json\" class=\"yoast-schema-graph\">{\"@context\":\"https:\/\/schema.org\",\"@graph\":[{\"@type\":\"WebPage\",\"@id\":\"https:\/\/skaitytaknyga.lt\/produktas\/hermann-hesse-skaitymai-minutems\/\",\"url\":\"https:\/\/skaitytaknyga.lt\/produktas\/hermann-hesse-skaitymai-minutems\/\",\"name\":\"Skaitymai minut\u0117ms\",\"isPartOf\":{\"@id\":\"https:\/\/skaitytaknyga.lt\/#website\"},\"primaryImageOfPage\":{\"@id\":\"https:\/\/skaitytaknyga.lt\/produktas\/hermann-hesse-skaitymai-minutems\/#primaryimage\"},\"image\":{\"@id\":\"https:\/\/skaitytaknyga.lt\/produktas\/hermann-hesse-skaitymai-minutems\/#primaryimage\"},\"thumbnailUrl\":\"https:\/\/skaitytaknyga.lt\/wp-content\/uploads\/2024\/09\/1718710656_Virselis_Skaitymai_minutems_2024.webp\",\"datePublished\":\"2024-09-10T07:42:14+00:00\",\"dateModified\":\"2026-04-02T07:10:34+00:00\",\"description\":\"\u201eSkaitymai minut\u0117ms\u201c\u00a0\u2013 vieno \u017eymiausi\u0173 vokie\u010di\u0173 ra\u0161ytoj\u0173, Nobelio premijos laureato\u00a0Hermanno Hesse's\u00a0min\u010di\u0173 rinkinys. Surinktos i\u0161 knyg\u0173 ir lai\u0161k\u0173, \u0161ios\",\"breadcrumb\":{\"@id\":\"https:\/\/skaitytaknyga.lt\/produktas\/hermann-hesse-skaitymai-minutems\/#breadcrumb\"},\"inLanguage\":\"en-GB\",\"potentialAction\":[{\"@type\":\"ReadAction\",\"target\":[\"https:\/\/skaitytaknyga.lt\/produktas\/hermann-hesse-skaitymai-minutems\/\"]}]},{\"@type\":\"ImageObject\",\"inLanguage\":\"en-GB\",\"@id\":\"https:\/\/skaitytaknyga.lt\/produktas\/hermann-hesse-skaitymai-minutems\/#primaryimage\",\"url\":\"https:\/\/skaitytaknyga.lt\/wp-content\/uploads\/2024\/09\/1718710656_Virselis_Skaitymai_minutems_2024.webp\",\"contentUrl\":\"https:\/\/skaitytaknyga.lt\/wp-content\/uploads\/2024\/09\/1718710656_Virselis_Skaitymai_minutems_2024.webp\",\"width\":505,\"height\":800,\"caption\":\"Skaitymai minutems\"},{\"@type\":\"BreadcrumbList\",\"@id\":\"https:\/\/skaitytaknyga.lt\/produktas\/hermann-hesse-skaitymai-minutems\/#breadcrumb\",\"itemListElement\":[{\"@type\":\"ListItem\",\"position\":1,\"name\":\"Home\",\"item\":\"https:\/\/skaitytaknyga.lt\/\"},{\"@type\":\"ListItem\",\"position\":2,\"name\":\"Parduotuv\u0117\",\"item\":\"https:\/\/skaitytaknyga.lt\/knygu-parduotuve\/\"},{\"@type\":\"ListItem\",\"position\":3,\"name\":\"Skaitymai minut\u0117ms\"}]},{\"@type\":\"WebSite\",\"@id\":\"https:\/\/skaitytaknyga.lt\/#website\",\"url\":\"https:\/\/skaitytaknyga.lt\/\",\"name\":\"skaitytaknyga.lt\",\"description\":\"Skaitytaknyga.lt \u2013 tai ma\u017eas \u0161eimos verslas, kuris prasid\u0117jo nuo meil\u0117s knygoms ir siekio i\u0161gelb\u0117ti knygas nuo likimo prie konteinerio. Kas vienam nereikalingas daiktas \u2013 kitam lobis, o mes esame tarpininkai, kurie padeda abiems tapti laimingesniems ???? \u017dinome kaip nelengva i\u0161gyventi ma\u017eiems verslams, tad nuo \u0161iol, \u010dia rasite ir kit\u0173, ma\u017e\u0173 \u0161eim\u0173 versl\u0173, rank\u0173 darbo, dovan\u0173 sau ir artimiesiems.\",\"publisher\":{\"@id\":\"https:\/\/skaitytaknyga.lt\/#organization\"},\"potentialAction\":[{\"@type\":\"SearchAction\",\"target\":{\"@type\":\"EntryPoint\",\"urlTemplate\":\"https:\/\/skaitytaknyga.lt\/?s={search_term_string}\"},\"query-input\":{\"@type\":\"PropertyValueSpecification\",\"valueRequired\":true,\"valueName\":\"search_term_string\"}}],\"inLanguage\":\"en-GB\"},{\"@type\":\"Organization\",\"@id\":\"https:\/\/skaitytaknyga.lt\/#organization\",\"name\":\"skaitytaknyga.lt\",\"url\":\"https:\/\/skaitytaknyga.lt\/\",\"logo\":{\"@type\":\"ImageObject\",\"inLanguage\":\"en-GB\",\"@id\":\"https:\/\/skaitytaknyga.lt\/#\/schema\/logo\/image\/\",\"url\":\"https:\/\/skaitytaknyga.lt\/wp-content\/uploads\/2024\/05\/cropped-cropped-cropped-02_00843_jt3bggkj1j3HLc7SyY6rEUpg.jpeg\",\"contentUrl\":\"https:\/\/skaitytaknyga.lt\/wp-content\/uploads\/2024\/05\/cropped-cropped-cropped-02_00843_jt3bggkj1j3HLc7SyY6rEUpg.jpeg\",\"width\":1600,\"height\":1600,\"caption\":\"skaitytaknyga.lt\"},\"image\":{\"@id\":\"https:\/\/skaitytaknyga.lt\/#\/schema\/logo\/image\/\"},\"sameAs\":[\"https:\/\/www.facebook.com\/skaitytaknyga\/\"]}]}<\/script>\n<!-- \/ Yoast SEO plugin. -->","yoast_head_json":{"title":"Skaitymai minut\u0117ms","description":"\u201eSkaitymai minut\u0117ms\u201c\u00a0\u2013 vieno \u017eymiausi\u0173 vokie\u010di\u0173 ra\u0161ytoj\u0173, Nobelio premijos laureato\u00a0Hermanno Hesse's\u00a0min\u010di\u0173 rinkinys. Surinktos i\u0161 knyg\u0173 ir lai\u0161k\u0173, \u0161ios","robots":{"index":"index","follow":"follow","max-snippet":"max-snippet:-1","max-image-preview":"max-image-preview:large","max-video-preview":"max-video-preview:-1"},"canonical":"https:\/\/skaitytaknyga.lt\/en\/produktas\/hermann-hesse-skaitymai-minutems\/","og_locale":"en_GB","og_type":"article","og_title":"[:lt]Skaitymai minut\u0117ms[:] - Skaitytaknyga","og_description":"\u201eSkaitymai minut\u0117ms\u201c\u00a0\u2013 vieno \u017eymiausi\u0173 vokie\u010di\u0173 ra\u0161ytoj\u0173, Nobelio premijos laureato\u00a0Hermanno Hesse's\u00a0min\u010di\u0173 rinkinys. Surinktos i\u0161 knyg\u0173 ir lai\u0161k\u0173, \u0161ios","og_url":"https:\/\/skaitytaknyga.lt\/en\/produktas\/hermann-hesse-skaitymai-minutems\/","og_site_name":"Skaitytaknyga","article_publisher":"https:\/\/www.facebook.com\/skaitytaknyga\/","article_modified_time":"2026-04-02T07:10:34+00:00","og_image":[{"width":505,"height":800,"url":"https:\/\/skaitytaknyga.lt\/wp-content\/uploads\/2024\/09\/1718710656_Virselis_Skaitymai_minutems_2024.webp","type":"image\/webp"}],"twitter_card":"summary_large_image","twitter_misc":{"Estimated reading time":"1 minute"},"schema":{"@context":"https:\/\/schema.org","@graph":[{"@type":"WebPage","@id":"https:\/\/skaitytaknyga.lt\/produktas\/hermann-hesse-skaitymai-minutems\/","url":"https:\/\/skaitytaknyga.lt\/produktas\/hermann-hesse-skaitymai-minutems\/","name":"Skaitymai minut\u0117ms","isPartOf":{"@id":"https:\/\/skaitytaknyga.lt\/#website"},"primaryImageOfPage":{"@id":"https:\/\/skaitytaknyga.lt\/produktas\/hermann-hesse-skaitymai-minutems\/#primaryimage"},"image":{"@id":"https:\/\/skaitytaknyga.lt\/produktas\/hermann-hesse-skaitymai-minutems\/#primaryimage"},"thumbnailUrl":"https:\/\/skaitytaknyga.lt\/wp-content\/uploads\/2024\/09\/1718710656_Virselis_Skaitymai_minutems_2024.webp","datePublished":"2024-09-10T07:42:14+00:00","dateModified":"2026-04-02T07:10:34+00:00","description":"\u201eSkaitymai minut\u0117ms\u201c\u00a0\u2013 vieno \u017eymiausi\u0173 vokie\u010di\u0173 ra\u0161ytoj\u0173, Nobelio premijos laureato\u00a0Hermanno Hesse's\u00a0min\u010di\u0173 rinkinys. Surinktos i\u0161 knyg\u0173 ir lai\u0161k\u0173, \u0161ios","breadcrumb":{"@id":"https:\/\/skaitytaknyga.lt\/produktas\/hermann-hesse-skaitymai-minutems\/#breadcrumb"},"inLanguage":"en-GB","potentialAction":[{"@type":"ReadAction","target":["https:\/\/skaitytaknyga.lt\/produktas\/hermann-hesse-skaitymai-minutems\/"]}]},{"@type":"ImageObject","inLanguage":"en-GB","@id":"https:\/\/skaitytaknyga.lt\/produktas\/hermann-hesse-skaitymai-minutems\/#primaryimage","url":"https:\/\/skaitytaknyga.lt\/wp-content\/uploads\/2024\/09\/1718710656_Virselis_Skaitymai_minutems_2024.webp","contentUrl":"https:\/\/skaitytaknyga.lt\/wp-content\/uploads\/2024\/09\/1718710656_Virselis_Skaitymai_minutems_2024.webp","width":505,"height":800,"caption":"Skaitymai minutems"},{"@type":"BreadcrumbList","@id":"https:\/\/skaitytaknyga.lt\/produktas\/hermann-hesse-skaitymai-minutems\/#breadcrumb","itemListElement":[{"@type":"ListItem","position":1,"name":"Home","item":"https:\/\/skaitytaknyga.lt\/"},{"@type":"ListItem","position":2,"name":"Parduotuv\u0117","item":"https:\/\/skaitytaknyga.lt\/knygu-parduotuve\/"},{"@type":"ListItem","position":3,"name":"Skaitymai minut\u0117ms"}]},{"@type":"WebSite","@id":"https:\/\/skaitytaknyga.lt\/#website","url":"https:\/\/skaitytaknyga.lt\/","name":"skaitytaknyga.lt","description":"Skaitytaknyga.lt \u2013 tai ma\u017eas \u0161eimos verslas, kuris prasid\u0117jo nuo meil\u0117s knygoms ir siekio i\u0161gelb\u0117ti knygas nuo likimo prie konteinerio. Kas vienam nereikalingas daiktas \u2013 kitam lobis, o mes esame tarpininkai, kurie padeda abiems tapti laimingesniems ???? \u017dinome kaip nelengva i\u0161gyventi ma\u017eiems verslams, tad nuo \u0161iol, \u010dia rasite ir kit\u0173, ma\u017e\u0173 \u0161eim\u0173 versl\u0173, rank\u0173 darbo, dovan\u0173 sau ir artimiesiems.","publisher":{"@id":"https:\/\/skaitytaknyga.lt\/#organization"},"potentialAction":[{"@type":"SearchAction","target":{"@type":"EntryPoint","urlTemplate":"https:\/\/skaitytaknyga.lt\/?s={search_term_string}"},"query-input":{"@type":"PropertyValueSpecification","valueRequired":true,"valueName":"search_term_string"}}],"inLanguage":"en-GB"},{"@type":"Organization","@id":"https:\/\/skaitytaknyga.lt\/#organization","name":"skaitytaknyga.lt","url":"https:\/\/skaitytaknyga.lt\/","logo":{"@type":"ImageObject","inLanguage":"en-GB","@id":"https:\/\/skaitytaknyga.lt\/#\/schema\/logo\/image\/","url":"https:\/\/skaitytaknyga.lt\/wp-content\/uploads\/2024\/05\/cropped-cropped-cropped-02_00843_jt3bggkj1j3HLc7SyY6rEUpg.jpeg","contentUrl":"https:\/\/skaitytaknyga.lt\/wp-content\/uploads\/2024\/05\/cropped-cropped-cropped-02_00843_jt3bggkj1j3HLc7SyY6rEUpg.jpeg","width":1600,"height":1600,"caption":"skaitytaknyga.lt"},"image":{"@id":"https:\/\/skaitytaknyga.lt\/#\/schema\/logo\/image\/"},"sameAs":["https:\/\/www.facebook.com\/skaitytaknyga\/"]}]}},"_links":{"self":[{"href":"https:\/\/skaitytaknyga.lt\/en\/wp-json\/wp\/v2\/product\/13850","targetHints":{"allow":["GET"]}}],"collection":[{"href":"https:\/\/skaitytaknyga.lt\/en\/wp-json\/wp\/v2\/product"}],"about":[{"href":"https:\/\/skaitytaknyga.lt\/en\/wp-json\/wp\/v2\/types\/product"}],"replies":[{"embeddable":true,"href":"https:\/\/skaitytaknyga.lt\/en\/wp-json\/wp\/v2\/comments?post=13850"}],"wp:featuredmedia":[{"embeddable":true,"href":"https:\/\/skaitytaknyga.lt\/en\/wp-json\/wp\/v2\/media\/13855"}],"wp:attachment":[{"href":"https:\/\/skaitytaknyga.lt\/en\/wp-json\/wp\/v2\/media?parent=13850"}],"wp:term":[{"taxonomy":"product_brand","embeddable":true,"href":"https:\/\/skaitytaknyga.lt\/en\/wp-json\/wp\/v2\/product_brand?post=13850"},{"taxonomy":"product_cat","embeddable":true,"href":"https:\/\/skaitytaknyga.lt\/en\/wp-json\/wp\/v2\/product_cat?post=13850"},{"taxonomy":"product_tag","embeddable":true,"href":"https:\/\/skaitytaknyga.lt\/en\/wp-json\/wp\/v2\/product_tag?post=13850"}],"curies":[{"name":"wp","href":"https:\/\/api.w.org\/{rel}","templated":true}]}}