{"id":13847,"date":"2024-09-10T10:42:14","date_gmt":"2024-09-10T07:42:14","guid":{"rendered":"https:\/\/skaitytaknyga.lt\/?post_type=product&#038;p=13847"},"modified":"2026-03-18T14:59:53","modified_gmt":"2026-03-18T12:59:53","slug":"liudas-dovydenas-rinktiniai-rastai-i-tomas","status":"publish","type":"product","link":"https:\/\/skaitytaknyga.lt\/en\/produktas\/liudas-dovydenas-rinktiniai-rastai-i-tomas\/","title":{"rendered":"Liudas Dovyd\u0117nas. Rinktiniai ra\u0161tai I tomas"},"content":{"rendered":"<p>\u0160iame \u201eRinktini\u0173 ra\u0161t\u0173\u201c tome pateikiamas i\u0161pl\u0117stinis atsiminim\u0173 srautas.<\/p>\n<p>Objektyviai, bet grie\u017etai autorius vertina komunistin\u0119 ideologij\u0105 ir praktik\u0105 \u2013 apra\u0161omi 1940\u20131941-\u0173j\u0173 met\u0173 \u012fvykiai, daug d\u0117mesio skiriama okupacin\u0117s vald\u017eios \u017eiaurioms akcijoms, esama ir bendresnio pob\u016bd\u017eio samprotavim\u0173, knygos pabaigoje yra skyrius apie pasitraukim\u0105 i\u0161 Lietuvos 1944-aisiais ir keliolika puslapi\u0173 apie M. Suslovo vykdytas pokario represijas Lietuvoje.<\/p>\n<ul class=\"about-product d-none d-xl-block mt-4\">\n<li><strong>Autorius:<\/strong>\u00a0Liudas Dovyd\u0117nas<\/li>\n<li><strong>Leid\u0117jas:<\/strong>\u00a0Lietuvos ra\u0161ytoj\u0173 s\u0105jungos leidykla<\/li>\n<li><strong>Metai:<\/strong>\u00a02002<\/li>\n<li><strong>Puslapiai:<\/strong>\u00a0429<\/li>\n<li><strong>ISBN:<\/strong>\u00a09789986392095<\/li>\n<li><strong>Formatas:<\/strong>\u00a013 x 17 cm, kieti vir\u0161eliai<\/li>\n<li><strong>Kalba:<\/strong>\u00a0Lietuvi\u0173<\/li>\n<\/ul>\n","protected":false},"excerpt":{"rendered":"<p>\u0160iame \u201eRinktini\u0173 ra\u0161t\u0173\u201c tome pateikiamas i\u0161pl\u0117stinis atsiminim\u0173 srautas. Objektyviai, bet grie\u017etai autorius vertina komunistin\u0119 ideologij\u0105 ir praktik\u0105 \u2013 apra\u0161omi 1940\u20131941-\u0173j\u0173 met\u0173 \u012fvykiai, daug d\u0117mesio skiriama okupacin\u0117s vald\u017eios \u017eiaurioms akcijoms, esama ir bendresnio pob\u016bd\u017eio samprotavim\u0173, knygos pabaigoje yra skyrius apie pasitraukim\u0105 i\u0161 Lietuvos 1944-aisiais ir keliolika puslapi\u0173 apie M. Suslovo vykdytas pokario represijas Lietuvoje. Autorius:\u00a0Liudas Dovyd\u0117nas Leid\u0117jas:\u00a0Lietuvos ra\u0161ytoj\u0173 s\u0105jungos leidykla Metai:\u00a02002 Puslapiai:\u00a0429 ISBN:\u00a09789986392095 Formatas:\u00a013 x 17 cm, kieti vir\u0161eliai Kalba:\u00a0Lietuvi\u0173<\/p>\n","protected":false},"featured_media":13856,"comment_status":"open","ping_status":"closed","template":"","meta":{"_acf_changed":false,"site-sidebar-layout":"default","site-content-layout":"","ast-site-content-layout":"default","site-content-style":"default","site-sidebar-style":"default","ast-global-header-display":"","ast-banner-title-visibility":"","ast-main-header-display":"","ast-hfb-above-header-display":"","ast-hfb-below-header-display":"","ast-hfb-mobile-header-display":"","site-post-title":"","ast-breadcrumbs-content":"","ast-featured-img":"","footer-sml-layout":"","ast-disable-related-posts":"","theme-transparent-header-meta":"default","adv-header-id-meta":"","stick-header-meta":"","header-above-stick-meta":"","header-main-stick-meta":"","header-below-stick-meta":"","astra-migrate-meta-layouts":"set","ast-page-background-enabled":"default","ast-page-background-meta":{"desktop":{"background-color":"","background-image":"","background-repeat":"repeat","background-position":"center center","background-size":"auto","background-attachment":"scroll","background-type":"","background-media":"","overlay-type":"","overlay-color":"","overlay-opacity":"","overlay-gradient":""},"tablet":{"background-color":"","background-image":"","background-repeat":"repeat","background-position":"center center","background-size":"auto","background-attachment":"scroll","background-type":"","background-media":"","overlay-type":"","overlay-color":"","overlay-opacity":"","overlay-gradient":""},"mobile":{"background-color":"","background-image":"","background-repeat":"repeat","background-position":"center center","background-size":"auto","background-attachment":"scroll","background-type":"","background-media":"","overlay-type":"","overlay-color":"","overlay-opacity":"","overlay-gradient":""}},"ast-content-background-meta":{"desktop":{"background-color":"var(--ast-global-color-4)","background-image":"","background-repeat":"repeat","background-position":"center center","background-size":"auto","background-attachment":"scroll","background-type":"","background-media":"","overlay-type":"","overlay-color":"","overlay-opacity":"","overlay-gradient":""},"tablet":{"background-color":"var(--ast-global-color-4)","background-image":"","background-repeat":"repeat","background-position":"center center","background-size":"auto","background-attachment":"scroll","background-type":"","background-media":"","overlay-type":"","overlay-color":"","overlay-opacity":"","overlay-gradient":""},"mobile":{"background-color":"var(--ast-global-color-4)","background-image":"","background-repeat":"repeat","background-position":"center center","background-size":"auto","background-attachment":"scroll","background-type":"","background-media":"","overlay-type":"","overlay-color":"","overlay-opacity":"","overlay-gradient":""}}},"product_brand":[],"product_cat":[9862,174,15],"product_tag":[],"class_list":{"0":"post-13847","1":"product","2":"type-product","3":"status-publish","4":"has-post-thumbnail","6":"product_cat-lietuvos-istorija","7":"product_cat-istorija-ir-politologija","8":"product_cat-uncategorized","9":"desktop-align-left","10":"tablet-align-left","11":"mobile-align-left","13":"first","14":"outofstock","15":"shipping-taxable","16":"purchasable","17":"product-type-simple"},"acf":[],"yoast_head":"<!-- This site is optimized with the Yoast SEO plugin v27.0 - https:\/\/yoast.com\/product\/yoast-seo-wordpress\/ -->\n<title>Liudas Dovyd\u0117nas. Rinktiniai ra\u0161tai I tomas<\/title>\n<meta name=\"description\" content=\"\u0160iame \u201eRinktini\u0173 ra\u0161t\u0173\u201c tome pateikiamas i\u0161pl\u0117stinis atsiminim\u0173 srautas. Objektyviai, bet grie\u017etai autorius vertina komunistin\u0119 ideologij\u0105 ir praktik\u0105 \u2013\" \/>\n<meta name=\"robots\" content=\"index, follow, max-snippet:-1, max-image-preview:large, max-video-preview:-1\" \/>\n<link rel=\"canonical\" href=\"https:\/\/skaitytaknyga.lt\/en\/produktas\/liudas-dovydenas-rinktiniai-rastai-i-tomas\/\" \/>\n<meta property=\"og:locale\" content=\"en_GB\" \/>\n<meta property=\"og:locale:alternate\" content=\"lt_LT\" \/>\n<meta property=\"og:type\" content=\"article\" \/>\n<meta property=\"og:title\" content=\"Liudas Dovyd\u0117nas. Rinktiniai ra\u0161tai I tomas\" \/>\n<meta property=\"og:description\" content=\"\u0160iame \u201eRinktini\u0173 ra\u0161t\u0173\u201c tome pateikiamas i\u0161pl\u0117stinis atsiminim\u0173 srautas. Objektyviai, bet grie\u017etai autorius vertina komunistin\u0119 ideologij\u0105 ir praktik\u0105 \u2013\" \/>\n<meta property=\"og:url\" content=\"https:\/\/skaitytaknyga.lt\/en\/produktas\/liudas-dovydenas-rinktiniai-rastai-i-tomas\/\" \/>\n<meta property=\"og:site_name\" content=\"Skaitytaknyga\" \/>\n<meta property=\"article:publisher\" content=\"https:\/\/www.facebook.com\/skaitytaknyga\/\" \/>\n<meta property=\"article:modified_time\" content=\"2026-03-18T12:59:53+00:00\" \/>\n<meta property=\"og:image\" content=\"https:\/\/skaitytaknyga.lt\/wp-content\/uploads\/2024\/09\/Liudas-Dovydenas.-Rinktiniai-rastai-I-tomas.webp\" \/>\n\t<meta property=\"og:image:width\" content=\"383\" \/>\n\t<meta property=\"og:image:height\" content=\"600\" \/>\n\t<meta property=\"og:image:type\" content=\"image\/webp\" \/>\n<meta name=\"twitter:card\" content=\"summary_large_image\" \/>\n<meta name=\"twitter:label1\" content=\"Estimated reading time\" \/>\n\t<meta name=\"twitter:data1\" content=\"1 minute\" \/>\n<script type=\"application\/ld+json\" class=\"yoast-schema-graph\">{\"@context\":\"https:\/\/schema.org\",\"@graph\":[{\"@type\":\"WebPage\",\"@id\":\"https:\/\/skaitytaknyga.lt\/produktas\/liudas-dovydenas-rinktiniai-rastai-i-tomas\/\",\"url\":\"https:\/\/skaitytaknyga.lt\/produktas\/liudas-dovydenas-rinktiniai-rastai-i-tomas\/\",\"name\":\"Liudas Dovyd\u0117nas. Rinktiniai ra\u0161tai I tomas\",\"isPartOf\":{\"@id\":\"https:\/\/skaitytaknyga.lt\/#website\"},\"primaryImageOfPage\":{\"@id\":\"https:\/\/skaitytaknyga.lt\/produktas\/liudas-dovydenas-rinktiniai-rastai-i-tomas\/#primaryimage\"},\"image\":{\"@id\":\"https:\/\/skaitytaknyga.lt\/produktas\/liudas-dovydenas-rinktiniai-rastai-i-tomas\/#primaryimage\"},\"thumbnailUrl\":\"https:\/\/skaitytaknyga.lt\/wp-content\/uploads\/2024\/09\/Liudas-Dovydenas.-Rinktiniai-rastai-I-tomas.webp\",\"datePublished\":\"2024-09-10T07:42:14+00:00\",\"dateModified\":\"2026-03-18T12:59:53+00:00\",\"description\":\"\u0160iame \u201eRinktini\u0173 ra\u0161t\u0173\u201c tome pateikiamas i\u0161pl\u0117stinis atsiminim\u0173 srautas. Objektyviai, bet grie\u017etai autorius vertina komunistin\u0119 ideologij\u0105 ir praktik\u0105 \u2013\",\"breadcrumb\":{\"@id\":\"https:\/\/skaitytaknyga.lt\/produktas\/liudas-dovydenas-rinktiniai-rastai-i-tomas\/#breadcrumb\"},\"inLanguage\":\"en-GB\",\"potentialAction\":[{\"@type\":\"ReadAction\",\"target\":[\"https:\/\/skaitytaknyga.lt\/produktas\/liudas-dovydenas-rinktiniai-rastai-i-tomas\/\"]}]},{\"@type\":\"ImageObject\",\"inLanguage\":\"en-GB\",\"@id\":\"https:\/\/skaitytaknyga.lt\/produktas\/liudas-dovydenas-rinktiniai-rastai-i-tomas\/#primaryimage\",\"url\":\"https:\/\/skaitytaknyga.lt\/wp-content\/uploads\/2024\/09\/Liudas-Dovydenas.-Rinktiniai-rastai-I-tomas.webp\",\"contentUrl\":\"https:\/\/skaitytaknyga.lt\/wp-content\/uploads\/2024\/09\/Liudas-Dovydenas.-Rinktiniai-rastai-I-tomas.webp\",\"width\":383,\"height\":600,\"caption\":\"Liudas Dovyd\u0117nas. Rinktiniai ra\u0161tai I tomas\"},{\"@type\":\"BreadcrumbList\",\"@id\":\"https:\/\/skaitytaknyga.lt\/produktas\/liudas-dovydenas-rinktiniai-rastai-i-tomas\/#breadcrumb\",\"itemListElement\":[{\"@type\":\"ListItem\",\"position\":1,\"name\":\"Home\",\"item\":\"https:\/\/skaitytaknyga.lt\/\"},{\"@type\":\"ListItem\",\"position\":2,\"name\":\"Parduotuv\u0117\",\"item\":\"https:\/\/skaitytaknyga.lt\/knygu-parduotuve\/\"},{\"@type\":\"ListItem\",\"position\":3,\"name\":\"Liudas Dovyd\u0117nas. Rinktiniai ra\u0161tai I tomas\"}]},{\"@type\":\"WebSite\",\"@id\":\"https:\/\/skaitytaknyga.lt\/#website\",\"url\":\"https:\/\/skaitytaknyga.lt\/\",\"name\":\"skaitytaknyga.lt\",\"description\":\"Skaitytaknyga.lt \u2013 tai ma\u017eas \u0161eimos verslas, kuris prasid\u0117jo nuo meil\u0117s knygoms ir siekio i\u0161gelb\u0117ti knygas nuo likimo prie konteinerio. Kas vienam nereikalingas daiktas \u2013 kitam lobis, o mes esame tarpininkai, kurie padeda abiems tapti laimingesniems ???? \u017dinome kaip nelengva i\u0161gyventi ma\u017eiems verslams, tad nuo \u0161iol, \u010dia rasite ir kit\u0173, ma\u017e\u0173 \u0161eim\u0173 versl\u0173, rank\u0173 darbo, dovan\u0173 sau ir artimiesiems.\",\"publisher\":{\"@id\":\"https:\/\/skaitytaknyga.lt\/#organization\"},\"potentialAction\":[{\"@type\":\"SearchAction\",\"target\":{\"@type\":\"EntryPoint\",\"urlTemplate\":\"https:\/\/skaitytaknyga.lt\/?s={search_term_string}\"},\"query-input\":{\"@type\":\"PropertyValueSpecification\",\"valueRequired\":true,\"valueName\":\"search_term_string\"}}],\"inLanguage\":\"en-GB\"},{\"@type\":\"Organization\",\"@id\":\"https:\/\/skaitytaknyga.lt\/#organization\",\"name\":\"skaitytaknyga.lt\",\"url\":\"https:\/\/skaitytaknyga.lt\/\",\"logo\":{\"@type\":\"ImageObject\",\"inLanguage\":\"en-GB\",\"@id\":\"https:\/\/skaitytaknyga.lt\/#\/schema\/logo\/image\/\",\"url\":\"https:\/\/skaitytaknyga.lt\/wp-content\/uploads\/2024\/05\/cropped-cropped-cropped-02_00843_jt3bggkj1j3HLc7SyY6rEUpg.jpeg\",\"contentUrl\":\"https:\/\/skaitytaknyga.lt\/wp-content\/uploads\/2024\/05\/cropped-cropped-cropped-02_00843_jt3bggkj1j3HLc7SyY6rEUpg.jpeg\",\"width\":1600,\"height\":1600,\"caption\":\"skaitytaknyga.lt\"},\"image\":{\"@id\":\"https:\/\/skaitytaknyga.lt\/#\/schema\/logo\/image\/\"},\"sameAs\":[\"https:\/\/www.facebook.com\/skaitytaknyga\/\"]}]}<\/script>\n<!-- \/ Yoast SEO plugin. -->","yoast_head_json":{"title":"Liudas Dovyd\u0117nas. Rinktiniai ra\u0161tai I tomas","description":"\u0160iame \u201eRinktini\u0173 ra\u0161t\u0173\u201c tome pateikiamas i\u0161pl\u0117stinis atsiminim\u0173 srautas. Objektyviai, bet grie\u017etai autorius vertina komunistin\u0119 ideologij\u0105 ir praktik\u0105 \u2013","robots":{"index":"index","follow":"follow","max-snippet":"max-snippet:-1","max-image-preview":"max-image-preview:large","max-video-preview":"max-video-preview:-1"},"canonical":"https:\/\/skaitytaknyga.lt\/en\/produktas\/liudas-dovydenas-rinktiniai-rastai-i-tomas\/","og_locale":"en_GB","og_type":"article","og_title":"[:lt]Liudas Dovyd\u0117nas. Rinktiniai ra\u0161tai I tomas[:] - Skaitytaknyga","og_description":"\u0160iame \u201eRinktini\u0173 ra\u0161t\u0173\u201c tome pateikiamas i\u0161pl\u0117stinis atsiminim\u0173 srautas. Objektyviai, bet grie\u017etai autorius vertina komunistin\u0119 ideologij\u0105 ir praktik\u0105 \u2013","og_url":"https:\/\/skaitytaknyga.lt\/en\/produktas\/liudas-dovydenas-rinktiniai-rastai-i-tomas\/","og_site_name":"Skaitytaknyga","article_publisher":"https:\/\/www.facebook.com\/skaitytaknyga\/","article_modified_time":"2026-03-18T12:59:53+00:00","og_image":[{"width":383,"height":600,"url":"https:\/\/skaitytaknyga.lt\/wp-content\/uploads\/2024\/09\/Liudas-Dovydenas.-Rinktiniai-rastai-I-tomas.webp","type":"image\/webp"}],"twitter_card":"summary_large_image","twitter_misc":{"Estimated reading time":"1 minute"},"schema":{"@context":"https:\/\/schema.org","@graph":[{"@type":"WebPage","@id":"https:\/\/skaitytaknyga.lt\/produktas\/liudas-dovydenas-rinktiniai-rastai-i-tomas\/","url":"https:\/\/skaitytaknyga.lt\/produktas\/liudas-dovydenas-rinktiniai-rastai-i-tomas\/","name":"Liudas Dovyd\u0117nas. Rinktiniai ra\u0161tai I tomas","isPartOf":{"@id":"https:\/\/skaitytaknyga.lt\/#website"},"primaryImageOfPage":{"@id":"https:\/\/skaitytaknyga.lt\/produktas\/liudas-dovydenas-rinktiniai-rastai-i-tomas\/#primaryimage"},"image":{"@id":"https:\/\/skaitytaknyga.lt\/produktas\/liudas-dovydenas-rinktiniai-rastai-i-tomas\/#primaryimage"},"thumbnailUrl":"https:\/\/skaitytaknyga.lt\/wp-content\/uploads\/2024\/09\/Liudas-Dovydenas.-Rinktiniai-rastai-I-tomas.webp","datePublished":"2024-09-10T07:42:14+00:00","dateModified":"2026-03-18T12:59:53+00:00","description":"\u0160iame \u201eRinktini\u0173 ra\u0161t\u0173\u201c tome pateikiamas i\u0161pl\u0117stinis atsiminim\u0173 srautas. Objektyviai, bet grie\u017etai autorius vertina komunistin\u0119 ideologij\u0105 ir praktik\u0105 \u2013","breadcrumb":{"@id":"https:\/\/skaitytaknyga.lt\/produktas\/liudas-dovydenas-rinktiniai-rastai-i-tomas\/#breadcrumb"},"inLanguage":"en-GB","potentialAction":[{"@type":"ReadAction","target":["https:\/\/skaitytaknyga.lt\/produktas\/liudas-dovydenas-rinktiniai-rastai-i-tomas\/"]}]},{"@type":"ImageObject","inLanguage":"en-GB","@id":"https:\/\/skaitytaknyga.lt\/produktas\/liudas-dovydenas-rinktiniai-rastai-i-tomas\/#primaryimage","url":"https:\/\/skaitytaknyga.lt\/wp-content\/uploads\/2024\/09\/Liudas-Dovydenas.-Rinktiniai-rastai-I-tomas.webp","contentUrl":"https:\/\/skaitytaknyga.lt\/wp-content\/uploads\/2024\/09\/Liudas-Dovydenas.-Rinktiniai-rastai-I-tomas.webp","width":383,"height":600,"caption":"Liudas Dovyd\u0117nas. Rinktiniai ra\u0161tai I tomas"},{"@type":"BreadcrumbList","@id":"https:\/\/skaitytaknyga.lt\/produktas\/liudas-dovydenas-rinktiniai-rastai-i-tomas\/#breadcrumb","itemListElement":[{"@type":"ListItem","position":1,"name":"Home","item":"https:\/\/skaitytaknyga.lt\/"},{"@type":"ListItem","position":2,"name":"Parduotuv\u0117","item":"https:\/\/skaitytaknyga.lt\/knygu-parduotuve\/"},{"@type":"ListItem","position":3,"name":"Liudas Dovyd\u0117nas. Rinktiniai ra\u0161tai I tomas"}]},{"@type":"WebSite","@id":"https:\/\/skaitytaknyga.lt\/#website","url":"https:\/\/skaitytaknyga.lt\/","name":"skaitytaknyga.lt","description":"Skaitytaknyga.lt \u2013 tai ma\u017eas \u0161eimos verslas, kuris prasid\u0117jo nuo meil\u0117s knygoms ir siekio i\u0161gelb\u0117ti knygas nuo likimo prie konteinerio. Kas vienam nereikalingas daiktas \u2013 kitam lobis, o mes esame tarpininkai, kurie padeda abiems tapti laimingesniems ???? \u017dinome kaip nelengva i\u0161gyventi ma\u017eiems verslams, tad nuo \u0161iol, \u010dia rasite ir kit\u0173, ma\u017e\u0173 \u0161eim\u0173 versl\u0173, rank\u0173 darbo, dovan\u0173 sau ir artimiesiems.","publisher":{"@id":"https:\/\/skaitytaknyga.lt\/#organization"},"potentialAction":[{"@type":"SearchAction","target":{"@type":"EntryPoint","urlTemplate":"https:\/\/skaitytaknyga.lt\/?s={search_term_string}"},"query-input":{"@type":"PropertyValueSpecification","valueRequired":true,"valueName":"search_term_string"}}],"inLanguage":"en-GB"},{"@type":"Organization","@id":"https:\/\/skaitytaknyga.lt\/#organization","name":"skaitytaknyga.lt","url":"https:\/\/skaitytaknyga.lt\/","logo":{"@type":"ImageObject","inLanguage":"en-GB","@id":"https:\/\/skaitytaknyga.lt\/#\/schema\/logo\/image\/","url":"https:\/\/skaitytaknyga.lt\/wp-content\/uploads\/2024\/05\/cropped-cropped-cropped-02_00843_jt3bggkj1j3HLc7SyY6rEUpg.jpeg","contentUrl":"https:\/\/skaitytaknyga.lt\/wp-content\/uploads\/2024\/05\/cropped-cropped-cropped-02_00843_jt3bggkj1j3HLc7SyY6rEUpg.jpeg","width":1600,"height":1600,"caption":"skaitytaknyga.lt"},"image":{"@id":"https:\/\/skaitytaknyga.lt\/#\/schema\/logo\/image\/"},"sameAs":["https:\/\/www.facebook.com\/skaitytaknyga\/"]}]}},"_links":{"self":[{"href":"https:\/\/skaitytaknyga.lt\/en\/wp-json\/wp\/v2\/product\/13847","targetHints":{"allow":["GET"]}}],"collection":[{"href":"https:\/\/skaitytaknyga.lt\/en\/wp-json\/wp\/v2\/product"}],"about":[{"href":"https:\/\/skaitytaknyga.lt\/en\/wp-json\/wp\/v2\/types\/product"}],"replies":[{"embeddable":true,"href":"https:\/\/skaitytaknyga.lt\/en\/wp-json\/wp\/v2\/comments?post=13847"}],"wp:featuredmedia":[{"embeddable":true,"href":"https:\/\/skaitytaknyga.lt\/en\/wp-json\/wp\/v2\/media\/13856"}],"wp:attachment":[{"href":"https:\/\/skaitytaknyga.lt\/en\/wp-json\/wp\/v2\/media?parent=13847"}],"wp:term":[{"taxonomy":"product_brand","embeddable":true,"href":"https:\/\/skaitytaknyga.lt\/en\/wp-json\/wp\/v2\/product_brand?post=13847"},{"taxonomy":"product_cat","embeddable":true,"href":"https:\/\/skaitytaknyga.lt\/en\/wp-json\/wp\/v2\/product_cat?post=13847"},{"taxonomy":"product_tag","embeddable":true,"href":"https:\/\/skaitytaknyga.lt\/en\/wp-json\/wp\/v2\/product_tag?post=13847"}],"curies":[{"name":"wp","href":"https:\/\/api.w.org\/{rel}","templated":true}]}}