{"id":13846,"date":"2024-09-10T10:42:14","date_gmt":"2024-09-10T07:42:14","guid":{"rendered":"https:\/\/skaitytaknyga.lt\/?post_type=product&#038;p=13846"},"modified":"2025-07-02T15:08:47","modified_gmt":"2025-07-02T12:08:47","slug":"munthe-axel-knyga-apie-san-mikele-su-defektu","status":"publish","type":"product","link":"https:\/\/skaitytaknyga.lt\/en\/produktas\/munthe-axel-knyga-apie-san-mikele-su-defektu\/","title":{"rendered":"Knyga apie San Mikel\u0119"},"content":{"rendered":"<div>\u201eSaugokis \u0161viesos! Saugokis \u0161viesos! Per didel\u0117 \u0161viesa kenkia mirting\u0173j\u0173 akims!\u201c<\/div>\n<div><\/div>\n<div>\u201eKnyga apie San Mikel\u0119\u201c \u2013 ir gydytojo u\u017era\u0161ai, ir autobiografija.<\/div>\n<div><\/div>\n<div>Axelis Munthe pripa\u017e\u012fsta, \u201ekad norint para\u0161yti knyg\u0105 apie save, papras\u010diausiai tereikia visomis i\u0161gal\u0117mis stengtis galvoti apie kitus.\u201c<\/div>\n<div><\/div>\n<div>Knygoje pasakojama apie gydytojo gyvenime sutiktus \u012fdomius ir \u017einomus \u017emones (knygoje \u0161m\u0117steli ra\u0161ytojas Guy de Maupassant\u2018as, gydytojas Louis Pasteuras), turtingus ir varg\u0161us, sunkiai sergan\u010dius ir hipochondri\u0161kas Pary\u017eiaus damas, kurioms, j\u0173 pa\u010di\u0173 labui, reikia sugalvoti lig\u0105. Taip pat apie gyv\u016bnus, kurie pirmi pa\u017e\u012fsta Mirt\u012f, ir apie pauk\u0161\u010dius, kuri\u0173 \u010diulb\u0117jimas galiausiai nutildys \u201eVie\u0161paties r\u016bstyb\u0117s griausm\u0105\u201c. Pasakojama su meile, gailes\u010diu, \u0161velniu humoru, sklandant vos juntamai magijos dvasiai.<\/div>\n<div>Tai gyvenimo i\u0161minties knyga, skaitoma i\u0161 kartos \u012f kart\u0105. Juk \u201egyvenimas teb\u0117ra toks kaip visuomet: nejautrus \u012fvykiams, abejingas \u017emoni\u0173 d\u017eiaugsmams ir sielvartui, nebylus ir m\u012fslingas it sfinksas\u201c.<\/div>\n","protected":false},"excerpt":{"rendered":"<p>\u201eSaugokis \u0161viesos! Saugokis \u0161viesos! Per didel\u0117 \u0161viesa kenkia mirting\u0173j\u0173 akims!\u201c \u201eKnyga apie San Mikel\u0119\u201c \u2013 ir gydytojo u\u017era\u0161ai, ir autobiografija. Axelis Munthe pripa\u017e\u012fsta, \u201ekad norint para\u0161yti knyg\u0105 apie save, papras\u010diausiai tereikia visomis i\u0161gal\u0117mis stengtis galvoti apie kitus.\u201c Knygoje pasakojama apie gydytojo gyvenime sutiktus \u012fdomius ir \u017einomus \u017emones (knygoje \u0161m\u0117steli ra\u0161ytojas Guy de Maupassant\u2018as, gydytojas Louis Pasteuras), turtingus ir varg\u0161us, sunkiai sergan\u010dius ir hipochondri\u0161kas Pary\u017eiaus damas, kurioms, j\u0173 pa\u010di\u0173 labui, reikia sugalvoti lig\u0105. Taip pat apie gyv\u016bnus, kurie pirmi pa\u017e\u012fsta Mirt\u012f, ir apie pauk\u0161\u010dius, kuri\u0173 \u010diulb\u0117jimas galiausiai nutildys \u201eVie\u0161paties r\u016bstyb\u0117s griausm\u0105\u201c. Pasakojama su meile, gailes\u010diu, \u0161velniu humoru, sklandant vos juntamai magijos dvasiai. Tai gyvenimo i\u0161minties knyga, skaitoma i\u0161 kartos \u012f kart\u0105. Juk \u201egyvenimas teb\u0117ra toks kaip visuomet: nejautrus \u012fvykiams, abejingas \u017emoni\u0173 d\u017eiaugsmams ir sielvartui, nebylus ir m\u012fslingas it sfinksas\u201c.<\/p>\n","protected":false},"featured_media":13857,"comment_status":"open","ping_status":"closed","template":"","meta":{"_acf_changed":false,"site-sidebar-layout":"default","site-content-layout":"","ast-site-content-layout":"default","site-content-style":"default","site-sidebar-style":"default","ast-global-header-display":"","ast-banner-title-visibility":"","ast-main-header-display":"","ast-hfb-above-header-display":"","ast-hfb-below-header-display":"","ast-hfb-mobile-header-display":"","site-post-title":"","ast-breadcrumbs-content":"","ast-featured-img":"","footer-sml-layout":"","ast-disable-related-posts":"","theme-transparent-header-meta":"default","adv-header-id-meta":"","stick-header-meta":"","header-above-stick-meta":"","header-main-stick-meta":"","header-below-stick-meta":"","astra-migrate-meta-layouts":"set","ast-page-background-enabled":"default","ast-page-background-meta":{"desktop":{"background-color":"","background-image":"","background-repeat":"repeat","background-position":"center center","background-size":"auto","background-attachment":"scroll","background-type":"","background-media":"","overlay-type":"","overlay-color":"","overlay-opacity":"","overlay-gradient":""},"tablet":{"background-color":"","background-image":"","background-repeat":"repeat","background-position":"center center","background-size":"auto","background-attachment":"scroll","background-type":"","background-media":"","overlay-type":"","overlay-color":"","overlay-opacity":"","overlay-gradient":""},"mobile":{"background-color":"","background-image":"","background-repeat":"repeat","background-position":"center center","background-size":"auto","background-attachment":"scroll","background-type":"","background-media":"","overlay-type":"","overlay-color":"","overlay-opacity":"","overlay-gradient":""}},"ast-content-background-meta":{"desktop":{"background-color":"var(--ast-global-color-4)","background-image":"","background-repeat":"repeat","background-position":"center center","background-size":"auto","background-attachment":"scroll","background-type":"","background-media":"","overlay-type":"","overlay-color":"","overlay-opacity":"","overlay-gradient":""},"tablet":{"background-color":"var(--ast-global-color-4)","background-image":"","background-repeat":"repeat","background-position":"center center","background-size":"auto","background-attachment":"scroll","background-type":"","background-media":"","overlay-type":"","overlay-color":"","overlay-opacity":"","overlay-gradient":""},"mobile":{"background-color":"var(--ast-global-color-4)","background-image":"","background-repeat":"repeat","background-position":"center center","background-size":"auto","background-attachment":"scroll","background-type":"","background-media":"","overlay-type":"","overlay-color":"","overlay-opacity":"","overlay-gradient":""}}},"product_brand":[],"product_cat":[31,15,28],"product_tag":[],"class_list":{"0":"post-13846","1":"product","2":"type-product","3":"status-publish","4":"has-post-thumbnail","6":"product_cat-grozine-literatura","7":"product_cat-uncategorized","8":"product_cat-klasika","9":"desktop-align-left","10":"tablet-align-left","11":"mobile-align-left","13":"first","14":"instock","15":"shipping-taxable","16":"purchasable","17":"product-type-simple"},"acf":[],"yoast_head":"<!-- This site is optimized with the Yoast SEO plugin v27.0 - https:\/\/yoast.com\/product\/yoast-seo-wordpress\/ -->\n<title>Knyga apie San Mikel\u0119<\/title>\n<meta name=\"description\" content=\"\u201eSaugokis \u0161viesos! Saugokis \u0161viesos! Per didel\u0117 \u0161viesa kenkia mirting\u0173j\u0173 akims!\u201c \u201eKnyga apie San Mikel\u0119\u201c \u2013 ir gydytojo u\u017era\u0161ai, ir autobiografija. Axelis\" \/>\n<meta name=\"robots\" content=\"index, follow, max-snippet:-1, max-image-preview:large, max-video-preview:-1\" \/>\n<link rel=\"canonical\" href=\"https:\/\/skaitytaknyga.lt\/en\/produktas\/munthe-axel-knyga-apie-san-mikele-su-defektu\/\" \/>\n<meta property=\"og:locale\" content=\"en_GB\" \/>\n<meta property=\"og:locale:alternate\" content=\"lt_LT\" \/>\n<meta property=\"og:type\" content=\"article\" \/>\n<meta property=\"og:title\" content=\"Knyga apie San Mikel\u0119\" \/>\n<meta property=\"og:description\" content=\"\u201eSaugokis \u0161viesos! Saugokis \u0161viesos! Per didel\u0117 \u0161viesa kenkia mirting\u0173j\u0173 akims!\u201c \u201eKnyga apie San Mikel\u0119\u201c \u2013 ir gydytojo u\u017era\u0161ai, ir autobiografija. Axelis\" \/>\n<meta property=\"og:url\" content=\"https:\/\/skaitytaknyga.lt\/en\/produktas\/munthe-axel-knyga-apie-san-mikele-su-defektu\/\" \/>\n<meta property=\"og:site_name\" content=\"Skaitytaknyga\" \/>\n<meta property=\"article:publisher\" content=\"https:\/\/www.facebook.com\/skaitytaknyga\/\" \/>\n<meta property=\"article:modified_time\" content=\"2025-07-02T12:08:47+00:00\" \/>\n<meta property=\"og:image\" content=\"https:\/\/skaitytaknyga.lt\/wp-content\/uploads\/2024\/09\/Knyga-apie-San-Mikele-e1725966689671.jpg\" \/>\n\t<meta property=\"og:image:width\" content=\"269\" \/>\n\t<meta property=\"og:image:height\" content=\"439\" \/>\n\t<meta property=\"og:image:type\" content=\"image\/jpeg\" \/>\n<meta name=\"twitter:card\" content=\"summary_large_image\" \/>\n<meta name=\"twitter:label1\" content=\"Estimated reading time\" \/>\n\t<meta name=\"twitter:data1\" content=\"1 minute\" \/>\n<script type=\"application\/ld+json\" class=\"yoast-schema-graph\">{\"@context\":\"https:\/\/schema.org\",\"@graph\":[{\"@type\":\"WebPage\",\"@id\":\"https:\/\/skaitytaknyga.lt\/produktas\/munthe-axel-knyga-apie-san-mikele-su-defektu\/\",\"url\":\"https:\/\/skaitytaknyga.lt\/produktas\/munthe-axel-knyga-apie-san-mikele-su-defektu\/\",\"name\":\"Knyga apie San Mikel\u0119\",\"isPartOf\":{\"@id\":\"https:\/\/skaitytaknyga.lt\/#website\"},\"primaryImageOfPage\":{\"@id\":\"https:\/\/skaitytaknyga.lt\/produktas\/munthe-axel-knyga-apie-san-mikele-su-defektu\/#primaryimage\"},\"image\":{\"@id\":\"https:\/\/skaitytaknyga.lt\/produktas\/munthe-axel-knyga-apie-san-mikele-su-defektu\/#primaryimage\"},\"thumbnailUrl\":\"https:\/\/skaitytaknyga.lt\/wp-content\/uploads\/2024\/09\/Knyga-apie-San-Mikele-e1725966689671.jpg\",\"datePublished\":\"2024-09-10T07:42:14+00:00\",\"dateModified\":\"2025-07-02T12:08:47+00:00\",\"description\":\"\u201eSaugokis \u0161viesos! Saugokis \u0161viesos! Per didel\u0117 \u0161viesa kenkia mirting\u0173j\u0173 akims!\u201c \u201eKnyga apie San Mikel\u0119\u201c \u2013 ir gydytojo u\u017era\u0161ai, ir autobiografija. Axelis\",\"breadcrumb\":{\"@id\":\"https:\/\/skaitytaknyga.lt\/produktas\/munthe-axel-knyga-apie-san-mikele-su-defektu\/#breadcrumb\"},\"inLanguage\":\"en-GB\",\"potentialAction\":[{\"@type\":\"ReadAction\",\"target\":[\"https:\/\/skaitytaknyga.lt\/produktas\/munthe-axel-knyga-apie-san-mikele-su-defektu\/\"]}]},{\"@type\":\"ImageObject\",\"inLanguage\":\"en-GB\",\"@id\":\"https:\/\/skaitytaknyga.lt\/produktas\/munthe-axel-knyga-apie-san-mikele-su-defektu\/#primaryimage\",\"url\":\"https:\/\/skaitytaknyga.lt\/wp-content\/uploads\/2024\/09\/Knyga-apie-San-Mikele-e1725966689671.jpg\",\"contentUrl\":\"https:\/\/skaitytaknyga.lt\/wp-content\/uploads\/2024\/09\/Knyga-apie-San-Mikele-e1725966689671.jpg\",\"width\":269,\"height\":439,\"caption\":\"Knyga apie San Mikel\u0119\"},{\"@type\":\"BreadcrumbList\",\"@id\":\"https:\/\/skaitytaknyga.lt\/produktas\/munthe-axel-knyga-apie-san-mikele-su-defektu\/#breadcrumb\",\"itemListElement\":[{\"@type\":\"ListItem\",\"position\":1,\"name\":\"Home\",\"item\":\"https:\/\/skaitytaknyga.lt\/\"},{\"@type\":\"ListItem\",\"position\":2,\"name\":\"Parduotuv\u0117\",\"item\":\"https:\/\/skaitytaknyga.lt\/knygu-parduotuve\/\"},{\"@type\":\"ListItem\",\"position\":3,\"name\":\"Knyga apie San Mikel\u0119\"}]},{\"@type\":\"WebSite\",\"@id\":\"https:\/\/skaitytaknyga.lt\/#website\",\"url\":\"https:\/\/skaitytaknyga.lt\/\",\"name\":\"skaitytaknyga.lt\",\"description\":\"Skaitytaknyga.lt \u2013 tai ma\u017eas \u0161eimos verslas, kuris prasid\u0117jo nuo meil\u0117s knygoms ir siekio i\u0161gelb\u0117ti knygas nuo likimo prie konteinerio. Kas vienam nereikalingas daiktas \u2013 kitam lobis, o mes esame tarpininkai, kurie padeda abiems tapti laimingesniems ???? \u017dinome kaip nelengva i\u0161gyventi ma\u017eiems verslams, tad nuo \u0161iol, \u010dia rasite ir kit\u0173, ma\u017e\u0173 \u0161eim\u0173 versl\u0173, rank\u0173 darbo, dovan\u0173 sau ir artimiesiems.\",\"publisher\":{\"@id\":\"https:\/\/skaitytaknyga.lt\/#organization\"},\"potentialAction\":[{\"@type\":\"SearchAction\",\"target\":{\"@type\":\"EntryPoint\",\"urlTemplate\":\"https:\/\/skaitytaknyga.lt\/?s={search_term_string}\"},\"query-input\":{\"@type\":\"PropertyValueSpecification\",\"valueRequired\":true,\"valueName\":\"search_term_string\"}}],\"inLanguage\":\"en-GB\"},{\"@type\":\"Organization\",\"@id\":\"https:\/\/skaitytaknyga.lt\/#organization\",\"name\":\"skaitytaknyga.lt\",\"url\":\"https:\/\/skaitytaknyga.lt\/\",\"logo\":{\"@type\":\"ImageObject\",\"inLanguage\":\"en-GB\",\"@id\":\"https:\/\/skaitytaknyga.lt\/#\/schema\/logo\/image\/\",\"url\":\"https:\/\/skaitytaknyga.lt\/wp-content\/uploads\/2024\/05\/cropped-cropped-cropped-02_00843_jt3bggkj1j3HLc7SyY6rEUpg.jpeg\",\"contentUrl\":\"https:\/\/skaitytaknyga.lt\/wp-content\/uploads\/2024\/05\/cropped-cropped-cropped-02_00843_jt3bggkj1j3HLc7SyY6rEUpg.jpeg\",\"width\":1600,\"height\":1600,\"caption\":\"skaitytaknyga.lt\"},\"image\":{\"@id\":\"https:\/\/skaitytaknyga.lt\/#\/schema\/logo\/image\/\"},\"sameAs\":[\"https:\/\/www.facebook.com\/skaitytaknyga\/\"]}]}<\/script>\n<!-- \/ Yoast SEO plugin. -->","yoast_head_json":{"title":"Knyga apie San Mikel\u0119","description":"\u201eSaugokis \u0161viesos! Saugokis \u0161viesos! Per didel\u0117 \u0161viesa kenkia mirting\u0173j\u0173 akims!\u201c \u201eKnyga apie San Mikel\u0119\u201c \u2013 ir gydytojo u\u017era\u0161ai, ir autobiografija. Axelis","robots":{"index":"index","follow":"follow","max-snippet":"max-snippet:-1","max-image-preview":"max-image-preview:large","max-video-preview":"max-video-preview:-1"},"canonical":"https:\/\/skaitytaknyga.lt\/en\/produktas\/munthe-axel-knyga-apie-san-mikele-su-defektu\/","og_locale":"en_GB","og_type":"article","og_title":"[:lt]Knyga apie San Mikel\u0119[:] - Skaitytaknyga","og_description":"\u201eSaugokis \u0161viesos! Saugokis \u0161viesos! Per didel\u0117 \u0161viesa kenkia mirting\u0173j\u0173 akims!\u201c \u201eKnyga apie San Mikel\u0119\u201c \u2013 ir gydytojo u\u017era\u0161ai, ir autobiografija. Axelis","og_url":"https:\/\/skaitytaknyga.lt\/en\/produktas\/munthe-axel-knyga-apie-san-mikele-su-defektu\/","og_site_name":"Skaitytaknyga","article_publisher":"https:\/\/www.facebook.com\/skaitytaknyga\/","article_modified_time":"2025-07-02T12:08:47+00:00","og_image":[{"width":269,"height":439,"url":"https:\/\/skaitytaknyga.lt\/wp-content\/uploads\/2024\/09\/Knyga-apie-San-Mikele-e1725966689671.jpg","type":"image\/jpeg"}],"twitter_card":"summary_large_image","twitter_misc":{"Estimated reading time":"1 minute"},"schema":{"@context":"https:\/\/schema.org","@graph":[{"@type":"WebPage","@id":"https:\/\/skaitytaknyga.lt\/produktas\/munthe-axel-knyga-apie-san-mikele-su-defektu\/","url":"https:\/\/skaitytaknyga.lt\/produktas\/munthe-axel-knyga-apie-san-mikele-su-defektu\/","name":"Knyga apie San Mikel\u0119","isPartOf":{"@id":"https:\/\/skaitytaknyga.lt\/#website"},"primaryImageOfPage":{"@id":"https:\/\/skaitytaknyga.lt\/produktas\/munthe-axel-knyga-apie-san-mikele-su-defektu\/#primaryimage"},"image":{"@id":"https:\/\/skaitytaknyga.lt\/produktas\/munthe-axel-knyga-apie-san-mikele-su-defektu\/#primaryimage"},"thumbnailUrl":"https:\/\/skaitytaknyga.lt\/wp-content\/uploads\/2024\/09\/Knyga-apie-San-Mikele-e1725966689671.jpg","datePublished":"2024-09-10T07:42:14+00:00","dateModified":"2025-07-02T12:08:47+00:00","description":"\u201eSaugokis \u0161viesos! Saugokis \u0161viesos! Per didel\u0117 \u0161viesa kenkia mirting\u0173j\u0173 akims!\u201c \u201eKnyga apie San Mikel\u0119\u201c \u2013 ir gydytojo u\u017era\u0161ai, ir autobiografija. Axelis","breadcrumb":{"@id":"https:\/\/skaitytaknyga.lt\/produktas\/munthe-axel-knyga-apie-san-mikele-su-defektu\/#breadcrumb"},"inLanguage":"en-GB","potentialAction":[{"@type":"ReadAction","target":["https:\/\/skaitytaknyga.lt\/produktas\/munthe-axel-knyga-apie-san-mikele-su-defektu\/"]}]},{"@type":"ImageObject","inLanguage":"en-GB","@id":"https:\/\/skaitytaknyga.lt\/produktas\/munthe-axel-knyga-apie-san-mikele-su-defektu\/#primaryimage","url":"https:\/\/skaitytaknyga.lt\/wp-content\/uploads\/2024\/09\/Knyga-apie-San-Mikele-e1725966689671.jpg","contentUrl":"https:\/\/skaitytaknyga.lt\/wp-content\/uploads\/2024\/09\/Knyga-apie-San-Mikele-e1725966689671.jpg","width":269,"height":439,"caption":"Knyga apie San Mikel\u0119"},{"@type":"BreadcrumbList","@id":"https:\/\/skaitytaknyga.lt\/produktas\/munthe-axel-knyga-apie-san-mikele-su-defektu\/#breadcrumb","itemListElement":[{"@type":"ListItem","position":1,"name":"Home","item":"https:\/\/skaitytaknyga.lt\/"},{"@type":"ListItem","position":2,"name":"Parduotuv\u0117","item":"https:\/\/skaitytaknyga.lt\/knygu-parduotuve\/"},{"@type":"ListItem","position":3,"name":"Knyga apie San Mikel\u0119"}]},{"@type":"WebSite","@id":"https:\/\/skaitytaknyga.lt\/#website","url":"https:\/\/skaitytaknyga.lt\/","name":"skaitytaknyga.lt","description":"Skaitytaknyga.lt \u2013 tai ma\u017eas \u0161eimos verslas, kuris prasid\u0117jo nuo meil\u0117s knygoms ir siekio i\u0161gelb\u0117ti knygas nuo likimo prie konteinerio. Kas vienam nereikalingas daiktas \u2013 kitam lobis, o mes esame tarpininkai, kurie padeda abiems tapti laimingesniems ???? \u017dinome kaip nelengva i\u0161gyventi ma\u017eiems verslams, tad nuo \u0161iol, \u010dia rasite ir kit\u0173, ma\u017e\u0173 \u0161eim\u0173 versl\u0173, rank\u0173 darbo, dovan\u0173 sau ir artimiesiems.","publisher":{"@id":"https:\/\/skaitytaknyga.lt\/#organization"},"potentialAction":[{"@type":"SearchAction","target":{"@type":"EntryPoint","urlTemplate":"https:\/\/skaitytaknyga.lt\/?s={search_term_string}"},"query-input":{"@type":"PropertyValueSpecification","valueRequired":true,"valueName":"search_term_string"}}],"inLanguage":"en-GB"},{"@type":"Organization","@id":"https:\/\/skaitytaknyga.lt\/#organization","name":"skaitytaknyga.lt","url":"https:\/\/skaitytaknyga.lt\/","logo":{"@type":"ImageObject","inLanguage":"en-GB","@id":"https:\/\/skaitytaknyga.lt\/#\/schema\/logo\/image\/","url":"https:\/\/skaitytaknyga.lt\/wp-content\/uploads\/2024\/05\/cropped-cropped-cropped-02_00843_jt3bggkj1j3HLc7SyY6rEUpg.jpeg","contentUrl":"https:\/\/skaitytaknyga.lt\/wp-content\/uploads\/2024\/05\/cropped-cropped-cropped-02_00843_jt3bggkj1j3HLc7SyY6rEUpg.jpeg","width":1600,"height":1600,"caption":"skaitytaknyga.lt"},"image":{"@id":"https:\/\/skaitytaknyga.lt\/#\/schema\/logo\/image\/"},"sameAs":["https:\/\/www.facebook.com\/skaitytaknyga\/"]}]}},"_links":{"self":[{"href":"https:\/\/skaitytaknyga.lt\/en\/wp-json\/wp\/v2\/product\/13846","targetHints":{"allow":["GET"]}}],"collection":[{"href":"https:\/\/skaitytaknyga.lt\/en\/wp-json\/wp\/v2\/product"}],"about":[{"href":"https:\/\/skaitytaknyga.lt\/en\/wp-json\/wp\/v2\/types\/product"}],"replies":[{"embeddable":true,"href":"https:\/\/skaitytaknyga.lt\/en\/wp-json\/wp\/v2\/comments?post=13846"}],"wp:featuredmedia":[{"embeddable":true,"href":"https:\/\/skaitytaknyga.lt\/en\/wp-json\/wp\/v2\/media\/13857"}],"wp:attachment":[{"href":"https:\/\/skaitytaknyga.lt\/en\/wp-json\/wp\/v2\/media?parent=13846"}],"wp:term":[{"taxonomy":"product_brand","embeddable":true,"href":"https:\/\/skaitytaknyga.lt\/en\/wp-json\/wp\/v2\/product_brand?post=13846"},{"taxonomy":"product_cat","embeddable":true,"href":"https:\/\/skaitytaknyga.lt\/en\/wp-json\/wp\/v2\/product_cat?post=13846"},{"taxonomy":"product_tag","embeddable":true,"href":"https:\/\/skaitytaknyga.lt\/en\/wp-json\/wp\/v2\/product_tag?post=13846"}],"curies":[{"name":"wp","href":"https:\/\/api.w.org\/{rel}","templated":true}]}}