{"id":13845,"date":"2024-09-10T10:42:13","date_gmt":"2024-09-10T07:42:13","guid":{"rendered":"https:\/\/skaitytaknyga.lt\/?post_type=product&#038;p=13845"},"modified":"2024-09-10T14:19:20","modified_gmt":"2024-09-10T11:19:20","slug":"johathan-stroud-samarkando-amuletas","status":"publish","type":"product","link":"https:\/\/skaitytaknyga.lt\/en\/produktas\/johathan-stroud-samarkando-amuletas\/","title":{"rendered":"Johathan Stroud \u201eSamarkando amuletas\u201c"},"content":{"rendered":"<p>\u0160e\u0161eri\u0173 met\u0173 berniukas Natanielis pradeda mokytis pas burtinink\u0105 Andervud\u0105. Deja, j\u0173 santykiai gana \u0161alti. Vien\u0105 vakar\u0105 pasip\u016bt\u0119s burtininkas Lovelasas sumu\u0161a jaun\u0105j\u012f mokin\u012f. Nuo tada berniukas trok\u0161ta jam atker\u0161yti.<\/p>\n<p>Niekam ne\u017einant i\u0161sikvie\u010dia demon\u0105 Bartim\u0117j\u0173 ir j\u012f \u012ftraukia \u012f savo ker\u0161to planus. \u0160is i\u0161 Lovelaso pavagia galing\u0105 Samarkando amulet\u0105. Galiausiai su\u017eino, kad Lovelasas ketina u\u017egrobti vald\u017ei\u0105.<\/p>\n<p>\u012evykiai veja vienas kit\u0105. Ar pavyks Natanieliui atker\u0161yti? Ar Lovelasas ir jo bendrai sp\u0117s \u012fgyvendinti savo planus?<\/p>\n<ul class=\"about-product d-none d-xl-block mt-4\">\n<li><strong>Autorius:<\/strong>\u00a0Johathan Stroud<\/li>\n<li><strong>Leid\u0117jas:<\/strong>\u00a0Alma littera<\/li>\n<li><strong>Metai:<\/strong>\u00a02007<\/li>\n<li><strong>Puslapiai:<\/strong>\u00a0508<\/li>\n<li><strong>ISBN:<\/strong>\u00a09789955244721<\/li>\n<li><strong>Versijos kodas:<\/strong>\u00a0PT.<\/li>\n<li><strong>Formatas:<\/strong>\u00a015 x 22 cm, mink\u0161ti vir\u0161eliai<\/li>\n<li><strong>Kalba:<\/strong>\u00a0Lietuvi\u0173<\/li>\n<li><strong>Vert\u0117jas:<\/strong>\u00a0Rita Kaminskait\u0117<\/li>\n<\/ul>\n","protected":false},"excerpt":{"rendered":"<p>\u0160e\u0161eri\u0173 met\u0173 berniukas Natanielis pradeda mokytis pas burtinink\u0105 Andervud\u0105. Deja, j\u0173 santykiai gana \u0161alti. Vien\u0105 vakar\u0105 pasip\u016bt\u0119s burtininkas Lovelasas sumu\u0161a jaun\u0105j\u012f mokin\u012f. Nuo tada berniukas trok\u0161ta jam atker\u0161yti. Niekam ne\u017einant i\u0161sikvie\u010dia demon\u0105 Bartim\u0117j\u0173 ir j\u012f \u012ftraukia \u012f savo ker\u0161to planus. \u0160is i\u0161 Lovelaso pavagia galing\u0105 Samarkando amulet\u0105. Galiausiai su\u017eino, kad Lovelasas ketina u\u017egrobti vald\u017ei\u0105. \u012evykiai veja vienas kit\u0105. Ar pavyks Natanieliui atker\u0161yti? Ar Lovelasas ir jo bendrai sp\u0117s \u012fgyvendinti savo planus? Autorius:\u00a0Johathan Stroud Leid\u0117jas:\u00a0Alma littera Metai:\u00a02007 Puslapiai:\u00a0508 ISBN:\u00a09789955244721 Versijos kodas:\u00a0PT. Formatas:\u00a015 x 22 cm, mink\u0161ti vir\u0161eliai Kalba:\u00a0Lietuvi\u0173 Vert\u0117jas:\u00a0Rita Kaminskait\u0117<\/p>\n","protected":false},"featured_media":13858,"comment_status":"open","ping_status":"closed","template":"","meta":{"_acf_changed":false,"site-sidebar-layout":"default","site-content-layout":"","ast-site-content-layout":"default","site-content-style":"default","site-sidebar-style":"default","ast-global-header-display":"","ast-banner-title-visibility":"","ast-main-header-display":"","ast-hfb-above-header-display":"","ast-hfb-below-header-display":"","ast-hfb-mobile-header-display":"","site-post-title":"","ast-breadcrumbs-content":"","ast-featured-img":"","footer-sml-layout":"","ast-disable-related-posts":"","theme-transparent-header-meta":"default","adv-header-id-meta":"","stick-header-meta":"","header-above-stick-meta":"","header-main-stick-meta":"","header-below-stick-meta":"","astra-migrate-meta-layouts":"set","ast-page-background-enabled":"default","ast-page-background-meta":{"desktop":{"background-color":"","background-image":"","background-repeat":"repeat","background-position":"center center","background-size":"auto","background-attachment":"scroll","background-type":"","background-media":"","overlay-type":"","overlay-color":"","overlay-opacity":"","overlay-gradient":""},"tablet":{"background-color":"","background-image":"","background-repeat":"repeat","background-position":"center center","background-size":"auto","background-attachment":"scroll","background-type":"","background-media":"","overlay-type":"","overlay-color":"","overlay-opacity":"","overlay-gradient":""},"mobile":{"background-color":"","background-image":"","background-repeat":"repeat","background-position":"center center","background-size":"auto","background-attachment":"scroll","background-type":"","background-media":"","overlay-type":"","overlay-color":"","overlay-opacity":"","overlay-gradient":""}},"ast-content-background-meta":{"desktop":{"background-color":"var(--ast-global-color-4)","background-image":"","background-repeat":"repeat","background-position":"center center","background-size":"auto","background-attachment":"scroll","background-type":"","background-media":"","overlay-type":"","overlay-color":"","overlay-opacity":"","overlay-gradient":""},"tablet":{"background-color":"var(--ast-global-color-4)","background-image":"","background-repeat":"repeat","background-position":"center center","background-size":"auto","background-attachment":"scroll","background-type":"","background-media":"","overlay-type":"","overlay-color":"","overlay-opacity":"","overlay-gradient":""},"mobile":{"background-color":"var(--ast-global-color-4)","background-image":"","background-repeat":"repeat","background-position":"center center","background-size":"auto","background-attachment":"scroll","background-type":"","background-media":"","overlay-type":"","overlay-color":"","overlay-opacity":"","overlay-gradient":""}}},"product_brand":[],"product_cat":[31,15],"product_tag":[],"class_list":{"0":"post-13845","1":"product","2":"type-product","3":"status-publish","4":"has-post-thumbnail","6":"product_cat-grozine-literatura","7":"product_cat-uncategorized","8":"desktop-align-left","9":"tablet-align-left","10":"mobile-align-left","12":"first","13":"instock","14":"shipping-taxable","15":"purchasable","16":"product-type-simple"},"acf":[],"yoast_head":"<!-- This site is optimized with the Yoast SEO plugin v27.0 - https:\/\/yoast.com\/product\/yoast-seo-wordpress\/ -->\n<title>Johathan Stroud \u201eSamarkando amuletas\u201c<\/title>\n<meta name=\"description\" content=\"\u0160e\u0161eri\u0173 met\u0173 berniukas Natanielis pradeda mokytis pas burtinink\u0105 Andervud\u0105. Deja, j\u0173 santykiai gana \u0161alti. Vien\u0105 vakar\u0105 pasip\u016bt\u0119s burtininkas Lovelasas\" \/>\n<meta name=\"robots\" content=\"index, follow, max-snippet:-1, max-image-preview:large, max-video-preview:-1\" \/>\n<link rel=\"canonical\" href=\"https:\/\/skaitytaknyga.lt\/en\/produktas\/johathan-stroud-samarkando-amuletas\/\" \/>\n<meta property=\"og:locale\" content=\"en_GB\" \/>\n<meta property=\"og:locale:alternate\" content=\"lt_LT\" \/>\n<meta property=\"og:type\" content=\"article\" \/>\n<meta property=\"og:title\" content=\"Johathan Stroud \u201eSamarkando amuletas\u201c\" \/>\n<meta property=\"og:description\" content=\"\u0160e\u0161eri\u0173 met\u0173 berniukas Natanielis pradeda mokytis pas burtinink\u0105 Andervud\u0105. Deja, j\u0173 santykiai gana \u0161alti. Vien\u0105 vakar\u0105 pasip\u016bt\u0119s burtininkas Lovelasas\" \/>\n<meta property=\"og:url\" content=\"https:\/\/skaitytaknyga.lt\/en\/produktas\/johathan-stroud-samarkando-amuletas\/\" \/>\n<meta property=\"og:site_name\" content=\"Skaitytaknyga\" \/>\n<meta property=\"article:publisher\" content=\"https:\/\/www.facebook.com\/skaitytaknyga\/\" \/>\n<meta property=\"article:modified_time\" content=\"2024-09-10T11:19:20+00:00\" \/>\n<meta property=\"og:image\" content=\"https:\/\/skaitytaknyga.lt\/wp-content\/uploads\/2024\/09\/1462874881_samarkando.webp\" \/>\n\t<meta property=\"og:image:width\" content=\"523\" \/>\n\t<meta property=\"og:image:height\" content=\"800\" \/>\n\t<meta property=\"og:image:type\" content=\"image\/webp\" \/>\n<meta name=\"twitter:card\" content=\"summary_large_image\" \/>\n<meta name=\"twitter:label1\" content=\"Estimated reading time\" \/>\n\t<meta name=\"twitter:data1\" content=\"1 minute\" \/>\n<script type=\"application\/ld+json\" class=\"yoast-schema-graph\">{\"@context\":\"https:\/\/schema.org\",\"@graph\":[{\"@type\":\"WebPage\",\"@id\":\"https:\/\/skaitytaknyga.lt\/produktas\/johathan-stroud-samarkando-amuletas\/\",\"url\":\"https:\/\/skaitytaknyga.lt\/produktas\/johathan-stroud-samarkando-amuletas\/\",\"name\":\"Johathan Stroud \u201eSamarkando amuletas\u201c\",\"isPartOf\":{\"@id\":\"https:\/\/skaitytaknyga.lt\/#website\"},\"primaryImageOfPage\":{\"@id\":\"https:\/\/skaitytaknyga.lt\/produktas\/johathan-stroud-samarkando-amuletas\/#primaryimage\"},\"image\":{\"@id\":\"https:\/\/skaitytaknyga.lt\/produktas\/johathan-stroud-samarkando-amuletas\/#primaryimage\"},\"thumbnailUrl\":\"https:\/\/skaitytaknyga.lt\/wp-content\/uploads\/2024\/09\/1462874881_samarkando.webp\",\"datePublished\":\"2024-09-10T07:42:13+00:00\",\"dateModified\":\"2024-09-10T11:19:20+00:00\",\"description\":\"\u0160e\u0161eri\u0173 met\u0173 berniukas Natanielis pradeda mokytis pas burtinink\u0105 Andervud\u0105. Deja, j\u0173 santykiai gana \u0161alti. Vien\u0105 vakar\u0105 pasip\u016bt\u0119s burtininkas Lovelasas\",\"breadcrumb\":{\"@id\":\"https:\/\/skaitytaknyga.lt\/produktas\/johathan-stroud-samarkando-amuletas\/#breadcrumb\"},\"inLanguage\":\"en-GB\",\"potentialAction\":[{\"@type\":\"ReadAction\",\"target\":[\"https:\/\/skaitytaknyga.lt\/produktas\/johathan-stroud-samarkando-amuletas\/\"]}]},{\"@type\":\"ImageObject\",\"inLanguage\":\"en-GB\",\"@id\":\"https:\/\/skaitytaknyga.lt\/produktas\/johathan-stroud-samarkando-amuletas\/#primaryimage\",\"url\":\"https:\/\/skaitytaknyga.lt\/wp-content\/uploads\/2024\/09\/1462874881_samarkando.webp\",\"contentUrl\":\"https:\/\/skaitytaknyga.lt\/wp-content\/uploads\/2024\/09\/1462874881_samarkando.webp\",\"width\":523,\"height\":800,\"caption\":\"Johathan Stroud \u201eSamarkando amuletas\u201c\"},{\"@type\":\"BreadcrumbList\",\"@id\":\"https:\/\/skaitytaknyga.lt\/produktas\/johathan-stroud-samarkando-amuletas\/#breadcrumb\",\"itemListElement\":[{\"@type\":\"ListItem\",\"position\":1,\"name\":\"Home\",\"item\":\"https:\/\/skaitytaknyga.lt\/\"},{\"@type\":\"ListItem\",\"position\":2,\"name\":\"Parduotuv\u0117\",\"item\":\"https:\/\/skaitytaknyga.lt\/knygu-parduotuve\/\"},{\"@type\":\"ListItem\",\"position\":3,\"name\":\"Johathan Stroud \u201eSamarkando amuletas\u201c\"}]},{\"@type\":\"WebSite\",\"@id\":\"https:\/\/skaitytaknyga.lt\/#website\",\"url\":\"https:\/\/skaitytaknyga.lt\/\",\"name\":\"skaitytaknyga.lt\",\"description\":\"Skaitytaknyga.lt \u2013 tai ma\u017eas \u0161eimos verslas, kuris prasid\u0117jo nuo meil\u0117s knygoms ir siekio i\u0161gelb\u0117ti knygas nuo likimo prie konteinerio. Kas vienam nereikalingas daiktas \u2013 kitam lobis, o mes esame tarpininkai, kurie padeda abiems tapti laimingesniems ???? \u017dinome kaip nelengva i\u0161gyventi ma\u017eiems verslams, tad nuo \u0161iol, \u010dia rasite ir kit\u0173, ma\u017e\u0173 \u0161eim\u0173 versl\u0173, rank\u0173 darbo, dovan\u0173 sau ir artimiesiems.\",\"publisher\":{\"@id\":\"https:\/\/skaitytaknyga.lt\/#organization\"},\"potentialAction\":[{\"@type\":\"SearchAction\",\"target\":{\"@type\":\"EntryPoint\",\"urlTemplate\":\"https:\/\/skaitytaknyga.lt\/?s={search_term_string}\"},\"query-input\":{\"@type\":\"PropertyValueSpecification\",\"valueRequired\":true,\"valueName\":\"search_term_string\"}}],\"inLanguage\":\"en-GB\"},{\"@type\":\"Organization\",\"@id\":\"https:\/\/skaitytaknyga.lt\/#organization\",\"name\":\"skaitytaknyga.lt\",\"url\":\"https:\/\/skaitytaknyga.lt\/\",\"logo\":{\"@type\":\"ImageObject\",\"inLanguage\":\"en-GB\",\"@id\":\"https:\/\/skaitytaknyga.lt\/#\/schema\/logo\/image\/\",\"url\":\"https:\/\/skaitytaknyga.lt\/wp-content\/uploads\/2024\/05\/cropped-cropped-cropped-02_00843_jt3bggkj1j3HLc7SyY6rEUpg.jpeg\",\"contentUrl\":\"https:\/\/skaitytaknyga.lt\/wp-content\/uploads\/2024\/05\/cropped-cropped-cropped-02_00843_jt3bggkj1j3HLc7SyY6rEUpg.jpeg\",\"width\":1600,\"height\":1600,\"caption\":\"skaitytaknyga.lt\"},\"image\":{\"@id\":\"https:\/\/skaitytaknyga.lt\/#\/schema\/logo\/image\/\"},\"sameAs\":[\"https:\/\/www.facebook.com\/skaitytaknyga\/\"]}]}<\/script>\n<!-- \/ Yoast SEO plugin. -->","yoast_head_json":{"title":"Johathan Stroud \u201eSamarkando amuletas\u201c","description":"\u0160e\u0161eri\u0173 met\u0173 berniukas Natanielis pradeda mokytis pas burtinink\u0105 Andervud\u0105. Deja, j\u0173 santykiai gana \u0161alti. Vien\u0105 vakar\u0105 pasip\u016bt\u0119s burtininkas Lovelasas","robots":{"index":"index","follow":"follow","max-snippet":"max-snippet:-1","max-image-preview":"max-image-preview:large","max-video-preview":"max-video-preview:-1"},"canonical":"https:\/\/skaitytaknyga.lt\/en\/produktas\/johathan-stroud-samarkando-amuletas\/","og_locale":"en_GB","og_type":"article","og_title":"[:lt]Johathan Stroud \u201eSamarkando amuletas\u201c[:] - Skaitytaknyga","og_description":"\u0160e\u0161eri\u0173 met\u0173 berniukas Natanielis pradeda mokytis pas burtinink\u0105 Andervud\u0105. Deja, j\u0173 santykiai gana \u0161alti. Vien\u0105 vakar\u0105 pasip\u016bt\u0119s burtininkas Lovelasas","og_url":"https:\/\/skaitytaknyga.lt\/en\/produktas\/johathan-stroud-samarkando-amuletas\/","og_site_name":"Skaitytaknyga","article_publisher":"https:\/\/www.facebook.com\/skaitytaknyga\/","article_modified_time":"2024-09-10T11:19:20+00:00","og_image":[{"width":523,"height":800,"url":"https:\/\/skaitytaknyga.lt\/wp-content\/uploads\/2024\/09\/1462874881_samarkando.webp","type":"image\/webp"}],"twitter_card":"summary_large_image","twitter_misc":{"Estimated reading time":"1 minute"},"schema":{"@context":"https:\/\/schema.org","@graph":[{"@type":"WebPage","@id":"https:\/\/skaitytaknyga.lt\/produktas\/johathan-stroud-samarkando-amuletas\/","url":"https:\/\/skaitytaknyga.lt\/produktas\/johathan-stroud-samarkando-amuletas\/","name":"Johathan Stroud \u201eSamarkando amuletas\u201c","isPartOf":{"@id":"https:\/\/skaitytaknyga.lt\/#website"},"primaryImageOfPage":{"@id":"https:\/\/skaitytaknyga.lt\/produktas\/johathan-stroud-samarkando-amuletas\/#primaryimage"},"image":{"@id":"https:\/\/skaitytaknyga.lt\/produktas\/johathan-stroud-samarkando-amuletas\/#primaryimage"},"thumbnailUrl":"https:\/\/skaitytaknyga.lt\/wp-content\/uploads\/2024\/09\/1462874881_samarkando.webp","datePublished":"2024-09-10T07:42:13+00:00","dateModified":"2024-09-10T11:19:20+00:00","description":"\u0160e\u0161eri\u0173 met\u0173 berniukas Natanielis pradeda mokytis pas burtinink\u0105 Andervud\u0105. Deja, j\u0173 santykiai gana \u0161alti. Vien\u0105 vakar\u0105 pasip\u016bt\u0119s burtininkas Lovelasas","breadcrumb":{"@id":"https:\/\/skaitytaknyga.lt\/produktas\/johathan-stroud-samarkando-amuletas\/#breadcrumb"},"inLanguage":"en-GB","potentialAction":[{"@type":"ReadAction","target":["https:\/\/skaitytaknyga.lt\/produktas\/johathan-stroud-samarkando-amuletas\/"]}]},{"@type":"ImageObject","inLanguage":"en-GB","@id":"https:\/\/skaitytaknyga.lt\/produktas\/johathan-stroud-samarkando-amuletas\/#primaryimage","url":"https:\/\/skaitytaknyga.lt\/wp-content\/uploads\/2024\/09\/1462874881_samarkando.webp","contentUrl":"https:\/\/skaitytaknyga.lt\/wp-content\/uploads\/2024\/09\/1462874881_samarkando.webp","width":523,"height":800,"caption":"Johathan Stroud \u201eSamarkando amuletas\u201c"},{"@type":"BreadcrumbList","@id":"https:\/\/skaitytaknyga.lt\/produktas\/johathan-stroud-samarkando-amuletas\/#breadcrumb","itemListElement":[{"@type":"ListItem","position":1,"name":"Home","item":"https:\/\/skaitytaknyga.lt\/"},{"@type":"ListItem","position":2,"name":"Parduotuv\u0117","item":"https:\/\/skaitytaknyga.lt\/knygu-parduotuve\/"},{"@type":"ListItem","position":3,"name":"Johathan Stroud \u201eSamarkando amuletas\u201c"}]},{"@type":"WebSite","@id":"https:\/\/skaitytaknyga.lt\/#website","url":"https:\/\/skaitytaknyga.lt\/","name":"skaitytaknyga.lt","description":"Skaitytaknyga.lt \u2013 tai ma\u017eas \u0161eimos verslas, kuris prasid\u0117jo nuo meil\u0117s knygoms ir siekio i\u0161gelb\u0117ti knygas nuo likimo prie konteinerio. Kas vienam nereikalingas daiktas \u2013 kitam lobis, o mes esame tarpininkai, kurie padeda abiems tapti laimingesniems ???? \u017dinome kaip nelengva i\u0161gyventi ma\u017eiems verslams, tad nuo \u0161iol, \u010dia rasite ir kit\u0173, ma\u017e\u0173 \u0161eim\u0173 versl\u0173, rank\u0173 darbo, dovan\u0173 sau ir artimiesiems.","publisher":{"@id":"https:\/\/skaitytaknyga.lt\/#organization"},"potentialAction":[{"@type":"SearchAction","target":{"@type":"EntryPoint","urlTemplate":"https:\/\/skaitytaknyga.lt\/?s={search_term_string}"},"query-input":{"@type":"PropertyValueSpecification","valueRequired":true,"valueName":"search_term_string"}}],"inLanguage":"en-GB"},{"@type":"Organization","@id":"https:\/\/skaitytaknyga.lt\/#organization","name":"skaitytaknyga.lt","url":"https:\/\/skaitytaknyga.lt\/","logo":{"@type":"ImageObject","inLanguage":"en-GB","@id":"https:\/\/skaitytaknyga.lt\/#\/schema\/logo\/image\/","url":"https:\/\/skaitytaknyga.lt\/wp-content\/uploads\/2024\/05\/cropped-cropped-cropped-02_00843_jt3bggkj1j3HLc7SyY6rEUpg.jpeg","contentUrl":"https:\/\/skaitytaknyga.lt\/wp-content\/uploads\/2024\/05\/cropped-cropped-cropped-02_00843_jt3bggkj1j3HLc7SyY6rEUpg.jpeg","width":1600,"height":1600,"caption":"skaitytaknyga.lt"},"image":{"@id":"https:\/\/skaitytaknyga.lt\/#\/schema\/logo\/image\/"},"sameAs":["https:\/\/www.facebook.com\/skaitytaknyga\/"]}]}},"_links":{"self":[{"href":"https:\/\/skaitytaknyga.lt\/en\/wp-json\/wp\/v2\/product\/13845","targetHints":{"allow":["GET"]}}],"collection":[{"href":"https:\/\/skaitytaknyga.lt\/en\/wp-json\/wp\/v2\/product"}],"about":[{"href":"https:\/\/skaitytaknyga.lt\/en\/wp-json\/wp\/v2\/types\/product"}],"replies":[{"embeddable":true,"href":"https:\/\/skaitytaknyga.lt\/en\/wp-json\/wp\/v2\/comments?post=13845"}],"wp:featuredmedia":[{"embeddable":true,"href":"https:\/\/skaitytaknyga.lt\/en\/wp-json\/wp\/v2\/media\/13858"}],"wp:attachment":[{"href":"https:\/\/skaitytaknyga.lt\/en\/wp-json\/wp\/v2\/media?parent=13845"}],"wp:term":[{"taxonomy":"product_brand","embeddable":true,"href":"https:\/\/skaitytaknyga.lt\/en\/wp-json\/wp\/v2\/product_brand?post=13845"},{"taxonomy":"product_cat","embeddable":true,"href":"https:\/\/skaitytaknyga.lt\/en\/wp-json\/wp\/v2\/product_cat?post=13845"},{"taxonomy":"product_tag","embeddable":true,"href":"https:\/\/skaitytaknyga.lt\/en\/wp-json\/wp\/v2\/product_tag?post=13845"}],"curies":[{"name":"wp","href":"https:\/\/api.w.org\/{rel}","templated":true}]}}