{"id":13843,"date":"2024-09-10T10:42:13","date_gmt":"2024-09-10T07:42:13","guid":{"rendered":"https:\/\/skaitytaknyga.lt\/?post_type=product&#038;p=13843"},"modified":"2026-03-18T14:42:12","modified_gmt":"2026-03-18T12:42:12","slug":"joga-astrologija-homeopatiniai-zirniukai","status":"publish","type":"product","link":"https:\/\/skaitytaknyga.lt\/en\/produktas\/joga-astrologija-homeopatiniai-zirniukai\/","title":{"rendered":"Joga. Astrologija. Homeopatiniai \u017eirniukai"},"content":{"rendered":"<p><b>Knygoje &#8220;Joga. Astrologija. Homeopatiniai \u017eirniukai&#8221;<\/b>\u00a0pasakojama apie krik\u0161\u010dioni\u0173 tik\u0117jim\u0105 ir ezoterik\u0105 kasdienyb\u0117je.<\/p>\n<p>Namus \u012fsireng\u0117te pagal feng\u0161ui, skaitote horoskopus, lankote jogos kursus ar vartojate Bacho \u017eied\u0173 esencijas bei homeopatinius \u017eirniukus, tikite magi\u0161ku akmen\u0173 poveikiu ir pan. \u0160ie ir pana\u0161\u016bs ezoterin\u0117s minties \u201eturtai\u201c jau seniai atrado keli\u0105 \u012f m\u016bs\u0173 kasdien\u012f gyvenim\u0105 ir daugumai \u017emoni\u0173 yra savaime suprantamas dalykas. Ezoterikos parodos bei astrologijos seminarai labai paklaus\u016bs net ir tarp krik\u0161\u010dioni\u0173.<\/p>\n<p>T\u0117vas Klemensas Pilaras, kuris jau daugiau nei 20 met\u0173 gilinasi \u012f ezoterik\u0105, \u201eNaujojo am\u017eiaus\u201c ir alternatyviosios medicinos id\u0117jas, \u012f \u0161i\u0105 tem\u0105 \u017evelgia su \u0161velnia ironija, ta\u010diau ramiai ir i\u0161maniai. Jis nesmerkia ir nekeikia, bet informuoja. Taip tampa ai\u0161ku, kas i\u0161 tikr\u0173j\u0173 yra nepavojinga, o ko geriau vengti.<\/p>\n<p>T\u0117vas Klemensas Pilaras (Clemens Pilar) gim\u0117 1961 m. Vienoje. Baig\u0119s pirmosios pakopos medicinos studijas 1984 m. \u012fstojo \u012f \u0161v. Juozapo Kalasanto ordin\u0105 ir baig\u0119s teologijos studijas, 1989 m. buvo \u012f\u0161ventintas kunigu. Dirba sielovados darb\u0105 Vienos arkivyskupijoje, dalyvauja Ordino veikloje, 2004 m. apgyn\u0117 teologijos daktarin\u0119 disertacij\u0105 ezoterikos tema.<\/p>\n<ul class=\"details-list mt5\">\n<li>Autorius:\u00a0Clemens Pilar<\/li>\n<li>Leid\u0117jas:\u00a0Katalik\u0173 pasaulio leidiniai<\/li>\n<li>I\u0161leidimo metai:\u00a02013<\/li>\n<li>Knygos puslapi\u0173 skai\u010dius:\u00a0172<\/li>\n<li>Formatas:\u00a015&#215;24, mink\u0161ti vir\u0161eliai<\/li>\n<li>ISBN ar kodas:\u00a09789955292241<\/li>\n<\/ul>\n","protected":false},"excerpt":{"rendered":"<p>Knygoje &#8220;Joga. Astrologija. Homeopatiniai \u017eirniukai&#8221;\u00a0pasakojama apie krik\u0161\u010dioni\u0173 tik\u0117jim\u0105 ir ezoterik\u0105 kasdienyb\u0117je. Namus \u012fsireng\u0117te pagal feng\u0161ui, skaitote horoskopus, lankote jogos kursus ar vartojate Bacho \u017eied\u0173 esencijas bei homeopatinius \u017eirniukus, tikite magi\u0161ku akmen\u0173 poveikiu ir pan. \u0160ie ir pana\u0161\u016bs ezoterin\u0117s minties \u201eturtai\u201c jau seniai atrado keli\u0105 \u012f m\u016bs\u0173 kasdien\u012f gyvenim\u0105 ir daugumai \u017emoni\u0173 yra savaime suprantamas dalykas. Ezoterikos parodos bei astrologijos seminarai labai paklaus\u016bs net ir tarp krik\u0161\u010dioni\u0173. T\u0117vas Klemensas Pilaras, kuris jau daugiau nei 20 met\u0173 gilinasi \u012f ezoterik\u0105, \u201eNaujojo am\u017eiaus\u201c ir alternatyviosios medicinos id\u0117jas, \u012f \u0161i\u0105 tem\u0105 \u017evelgia su \u0161velnia ironija, ta\u010diau ramiai ir i\u0161maniai. Jis nesmerkia ir nekeikia, bet informuoja. Taip tampa ai\u0161ku, kas i\u0161 tikr\u0173j\u0173 yra nepavojinga, o ko geriau vengti. T\u0117vas Klemensas Pilaras (Clemens Pilar) gim\u0117 1961 m. Vienoje. Baig\u0119s pirmosios pakopos medicinos studijas 1984 m. \u012fstojo \u012f \u0161v. Juozapo Kalasanto ordin\u0105 ir baig\u0119s teologijos studijas, 1989 m. buvo \u012f\u0161ventintas kunigu. Dirba sielovados darb\u0105 Vienos arkivyskupijoje, dalyvauja Ordino veikloje, 2004 m. apgyn\u0117 teologijos daktarin\u0119 disertacij\u0105 ezoterikos tema. Autorius:\u00a0Clemens Pilar Leid\u0117jas:\u00a0Katalik\u0173 pasaulio leidiniai I\u0161leidimo metai:\u00a02013 Knygos puslapi\u0173 skai\u010dius:\u00a0172 Formatas:\u00a015&#215;24, mink\u0161ti vir\u0161eliai ISBN ar kodas:\u00a09789955292241<\/p>\n","protected":false},"featured_media":13860,"comment_status":"open","ping_status":"closed","template":"","meta":{"_acf_changed":false,"site-sidebar-layout":"default","site-content-layout":"","ast-site-content-layout":"default","site-content-style":"default","site-sidebar-style":"default","ast-global-header-display":"","ast-banner-title-visibility":"","ast-main-header-display":"","ast-hfb-above-header-display":"","ast-hfb-below-header-display":"","ast-hfb-mobile-header-display":"","site-post-title":"","ast-breadcrumbs-content":"","ast-featured-img":"","footer-sml-layout":"","ast-disable-related-posts":"","theme-transparent-header-meta":"default","adv-header-id-meta":"","stick-header-meta":"","header-above-stick-meta":"","header-main-stick-meta":"","header-below-stick-meta":"","astra-migrate-meta-layouts":"set","ast-page-background-enabled":"default","ast-page-background-meta":{"desktop":{"background-color":"","background-image":"","background-repeat":"repeat","background-position":"center center","background-size":"auto","background-attachment":"scroll","background-type":"","background-media":"","overlay-type":"","overlay-color":"","overlay-opacity":"","overlay-gradient":""},"tablet":{"background-color":"","background-image":"","background-repeat":"repeat","background-position":"center center","background-size":"auto","background-attachment":"scroll","background-type":"","background-media":"","overlay-type":"","overlay-color":"","overlay-opacity":"","overlay-gradient":""},"mobile":{"background-color":"","background-image":"","background-repeat":"repeat","background-position":"center center","background-size":"auto","background-attachment":"scroll","background-type":"","background-media":"","overlay-type":"","overlay-color":"","overlay-opacity":"","overlay-gradient":""}},"ast-content-background-meta":{"desktop":{"background-color":"var(--ast-global-color-4)","background-image":"","background-repeat":"repeat","background-position":"center center","background-size":"auto","background-attachment":"scroll","background-type":"","background-media":"","overlay-type":"","overlay-color":"","overlay-opacity":"","overlay-gradient":""},"tablet":{"background-color":"var(--ast-global-color-4)","background-image":"","background-repeat":"repeat","background-position":"center center","background-size":"auto","background-attachment":"scroll","background-type":"","background-media":"","overlay-type":"","overlay-color":"","overlay-opacity":"","overlay-gradient":""},"mobile":{"background-color":"var(--ast-global-color-4)","background-image":"","background-repeat":"repeat","background-position":"center center","background-size":"auto","background-attachment":"scroll","background-type":"","background-media":"","overlay-type":"","overlay-color":"","overlay-opacity":"","overlay-gradient":""}}},"product_brand":[],"product_cat":[9856,15,165],"product_tag":[],"class_list":{"0":"post-13843","1":"product","2":"type-product","3":"status-publish","4":"has-post-thumbnail","6":"product_cat-fizine-sveikata-sportas","7":"product_cat-uncategorized","8":"product_cat-religija-filosofija-ir-ezoterika","9":"desktop-align-left","10":"tablet-align-left","11":"mobile-align-left","13":"first","14":"instock","15":"shipping-taxable","16":"purchasable","17":"product-type-simple"},"acf":[],"yoast_head":"<!-- This site is optimized with the Yoast SEO plugin v27.0 - https:\/\/yoast.com\/product\/yoast-seo-wordpress\/ -->\n<title>Joga. Astrologija. Homeopatiniai \u017eirniukai<\/title>\n<meta name=\"description\" content=\"Knygoje &quot;Joga. Astrologija. Homeopatiniai \u017eirniukai&quot;\u00a0pasakojama apie krik\u0161\u010dioni\u0173 tik\u0117jim\u0105 ir ezoterik\u0105 kasdienyb\u0117je. Namus \u012fsireng\u0117te pagal feng\u0161ui,\" \/>\n<meta name=\"robots\" content=\"index, follow, max-snippet:-1, max-image-preview:large, max-video-preview:-1\" \/>\n<link rel=\"canonical\" href=\"https:\/\/skaitytaknyga.lt\/en\/produktas\/joga-astrologija-homeopatiniai-zirniukai\/\" \/>\n<meta property=\"og:locale\" content=\"en_GB\" \/>\n<meta property=\"og:locale:alternate\" content=\"lt_LT\" \/>\n<meta property=\"og:type\" content=\"article\" \/>\n<meta property=\"og:title\" content=\"Joga. Astrologija. Homeopatiniai \u017eirniukai\" \/>\n<meta property=\"og:description\" content=\"Knygoje &quot;Joga. Astrologija. Homeopatiniai \u017eirniukai&quot;\u00a0pasakojama apie krik\u0161\u010dioni\u0173 tik\u0117jim\u0105 ir ezoterik\u0105 kasdienyb\u0117je. Namus \u012fsireng\u0117te pagal feng\u0161ui,\" \/>\n<meta property=\"og:url\" content=\"https:\/\/skaitytaknyga.lt\/en\/produktas\/joga-astrologija-homeopatiniai-zirniukai\/\" \/>\n<meta property=\"og:site_name\" content=\"Skaitytaknyga\" \/>\n<meta property=\"article:publisher\" content=\"https:\/\/www.facebook.com\/skaitytaknyga\/\" \/>\n<meta property=\"article:modified_time\" content=\"2026-03-18T12:42:12+00:00\" \/>\n<meta property=\"og:image\" content=\"https:\/\/skaitytaknyga.lt\/wp-content\/uploads\/2024\/09\/Joga.-Astrologija.-Homeopatiniai.jpg\" \/>\n\t<meta property=\"og:image:width\" content=\"281\" \/>\n\t<meta property=\"og:image:height\" content=\"450\" \/>\n\t<meta property=\"og:image:type\" content=\"image\/jpeg\" \/>\n<meta name=\"twitter:card\" content=\"summary_large_image\" \/>\n<meta name=\"twitter:label1\" content=\"Estimated reading time\" \/>\n\t<meta name=\"twitter:data1\" content=\"2 minutes\" \/>\n<script type=\"application\/ld+json\" class=\"yoast-schema-graph\">{\"@context\":\"https:\/\/schema.org\",\"@graph\":[{\"@type\":\"WebPage\",\"@id\":\"https:\/\/skaitytaknyga.lt\/produktas\/joga-astrologija-homeopatiniai-zirniukai\/\",\"url\":\"https:\/\/skaitytaknyga.lt\/produktas\/joga-astrologija-homeopatiniai-zirniukai\/\",\"name\":\"Joga. Astrologija. Homeopatiniai \u017eirniukai\",\"isPartOf\":{\"@id\":\"https:\/\/skaitytaknyga.lt\/#website\"},\"primaryImageOfPage\":{\"@id\":\"https:\/\/skaitytaknyga.lt\/produktas\/joga-astrologija-homeopatiniai-zirniukai\/#primaryimage\"},\"image\":{\"@id\":\"https:\/\/skaitytaknyga.lt\/produktas\/joga-astrologija-homeopatiniai-zirniukai\/#primaryimage\"},\"thumbnailUrl\":\"https:\/\/skaitytaknyga.lt\/wp-content\/uploads\/2024\/09\/Joga.-Astrologija.-Homeopatiniai.jpg\",\"datePublished\":\"2024-09-10T07:42:13+00:00\",\"dateModified\":\"2026-03-18T12:42:12+00:00\",\"description\":\"Knygoje \\\"Joga. Astrologija. Homeopatiniai \u017eirniukai\\\"\u00a0pasakojama apie krik\u0161\u010dioni\u0173 tik\u0117jim\u0105 ir ezoterik\u0105 kasdienyb\u0117je. Namus \u012fsireng\u0117te pagal feng\u0161ui,\",\"breadcrumb\":{\"@id\":\"https:\/\/skaitytaknyga.lt\/produktas\/joga-astrologija-homeopatiniai-zirniukai\/#breadcrumb\"},\"inLanguage\":\"en-GB\",\"potentialAction\":[{\"@type\":\"ReadAction\",\"target\":[\"https:\/\/skaitytaknyga.lt\/produktas\/joga-astrologija-homeopatiniai-zirniukai\/\"]}]},{\"@type\":\"ImageObject\",\"inLanguage\":\"en-GB\",\"@id\":\"https:\/\/skaitytaknyga.lt\/produktas\/joga-astrologija-homeopatiniai-zirniukai\/#primaryimage\",\"url\":\"https:\/\/skaitytaknyga.lt\/wp-content\/uploads\/2024\/09\/Joga.-Astrologija.-Homeopatiniai.jpg\",\"contentUrl\":\"https:\/\/skaitytaknyga.lt\/wp-content\/uploads\/2024\/09\/Joga.-Astrologija.-Homeopatiniai.jpg\",\"width\":281,\"height\":450,\"caption\":\"Joga. Astrologija. Homeopatiniai \u017eirniukai\"},{\"@type\":\"BreadcrumbList\",\"@id\":\"https:\/\/skaitytaknyga.lt\/produktas\/joga-astrologija-homeopatiniai-zirniukai\/#breadcrumb\",\"itemListElement\":[{\"@type\":\"ListItem\",\"position\":1,\"name\":\"Home\",\"item\":\"https:\/\/skaitytaknyga.lt\/\"},{\"@type\":\"ListItem\",\"position\":2,\"name\":\"Parduotuv\u0117\",\"item\":\"https:\/\/skaitytaknyga.lt\/knygu-parduotuve\/\"},{\"@type\":\"ListItem\",\"position\":3,\"name\":\"Joga. Astrologija. Homeopatiniai \u017eirniukai\"}]},{\"@type\":\"WebSite\",\"@id\":\"https:\/\/skaitytaknyga.lt\/#website\",\"url\":\"https:\/\/skaitytaknyga.lt\/\",\"name\":\"skaitytaknyga.lt\",\"description\":\"Skaitytaknyga.lt \u2013 tai ma\u017eas \u0161eimos verslas, kuris prasid\u0117jo nuo meil\u0117s knygoms ir siekio i\u0161gelb\u0117ti knygas nuo likimo prie konteinerio. Kas vienam nereikalingas daiktas \u2013 kitam lobis, o mes esame tarpininkai, kurie padeda abiems tapti laimingesniems ???? \u017dinome kaip nelengva i\u0161gyventi ma\u017eiems verslams, tad nuo \u0161iol, \u010dia rasite ir kit\u0173, ma\u017e\u0173 \u0161eim\u0173 versl\u0173, rank\u0173 darbo, dovan\u0173 sau ir artimiesiems.\",\"publisher\":{\"@id\":\"https:\/\/skaitytaknyga.lt\/#organization\"},\"potentialAction\":[{\"@type\":\"SearchAction\",\"target\":{\"@type\":\"EntryPoint\",\"urlTemplate\":\"https:\/\/skaitytaknyga.lt\/?s={search_term_string}\"},\"query-input\":{\"@type\":\"PropertyValueSpecification\",\"valueRequired\":true,\"valueName\":\"search_term_string\"}}],\"inLanguage\":\"en-GB\"},{\"@type\":\"Organization\",\"@id\":\"https:\/\/skaitytaknyga.lt\/#organization\",\"name\":\"skaitytaknyga.lt\",\"url\":\"https:\/\/skaitytaknyga.lt\/\",\"logo\":{\"@type\":\"ImageObject\",\"inLanguage\":\"en-GB\",\"@id\":\"https:\/\/skaitytaknyga.lt\/#\/schema\/logo\/image\/\",\"url\":\"https:\/\/skaitytaknyga.lt\/wp-content\/uploads\/2024\/05\/cropped-cropped-cropped-02_00843_jt3bggkj1j3HLc7SyY6rEUpg.jpeg\",\"contentUrl\":\"https:\/\/skaitytaknyga.lt\/wp-content\/uploads\/2024\/05\/cropped-cropped-cropped-02_00843_jt3bggkj1j3HLc7SyY6rEUpg.jpeg\",\"width\":1600,\"height\":1600,\"caption\":\"skaitytaknyga.lt\"},\"image\":{\"@id\":\"https:\/\/skaitytaknyga.lt\/#\/schema\/logo\/image\/\"},\"sameAs\":[\"https:\/\/www.facebook.com\/skaitytaknyga\/\"]}]}<\/script>\n<!-- \/ Yoast SEO plugin. -->","yoast_head_json":{"title":"Joga. Astrologija. Homeopatiniai \u017eirniukai","description":"Knygoje \"Joga. Astrologija. Homeopatiniai \u017eirniukai\"\u00a0pasakojama apie krik\u0161\u010dioni\u0173 tik\u0117jim\u0105 ir ezoterik\u0105 kasdienyb\u0117je. Namus \u012fsireng\u0117te pagal feng\u0161ui,","robots":{"index":"index","follow":"follow","max-snippet":"max-snippet:-1","max-image-preview":"max-image-preview:large","max-video-preview":"max-video-preview:-1"},"canonical":"https:\/\/skaitytaknyga.lt\/en\/produktas\/joga-astrologija-homeopatiniai-zirniukai\/","og_locale":"en_GB","og_type":"article","og_title":"[:lt]Joga. Astrologija. Homeopatiniai \u017eirniukai[:] - Skaitytaknyga","og_description":"Knygoje \"Joga. Astrologija. Homeopatiniai \u017eirniukai\"\u00a0pasakojama apie krik\u0161\u010dioni\u0173 tik\u0117jim\u0105 ir ezoterik\u0105 kasdienyb\u0117je. Namus \u012fsireng\u0117te pagal feng\u0161ui,","og_url":"https:\/\/skaitytaknyga.lt\/en\/produktas\/joga-astrologija-homeopatiniai-zirniukai\/","og_site_name":"Skaitytaknyga","article_publisher":"https:\/\/www.facebook.com\/skaitytaknyga\/","article_modified_time":"2026-03-18T12:42:12+00:00","og_image":[{"width":281,"height":450,"url":"https:\/\/skaitytaknyga.lt\/wp-content\/uploads\/2024\/09\/Joga.-Astrologija.-Homeopatiniai.jpg","type":"image\/jpeg"}],"twitter_card":"summary_large_image","twitter_misc":{"Estimated reading time":"2 minutes"},"schema":{"@context":"https:\/\/schema.org","@graph":[{"@type":"WebPage","@id":"https:\/\/skaitytaknyga.lt\/produktas\/joga-astrologija-homeopatiniai-zirniukai\/","url":"https:\/\/skaitytaknyga.lt\/produktas\/joga-astrologija-homeopatiniai-zirniukai\/","name":"Joga. Astrologija. Homeopatiniai \u017eirniukai","isPartOf":{"@id":"https:\/\/skaitytaknyga.lt\/#website"},"primaryImageOfPage":{"@id":"https:\/\/skaitytaknyga.lt\/produktas\/joga-astrologija-homeopatiniai-zirniukai\/#primaryimage"},"image":{"@id":"https:\/\/skaitytaknyga.lt\/produktas\/joga-astrologija-homeopatiniai-zirniukai\/#primaryimage"},"thumbnailUrl":"https:\/\/skaitytaknyga.lt\/wp-content\/uploads\/2024\/09\/Joga.-Astrologija.-Homeopatiniai.jpg","datePublished":"2024-09-10T07:42:13+00:00","dateModified":"2026-03-18T12:42:12+00:00","description":"Knygoje \"Joga. Astrologija. Homeopatiniai \u017eirniukai\"\u00a0pasakojama apie krik\u0161\u010dioni\u0173 tik\u0117jim\u0105 ir ezoterik\u0105 kasdienyb\u0117je. Namus \u012fsireng\u0117te pagal feng\u0161ui,","breadcrumb":{"@id":"https:\/\/skaitytaknyga.lt\/produktas\/joga-astrologija-homeopatiniai-zirniukai\/#breadcrumb"},"inLanguage":"en-GB","potentialAction":[{"@type":"ReadAction","target":["https:\/\/skaitytaknyga.lt\/produktas\/joga-astrologija-homeopatiniai-zirniukai\/"]}]},{"@type":"ImageObject","inLanguage":"en-GB","@id":"https:\/\/skaitytaknyga.lt\/produktas\/joga-astrologija-homeopatiniai-zirniukai\/#primaryimage","url":"https:\/\/skaitytaknyga.lt\/wp-content\/uploads\/2024\/09\/Joga.-Astrologija.-Homeopatiniai.jpg","contentUrl":"https:\/\/skaitytaknyga.lt\/wp-content\/uploads\/2024\/09\/Joga.-Astrologija.-Homeopatiniai.jpg","width":281,"height":450,"caption":"Joga. Astrologija. Homeopatiniai \u017eirniukai"},{"@type":"BreadcrumbList","@id":"https:\/\/skaitytaknyga.lt\/produktas\/joga-astrologija-homeopatiniai-zirniukai\/#breadcrumb","itemListElement":[{"@type":"ListItem","position":1,"name":"Home","item":"https:\/\/skaitytaknyga.lt\/"},{"@type":"ListItem","position":2,"name":"Parduotuv\u0117","item":"https:\/\/skaitytaknyga.lt\/knygu-parduotuve\/"},{"@type":"ListItem","position":3,"name":"Joga. Astrologija. Homeopatiniai \u017eirniukai"}]},{"@type":"WebSite","@id":"https:\/\/skaitytaknyga.lt\/#website","url":"https:\/\/skaitytaknyga.lt\/","name":"skaitytaknyga.lt","description":"Skaitytaknyga.lt \u2013 tai ma\u017eas \u0161eimos verslas, kuris prasid\u0117jo nuo meil\u0117s knygoms ir siekio i\u0161gelb\u0117ti knygas nuo likimo prie konteinerio. Kas vienam nereikalingas daiktas \u2013 kitam lobis, o mes esame tarpininkai, kurie padeda abiems tapti laimingesniems ???? \u017dinome kaip nelengva i\u0161gyventi ma\u017eiems verslams, tad nuo \u0161iol, \u010dia rasite ir kit\u0173, ma\u017e\u0173 \u0161eim\u0173 versl\u0173, rank\u0173 darbo, dovan\u0173 sau ir artimiesiems.","publisher":{"@id":"https:\/\/skaitytaknyga.lt\/#organization"},"potentialAction":[{"@type":"SearchAction","target":{"@type":"EntryPoint","urlTemplate":"https:\/\/skaitytaknyga.lt\/?s={search_term_string}"},"query-input":{"@type":"PropertyValueSpecification","valueRequired":true,"valueName":"search_term_string"}}],"inLanguage":"en-GB"},{"@type":"Organization","@id":"https:\/\/skaitytaknyga.lt\/#organization","name":"skaitytaknyga.lt","url":"https:\/\/skaitytaknyga.lt\/","logo":{"@type":"ImageObject","inLanguage":"en-GB","@id":"https:\/\/skaitytaknyga.lt\/#\/schema\/logo\/image\/","url":"https:\/\/skaitytaknyga.lt\/wp-content\/uploads\/2024\/05\/cropped-cropped-cropped-02_00843_jt3bggkj1j3HLc7SyY6rEUpg.jpeg","contentUrl":"https:\/\/skaitytaknyga.lt\/wp-content\/uploads\/2024\/05\/cropped-cropped-cropped-02_00843_jt3bggkj1j3HLc7SyY6rEUpg.jpeg","width":1600,"height":1600,"caption":"skaitytaknyga.lt"},"image":{"@id":"https:\/\/skaitytaknyga.lt\/#\/schema\/logo\/image\/"},"sameAs":["https:\/\/www.facebook.com\/skaitytaknyga\/"]}]}},"_links":{"self":[{"href":"https:\/\/skaitytaknyga.lt\/en\/wp-json\/wp\/v2\/product\/13843","targetHints":{"allow":["GET"]}}],"collection":[{"href":"https:\/\/skaitytaknyga.lt\/en\/wp-json\/wp\/v2\/product"}],"about":[{"href":"https:\/\/skaitytaknyga.lt\/en\/wp-json\/wp\/v2\/types\/product"}],"replies":[{"embeddable":true,"href":"https:\/\/skaitytaknyga.lt\/en\/wp-json\/wp\/v2\/comments?post=13843"}],"wp:featuredmedia":[{"embeddable":true,"href":"https:\/\/skaitytaknyga.lt\/en\/wp-json\/wp\/v2\/media\/13860"}],"wp:attachment":[{"href":"https:\/\/skaitytaknyga.lt\/en\/wp-json\/wp\/v2\/media?parent=13843"}],"wp:term":[{"taxonomy":"product_brand","embeddable":true,"href":"https:\/\/skaitytaknyga.lt\/en\/wp-json\/wp\/v2\/product_brand?post=13843"},{"taxonomy":"product_cat","embeddable":true,"href":"https:\/\/skaitytaknyga.lt\/en\/wp-json\/wp\/v2\/product_cat?post=13843"},{"taxonomy":"product_tag","embeddable":true,"href":"https:\/\/skaitytaknyga.lt\/en\/wp-json\/wp\/v2\/product_tag?post=13843"}],"curies":[{"name":"wp","href":"https:\/\/api.w.org\/{rel}","templated":true}]}}