{"id":13842,"date":"2024-09-10T10:42:13","date_gmt":"2024-09-10T07:42:13","guid":{"rendered":"https:\/\/skaitytaknyga.lt\/?post_type=product&#038;p=13842"},"modified":"2024-09-10T14:21:33","modified_gmt":"2024-09-10T11:21:33","slug":"italu-kalba-per-24-valandas-su-cd","status":"publish","type":"product","link":"https:\/\/skaitytaknyga.lt\/en\/produktas\/italu-kalba-per-24-valandas-su-cd\/","title":{"rendered":"Ital\u0173 kalba per 24 valandas (su CD)"},"content":{"rendered":"<p>Laisvai kalb\u0117kite ir supraskite itali\u0161kai! Kur beb\u016btum\u0117te ir k\u0105 beveiktum\u0117te-ar kalb\u0117tum\u0117te telefonu , ar b\u016btum\u0117te restorane, ar prekybos centre, ar banke -\u0161is vadov\u0117lis pad\u0117s jums i\u0161mokti ital\u0173 kalb\u0105 kiekvienai gyvenimo situacijai.<\/p>\n<p>-intensyvus 24 pamok\u0173 ital\u0173 kalbos kursas su CD<\/p>\n<p>-paprastos klausymosi ir kartojimo u\u017eduotys<\/p>\n<p>-ideali priemon\u0117 pradedantiesiems ir norintiems atnaujinti savo ital\u0173 kalbos \u017einias<\/p>\n<p>-daugyb\u0117 \u017eaisming\u0173 dialog\u0173 ir u\u017eduo\u010di\u0173<\/p>\n<p>-galimyb\u0117 skaityti ir klausytis vis\u0173 tekst\u0173 \u012fra\u0161\u0173 vienu metu<\/p>\n<p>-intensyvus tarimo ir \u017eodyno mokymasis<\/p>\n<p>-i\u0161sam\u016bs gramatikos paai\u0161kinimai.<\/p>\n<ul class=\"about-product d-none d-xl-block mt-4\">\n<li><strong>Leid\u0117jas:<\/strong>\u00a0Rotas<\/li>\n<li><strong>Metai:<\/strong>\u00a02008<\/li>\n<li><strong>Puslapiai:<\/strong>\u00a0240<\/li>\n<li><strong>ISBN:<\/strong>\u00a09789955832201<\/li>\n<li><strong>Formatas:<\/strong>\u00a017 x 22 cm, mink\u0161ti vir\u0161eliai<\/li>\n<li><strong>Kalba:<\/strong>\u00a0Lietuvi\u0173<\/li>\n<\/ul>\n","protected":false},"excerpt":{"rendered":"<p>Laisvai kalb\u0117kite ir supraskite itali\u0161kai! Kur beb\u016btum\u0117te ir k\u0105 beveiktum\u0117te-ar kalb\u0117tum\u0117te telefonu , ar b\u016btum\u0117te restorane, ar prekybos centre, ar banke -\u0161is vadov\u0117lis pad\u0117s jums i\u0161mokti ital\u0173 kalb\u0105 kiekvienai gyvenimo situacijai. -intensyvus 24 pamok\u0173 ital\u0173 kalbos kursas su CD -paprastos klausymosi ir kartojimo u\u017eduotys -ideali priemon\u0117 pradedantiesiems ir norintiems atnaujinti savo ital\u0173 kalbos \u017einias -daugyb\u0117 \u017eaisming\u0173 dialog\u0173 ir u\u017eduo\u010di\u0173 -galimyb\u0117 skaityti ir klausytis vis\u0173 tekst\u0173 \u012fra\u0161\u0173 vienu metu -intensyvus tarimo ir \u017eodyno mokymasis -i\u0161sam\u016bs gramatikos paai\u0161kinimai. Leid\u0117jas:\u00a0Rotas Metai:\u00a02008 Puslapiai:\u00a0240 ISBN:\u00a09789955832201 Formatas:\u00a017 x 22 cm, mink\u0161ti vir\u0161eliai Kalba:\u00a0Lietuvi\u0173<\/p>\n","protected":false},"featured_media":13869,"comment_status":"open","ping_status":"closed","template":"","meta":{"_acf_changed":false,"site-sidebar-layout":"default","site-content-layout":"","ast-site-content-layout":"default","site-content-style":"default","site-sidebar-style":"default","ast-global-header-display":"","ast-banner-title-visibility":"","ast-main-header-display":"","ast-hfb-above-header-display":"","ast-hfb-below-header-display":"","ast-hfb-mobile-header-display":"","site-post-title":"","ast-breadcrumbs-content":"","ast-featured-img":"","footer-sml-layout":"","ast-disable-related-posts":"","theme-transparent-header-meta":"default","adv-header-id-meta":"","stick-header-meta":"","header-above-stick-meta":"","header-main-stick-meta":"","header-below-stick-meta":"","astra-migrate-meta-layouts":"set","ast-page-background-enabled":"default","ast-page-background-meta":{"desktop":{"background-color":"","background-image":"","background-repeat":"repeat","background-position":"center center","background-size":"auto","background-attachment":"scroll","background-type":"","background-media":"","overlay-type":"","overlay-color":"","overlay-opacity":"","overlay-gradient":""},"tablet":{"background-color":"","background-image":"","background-repeat":"repeat","background-position":"center center","background-size":"auto","background-attachment":"scroll","background-type":"","background-media":"","overlay-type":"","overlay-color":"","overlay-opacity":"","overlay-gradient":""},"mobile":{"background-color":"","background-image":"","background-repeat":"repeat","background-position":"center center","background-size":"auto","background-attachment":"scroll","background-type":"","background-media":"","overlay-type":"","overlay-color":"","overlay-opacity":"","overlay-gradient":""}},"ast-content-background-meta":{"desktop":{"background-color":"var(--ast-global-color-4)","background-image":"","background-repeat":"repeat","background-position":"center center","background-size":"auto","background-attachment":"scroll","background-type":"","background-media":"","overlay-type":"","overlay-color":"","overlay-opacity":"","overlay-gradient":""},"tablet":{"background-color":"var(--ast-global-color-4)","background-image":"","background-repeat":"repeat","background-position":"center center","background-size":"auto","background-attachment":"scroll","background-type":"","background-media":"","overlay-type":"","overlay-color":"","overlay-opacity":"","overlay-gradient":""},"mobile":{"background-color":"var(--ast-global-color-4)","background-image":"","background-repeat":"repeat","background-position":"center center","background-size":"auto","background-attachment":"scroll","background-type":"","background-media":"","overlay-type":"","overlay-color":"","overlay-opacity":"","overlay-gradient":""}}},"product_brand":[],"product_cat":[15],"product_tag":[],"class_list":{"0":"post-13842","1":"product","2":"type-product","3":"status-publish","4":"has-post-thumbnail","6":"product_cat-uncategorized","7":"desktop-align-left","8":"tablet-align-left","9":"mobile-align-left","11":"first","12":"instock","13":"shipping-taxable","14":"purchasable","15":"product-type-simple"},"acf":[],"yoast_head":"<!-- This site is optimized with the Yoast SEO plugin v27.0 - https:\/\/yoast.com\/product\/yoast-seo-wordpress\/ -->\n<title>Ital\u0173 kalba per 24 valandas (su CD)<\/title>\n<meta name=\"description\" content=\"Laisvai kalb\u0117kite ir supraskite itali\u0161kai! Kur beb\u016btum\u0117te ir k\u0105 beveiktum\u0117te-ar kalb\u0117tum\u0117te telefonu , ar b\u016btum\u0117te restorane, ar prekybos centre, ar banke\" \/>\n<meta name=\"robots\" content=\"index, follow, max-snippet:-1, max-image-preview:large, max-video-preview:-1\" \/>\n<link rel=\"canonical\" href=\"https:\/\/skaitytaknyga.lt\/en\/produktas\/italu-kalba-per-24-valandas-su-cd\/\" \/>\n<meta property=\"og:locale\" content=\"en_GB\" \/>\n<meta property=\"og:locale:alternate\" content=\"lt_LT\" \/>\n<meta property=\"og:type\" content=\"article\" \/>\n<meta property=\"og:title\" content=\"Ital\u0173 kalba per 24 valandas (su CD)\" \/>\n<meta property=\"og:description\" content=\"Laisvai kalb\u0117kite ir supraskite itali\u0161kai! Kur beb\u016btum\u0117te ir k\u0105 beveiktum\u0117te-ar kalb\u0117tum\u0117te telefonu , ar b\u016btum\u0117te restorane, ar prekybos centre, ar banke\" \/>\n<meta property=\"og:url\" content=\"https:\/\/skaitytaknyga.lt\/en\/produktas\/italu-kalba-per-24-valandas-su-cd\/\" \/>\n<meta property=\"og:site_name\" content=\"Skaitytaknyga\" \/>\n<meta property=\"article:publisher\" content=\"https:\/\/www.facebook.com\/skaitytaknyga\/\" \/>\n<meta property=\"article:modified_time\" content=\"2024-09-10T11:21:33+00:00\" \/>\n<meta property=\"og:image\" content=\"https:\/\/skaitytaknyga.lt\/wp-content\/uploads\/2024\/09\/Italu-kalba-per-24-valandas-su-CD.webp\" \/>\n\t<meta property=\"og:image:width\" content=\"310\" \/>\n\t<meta property=\"og:image:height\" content=\"414\" \/>\n\t<meta property=\"og:image:type\" content=\"image\/webp\" \/>\n<meta name=\"twitter:card\" content=\"summary_large_image\" \/>\n<meta name=\"twitter:label1\" content=\"Estimated reading time\" \/>\n\t<meta name=\"twitter:data1\" content=\"1 minute\" \/>\n<script type=\"application\/ld+json\" class=\"yoast-schema-graph\">{\"@context\":\"https:\/\/schema.org\",\"@graph\":[{\"@type\":\"WebPage\",\"@id\":\"https:\/\/skaitytaknyga.lt\/produktas\/italu-kalba-per-24-valandas-su-cd\/\",\"url\":\"https:\/\/skaitytaknyga.lt\/produktas\/italu-kalba-per-24-valandas-su-cd\/\",\"name\":\"Ital\u0173 kalba per 24 valandas (su CD)\",\"isPartOf\":{\"@id\":\"https:\/\/skaitytaknyga.lt\/#website\"},\"primaryImageOfPage\":{\"@id\":\"https:\/\/skaitytaknyga.lt\/produktas\/italu-kalba-per-24-valandas-su-cd\/#primaryimage\"},\"image\":{\"@id\":\"https:\/\/skaitytaknyga.lt\/produktas\/italu-kalba-per-24-valandas-su-cd\/#primaryimage\"},\"thumbnailUrl\":\"https:\/\/skaitytaknyga.lt\/wp-content\/uploads\/2024\/09\/Italu-kalba-per-24-valandas-su-CD.webp\",\"datePublished\":\"2024-09-10T07:42:13+00:00\",\"dateModified\":\"2024-09-10T11:21:33+00:00\",\"description\":\"Laisvai kalb\u0117kite ir supraskite itali\u0161kai! Kur beb\u016btum\u0117te ir k\u0105 beveiktum\u0117te-ar kalb\u0117tum\u0117te telefonu , ar b\u016btum\u0117te restorane, ar prekybos centre, ar banke\",\"breadcrumb\":{\"@id\":\"https:\/\/skaitytaknyga.lt\/produktas\/italu-kalba-per-24-valandas-su-cd\/#breadcrumb\"},\"inLanguage\":\"en-GB\",\"potentialAction\":[{\"@type\":\"ReadAction\",\"target\":[\"https:\/\/skaitytaknyga.lt\/produktas\/italu-kalba-per-24-valandas-su-cd\/\"]}]},{\"@type\":\"ImageObject\",\"inLanguage\":\"en-GB\",\"@id\":\"https:\/\/skaitytaknyga.lt\/produktas\/italu-kalba-per-24-valandas-su-cd\/#primaryimage\",\"url\":\"https:\/\/skaitytaknyga.lt\/wp-content\/uploads\/2024\/09\/Italu-kalba-per-24-valandas-su-CD.webp\",\"contentUrl\":\"https:\/\/skaitytaknyga.lt\/wp-content\/uploads\/2024\/09\/Italu-kalba-per-24-valandas-su-CD.webp\",\"width\":310,\"height\":414,\"caption\":\"Ital\u0173 kalba per 24 valandas (su CD)\"},{\"@type\":\"BreadcrumbList\",\"@id\":\"https:\/\/skaitytaknyga.lt\/produktas\/italu-kalba-per-24-valandas-su-cd\/#breadcrumb\",\"itemListElement\":[{\"@type\":\"ListItem\",\"position\":1,\"name\":\"Home\",\"item\":\"https:\/\/skaitytaknyga.lt\/\"},{\"@type\":\"ListItem\",\"position\":2,\"name\":\"Parduotuv\u0117\",\"item\":\"https:\/\/skaitytaknyga.lt\/knygu-parduotuve\/\"},{\"@type\":\"ListItem\",\"position\":3,\"name\":\"Ital\u0173 kalba per 24 valandas (su CD)\"}]},{\"@type\":\"WebSite\",\"@id\":\"https:\/\/skaitytaknyga.lt\/#website\",\"url\":\"https:\/\/skaitytaknyga.lt\/\",\"name\":\"skaitytaknyga.lt\",\"description\":\"Skaitytaknyga.lt \u2013 tai ma\u017eas \u0161eimos verslas, kuris prasid\u0117jo nuo meil\u0117s knygoms ir siekio i\u0161gelb\u0117ti knygas nuo likimo prie konteinerio. Kas vienam nereikalingas daiktas \u2013 kitam lobis, o mes esame tarpininkai, kurie padeda abiems tapti laimingesniems ???? \u017dinome kaip nelengva i\u0161gyventi ma\u017eiems verslams, tad nuo \u0161iol, \u010dia rasite ir kit\u0173, ma\u017e\u0173 \u0161eim\u0173 versl\u0173, rank\u0173 darbo, dovan\u0173 sau ir artimiesiems.\",\"publisher\":{\"@id\":\"https:\/\/skaitytaknyga.lt\/#organization\"},\"potentialAction\":[{\"@type\":\"SearchAction\",\"target\":{\"@type\":\"EntryPoint\",\"urlTemplate\":\"https:\/\/skaitytaknyga.lt\/?s={search_term_string}\"},\"query-input\":{\"@type\":\"PropertyValueSpecification\",\"valueRequired\":true,\"valueName\":\"search_term_string\"}}],\"inLanguage\":\"en-GB\"},{\"@type\":\"Organization\",\"@id\":\"https:\/\/skaitytaknyga.lt\/#organization\",\"name\":\"skaitytaknyga.lt\",\"url\":\"https:\/\/skaitytaknyga.lt\/\",\"logo\":{\"@type\":\"ImageObject\",\"inLanguage\":\"en-GB\",\"@id\":\"https:\/\/skaitytaknyga.lt\/#\/schema\/logo\/image\/\",\"url\":\"https:\/\/skaitytaknyga.lt\/wp-content\/uploads\/2024\/05\/cropped-cropped-cropped-02_00843_jt3bggkj1j3HLc7SyY6rEUpg.jpeg\",\"contentUrl\":\"https:\/\/skaitytaknyga.lt\/wp-content\/uploads\/2024\/05\/cropped-cropped-cropped-02_00843_jt3bggkj1j3HLc7SyY6rEUpg.jpeg\",\"width\":1600,\"height\":1600,\"caption\":\"skaitytaknyga.lt\"},\"image\":{\"@id\":\"https:\/\/skaitytaknyga.lt\/#\/schema\/logo\/image\/\"},\"sameAs\":[\"https:\/\/www.facebook.com\/skaitytaknyga\/\"]}]}<\/script>\n<!-- \/ Yoast SEO plugin. -->","yoast_head_json":{"title":"Ital\u0173 kalba per 24 valandas (su CD)","description":"Laisvai kalb\u0117kite ir supraskite itali\u0161kai! Kur beb\u016btum\u0117te ir k\u0105 beveiktum\u0117te-ar kalb\u0117tum\u0117te telefonu , ar b\u016btum\u0117te restorane, ar prekybos centre, ar banke","robots":{"index":"index","follow":"follow","max-snippet":"max-snippet:-1","max-image-preview":"max-image-preview:large","max-video-preview":"max-video-preview:-1"},"canonical":"https:\/\/skaitytaknyga.lt\/en\/produktas\/italu-kalba-per-24-valandas-su-cd\/","og_locale":"en_GB","og_type":"article","og_title":"[:lt]Ital\u0173 kalba per 24 valandas (su CD)[:] - Skaitytaknyga","og_description":"Laisvai kalb\u0117kite ir supraskite itali\u0161kai! Kur beb\u016btum\u0117te ir k\u0105 beveiktum\u0117te-ar kalb\u0117tum\u0117te telefonu , ar b\u016btum\u0117te restorane, ar prekybos centre, ar banke","og_url":"https:\/\/skaitytaknyga.lt\/en\/produktas\/italu-kalba-per-24-valandas-su-cd\/","og_site_name":"Skaitytaknyga","article_publisher":"https:\/\/www.facebook.com\/skaitytaknyga\/","article_modified_time":"2024-09-10T11:21:33+00:00","og_image":[{"width":310,"height":414,"url":"https:\/\/skaitytaknyga.lt\/wp-content\/uploads\/2024\/09\/Italu-kalba-per-24-valandas-su-CD.webp","type":"image\/webp"}],"twitter_card":"summary_large_image","twitter_misc":{"Estimated reading time":"1 minute"},"schema":{"@context":"https:\/\/schema.org","@graph":[{"@type":"WebPage","@id":"https:\/\/skaitytaknyga.lt\/produktas\/italu-kalba-per-24-valandas-su-cd\/","url":"https:\/\/skaitytaknyga.lt\/produktas\/italu-kalba-per-24-valandas-su-cd\/","name":"Ital\u0173 kalba per 24 valandas (su CD)","isPartOf":{"@id":"https:\/\/skaitytaknyga.lt\/#website"},"primaryImageOfPage":{"@id":"https:\/\/skaitytaknyga.lt\/produktas\/italu-kalba-per-24-valandas-su-cd\/#primaryimage"},"image":{"@id":"https:\/\/skaitytaknyga.lt\/produktas\/italu-kalba-per-24-valandas-su-cd\/#primaryimage"},"thumbnailUrl":"https:\/\/skaitytaknyga.lt\/wp-content\/uploads\/2024\/09\/Italu-kalba-per-24-valandas-su-CD.webp","datePublished":"2024-09-10T07:42:13+00:00","dateModified":"2024-09-10T11:21:33+00:00","description":"Laisvai kalb\u0117kite ir supraskite itali\u0161kai! Kur beb\u016btum\u0117te ir k\u0105 beveiktum\u0117te-ar kalb\u0117tum\u0117te telefonu , ar b\u016btum\u0117te restorane, ar prekybos centre, ar banke","breadcrumb":{"@id":"https:\/\/skaitytaknyga.lt\/produktas\/italu-kalba-per-24-valandas-su-cd\/#breadcrumb"},"inLanguage":"en-GB","potentialAction":[{"@type":"ReadAction","target":["https:\/\/skaitytaknyga.lt\/produktas\/italu-kalba-per-24-valandas-su-cd\/"]}]},{"@type":"ImageObject","inLanguage":"en-GB","@id":"https:\/\/skaitytaknyga.lt\/produktas\/italu-kalba-per-24-valandas-su-cd\/#primaryimage","url":"https:\/\/skaitytaknyga.lt\/wp-content\/uploads\/2024\/09\/Italu-kalba-per-24-valandas-su-CD.webp","contentUrl":"https:\/\/skaitytaknyga.lt\/wp-content\/uploads\/2024\/09\/Italu-kalba-per-24-valandas-su-CD.webp","width":310,"height":414,"caption":"Ital\u0173 kalba per 24 valandas (su CD)"},{"@type":"BreadcrumbList","@id":"https:\/\/skaitytaknyga.lt\/produktas\/italu-kalba-per-24-valandas-su-cd\/#breadcrumb","itemListElement":[{"@type":"ListItem","position":1,"name":"Home","item":"https:\/\/skaitytaknyga.lt\/"},{"@type":"ListItem","position":2,"name":"Parduotuv\u0117","item":"https:\/\/skaitytaknyga.lt\/knygu-parduotuve\/"},{"@type":"ListItem","position":3,"name":"Ital\u0173 kalba per 24 valandas (su CD)"}]},{"@type":"WebSite","@id":"https:\/\/skaitytaknyga.lt\/#website","url":"https:\/\/skaitytaknyga.lt\/","name":"skaitytaknyga.lt","description":"Skaitytaknyga.lt \u2013 tai ma\u017eas \u0161eimos verslas, kuris prasid\u0117jo nuo meil\u0117s knygoms ir siekio i\u0161gelb\u0117ti knygas nuo likimo prie konteinerio. Kas vienam nereikalingas daiktas \u2013 kitam lobis, o mes esame tarpininkai, kurie padeda abiems tapti laimingesniems ???? \u017dinome kaip nelengva i\u0161gyventi ma\u017eiems verslams, tad nuo \u0161iol, \u010dia rasite ir kit\u0173, ma\u017e\u0173 \u0161eim\u0173 versl\u0173, rank\u0173 darbo, dovan\u0173 sau ir artimiesiems.","publisher":{"@id":"https:\/\/skaitytaknyga.lt\/#organization"},"potentialAction":[{"@type":"SearchAction","target":{"@type":"EntryPoint","urlTemplate":"https:\/\/skaitytaknyga.lt\/?s={search_term_string}"},"query-input":{"@type":"PropertyValueSpecification","valueRequired":true,"valueName":"search_term_string"}}],"inLanguage":"en-GB"},{"@type":"Organization","@id":"https:\/\/skaitytaknyga.lt\/#organization","name":"skaitytaknyga.lt","url":"https:\/\/skaitytaknyga.lt\/","logo":{"@type":"ImageObject","inLanguage":"en-GB","@id":"https:\/\/skaitytaknyga.lt\/#\/schema\/logo\/image\/","url":"https:\/\/skaitytaknyga.lt\/wp-content\/uploads\/2024\/05\/cropped-cropped-cropped-02_00843_jt3bggkj1j3HLc7SyY6rEUpg.jpeg","contentUrl":"https:\/\/skaitytaknyga.lt\/wp-content\/uploads\/2024\/05\/cropped-cropped-cropped-02_00843_jt3bggkj1j3HLc7SyY6rEUpg.jpeg","width":1600,"height":1600,"caption":"skaitytaknyga.lt"},"image":{"@id":"https:\/\/skaitytaknyga.lt\/#\/schema\/logo\/image\/"},"sameAs":["https:\/\/www.facebook.com\/skaitytaknyga\/"]}]}},"_links":{"self":[{"href":"https:\/\/skaitytaknyga.lt\/en\/wp-json\/wp\/v2\/product\/13842","targetHints":{"allow":["GET"]}}],"collection":[{"href":"https:\/\/skaitytaknyga.lt\/en\/wp-json\/wp\/v2\/product"}],"about":[{"href":"https:\/\/skaitytaknyga.lt\/en\/wp-json\/wp\/v2\/types\/product"}],"replies":[{"embeddable":true,"href":"https:\/\/skaitytaknyga.lt\/en\/wp-json\/wp\/v2\/comments?post=13842"}],"wp:featuredmedia":[{"embeddable":true,"href":"https:\/\/skaitytaknyga.lt\/en\/wp-json\/wp\/v2\/media\/13869"}],"wp:attachment":[{"href":"https:\/\/skaitytaknyga.lt\/en\/wp-json\/wp\/v2\/media?parent=13842"}],"wp:term":[{"taxonomy":"product_brand","embeddable":true,"href":"https:\/\/skaitytaknyga.lt\/en\/wp-json\/wp\/v2\/product_brand?post=13842"},{"taxonomy":"product_cat","embeddable":true,"href":"https:\/\/skaitytaknyga.lt\/en\/wp-json\/wp\/v2\/product_cat?post=13842"},{"taxonomy":"product_tag","embeddable":true,"href":"https:\/\/skaitytaknyga.lt\/en\/wp-json\/wp\/v2\/product_tag?post=13842"}],"curies":[{"name":"wp","href":"https:\/\/api.w.org\/{rel}","templated":true}]}}