{"id":13839,"date":"2024-05-10T10:42:13","date_gmt":"2024-05-10T07:42:13","guid":{"rendered":"https:\/\/skaitytaknyga.lt\/?post_type=product&#038;p=13839"},"modified":"2026-01-29T17:47:42","modified_gmt":"2026-01-29T15:47:42","slug":"benediktas-xvi-portretas-is-arti","status":"publish","type":"product","link":"https:\/\/skaitytaknyga.lt\/en\/produktas\/benediktas-xvi-portretas-is-arti\/","title":{"rendered":"Benediktas XVI. Portretas i\u0161 arti"},"content":{"rendered":"<p>Vatikano vadovas popie\u017eius Benediktas XVI yra vienas \u017eymiausi\u0173 Europos intelektual\u0173. \u017durnalistas P\u0117teris Z\u0117valdas (Peter Seewald), pa\u017e\u012fstantis Jozef\u0105 Racinger\u012f (Joseph Ratzinger) nuo 1992 m., \u0117m\u0117 i\u0161 jo \u201eilgiausius Ba\u017eny\u010dios istorijoje interviu\u201c, kuriuos paskelb\u0117 dviejose pasaulin\u012f pripa\u017einim\u0105 pelniusiose knygose. \u0160\u012f kart\u0105 jis i\u0161samiai apra\u0161o \u0161iuos susitikimus ir pateikia puikaus teologo, vis\u0105 savo gyvenim\u0105 atidavusio Katalik\u0173 Ba\u017eny\u010dios tarnystei, portret\u0105.<\/p>\n<p>Remdamasis am\u017einink\u0173 atsiminimais, pasakoja apie popie\u017eiaus vaikyst\u0119, jaunyst\u0119, pirmus kunigyst\u0117s metus, vyskupyst\u0119 ir darb\u0105 Vatikane, Tik\u0117jimo mokymo kongregacijoje. Knygoje i\u0161samiai apra\u0161oma konklava, kurios metu kardinolas Jozefas Racingeris buvo i\u0161rinktas popie\u017eiumi. Pabr\u0117\u017eiama, kad nepaisant tendencing\u0173 nuomoni\u0173, i\u0161 Bavarijos kil\u0119s Jozefas Racingeris yra tikras krik\u0161\u010dionis revoliucionierius. Nekintanti jo gyvenimo nuostata &#8211; ie\u0161koti ir gelb\u0117ti tai, kas prarasta. Be to, \u0161i knyga yra dialogo, pakeitusio paties autoriaus gyvenim\u0105, istorija.<\/p>\n<p>Popie\u017eiaus Benedikto XVI 80-ojo gimtadienio proga P\u0117teris Z\u0117valdas aktual\u0173 leidin\u012f papild\u0117 dviej\u0173 pirm\u0173j\u0173 pontifikato met\u0173 analize.<\/p>\n<ul class=\"about-product d-none d-xl-block mt-4\">\n<li><strong>Autorius:<\/strong>\u00a0Peter Seewald<\/li>\n<li><strong>Leid\u0117jas:<\/strong>\u00a0Katalik\u0173 pasaulio leidiniai<\/li>\n<li><strong>Metai:<\/strong>\u00a02008<\/li>\n<li><strong>Puslapiai:<\/strong>\u00a0300<\/li>\n<li><strong>ISBN:<\/strong>\u00a09789955291015<\/li>\n<li><strong>Formatas:<\/strong>\u00a014,5 x 22 cm, kieti vir\u0161eliai<\/li>\n<li><strong>Kalba:<\/strong>\u00a0Lietuvi\u0173<\/li>\n<li><strong>Vert\u0117jas:<\/strong>\u00a0Elena Eimaityt\u0117<\/li>\n<\/ul>\n","protected":false},"excerpt":{"rendered":"<p>Vatikano vadovas popie\u017eius Benediktas XVI yra vienas \u017eymiausi\u0173 Europos intelektual\u0173. \u017durnalistas P\u0117teris Z\u0117valdas (Peter Seewald), pa\u017e\u012fstantis Jozef\u0105 Racinger\u012f (Joseph Ratzinger) nuo 1992 m., \u0117m\u0117 i\u0161 jo \u201eilgiausius Ba\u017eny\u010dios istorijoje interviu\u201c, kuriuos paskelb\u0117 dviejose pasaulin\u012f pripa\u017einim\u0105 pelniusiose knygose. \u0160\u012f kart\u0105 jis i\u0161samiai apra\u0161o \u0161iuos susitikimus ir pateikia puikaus teologo, vis\u0105 savo gyvenim\u0105 atidavusio Katalik\u0173 Ba\u017eny\u010dios tarnystei, portret\u0105. Remdamasis am\u017einink\u0173 atsiminimais, pasakoja apie popie\u017eiaus vaikyst\u0119, jaunyst\u0119, pirmus kunigyst\u0117s metus, vyskupyst\u0119 ir darb\u0105 Vatikane, Tik\u0117jimo mokymo kongregacijoje. Knygoje i\u0161samiai apra\u0161oma konklava, kurios metu kardinolas Jozefas Racingeris buvo i\u0161rinktas popie\u017eiumi. Pabr\u0117\u017eiama, kad nepaisant tendencing\u0173 nuomoni\u0173, i\u0161 Bavarijos kil\u0119s Jozefas Racingeris yra tikras krik\u0161\u010dionis revoliucionierius. Nekintanti jo gyvenimo nuostata &#8211; ie\u0161koti ir gelb\u0117ti tai, kas prarasta. Be to, \u0161i knyga yra dialogo, pakeitusio paties autoriaus gyvenim\u0105, istorija. Popie\u017eiaus Benedikto XVI 80-ojo gimtadienio proga P\u0117teris Z\u0117valdas aktual\u0173 leidin\u012f papild\u0117 dviej\u0173 pirm\u0173j\u0173 pontifikato met\u0173 analize. Autorius:\u00a0Peter Seewald Leid\u0117jas:\u00a0Katalik\u0173 pasaulio leidiniai Metai:\u00a02008 Puslapiai:\u00a0300 ISBN:\u00a09789955291015 Formatas:\u00a014,5 x 22 cm, kieti vir\u0161eliai Kalba:\u00a0Lietuvi\u0173 Vert\u0117jas:\u00a0Elena Eimaityt\u0117<\/p>\n","protected":false},"featured_media":13861,"comment_status":"open","ping_status":"closed","template":"","meta":{"_acf_changed":false,"site-sidebar-layout":"default","site-content-layout":"","ast-site-content-layout":"default","site-content-style":"default","site-sidebar-style":"default","ast-global-header-display":"","ast-banner-title-visibility":"","ast-main-header-display":"","ast-hfb-above-header-display":"","ast-hfb-below-header-display":"","ast-hfb-mobile-header-display":"","site-post-title":"","ast-breadcrumbs-content":"","ast-featured-img":"","footer-sml-layout":"","ast-disable-related-posts":"","theme-transparent-header-meta":"default","adv-header-id-meta":"","stick-header-meta":"","header-above-stick-meta":"","header-main-stick-meta":"","header-below-stick-meta":"","astra-migrate-meta-layouts":"set","ast-page-background-enabled":"default","ast-page-background-meta":{"desktop":{"background-color":"","background-image":"","background-repeat":"repeat","background-position":"center center","background-size":"auto","background-attachment":"scroll","background-type":"","background-media":"","overlay-type":"","overlay-color":"","overlay-opacity":"","overlay-gradient":""},"tablet":{"background-color":"","background-image":"","background-repeat":"repeat","background-position":"center center","background-size":"auto","background-attachment":"scroll","background-type":"","background-media":"","overlay-type":"","overlay-color":"","overlay-opacity":"","overlay-gradient":""},"mobile":{"background-color":"","background-image":"","background-repeat":"repeat","background-position":"center center","background-size":"auto","background-attachment":"scroll","background-type":"","background-media":"","overlay-type":"","overlay-color":"","overlay-opacity":"","overlay-gradient":""}},"ast-content-background-meta":{"desktop":{"background-color":"var(--ast-global-color-4)","background-image":"","background-repeat":"repeat","background-position":"center center","background-size":"auto","background-attachment":"scroll","background-type":"","background-media":"","overlay-type":"","overlay-color":"","overlay-opacity":"","overlay-gradient":""},"tablet":{"background-color":"var(--ast-global-color-4)","background-image":"","background-repeat":"repeat","background-position":"center center","background-size":"auto","background-attachment":"scroll","background-type":"","background-media":"","overlay-type":"","overlay-color":"","overlay-opacity":"","overlay-gradient":""},"mobile":{"background-color":"var(--ast-global-color-4)","background-image":"","background-repeat":"repeat","background-position":"center center","background-size":"auto","background-attachment":"scroll","background-type":"","background-media":"","overlay-type":"","overlay-color":"","overlay-opacity":"","overlay-gradient":""}}},"product_brand":[],"product_cat":[15,165],"product_tag":[2333,2045,2257,1835,2335,2334,1581],"class_list":{"0":"post-13839","1":"product","2":"type-product","3":"status-publish","4":"has-post-thumbnail","6":"product_cat-uncategorized","7":"product_cat-religija-filosofija-ir-ezoterika","8":"product_tag-benediktas-xvi","9":"product_tag-biografija","10":"product_tag-dvasinis-gyvenimas","11":"product_tag-kataliku-baznycia","12":"product_tag-peter-seewald","13":"product_tag-popiezius","14":"product_tag-tikejimas","15":"desktop-align-left","16":"tablet-align-left","17":"mobile-align-left","19":"first","20":"instock","21":"shipping-taxable","22":"purchasable","23":"product-type-simple"},"acf":[],"yoast_head":"<!-- This site is optimized with the Yoast SEO plugin v27.0 - https:\/\/yoast.com\/product\/yoast-seo-wordpress\/ -->\n<title>Benediktas XVI. Portretas i\u0161 arti<\/title>\n<meta name=\"description\" content=\"Vatikano vadovas popie\u017eius Benediktas XVI yra vienas \u017eymiausi\u0173 Europos intelektual\u0173. \u017durnalistas P\u0117teris Z\u0117valdas (Peter Seewald), pa\u017e\u012fstantis Jozef\u0105\" \/>\n<meta name=\"robots\" content=\"index, follow, max-snippet:-1, max-image-preview:large, max-video-preview:-1\" \/>\n<link rel=\"canonical\" href=\"https:\/\/skaitytaknyga.lt\/en\/produktas\/benediktas-xvi-portretas-is-arti\/\" \/>\n<meta property=\"og:locale\" content=\"en_GB\" \/>\n<meta property=\"og:locale:alternate\" content=\"lt_LT\" \/>\n<meta property=\"og:type\" content=\"article\" \/>\n<meta property=\"og:title\" content=\"Benediktas XVI. Portretas i\u0161 arti\" \/>\n<meta property=\"og:description\" content=\"Vatikano vadovas popie\u017eius Benediktas XVI yra vienas \u017eymiausi\u0173 Europos intelektual\u0173. \u017durnalistas P\u0117teris Z\u0117valdas (Peter Seewald), pa\u017e\u012fstantis Jozef\u0105\" \/>\n<meta property=\"og:url\" content=\"https:\/\/skaitytaknyga.lt\/en\/produktas\/benediktas-xvi-portretas-is-arti\/\" \/>\n<meta property=\"og:site_name\" content=\"Skaitytaknyga\" \/>\n<meta property=\"article:publisher\" content=\"https:\/\/www.facebook.com\/skaitytaknyga\/\" \/>\n<meta property=\"article:modified_time\" content=\"2026-01-29T15:47:42+00:00\" \/>\n<meta property=\"og:image\" content=\"https:\/\/skaitytaknyga.lt\/wp-content\/uploads\/2024\/09\/Benediktas-XVI.-Portretas-is-arti.webp\" \/>\n\t<meta property=\"og:image:width\" content=\"510\" \/>\n\t<meta property=\"og:image:height\" content=\"800\" \/>\n\t<meta property=\"og:image:type\" content=\"image\/webp\" \/>\n<meta name=\"twitter:card\" content=\"summary_large_image\" \/>\n<meta name=\"twitter:label1\" content=\"Estimated reading time\" \/>\n\t<meta name=\"twitter:data1\" content=\"2 minutes\" \/>\n<script type=\"application\/ld+json\" class=\"yoast-schema-graph\">{\"@context\":\"https:\/\/schema.org\",\"@graph\":[{\"@type\":\"WebPage\",\"@id\":\"https:\/\/skaitytaknyga.lt\/produktas\/benediktas-xvi-portretas-is-arti\/\",\"url\":\"https:\/\/skaitytaknyga.lt\/produktas\/benediktas-xvi-portretas-is-arti\/\",\"name\":\"Benediktas XVI. Portretas i\u0161 arti\",\"isPartOf\":{\"@id\":\"https:\/\/skaitytaknyga.lt\/#website\"},\"primaryImageOfPage\":{\"@id\":\"https:\/\/skaitytaknyga.lt\/produktas\/benediktas-xvi-portretas-is-arti\/#primaryimage\"},\"image\":{\"@id\":\"https:\/\/skaitytaknyga.lt\/produktas\/benediktas-xvi-portretas-is-arti\/#primaryimage\"},\"thumbnailUrl\":\"https:\/\/skaitytaknyga.lt\/wp-content\/uploads\/2024\/09\/Benediktas-XVI.-Portretas-is-arti.webp\",\"datePublished\":\"2024-05-10T07:42:13+00:00\",\"dateModified\":\"2026-01-29T15:47:42+00:00\",\"description\":\"Vatikano vadovas popie\u017eius Benediktas XVI yra vienas \u017eymiausi\u0173 Europos intelektual\u0173. \u017durnalistas P\u0117teris Z\u0117valdas (Peter Seewald), pa\u017e\u012fstantis Jozef\u0105\",\"breadcrumb\":{\"@id\":\"https:\/\/skaitytaknyga.lt\/produktas\/benediktas-xvi-portretas-is-arti\/#breadcrumb\"},\"inLanguage\":\"en-GB\",\"potentialAction\":[{\"@type\":\"ReadAction\",\"target\":[\"https:\/\/skaitytaknyga.lt\/produktas\/benediktas-xvi-portretas-is-arti\/\"]}]},{\"@type\":\"ImageObject\",\"inLanguage\":\"en-GB\",\"@id\":\"https:\/\/skaitytaknyga.lt\/produktas\/benediktas-xvi-portretas-is-arti\/#primaryimage\",\"url\":\"https:\/\/skaitytaknyga.lt\/wp-content\/uploads\/2024\/09\/Benediktas-XVI.-Portretas-is-arti.webp\",\"contentUrl\":\"https:\/\/skaitytaknyga.lt\/wp-content\/uploads\/2024\/09\/Benediktas-XVI.-Portretas-is-arti.webp\",\"width\":510,\"height\":800,\"caption\":\"Benediktas XVI. Portretas i\u0161 arti\"},{\"@type\":\"BreadcrumbList\",\"@id\":\"https:\/\/skaitytaknyga.lt\/produktas\/benediktas-xvi-portretas-is-arti\/#breadcrumb\",\"itemListElement\":[{\"@type\":\"ListItem\",\"position\":1,\"name\":\"Home\",\"item\":\"https:\/\/skaitytaknyga.lt\/\"},{\"@type\":\"ListItem\",\"position\":2,\"name\":\"Parduotuv\u0117\",\"item\":\"https:\/\/skaitytaknyga.lt\/knygu-parduotuve\/\"},{\"@type\":\"ListItem\",\"position\":3,\"name\":\"Benediktas XVI. Portretas i\u0161 arti\"}]},{\"@type\":\"WebSite\",\"@id\":\"https:\/\/skaitytaknyga.lt\/#website\",\"url\":\"https:\/\/skaitytaknyga.lt\/\",\"name\":\"skaitytaknyga.lt\",\"description\":\"Skaitytaknyga.lt \u2013 tai ma\u017eas \u0161eimos verslas, kuris prasid\u0117jo nuo meil\u0117s knygoms ir siekio i\u0161gelb\u0117ti knygas nuo likimo prie konteinerio. Kas vienam nereikalingas daiktas \u2013 kitam lobis, o mes esame tarpininkai, kurie padeda abiems tapti laimingesniems ???? \u017dinome kaip nelengva i\u0161gyventi ma\u017eiems verslams, tad nuo \u0161iol, \u010dia rasite ir kit\u0173, ma\u017e\u0173 \u0161eim\u0173 versl\u0173, rank\u0173 darbo, dovan\u0173 sau ir artimiesiems.\",\"publisher\":{\"@id\":\"https:\/\/skaitytaknyga.lt\/#organization\"},\"potentialAction\":[{\"@type\":\"SearchAction\",\"target\":{\"@type\":\"EntryPoint\",\"urlTemplate\":\"https:\/\/skaitytaknyga.lt\/?s={search_term_string}\"},\"query-input\":{\"@type\":\"PropertyValueSpecification\",\"valueRequired\":true,\"valueName\":\"search_term_string\"}}],\"inLanguage\":\"en-GB\"},{\"@type\":\"Organization\",\"@id\":\"https:\/\/skaitytaknyga.lt\/#organization\",\"name\":\"skaitytaknyga.lt\",\"url\":\"https:\/\/skaitytaknyga.lt\/\",\"logo\":{\"@type\":\"ImageObject\",\"inLanguage\":\"en-GB\",\"@id\":\"https:\/\/skaitytaknyga.lt\/#\/schema\/logo\/image\/\",\"url\":\"https:\/\/skaitytaknyga.lt\/wp-content\/uploads\/2024\/05\/cropped-cropped-cropped-02_00843_jt3bggkj1j3HLc7SyY6rEUpg.jpeg\",\"contentUrl\":\"https:\/\/skaitytaknyga.lt\/wp-content\/uploads\/2024\/05\/cropped-cropped-cropped-02_00843_jt3bggkj1j3HLc7SyY6rEUpg.jpeg\",\"width\":1600,\"height\":1600,\"caption\":\"skaitytaknyga.lt\"},\"image\":{\"@id\":\"https:\/\/skaitytaknyga.lt\/#\/schema\/logo\/image\/\"},\"sameAs\":[\"https:\/\/www.facebook.com\/skaitytaknyga\/\"]}]}<\/script>\n<!-- \/ Yoast SEO plugin. -->","yoast_head_json":{"title":"Benediktas XVI. Portretas i\u0161 arti","description":"Vatikano vadovas popie\u017eius Benediktas XVI yra vienas \u017eymiausi\u0173 Europos intelektual\u0173. \u017durnalistas P\u0117teris Z\u0117valdas (Peter Seewald), pa\u017e\u012fstantis Jozef\u0105","robots":{"index":"index","follow":"follow","max-snippet":"max-snippet:-1","max-image-preview":"max-image-preview:large","max-video-preview":"max-video-preview:-1"},"canonical":"https:\/\/skaitytaknyga.lt\/en\/produktas\/benediktas-xvi-portretas-is-arti\/","og_locale":"en_GB","og_type":"article","og_title":"[:lt]Benediktas XVI. Portretas i\u0161 arti[:] - Skaitytaknyga","og_description":"Vatikano vadovas popie\u017eius Benediktas XVI yra vienas \u017eymiausi\u0173 Europos intelektual\u0173. \u017durnalistas P\u0117teris Z\u0117valdas (Peter Seewald), pa\u017e\u012fstantis Jozef\u0105","og_url":"https:\/\/skaitytaknyga.lt\/en\/produktas\/benediktas-xvi-portretas-is-arti\/","og_site_name":"Skaitytaknyga","article_publisher":"https:\/\/www.facebook.com\/skaitytaknyga\/","article_modified_time":"2026-01-29T15:47:42+00:00","og_image":[{"width":510,"height":800,"url":"https:\/\/skaitytaknyga.lt\/wp-content\/uploads\/2024\/09\/Benediktas-XVI.-Portretas-is-arti.webp","type":"image\/webp"}],"twitter_card":"summary_large_image","twitter_misc":{"Estimated reading time":"2 minutes"},"schema":{"@context":"https:\/\/schema.org","@graph":[{"@type":"WebPage","@id":"https:\/\/skaitytaknyga.lt\/produktas\/benediktas-xvi-portretas-is-arti\/","url":"https:\/\/skaitytaknyga.lt\/produktas\/benediktas-xvi-portretas-is-arti\/","name":"Benediktas XVI. Portretas i\u0161 arti","isPartOf":{"@id":"https:\/\/skaitytaknyga.lt\/#website"},"primaryImageOfPage":{"@id":"https:\/\/skaitytaknyga.lt\/produktas\/benediktas-xvi-portretas-is-arti\/#primaryimage"},"image":{"@id":"https:\/\/skaitytaknyga.lt\/produktas\/benediktas-xvi-portretas-is-arti\/#primaryimage"},"thumbnailUrl":"https:\/\/skaitytaknyga.lt\/wp-content\/uploads\/2024\/09\/Benediktas-XVI.-Portretas-is-arti.webp","datePublished":"2024-05-10T07:42:13+00:00","dateModified":"2026-01-29T15:47:42+00:00","description":"Vatikano vadovas popie\u017eius Benediktas XVI yra vienas \u017eymiausi\u0173 Europos intelektual\u0173. \u017durnalistas P\u0117teris Z\u0117valdas (Peter Seewald), pa\u017e\u012fstantis Jozef\u0105","breadcrumb":{"@id":"https:\/\/skaitytaknyga.lt\/produktas\/benediktas-xvi-portretas-is-arti\/#breadcrumb"},"inLanguage":"en-GB","potentialAction":[{"@type":"ReadAction","target":["https:\/\/skaitytaknyga.lt\/produktas\/benediktas-xvi-portretas-is-arti\/"]}]},{"@type":"ImageObject","inLanguage":"en-GB","@id":"https:\/\/skaitytaknyga.lt\/produktas\/benediktas-xvi-portretas-is-arti\/#primaryimage","url":"https:\/\/skaitytaknyga.lt\/wp-content\/uploads\/2024\/09\/Benediktas-XVI.-Portretas-is-arti.webp","contentUrl":"https:\/\/skaitytaknyga.lt\/wp-content\/uploads\/2024\/09\/Benediktas-XVI.-Portretas-is-arti.webp","width":510,"height":800,"caption":"Benediktas XVI. Portretas i\u0161 arti"},{"@type":"BreadcrumbList","@id":"https:\/\/skaitytaknyga.lt\/produktas\/benediktas-xvi-portretas-is-arti\/#breadcrumb","itemListElement":[{"@type":"ListItem","position":1,"name":"Home","item":"https:\/\/skaitytaknyga.lt\/"},{"@type":"ListItem","position":2,"name":"Parduotuv\u0117","item":"https:\/\/skaitytaknyga.lt\/knygu-parduotuve\/"},{"@type":"ListItem","position":3,"name":"Benediktas XVI. Portretas i\u0161 arti"}]},{"@type":"WebSite","@id":"https:\/\/skaitytaknyga.lt\/#website","url":"https:\/\/skaitytaknyga.lt\/","name":"skaitytaknyga.lt","description":"Skaitytaknyga.lt \u2013 tai ma\u017eas \u0161eimos verslas, kuris prasid\u0117jo nuo meil\u0117s knygoms ir siekio i\u0161gelb\u0117ti knygas nuo likimo prie konteinerio. Kas vienam nereikalingas daiktas \u2013 kitam lobis, o mes esame tarpininkai, kurie padeda abiems tapti laimingesniems ???? \u017dinome kaip nelengva i\u0161gyventi ma\u017eiems verslams, tad nuo \u0161iol, \u010dia rasite ir kit\u0173, ma\u017e\u0173 \u0161eim\u0173 versl\u0173, rank\u0173 darbo, dovan\u0173 sau ir artimiesiems.","publisher":{"@id":"https:\/\/skaitytaknyga.lt\/#organization"},"potentialAction":[{"@type":"SearchAction","target":{"@type":"EntryPoint","urlTemplate":"https:\/\/skaitytaknyga.lt\/?s={search_term_string}"},"query-input":{"@type":"PropertyValueSpecification","valueRequired":true,"valueName":"search_term_string"}}],"inLanguage":"en-GB"},{"@type":"Organization","@id":"https:\/\/skaitytaknyga.lt\/#organization","name":"skaitytaknyga.lt","url":"https:\/\/skaitytaknyga.lt\/","logo":{"@type":"ImageObject","inLanguage":"en-GB","@id":"https:\/\/skaitytaknyga.lt\/#\/schema\/logo\/image\/","url":"https:\/\/skaitytaknyga.lt\/wp-content\/uploads\/2024\/05\/cropped-cropped-cropped-02_00843_jt3bggkj1j3HLc7SyY6rEUpg.jpeg","contentUrl":"https:\/\/skaitytaknyga.lt\/wp-content\/uploads\/2024\/05\/cropped-cropped-cropped-02_00843_jt3bggkj1j3HLc7SyY6rEUpg.jpeg","width":1600,"height":1600,"caption":"skaitytaknyga.lt"},"image":{"@id":"https:\/\/skaitytaknyga.lt\/#\/schema\/logo\/image\/"},"sameAs":["https:\/\/www.facebook.com\/skaitytaknyga\/"]}]}},"_links":{"self":[{"href":"https:\/\/skaitytaknyga.lt\/en\/wp-json\/wp\/v2\/product\/13839","targetHints":{"allow":["GET"]}}],"collection":[{"href":"https:\/\/skaitytaknyga.lt\/en\/wp-json\/wp\/v2\/product"}],"about":[{"href":"https:\/\/skaitytaknyga.lt\/en\/wp-json\/wp\/v2\/types\/product"}],"replies":[{"embeddable":true,"href":"https:\/\/skaitytaknyga.lt\/en\/wp-json\/wp\/v2\/comments?post=13839"}],"wp:featuredmedia":[{"embeddable":true,"href":"https:\/\/skaitytaknyga.lt\/en\/wp-json\/wp\/v2\/media\/13861"}],"wp:attachment":[{"href":"https:\/\/skaitytaknyga.lt\/en\/wp-json\/wp\/v2\/media?parent=13839"}],"wp:term":[{"taxonomy":"product_brand","embeddable":true,"href":"https:\/\/skaitytaknyga.lt\/en\/wp-json\/wp\/v2\/product_brand?post=13839"},{"taxonomy":"product_cat","embeddable":true,"href":"https:\/\/skaitytaknyga.lt\/en\/wp-json\/wp\/v2\/product_cat?post=13839"},{"taxonomy":"product_tag","embeddable":true,"href":"https:\/\/skaitytaknyga.lt\/en\/wp-json\/wp\/v2\/product_tag?post=13839"}],"curies":[{"name":"wp","href":"https:\/\/api.w.org\/{rel}","templated":true}]}}