{"id":13836,"date":"2024-09-10T10:42:12","date_gmt":"2024-09-10T07:42:12","guid":{"rendered":"https:\/\/skaitytaknyga.lt\/?post_type=product&#038;p=13836"},"modified":"2026-03-21T12:17:36","modified_gmt":"2026-03-21T10:17:36","slug":"gyvenimas-audroje-kaip-islikti-sausam","status":"publish","type":"product","link":"https:\/\/skaitytaknyga.lt\/en\/produktas\/gyvenimas-audroje-kaip-islikti-sausam\/","title":{"rendered":"Gyvenimas audroje: kaip i\u0161likti sausam"},"content":{"rendered":"<p class=\"western\">\u0160is pasakojimas \u2013 apie mano patirt\u012f \u012fgyt\u0105 j\u016broje ir krante.<\/p>\n<p>Patirtis, \u012fgyta, atrodyt\u0173, tokiose skirtingose veiklos srityse, i\u0161 ties\u0173 yra gana pana\u0161i. Tarkime, daugel\u012f buriavimo pamok\u0173 perk\u0117l\u0119s \u012f \u012fmon\u0117s vadovo kasdienyb\u0117s verpetus supratau, kad jos veikia bei pasitvirtina ir \u010dia. \u017dinoma, laive galioja savos tradicijos ir savi \u2013 ra\u0161yti ar nera\u0161yti \u2013 \u012fstatymai. Ta\u010diau laive kur kas grei\u010diau i\u0161sigrynina visi dalykai, ekstremaliose situacijose atsiranda tikrumas, \u010dia itin svarbu susitelkti, tad nelieka vietos jokiam balastui. Tod\u0117l ilgainiui supranti, kad laivas \u2013 tai lyg ma\u017eytis valstyb\u0117s ar \u012fmon\u0117s modelis, kur \u012fgula yra darbuotojai, o kapitonas \u2013 vadovas.<\/p>\n<p>Mano buriavimo ir verslo patirtis papild\u0117 viena kit\u0105 \u2013 jos susiliejo \u012f vien\u0105 lyg nerimstantys vandenys ir netik\u0117tai i\u0161plukd\u0117 tam tikrus atsakymus, ne syk\u012f \u012f krant\u0105 i\u0161met\u0117 vienos ar kitos keblios situacijos sprendimus. Kaip nepasiduoti panikai ir stresui? Ko mus moko \u0161tormas? O \u0161tilis? Koks tur\u0117t\u0173 b\u016bti kapitonas arba apskritai lyderis? Kokios jo savyb\u0117s \u012fkvepia pasitik\u0117jim\u0105, o kokios kelia sumai\u0161t\u012f? Kur yra demokratijos ribos? Kaip suvaldyti ir sutelkti k\u016brybingam darbui skirting\u0173 \u017emoni\u0173 komand\u0105?<\/p>\n<ul class=\"about-product d-none d-xl-block mt-4\">\n<li><strong>Autorius:<\/strong>\u00a0Paulius Kovas<\/li>\n<li><strong>Leid\u0117jas:<\/strong>\u00a0Luceo<\/li>\n<li><strong>Metai:<\/strong>\u00a02013<\/li>\n<li><strong>Puslapiai:<\/strong>\u00a0240<\/li>\n<li><strong>ISBN:<\/strong>\u00a09786098112092<\/li>\n<li><strong>Versijos kodas:<\/strong>\u00a0PT.<\/li>\n<li><strong>Formatas:<\/strong>\u00a018 x 25 cm, kieti vir\u0161eliai<\/li>\n<li><strong>Kalba:<\/strong>\u00a0Lietuvi\u0173<\/li>\n<\/ul>\n","protected":false},"excerpt":{"rendered":"<p>\u0160is pasakojimas \u2013 apie mano patirt\u012f \u012fgyt\u0105 j\u016broje ir krante. Patirtis, \u012fgyta, atrodyt\u0173, tokiose skirtingose veiklos srityse, i\u0161 ties\u0173 yra gana pana\u0161i. Tarkime, daugel\u012f buriavimo pamok\u0173 perk\u0117l\u0119s \u012f \u012fmon\u0117s vadovo kasdienyb\u0117s verpetus supratau, kad jos veikia bei pasitvirtina ir \u010dia. \u017dinoma, laive galioja savos tradicijos ir savi \u2013 ra\u0161yti ar nera\u0161yti \u2013 \u012fstatymai. Ta\u010diau laive kur kas grei\u010diau i\u0161sigrynina visi dalykai, ekstremaliose situacijose atsiranda tikrumas, \u010dia itin svarbu susitelkti, tad nelieka vietos jokiam balastui. Tod\u0117l ilgainiui supranti, kad laivas \u2013 tai lyg ma\u017eytis valstyb\u0117s ar \u012fmon\u0117s modelis, kur \u012fgula yra darbuotojai, o kapitonas \u2013 vadovas. Mano buriavimo ir verslo patirtis papild\u0117 viena kit\u0105 \u2013 jos susiliejo \u012f vien\u0105 lyg nerimstantys vandenys ir netik\u0117tai i\u0161plukd\u0117 tam tikrus atsakymus, ne syk\u012f \u012f krant\u0105 i\u0161met\u0117 vienos ar kitos keblios situacijos sprendimus. Kaip nepasiduoti panikai ir stresui? Ko mus moko \u0161tormas? O \u0161tilis? Koks tur\u0117t\u0173 b\u016bti kapitonas arba apskritai lyderis? Kokios jo savyb\u0117s \u012fkvepia pasitik\u0117jim\u0105, o kokios kelia sumai\u0161t\u012f? Kur yra demokratijos ribos? Kaip suvaldyti ir sutelkti k\u016brybingam darbui skirting\u0173 \u017emoni\u0173 komand\u0105? Autorius:\u00a0Paulius Kovas Leid\u0117jas:\u00a0Luceo Metai:\u00a02013 Puslapiai:\u00a0240 ISBN:\u00a09786098112092 Versijos kodas:\u00a0PT. Formatas:\u00a018 x 25 cm, kieti vir\u0161eliai Kalba:\u00a0Lietuvi\u0173<\/p>\n","protected":false},"featured_media":13864,"comment_status":"open","ping_status":"closed","template":"","meta":{"_acf_changed":false,"site-sidebar-layout":"default","site-content-layout":"","ast-site-content-layout":"default","site-content-style":"default","site-sidebar-style":"default","ast-global-header-display":"","ast-banner-title-visibility":"","ast-main-header-display":"","ast-hfb-above-header-display":"","ast-hfb-below-header-display":"","ast-hfb-mobile-header-display":"","site-post-title":"","ast-breadcrumbs-content":"","ast-featured-img":"","footer-sml-layout":"","ast-disable-related-posts":"","theme-transparent-header-meta":"default","adv-header-id-meta":"","stick-header-meta":"","header-above-stick-meta":"","header-main-stick-meta":"","header-below-stick-meta":"","astra-migrate-meta-layouts":"set","ast-page-background-enabled":"default","ast-page-background-meta":{"desktop":{"background-color":"","background-image":"","background-repeat":"repeat","background-position":"center center","background-size":"auto","background-attachment":"scroll","background-type":"","background-media":"","overlay-type":"","overlay-color":"","overlay-opacity":"","overlay-gradient":""},"tablet":{"background-color":"","background-image":"","background-repeat":"repeat","background-position":"center center","background-size":"auto","background-attachment":"scroll","background-type":"","background-media":"","overlay-type":"","overlay-color":"","overlay-opacity":"","overlay-gradient":""},"mobile":{"background-color":"","background-image":"","background-repeat":"repeat","background-position":"center center","background-size":"auto","background-attachment":"scroll","background-type":"","background-media":"","overlay-type":"","overlay-color":"","overlay-opacity":"","overlay-gradient":""}},"ast-content-background-meta":{"desktop":{"background-color":"var(--ast-global-color-4)","background-image":"","background-repeat":"repeat","background-position":"center center","background-size":"auto","background-attachment":"scroll","background-type":"","background-media":"","overlay-type":"","overlay-color":"","overlay-opacity":"","overlay-gradient":""},"tablet":{"background-color":"var(--ast-global-color-4)","background-image":"","background-repeat":"repeat","background-position":"center center","background-size":"auto","background-attachment":"scroll","background-type":"","background-media":"","overlay-type":"","overlay-color":"","overlay-opacity":"","overlay-gradient":""},"mobile":{"background-color":"var(--ast-global-color-4)","background-image":"","background-repeat":"repeat","background-position":"center center","background-size":"auto","background-attachment":"scroll","background-type":"","background-media":"","overlay-type":"","overlay-color":"","overlay-opacity":"","overlay-gradient":""}}},"product_brand":[],"product_cat":[15],"product_tag":[],"class_list":{"0":"post-13836","1":"product","2":"type-product","3":"status-publish","4":"has-post-thumbnail","6":"product_cat-uncategorized","7":"desktop-align-left","8":"tablet-align-left","9":"mobile-align-left","11":"first","12":"outofstock","13":"shipping-taxable","14":"purchasable","15":"product-type-simple"},"acf":[],"yoast_head":"<!-- This site is optimized with the Yoast SEO plugin v27.0 - https:\/\/yoast.com\/product\/yoast-seo-wordpress\/ -->\n<title>Gyvenimas audroje: kaip i\u0161likti sausam<\/title>\n<meta name=\"description\" content=\"\u0160is pasakojimas \u2013 apie mano patirt\u012f \u012fgyt\u0105 j\u016broje ir krante. Patirtis, \u012fgyta, atrodyt\u0173, tokiose skirtingose veiklos srityse, i\u0161 ties\u0173 yra gana pana\u0161i.\" \/>\n<meta name=\"robots\" content=\"index, follow, max-snippet:-1, max-image-preview:large, max-video-preview:-1\" \/>\n<link rel=\"canonical\" href=\"https:\/\/skaitytaknyga.lt\/en\/produktas\/gyvenimas-audroje-kaip-islikti-sausam\/\" \/>\n<meta property=\"og:locale\" content=\"en_GB\" \/>\n<meta property=\"og:locale:alternate\" content=\"lt_LT\" \/>\n<meta property=\"og:type\" content=\"article\" \/>\n<meta property=\"og:title\" content=\"Gyvenimas audroje: kaip i\u0161likti sausam\" \/>\n<meta property=\"og:description\" content=\"\u0160is pasakojimas \u2013 apie mano patirt\u012f \u012fgyt\u0105 j\u016broje ir krante. Patirtis, \u012fgyta, atrodyt\u0173, tokiose skirtingose veiklos srityse, i\u0161 ties\u0173 yra gana pana\u0161i.\" \/>\n<meta property=\"og:url\" content=\"https:\/\/skaitytaknyga.lt\/en\/produktas\/gyvenimas-audroje-kaip-islikti-sausam\/\" \/>\n<meta property=\"og:site_name\" content=\"Skaitytaknyga\" \/>\n<meta property=\"article:publisher\" content=\"https:\/\/www.facebook.com\/skaitytaknyga\/\" \/>\n<meta property=\"article:modified_time\" content=\"2026-03-21T10:17:36+00:00\" \/>\n<meta property=\"og:image\" content=\"https:\/\/skaitytaknyga.lt\/wp-content\/uploads\/2024\/09\/Gyvenimas-audroje.webp\" \/>\n\t<meta property=\"og:image:width\" content=\"595\" \/>\n\t<meta property=\"og:image:height\" content=\"800\" \/>\n\t<meta property=\"og:image:type\" content=\"image\/webp\" \/>\n<meta name=\"twitter:card\" content=\"summary_large_image\" \/>\n<meta name=\"twitter:label1\" content=\"Estimated reading time\" \/>\n\t<meta name=\"twitter:data1\" content=\"2 minutes\" \/>\n<script type=\"application\/ld+json\" class=\"yoast-schema-graph\">{\"@context\":\"https:\/\/schema.org\",\"@graph\":[{\"@type\":\"WebPage\",\"@id\":\"https:\/\/skaitytaknyga.lt\/produktas\/gyvenimas-audroje-kaip-islikti-sausam\/\",\"url\":\"https:\/\/skaitytaknyga.lt\/produktas\/gyvenimas-audroje-kaip-islikti-sausam\/\",\"name\":\"Gyvenimas audroje: kaip i\u0161likti sausam\",\"isPartOf\":{\"@id\":\"https:\/\/skaitytaknyga.lt\/#website\"},\"primaryImageOfPage\":{\"@id\":\"https:\/\/skaitytaknyga.lt\/produktas\/gyvenimas-audroje-kaip-islikti-sausam\/#primaryimage\"},\"image\":{\"@id\":\"https:\/\/skaitytaknyga.lt\/produktas\/gyvenimas-audroje-kaip-islikti-sausam\/#primaryimage\"},\"thumbnailUrl\":\"https:\/\/skaitytaknyga.lt\/wp-content\/uploads\/2024\/09\/Gyvenimas-audroje.webp\",\"datePublished\":\"2024-09-10T07:42:12+00:00\",\"dateModified\":\"2026-03-21T10:17:36+00:00\",\"description\":\"\u0160is pasakojimas \u2013 apie mano patirt\u012f \u012fgyt\u0105 j\u016broje ir krante. Patirtis, \u012fgyta, atrodyt\u0173, tokiose skirtingose veiklos srityse, i\u0161 ties\u0173 yra gana pana\u0161i.\",\"breadcrumb\":{\"@id\":\"https:\/\/skaitytaknyga.lt\/produktas\/gyvenimas-audroje-kaip-islikti-sausam\/#breadcrumb\"},\"inLanguage\":\"en-GB\",\"potentialAction\":[{\"@type\":\"ReadAction\",\"target\":[\"https:\/\/skaitytaknyga.lt\/produktas\/gyvenimas-audroje-kaip-islikti-sausam\/\"]}]},{\"@type\":\"ImageObject\",\"inLanguage\":\"en-GB\",\"@id\":\"https:\/\/skaitytaknyga.lt\/produktas\/gyvenimas-audroje-kaip-islikti-sausam\/#primaryimage\",\"url\":\"https:\/\/skaitytaknyga.lt\/wp-content\/uploads\/2024\/09\/Gyvenimas-audroje.webp\",\"contentUrl\":\"https:\/\/skaitytaknyga.lt\/wp-content\/uploads\/2024\/09\/Gyvenimas-audroje.webp\",\"width\":595,\"height\":800,\"caption\":\"Gyvenimas audroje: kaip i\u0161likti sausam\"},{\"@type\":\"BreadcrumbList\",\"@id\":\"https:\/\/skaitytaknyga.lt\/produktas\/gyvenimas-audroje-kaip-islikti-sausam\/#breadcrumb\",\"itemListElement\":[{\"@type\":\"ListItem\",\"position\":1,\"name\":\"Home\",\"item\":\"https:\/\/skaitytaknyga.lt\/\"},{\"@type\":\"ListItem\",\"position\":2,\"name\":\"Parduotuv\u0117\",\"item\":\"https:\/\/skaitytaknyga.lt\/knygu-parduotuve\/\"},{\"@type\":\"ListItem\",\"position\":3,\"name\":\"Gyvenimas audroje: kaip i\u0161likti sausam\"}]},{\"@type\":\"WebSite\",\"@id\":\"https:\/\/skaitytaknyga.lt\/#website\",\"url\":\"https:\/\/skaitytaknyga.lt\/\",\"name\":\"skaitytaknyga.lt\",\"description\":\"Skaitytaknyga.lt \u2013 tai ma\u017eas \u0161eimos verslas, kuris prasid\u0117jo nuo meil\u0117s knygoms ir siekio i\u0161gelb\u0117ti knygas nuo likimo prie konteinerio. Kas vienam nereikalingas daiktas \u2013 kitam lobis, o mes esame tarpininkai, kurie padeda abiems tapti laimingesniems ???? \u017dinome kaip nelengva i\u0161gyventi ma\u017eiems verslams, tad nuo \u0161iol, \u010dia rasite ir kit\u0173, ma\u017e\u0173 \u0161eim\u0173 versl\u0173, rank\u0173 darbo, dovan\u0173 sau ir artimiesiems.\",\"publisher\":{\"@id\":\"https:\/\/skaitytaknyga.lt\/#organization\"},\"potentialAction\":[{\"@type\":\"SearchAction\",\"target\":{\"@type\":\"EntryPoint\",\"urlTemplate\":\"https:\/\/skaitytaknyga.lt\/?s={search_term_string}\"},\"query-input\":{\"@type\":\"PropertyValueSpecification\",\"valueRequired\":true,\"valueName\":\"search_term_string\"}}],\"inLanguage\":\"en-GB\"},{\"@type\":\"Organization\",\"@id\":\"https:\/\/skaitytaknyga.lt\/#organization\",\"name\":\"skaitytaknyga.lt\",\"url\":\"https:\/\/skaitytaknyga.lt\/\",\"logo\":{\"@type\":\"ImageObject\",\"inLanguage\":\"en-GB\",\"@id\":\"https:\/\/skaitytaknyga.lt\/#\/schema\/logo\/image\/\",\"url\":\"https:\/\/skaitytaknyga.lt\/wp-content\/uploads\/2024\/05\/cropped-cropped-cropped-02_00843_jt3bggkj1j3HLc7SyY6rEUpg.jpeg\",\"contentUrl\":\"https:\/\/skaitytaknyga.lt\/wp-content\/uploads\/2024\/05\/cropped-cropped-cropped-02_00843_jt3bggkj1j3HLc7SyY6rEUpg.jpeg\",\"width\":1600,\"height\":1600,\"caption\":\"skaitytaknyga.lt\"},\"image\":{\"@id\":\"https:\/\/skaitytaknyga.lt\/#\/schema\/logo\/image\/\"},\"sameAs\":[\"https:\/\/www.facebook.com\/skaitytaknyga\/\"]}]}<\/script>\n<!-- \/ Yoast SEO plugin. -->","yoast_head_json":{"title":"Gyvenimas audroje: kaip i\u0161likti sausam","description":"\u0160is pasakojimas \u2013 apie mano patirt\u012f \u012fgyt\u0105 j\u016broje ir krante. Patirtis, \u012fgyta, atrodyt\u0173, tokiose skirtingose veiklos srityse, i\u0161 ties\u0173 yra gana pana\u0161i.","robots":{"index":"index","follow":"follow","max-snippet":"max-snippet:-1","max-image-preview":"max-image-preview:large","max-video-preview":"max-video-preview:-1"},"canonical":"https:\/\/skaitytaknyga.lt\/en\/produktas\/gyvenimas-audroje-kaip-islikti-sausam\/","og_locale":"en_GB","og_type":"article","og_title":"[:lt]Gyvenimas audroje: kaip i\u0161likti sausam[:] - Skaitytaknyga","og_description":"\u0160is pasakojimas \u2013 apie mano patirt\u012f \u012fgyt\u0105 j\u016broje ir krante. Patirtis, \u012fgyta, atrodyt\u0173, tokiose skirtingose veiklos srityse, i\u0161 ties\u0173 yra gana pana\u0161i.","og_url":"https:\/\/skaitytaknyga.lt\/en\/produktas\/gyvenimas-audroje-kaip-islikti-sausam\/","og_site_name":"Skaitytaknyga","article_publisher":"https:\/\/www.facebook.com\/skaitytaknyga\/","article_modified_time":"2026-03-21T10:17:36+00:00","og_image":[{"width":595,"height":800,"url":"https:\/\/skaitytaknyga.lt\/wp-content\/uploads\/2024\/09\/Gyvenimas-audroje.webp","type":"image\/webp"}],"twitter_card":"summary_large_image","twitter_misc":{"Estimated reading time":"2 minutes"},"schema":{"@context":"https:\/\/schema.org","@graph":[{"@type":"WebPage","@id":"https:\/\/skaitytaknyga.lt\/produktas\/gyvenimas-audroje-kaip-islikti-sausam\/","url":"https:\/\/skaitytaknyga.lt\/produktas\/gyvenimas-audroje-kaip-islikti-sausam\/","name":"Gyvenimas audroje: kaip i\u0161likti sausam","isPartOf":{"@id":"https:\/\/skaitytaknyga.lt\/#website"},"primaryImageOfPage":{"@id":"https:\/\/skaitytaknyga.lt\/produktas\/gyvenimas-audroje-kaip-islikti-sausam\/#primaryimage"},"image":{"@id":"https:\/\/skaitytaknyga.lt\/produktas\/gyvenimas-audroje-kaip-islikti-sausam\/#primaryimage"},"thumbnailUrl":"https:\/\/skaitytaknyga.lt\/wp-content\/uploads\/2024\/09\/Gyvenimas-audroje.webp","datePublished":"2024-09-10T07:42:12+00:00","dateModified":"2026-03-21T10:17:36+00:00","description":"\u0160is pasakojimas \u2013 apie mano patirt\u012f \u012fgyt\u0105 j\u016broje ir krante. Patirtis, \u012fgyta, atrodyt\u0173, tokiose skirtingose veiklos srityse, i\u0161 ties\u0173 yra gana pana\u0161i.","breadcrumb":{"@id":"https:\/\/skaitytaknyga.lt\/produktas\/gyvenimas-audroje-kaip-islikti-sausam\/#breadcrumb"},"inLanguage":"en-GB","potentialAction":[{"@type":"ReadAction","target":["https:\/\/skaitytaknyga.lt\/produktas\/gyvenimas-audroje-kaip-islikti-sausam\/"]}]},{"@type":"ImageObject","inLanguage":"en-GB","@id":"https:\/\/skaitytaknyga.lt\/produktas\/gyvenimas-audroje-kaip-islikti-sausam\/#primaryimage","url":"https:\/\/skaitytaknyga.lt\/wp-content\/uploads\/2024\/09\/Gyvenimas-audroje.webp","contentUrl":"https:\/\/skaitytaknyga.lt\/wp-content\/uploads\/2024\/09\/Gyvenimas-audroje.webp","width":595,"height":800,"caption":"Gyvenimas audroje: kaip i\u0161likti sausam"},{"@type":"BreadcrumbList","@id":"https:\/\/skaitytaknyga.lt\/produktas\/gyvenimas-audroje-kaip-islikti-sausam\/#breadcrumb","itemListElement":[{"@type":"ListItem","position":1,"name":"Home","item":"https:\/\/skaitytaknyga.lt\/"},{"@type":"ListItem","position":2,"name":"Parduotuv\u0117","item":"https:\/\/skaitytaknyga.lt\/knygu-parduotuve\/"},{"@type":"ListItem","position":3,"name":"Gyvenimas audroje: kaip i\u0161likti sausam"}]},{"@type":"WebSite","@id":"https:\/\/skaitytaknyga.lt\/#website","url":"https:\/\/skaitytaknyga.lt\/","name":"skaitytaknyga.lt","description":"Skaitytaknyga.lt \u2013 tai ma\u017eas \u0161eimos verslas, kuris prasid\u0117jo nuo meil\u0117s knygoms ir siekio i\u0161gelb\u0117ti knygas nuo likimo prie konteinerio. Kas vienam nereikalingas daiktas \u2013 kitam lobis, o mes esame tarpininkai, kurie padeda abiems tapti laimingesniems ???? \u017dinome kaip nelengva i\u0161gyventi ma\u017eiems verslams, tad nuo \u0161iol, \u010dia rasite ir kit\u0173, ma\u017e\u0173 \u0161eim\u0173 versl\u0173, rank\u0173 darbo, dovan\u0173 sau ir artimiesiems.","publisher":{"@id":"https:\/\/skaitytaknyga.lt\/#organization"},"potentialAction":[{"@type":"SearchAction","target":{"@type":"EntryPoint","urlTemplate":"https:\/\/skaitytaknyga.lt\/?s={search_term_string}"},"query-input":{"@type":"PropertyValueSpecification","valueRequired":true,"valueName":"search_term_string"}}],"inLanguage":"en-GB"},{"@type":"Organization","@id":"https:\/\/skaitytaknyga.lt\/#organization","name":"skaitytaknyga.lt","url":"https:\/\/skaitytaknyga.lt\/","logo":{"@type":"ImageObject","inLanguage":"en-GB","@id":"https:\/\/skaitytaknyga.lt\/#\/schema\/logo\/image\/","url":"https:\/\/skaitytaknyga.lt\/wp-content\/uploads\/2024\/05\/cropped-cropped-cropped-02_00843_jt3bggkj1j3HLc7SyY6rEUpg.jpeg","contentUrl":"https:\/\/skaitytaknyga.lt\/wp-content\/uploads\/2024\/05\/cropped-cropped-cropped-02_00843_jt3bggkj1j3HLc7SyY6rEUpg.jpeg","width":1600,"height":1600,"caption":"skaitytaknyga.lt"},"image":{"@id":"https:\/\/skaitytaknyga.lt\/#\/schema\/logo\/image\/"},"sameAs":["https:\/\/www.facebook.com\/skaitytaknyga\/"]}]}},"_links":{"self":[{"href":"https:\/\/skaitytaknyga.lt\/en\/wp-json\/wp\/v2\/product\/13836","targetHints":{"allow":["GET"]}}],"collection":[{"href":"https:\/\/skaitytaknyga.lt\/en\/wp-json\/wp\/v2\/product"}],"about":[{"href":"https:\/\/skaitytaknyga.lt\/en\/wp-json\/wp\/v2\/types\/product"}],"replies":[{"embeddable":true,"href":"https:\/\/skaitytaknyga.lt\/en\/wp-json\/wp\/v2\/comments?post=13836"}],"wp:featuredmedia":[{"embeddable":true,"href":"https:\/\/skaitytaknyga.lt\/en\/wp-json\/wp\/v2\/media\/13864"}],"wp:attachment":[{"href":"https:\/\/skaitytaknyga.lt\/en\/wp-json\/wp\/v2\/media?parent=13836"}],"wp:term":[{"taxonomy":"product_brand","embeddable":true,"href":"https:\/\/skaitytaknyga.lt\/en\/wp-json\/wp\/v2\/product_brand?post=13836"},{"taxonomy":"product_cat","embeddable":true,"href":"https:\/\/skaitytaknyga.lt\/en\/wp-json\/wp\/v2\/product_cat?post=13836"},{"taxonomy":"product_tag","embeddable":true,"href":"https:\/\/skaitytaknyga.lt\/en\/wp-json\/wp\/v2\/product_tag?post=13836"}],"curies":[{"name":"wp","href":"https:\/\/api.w.org\/{rel}","templated":true}]}}