{"id":13834,"date":"2024-09-10T10:42:12","date_gmt":"2024-09-10T07:42:12","guid":{"rendered":"https:\/\/skaitytaknyga.lt\/?post_type=product&#038;p=13834"},"modified":"2024-10-09T22:26:11","modified_gmt":"2024-10-09T19:26:11","slug":"c-s-lewis-kancios-problema-pabraukyta-spalvotu-zymekliu","status":"publish","type":"product","link":"https:\/\/skaitytaknyga.lt\/en\/produktas\/c-s-lewis-kancios-problema-pabraukyta-spalvotu-zymekliu\/","title":{"rendered":"C. S. Lewis \u201eKan\u010dios problema\u201c (nedidelis defektas)"},"content":{"rendered":"<p>Kad ir kokia b\u016bt\u0173 j\u016bs\u0173 gyvenimo filosofija, kada nors teks j\u0105 i\u0161m\u0117ginti, susid\u016brus su kan\u010dia ar pa\u010diam j\u0105 patyrus.<\/p>\n<p>Jei Dievas yra, kod\u0117l \u017emon\u0117s ir gyv\u016bnai turi kent\u0117ti?<\/p>\n<p>C. S. Lewisas su did\u017eiule u\u017euojauta ir be galo \u012f\u017evalgiai imasi i\u0161narplioti \u0161i\u0105 painiav\u0105, suteikdamas skaitytojui vilt\u012f, pasitelkdamas i\u0161mint\u012f ir gil\u0173 \u017emogaus prigimties supratim\u0105. Jis si\u016blo skaitytojams savo paties tvirt\u0105 \u012fsitikinim\u0105, kad, kai reikia i\u0161tverti kan\u010di\u0105, truputis narsos padeda labiau, negu daug \u017einojimo, truputis \u017emogi\u0161kos u\u017euojautos \u2013 labiau negu daug narsos, o labiausiai u\u017e visk\u0105 gelbsti net ma\u017eiausias Dievo meil\u0117s la\u0161as.<\/p>\n<div>\n<p>\u0160i knyga\u00a0<strong>&#8220;<\/strong><a class=\"listitem4\"><strong>Kan\u010dios problema&#8221;<\/strong><\/a>pad\u0117s daugybei \u017emoni\u0173 naujai pa\u017evelgti \u012f tai, kas jiems iki \u0161iol atrod\u0117 savaime suprantama ir atvers galimybes, apie kurias anks\u010diau neb\u016bt\u0173 n\u0117 pagalvoj\u0119.<\/p>\n<p>Clive\u2019as Staplesas Lewisas (1898\u20131963) buvo vienas i\u0161 XX am\u017eiaus intelekto mil\u017ein\u0173 ir priklaus\u0117 \u012ftakingiausiems savo meto ra\u0161ytojams. Jau ne vien\u0105 vaik\u0173 kart\u0105 su\u017eav\u0117jo jo \u201eNarnijos kronikos\u201c, klasika tap\u0119 pasakojimai, pilni burt\u0173 bei tikrov\u0117s, kuriuose g\u0117ris nugali blog\u012f. Ta\u010diau dar Lewisas yra para\u0161\u0119s per 30 knyg\u0173, dauguma j\u0173 skirtos \u012fkv\u0117pti suaugusius skaitytojus. Viena i\u0161 j\u0173 \u2013 \u201eKan\u010dios problema\u201c.<\/p>\n<\/div>\n<div><\/div>\n<div>\n<ul class=\"details-list mt5\">\n<li>Autorius:\u00a0C. S. Lewis<\/li>\n<li>Leid\u0117jas:\u00a0Katalik\u0173 pasaulio leidiniai<\/li>\n<li>I\u0161leidimo metai:\u00a02006<\/li>\n<li>Knygos puslapi\u0173 skai\u010dius:\u00a0160<\/li>\n<li>Formatas:\u00a013&#215;20, mink\u0161ti vir\u0161eliai<\/li>\n<li>ISBN ar kodas:\u00a09955-619-99-6<\/li>\n<\/ul>\n<\/div>\n","protected":false},"excerpt":{"rendered":"<p>Kad ir kokia b\u016bt\u0173 j\u016bs\u0173 gyvenimo filosofija, kada nors teks j\u0105 i\u0161m\u0117ginti, susid\u016brus su kan\u010dia ar pa\u010diam j\u0105 patyrus. Jei Dievas yra, kod\u0117l \u017emon\u0117s ir gyv\u016bnai turi kent\u0117ti? C. S. Lewisas su did\u017eiule u\u017euojauta ir be galo \u012f\u017evalgiai imasi i\u0161narplioti \u0161i\u0105 painiav\u0105, suteikdamas skaitytojui vilt\u012f, pasitelkdamas i\u0161mint\u012f ir gil\u0173 \u017emogaus prigimties supratim\u0105. Jis si\u016blo skaitytojams savo paties tvirt\u0105 \u012fsitikinim\u0105, kad, kai reikia i\u0161tverti kan\u010di\u0105, truputis narsos padeda labiau, negu daug \u017einojimo, truputis \u017emogi\u0161kos u\u017euojautos \u2013 labiau negu daug narsos, o labiausiai u\u017e visk\u0105 gelbsti net ma\u017eiausias Dievo meil\u0117s la\u0161as. \u0160i knyga\u00a0&#8220;Kan\u010dios problema&#8221;pad\u0117s daugybei \u017emoni\u0173 naujai pa\u017evelgti \u012f tai, kas jiems iki \u0161iol atrod\u0117 savaime suprantama ir atvers galimybes, apie kurias anks\u010diau neb\u016bt\u0173 n\u0117 pagalvoj\u0119. Clive\u2019as Staplesas Lewisas (1898\u20131963) buvo vienas i\u0161 XX am\u017eiaus intelekto mil\u017ein\u0173 ir priklaus\u0117 \u012ftakingiausiems savo meto ra\u0161ytojams. Jau ne vien\u0105 vaik\u0173 kart\u0105 su\u017eav\u0117jo jo \u201eNarnijos kronikos\u201c, klasika tap\u0119 pasakojimai, pilni burt\u0173 bei tikrov\u0117s, kuriuose g\u0117ris nugali blog\u012f. Ta\u010diau dar Lewisas yra para\u0161\u0119s per 30 knyg\u0173, dauguma j\u0173 skirtos \u012fkv\u0117pti suaugusius skaitytojus. Viena i\u0161 j\u0173 \u2013 \u201eKan\u010dios problema\u201c. Autorius:\u00a0C. S. Lewis Leid\u0117jas:\u00a0Katalik\u0173 pasaulio leidiniai I\u0161leidimo metai:\u00a02006 Knygos puslapi\u0173 skai\u010dius:\u00a0160 Formatas:\u00a013&#215;20, mink\u0161ti vir\u0161eliai ISBN ar kodas:\u00a09955-619-99-6<\/p>\n","protected":false},"featured_media":13866,"comment_status":"open","ping_status":"closed","template":"","meta":{"_acf_changed":false,"site-sidebar-layout":"default","site-content-layout":"","ast-site-content-layout":"default","site-content-style":"default","site-sidebar-style":"default","ast-global-header-display":"","ast-banner-title-visibility":"","ast-main-header-display":"","ast-hfb-above-header-display":"","ast-hfb-below-header-display":"","ast-hfb-mobile-header-display":"","site-post-title":"","ast-breadcrumbs-content":"","ast-featured-img":"","footer-sml-layout":"","ast-disable-related-posts":"","theme-transparent-header-meta":"default","adv-header-id-meta":"","stick-header-meta":"","header-above-stick-meta":"","header-main-stick-meta":"","header-below-stick-meta":"","astra-migrate-meta-layouts":"set","ast-page-background-enabled":"default","ast-page-background-meta":{"desktop":{"background-color":"","background-image":"","background-repeat":"repeat","background-position":"center center","background-size":"auto","background-attachment":"scroll","background-type":"","background-media":"","overlay-type":"","overlay-color":"","overlay-opacity":"","overlay-gradient":""},"tablet":{"background-color":"","background-image":"","background-repeat":"repeat","background-position":"center center","background-size":"auto","background-attachment":"scroll","background-type":"","background-media":"","overlay-type":"","overlay-color":"","overlay-opacity":"","overlay-gradient":""},"mobile":{"background-color":"","background-image":"","background-repeat":"repeat","background-position":"center center","background-size":"auto","background-attachment":"scroll","background-type":"","background-media":"","overlay-type":"","overlay-color":"","overlay-opacity":"","overlay-gradient":""}},"ast-content-background-meta":{"desktop":{"background-color":"var(--ast-global-color-4)","background-image":"","background-repeat":"repeat","background-position":"center center","background-size":"auto","background-attachment":"scroll","background-type":"","background-media":"","overlay-type":"","overlay-color":"","overlay-opacity":"","overlay-gradient":""},"tablet":{"background-color":"var(--ast-global-color-4)","background-image":"","background-repeat":"repeat","background-position":"center center","background-size":"auto","background-attachment":"scroll","background-type":"","background-media":"","overlay-type":"","overlay-color":"","overlay-opacity":"","overlay-gradient":""},"mobile":{"background-color":"var(--ast-global-color-4)","background-image":"","background-repeat":"repeat","background-position":"center center","background-size":"auto","background-attachment":"scroll","background-type":"","background-media":"","overlay-type":"","overlay-color":"","overlay-opacity":"","overlay-gradient":""}}},"product_brand":[],"product_cat":[15,165],"product_tag":[],"class_list":{"0":"post-13834","1":"product","2":"type-product","3":"status-publish","4":"has-post-thumbnail","6":"product_cat-uncategorized","7":"product_cat-religija-filosofija-ir-ezoterika","8":"desktop-align-left","9":"tablet-align-left","10":"mobile-align-left","12":"first","13":"outofstock","14":"shipping-taxable","15":"purchasable","16":"product-type-simple"},"acf":[],"yoast_head":"<!-- This site is optimized with the Yoast SEO plugin v27.0 - https:\/\/yoast.com\/product\/yoast-seo-wordpress\/ -->\n<title>C. S. Lewis \u201eKan\u010dios problema\u201c (nedidelis defektas)<\/title>\n<meta name=\"description\" content=\"Kad ir kokia b\u016bt\u0173 j\u016bs\u0173 gyvenimo filosofija, kada nors teks j\u0105 i\u0161m\u0117ginti, susid\u016brus su kan\u010dia ar pa\u010diam j\u0105 patyrus. Jei Dievas yra, kod\u0117l \u017emon\u0117s ir gyv\u016bnai\" \/>\n<meta name=\"robots\" content=\"index, follow, max-snippet:-1, max-image-preview:large, max-video-preview:-1\" \/>\n<link rel=\"canonical\" href=\"https:\/\/skaitytaknyga.lt\/en\/produktas\/c-s-lewis-kancios-problema-pabraukyta-spalvotu-zymekliu\/\" \/>\n<meta property=\"og:locale\" content=\"en_GB\" \/>\n<meta property=\"og:locale:alternate\" content=\"lt_LT\" \/>\n<meta property=\"og:type\" content=\"article\" \/>\n<meta property=\"og:title\" content=\"C. S. Lewis \u201eKan\u010dios problema\u201c (nedidelis defektas)\" \/>\n<meta property=\"og:description\" content=\"Kad ir kokia b\u016bt\u0173 j\u016bs\u0173 gyvenimo filosofija, kada nors teks j\u0105 i\u0161m\u0117ginti, susid\u016brus su kan\u010dia ar pa\u010diam j\u0105 patyrus. Jei Dievas yra, kod\u0117l \u017emon\u0117s ir gyv\u016bnai\" \/>\n<meta property=\"og:url\" content=\"https:\/\/skaitytaknyga.lt\/en\/produktas\/c-s-lewis-kancios-problema-pabraukyta-spalvotu-zymekliu\/\" \/>\n<meta property=\"og:site_name\" content=\"Skaitytaknyga\" \/>\n<meta property=\"article:publisher\" content=\"https:\/\/www.facebook.com\/skaitytaknyga\/\" \/>\n<meta property=\"article:modified_time\" content=\"2024-10-09T19:26:11+00:00\" \/>\n<meta property=\"og:image\" content=\"https:\/\/skaitytaknyga.lt\/wp-content\/uploads\/2024\/09\/Kancios-problema.jpg\" \/>\n\t<meta property=\"og:image:width\" content=\"450\" \/>\n\t<meta property=\"og:image:height\" content=\"703\" \/>\n\t<meta property=\"og:image:type\" content=\"image\/jpeg\" \/>\n<meta name=\"twitter:card\" content=\"summary_large_image\" \/>\n<meta name=\"twitter:label1\" content=\"Estimated reading time\" \/>\n\t<meta name=\"twitter:data1\" content=\"2 minutes\" \/>\n<script type=\"application\/ld+json\" class=\"yoast-schema-graph\">{\"@context\":\"https:\/\/schema.org\",\"@graph\":[{\"@type\":\"WebPage\",\"@id\":\"https:\/\/skaitytaknyga.lt\/produktas\/c-s-lewis-kancios-problema-pabraukyta-spalvotu-zymekliu\/\",\"url\":\"https:\/\/skaitytaknyga.lt\/produktas\/c-s-lewis-kancios-problema-pabraukyta-spalvotu-zymekliu\/\",\"name\":\"C. S. Lewis \u201eKan\u010dios problema\u201c (nedidelis defektas)\",\"isPartOf\":{\"@id\":\"https:\/\/skaitytaknyga.lt\/#website\"},\"primaryImageOfPage\":{\"@id\":\"https:\/\/skaitytaknyga.lt\/produktas\/c-s-lewis-kancios-problema-pabraukyta-spalvotu-zymekliu\/#primaryimage\"},\"image\":{\"@id\":\"https:\/\/skaitytaknyga.lt\/produktas\/c-s-lewis-kancios-problema-pabraukyta-spalvotu-zymekliu\/#primaryimage\"},\"thumbnailUrl\":\"https:\/\/skaitytaknyga.lt\/wp-content\/uploads\/2024\/09\/Kancios-problema.jpg\",\"datePublished\":\"2024-09-10T07:42:12+00:00\",\"dateModified\":\"2024-10-09T19:26:11+00:00\",\"description\":\"Kad ir kokia b\u016bt\u0173 j\u016bs\u0173 gyvenimo filosofija, kada nors teks j\u0105 i\u0161m\u0117ginti, susid\u016brus su kan\u010dia ar pa\u010diam j\u0105 patyrus. Jei Dievas yra, kod\u0117l \u017emon\u0117s ir gyv\u016bnai\",\"breadcrumb\":{\"@id\":\"https:\/\/skaitytaknyga.lt\/produktas\/c-s-lewis-kancios-problema-pabraukyta-spalvotu-zymekliu\/#breadcrumb\"},\"inLanguage\":\"en-GB\",\"potentialAction\":[{\"@type\":\"ReadAction\",\"target\":[\"https:\/\/skaitytaknyga.lt\/produktas\/c-s-lewis-kancios-problema-pabraukyta-spalvotu-zymekliu\/\"]}]},{\"@type\":\"ImageObject\",\"inLanguage\":\"en-GB\",\"@id\":\"https:\/\/skaitytaknyga.lt\/produktas\/c-s-lewis-kancios-problema-pabraukyta-spalvotu-zymekliu\/#primaryimage\",\"url\":\"https:\/\/skaitytaknyga.lt\/wp-content\/uploads\/2024\/09\/Kancios-problema.jpg\",\"contentUrl\":\"https:\/\/skaitytaknyga.lt\/wp-content\/uploads\/2024\/09\/Kancios-problema.jpg\",\"width\":450,\"height\":703,\"caption\":\"Kan\u010dios problema\"},{\"@type\":\"BreadcrumbList\",\"@id\":\"https:\/\/skaitytaknyga.lt\/produktas\/c-s-lewis-kancios-problema-pabraukyta-spalvotu-zymekliu\/#breadcrumb\",\"itemListElement\":[{\"@type\":\"ListItem\",\"position\":1,\"name\":\"Home\",\"item\":\"https:\/\/skaitytaknyga.lt\/\"},{\"@type\":\"ListItem\",\"position\":2,\"name\":\"Parduotuv\u0117\",\"item\":\"https:\/\/skaitytaknyga.lt\/knygu-parduotuve\/\"},{\"@type\":\"ListItem\",\"position\":3,\"name\":\"C. S. Lewis \u201eKan\u010dios problema\u201c (nedidelis defektas)\"}]},{\"@type\":\"WebSite\",\"@id\":\"https:\/\/skaitytaknyga.lt\/#website\",\"url\":\"https:\/\/skaitytaknyga.lt\/\",\"name\":\"skaitytaknyga.lt\",\"description\":\"Skaitytaknyga.lt \u2013 tai ma\u017eas \u0161eimos verslas, kuris prasid\u0117jo nuo meil\u0117s knygoms ir siekio i\u0161gelb\u0117ti knygas nuo likimo prie konteinerio. Kas vienam nereikalingas daiktas \u2013 kitam lobis, o mes esame tarpininkai, kurie padeda abiems tapti laimingesniems ???? \u017dinome kaip nelengva i\u0161gyventi ma\u017eiems verslams, tad nuo \u0161iol, \u010dia rasite ir kit\u0173, ma\u017e\u0173 \u0161eim\u0173 versl\u0173, rank\u0173 darbo, dovan\u0173 sau ir artimiesiems.\",\"publisher\":{\"@id\":\"https:\/\/skaitytaknyga.lt\/#organization\"},\"potentialAction\":[{\"@type\":\"SearchAction\",\"target\":{\"@type\":\"EntryPoint\",\"urlTemplate\":\"https:\/\/skaitytaknyga.lt\/?s={search_term_string}\"},\"query-input\":{\"@type\":\"PropertyValueSpecification\",\"valueRequired\":true,\"valueName\":\"search_term_string\"}}],\"inLanguage\":\"en-GB\"},{\"@type\":\"Organization\",\"@id\":\"https:\/\/skaitytaknyga.lt\/#organization\",\"name\":\"skaitytaknyga.lt\",\"url\":\"https:\/\/skaitytaknyga.lt\/\",\"logo\":{\"@type\":\"ImageObject\",\"inLanguage\":\"en-GB\",\"@id\":\"https:\/\/skaitytaknyga.lt\/#\/schema\/logo\/image\/\",\"url\":\"https:\/\/skaitytaknyga.lt\/wp-content\/uploads\/2024\/05\/cropped-cropped-cropped-02_00843_jt3bggkj1j3HLc7SyY6rEUpg.jpeg\",\"contentUrl\":\"https:\/\/skaitytaknyga.lt\/wp-content\/uploads\/2024\/05\/cropped-cropped-cropped-02_00843_jt3bggkj1j3HLc7SyY6rEUpg.jpeg\",\"width\":1600,\"height\":1600,\"caption\":\"skaitytaknyga.lt\"},\"image\":{\"@id\":\"https:\/\/skaitytaknyga.lt\/#\/schema\/logo\/image\/\"},\"sameAs\":[\"https:\/\/www.facebook.com\/skaitytaknyga\/\"]}]}<\/script>\n<!-- \/ Yoast SEO plugin. -->","yoast_head_json":{"title":"C. S. Lewis \u201eKan\u010dios problema\u201c (nedidelis defektas)","description":"Kad ir kokia b\u016bt\u0173 j\u016bs\u0173 gyvenimo filosofija, kada nors teks j\u0105 i\u0161m\u0117ginti, susid\u016brus su kan\u010dia ar pa\u010diam j\u0105 patyrus. Jei Dievas yra, kod\u0117l \u017emon\u0117s ir gyv\u016bnai","robots":{"index":"index","follow":"follow","max-snippet":"max-snippet:-1","max-image-preview":"max-image-preview:large","max-video-preview":"max-video-preview:-1"},"canonical":"https:\/\/skaitytaknyga.lt\/en\/produktas\/c-s-lewis-kancios-problema-pabraukyta-spalvotu-zymekliu\/","og_locale":"en_GB","og_type":"article","og_title":"[:lt]C. S. Lewis \u201eKan\u010dios problema\u201c (nedidelis defektas)[:] - Skaitytaknyga","og_description":"Kad ir kokia b\u016bt\u0173 j\u016bs\u0173 gyvenimo filosofija, kada nors teks j\u0105 i\u0161m\u0117ginti, susid\u016brus su kan\u010dia ar pa\u010diam j\u0105 patyrus. Jei Dievas yra, kod\u0117l \u017emon\u0117s ir gyv\u016bnai","og_url":"https:\/\/skaitytaknyga.lt\/en\/produktas\/c-s-lewis-kancios-problema-pabraukyta-spalvotu-zymekliu\/","og_site_name":"Skaitytaknyga","article_publisher":"https:\/\/www.facebook.com\/skaitytaknyga\/","article_modified_time":"2024-10-09T19:26:11+00:00","og_image":[{"width":450,"height":703,"url":"https:\/\/skaitytaknyga.lt\/wp-content\/uploads\/2024\/09\/Kancios-problema.jpg","type":"image\/jpeg"}],"twitter_card":"summary_large_image","twitter_misc":{"Estimated reading time":"2 minutes"},"schema":{"@context":"https:\/\/schema.org","@graph":[{"@type":"WebPage","@id":"https:\/\/skaitytaknyga.lt\/produktas\/c-s-lewis-kancios-problema-pabraukyta-spalvotu-zymekliu\/","url":"https:\/\/skaitytaknyga.lt\/produktas\/c-s-lewis-kancios-problema-pabraukyta-spalvotu-zymekliu\/","name":"C. S. Lewis \u201eKan\u010dios problema\u201c (nedidelis defektas)","isPartOf":{"@id":"https:\/\/skaitytaknyga.lt\/#website"},"primaryImageOfPage":{"@id":"https:\/\/skaitytaknyga.lt\/produktas\/c-s-lewis-kancios-problema-pabraukyta-spalvotu-zymekliu\/#primaryimage"},"image":{"@id":"https:\/\/skaitytaknyga.lt\/produktas\/c-s-lewis-kancios-problema-pabraukyta-spalvotu-zymekliu\/#primaryimage"},"thumbnailUrl":"https:\/\/skaitytaknyga.lt\/wp-content\/uploads\/2024\/09\/Kancios-problema.jpg","datePublished":"2024-09-10T07:42:12+00:00","dateModified":"2024-10-09T19:26:11+00:00","description":"Kad ir kokia b\u016bt\u0173 j\u016bs\u0173 gyvenimo filosofija, kada nors teks j\u0105 i\u0161m\u0117ginti, susid\u016brus su kan\u010dia ar pa\u010diam j\u0105 patyrus. Jei Dievas yra, kod\u0117l \u017emon\u0117s ir gyv\u016bnai","breadcrumb":{"@id":"https:\/\/skaitytaknyga.lt\/produktas\/c-s-lewis-kancios-problema-pabraukyta-spalvotu-zymekliu\/#breadcrumb"},"inLanguage":"en-GB","potentialAction":[{"@type":"ReadAction","target":["https:\/\/skaitytaknyga.lt\/produktas\/c-s-lewis-kancios-problema-pabraukyta-spalvotu-zymekliu\/"]}]},{"@type":"ImageObject","inLanguage":"en-GB","@id":"https:\/\/skaitytaknyga.lt\/produktas\/c-s-lewis-kancios-problema-pabraukyta-spalvotu-zymekliu\/#primaryimage","url":"https:\/\/skaitytaknyga.lt\/wp-content\/uploads\/2024\/09\/Kancios-problema.jpg","contentUrl":"https:\/\/skaitytaknyga.lt\/wp-content\/uploads\/2024\/09\/Kancios-problema.jpg","width":450,"height":703,"caption":"Kan\u010dios problema"},{"@type":"BreadcrumbList","@id":"https:\/\/skaitytaknyga.lt\/produktas\/c-s-lewis-kancios-problema-pabraukyta-spalvotu-zymekliu\/#breadcrumb","itemListElement":[{"@type":"ListItem","position":1,"name":"Home","item":"https:\/\/skaitytaknyga.lt\/"},{"@type":"ListItem","position":2,"name":"Parduotuv\u0117","item":"https:\/\/skaitytaknyga.lt\/knygu-parduotuve\/"},{"@type":"ListItem","position":3,"name":"C. S. Lewis \u201eKan\u010dios problema\u201c (nedidelis defektas)"}]},{"@type":"WebSite","@id":"https:\/\/skaitytaknyga.lt\/#website","url":"https:\/\/skaitytaknyga.lt\/","name":"skaitytaknyga.lt","description":"Skaitytaknyga.lt \u2013 tai ma\u017eas \u0161eimos verslas, kuris prasid\u0117jo nuo meil\u0117s knygoms ir siekio i\u0161gelb\u0117ti knygas nuo likimo prie konteinerio. Kas vienam nereikalingas daiktas \u2013 kitam lobis, o mes esame tarpininkai, kurie padeda abiems tapti laimingesniems ???? \u017dinome kaip nelengva i\u0161gyventi ma\u017eiems verslams, tad nuo \u0161iol, \u010dia rasite ir kit\u0173, ma\u017e\u0173 \u0161eim\u0173 versl\u0173, rank\u0173 darbo, dovan\u0173 sau ir artimiesiems.","publisher":{"@id":"https:\/\/skaitytaknyga.lt\/#organization"},"potentialAction":[{"@type":"SearchAction","target":{"@type":"EntryPoint","urlTemplate":"https:\/\/skaitytaknyga.lt\/?s={search_term_string}"},"query-input":{"@type":"PropertyValueSpecification","valueRequired":true,"valueName":"search_term_string"}}],"inLanguage":"en-GB"},{"@type":"Organization","@id":"https:\/\/skaitytaknyga.lt\/#organization","name":"skaitytaknyga.lt","url":"https:\/\/skaitytaknyga.lt\/","logo":{"@type":"ImageObject","inLanguage":"en-GB","@id":"https:\/\/skaitytaknyga.lt\/#\/schema\/logo\/image\/","url":"https:\/\/skaitytaknyga.lt\/wp-content\/uploads\/2024\/05\/cropped-cropped-cropped-02_00843_jt3bggkj1j3HLc7SyY6rEUpg.jpeg","contentUrl":"https:\/\/skaitytaknyga.lt\/wp-content\/uploads\/2024\/05\/cropped-cropped-cropped-02_00843_jt3bggkj1j3HLc7SyY6rEUpg.jpeg","width":1600,"height":1600,"caption":"skaitytaknyga.lt"},"image":{"@id":"https:\/\/skaitytaknyga.lt\/#\/schema\/logo\/image\/"},"sameAs":["https:\/\/www.facebook.com\/skaitytaknyga\/"]}]}},"_links":{"self":[{"href":"https:\/\/skaitytaknyga.lt\/en\/wp-json\/wp\/v2\/product\/13834","targetHints":{"allow":["GET"]}}],"collection":[{"href":"https:\/\/skaitytaknyga.lt\/en\/wp-json\/wp\/v2\/product"}],"about":[{"href":"https:\/\/skaitytaknyga.lt\/en\/wp-json\/wp\/v2\/types\/product"}],"replies":[{"embeddable":true,"href":"https:\/\/skaitytaknyga.lt\/en\/wp-json\/wp\/v2\/comments?post=13834"}],"wp:featuredmedia":[{"embeddable":true,"href":"https:\/\/skaitytaknyga.lt\/en\/wp-json\/wp\/v2\/media\/13866"}],"wp:attachment":[{"href":"https:\/\/skaitytaknyga.lt\/en\/wp-json\/wp\/v2\/media?parent=13834"}],"wp:term":[{"taxonomy":"product_brand","embeddable":true,"href":"https:\/\/skaitytaknyga.lt\/en\/wp-json\/wp\/v2\/product_brand?post=13834"},{"taxonomy":"product_cat","embeddable":true,"href":"https:\/\/skaitytaknyga.lt\/en\/wp-json\/wp\/v2\/product_cat?post=13834"},{"taxonomy":"product_tag","embeddable":true,"href":"https:\/\/skaitytaknyga.lt\/en\/wp-json\/wp\/v2\/product_tag?post=13834"}],"curies":[{"name":"wp","href":"https:\/\/api.w.org\/{rel}","templated":true}]}}