{"id":13833,"date":"2024-04-10T10:42:12","date_gmt":"2024-04-10T07:42:12","guid":{"rendered":"https:\/\/skaitytaknyga.lt\/?post_type=product&#038;p=13833"},"modified":"2026-03-11T18:33:34","modified_gmt":"2026-03-11T16:33:34","slug":"gyvenimas-su-karoliu-pokalbiai-su-gian-franco-svidercoschi","status":"publish","type":"product","link":"https:\/\/skaitytaknyga.lt\/en\/produktas\/gyvenimas-su-karoliu-pokalbiai-su-gian-franco-svidercoschi\/","title":{"rendered":"Gyvenimas su Karoliu: pokalbiai su Gian Franco Svidercoschi"},"content":{"rendered":"<p>\u201eMieli skaitytojai, atsivert\u0117te \u0161i\u0105 knyg\u0105, nes naudojat\u0117s kiekviena proga atgaivinti tuos \u012fsp\u016bd\u017eius, kuri\u0173 savo tik\u0117jimo kelyje patyr\u0117te tiesiogiai ar bent atokiai, per televizij\u0105, radij\u0105, spaud\u0105 susitik\u0119 su Jonu Pauliumi II &#8211; popie\u017eiumi, palikusiu m\u016bs\u0173 T\u0117vyn\u0117s istorijoje ir \u017emoni\u0173 \u0161irdyse nei\u0161dildom\u0105 \u017eym\u0119. Garbusis autorius, daugel\u012f met\u0173 buv\u0119s ypa\u010d arti \u0160ventojo T\u0117vo, leid\u017eia pa\u017evelgti \u012f jo tarnyst\u0119 tiek i\u0161 Karolio Wojty\u0142os gimtin\u0117s, tiek i\u0161 Am\u017einojo miesto perspektyvos.\u201c<\/p>\n<p><em>Kardinolas Audrys Juozas Ba\u010dkis.<\/em><\/p>\n<p>Apie greta Jono Pauliaus II prab\u0117gusius metus ilgametis jo sekretorius ir dabartinis Krokuvos arkivyskupas Stanislavas Dzivi\u0161as pasakoja \u0161ioje pokalbi\u0173 su \u017eurnalistu D\u017eanu Franku Sviderkoskiu knygoje.<\/p>\n<p>&nbsp;<\/p>\n<ul class=\"about-product d-none d-xl-block mt-4\">\n<li><strong>Autorius:<\/strong>\u00a0Stanislaw Dziwisz<\/li>\n<li><strong>Leid\u0117jas:<\/strong>\u00a0Katalik\u0173 pasaulio leidiniai<\/li>\n<li><strong>Metai:<\/strong>\u00a02007<\/li>\n<li><strong>Puslapiai:<\/strong>\u00a0300<\/li>\n<li><strong>ISBN:<\/strong>\u00a09789955290384<\/li>\n<li><strong>Formatas:<\/strong>\u00a012,5 x 20 cm, mink\u0161ti vir\u0161eliai<\/li>\n<li><strong>Kalba:<\/strong>\u00a0Lietuvi\u0173<\/li>\n<li><strong>Vert\u0117jas:<\/strong>\u00a0Jolanta Kurmauskait\u0117<\/li>\n<\/ul>\n","protected":false},"excerpt":{"rendered":"<p>\u201eMieli skaitytojai, atsivert\u0117te \u0161i\u0105 knyg\u0105, nes naudojat\u0117s kiekviena proga atgaivinti tuos \u012fsp\u016bd\u017eius, kuri\u0173 savo tik\u0117jimo kelyje patyr\u0117te tiesiogiai ar bent atokiai, per televizij\u0105, radij\u0105, spaud\u0105 susitik\u0119 su Jonu Pauliumi II &#8211; popie\u017eiumi, palikusiu m\u016bs\u0173 T\u0117vyn\u0117s istorijoje ir \u017emoni\u0173 \u0161irdyse nei\u0161dildom\u0105 \u017eym\u0119. Garbusis autorius, daugel\u012f met\u0173 buv\u0119s ypa\u010d arti \u0160ventojo T\u0117vo, leid\u017eia pa\u017evelgti \u012f jo tarnyst\u0119 tiek i\u0161 Karolio Wojty\u0142os gimtin\u0117s, tiek i\u0161 Am\u017einojo miesto perspektyvos.\u201c Kardinolas Audrys Juozas Ba\u010dkis. Apie greta Jono Pauliaus II prab\u0117gusius metus ilgametis jo sekretorius ir dabartinis Krokuvos arkivyskupas Stanislavas Dzivi\u0161as pasakoja \u0161ioje pokalbi\u0173 su \u017eurnalistu D\u017eanu Franku Sviderkoskiu knygoje. &nbsp; Autorius:\u00a0Stanislaw Dziwisz Leid\u0117jas:\u00a0Katalik\u0173 pasaulio leidiniai Metai:\u00a02007 Puslapiai:\u00a0300 ISBN:\u00a09789955290384 Formatas:\u00a012,5 x 20 cm, mink\u0161ti vir\u0161eliai Kalba:\u00a0Lietuvi\u0173 Vert\u0117jas:\u00a0Jolanta Kurmauskait\u0117<\/p>\n","protected":false},"featured_media":13872,"comment_status":"open","ping_status":"closed","template":"","meta":{"_acf_changed":false,"site-sidebar-layout":"default","site-content-layout":"","ast-site-content-layout":"default","site-content-style":"default","site-sidebar-style":"default","ast-global-header-display":"","ast-banner-title-visibility":"","ast-main-header-display":"","ast-hfb-above-header-display":"","ast-hfb-below-header-display":"","ast-hfb-mobile-header-display":"","site-post-title":"","ast-breadcrumbs-content":"","ast-featured-img":"","footer-sml-layout":"","ast-disable-related-posts":"","theme-transparent-header-meta":"default","adv-header-id-meta":"","stick-header-meta":"","header-above-stick-meta":"","header-main-stick-meta":"","header-below-stick-meta":"","astra-migrate-meta-layouts":"set","ast-page-background-enabled":"default","ast-page-background-meta":{"desktop":{"background-color":"","background-image":"","background-repeat":"repeat","background-position":"center center","background-size":"auto","background-attachment":"scroll","background-type":"","background-media":"","overlay-type":"","overlay-color":"","overlay-opacity":"","overlay-gradient":""},"tablet":{"background-color":"","background-image":"","background-repeat":"repeat","background-position":"center center","background-size":"auto","background-attachment":"scroll","background-type":"","background-media":"","overlay-type":"","overlay-color":"","overlay-opacity":"","overlay-gradient":""},"mobile":{"background-color":"","background-image":"","background-repeat":"repeat","background-position":"center center","background-size":"auto","background-attachment":"scroll","background-type":"","background-media":"","overlay-type":"","overlay-color":"","overlay-opacity":"","overlay-gradient":""}},"ast-content-background-meta":{"desktop":{"background-color":"var(--ast-global-color-4)","background-image":"","background-repeat":"repeat","background-position":"center center","background-size":"auto","background-attachment":"scroll","background-type":"","background-media":"","overlay-type":"","overlay-color":"","overlay-opacity":"","overlay-gradient":""},"tablet":{"background-color":"var(--ast-global-color-4)","background-image":"","background-repeat":"repeat","background-position":"center center","background-size":"auto","background-attachment":"scroll","background-type":"","background-media":"","overlay-type":"","overlay-color":"","overlay-opacity":"","overlay-gradient":""},"mobile":{"background-color":"var(--ast-global-color-4)","background-image":"","background-repeat":"repeat","background-position":"center center","background-size":"auto","background-attachment":"scroll","background-type":"","background-media":"","overlay-type":"","overlay-color":"","overlay-opacity":"","overlay-gradient":""}}},"product_brand":[],"product_cat":[9753],"product_tag":[],"class_list":{"0":"post-13833","1":"product","2":"type-product","3":"status-publish","4":"has-post-thumbnail","6":"product_cat-religija","7":"desktop-align-left","8":"tablet-align-left","9":"mobile-align-left","11":"first","12":"instock","13":"shipping-taxable","14":"purchasable","15":"product-type-simple"},"acf":[],"yoast_head":"<!-- This site is optimized with the Yoast SEO plugin v27.0 - https:\/\/yoast.com\/product\/yoast-seo-wordpress\/ -->\n<title>Gyvenimas su Karoliu: pokalbiai su Gian Franco Svidercoschi<\/title>\n<meta name=\"description\" content=\"\u201eMieli skaitytojai, atsivert\u0117te \u0161i\u0105 knyg\u0105, nes naudojat\u0117s kiekviena proga atgaivinti tuos \u012fsp\u016bd\u017eius, kuri\u0173 savo tik\u0117jimo kelyje patyr\u0117te tiesiogiai ar\" \/>\n<meta name=\"robots\" content=\"index, follow, max-snippet:-1, max-image-preview:large, max-video-preview:-1\" \/>\n<link rel=\"canonical\" href=\"https:\/\/skaitytaknyga.lt\/en\/produktas\/gyvenimas-su-karoliu-pokalbiai-su-gian-franco-svidercoschi\/\" \/>\n<meta property=\"og:locale\" content=\"en_GB\" \/>\n<meta property=\"og:locale:alternate\" content=\"lt_LT\" \/>\n<meta property=\"og:type\" content=\"article\" \/>\n<meta property=\"og:title\" content=\"Gyvenimas su Karoliu: pokalbiai su Gian Franco Svidercoschi\" \/>\n<meta property=\"og:description\" content=\"\u201eMieli skaitytojai, atsivert\u0117te \u0161i\u0105 knyg\u0105, nes naudojat\u0117s kiekviena proga atgaivinti tuos \u012fsp\u016bd\u017eius, kuri\u0173 savo tik\u0117jimo kelyje patyr\u0117te tiesiogiai ar\" \/>\n<meta property=\"og:url\" content=\"https:\/\/skaitytaknyga.lt\/en\/produktas\/gyvenimas-su-karoliu-pokalbiai-su-gian-franco-svidercoschi\/\" \/>\n<meta property=\"og:site_name\" content=\"Skaitytaknyga\" \/>\n<meta property=\"article:publisher\" content=\"https:\/\/www.facebook.com\/skaitytaknyga\/\" \/>\n<meta property=\"article:modified_time\" content=\"2026-03-11T16:33:34+00:00\" \/>\n<meta property=\"og:image\" content=\"https:\/\/skaitytaknyga.lt\/wp-content\/uploads\/2024\/09\/Gyvenimas-su-Karoliu-pokalbiai-su-Gian-Franco-Svidercoschi.webp\" \/>\n\t<meta property=\"og:image:width\" content=\"539\" \/>\n\t<meta property=\"og:image:height\" content=\"800\" \/>\n\t<meta property=\"og:image:type\" content=\"image\/webp\" \/>\n<meta name=\"twitter:card\" content=\"summary_large_image\" \/>\n<meta name=\"twitter:label1\" content=\"Estimated reading time\" \/>\n\t<meta name=\"twitter:data1\" content=\"1 minute\" \/>\n<script type=\"application\/ld+json\" class=\"yoast-schema-graph\">{\"@context\":\"https:\/\/schema.org\",\"@graph\":[{\"@type\":\"WebPage\",\"@id\":\"https:\/\/skaitytaknyga.lt\/produktas\/gyvenimas-su-karoliu-pokalbiai-su-gian-franco-svidercoschi\/\",\"url\":\"https:\/\/skaitytaknyga.lt\/produktas\/gyvenimas-su-karoliu-pokalbiai-su-gian-franco-svidercoschi\/\",\"name\":\"Gyvenimas su Karoliu: pokalbiai su Gian Franco Svidercoschi\",\"isPartOf\":{\"@id\":\"https:\/\/skaitytaknyga.lt\/#website\"},\"primaryImageOfPage\":{\"@id\":\"https:\/\/skaitytaknyga.lt\/produktas\/gyvenimas-su-karoliu-pokalbiai-su-gian-franco-svidercoschi\/#primaryimage\"},\"image\":{\"@id\":\"https:\/\/skaitytaknyga.lt\/produktas\/gyvenimas-su-karoliu-pokalbiai-su-gian-franco-svidercoschi\/#primaryimage\"},\"thumbnailUrl\":\"https:\/\/skaitytaknyga.lt\/wp-content\/uploads\/2024\/09\/Gyvenimas-su-Karoliu-pokalbiai-su-Gian-Franco-Svidercoschi.webp\",\"datePublished\":\"2024-04-10T07:42:12+00:00\",\"dateModified\":\"2026-03-11T16:33:34+00:00\",\"description\":\"\u201eMieli skaitytojai, atsivert\u0117te \u0161i\u0105 knyg\u0105, nes naudojat\u0117s kiekviena proga atgaivinti tuos \u012fsp\u016bd\u017eius, kuri\u0173 savo tik\u0117jimo kelyje patyr\u0117te tiesiogiai ar\",\"breadcrumb\":{\"@id\":\"https:\/\/skaitytaknyga.lt\/produktas\/gyvenimas-su-karoliu-pokalbiai-su-gian-franco-svidercoschi\/#breadcrumb\"},\"inLanguage\":\"en-GB\",\"potentialAction\":[{\"@type\":\"ReadAction\",\"target\":[\"https:\/\/skaitytaknyga.lt\/produktas\/gyvenimas-su-karoliu-pokalbiai-su-gian-franco-svidercoschi\/\"]}]},{\"@type\":\"ImageObject\",\"inLanguage\":\"en-GB\",\"@id\":\"https:\/\/skaitytaknyga.lt\/produktas\/gyvenimas-su-karoliu-pokalbiai-su-gian-franco-svidercoschi\/#primaryimage\",\"url\":\"https:\/\/skaitytaknyga.lt\/wp-content\/uploads\/2024\/09\/Gyvenimas-su-Karoliu-pokalbiai-su-Gian-Franco-Svidercoschi.webp\",\"contentUrl\":\"https:\/\/skaitytaknyga.lt\/wp-content\/uploads\/2024\/09\/Gyvenimas-su-Karoliu-pokalbiai-su-Gian-Franco-Svidercoschi.webp\",\"width\":539,\"height\":800,\"caption\":\"Gyvenimas su Karoliu: pokalbiai su Gian Franco Svidercoschi\"},{\"@type\":\"BreadcrumbList\",\"@id\":\"https:\/\/skaitytaknyga.lt\/produktas\/gyvenimas-su-karoliu-pokalbiai-su-gian-franco-svidercoschi\/#breadcrumb\",\"itemListElement\":[{\"@type\":\"ListItem\",\"position\":1,\"name\":\"Home\",\"item\":\"https:\/\/skaitytaknyga.lt\/\"},{\"@type\":\"ListItem\",\"position\":2,\"name\":\"Parduotuv\u0117\",\"item\":\"https:\/\/skaitytaknyga.lt\/knygu-parduotuve\/\"},{\"@type\":\"ListItem\",\"position\":3,\"name\":\"Gyvenimas su Karoliu: pokalbiai su Gian Franco Svidercoschi\"}]},{\"@type\":\"WebSite\",\"@id\":\"https:\/\/skaitytaknyga.lt\/#website\",\"url\":\"https:\/\/skaitytaknyga.lt\/\",\"name\":\"skaitytaknyga.lt\",\"description\":\"Skaitytaknyga.lt \u2013 tai ma\u017eas \u0161eimos verslas, kuris prasid\u0117jo nuo meil\u0117s knygoms ir siekio i\u0161gelb\u0117ti knygas nuo likimo prie konteinerio. Kas vienam nereikalingas daiktas \u2013 kitam lobis, o mes esame tarpininkai, kurie padeda abiems tapti laimingesniems ???? \u017dinome kaip nelengva i\u0161gyventi ma\u017eiems verslams, tad nuo \u0161iol, \u010dia rasite ir kit\u0173, ma\u017e\u0173 \u0161eim\u0173 versl\u0173, rank\u0173 darbo, dovan\u0173 sau ir artimiesiems.\",\"publisher\":{\"@id\":\"https:\/\/skaitytaknyga.lt\/#organization\"},\"potentialAction\":[{\"@type\":\"SearchAction\",\"target\":{\"@type\":\"EntryPoint\",\"urlTemplate\":\"https:\/\/skaitytaknyga.lt\/?s={search_term_string}\"},\"query-input\":{\"@type\":\"PropertyValueSpecification\",\"valueRequired\":true,\"valueName\":\"search_term_string\"}}],\"inLanguage\":\"en-GB\"},{\"@type\":\"Organization\",\"@id\":\"https:\/\/skaitytaknyga.lt\/#organization\",\"name\":\"skaitytaknyga.lt\",\"url\":\"https:\/\/skaitytaknyga.lt\/\",\"logo\":{\"@type\":\"ImageObject\",\"inLanguage\":\"en-GB\",\"@id\":\"https:\/\/skaitytaknyga.lt\/#\/schema\/logo\/image\/\",\"url\":\"https:\/\/skaitytaknyga.lt\/wp-content\/uploads\/2024\/05\/cropped-cropped-cropped-02_00843_jt3bggkj1j3HLc7SyY6rEUpg.jpeg\",\"contentUrl\":\"https:\/\/skaitytaknyga.lt\/wp-content\/uploads\/2024\/05\/cropped-cropped-cropped-02_00843_jt3bggkj1j3HLc7SyY6rEUpg.jpeg\",\"width\":1600,\"height\":1600,\"caption\":\"skaitytaknyga.lt\"},\"image\":{\"@id\":\"https:\/\/skaitytaknyga.lt\/#\/schema\/logo\/image\/\"},\"sameAs\":[\"https:\/\/www.facebook.com\/skaitytaknyga\/\"]}]}<\/script>\n<!-- \/ Yoast SEO plugin. -->","yoast_head_json":{"title":"Gyvenimas su Karoliu: pokalbiai su Gian Franco Svidercoschi","description":"\u201eMieli skaitytojai, atsivert\u0117te \u0161i\u0105 knyg\u0105, nes naudojat\u0117s kiekviena proga atgaivinti tuos \u012fsp\u016bd\u017eius, kuri\u0173 savo tik\u0117jimo kelyje patyr\u0117te tiesiogiai ar","robots":{"index":"index","follow":"follow","max-snippet":"max-snippet:-1","max-image-preview":"max-image-preview:large","max-video-preview":"max-video-preview:-1"},"canonical":"https:\/\/skaitytaknyga.lt\/en\/produktas\/gyvenimas-su-karoliu-pokalbiai-su-gian-franco-svidercoschi\/","og_locale":"en_GB","og_type":"article","og_title":"[:lt]Gyvenimas su Karoliu: pokalbiai su Gian Franco Svidercoschi[:] - Skaitytaknyga","og_description":"\u201eMieli skaitytojai, atsivert\u0117te \u0161i\u0105 knyg\u0105, nes naudojat\u0117s kiekviena proga atgaivinti tuos \u012fsp\u016bd\u017eius, kuri\u0173 savo tik\u0117jimo kelyje patyr\u0117te tiesiogiai ar","og_url":"https:\/\/skaitytaknyga.lt\/en\/produktas\/gyvenimas-su-karoliu-pokalbiai-su-gian-franco-svidercoschi\/","og_site_name":"Skaitytaknyga","article_publisher":"https:\/\/www.facebook.com\/skaitytaknyga\/","article_modified_time":"2026-03-11T16:33:34+00:00","og_image":[{"width":539,"height":800,"url":"https:\/\/skaitytaknyga.lt\/wp-content\/uploads\/2024\/09\/Gyvenimas-su-Karoliu-pokalbiai-su-Gian-Franco-Svidercoschi.webp","type":"image\/webp"}],"twitter_card":"summary_large_image","twitter_misc":{"Estimated reading time":"1 minute"},"schema":{"@context":"https:\/\/schema.org","@graph":[{"@type":"WebPage","@id":"https:\/\/skaitytaknyga.lt\/produktas\/gyvenimas-su-karoliu-pokalbiai-su-gian-franco-svidercoschi\/","url":"https:\/\/skaitytaknyga.lt\/produktas\/gyvenimas-su-karoliu-pokalbiai-su-gian-franco-svidercoschi\/","name":"Gyvenimas su Karoliu: pokalbiai su Gian Franco Svidercoschi","isPartOf":{"@id":"https:\/\/skaitytaknyga.lt\/#website"},"primaryImageOfPage":{"@id":"https:\/\/skaitytaknyga.lt\/produktas\/gyvenimas-su-karoliu-pokalbiai-su-gian-franco-svidercoschi\/#primaryimage"},"image":{"@id":"https:\/\/skaitytaknyga.lt\/produktas\/gyvenimas-su-karoliu-pokalbiai-su-gian-franco-svidercoschi\/#primaryimage"},"thumbnailUrl":"https:\/\/skaitytaknyga.lt\/wp-content\/uploads\/2024\/09\/Gyvenimas-su-Karoliu-pokalbiai-su-Gian-Franco-Svidercoschi.webp","datePublished":"2024-04-10T07:42:12+00:00","dateModified":"2026-03-11T16:33:34+00:00","description":"\u201eMieli skaitytojai, atsivert\u0117te \u0161i\u0105 knyg\u0105, nes naudojat\u0117s kiekviena proga atgaivinti tuos \u012fsp\u016bd\u017eius, kuri\u0173 savo tik\u0117jimo kelyje patyr\u0117te tiesiogiai ar","breadcrumb":{"@id":"https:\/\/skaitytaknyga.lt\/produktas\/gyvenimas-su-karoliu-pokalbiai-su-gian-franco-svidercoschi\/#breadcrumb"},"inLanguage":"en-GB","potentialAction":[{"@type":"ReadAction","target":["https:\/\/skaitytaknyga.lt\/produktas\/gyvenimas-su-karoliu-pokalbiai-su-gian-franco-svidercoschi\/"]}]},{"@type":"ImageObject","inLanguage":"en-GB","@id":"https:\/\/skaitytaknyga.lt\/produktas\/gyvenimas-su-karoliu-pokalbiai-su-gian-franco-svidercoschi\/#primaryimage","url":"https:\/\/skaitytaknyga.lt\/wp-content\/uploads\/2024\/09\/Gyvenimas-su-Karoliu-pokalbiai-su-Gian-Franco-Svidercoschi.webp","contentUrl":"https:\/\/skaitytaknyga.lt\/wp-content\/uploads\/2024\/09\/Gyvenimas-su-Karoliu-pokalbiai-su-Gian-Franco-Svidercoschi.webp","width":539,"height":800,"caption":"Gyvenimas su Karoliu: pokalbiai su Gian Franco Svidercoschi"},{"@type":"BreadcrumbList","@id":"https:\/\/skaitytaknyga.lt\/produktas\/gyvenimas-su-karoliu-pokalbiai-su-gian-franco-svidercoschi\/#breadcrumb","itemListElement":[{"@type":"ListItem","position":1,"name":"Home","item":"https:\/\/skaitytaknyga.lt\/"},{"@type":"ListItem","position":2,"name":"Parduotuv\u0117","item":"https:\/\/skaitytaknyga.lt\/knygu-parduotuve\/"},{"@type":"ListItem","position":3,"name":"Gyvenimas su Karoliu: pokalbiai su Gian Franco Svidercoschi"}]},{"@type":"WebSite","@id":"https:\/\/skaitytaknyga.lt\/#website","url":"https:\/\/skaitytaknyga.lt\/","name":"skaitytaknyga.lt","description":"Skaitytaknyga.lt \u2013 tai ma\u017eas \u0161eimos verslas, kuris prasid\u0117jo nuo meil\u0117s knygoms ir siekio i\u0161gelb\u0117ti knygas nuo likimo prie konteinerio. Kas vienam nereikalingas daiktas \u2013 kitam lobis, o mes esame tarpininkai, kurie padeda abiems tapti laimingesniems ???? \u017dinome kaip nelengva i\u0161gyventi ma\u017eiems verslams, tad nuo \u0161iol, \u010dia rasite ir kit\u0173, ma\u017e\u0173 \u0161eim\u0173 versl\u0173, rank\u0173 darbo, dovan\u0173 sau ir artimiesiems.","publisher":{"@id":"https:\/\/skaitytaknyga.lt\/#organization"},"potentialAction":[{"@type":"SearchAction","target":{"@type":"EntryPoint","urlTemplate":"https:\/\/skaitytaknyga.lt\/?s={search_term_string}"},"query-input":{"@type":"PropertyValueSpecification","valueRequired":true,"valueName":"search_term_string"}}],"inLanguage":"en-GB"},{"@type":"Organization","@id":"https:\/\/skaitytaknyga.lt\/#organization","name":"skaitytaknyga.lt","url":"https:\/\/skaitytaknyga.lt\/","logo":{"@type":"ImageObject","inLanguage":"en-GB","@id":"https:\/\/skaitytaknyga.lt\/#\/schema\/logo\/image\/","url":"https:\/\/skaitytaknyga.lt\/wp-content\/uploads\/2024\/05\/cropped-cropped-cropped-02_00843_jt3bggkj1j3HLc7SyY6rEUpg.jpeg","contentUrl":"https:\/\/skaitytaknyga.lt\/wp-content\/uploads\/2024\/05\/cropped-cropped-cropped-02_00843_jt3bggkj1j3HLc7SyY6rEUpg.jpeg","width":1600,"height":1600,"caption":"skaitytaknyga.lt"},"image":{"@id":"https:\/\/skaitytaknyga.lt\/#\/schema\/logo\/image\/"},"sameAs":["https:\/\/www.facebook.com\/skaitytaknyga\/"]}]}},"_links":{"self":[{"href":"https:\/\/skaitytaknyga.lt\/en\/wp-json\/wp\/v2\/product\/13833","targetHints":{"allow":["GET"]}}],"collection":[{"href":"https:\/\/skaitytaknyga.lt\/en\/wp-json\/wp\/v2\/product"}],"about":[{"href":"https:\/\/skaitytaknyga.lt\/en\/wp-json\/wp\/v2\/types\/product"}],"replies":[{"embeddable":true,"href":"https:\/\/skaitytaknyga.lt\/en\/wp-json\/wp\/v2\/comments?post=13833"}],"wp:featuredmedia":[{"embeddable":true,"href":"https:\/\/skaitytaknyga.lt\/en\/wp-json\/wp\/v2\/media\/13872"}],"wp:attachment":[{"href":"https:\/\/skaitytaknyga.lt\/en\/wp-json\/wp\/v2\/media?parent=13833"}],"wp:term":[{"taxonomy":"product_brand","embeddable":true,"href":"https:\/\/skaitytaknyga.lt\/en\/wp-json\/wp\/v2\/product_brand?post=13833"},{"taxonomy":"product_cat","embeddable":true,"href":"https:\/\/skaitytaknyga.lt\/en\/wp-json\/wp\/v2\/product_cat?post=13833"},{"taxonomy":"product_tag","embeddable":true,"href":"https:\/\/skaitytaknyga.lt\/en\/wp-json\/wp\/v2\/product_tag?post=13833"}],"curies":[{"name":"wp","href":"https:\/\/api.w.org\/{rel}","templated":true}]}}