{"id":13816,"date":"2024-04-10T09:18:27","date_gmt":"2024-04-10T06:18:27","guid":{"rendered":"https:\/\/skaitytaknyga.lt\/?post_type=product&#038;p=13816"},"modified":"2026-01-03T14:13:21","modified_gmt":"2026-01-03T12:13:21","slug":"roma-mieli-namai-musu-kelione-i-katalikybe","status":"publish","type":"product","link":"https:\/\/skaitytaknyga.lt\/en\/produktas\/roma-mieli-namai-musu-kelione-i-katalikybe\/","title":{"rendered":"Roma \u2013 mieli namai: m\u016bs\u0173 kelion\u0117 \u012f katalikyb\u0119"},"content":{"rendered":"<p>Knygos autoriai\u00a0<strong>Scottas Hahnas<\/strong>, teologas, vos per plauk\u0105 netap\u0119s juvelyru, ir\u00a0<strong>Kimberly Hahn<\/strong>, jaunyst\u0117je puosel\u0117jusi svajon\u0119 i\u0161tek\u0117ti b\u016btent u\u017e presbiterijon\u0173 pastoriaus, gars\u0117jo kaip ar\u0161\u016bs antikatalikai. Iki nepajuto vedan\u010dios Dievo rankos savo gyvenime. Pasak Scotto Hahno, j\u0173 tik\u0117jimo kelion\u0117 prasid\u0117jo kaip tikras detektyvas, netrukus virto siaubo istorija, o pasibaig\u0117 kaip didingas romantinis pasakojimas, kai Kristus juos, nenuilstan\u010dius tik\u0117jimo piligrimus, parved\u0117 namo &#8211; \u012f Romos Katalik\u0173 Ba\u017eny\u010di\u0105.<\/p>\n<p>D\u0117l vidin\u0117s asmens dramos &#8211; \u017emogus ie\u0161ko savo K\u016br\u0117jo ir atvirk\u0161\u010diai &#8211; visos atsivertimo istorijos vertos, kad jas i\u0161klausytume. Ta\u010diau ne visos prikausto d\u0117mesj ir nusine\u0161a su savimi kaip galinga up\u0117s srov\u0117. Si istorija b\u016btent tokia. Patraukia bekompromisis autori\u0173 noras b\u016bti gyvo tik\u0117jimo deglu. I\u0161 kiekvienos eilut\u0117s sklinda primygtinis raginimas branginti savo tik\u0117jim\u0105, mokytis jo, s\u0105moningai suprasti, k\u0105 ir kod\u0117l tikime.<\/p>\n<ul class=\"about-product d-none d-xl-block mt-4\">\n<li><strong>Originalus pavadinimas:<\/strong>\u00a0Rome Sweet Home<\/li>\n<li><strong>Autorius:<\/strong>\u00a0Scott Hahn,\u00a0Kimberly Hahn<\/li>\n<li><strong>Leid\u0117jas:<\/strong>\u00a0Katalik\u0173 pasaulio leidiniai<\/li>\n<li><strong>Metai:<\/strong>\u00a02017<\/li>\n<li><strong>Puslapiai:<\/strong>\u00a0214<\/li>\n<li><strong>ISBN:<\/strong>\u00a09789955293491<\/li>\n<li><strong>Versijos kodas:<\/strong>\u00a0PT.<\/li>\n<li><strong>Formatas:<\/strong>\u00a015 x 21 x 1,5 cm, mink\u0161ti vir\u0161eliai<\/li>\n<li><strong>Kalba:<\/strong>\u00a0Lietuvi\u0173<\/li>\n<li><strong>Vert\u0117jas:<\/strong>\u00a0Egl\u0117 Rimkien\u0117, Carmen Baena<\/li>\n<\/ul>\n","protected":false},"excerpt":{"rendered":"<p>Knygos autoriai\u00a0Scottas Hahnas, teologas, vos per plauk\u0105 netap\u0119s juvelyru, ir\u00a0Kimberly Hahn, jaunyst\u0117je puosel\u0117jusi svajon\u0119 i\u0161tek\u0117ti b\u016btent u\u017e presbiterijon\u0173 pastoriaus, gars\u0117jo kaip ar\u0161\u016bs antikatalikai. Iki nepajuto vedan\u010dios Dievo rankos savo gyvenime. Pasak Scotto Hahno, j\u0173 tik\u0117jimo kelion\u0117 prasid\u0117jo kaip tikras detektyvas, netrukus virto siaubo istorija, o pasibaig\u0117 kaip didingas romantinis pasakojimas, kai Kristus juos, nenuilstan\u010dius tik\u0117jimo piligrimus, parved\u0117 namo &#8211; \u012f Romos Katalik\u0173 Ba\u017eny\u010di\u0105. D\u0117l vidin\u0117s asmens dramos &#8211; \u017emogus ie\u0161ko savo K\u016br\u0117jo ir atvirk\u0161\u010diai &#8211; visos atsivertimo istorijos vertos, kad jas i\u0161klausytume. Ta\u010diau ne visos prikausto d\u0117mesj ir nusine\u0161a su savimi kaip galinga up\u0117s srov\u0117. Si istorija b\u016btent tokia. Patraukia bekompromisis autori\u0173 noras b\u016bti gyvo tik\u0117jimo deglu. I\u0161 kiekvienos eilut\u0117s sklinda primygtinis raginimas branginti savo tik\u0117jim\u0105, mokytis jo, s\u0105moningai suprasti, k\u0105 ir kod\u0117l tikime. Originalus pavadinimas:\u00a0Rome Sweet Home Autorius:\u00a0Scott Hahn,\u00a0Kimberly Hahn Leid\u0117jas:\u00a0Katalik\u0173 pasaulio leidiniai Metai:\u00a02017 Puslapiai:\u00a0214 ISBN:\u00a09789955293491 Versijos kodas:\u00a0PT. Formatas:\u00a015 x 21 x 1,5 cm, mink\u0161ti vir\u0161eliai Kalba:\u00a0Lietuvi\u0173 Vert\u0117jas:\u00a0Egl\u0117 Rimkien\u0117, Carmen Baena<\/p>\n","protected":false},"featured_media":13821,"comment_status":"open","ping_status":"closed","template":"","meta":{"_acf_changed":false,"site-sidebar-layout":"default","site-content-layout":"","ast-site-content-layout":"default","site-content-style":"default","site-sidebar-style":"default","ast-global-header-display":"","ast-banner-title-visibility":"","ast-main-header-display":"","ast-hfb-above-header-display":"","ast-hfb-below-header-display":"","ast-hfb-mobile-header-display":"","site-post-title":"","ast-breadcrumbs-content":"","ast-featured-img":"","footer-sml-layout":"","ast-disable-related-posts":"","theme-transparent-header-meta":"default","adv-header-id-meta":"","stick-header-meta":"","header-above-stick-meta":"","header-main-stick-meta":"","header-below-stick-meta":"","astra-migrate-meta-layouts":"set","ast-page-background-enabled":"default","ast-page-background-meta":{"desktop":{"background-color":"","background-image":"","background-repeat":"repeat","background-position":"center center","background-size":"auto","background-attachment":"scroll","background-type":"","background-media":"","overlay-type":"","overlay-color":"","overlay-opacity":"","overlay-gradient":""},"tablet":{"background-color":"","background-image":"","background-repeat":"repeat","background-position":"center center","background-size":"auto","background-attachment":"scroll","background-type":"","background-media":"","overlay-type":"","overlay-color":"","overlay-opacity":"","overlay-gradient":""},"mobile":{"background-color":"","background-image":"","background-repeat":"repeat","background-position":"center center","background-size":"auto","background-attachment":"scroll","background-type":"","background-media":"","overlay-type":"","overlay-color":"","overlay-opacity":"","overlay-gradient":""}},"ast-content-background-meta":{"desktop":{"background-color":"var(--ast-global-color-4)","background-image":"","background-repeat":"repeat","background-position":"center center","background-size":"auto","background-attachment":"scroll","background-type":"","background-media":"","overlay-type":"","overlay-color":"","overlay-opacity":"","overlay-gradient":""},"tablet":{"background-color":"var(--ast-global-color-4)","background-image":"","background-repeat":"repeat","background-position":"center center","background-size":"auto","background-attachment":"scroll","background-type":"","background-media":"","overlay-type":"","overlay-color":"","overlay-opacity":"","overlay-gradient":""},"mobile":{"background-color":"var(--ast-global-color-4)","background-image":"","background-repeat":"repeat","background-position":"center center","background-size":"auto","background-attachment":"scroll","background-type":"","background-media":"","overlay-type":"","overlay-color":"","overlay-opacity":"","overlay-gradient":""}}},"product_brand":[],"product_cat":[15,165],"product_tag":[1777,2258,2248,2835,1942,2247,1646,2259,1581],"class_list":{"0":"post-13816","1":"product","2":"type-product","3":"status-publish","4":"has-post-thumbnail","6":"product_cat-uncategorized","7":"product_cat-religija-filosofija-ir-ezoterika","8":"product_tag-dvasinis-kelias","9":"product_tag-katalikybe","10":"product_tag-kimberly-hahn","11":"product_tag-konversija","12":"product_tag-krikscionybe","13":"product_tag-scott-hahn","14":"product_tag-seima","15":"product_tag-teologija","16":"product_tag-tikejimas","17":"desktop-align-left","18":"tablet-align-left","19":"mobile-align-left","21":"first","22":"outofstock","23":"shipping-taxable","24":"purchasable","25":"product-type-simple"},"acf":[],"yoast_head":"<!-- This site is optimized with the Yoast SEO plugin v27.0 - https:\/\/yoast.com\/product\/yoast-seo-wordpress\/ -->\n<title>Roma \u2013 mieli namai: m\u016bs\u0173 kelion\u0117 \u012f katalikyb\u0119<\/title>\n<meta name=\"description\" content=\"Knygos autoriai\u00a0Scottas Hahnas, teologas, vos per plauk\u0105 netap\u0119s juvelyru, ir\u00a0Kimberly Hahn, jaunyst\u0117je puosel\u0117jusi svajon\u0119 i\u0161tek\u0117ti b\u016btent u\u017e\" \/>\n<meta name=\"robots\" content=\"index, follow, max-snippet:-1, max-image-preview:large, max-video-preview:-1\" \/>\n<link rel=\"canonical\" href=\"https:\/\/skaitytaknyga.lt\/en\/produktas\/roma-mieli-namai-musu-kelione-i-katalikybe\/\" \/>\n<meta property=\"og:locale\" content=\"en_GB\" \/>\n<meta property=\"og:locale:alternate\" content=\"lt_LT\" \/>\n<meta property=\"og:type\" content=\"article\" \/>\n<meta property=\"og:title\" content=\"Roma \u2013 mieli namai: m\u016bs\u0173 kelion\u0117 \u012f katalikyb\u0119\" \/>\n<meta property=\"og:description\" content=\"Knygos autoriai\u00a0Scottas Hahnas, teologas, vos per plauk\u0105 netap\u0119s juvelyru, ir\u00a0Kimberly Hahn, jaunyst\u0117je puosel\u0117jusi svajon\u0119 i\u0161tek\u0117ti b\u016btent u\u017e\" \/>\n<meta property=\"og:url\" content=\"https:\/\/skaitytaknyga.lt\/en\/produktas\/roma-mieli-namai-musu-kelione-i-katalikybe\/\" \/>\n<meta property=\"og:site_name\" content=\"Skaitytaknyga\" \/>\n<meta property=\"article:publisher\" content=\"https:\/\/www.facebook.com\/skaitytaknyga\/\" \/>\n<meta property=\"article:modified_time\" content=\"2026-01-03T12:13:21+00:00\" \/>\n<meta property=\"og:image\" content=\"https:\/\/skaitytaknyga.lt\/wp-content\/uploads\/2024\/09\/Roma-\u2013-mieli-namai-musu-kelione-i-katalikybe.webp\" \/>\n\t<meta property=\"og:image:width\" content=\"534\" \/>\n\t<meta property=\"og:image:height\" content=\"800\" \/>\n\t<meta property=\"og:image:type\" content=\"image\/webp\" \/>\n<meta name=\"twitter:card\" content=\"summary_large_image\" \/>\n<meta name=\"twitter:label1\" content=\"Estimated reading time\" \/>\n\t<meta name=\"twitter:data1\" content=\"2 minutes\" \/>\n<script type=\"application\/ld+json\" class=\"yoast-schema-graph\">{\"@context\":\"https:\/\/schema.org\",\"@graph\":[{\"@type\":\"WebPage\",\"@id\":\"https:\/\/skaitytaknyga.lt\/produktas\/roma-mieli-namai-musu-kelione-i-katalikybe\/\",\"url\":\"https:\/\/skaitytaknyga.lt\/produktas\/roma-mieli-namai-musu-kelione-i-katalikybe\/\",\"name\":\"Roma \u2013 mieli namai: m\u016bs\u0173 kelion\u0117 \u012f katalikyb\u0119\",\"isPartOf\":{\"@id\":\"https:\/\/skaitytaknyga.lt\/#website\"},\"primaryImageOfPage\":{\"@id\":\"https:\/\/skaitytaknyga.lt\/produktas\/roma-mieli-namai-musu-kelione-i-katalikybe\/#primaryimage\"},\"image\":{\"@id\":\"https:\/\/skaitytaknyga.lt\/produktas\/roma-mieli-namai-musu-kelione-i-katalikybe\/#primaryimage\"},\"thumbnailUrl\":\"https:\/\/skaitytaknyga.lt\/wp-content\/uploads\/2024\/09\/Roma-\u2013-mieli-namai-musu-kelione-i-katalikybe.webp\",\"datePublished\":\"2024-04-10T06:18:27+00:00\",\"dateModified\":\"2026-01-03T12:13:21+00:00\",\"description\":\"Knygos autoriai\u00a0Scottas Hahnas, teologas, vos per plauk\u0105 netap\u0119s juvelyru, ir\u00a0Kimberly Hahn, jaunyst\u0117je puosel\u0117jusi svajon\u0119 i\u0161tek\u0117ti b\u016btent u\u017e\",\"breadcrumb\":{\"@id\":\"https:\/\/skaitytaknyga.lt\/produktas\/roma-mieli-namai-musu-kelione-i-katalikybe\/#breadcrumb\"},\"inLanguage\":\"en-GB\",\"potentialAction\":[{\"@type\":\"ReadAction\",\"target\":[\"https:\/\/skaitytaknyga.lt\/produktas\/roma-mieli-namai-musu-kelione-i-katalikybe\/\"]}]},{\"@type\":\"ImageObject\",\"inLanguage\":\"en-GB\",\"@id\":\"https:\/\/skaitytaknyga.lt\/produktas\/roma-mieli-namai-musu-kelione-i-katalikybe\/#primaryimage\",\"url\":\"https:\/\/skaitytaknyga.lt\/wp-content\/uploads\/2024\/09\/Roma-\u2013-mieli-namai-musu-kelione-i-katalikybe.webp\",\"contentUrl\":\"https:\/\/skaitytaknyga.lt\/wp-content\/uploads\/2024\/09\/Roma-\u2013-mieli-namai-musu-kelione-i-katalikybe.webp\",\"width\":534,\"height\":800,\"caption\":\"Roma \u2013 mieli namai: m\u016bs\u0173 kelion\u0117 \u012f katalikyb\u0119\"},{\"@type\":\"BreadcrumbList\",\"@id\":\"https:\/\/skaitytaknyga.lt\/produktas\/roma-mieli-namai-musu-kelione-i-katalikybe\/#breadcrumb\",\"itemListElement\":[{\"@type\":\"ListItem\",\"position\":1,\"name\":\"Home\",\"item\":\"https:\/\/skaitytaknyga.lt\/\"},{\"@type\":\"ListItem\",\"position\":2,\"name\":\"Parduotuv\u0117\",\"item\":\"https:\/\/skaitytaknyga.lt\/knygu-parduotuve\/\"},{\"@type\":\"ListItem\",\"position\":3,\"name\":\"Roma \u2013 mieli namai: m\u016bs\u0173 kelion\u0117 \u012f katalikyb\u0119\"}]},{\"@type\":\"WebSite\",\"@id\":\"https:\/\/skaitytaknyga.lt\/#website\",\"url\":\"https:\/\/skaitytaknyga.lt\/\",\"name\":\"skaitytaknyga.lt\",\"description\":\"Skaitytaknyga.lt \u2013 tai ma\u017eas \u0161eimos verslas, kuris prasid\u0117jo nuo meil\u0117s knygoms ir siekio i\u0161gelb\u0117ti knygas nuo likimo prie konteinerio. Kas vienam nereikalingas daiktas \u2013 kitam lobis, o mes esame tarpininkai, kurie padeda abiems tapti laimingesniems ???? \u017dinome kaip nelengva i\u0161gyventi ma\u017eiems verslams, tad nuo \u0161iol, \u010dia rasite ir kit\u0173, ma\u017e\u0173 \u0161eim\u0173 versl\u0173, rank\u0173 darbo, dovan\u0173 sau ir artimiesiems.\",\"publisher\":{\"@id\":\"https:\/\/skaitytaknyga.lt\/#organization\"},\"potentialAction\":[{\"@type\":\"SearchAction\",\"target\":{\"@type\":\"EntryPoint\",\"urlTemplate\":\"https:\/\/skaitytaknyga.lt\/?s={search_term_string}\"},\"query-input\":{\"@type\":\"PropertyValueSpecification\",\"valueRequired\":true,\"valueName\":\"search_term_string\"}}],\"inLanguage\":\"en-GB\"},{\"@type\":\"Organization\",\"@id\":\"https:\/\/skaitytaknyga.lt\/#organization\",\"name\":\"skaitytaknyga.lt\",\"url\":\"https:\/\/skaitytaknyga.lt\/\",\"logo\":{\"@type\":\"ImageObject\",\"inLanguage\":\"en-GB\",\"@id\":\"https:\/\/skaitytaknyga.lt\/#\/schema\/logo\/image\/\",\"url\":\"https:\/\/skaitytaknyga.lt\/wp-content\/uploads\/2024\/05\/cropped-cropped-cropped-02_00843_jt3bggkj1j3HLc7SyY6rEUpg.jpeg\",\"contentUrl\":\"https:\/\/skaitytaknyga.lt\/wp-content\/uploads\/2024\/05\/cropped-cropped-cropped-02_00843_jt3bggkj1j3HLc7SyY6rEUpg.jpeg\",\"width\":1600,\"height\":1600,\"caption\":\"skaitytaknyga.lt\"},\"image\":{\"@id\":\"https:\/\/skaitytaknyga.lt\/#\/schema\/logo\/image\/\"},\"sameAs\":[\"https:\/\/www.facebook.com\/skaitytaknyga\/\"]}]}<\/script>\n<!-- \/ Yoast SEO plugin. -->","yoast_head_json":{"title":"Roma \u2013 mieli namai: m\u016bs\u0173 kelion\u0117 \u012f katalikyb\u0119","description":"Knygos autoriai\u00a0Scottas Hahnas, teologas, vos per plauk\u0105 netap\u0119s juvelyru, ir\u00a0Kimberly Hahn, jaunyst\u0117je puosel\u0117jusi svajon\u0119 i\u0161tek\u0117ti b\u016btent u\u017e","robots":{"index":"index","follow":"follow","max-snippet":"max-snippet:-1","max-image-preview":"max-image-preview:large","max-video-preview":"max-video-preview:-1"},"canonical":"https:\/\/skaitytaknyga.lt\/en\/produktas\/roma-mieli-namai-musu-kelione-i-katalikybe\/","og_locale":"en_GB","og_type":"article","og_title":"[:lt]Roma \u2013 mieli namai: m\u016bs\u0173 kelion\u0117 \u012f katalikyb\u0119[:] - Skaitytaknyga","og_description":"Knygos autoriai\u00a0Scottas Hahnas, teologas, vos per plauk\u0105 netap\u0119s juvelyru, ir\u00a0Kimberly Hahn, jaunyst\u0117je puosel\u0117jusi svajon\u0119 i\u0161tek\u0117ti b\u016btent u\u017e","og_url":"https:\/\/skaitytaknyga.lt\/en\/produktas\/roma-mieli-namai-musu-kelione-i-katalikybe\/","og_site_name":"Skaitytaknyga","article_publisher":"https:\/\/www.facebook.com\/skaitytaknyga\/","article_modified_time":"2026-01-03T12:13:21+00:00","og_image":[{"width":534,"height":800,"url":"https:\/\/skaitytaknyga.lt\/wp-content\/uploads\/2024\/09\/Roma-\u2013-mieli-namai-musu-kelione-i-katalikybe.webp","type":"image\/webp"}],"twitter_card":"summary_large_image","twitter_misc":{"Estimated reading time":"2 minutes"},"schema":{"@context":"https:\/\/schema.org","@graph":[{"@type":"WebPage","@id":"https:\/\/skaitytaknyga.lt\/produktas\/roma-mieli-namai-musu-kelione-i-katalikybe\/","url":"https:\/\/skaitytaknyga.lt\/produktas\/roma-mieli-namai-musu-kelione-i-katalikybe\/","name":"Roma \u2013 mieli namai: m\u016bs\u0173 kelion\u0117 \u012f katalikyb\u0119","isPartOf":{"@id":"https:\/\/skaitytaknyga.lt\/#website"},"primaryImageOfPage":{"@id":"https:\/\/skaitytaknyga.lt\/produktas\/roma-mieli-namai-musu-kelione-i-katalikybe\/#primaryimage"},"image":{"@id":"https:\/\/skaitytaknyga.lt\/produktas\/roma-mieli-namai-musu-kelione-i-katalikybe\/#primaryimage"},"thumbnailUrl":"https:\/\/skaitytaknyga.lt\/wp-content\/uploads\/2024\/09\/Roma-\u2013-mieli-namai-musu-kelione-i-katalikybe.webp","datePublished":"2024-04-10T06:18:27+00:00","dateModified":"2026-01-03T12:13:21+00:00","description":"Knygos autoriai\u00a0Scottas Hahnas, teologas, vos per plauk\u0105 netap\u0119s juvelyru, ir\u00a0Kimberly Hahn, jaunyst\u0117je puosel\u0117jusi svajon\u0119 i\u0161tek\u0117ti b\u016btent u\u017e","breadcrumb":{"@id":"https:\/\/skaitytaknyga.lt\/produktas\/roma-mieli-namai-musu-kelione-i-katalikybe\/#breadcrumb"},"inLanguage":"en-GB","potentialAction":[{"@type":"ReadAction","target":["https:\/\/skaitytaknyga.lt\/produktas\/roma-mieli-namai-musu-kelione-i-katalikybe\/"]}]},{"@type":"ImageObject","inLanguage":"en-GB","@id":"https:\/\/skaitytaknyga.lt\/produktas\/roma-mieli-namai-musu-kelione-i-katalikybe\/#primaryimage","url":"https:\/\/skaitytaknyga.lt\/wp-content\/uploads\/2024\/09\/Roma-\u2013-mieli-namai-musu-kelione-i-katalikybe.webp","contentUrl":"https:\/\/skaitytaknyga.lt\/wp-content\/uploads\/2024\/09\/Roma-\u2013-mieli-namai-musu-kelione-i-katalikybe.webp","width":534,"height":800,"caption":"Roma \u2013 mieli namai: m\u016bs\u0173 kelion\u0117 \u012f katalikyb\u0119"},{"@type":"BreadcrumbList","@id":"https:\/\/skaitytaknyga.lt\/produktas\/roma-mieli-namai-musu-kelione-i-katalikybe\/#breadcrumb","itemListElement":[{"@type":"ListItem","position":1,"name":"Home","item":"https:\/\/skaitytaknyga.lt\/"},{"@type":"ListItem","position":2,"name":"Parduotuv\u0117","item":"https:\/\/skaitytaknyga.lt\/knygu-parduotuve\/"},{"@type":"ListItem","position":3,"name":"Roma \u2013 mieli namai: m\u016bs\u0173 kelion\u0117 \u012f katalikyb\u0119"}]},{"@type":"WebSite","@id":"https:\/\/skaitytaknyga.lt\/#website","url":"https:\/\/skaitytaknyga.lt\/","name":"skaitytaknyga.lt","description":"Skaitytaknyga.lt \u2013 tai ma\u017eas \u0161eimos verslas, kuris prasid\u0117jo nuo meil\u0117s knygoms ir siekio i\u0161gelb\u0117ti knygas nuo likimo prie konteinerio. Kas vienam nereikalingas daiktas \u2013 kitam lobis, o mes esame tarpininkai, kurie padeda abiems tapti laimingesniems ???? \u017dinome kaip nelengva i\u0161gyventi ma\u017eiems verslams, tad nuo \u0161iol, \u010dia rasite ir kit\u0173, ma\u017e\u0173 \u0161eim\u0173 versl\u0173, rank\u0173 darbo, dovan\u0173 sau ir artimiesiems.","publisher":{"@id":"https:\/\/skaitytaknyga.lt\/#organization"},"potentialAction":[{"@type":"SearchAction","target":{"@type":"EntryPoint","urlTemplate":"https:\/\/skaitytaknyga.lt\/?s={search_term_string}"},"query-input":{"@type":"PropertyValueSpecification","valueRequired":true,"valueName":"search_term_string"}}],"inLanguage":"en-GB"},{"@type":"Organization","@id":"https:\/\/skaitytaknyga.lt\/#organization","name":"skaitytaknyga.lt","url":"https:\/\/skaitytaknyga.lt\/","logo":{"@type":"ImageObject","inLanguage":"en-GB","@id":"https:\/\/skaitytaknyga.lt\/#\/schema\/logo\/image\/","url":"https:\/\/skaitytaknyga.lt\/wp-content\/uploads\/2024\/05\/cropped-cropped-cropped-02_00843_jt3bggkj1j3HLc7SyY6rEUpg.jpeg","contentUrl":"https:\/\/skaitytaknyga.lt\/wp-content\/uploads\/2024\/05\/cropped-cropped-cropped-02_00843_jt3bggkj1j3HLc7SyY6rEUpg.jpeg","width":1600,"height":1600,"caption":"skaitytaknyga.lt"},"image":{"@id":"https:\/\/skaitytaknyga.lt\/#\/schema\/logo\/image\/"},"sameAs":["https:\/\/www.facebook.com\/skaitytaknyga\/"]}]}},"_links":{"self":[{"href":"https:\/\/skaitytaknyga.lt\/en\/wp-json\/wp\/v2\/product\/13816","targetHints":{"allow":["GET"]}}],"collection":[{"href":"https:\/\/skaitytaknyga.lt\/en\/wp-json\/wp\/v2\/product"}],"about":[{"href":"https:\/\/skaitytaknyga.lt\/en\/wp-json\/wp\/v2\/types\/product"}],"replies":[{"embeddable":true,"href":"https:\/\/skaitytaknyga.lt\/en\/wp-json\/wp\/v2\/comments?post=13816"}],"wp:featuredmedia":[{"embeddable":true,"href":"https:\/\/skaitytaknyga.lt\/en\/wp-json\/wp\/v2\/media\/13821"}],"wp:attachment":[{"href":"https:\/\/skaitytaknyga.lt\/en\/wp-json\/wp\/v2\/media?parent=13816"}],"wp:term":[{"taxonomy":"product_brand","embeddable":true,"href":"https:\/\/skaitytaknyga.lt\/en\/wp-json\/wp\/v2\/product_brand?post=13816"},{"taxonomy":"product_cat","embeddable":true,"href":"https:\/\/skaitytaknyga.lt\/en\/wp-json\/wp\/v2\/product_cat?post=13816"},{"taxonomy":"product_tag","embeddable":true,"href":"https:\/\/skaitytaknyga.lt\/en\/wp-json\/wp\/v2\/product_tag?post=13816"}],"curies":[{"name":"wp","href":"https:\/\/api.w.org\/{rel}","templated":true}]}}