{"id":13815,"date":"2024-04-10T09:18:27","date_gmt":"2024-04-10T06:18:27","guid":{"rendered":"https:\/\/skaitytaknyga.lt\/?post_type=product&#038;p=13815"},"modified":"2025-02-16T10:26:10","modified_gmt":"2025-02-16T08:26:10","slug":"kas-yra-dvasinis-gyvenimas-ir-kaip-jam-nusiteikti","status":"publish","type":"product","link":"https:\/\/skaitytaknyga.lt\/en\/produktas\/kas-yra-dvasinis-gyvenimas-ir-kaip-jam-nusiteikti\/","title":{"rendered":"Kas yra dvasinis gyvenimas ir kaip jam nusiteikti"},"content":{"rendered":"<p>Knyga\u00a0<strong>\u201eKas yra dvasinis gyvenimas ir kaip jam nusiteikti&#8221;<\/strong>\u00a0\u2013 t\u0117vo Teofano lai\u0161kai savo dvasios dukrai, jaunai merginai, kuri nenori tek\u0117ti, bet \u012f vienuolyn\u0105 eiti taip pat n\u0117ra nusiteikusi. Tai pati garsiausia tokio pob\u016bd\u017eio \u0161v. Teofano Atsiskyr\u0117lio knyga \u2013 lai\u0161k\u0173 apie dvasin\u012f gyvenim\u0105 rinkinys, kuriame teoriniai klausimai persipina su praktiniais t\u0117vo Teofano patarimais.<\/p>\n<p>\u0160ventasis nuo\u0161ird\u017eiai apm\u0105sto adresatei kylan\u010dias problemas ir jas padeda i\u0161spr\u0119sti vadovaudamasis turtingu dvasiniu Ba\u017eny\u010dios palikimu ir savo patirtimi. Knyga \u201eKas yra dvasinis gyvenimas ir kaip jam nusiteikti&#8221; \u2013 atviras ir tikslus \u017emogaus vidinio gyvenimo apra\u0161ymas. Joje atsiveria ilgas \u017emogaus kelias \u012f Diev\u0105 ir visi tame kelyje tykantys pavojai.<\/p>\n","protected":false},"excerpt":{"rendered":"<p>Knyga\u00a0\u201eKas yra dvasinis gyvenimas ir kaip jam nusiteikti&#8221;\u00a0\u2013 t\u0117vo Teofano lai\u0161kai savo dvasios dukrai, jaunai merginai, kuri nenori tek\u0117ti, bet \u012f vienuolyn\u0105 eiti taip pat n\u0117ra nusiteikusi. Tai pati garsiausia tokio pob\u016bd\u017eio \u0161v. Teofano Atsiskyr\u0117lio knyga \u2013 lai\u0161k\u0173 apie dvasin\u012f gyvenim\u0105 rinkinys, kuriame teoriniai klausimai persipina su praktiniais t\u0117vo Teofano patarimais. \u0160ventasis nuo\u0161ird\u017eiai apm\u0105sto adresatei kylan\u010dias problemas ir jas padeda i\u0161spr\u0119sti vadovaudamasis turtingu dvasiniu Ba\u017eny\u010dios palikimu ir savo patirtimi. Knyga \u201eKas yra dvasinis gyvenimas ir kaip jam nusiteikti&#8221; \u2013 atviras ir tikslus \u017emogaus vidinio gyvenimo apra\u0161ymas. Joje atsiveria ilgas \u017emogaus kelias \u012f Diev\u0105 ir visi tame kelyje tykantys pavojai.<\/p>\n","protected":false},"featured_media":13822,"comment_status":"open","ping_status":"closed","template":"","meta":{"_acf_changed":false,"site-sidebar-layout":"default","site-content-layout":"","ast-site-content-layout":"default","site-content-style":"default","site-sidebar-style":"default","ast-global-header-display":"","ast-banner-title-visibility":"","ast-main-header-display":"","ast-hfb-above-header-display":"","ast-hfb-below-header-display":"","ast-hfb-mobile-header-display":"","site-post-title":"","ast-breadcrumbs-content":"","ast-featured-img":"","footer-sml-layout":"","ast-disable-related-posts":"","theme-transparent-header-meta":"default","adv-header-id-meta":"","stick-header-meta":"","header-above-stick-meta":"","header-main-stick-meta":"","header-below-stick-meta":"","astra-migrate-meta-layouts":"set","ast-page-background-enabled":"default","ast-page-background-meta":{"desktop":{"background-color":"","background-image":"","background-repeat":"repeat","background-position":"center center","background-size":"auto","background-attachment":"scroll","background-type":"","background-media":"","overlay-type":"","overlay-color":"","overlay-opacity":"","overlay-gradient":""},"tablet":{"background-color":"","background-image":"","background-repeat":"repeat","background-position":"center center","background-size":"auto","background-attachment":"scroll","background-type":"","background-media":"","overlay-type":"","overlay-color":"","overlay-opacity":"","overlay-gradient":""},"mobile":{"background-color":"","background-image":"","background-repeat":"repeat","background-position":"center center","background-size":"auto","background-attachment":"scroll","background-type":"","background-media":"","overlay-type":"","overlay-color":"","overlay-opacity":"","overlay-gradient":""}},"ast-content-background-meta":{"desktop":{"background-color":"var(--ast-global-color-4)","background-image":"","background-repeat":"repeat","background-position":"center center","background-size":"auto","background-attachment":"scroll","background-type":"","background-media":"","overlay-type":"","overlay-color":"","overlay-opacity":"","overlay-gradient":""},"tablet":{"background-color":"var(--ast-global-color-4)","background-image":"","background-repeat":"repeat","background-position":"center center","background-size":"auto","background-attachment":"scroll","background-type":"","background-media":"","overlay-type":"","overlay-color":"","overlay-opacity":"","overlay-gradient":""},"mobile":{"background-color":"var(--ast-global-color-4)","background-image":"","background-repeat":"repeat","background-position":"center center","background-size":"auto","background-attachment":"scroll","background-type":"","background-media":"","overlay-type":"","overlay-color":"","overlay-opacity":"","overlay-gradient":""}}},"product_brand":[],"product_cat":[15,165],"product_tag":[],"class_list":{"0":"post-13815","1":"product","2":"type-product","3":"status-publish","4":"has-post-thumbnail","6":"product_cat-uncategorized","7":"product_cat-religija-filosofija-ir-ezoterika","8":"desktop-align-left","9":"tablet-align-left","10":"mobile-align-left","12":"first","13":"outofstock","14":"shipping-taxable","15":"purchasable","16":"product-type-simple"},"acf":[],"yoast_head":"<!-- This site is optimized with the Yoast SEO plugin v27.0 - https:\/\/yoast.com\/product\/yoast-seo-wordpress\/ -->\n<title>Kas yra dvasinis gyvenimas ir kaip jam nusiteikti<\/title>\n<meta name=\"description\" content=\"Knyga\u00a0\u201eKas yra dvasinis gyvenimas ir kaip jam nusiteikti&quot;\u00a0\u2013 t\u0117vo Teofano lai\u0161kai savo dvasios dukrai, jaunai merginai, kuri nenori tek\u0117ti, bet \u012f\" \/>\n<meta name=\"robots\" content=\"index, follow, max-snippet:-1, max-image-preview:large, max-video-preview:-1\" \/>\n<link rel=\"canonical\" href=\"https:\/\/skaitytaknyga.lt\/en\/produktas\/kas-yra-dvasinis-gyvenimas-ir-kaip-jam-nusiteikti\/\" \/>\n<meta property=\"og:locale\" content=\"en_GB\" \/>\n<meta property=\"og:locale:alternate\" content=\"lt_LT\" \/>\n<meta property=\"og:type\" content=\"article\" \/>\n<meta property=\"og:title\" content=\"Kas yra dvasinis gyvenimas ir kaip jam nusiteikti\" \/>\n<meta property=\"og:description\" content=\"Knyga\u00a0\u201eKas yra dvasinis gyvenimas ir kaip jam nusiteikti&quot;\u00a0\u2013 t\u0117vo Teofano lai\u0161kai savo dvasios dukrai, jaunai merginai, kuri nenori tek\u0117ti, bet \u012f\" \/>\n<meta property=\"og:url\" content=\"https:\/\/skaitytaknyga.lt\/en\/produktas\/kas-yra-dvasinis-gyvenimas-ir-kaip-jam-nusiteikti\/\" \/>\n<meta property=\"og:site_name\" content=\"Skaitytaknyga\" \/>\n<meta property=\"article:publisher\" content=\"https:\/\/www.facebook.com\/skaitytaknyga\/\" \/>\n<meta property=\"article:modified_time\" content=\"2025-02-16T08:26:10+00:00\" \/>\n<meta property=\"og:image\" content=\"https:\/\/skaitytaknyga.lt\/wp-content\/uploads\/2024\/09\/Kas-yra-dvasinis-gyvenimas-ir-kaip-jam-nusiteikti.webp\" \/>\n\t<meta property=\"og:image:width\" content=\"527\" \/>\n\t<meta property=\"og:image:height\" content=\"799\" \/>\n\t<meta property=\"og:image:type\" content=\"image\/webp\" \/>\n<meta name=\"twitter:card\" content=\"summary_large_image\" \/>\n<meta name=\"twitter:label1\" content=\"Estimated reading time\" \/>\n\t<meta name=\"twitter:data1\" content=\"1 minute\" \/>\n<script type=\"application\/ld+json\" class=\"yoast-schema-graph\">{\"@context\":\"https:\/\/schema.org\",\"@graph\":[{\"@type\":\"WebPage\",\"@id\":\"https:\/\/skaitytaknyga.lt\/produktas\/kas-yra-dvasinis-gyvenimas-ir-kaip-jam-nusiteikti\/\",\"url\":\"https:\/\/skaitytaknyga.lt\/produktas\/kas-yra-dvasinis-gyvenimas-ir-kaip-jam-nusiteikti\/\",\"name\":\"Kas yra dvasinis gyvenimas ir kaip jam nusiteikti\",\"isPartOf\":{\"@id\":\"https:\/\/skaitytaknyga.lt\/#website\"},\"primaryImageOfPage\":{\"@id\":\"https:\/\/skaitytaknyga.lt\/produktas\/kas-yra-dvasinis-gyvenimas-ir-kaip-jam-nusiteikti\/#primaryimage\"},\"image\":{\"@id\":\"https:\/\/skaitytaknyga.lt\/produktas\/kas-yra-dvasinis-gyvenimas-ir-kaip-jam-nusiteikti\/#primaryimage\"},\"thumbnailUrl\":\"https:\/\/skaitytaknyga.lt\/wp-content\/uploads\/2024\/09\/Kas-yra-dvasinis-gyvenimas-ir-kaip-jam-nusiteikti.webp\",\"datePublished\":\"2024-04-10T06:18:27+00:00\",\"dateModified\":\"2025-02-16T08:26:10+00:00\",\"description\":\"Knyga\u00a0\u201eKas yra dvasinis gyvenimas ir kaip jam nusiteikti\\\"\u00a0\u2013 t\u0117vo Teofano lai\u0161kai savo dvasios dukrai, jaunai merginai, kuri nenori tek\u0117ti, bet \u012f\",\"breadcrumb\":{\"@id\":\"https:\/\/skaitytaknyga.lt\/produktas\/kas-yra-dvasinis-gyvenimas-ir-kaip-jam-nusiteikti\/#breadcrumb\"},\"inLanguage\":\"en-GB\",\"potentialAction\":[{\"@type\":\"ReadAction\",\"target\":[\"https:\/\/skaitytaknyga.lt\/produktas\/kas-yra-dvasinis-gyvenimas-ir-kaip-jam-nusiteikti\/\"]}]},{\"@type\":\"ImageObject\",\"inLanguage\":\"en-GB\",\"@id\":\"https:\/\/skaitytaknyga.lt\/produktas\/kas-yra-dvasinis-gyvenimas-ir-kaip-jam-nusiteikti\/#primaryimage\",\"url\":\"https:\/\/skaitytaknyga.lt\/wp-content\/uploads\/2024\/09\/Kas-yra-dvasinis-gyvenimas-ir-kaip-jam-nusiteikti.webp\",\"contentUrl\":\"https:\/\/skaitytaknyga.lt\/wp-content\/uploads\/2024\/09\/Kas-yra-dvasinis-gyvenimas-ir-kaip-jam-nusiteikti.webp\",\"width\":527,\"height\":799,\"caption\":\"Kas yra dvasinis gyvenimas ir kaip jam nusiteikti\"},{\"@type\":\"BreadcrumbList\",\"@id\":\"https:\/\/skaitytaknyga.lt\/produktas\/kas-yra-dvasinis-gyvenimas-ir-kaip-jam-nusiteikti\/#breadcrumb\",\"itemListElement\":[{\"@type\":\"ListItem\",\"position\":1,\"name\":\"Home\",\"item\":\"https:\/\/skaitytaknyga.lt\/\"},{\"@type\":\"ListItem\",\"position\":2,\"name\":\"Parduotuv\u0117\",\"item\":\"https:\/\/skaitytaknyga.lt\/knygu-parduotuve\/\"},{\"@type\":\"ListItem\",\"position\":3,\"name\":\"Kas yra dvasinis gyvenimas ir kaip jam nusiteikti\"}]},{\"@type\":\"WebSite\",\"@id\":\"https:\/\/skaitytaknyga.lt\/#website\",\"url\":\"https:\/\/skaitytaknyga.lt\/\",\"name\":\"skaitytaknyga.lt\",\"description\":\"Skaitytaknyga.lt \u2013 tai ma\u017eas \u0161eimos verslas, kuris prasid\u0117jo nuo meil\u0117s knygoms ir siekio i\u0161gelb\u0117ti knygas nuo likimo prie konteinerio. Kas vienam nereikalingas daiktas \u2013 kitam lobis, o mes esame tarpininkai, kurie padeda abiems tapti laimingesniems ???? \u017dinome kaip nelengva i\u0161gyventi ma\u017eiems verslams, tad nuo \u0161iol, \u010dia rasite ir kit\u0173, ma\u017e\u0173 \u0161eim\u0173 versl\u0173, rank\u0173 darbo, dovan\u0173 sau ir artimiesiems.\",\"publisher\":{\"@id\":\"https:\/\/skaitytaknyga.lt\/#organization\"},\"potentialAction\":[{\"@type\":\"SearchAction\",\"target\":{\"@type\":\"EntryPoint\",\"urlTemplate\":\"https:\/\/skaitytaknyga.lt\/?s={search_term_string}\"},\"query-input\":{\"@type\":\"PropertyValueSpecification\",\"valueRequired\":true,\"valueName\":\"search_term_string\"}}],\"inLanguage\":\"en-GB\"},{\"@type\":\"Organization\",\"@id\":\"https:\/\/skaitytaknyga.lt\/#organization\",\"name\":\"skaitytaknyga.lt\",\"url\":\"https:\/\/skaitytaknyga.lt\/\",\"logo\":{\"@type\":\"ImageObject\",\"inLanguage\":\"en-GB\",\"@id\":\"https:\/\/skaitytaknyga.lt\/#\/schema\/logo\/image\/\",\"url\":\"https:\/\/skaitytaknyga.lt\/wp-content\/uploads\/2024\/05\/cropped-cropped-cropped-02_00843_jt3bggkj1j3HLc7SyY6rEUpg.jpeg\",\"contentUrl\":\"https:\/\/skaitytaknyga.lt\/wp-content\/uploads\/2024\/05\/cropped-cropped-cropped-02_00843_jt3bggkj1j3HLc7SyY6rEUpg.jpeg\",\"width\":1600,\"height\":1600,\"caption\":\"skaitytaknyga.lt\"},\"image\":{\"@id\":\"https:\/\/skaitytaknyga.lt\/#\/schema\/logo\/image\/\"},\"sameAs\":[\"https:\/\/www.facebook.com\/skaitytaknyga\/\"]}]}<\/script>\n<!-- \/ Yoast SEO plugin. -->","yoast_head_json":{"title":"Kas yra dvasinis gyvenimas ir kaip jam nusiteikti","description":"Knyga\u00a0\u201eKas yra dvasinis gyvenimas ir kaip jam nusiteikti\"\u00a0\u2013 t\u0117vo Teofano lai\u0161kai savo dvasios dukrai, jaunai merginai, kuri nenori tek\u0117ti, bet \u012f","robots":{"index":"index","follow":"follow","max-snippet":"max-snippet:-1","max-image-preview":"max-image-preview:large","max-video-preview":"max-video-preview:-1"},"canonical":"https:\/\/skaitytaknyga.lt\/en\/produktas\/kas-yra-dvasinis-gyvenimas-ir-kaip-jam-nusiteikti\/","og_locale":"en_GB","og_type":"article","og_title":"[:lt]Kas yra dvasinis gyvenimas ir kaip jam nusiteikti[:] - Skaitytaknyga","og_description":"Knyga\u00a0\u201eKas yra dvasinis gyvenimas ir kaip jam nusiteikti\"\u00a0\u2013 t\u0117vo Teofano lai\u0161kai savo dvasios dukrai, jaunai merginai, kuri nenori tek\u0117ti, bet \u012f","og_url":"https:\/\/skaitytaknyga.lt\/en\/produktas\/kas-yra-dvasinis-gyvenimas-ir-kaip-jam-nusiteikti\/","og_site_name":"Skaitytaknyga","article_publisher":"https:\/\/www.facebook.com\/skaitytaknyga\/","article_modified_time":"2025-02-16T08:26:10+00:00","og_image":[{"width":527,"height":799,"url":"https:\/\/skaitytaknyga.lt\/wp-content\/uploads\/2024\/09\/Kas-yra-dvasinis-gyvenimas-ir-kaip-jam-nusiteikti.webp","type":"image\/webp"}],"twitter_card":"summary_large_image","twitter_misc":{"Estimated reading time":"1 minute"},"schema":{"@context":"https:\/\/schema.org","@graph":[{"@type":"WebPage","@id":"https:\/\/skaitytaknyga.lt\/produktas\/kas-yra-dvasinis-gyvenimas-ir-kaip-jam-nusiteikti\/","url":"https:\/\/skaitytaknyga.lt\/produktas\/kas-yra-dvasinis-gyvenimas-ir-kaip-jam-nusiteikti\/","name":"Kas yra dvasinis gyvenimas ir kaip jam nusiteikti","isPartOf":{"@id":"https:\/\/skaitytaknyga.lt\/#website"},"primaryImageOfPage":{"@id":"https:\/\/skaitytaknyga.lt\/produktas\/kas-yra-dvasinis-gyvenimas-ir-kaip-jam-nusiteikti\/#primaryimage"},"image":{"@id":"https:\/\/skaitytaknyga.lt\/produktas\/kas-yra-dvasinis-gyvenimas-ir-kaip-jam-nusiteikti\/#primaryimage"},"thumbnailUrl":"https:\/\/skaitytaknyga.lt\/wp-content\/uploads\/2024\/09\/Kas-yra-dvasinis-gyvenimas-ir-kaip-jam-nusiteikti.webp","datePublished":"2024-04-10T06:18:27+00:00","dateModified":"2025-02-16T08:26:10+00:00","description":"Knyga\u00a0\u201eKas yra dvasinis gyvenimas ir kaip jam nusiteikti\"\u00a0\u2013 t\u0117vo Teofano lai\u0161kai savo dvasios dukrai, jaunai merginai, kuri nenori tek\u0117ti, bet \u012f","breadcrumb":{"@id":"https:\/\/skaitytaknyga.lt\/produktas\/kas-yra-dvasinis-gyvenimas-ir-kaip-jam-nusiteikti\/#breadcrumb"},"inLanguage":"en-GB","potentialAction":[{"@type":"ReadAction","target":["https:\/\/skaitytaknyga.lt\/produktas\/kas-yra-dvasinis-gyvenimas-ir-kaip-jam-nusiteikti\/"]}]},{"@type":"ImageObject","inLanguage":"en-GB","@id":"https:\/\/skaitytaknyga.lt\/produktas\/kas-yra-dvasinis-gyvenimas-ir-kaip-jam-nusiteikti\/#primaryimage","url":"https:\/\/skaitytaknyga.lt\/wp-content\/uploads\/2024\/09\/Kas-yra-dvasinis-gyvenimas-ir-kaip-jam-nusiteikti.webp","contentUrl":"https:\/\/skaitytaknyga.lt\/wp-content\/uploads\/2024\/09\/Kas-yra-dvasinis-gyvenimas-ir-kaip-jam-nusiteikti.webp","width":527,"height":799,"caption":"Kas yra dvasinis gyvenimas ir kaip jam nusiteikti"},{"@type":"BreadcrumbList","@id":"https:\/\/skaitytaknyga.lt\/produktas\/kas-yra-dvasinis-gyvenimas-ir-kaip-jam-nusiteikti\/#breadcrumb","itemListElement":[{"@type":"ListItem","position":1,"name":"Home","item":"https:\/\/skaitytaknyga.lt\/"},{"@type":"ListItem","position":2,"name":"Parduotuv\u0117","item":"https:\/\/skaitytaknyga.lt\/knygu-parduotuve\/"},{"@type":"ListItem","position":3,"name":"Kas yra dvasinis gyvenimas ir kaip jam nusiteikti"}]},{"@type":"WebSite","@id":"https:\/\/skaitytaknyga.lt\/#website","url":"https:\/\/skaitytaknyga.lt\/","name":"skaitytaknyga.lt","description":"Skaitytaknyga.lt \u2013 tai ma\u017eas \u0161eimos verslas, kuris prasid\u0117jo nuo meil\u0117s knygoms ir siekio i\u0161gelb\u0117ti knygas nuo likimo prie konteinerio. Kas vienam nereikalingas daiktas \u2013 kitam lobis, o mes esame tarpininkai, kurie padeda abiems tapti laimingesniems ???? \u017dinome kaip nelengva i\u0161gyventi ma\u017eiems verslams, tad nuo \u0161iol, \u010dia rasite ir kit\u0173, ma\u017e\u0173 \u0161eim\u0173 versl\u0173, rank\u0173 darbo, dovan\u0173 sau ir artimiesiems.","publisher":{"@id":"https:\/\/skaitytaknyga.lt\/#organization"},"potentialAction":[{"@type":"SearchAction","target":{"@type":"EntryPoint","urlTemplate":"https:\/\/skaitytaknyga.lt\/?s={search_term_string}"},"query-input":{"@type":"PropertyValueSpecification","valueRequired":true,"valueName":"search_term_string"}}],"inLanguage":"en-GB"},{"@type":"Organization","@id":"https:\/\/skaitytaknyga.lt\/#organization","name":"skaitytaknyga.lt","url":"https:\/\/skaitytaknyga.lt\/","logo":{"@type":"ImageObject","inLanguage":"en-GB","@id":"https:\/\/skaitytaknyga.lt\/#\/schema\/logo\/image\/","url":"https:\/\/skaitytaknyga.lt\/wp-content\/uploads\/2024\/05\/cropped-cropped-cropped-02_00843_jt3bggkj1j3HLc7SyY6rEUpg.jpeg","contentUrl":"https:\/\/skaitytaknyga.lt\/wp-content\/uploads\/2024\/05\/cropped-cropped-cropped-02_00843_jt3bggkj1j3HLc7SyY6rEUpg.jpeg","width":1600,"height":1600,"caption":"skaitytaknyga.lt"},"image":{"@id":"https:\/\/skaitytaknyga.lt\/#\/schema\/logo\/image\/"},"sameAs":["https:\/\/www.facebook.com\/skaitytaknyga\/"]}]}},"_links":{"self":[{"href":"https:\/\/skaitytaknyga.lt\/en\/wp-json\/wp\/v2\/product\/13815","targetHints":{"allow":["GET"]}}],"collection":[{"href":"https:\/\/skaitytaknyga.lt\/en\/wp-json\/wp\/v2\/product"}],"about":[{"href":"https:\/\/skaitytaknyga.lt\/en\/wp-json\/wp\/v2\/types\/product"}],"replies":[{"embeddable":true,"href":"https:\/\/skaitytaknyga.lt\/en\/wp-json\/wp\/v2\/comments?post=13815"}],"wp:featuredmedia":[{"embeddable":true,"href":"https:\/\/skaitytaknyga.lt\/en\/wp-json\/wp\/v2\/media\/13822"}],"wp:attachment":[{"href":"https:\/\/skaitytaknyga.lt\/en\/wp-json\/wp\/v2\/media?parent=13815"}],"wp:term":[{"taxonomy":"product_brand","embeddable":true,"href":"https:\/\/skaitytaknyga.lt\/en\/wp-json\/wp\/v2\/product_brand?post=13815"},{"taxonomy":"product_cat","embeddable":true,"href":"https:\/\/skaitytaknyga.lt\/en\/wp-json\/wp\/v2\/product_cat?post=13815"},{"taxonomy":"product_tag","embeddable":true,"href":"https:\/\/skaitytaknyga.lt\/en\/wp-json\/wp\/v2\/product_tag?post=13815"}],"curies":[{"name":"wp","href":"https:\/\/api.w.org\/{rel}","templated":true}]}}