{"id":13814,"date":"2024-04-10T09:18:27","date_gmt":"2024-04-10T06:18:27","guid":{"rendered":"https:\/\/skaitytaknyga.lt\/?post_type=product&#038;p=13814"},"modified":"2024-09-10T10:31:09","modified_gmt":"2024-09-10T07:31:09","slug":"henri-j-m-nouwen-gyvenimo-taure","status":"publish","type":"product","link":"https:\/\/skaitytaknyga.lt\/en\/produktas\/henri-j-m-nouwen-gyvenimo-taure\/","title":{"rendered":"Henri J. M. Nouwen \u201eGyvenimo taur\u0117\u201c"},"content":{"rendered":"<p>J\u0117zus paklaus\u0117: \u201eAr galite gerti taur\u0119, kuri\u0105 a\u0161 gersiu?\u201c Jie atsak\u0117: \u201eGalime.\u201c<\/p>\n<p>Kaip j\u016bs atsakytum\u0117te \u012f \u0161\u012f J\u0117zaus klausim\u0105? Ar atsilieptum\u0117te \u012f Jo kvietim\u0105 i\u0161gerti savo gyvenimo taur\u0119 iki dugno? Gerti taur\u0119, kuri\u0105 g\u0117r\u0117 J\u0117zus, \u2013 tai gyventi J\u0117zaus Dvasios kupin\u0105 bes\u0105lygi\u0161kos meil\u0117s gyvenim\u0105.<\/p>\n<p>Knygoje\u00a0<strong>\u201eGyvenimo taur\u0117\u201c<\/strong>\u00a0kunigas\u00a0<strong>Henris J. M. Nouwenas<\/strong>\u00a0paprastai, ai\u0161kiai ir jausmingai atskleid\u017eia, kod\u0117l gyvenimo taur\u0119 \u2013 ir d\u017eiaugsm\u0105, ir skausm\u0105 \u2013 reikia i\u0161gerti iki dugno ir kaip tai padaryti.<\/p>\n<p><strong>H. J. M. Nouwenas<\/strong>\u00a0para\u0161\u0117 daugiau kaip keturiasde\u0161imt knyg\u0173. Jis d\u0117st\u0117 Jeilio, Harvardo, Notr Damo universitetuose. Nuo 1986-\u0173j\u0173 iki mirties 1996 metais dirbo fizi\u0161kai ir proti\u0161kai ne\u012fgali\u0173 vyr\u0173 ir moter\u0173 \u201eArkos\u201c Au\u0161ros bendruomen\u0117je Toronte, Kanadoje.<\/p>\n<p>Knyga\u00a0<strong>\u201eGyvenimo taur\u0117\u201c<\/strong>\u00a0i\u0161leista \u201eArkos\u201c bendruomen\u0117s jubiliejaus (50 met\u0173 pasaulyje ir 10 met\u0173 Lietuvoje) proga.<\/p>\n<ul class=\"about-product d-none d-xl-block mt-4\">\n<li><strong>Autorius:<\/strong>\u00a0Henri J. M. Nouwen<\/li>\n<li><strong>Leid\u0117jas:<\/strong>\u00a0Katalik\u0173 pasaulio leidiniai<\/li>\n<li><strong>Metai:<\/strong>\u00a02014<\/li>\n<li><strong>Puslapiai:<\/strong>\u00a0104<\/li>\n<li><strong>ISBN:<\/strong>\u00a09789955292524<\/li>\n<li><strong>Formatas:<\/strong>\u00a012,5 cm, mink\u0161ti vir\u0161eliai<\/li>\n<li><strong>Kalba:<\/strong>\u00a0Lietuvi\u0173<\/li>\n<li><strong>Vert\u0117jas:<\/strong>\u00a0Laimut\u0117 Pacevi\u010dien\u0117<\/li>\n<\/ul>\n","protected":false},"excerpt":{"rendered":"<p>J\u0117zus paklaus\u0117: \u201eAr galite gerti taur\u0119, kuri\u0105 a\u0161 gersiu?\u201c Jie atsak\u0117: \u201eGalime.\u201c Kaip j\u016bs atsakytum\u0117te \u012f \u0161\u012f J\u0117zaus klausim\u0105? Ar atsilieptum\u0117te \u012f Jo kvietim\u0105 i\u0161gerti savo gyvenimo taur\u0119 iki dugno? Gerti taur\u0119, kuri\u0105 g\u0117r\u0117 J\u0117zus, \u2013 tai gyventi J\u0117zaus Dvasios kupin\u0105 bes\u0105lygi\u0161kos meil\u0117s gyvenim\u0105. Knygoje\u00a0\u201eGyvenimo taur\u0117\u201c\u00a0kunigas\u00a0Henris J. M. Nouwenas\u00a0paprastai, ai\u0161kiai ir jausmingai atskleid\u017eia, kod\u0117l gyvenimo taur\u0119 \u2013 ir d\u017eiaugsm\u0105, ir skausm\u0105 \u2013 reikia i\u0161gerti iki dugno ir kaip tai padaryti. H. J. M. Nouwenas\u00a0para\u0161\u0117 daugiau kaip keturiasde\u0161imt knyg\u0173. Jis d\u0117st\u0117 Jeilio, Harvardo, Notr Damo universitetuose. Nuo 1986-\u0173j\u0173 iki mirties 1996 metais dirbo fizi\u0161kai ir proti\u0161kai ne\u012fgali\u0173 vyr\u0173 ir moter\u0173 \u201eArkos\u201c Au\u0161ros bendruomen\u0117je Toronte, Kanadoje. Knyga\u00a0\u201eGyvenimo taur\u0117\u201c\u00a0i\u0161leista \u201eArkos\u201c bendruomen\u0117s jubiliejaus (50 met\u0173 pasaulyje ir 10 met\u0173 Lietuvoje) proga. Autorius:\u00a0Henri J. M. Nouwen Leid\u0117jas:\u00a0Katalik\u0173 pasaulio leidiniai Metai:\u00a02014 Puslapiai:\u00a0104 ISBN:\u00a09789955292524 Formatas:\u00a012,5 cm, mink\u0161ti vir\u0161eliai Kalba:\u00a0Lietuvi\u0173 Vert\u0117jas:\u00a0Laimut\u0117 Pacevi\u010dien\u0117<\/p>\n","protected":false},"featured_media":13824,"comment_status":"open","ping_status":"closed","template":"","meta":{"_acf_changed":false,"site-sidebar-layout":"default","site-content-layout":"","ast-site-content-layout":"default","site-content-style":"default","site-sidebar-style":"default","ast-global-header-display":"","ast-banner-title-visibility":"","ast-main-header-display":"","ast-hfb-above-header-display":"","ast-hfb-below-header-display":"","ast-hfb-mobile-header-display":"","site-post-title":"","ast-breadcrumbs-content":"","ast-featured-img":"","footer-sml-layout":"","ast-disable-related-posts":"","theme-transparent-header-meta":"default","adv-header-id-meta":"","stick-header-meta":"","header-above-stick-meta":"","header-main-stick-meta":"","header-below-stick-meta":"","astra-migrate-meta-layouts":"set","ast-page-background-enabled":"default","ast-page-background-meta":{"desktop":{"background-color":"","background-image":"","background-repeat":"repeat","background-position":"center center","background-size":"auto","background-attachment":"scroll","background-type":"","background-media":"","overlay-type":"","overlay-color":"","overlay-opacity":"","overlay-gradient":""},"tablet":{"background-color":"","background-image":"","background-repeat":"repeat","background-position":"center center","background-size":"auto","background-attachment":"scroll","background-type":"","background-media":"","overlay-type":"","overlay-color":"","overlay-opacity":"","overlay-gradient":""},"mobile":{"background-color":"","background-image":"","background-repeat":"repeat","background-position":"center center","background-size":"auto","background-attachment":"scroll","background-type":"","background-media":"","overlay-type":"","overlay-color":"","overlay-opacity":"","overlay-gradient":""}},"ast-content-background-meta":{"desktop":{"background-color":"var(--ast-global-color-4)","background-image":"","background-repeat":"repeat","background-position":"center center","background-size":"auto","background-attachment":"scroll","background-type":"","background-media":"","overlay-type":"","overlay-color":"","overlay-opacity":"","overlay-gradient":""},"tablet":{"background-color":"var(--ast-global-color-4)","background-image":"","background-repeat":"repeat","background-position":"center center","background-size":"auto","background-attachment":"scroll","background-type":"","background-media":"","overlay-type":"","overlay-color":"","overlay-opacity":"","overlay-gradient":""},"mobile":{"background-color":"var(--ast-global-color-4)","background-image":"","background-repeat":"repeat","background-position":"center center","background-size":"auto","background-attachment":"scroll","background-type":"","background-media":"","overlay-type":"","overlay-color":"","overlay-opacity":"","overlay-gradient":""}}},"product_brand":[],"product_cat":[15,165],"product_tag":[],"class_list":{"0":"post-13814","1":"product","2":"type-product","3":"status-publish","4":"has-post-thumbnail","6":"product_cat-uncategorized","7":"product_cat-religija-filosofija-ir-ezoterika","8":"desktop-align-left","9":"tablet-align-left","10":"mobile-align-left","12":"first","13":"instock","14":"shipping-taxable","15":"purchasable","16":"product-type-simple"},"acf":[],"yoast_head":"<!-- This site is optimized with the Yoast SEO plugin v27.0 - https:\/\/yoast.com\/product\/yoast-seo-wordpress\/ -->\n<title>Henri J. M. Nouwen \u201eGyvenimo taur\u0117\u201c<\/title>\n<meta name=\"description\" content=\"J\u0117zus paklaus\u0117: \u201eAr galite gerti taur\u0119, kuri\u0105 a\u0161 gersiu?\u201c Jie atsak\u0117: \u201eGalime.\u201c Kaip j\u016bs atsakytum\u0117te \u012f \u0161\u012f J\u0117zaus klausim\u0105? Ar atsilieptum\u0117te \u012f Jo\" \/>\n<meta name=\"robots\" content=\"index, follow, max-snippet:-1, max-image-preview:large, max-video-preview:-1\" \/>\n<link rel=\"canonical\" href=\"https:\/\/skaitytaknyga.lt\/en\/produktas\/henri-j-m-nouwen-gyvenimo-taure\/\" \/>\n<meta property=\"og:locale\" content=\"en_GB\" \/>\n<meta property=\"og:locale:alternate\" content=\"lt_LT\" \/>\n<meta property=\"og:type\" content=\"article\" \/>\n<meta property=\"og:title\" content=\"Henri J. M. Nouwen \u201eGyvenimo taur\u0117\u201c\" \/>\n<meta property=\"og:description\" content=\"J\u0117zus paklaus\u0117: \u201eAr galite gerti taur\u0119, kuri\u0105 a\u0161 gersiu?\u201c Jie atsak\u0117: \u201eGalime.\u201c Kaip j\u016bs atsakytum\u0117te \u012f \u0161\u012f J\u0117zaus klausim\u0105? Ar atsilieptum\u0117te \u012f Jo\" \/>\n<meta property=\"og:url\" content=\"https:\/\/skaitytaknyga.lt\/en\/produktas\/henri-j-m-nouwen-gyvenimo-taure\/\" \/>\n<meta property=\"og:site_name\" content=\"Skaitytaknyga\" \/>\n<meta property=\"article:publisher\" content=\"https:\/\/www.facebook.com\/skaitytaknyga\/\" \/>\n<meta property=\"article:modified_time\" content=\"2024-09-10T07:31:09+00:00\" \/>\n<meta property=\"og:image\" content=\"https:\/\/skaitytaknyga.lt\/wp-content\/uploads\/2024\/09\/Gyvenimo-taure.webp\" \/>\n\t<meta property=\"og:image:width\" content=\"508\" \/>\n\t<meta property=\"og:image:height\" content=\"800\" \/>\n\t<meta property=\"og:image:type\" content=\"image\/webp\" \/>\n<meta name=\"twitter:card\" content=\"summary_large_image\" \/>\n<meta name=\"twitter:label1\" content=\"Estimated reading time\" \/>\n\t<meta name=\"twitter:data1\" content=\"1 minute\" \/>\n<script type=\"application\/ld+json\" class=\"yoast-schema-graph\">{\"@context\":\"https:\/\/schema.org\",\"@graph\":[{\"@type\":\"WebPage\",\"@id\":\"https:\/\/skaitytaknyga.lt\/produktas\/henri-j-m-nouwen-gyvenimo-taure\/\",\"url\":\"https:\/\/skaitytaknyga.lt\/produktas\/henri-j-m-nouwen-gyvenimo-taure\/\",\"name\":\"Henri J. M. Nouwen \u201eGyvenimo taur\u0117\u201c\",\"isPartOf\":{\"@id\":\"https:\/\/skaitytaknyga.lt\/#website\"},\"primaryImageOfPage\":{\"@id\":\"https:\/\/skaitytaknyga.lt\/produktas\/henri-j-m-nouwen-gyvenimo-taure\/#primaryimage\"},\"image\":{\"@id\":\"https:\/\/skaitytaknyga.lt\/produktas\/henri-j-m-nouwen-gyvenimo-taure\/#primaryimage\"},\"thumbnailUrl\":\"https:\/\/skaitytaknyga.lt\/wp-content\/uploads\/2024\/09\/Gyvenimo-taure.webp\",\"datePublished\":\"2024-04-10T06:18:27+00:00\",\"dateModified\":\"2024-09-10T07:31:09+00:00\",\"description\":\"J\u0117zus paklaus\u0117: \u201eAr galite gerti taur\u0119, kuri\u0105 a\u0161 gersiu?\u201c Jie atsak\u0117: \u201eGalime.\u201c Kaip j\u016bs atsakytum\u0117te \u012f \u0161\u012f J\u0117zaus klausim\u0105? Ar atsilieptum\u0117te \u012f Jo\",\"breadcrumb\":{\"@id\":\"https:\/\/skaitytaknyga.lt\/produktas\/henri-j-m-nouwen-gyvenimo-taure\/#breadcrumb\"},\"inLanguage\":\"en-GB\",\"potentialAction\":[{\"@type\":\"ReadAction\",\"target\":[\"https:\/\/skaitytaknyga.lt\/produktas\/henri-j-m-nouwen-gyvenimo-taure\/\"]}]},{\"@type\":\"ImageObject\",\"inLanguage\":\"en-GB\",\"@id\":\"https:\/\/skaitytaknyga.lt\/produktas\/henri-j-m-nouwen-gyvenimo-taure\/#primaryimage\",\"url\":\"https:\/\/skaitytaknyga.lt\/wp-content\/uploads\/2024\/09\/Gyvenimo-taure.webp\",\"contentUrl\":\"https:\/\/skaitytaknyga.lt\/wp-content\/uploads\/2024\/09\/Gyvenimo-taure.webp\",\"width\":508,\"height\":800,\"caption\":\"Henri J. M. Nouwen \u201eGyvenimo taur\u0117\u201c\"},{\"@type\":\"BreadcrumbList\",\"@id\":\"https:\/\/skaitytaknyga.lt\/produktas\/henri-j-m-nouwen-gyvenimo-taure\/#breadcrumb\",\"itemListElement\":[{\"@type\":\"ListItem\",\"position\":1,\"name\":\"Home\",\"item\":\"https:\/\/skaitytaknyga.lt\/\"},{\"@type\":\"ListItem\",\"position\":2,\"name\":\"Parduotuv\u0117\",\"item\":\"https:\/\/skaitytaknyga.lt\/knygu-parduotuve\/\"},{\"@type\":\"ListItem\",\"position\":3,\"name\":\"Henri J. M. Nouwen \u201eGyvenimo taur\u0117\u201c\"}]},{\"@type\":\"WebSite\",\"@id\":\"https:\/\/skaitytaknyga.lt\/#website\",\"url\":\"https:\/\/skaitytaknyga.lt\/\",\"name\":\"skaitytaknyga.lt\",\"description\":\"Skaitytaknyga.lt \u2013 tai ma\u017eas \u0161eimos verslas, kuris prasid\u0117jo nuo meil\u0117s knygoms ir siekio i\u0161gelb\u0117ti knygas nuo likimo prie konteinerio. Kas vienam nereikalingas daiktas \u2013 kitam lobis, o mes esame tarpininkai, kurie padeda abiems tapti laimingesniems ???? \u017dinome kaip nelengva i\u0161gyventi ma\u017eiems verslams, tad nuo \u0161iol, \u010dia rasite ir kit\u0173, ma\u017e\u0173 \u0161eim\u0173 versl\u0173, rank\u0173 darbo, dovan\u0173 sau ir artimiesiems.\",\"publisher\":{\"@id\":\"https:\/\/skaitytaknyga.lt\/#organization\"},\"potentialAction\":[{\"@type\":\"SearchAction\",\"target\":{\"@type\":\"EntryPoint\",\"urlTemplate\":\"https:\/\/skaitytaknyga.lt\/?s={search_term_string}\"},\"query-input\":{\"@type\":\"PropertyValueSpecification\",\"valueRequired\":true,\"valueName\":\"search_term_string\"}}],\"inLanguage\":\"en-GB\"},{\"@type\":\"Organization\",\"@id\":\"https:\/\/skaitytaknyga.lt\/#organization\",\"name\":\"skaitytaknyga.lt\",\"url\":\"https:\/\/skaitytaknyga.lt\/\",\"logo\":{\"@type\":\"ImageObject\",\"inLanguage\":\"en-GB\",\"@id\":\"https:\/\/skaitytaknyga.lt\/#\/schema\/logo\/image\/\",\"url\":\"https:\/\/skaitytaknyga.lt\/wp-content\/uploads\/2024\/05\/cropped-cropped-cropped-02_00843_jt3bggkj1j3HLc7SyY6rEUpg.jpeg\",\"contentUrl\":\"https:\/\/skaitytaknyga.lt\/wp-content\/uploads\/2024\/05\/cropped-cropped-cropped-02_00843_jt3bggkj1j3HLc7SyY6rEUpg.jpeg\",\"width\":1600,\"height\":1600,\"caption\":\"skaitytaknyga.lt\"},\"image\":{\"@id\":\"https:\/\/skaitytaknyga.lt\/#\/schema\/logo\/image\/\"},\"sameAs\":[\"https:\/\/www.facebook.com\/skaitytaknyga\/\"]}]}<\/script>\n<!-- \/ Yoast SEO plugin. -->","yoast_head_json":{"title":"Henri J. M. Nouwen \u201eGyvenimo taur\u0117\u201c","description":"J\u0117zus paklaus\u0117: \u201eAr galite gerti taur\u0119, kuri\u0105 a\u0161 gersiu?\u201c Jie atsak\u0117: \u201eGalime.\u201c Kaip j\u016bs atsakytum\u0117te \u012f \u0161\u012f J\u0117zaus klausim\u0105? Ar atsilieptum\u0117te \u012f Jo","robots":{"index":"index","follow":"follow","max-snippet":"max-snippet:-1","max-image-preview":"max-image-preview:large","max-video-preview":"max-video-preview:-1"},"canonical":"https:\/\/skaitytaknyga.lt\/en\/produktas\/henri-j-m-nouwen-gyvenimo-taure\/","og_locale":"en_GB","og_type":"article","og_title":"[:lt]Henri J. M. Nouwen \u201eGyvenimo taur\u0117\u201c[:] - Skaitytaknyga","og_description":"J\u0117zus paklaus\u0117: \u201eAr galite gerti taur\u0119, kuri\u0105 a\u0161 gersiu?\u201c Jie atsak\u0117: \u201eGalime.\u201c Kaip j\u016bs atsakytum\u0117te \u012f \u0161\u012f J\u0117zaus klausim\u0105? Ar atsilieptum\u0117te \u012f Jo","og_url":"https:\/\/skaitytaknyga.lt\/en\/produktas\/henri-j-m-nouwen-gyvenimo-taure\/","og_site_name":"Skaitytaknyga","article_publisher":"https:\/\/www.facebook.com\/skaitytaknyga\/","article_modified_time":"2024-09-10T07:31:09+00:00","og_image":[{"width":508,"height":800,"url":"https:\/\/skaitytaknyga.lt\/wp-content\/uploads\/2024\/09\/Gyvenimo-taure.webp","type":"image\/webp"}],"twitter_card":"summary_large_image","twitter_misc":{"Estimated reading time":"1 minute"},"schema":{"@context":"https:\/\/schema.org","@graph":[{"@type":"WebPage","@id":"https:\/\/skaitytaknyga.lt\/produktas\/henri-j-m-nouwen-gyvenimo-taure\/","url":"https:\/\/skaitytaknyga.lt\/produktas\/henri-j-m-nouwen-gyvenimo-taure\/","name":"Henri J. M. Nouwen \u201eGyvenimo taur\u0117\u201c","isPartOf":{"@id":"https:\/\/skaitytaknyga.lt\/#website"},"primaryImageOfPage":{"@id":"https:\/\/skaitytaknyga.lt\/produktas\/henri-j-m-nouwen-gyvenimo-taure\/#primaryimage"},"image":{"@id":"https:\/\/skaitytaknyga.lt\/produktas\/henri-j-m-nouwen-gyvenimo-taure\/#primaryimage"},"thumbnailUrl":"https:\/\/skaitytaknyga.lt\/wp-content\/uploads\/2024\/09\/Gyvenimo-taure.webp","datePublished":"2024-04-10T06:18:27+00:00","dateModified":"2024-09-10T07:31:09+00:00","description":"J\u0117zus paklaus\u0117: \u201eAr galite gerti taur\u0119, kuri\u0105 a\u0161 gersiu?\u201c Jie atsak\u0117: \u201eGalime.\u201c Kaip j\u016bs atsakytum\u0117te \u012f \u0161\u012f J\u0117zaus klausim\u0105? Ar atsilieptum\u0117te \u012f Jo","breadcrumb":{"@id":"https:\/\/skaitytaknyga.lt\/produktas\/henri-j-m-nouwen-gyvenimo-taure\/#breadcrumb"},"inLanguage":"en-GB","potentialAction":[{"@type":"ReadAction","target":["https:\/\/skaitytaknyga.lt\/produktas\/henri-j-m-nouwen-gyvenimo-taure\/"]}]},{"@type":"ImageObject","inLanguage":"en-GB","@id":"https:\/\/skaitytaknyga.lt\/produktas\/henri-j-m-nouwen-gyvenimo-taure\/#primaryimage","url":"https:\/\/skaitytaknyga.lt\/wp-content\/uploads\/2024\/09\/Gyvenimo-taure.webp","contentUrl":"https:\/\/skaitytaknyga.lt\/wp-content\/uploads\/2024\/09\/Gyvenimo-taure.webp","width":508,"height":800,"caption":"Henri J. M. Nouwen \u201eGyvenimo taur\u0117\u201c"},{"@type":"BreadcrumbList","@id":"https:\/\/skaitytaknyga.lt\/produktas\/henri-j-m-nouwen-gyvenimo-taure\/#breadcrumb","itemListElement":[{"@type":"ListItem","position":1,"name":"Home","item":"https:\/\/skaitytaknyga.lt\/"},{"@type":"ListItem","position":2,"name":"Parduotuv\u0117","item":"https:\/\/skaitytaknyga.lt\/knygu-parduotuve\/"},{"@type":"ListItem","position":3,"name":"Henri J. M. Nouwen \u201eGyvenimo taur\u0117\u201c"}]},{"@type":"WebSite","@id":"https:\/\/skaitytaknyga.lt\/#website","url":"https:\/\/skaitytaknyga.lt\/","name":"skaitytaknyga.lt","description":"Skaitytaknyga.lt \u2013 tai ma\u017eas \u0161eimos verslas, kuris prasid\u0117jo nuo meil\u0117s knygoms ir siekio i\u0161gelb\u0117ti knygas nuo likimo prie konteinerio. Kas vienam nereikalingas daiktas \u2013 kitam lobis, o mes esame tarpininkai, kurie padeda abiems tapti laimingesniems ???? \u017dinome kaip nelengva i\u0161gyventi ma\u017eiems verslams, tad nuo \u0161iol, \u010dia rasite ir kit\u0173, ma\u017e\u0173 \u0161eim\u0173 versl\u0173, rank\u0173 darbo, dovan\u0173 sau ir artimiesiems.","publisher":{"@id":"https:\/\/skaitytaknyga.lt\/#organization"},"potentialAction":[{"@type":"SearchAction","target":{"@type":"EntryPoint","urlTemplate":"https:\/\/skaitytaknyga.lt\/?s={search_term_string}"},"query-input":{"@type":"PropertyValueSpecification","valueRequired":true,"valueName":"search_term_string"}}],"inLanguage":"en-GB"},{"@type":"Organization","@id":"https:\/\/skaitytaknyga.lt\/#organization","name":"skaitytaknyga.lt","url":"https:\/\/skaitytaknyga.lt\/","logo":{"@type":"ImageObject","inLanguage":"en-GB","@id":"https:\/\/skaitytaknyga.lt\/#\/schema\/logo\/image\/","url":"https:\/\/skaitytaknyga.lt\/wp-content\/uploads\/2024\/05\/cropped-cropped-cropped-02_00843_jt3bggkj1j3HLc7SyY6rEUpg.jpeg","contentUrl":"https:\/\/skaitytaknyga.lt\/wp-content\/uploads\/2024\/05\/cropped-cropped-cropped-02_00843_jt3bggkj1j3HLc7SyY6rEUpg.jpeg","width":1600,"height":1600,"caption":"skaitytaknyga.lt"},"image":{"@id":"https:\/\/skaitytaknyga.lt\/#\/schema\/logo\/image\/"},"sameAs":["https:\/\/www.facebook.com\/skaitytaknyga\/"]}]}},"_links":{"self":[{"href":"https:\/\/skaitytaknyga.lt\/en\/wp-json\/wp\/v2\/product\/13814","targetHints":{"allow":["GET"]}}],"collection":[{"href":"https:\/\/skaitytaknyga.lt\/en\/wp-json\/wp\/v2\/product"}],"about":[{"href":"https:\/\/skaitytaknyga.lt\/en\/wp-json\/wp\/v2\/types\/product"}],"replies":[{"embeddable":true,"href":"https:\/\/skaitytaknyga.lt\/en\/wp-json\/wp\/v2\/comments?post=13814"}],"wp:featuredmedia":[{"embeddable":true,"href":"https:\/\/skaitytaknyga.lt\/en\/wp-json\/wp\/v2\/media\/13824"}],"wp:attachment":[{"href":"https:\/\/skaitytaknyga.lt\/en\/wp-json\/wp\/v2\/media?parent=13814"}],"wp:term":[{"taxonomy":"product_brand","embeddable":true,"href":"https:\/\/skaitytaknyga.lt\/en\/wp-json\/wp\/v2\/product_brand?post=13814"},{"taxonomy":"product_cat","embeddable":true,"href":"https:\/\/skaitytaknyga.lt\/en\/wp-json\/wp\/v2\/product_cat?post=13814"},{"taxonomy":"product_tag","embeddable":true,"href":"https:\/\/skaitytaknyga.lt\/en\/wp-json\/wp\/v2\/product_tag?post=13814"}],"curies":[{"name":"wp","href":"https:\/\/api.w.org\/{rel}","templated":true}]}}