{"id":13812,"date":"2024-04-10T09:18:27","date_gmt":"2024-04-10T06:18:27","guid":{"rendered":"https:\/\/skaitytaknyga.lt\/?post_type=product&#038;p=13812"},"modified":"2025-09-13T06:55:29","modified_gmt":"2025-09-13T03:55:29","slug":"joseph-ratzinger-benediktas-xvi-liturgijos-dvasia","status":"publish","type":"product","link":"https:\/\/skaitytaknyga.lt\/en\/produktas\/joseph-ratzinger-benediktas-xvi-liturgijos-dvasia\/","title":{"rendered":"Joseph Ratzinger\/Benediktas XVI \u201eLiturgijos dvasia\u201c"},"content":{"rendered":"<p>\u201eMan r\u016bpi ne moksliniai gin\u010dai ar tyrimai, bet pastangos pad\u0117ti suprasti tik\u0117jim\u0105 ir deramai \u012fgyvendinti jo pagrind\u0105 liturgijoje.\u201c<\/p>\n<p><em>Joseph Ratzinger, popie\u017eius Benediktas XVI<\/em><\/p>\n<p>\u201eKnygoje kalbama ne tik apie architekt\u016bros, maldos atsigr\u0119\u017eus \u012f rytus, kry\u017eiaus \u017eenklo, paveiksl\u0173 ir muzikos, kl\u016bp\u0117jimo, stov\u0117jimo ir s\u0117d\u0117jimo reik\u0161m\u0119, bet ir apie judaizmo ir krik\u0161\u010dionyb\u0117s, sinagogos ir\u00a0<em>Ecclesia<\/em>, keliaujan\u010dios ir dangi\u0161kosios Ba\u017eny\u010dios vidin\u012f ry\u0161\u012f.\u201c<\/p>\n<p><em>Frankfurter Allgemeine Zeitung<\/em><\/p>\n<p>Liturgija yra gaivinanti Ba\u017eny\u010dios \u0161erdis ir krik\u0161\u010dioni\u0161ko gyvenimo centras. Knygoje aptariamas i\u0161 naujo atrastas liturgijos gro\u017eis, joje gl\u016bdintys turtai, epochas pranokstanti didyb\u0117, jos pavidalas, ry\u0161ys su laiku, erdve ir menu.<\/p>\n<ul class=\"about-product d-none d-xl-block mt-4\">\n<li><strong>Autorius:<\/strong>\u00a0Joseph Ratzinger\/Benediktas XVI<\/li>\n<li><strong>Leid\u0117jas:<\/strong>\u00a0Katalik\u0173 pasaulio leidiniai<\/li>\n<li><strong>Metai:<\/strong>\u00a02012<\/li>\n<li><strong>Puslapiai:<\/strong>\u00a0192<\/li>\n<li><strong>ISBN:<\/strong>\u00a09789955291947<\/li>\n<li><strong>Formatas:<\/strong>\u00a014,5 x 22 cm, kieti vir\u0161eliai<\/li>\n<li><strong>Kalba:<\/strong>\u00a0Lietuvi\u0173<\/li>\n<li><strong>Vert\u0117jas:<\/strong>\u00a0Gediminas \u017dukas<\/li>\n<\/ul>\n","protected":false},"excerpt":{"rendered":"<p>\u201eMan r\u016bpi ne moksliniai gin\u010dai ar tyrimai, bet pastangos pad\u0117ti suprasti tik\u0117jim\u0105 ir deramai \u012fgyvendinti jo pagrind\u0105 liturgijoje.\u201c Joseph Ratzinger, popie\u017eius Benediktas XVI \u201eKnygoje kalbama ne tik apie architekt\u016bros, maldos atsigr\u0119\u017eus \u012f rytus, kry\u017eiaus \u017eenklo, paveiksl\u0173 ir muzikos, kl\u016bp\u0117jimo, stov\u0117jimo ir s\u0117d\u0117jimo reik\u0161m\u0119, bet ir apie judaizmo ir krik\u0161\u010dionyb\u0117s, sinagogos ir\u00a0Ecclesia, keliaujan\u010dios ir dangi\u0161kosios Ba\u017eny\u010dios vidin\u012f ry\u0161\u012f.\u201c Frankfurter Allgemeine Zeitung Liturgija yra gaivinanti Ba\u017eny\u010dios \u0161erdis ir krik\u0161\u010dioni\u0161ko gyvenimo centras. Knygoje aptariamas i\u0161 naujo atrastas liturgijos gro\u017eis, joje gl\u016bdintys turtai, epochas pranokstanti didyb\u0117, jos pavidalas, ry\u0161ys su laiku, erdve ir menu. Autorius:\u00a0Joseph Ratzinger\/Benediktas XVI Leid\u0117jas:\u00a0Katalik\u0173 pasaulio leidiniai Metai:\u00a02012 Puslapiai:\u00a0192 ISBN:\u00a09789955291947 Formatas:\u00a014,5 x 22 cm, kieti vir\u0161eliai Kalba:\u00a0Lietuvi\u0173 Vert\u0117jas:\u00a0Gediminas \u017dukas<\/p>\n","protected":false},"featured_media":13825,"comment_status":"open","ping_status":"closed","template":"","meta":{"_acf_changed":false,"site-sidebar-layout":"default","site-content-layout":"","ast-site-content-layout":"default","site-content-style":"default","site-sidebar-style":"default","ast-global-header-display":"","ast-banner-title-visibility":"","ast-main-header-display":"","ast-hfb-above-header-display":"","ast-hfb-below-header-display":"","ast-hfb-mobile-header-display":"","site-post-title":"","ast-breadcrumbs-content":"","ast-featured-img":"","footer-sml-layout":"","ast-disable-related-posts":"","theme-transparent-header-meta":"default","adv-header-id-meta":"","stick-header-meta":"","header-above-stick-meta":"","header-main-stick-meta":"","header-below-stick-meta":"","astra-migrate-meta-layouts":"set","ast-page-background-enabled":"default","ast-page-background-meta":{"desktop":{"background-color":"","background-image":"","background-repeat":"repeat","background-position":"center center","background-size":"auto","background-attachment":"scroll","background-type":"","background-media":"","overlay-type":"","overlay-color":"","overlay-opacity":"","overlay-gradient":""},"tablet":{"background-color":"","background-image":"","background-repeat":"repeat","background-position":"center center","background-size":"auto","background-attachment":"scroll","background-type":"","background-media":"","overlay-type":"","overlay-color":"","overlay-opacity":"","overlay-gradient":""},"mobile":{"background-color":"","background-image":"","background-repeat":"repeat","background-position":"center center","background-size":"auto","background-attachment":"scroll","background-type":"","background-media":"","overlay-type":"","overlay-color":"","overlay-opacity":"","overlay-gradient":""}},"ast-content-background-meta":{"desktop":{"background-color":"var(--ast-global-color-4)","background-image":"","background-repeat":"repeat","background-position":"center center","background-size":"auto","background-attachment":"scroll","background-type":"","background-media":"","overlay-type":"","overlay-color":"","overlay-opacity":"","overlay-gradient":""},"tablet":{"background-color":"var(--ast-global-color-4)","background-image":"","background-repeat":"repeat","background-position":"center center","background-size":"auto","background-attachment":"scroll","background-type":"","background-media":"","overlay-type":"","overlay-color":"","overlay-opacity":"","overlay-gradient":""},"mobile":{"background-color":"var(--ast-global-color-4)","background-image":"","background-repeat":"repeat","background-position":"center center","background-size":"auto","background-attachment":"scroll","background-type":"","background-media":"","overlay-type":"","overlay-color":"","overlay-opacity":"","overlay-gradient":""}}},"product_brand":[],"product_cat":[15,165],"product_tag":[],"class_list":{"0":"post-13812","1":"product","2":"type-product","3":"status-publish","4":"has-post-thumbnail","6":"product_cat-uncategorized","7":"product_cat-religija-filosofija-ir-ezoterika","8":"desktop-align-left","9":"tablet-align-left","10":"mobile-align-left","12":"first","13":"outofstock","14":"shipping-taxable","15":"purchasable","16":"product-type-simple"},"acf":[],"yoast_head":"<!-- This site is optimized with the Yoast SEO plugin v27.0 - https:\/\/yoast.com\/product\/yoast-seo-wordpress\/ -->\n<title>Joseph Ratzinger\/Benediktas XVI \u201eLiturgijos dvasia\u201c<\/title>\n<meta name=\"description\" content=\"\u201eMan r\u016bpi ne moksliniai gin\u010dai ar tyrimai, bet pastangos pad\u0117ti suprasti tik\u0117jim\u0105 ir deramai \u012fgyvendinti jo pagrind\u0105 liturgijoje.\u201c Joseph Ratzinger,\" \/>\n<meta name=\"robots\" content=\"index, follow, max-snippet:-1, max-image-preview:large, max-video-preview:-1\" \/>\n<link rel=\"canonical\" href=\"https:\/\/skaitytaknyga.lt\/en\/produktas\/joseph-ratzinger-benediktas-xvi-liturgijos-dvasia\/\" \/>\n<meta property=\"og:locale\" content=\"en_GB\" \/>\n<meta property=\"og:locale:alternate\" content=\"lt_LT\" \/>\n<meta property=\"og:type\" content=\"article\" \/>\n<meta property=\"og:title\" content=\"Joseph Ratzinger\/Benediktas XVI \u201eLiturgijos dvasia\u201c\" \/>\n<meta property=\"og:description\" content=\"\u201eMan r\u016bpi ne moksliniai gin\u010dai ar tyrimai, bet pastangos pad\u0117ti suprasti tik\u0117jim\u0105 ir deramai \u012fgyvendinti jo pagrind\u0105 liturgijoje.\u201c Joseph Ratzinger,\" \/>\n<meta property=\"og:url\" content=\"https:\/\/skaitytaknyga.lt\/en\/produktas\/joseph-ratzinger-benediktas-xvi-liturgijos-dvasia\/\" \/>\n<meta property=\"og:site_name\" content=\"Skaitytaknyga\" \/>\n<meta property=\"article:publisher\" content=\"https:\/\/www.facebook.com\/skaitytaknyga\/\" \/>\n<meta property=\"article:modified_time\" content=\"2025-09-13T03:55:29+00:00\" \/>\n<meta property=\"og:image\" content=\"https:\/\/skaitytaknyga.lt\/wp-content\/uploads\/2024\/09\/Liturgijos-dvasia.webp\" \/>\n\t<meta property=\"og:image:width\" content=\"520\" \/>\n\t<meta property=\"og:image:height\" content=\"800\" \/>\n\t<meta property=\"og:image:type\" content=\"image\/webp\" \/>\n<meta name=\"twitter:card\" content=\"summary_large_image\" \/>\n<meta name=\"twitter:label1\" content=\"Estimated reading time\" \/>\n\t<meta name=\"twitter:data1\" content=\"1 minute\" \/>\n<script type=\"application\/ld+json\" class=\"yoast-schema-graph\">{\"@context\":\"https:\/\/schema.org\",\"@graph\":[{\"@type\":\"WebPage\",\"@id\":\"https:\/\/skaitytaknyga.lt\/produktas\/joseph-ratzinger-benediktas-xvi-liturgijos-dvasia\/\",\"url\":\"https:\/\/skaitytaknyga.lt\/produktas\/joseph-ratzinger-benediktas-xvi-liturgijos-dvasia\/\",\"name\":\"Joseph Ratzinger\/Benediktas XVI \u201eLiturgijos dvasia\u201c\",\"isPartOf\":{\"@id\":\"https:\/\/skaitytaknyga.lt\/#website\"},\"primaryImageOfPage\":{\"@id\":\"https:\/\/skaitytaknyga.lt\/produktas\/joseph-ratzinger-benediktas-xvi-liturgijos-dvasia\/#primaryimage\"},\"image\":{\"@id\":\"https:\/\/skaitytaknyga.lt\/produktas\/joseph-ratzinger-benediktas-xvi-liturgijos-dvasia\/#primaryimage\"},\"thumbnailUrl\":\"https:\/\/skaitytaknyga.lt\/wp-content\/uploads\/2024\/09\/Liturgijos-dvasia.webp\",\"datePublished\":\"2024-04-10T06:18:27+00:00\",\"dateModified\":\"2025-09-13T03:55:29+00:00\",\"description\":\"\u201eMan r\u016bpi ne moksliniai gin\u010dai ar tyrimai, bet pastangos pad\u0117ti suprasti tik\u0117jim\u0105 ir deramai \u012fgyvendinti jo pagrind\u0105 liturgijoje.\u201c Joseph Ratzinger,\",\"breadcrumb\":{\"@id\":\"https:\/\/skaitytaknyga.lt\/produktas\/joseph-ratzinger-benediktas-xvi-liturgijos-dvasia\/#breadcrumb\"},\"inLanguage\":\"en-GB\",\"potentialAction\":[{\"@type\":\"ReadAction\",\"target\":[\"https:\/\/skaitytaknyga.lt\/produktas\/joseph-ratzinger-benediktas-xvi-liturgijos-dvasia\/\"]}]},{\"@type\":\"ImageObject\",\"inLanguage\":\"en-GB\",\"@id\":\"https:\/\/skaitytaknyga.lt\/produktas\/joseph-ratzinger-benediktas-xvi-liturgijos-dvasia\/#primaryimage\",\"url\":\"https:\/\/skaitytaknyga.lt\/wp-content\/uploads\/2024\/09\/Liturgijos-dvasia.webp\",\"contentUrl\":\"https:\/\/skaitytaknyga.lt\/wp-content\/uploads\/2024\/09\/Liturgijos-dvasia.webp\",\"width\":520,\"height\":800,\"caption\":\"Joseph Ratzinger\/Benediktas XVI \u201eLiturgijos dvasia\u201c\"},{\"@type\":\"BreadcrumbList\",\"@id\":\"https:\/\/skaitytaknyga.lt\/produktas\/joseph-ratzinger-benediktas-xvi-liturgijos-dvasia\/#breadcrumb\",\"itemListElement\":[{\"@type\":\"ListItem\",\"position\":1,\"name\":\"Home\",\"item\":\"https:\/\/skaitytaknyga.lt\/\"},{\"@type\":\"ListItem\",\"position\":2,\"name\":\"Parduotuv\u0117\",\"item\":\"https:\/\/skaitytaknyga.lt\/knygu-parduotuve\/\"},{\"@type\":\"ListItem\",\"position\":3,\"name\":\"Joseph Ratzinger\/Benediktas XVI \u201eLiturgijos dvasia\u201c\"}]},{\"@type\":\"WebSite\",\"@id\":\"https:\/\/skaitytaknyga.lt\/#website\",\"url\":\"https:\/\/skaitytaknyga.lt\/\",\"name\":\"skaitytaknyga.lt\",\"description\":\"Skaitytaknyga.lt \u2013 tai ma\u017eas \u0161eimos verslas, kuris prasid\u0117jo nuo meil\u0117s knygoms ir siekio i\u0161gelb\u0117ti knygas nuo likimo prie konteinerio. Kas vienam nereikalingas daiktas \u2013 kitam lobis, o mes esame tarpininkai, kurie padeda abiems tapti laimingesniems ???? \u017dinome kaip nelengva i\u0161gyventi ma\u017eiems verslams, tad nuo \u0161iol, \u010dia rasite ir kit\u0173, ma\u017e\u0173 \u0161eim\u0173 versl\u0173, rank\u0173 darbo, dovan\u0173 sau ir artimiesiems.\",\"publisher\":{\"@id\":\"https:\/\/skaitytaknyga.lt\/#organization\"},\"potentialAction\":[{\"@type\":\"SearchAction\",\"target\":{\"@type\":\"EntryPoint\",\"urlTemplate\":\"https:\/\/skaitytaknyga.lt\/?s={search_term_string}\"},\"query-input\":{\"@type\":\"PropertyValueSpecification\",\"valueRequired\":true,\"valueName\":\"search_term_string\"}}],\"inLanguage\":\"en-GB\"},{\"@type\":\"Organization\",\"@id\":\"https:\/\/skaitytaknyga.lt\/#organization\",\"name\":\"skaitytaknyga.lt\",\"url\":\"https:\/\/skaitytaknyga.lt\/\",\"logo\":{\"@type\":\"ImageObject\",\"inLanguage\":\"en-GB\",\"@id\":\"https:\/\/skaitytaknyga.lt\/#\/schema\/logo\/image\/\",\"url\":\"https:\/\/skaitytaknyga.lt\/wp-content\/uploads\/2024\/05\/cropped-cropped-cropped-02_00843_jt3bggkj1j3HLc7SyY6rEUpg.jpeg\",\"contentUrl\":\"https:\/\/skaitytaknyga.lt\/wp-content\/uploads\/2024\/05\/cropped-cropped-cropped-02_00843_jt3bggkj1j3HLc7SyY6rEUpg.jpeg\",\"width\":1600,\"height\":1600,\"caption\":\"skaitytaknyga.lt\"},\"image\":{\"@id\":\"https:\/\/skaitytaknyga.lt\/#\/schema\/logo\/image\/\"},\"sameAs\":[\"https:\/\/www.facebook.com\/skaitytaknyga\/\"]}]}<\/script>\n<!-- \/ Yoast SEO plugin. -->","yoast_head_json":{"title":"Joseph Ratzinger\/Benediktas XVI \u201eLiturgijos dvasia\u201c","description":"\u201eMan r\u016bpi ne moksliniai gin\u010dai ar tyrimai, bet pastangos pad\u0117ti suprasti tik\u0117jim\u0105 ir deramai \u012fgyvendinti jo pagrind\u0105 liturgijoje.\u201c Joseph Ratzinger,","robots":{"index":"index","follow":"follow","max-snippet":"max-snippet:-1","max-image-preview":"max-image-preview:large","max-video-preview":"max-video-preview:-1"},"canonical":"https:\/\/skaitytaknyga.lt\/en\/produktas\/joseph-ratzinger-benediktas-xvi-liturgijos-dvasia\/","og_locale":"en_GB","og_type":"article","og_title":"[:lt]Joseph Ratzinger\/Benediktas XVI \u201eLiturgijos dvasia\u201c[:] - Skaitytaknyga","og_description":"\u201eMan r\u016bpi ne moksliniai gin\u010dai ar tyrimai, bet pastangos pad\u0117ti suprasti tik\u0117jim\u0105 ir deramai \u012fgyvendinti jo pagrind\u0105 liturgijoje.\u201c Joseph Ratzinger,","og_url":"https:\/\/skaitytaknyga.lt\/en\/produktas\/joseph-ratzinger-benediktas-xvi-liturgijos-dvasia\/","og_site_name":"Skaitytaknyga","article_publisher":"https:\/\/www.facebook.com\/skaitytaknyga\/","article_modified_time":"2025-09-13T03:55:29+00:00","og_image":[{"width":520,"height":800,"url":"https:\/\/skaitytaknyga.lt\/wp-content\/uploads\/2024\/09\/Liturgijos-dvasia.webp","type":"image\/webp"}],"twitter_card":"summary_large_image","twitter_misc":{"Estimated reading time":"1 minute"},"schema":{"@context":"https:\/\/schema.org","@graph":[{"@type":"WebPage","@id":"https:\/\/skaitytaknyga.lt\/produktas\/joseph-ratzinger-benediktas-xvi-liturgijos-dvasia\/","url":"https:\/\/skaitytaknyga.lt\/produktas\/joseph-ratzinger-benediktas-xvi-liturgijos-dvasia\/","name":"Joseph Ratzinger\/Benediktas XVI \u201eLiturgijos dvasia\u201c","isPartOf":{"@id":"https:\/\/skaitytaknyga.lt\/#website"},"primaryImageOfPage":{"@id":"https:\/\/skaitytaknyga.lt\/produktas\/joseph-ratzinger-benediktas-xvi-liturgijos-dvasia\/#primaryimage"},"image":{"@id":"https:\/\/skaitytaknyga.lt\/produktas\/joseph-ratzinger-benediktas-xvi-liturgijos-dvasia\/#primaryimage"},"thumbnailUrl":"https:\/\/skaitytaknyga.lt\/wp-content\/uploads\/2024\/09\/Liturgijos-dvasia.webp","datePublished":"2024-04-10T06:18:27+00:00","dateModified":"2025-09-13T03:55:29+00:00","description":"\u201eMan r\u016bpi ne moksliniai gin\u010dai ar tyrimai, bet pastangos pad\u0117ti suprasti tik\u0117jim\u0105 ir deramai \u012fgyvendinti jo pagrind\u0105 liturgijoje.\u201c Joseph Ratzinger,","breadcrumb":{"@id":"https:\/\/skaitytaknyga.lt\/produktas\/joseph-ratzinger-benediktas-xvi-liturgijos-dvasia\/#breadcrumb"},"inLanguage":"en-GB","potentialAction":[{"@type":"ReadAction","target":["https:\/\/skaitytaknyga.lt\/produktas\/joseph-ratzinger-benediktas-xvi-liturgijos-dvasia\/"]}]},{"@type":"ImageObject","inLanguage":"en-GB","@id":"https:\/\/skaitytaknyga.lt\/produktas\/joseph-ratzinger-benediktas-xvi-liturgijos-dvasia\/#primaryimage","url":"https:\/\/skaitytaknyga.lt\/wp-content\/uploads\/2024\/09\/Liturgijos-dvasia.webp","contentUrl":"https:\/\/skaitytaknyga.lt\/wp-content\/uploads\/2024\/09\/Liturgijos-dvasia.webp","width":520,"height":800,"caption":"Joseph Ratzinger\/Benediktas XVI \u201eLiturgijos dvasia\u201c"},{"@type":"BreadcrumbList","@id":"https:\/\/skaitytaknyga.lt\/produktas\/joseph-ratzinger-benediktas-xvi-liturgijos-dvasia\/#breadcrumb","itemListElement":[{"@type":"ListItem","position":1,"name":"Home","item":"https:\/\/skaitytaknyga.lt\/"},{"@type":"ListItem","position":2,"name":"Parduotuv\u0117","item":"https:\/\/skaitytaknyga.lt\/knygu-parduotuve\/"},{"@type":"ListItem","position":3,"name":"Joseph Ratzinger\/Benediktas XVI \u201eLiturgijos dvasia\u201c"}]},{"@type":"WebSite","@id":"https:\/\/skaitytaknyga.lt\/#website","url":"https:\/\/skaitytaknyga.lt\/","name":"skaitytaknyga.lt","description":"Skaitytaknyga.lt \u2013 tai ma\u017eas \u0161eimos verslas, kuris prasid\u0117jo nuo meil\u0117s knygoms ir siekio i\u0161gelb\u0117ti knygas nuo likimo prie konteinerio. Kas vienam nereikalingas daiktas \u2013 kitam lobis, o mes esame tarpininkai, kurie padeda abiems tapti laimingesniems ???? \u017dinome kaip nelengva i\u0161gyventi ma\u017eiems verslams, tad nuo \u0161iol, \u010dia rasite ir kit\u0173, ma\u017e\u0173 \u0161eim\u0173 versl\u0173, rank\u0173 darbo, dovan\u0173 sau ir artimiesiems.","publisher":{"@id":"https:\/\/skaitytaknyga.lt\/#organization"},"potentialAction":[{"@type":"SearchAction","target":{"@type":"EntryPoint","urlTemplate":"https:\/\/skaitytaknyga.lt\/?s={search_term_string}"},"query-input":{"@type":"PropertyValueSpecification","valueRequired":true,"valueName":"search_term_string"}}],"inLanguage":"en-GB"},{"@type":"Organization","@id":"https:\/\/skaitytaknyga.lt\/#organization","name":"skaitytaknyga.lt","url":"https:\/\/skaitytaknyga.lt\/","logo":{"@type":"ImageObject","inLanguage":"en-GB","@id":"https:\/\/skaitytaknyga.lt\/#\/schema\/logo\/image\/","url":"https:\/\/skaitytaknyga.lt\/wp-content\/uploads\/2024\/05\/cropped-cropped-cropped-02_00843_jt3bggkj1j3HLc7SyY6rEUpg.jpeg","contentUrl":"https:\/\/skaitytaknyga.lt\/wp-content\/uploads\/2024\/05\/cropped-cropped-cropped-02_00843_jt3bggkj1j3HLc7SyY6rEUpg.jpeg","width":1600,"height":1600,"caption":"skaitytaknyga.lt"},"image":{"@id":"https:\/\/skaitytaknyga.lt\/#\/schema\/logo\/image\/"},"sameAs":["https:\/\/www.facebook.com\/skaitytaknyga\/"]}]}},"_links":{"self":[{"href":"https:\/\/skaitytaknyga.lt\/en\/wp-json\/wp\/v2\/product\/13812","targetHints":{"allow":["GET"]}}],"collection":[{"href":"https:\/\/skaitytaknyga.lt\/en\/wp-json\/wp\/v2\/product"}],"about":[{"href":"https:\/\/skaitytaknyga.lt\/en\/wp-json\/wp\/v2\/types\/product"}],"replies":[{"embeddable":true,"href":"https:\/\/skaitytaknyga.lt\/en\/wp-json\/wp\/v2\/comments?post=13812"}],"wp:featuredmedia":[{"embeddable":true,"href":"https:\/\/skaitytaknyga.lt\/en\/wp-json\/wp\/v2\/media\/13825"}],"wp:attachment":[{"href":"https:\/\/skaitytaknyga.lt\/en\/wp-json\/wp\/v2\/media?parent=13812"}],"wp:term":[{"taxonomy":"product_brand","embeddable":true,"href":"https:\/\/skaitytaknyga.lt\/en\/wp-json\/wp\/v2\/product_brand?post=13812"},{"taxonomy":"product_cat","embeddable":true,"href":"https:\/\/skaitytaknyga.lt\/en\/wp-json\/wp\/v2\/product_cat?post=13812"},{"taxonomy":"product_tag","embeddable":true,"href":"https:\/\/skaitytaknyga.lt\/en\/wp-json\/wp\/v2\/product_tag?post=13812"}],"curies":[{"name":"wp","href":"https:\/\/api.w.org\/{rel}","templated":true}]}}