{"id":13811,"date":"2024-04-10T09:18:27","date_gmt":"2024-04-10T06:18:27","guid":{"rendered":"https:\/\/skaitytaknyga.lt\/?post_type=product&#038;p=13811"},"modified":"2024-09-10T10:31:45","modified_gmt":"2024-09-10T07:31:45","slug":"jono-pauliaus-ii-piligrimu-kelio-vadovas","status":"publish","type":"product","link":"https:\/\/skaitytaknyga.lt\/en\/produktas\/jono-pauliaus-ii-piligrimu-kelio-vadovas\/","title":{"rendered":"Jono Pauliaus II piligrim\u0173 kelio vadovas"},"content":{"rendered":"<p>Vadove trumpai ap\u017evelgiama krik\u0161\u010dioni\u0161kosios piligrimyst\u0117s esm\u0117 ir i\u0161takos, istorija ir tradicijos, ypa\u010d Lietuvoje, jos form\u0173 \u012fvairov\u0117, aptariama ir n\u016bdiena.<\/p>\n<p>Gausiai iliustruotas leidinys skirtas did\u017eiajam piligrimui Jonui Pauliui II atminti, vaizdu ir \u017eod\u017eiu primenama jo apa\u0161tali\u0161kasis apsilankymas 1993 metais ir daugyb\u0117 kit\u0173 meil\u0117s Lietuvai \u017eenkl\u0173.<\/p>\n<p>I\u0161samiai pristatomos Jono Pauliaus II piligrim\u0173 keli\u0105 sudaran\u010dios pagrindin\u0117s Lietuvos \u0161ventov\u0117s. I\u0161ry\u0161kinta ne tik kult\u016brin\u0117 ir menin\u0117, bet svarbiausia \u2013 dvasin\u0117 j\u0173 reik\u0161m\u0117 ir pamaldumo tradicijos.<\/p>\n<p>Piligrim\u0105 tur\u0117t\u0173 ne tik sudominti garbingas paveldas, bet ir patraukti n\u016bdien tose \u0161ventose vietose vykstantis gyvenimas, \u0161ventovi\u0173 s\u0105sajos su popie\u017eiumi Jonu Pauliumi II.<\/p>\n<p>Taip pat pateikiama visa svarbiausia praktin\u0117 informacija apie kiekvien\u0105 \u0161ventov\u0119, garsios maldos ir giesm\u0117s, vietovi\u0173 planai ir \u017eem\u0117lapiai, \u017eodyn\u0117lis.<\/p>\n<ul class=\"about-product d-none d-xl-block mt-4\">\n<li><strong>Metai:<\/strong>\u00a02008<\/li>\n<li><strong>Puslapiai:<\/strong>\u00a0299<\/li>\n<li><strong>ISBN:<\/strong>\u00a09789955653073<\/li>\n<li><strong>Formatas:<\/strong>\u00a012,5 x 21,5 x 1,5 cm, mink\u0161ti vir\u0161eliai<\/li>\n<li><strong>Kalba:<\/strong>\u00a0Lietuvi\u0173<\/li>\n<\/ul>\n","protected":false},"excerpt":{"rendered":"<p>Vadove trumpai ap\u017evelgiama krik\u0161\u010dioni\u0161kosios piligrimyst\u0117s esm\u0117 ir i\u0161takos, istorija ir tradicijos, ypa\u010d Lietuvoje, jos form\u0173 \u012fvairov\u0117, aptariama ir n\u016bdiena. Gausiai iliustruotas leidinys skirtas did\u017eiajam piligrimui Jonui Pauliui II atminti, vaizdu ir \u017eod\u017eiu primenama jo apa\u0161tali\u0161kasis apsilankymas 1993 metais ir daugyb\u0117 kit\u0173 meil\u0117s Lietuvai \u017eenkl\u0173. I\u0161samiai pristatomos Jono Pauliaus II piligrim\u0173 keli\u0105 sudaran\u010dios pagrindin\u0117s Lietuvos \u0161ventov\u0117s. I\u0161ry\u0161kinta ne tik kult\u016brin\u0117 ir menin\u0117, bet svarbiausia \u2013 dvasin\u0117 j\u0173 reik\u0161m\u0117 ir pamaldumo tradicijos. Piligrim\u0105 tur\u0117t\u0173 ne tik sudominti garbingas paveldas, bet ir patraukti n\u016bdien tose \u0161ventose vietose vykstantis gyvenimas, \u0161ventovi\u0173 s\u0105sajos su popie\u017eiumi Jonu Pauliumi II. Taip pat pateikiama visa svarbiausia praktin\u0117 informacija apie kiekvien\u0105 \u0161ventov\u0119, garsios maldos ir giesm\u0117s, vietovi\u0173 planai ir \u017eem\u0117lapiai, \u017eodyn\u0117lis. Metai:\u00a02008 Puslapiai:\u00a0299 ISBN:\u00a09789955653073 Formatas:\u00a012,5 x 21,5 x 1,5 cm, mink\u0161ti vir\u0161eliai Kalba:\u00a0Lietuvi\u0173<\/p>\n","protected":false},"featured_media":13826,"comment_status":"open","ping_status":"closed","template":"","meta":{"_acf_changed":false,"site-sidebar-layout":"default","site-content-layout":"","ast-site-content-layout":"default","site-content-style":"default","site-sidebar-style":"default","ast-global-header-display":"","ast-banner-title-visibility":"","ast-main-header-display":"","ast-hfb-above-header-display":"","ast-hfb-below-header-display":"","ast-hfb-mobile-header-display":"","site-post-title":"","ast-breadcrumbs-content":"","ast-featured-img":"","footer-sml-layout":"","ast-disable-related-posts":"","theme-transparent-header-meta":"default","adv-header-id-meta":"","stick-header-meta":"","header-above-stick-meta":"","header-main-stick-meta":"","header-below-stick-meta":"","astra-migrate-meta-layouts":"set","ast-page-background-enabled":"default","ast-page-background-meta":{"desktop":{"background-color":"","background-image":"","background-repeat":"repeat","background-position":"center center","background-size":"auto","background-attachment":"scroll","background-type":"","background-media":"","overlay-type":"","overlay-color":"","overlay-opacity":"","overlay-gradient":""},"tablet":{"background-color":"","background-image":"","background-repeat":"repeat","background-position":"center center","background-size":"auto","background-attachment":"scroll","background-type":"","background-media":"","overlay-type":"","overlay-color":"","overlay-opacity":"","overlay-gradient":""},"mobile":{"background-color":"","background-image":"","background-repeat":"repeat","background-position":"center center","background-size":"auto","background-attachment":"scroll","background-type":"","background-media":"","overlay-type":"","overlay-color":"","overlay-opacity":"","overlay-gradient":""}},"ast-content-background-meta":{"desktop":{"background-color":"var(--ast-global-color-4)","background-image":"","background-repeat":"repeat","background-position":"center center","background-size":"auto","background-attachment":"scroll","background-type":"","background-media":"","overlay-type":"","overlay-color":"","overlay-opacity":"","overlay-gradient":""},"tablet":{"background-color":"var(--ast-global-color-4)","background-image":"","background-repeat":"repeat","background-position":"center center","background-size":"auto","background-attachment":"scroll","background-type":"","background-media":"","overlay-type":"","overlay-color":"","overlay-opacity":"","overlay-gradient":""},"mobile":{"background-color":"var(--ast-global-color-4)","background-image":"","background-repeat":"repeat","background-position":"center center","background-size":"auto","background-attachment":"scroll","background-type":"","background-media":"","overlay-type":"","overlay-color":"","overlay-opacity":"","overlay-gradient":""}}},"product_brand":[],"product_cat":[15,165],"product_tag":[],"class_list":{"0":"post-13811","1":"product","2":"type-product","3":"status-publish","4":"has-post-thumbnail","6":"product_cat-uncategorized","7":"product_cat-religija-filosofija-ir-ezoterika","8":"desktop-align-left","9":"tablet-align-left","10":"mobile-align-left","12":"first","13":"instock","14":"shipping-taxable","15":"purchasable","16":"product-type-simple"},"acf":[],"yoast_head":"<!-- This site is optimized with the Yoast SEO plugin v27.0 - https:\/\/yoast.com\/product\/yoast-seo-wordpress\/ -->\n<title>Jono Pauliaus II piligrim\u0173 kelio vadovas<\/title>\n<meta name=\"description\" content=\"Vadove trumpai ap\u017evelgiama krik\u0161\u010dioni\u0161kosios piligrimyst\u0117s esm\u0117 ir i\u0161takos, istorija ir tradicijos, ypa\u010d Lietuvoje, jos form\u0173 \u012fvairov\u0117, aptariama ir\" \/>\n<meta name=\"robots\" content=\"index, follow, max-snippet:-1, max-image-preview:large, max-video-preview:-1\" \/>\n<link rel=\"canonical\" href=\"https:\/\/skaitytaknyga.lt\/en\/produktas\/jono-pauliaus-ii-piligrimu-kelio-vadovas\/\" \/>\n<meta property=\"og:locale\" content=\"en_GB\" \/>\n<meta property=\"og:locale:alternate\" content=\"lt_LT\" \/>\n<meta property=\"og:type\" content=\"article\" \/>\n<meta property=\"og:title\" content=\"Jono Pauliaus II piligrim\u0173 kelio vadovas\" \/>\n<meta property=\"og:description\" content=\"Vadove trumpai ap\u017evelgiama krik\u0161\u010dioni\u0161kosios piligrimyst\u0117s esm\u0117 ir i\u0161takos, istorija ir tradicijos, ypa\u010d Lietuvoje, jos form\u0173 \u012fvairov\u0117, aptariama ir\" \/>\n<meta property=\"og:url\" content=\"https:\/\/skaitytaknyga.lt\/en\/produktas\/jono-pauliaus-ii-piligrimu-kelio-vadovas\/\" \/>\n<meta property=\"og:site_name\" content=\"Skaitytaknyga\" \/>\n<meta property=\"article:publisher\" content=\"https:\/\/www.facebook.com\/skaitytaknyga\/\" \/>\n<meta property=\"article:modified_time\" content=\"2024-09-10T07:31:45+00:00\" \/>\n<meta property=\"og:image\" content=\"https:\/\/skaitytaknyga.lt\/wp-content\/uploads\/2024\/09\/Jono-Pauliaus-II-piligrimu-kelio-vadovas.webp\" \/>\n\t<meta property=\"og:image:width\" content=\"462\" \/>\n\t<meta property=\"og:image:height\" content=\"800\" \/>\n\t<meta property=\"og:image:type\" content=\"image\/webp\" \/>\n<meta name=\"twitter:card\" content=\"summary_large_image\" \/>\n<meta name=\"twitter:label1\" content=\"Estimated reading time\" \/>\n\t<meta name=\"twitter:data1\" content=\"1 minute\" \/>\n<script type=\"application\/ld+json\" class=\"yoast-schema-graph\">{\"@context\":\"https:\/\/schema.org\",\"@graph\":[{\"@type\":\"WebPage\",\"@id\":\"https:\/\/skaitytaknyga.lt\/produktas\/jono-pauliaus-ii-piligrimu-kelio-vadovas\/\",\"url\":\"https:\/\/skaitytaknyga.lt\/produktas\/jono-pauliaus-ii-piligrimu-kelio-vadovas\/\",\"name\":\"Jono Pauliaus II piligrim\u0173 kelio vadovas\",\"isPartOf\":{\"@id\":\"https:\/\/skaitytaknyga.lt\/#website\"},\"primaryImageOfPage\":{\"@id\":\"https:\/\/skaitytaknyga.lt\/produktas\/jono-pauliaus-ii-piligrimu-kelio-vadovas\/#primaryimage\"},\"image\":{\"@id\":\"https:\/\/skaitytaknyga.lt\/produktas\/jono-pauliaus-ii-piligrimu-kelio-vadovas\/#primaryimage\"},\"thumbnailUrl\":\"https:\/\/skaitytaknyga.lt\/wp-content\/uploads\/2024\/09\/Jono-Pauliaus-II-piligrimu-kelio-vadovas.webp\",\"datePublished\":\"2024-04-10T06:18:27+00:00\",\"dateModified\":\"2024-09-10T07:31:45+00:00\",\"description\":\"Vadove trumpai ap\u017evelgiama krik\u0161\u010dioni\u0161kosios piligrimyst\u0117s esm\u0117 ir i\u0161takos, istorija ir tradicijos, ypa\u010d Lietuvoje, jos form\u0173 \u012fvairov\u0117, aptariama ir\",\"breadcrumb\":{\"@id\":\"https:\/\/skaitytaknyga.lt\/produktas\/jono-pauliaus-ii-piligrimu-kelio-vadovas\/#breadcrumb\"},\"inLanguage\":\"en-GB\",\"potentialAction\":[{\"@type\":\"ReadAction\",\"target\":[\"https:\/\/skaitytaknyga.lt\/produktas\/jono-pauliaus-ii-piligrimu-kelio-vadovas\/\"]}]},{\"@type\":\"ImageObject\",\"inLanguage\":\"en-GB\",\"@id\":\"https:\/\/skaitytaknyga.lt\/produktas\/jono-pauliaus-ii-piligrimu-kelio-vadovas\/#primaryimage\",\"url\":\"https:\/\/skaitytaknyga.lt\/wp-content\/uploads\/2024\/09\/Jono-Pauliaus-II-piligrimu-kelio-vadovas.webp\",\"contentUrl\":\"https:\/\/skaitytaknyga.lt\/wp-content\/uploads\/2024\/09\/Jono-Pauliaus-II-piligrimu-kelio-vadovas.webp\",\"width\":462,\"height\":800,\"caption\":\"Jono Pauliaus II piligrim\u0173 kelio vadovas\"},{\"@type\":\"BreadcrumbList\",\"@id\":\"https:\/\/skaitytaknyga.lt\/produktas\/jono-pauliaus-ii-piligrimu-kelio-vadovas\/#breadcrumb\",\"itemListElement\":[{\"@type\":\"ListItem\",\"position\":1,\"name\":\"Home\",\"item\":\"https:\/\/skaitytaknyga.lt\/\"},{\"@type\":\"ListItem\",\"position\":2,\"name\":\"Parduotuv\u0117\",\"item\":\"https:\/\/skaitytaknyga.lt\/knygu-parduotuve\/\"},{\"@type\":\"ListItem\",\"position\":3,\"name\":\"Jono Pauliaus II piligrim\u0173 kelio vadovas\"}]},{\"@type\":\"WebSite\",\"@id\":\"https:\/\/skaitytaknyga.lt\/#website\",\"url\":\"https:\/\/skaitytaknyga.lt\/\",\"name\":\"skaitytaknyga.lt\",\"description\":\"Skaitytaknyga.lt \u2013 tai ma\u017eas \u0161eimos verslas, kuris prasid\u0117jo nuo meil\u0117s knygoms ir siekio i\u0161gelb\u0117ti knygas nuo likimo prie konteinerio. Kas vienam nereikalingas daiktas \u2013 kitam lobis, o mes esame tarpininkai, kurie padeda abiems tapti laimingesniems ???? \u017dinome kaip nelengva i\u0161gyventi ma\u017eiems verslams, tad nuo \u0161iol, \u010dia rasite ir kit\u0173, ma\u017e\u0173 \u0161eim\u0173 versl\u0173, rank\u0173 darbo, dovan\u0173 sau ir artimiesiems.\",\"publisher\":{\"@id\":\"https:\/\/skaitytaknyga.lt\/#organization\"},\"potentialAction\":[{\"@type\":\"SearchAction\",\"target\":{\"@type\":\"EntryPoint\",\"urlTemplate\":\"https:\/\/skaitytaknyga.lt\/?s={search_term_string}\"},\"query-input\":{\"@type\":\"PropertyValueSpecification\",\"valueRequired\":true,\"valueName\":\"search_term_string\"}}],\"inLanguage\":\"en-GB\"},{\"@type\":\"Organization\",\"@id\":\"https:\/\/skaitytaknyga.lt\/#organization\",\"name\":\"skaitytaknyga.lt\",\"url\":\"https:\/\/skaitytaknyga.lt\/\",\"logo\":{\"@type\":\"ImageObject\",\"inLanguage\":\"en-GB\",\"@id\":\"https:\/\/skaitytaknyga.lt\/#\/schema\/logo\/image\/\",\"url\":\"https:\/\/skaitytaknyga.lt\/wp-content\/uploads\/2024\/05\/cropped-cropped-cropped-02_00843_jt3bggkj1j3HLc7SyY6rEUpg.jpeg\",\"contentUrl\":\"https:\/\/skaitytaknyga.lt\/wp-content\/uploads\/2024\/05\/cropped-cropped-cropped-02_00843_jt3bggkj1j3HLc7SyY6rEUpg.jpeg\",\"width\":1600,\"height\":1600,\"caption\":\"skaitytaknyga.lt\"},\"image\":{\"@id\":\"https:\/\/skaitytaknyga.lt\/#\/schema\/logo\/image\/\"},\"sameAs\":[\"https:\/\/www.facebook.com\/skaitytaknyga\/\"]}]}<\/script>\n<!-- \/ Yoast SEO plugin. -->","yoast_head_json":{"title":"Jono Pauliaus II piligrim\u0173 kelio vadovas","description":"Vadove trumpai ap\u017evelgiama krik\u0161\u010dioni\u0161kosios piligrimyst\u0117s esm\u0117 ir i\u0161takos, istorija ir tradicijos, ypa\u010d Lietuvoje, jos form\u0173 \u012fvairov\u0117, aptariama ir","robots":{"index":"index","follow":"follow","max-snippet":"max-snippet:-1","max-image-preview":"max-image-preview:large","max-video-preview":"max-video-preview:-1"},"canonical":"https:\/\/skaitytaknyga.lt\/en\/produktas\/jono-pauliaus-ii-piligrimu-kelio-vadovas\/","og_locale":"en_GB","og_type":"article","og_title":"[:lt]Jono Pauliaus II piligrim\u0173 kelio vadovas[:] - Skaitytaknyga","og_description":"Vadove trumpai ap\u017evelgiama krik\u0161\u010dioni\u0161kosios piligrimyst\u0117s esm\u0117 ir i\u0161takos, istorija ir tradicijos, ypa\u010d Lietuvoje, jos form\u0173 \u012fvairov\u0117, aptariama ir","og_url":"https:\/\/skaitytaknyga.lt\/en\/produktas\/jono-pauliaus-ii-piligrimu-kelio-vadovas\/","og_site_name":"Skaitytaknyga","article_publisher":"https:\/\/www.facebook.com\/skaitytaknyga\/","article_modified_time":"2024-09-10T07:31:45+00:00","og_image":[{"width":462,"height":800,"url":"https:\/\/skaitytaknyga.lt\/wp-content\/uploads\/2024\/09\/Jono-Pauliaus-II-piligrimu-kelio-vadovas.webp","type":"image\/webp"}],"twitter_card":"summary_large_image","twitter_misc":{"Estimated reading time":"1 minute"},"schema":{"@context":"https:\/\/schema.org","@graph":[{"@type":"WebPage","@id":"https:\/\/skaitytaknyga.lt\/produktas\/jono-pauliaus-ii-piligrimu-kelio-vadovas\/","url":"https:\/\/skaitytaknyga.lt\/produktas\/jono-pauliaus-ii-piligrimu-kelio-vadovas\/","name":"Jono Pauliaus II piligrim\u0173 kelio vadovas","isPartOf":{"@id":"https:\/\/skaitytaknyga.lt\/#website"},"primaryImageOfPage":{"@id":"https:\/\/skaitytaknyga.lt\/produktas\/jono-pauliaus-ii-piligrimu-kelio-vadovas\/#primaryimage"},"image":{"@id":"https:\/\/skaitytaknyga.lt\/produktas\/jono-pauliaus-ii-piligrimu-kelio-vadovas\/#primaryimage"},"thumbnailUrl":"https:\/\/skaitytaknyga.lt\/wp-content\/uploads\/2024\/09\/Jono-Pauliaus-II-piligrimu-kelio-vadovas.webp","datePublished":"2024-04-10T06:18:27+00:00","dateModified":"2024-09-10T07:31:45+00:00","description":"Vadove trumpai ap\u017evelgiama krik\u0161\u010dioni\u0161kosios piligrimyst\u0117s esm\u0117 ir i\u0161takos, istorija ir tradicijos, ypa\u010d Lietuvoje, jos form\u0173 \u012fvairov\u0117, aptariama ir","breadcrumb":{"@id":"https:\/\/skaitytaknyga.lt\/produktas\/jono-pauliaus-ii-piligrimu-kelio-vadovas\/#breadcrumb"},"inLanguage":"en-GB","potentialAction":[{"@type":"ReadAction","target":["https:\/\/skaitytaknyga.lt\/produktas\/jono-pauliaus-ii-piligrimu-kelio-vadovas\/"]}]},{"@type":"ImageObject","inLanguage":"en-GB","@id":"https:\/\/skaitytaknyga.lt\/produktas\/jono-pauliaus-ii-piligrimu-kelio-vadovas\/#primaryimage","url":"https:\/\/skaitytaknyga.lt\/wp-content\/uploads\/2024\/09\/Jono-Pauliaus-II-piligrimu-kelio-vadovas.webp","contentUrl":"https:\/\/skaitytaknyga.lt\/wp-content\/uploads\/2024\/09\/Jono-Pauliaus-II-piligrimu-kelio-vadovas.webp","width":462,"height":800,"caption":"Jono Pauliaus II piligrim\u0173 kelio vadovas"},{"@type":"BreadcrumbList","@id":"https:\/\/skaitytaknyga.lt\/produktas\/jono-pauliaus-ii-piligrimu-kelio-vadovas\/#breadcrumb","itemListElement":[{"@type":"ListItem","position":1,"name":"Home","item":"https:\/\/skaitytaknyga.lt\/"},{"@type":"ListItem","position":2,"name":"Parduotuv\u0117","item":"https:\/\/skaitytaknyga.lt\/knygu-parduotuve\/"},{"@type":"ListItem","position":3,"name":"Jono Pauliaus II piligrim\u0173 kelio vadovas"}]},{"@type":"WebSite","@id":"https:\/\/skaitytaknyga.lt\/#website","url":"https:\/\/skaitytaknyga.lt\/","name":"skaitytaknyga.lt","description":"Skaitytaknyga.lt \u2013 tai ma\u017eas \u0161eimos verslas, kuris prasid\u0117jo nuo meil\u0117s knygoms ir siekio i\u0161gelb\u0117ti knygas nuo likimo prie konteinerio. Kas vienam nereikalingas daiktas \u2013 kitam lobis, o mes esame tarpininkai, kurie padeda abiems tapti laimingesniems ???? \u017dinome kaip nelengva i\u0161gyventi ma\u017eiems verslams, tad nuo \u0161iol, \u010dia rasite ir kit\u0173, ma\u017e\u0173 \u0161eim\u0173 versl\u0173, rank\u0173 darbo, dovan\u0173 sau ir artimiesiems.","publisher":{"@id":"https:\/\/skaitytaknyga.lt\/#organization"},"potentialAction":[{"@type":"SearchAction","target":{"@type":"EntryPoint","urlTemplate":"https:\/\/skaitytaknyga.lt\/?s={search_term_string}"},"query-input":{"@type":"PropertyValueSpecification","valueRequired":true,"valueName":"search_term_string"}}],"inLanguage":"en-GB"},{"@type":"Organization","@id":"https:\/\/skaitytaknyga.lt\/#organization","name":"skaitytaknyga.lt","url":"https:\/\/skaitytaknyga.lt\/","logo":{"@type":"ImageObject","inLanguage":"en-GB","@id":"https:\/\/skaitytaknyga.lt\/#\/schema\/logo\/image\/","url":"https:\/\/skaitytaknyga.lt\/wp-content\/uploads\/2024\/05\/cropped-cropped-cropped-02_00843_jt3bggkj1j3HLc7SyY6rEUpg.jpeg","contentUrl":"https:\/\/skaitytaknyga.lt\/wp-content\/uploads\/2024\/05\/cropped-cropped-cropped-02_00843_jt3bggkj1j3HLc7SyY6rEUpg.jpeg","width":1600,"height":1600,"caption":"skaitytaknyga.lt"},"image":{"@id":"https:\/\/skaitytaknyga.lt\/#\/schema\/logo\/image\/"},"sameAs":["https:\/\/www.facebook.com\/skaitytaknyga\/"]}]}},"_links":{"self":[{"href":"https:\/\/skaitytaknyga.lt\/en\/wp-json\/wp\/v2\/product\/13811","targetHints":{"allow":["GET"]}}],"collection":[{"href":"https:\/\/skaitytaknyga.lt\/en\/wp-json\/wp\/v2\/product"}],"about":[{"href":"https:\/\/skaitytaknyga.lt\/en\/wp-json\/wp\/v2\/types\/product"}],"replies":[{"embeddable":true,"href":"https:\/\/skaitytaknyga.lt\/en\/wp-json\/wp\/v2\/comments?post=13811"}],"wp:featuredmedia":[{"embeddable":true,"href":"https:\/\/skaitytaknyga.lt\/en\/wp-json\/wp\/v2\/media\/13826"}],"wp:attachment":[{"href":"https:\/\/skaitytaknyga.lt\/en\/wp-json\/wp\/v2\/media?parent=13811"}],"wp:term":[{"taxonomy":"product_brand","embeddable":true,"href":"https:\/\/skaitytaknyga.lt\/en\/wp-json\/wp\/v2\/product_brand?post=13811"},{"taxonomy":"product_cat","embeddable":true,"href":"https:\/\/skaitytaknyga.lt\/en\/wp-json\/wp\/v2\/product_cat?post=13811"},{"taxonomy":"product_tag","embeddable":true,"href":"https:\/\/skaitytaknyga.lt\/en\/wp-json\/wp\/v2\/product_tag?post=13811"}],"curies":[{"name":"wp","href":"https:\/\/api.w.org\/{rel}","templated":true}]}}