{"id":13810,"date":"2024-04-10T09:18:27","date_gmt":"2024-04-10T06:18:27","guid":{"rendered":"https:\/\/skaitytaknyga.lt\/?post_type=product&#038;p=13810"},"modified":"2026-02-01T10:46:48","modified_gmt":"2026-02-01T08:46:48","slug":"tegul-zvirbliai-sau-cirskia-pasakojimai-apie-sv-kun-jona-bosko","status":"publish","type":"product","link":"https:\/\/skaitytaknyga.lt\/en\/produktas\/tegul-zvirbliai-sau-cirskia-pasakojimai-apie-sv-kun-jona-bosko\/","title":{"rendered":"Tegul \u017evirbliai sau \u010dir\u0161kia&#8230; Pasakojimai apie \u0161v. kun. Jon\u0105 Bosko"},"content":{"rendered":"<p>Tai, kas apra\u0161yta \u0161itoje knygoje, n\u0117ra pasakos ar legendos. Jums pateikiamas tikras kun. J. Bosko gyvenimo apra\u0161ymas, tik kiek pritaikytas jauniems skaitytojams, siekiant knyg\u0105 pateikti kuo patraukliau.<\/p>\n<ul class=\"about-product d-none d-xl-block mt-4\">\n<li><strong>Autorius:<\/strong>\u00a0Lene Mayer -Skumanz<\/li>\n<li><strong>Leid\u0117jas:<\/strong>\u00a0Salezie\u010di\u0173 Vilniaus namai<\/li>\n<li><strong>Metai:<\/strong>\u00a02009<\/li>\n<li><strong>Puslapiai:<\/strong>\u00a0128<\/li>\n<li><strong>ISBN:<\/strong>\u00a09783769813531<\/li>\n<li><strong>Versijos kodas:<\/strong>\u00a0PS<\/li>\n<li><strong>Formatas:<\/strong>\u00a014 x 20,5 cm, mink\u0161ti vir\u0161eliai<\/li>\n<li><strong>Kalba:<\/strong>\u00a0Lietuvi\u0173<\/li>\n<li><strong>Vert\u0117jas:<\/strong>\u00a0Vytaut\u0117 Maciukait\u0117<\/li>\n<\/ul>\n","protected":false},"excerpt":{"rendered":"<p>Tai, kas apra\u0161yta \u0161itoje knygoje, n\u0117ra pasakos ar legendos. Jums pateikiamas tikras kun. J. Bosko gyvenimo apra\u0161ymas, tik kiek pritaikytas jauniems skaitytojams, siekiant knyg\u0105 pateikti kuo patraukliau. Autorius:\u00a0Lene Mayer -Skumanz Leid\u0117jas:\u00a0Salezie\u010di\u0173 Vilniaus namai Metai:\u00a02009 Puslapiai:\u00a0128 ISBN:\u00a09783769813531 Versijos kodas:\u00a0PS Formatas:\u00a014 x 20,5 cm, mink\u0161ti vir\u0161eliai Kalba:\u00a0Lietuvi\u0173 Vert\u0117jas:\u00a0Vytaut\u0117 Maciukait\u0117<\/p>\n","protected":false},"featured_media":13827,"comment_status":"open","ping_status":"closed","template":"","meta":{"_acf_changed":false,"site-sidebar-layout":"default","site-content-layout":"","ast-site-content-layout":"default","site-content-style":"default","site-sidebar-style":"default","ast-global-header-display":"","ast-banner-title-visibility":"","ast-main-header-display":"","ast-hfb-above-header-display":"","ast-hfb-below-header-display":"","ast-hfb-mobile-header-display":"","site-post-title":"","ast-breadcrumbs-content":"","ast-featured-img":"","footer-sml-layout":"","ast-disable-related-posts":"","theme-transparent-header-meta":"default","adv-header-id-meta":"","stick-header-meta":"","header-above-stick-meta":"","header-main-stick-meta":"","header-below-stick-meta":"","astra-migrate-meta-layouts":"set","ast-page-background-enabled":"default","ast-page-background-meta":{"desktop":{"background-color":"","background-image":"","background-repeat":"repeat","background-position":"center center","background-size":"auto","background-attachment":"scroll","background-type":"","background-media":"","overlay-type":"","overlay-color":"","overlay-opacity":"","overlay-gradient":""},"tablet":{"background-color":"","background-image":"","background-repeat":"repeat","background-position":"center center","background-size":"auto","background-attachment":"scroll","background-type":"","background-media":"","overlay-type":"","overlay-color":"","overlay-opacity":"","overlay-gradient":""},"mobile":{"background-color":"","background-image":"","background-repeat":"repeat","background-position":"center center","background-size":"auto","background-attachment":"scroll","background-type":"","background-media":"","overlay-type":"","overlay-color":"","overlay-opacity":"","overlay-gradient":""}},"ast-content-background-meta":{"desktop":{"background-color":"var(--ast-global-color-4)","background-image":"","background-repeat":"repeat","background-position":"center center","background-size":"auto","background-attachment":"scroll","background-type":"","background-media":"","overlay-type":"","overlay-color":"","overlay-opacity":"","overlay-gradient":""},"tablet":{"background-color":"var(--ast-global-color-4)","background-image":"","background-repeat":"repeat","background-position":"center center","background-size":"auto","background-attachment":"scroll","background-type":"","background-media":"","overlay-type":"","overlay-color":"","overlay-opacity":"","overlay-gradient":""},"mobile":{"background-color":"var(--ast-global-color-4)","background-image":"","background-repeat":"repeat","background-position":"center center","background-size":"auto","background-attachment":"scroll","background-type":"","background-media":"","overlay-type":"","overlay-color":"","overlay-opacity":"","overlay-gradient":""}}},"product_brand":[],"product_cat":[15,165],"product_tag":[],"class_list":{"0":"post-13810","1":"product","2":"type-product","3":"status-publish","4":"has-post-thumbnail","6":"product_cat-uncategorized","7":"product_cat-religija-filosofija-ir-ezoterika","8":"desktop-align-left","9":"tablet-align-left","10":"mobile-align-left","12":"first","13":"instock","14":"shipping-taxable","15":"purchasable","16":"product-type-simple"},"acf":[],"yoast_head":"<!-- This site is optimized with the Yoast SEO plugin v27.0 - https:\/\/yoast.com\/product\/yoast-seo-wordpress\/ -->\n<title>Tegul \u017evirbliai sau \u010dir\u0161kia... Pasakojimai apie \u0161v. kun. Jon\u0105 Bosko<\/title>\n<meta name=\"description\" content=\"Tai, kas apra\u0161yta \u0161itoje knygoje, n\u0117ra pasakos ar legendos. Jums pateikiamas tikras kun. J. Bosko gyvenimo apra\u0161ymas, tik kiek pritaikytas jauniems\" \/>\n<meta name=\"robots\" content=\"index, follow, max-snippet:-1, max-image-preview:large, max-video-preview:-1\" \/>\n<link rel=\"canonical\" href=\"https:\/\/skaitytaknyga.lt\/en\/produktas\/tegul-zvirbliai-sau-cirskia-pasakojimai-apie-sv-kun-jona-bosko\/\" \/>\n<meta property=\"og:locale\" content=\"en_GB\" \/>\n<meta property=\"og:locale:alternate\" content=\"lt_LT\" \/>\n<meta property=\"og:type\" content=\"article\" \/>\n<meta property=\"og:title\" content=\"Tegul \u017evirbliai sau \u010dir\u0161kia... Pasakojimai apie \u0161v. kun. Jon\u0105 Bosko\" \/>\n<meta property=\"og:description\" content=\"Tai, kas apra\u0161yta \u0161itoje knygoje, n\u0117ra pasakos ar legendos. Jums pateikiamas tikras kun. J. Bosko gyvenimo apra\u0161ymas, tik kiek pritaikytas jauniems\" \/>\n<meta property=\"og:url\" content=\"https:\/\/skaitytaknyga.lt\/en\/produktas\/tegul-zvirbliai-sau-cirskia-pasakojimai-apie-sv-kun-jona-bosko\/\" \/>\n<meta property=\"og:site_name\" content=\"Skaitytaknyga\" \/>\n<meta property=\"article:publisher\" content=\"https:\/\/www.facebook.com\/skaitytaknyga\/\" \/>\n<meta property=\"article:modified_time\" content=\"2026-02-01T08:46:48+00:00\" \/>\n<meta property=\"og:image\" content=\"https:\/\/skaitytaknyga.lt\/wp-content\/uploads\/2024\/09\/1462880546_img0030.webp\" \/>\n\t<meta property=\"og:image:width\" content=\"559\" \/>\n\t<meta property=\"og:image:height\" content=\"799\" \/>\n\t<meta property=\"og:image:type\" content=\"image\/webp\" \/>\n<meta name=\"twitter:card\" content=\"summary_large_image\" \/>\n<meta name=\"twitter:label1\" content=\"Estimated reading time\" \/>\n\t<meta name=\"twitter:data1\" content=\"1 minute\" \/>\n<script type=\"application\/ld+json\" class=\"yoast-schema-graph\">{\"@context\":\"https:\/\/schema.org\",\"@graph\":[{\"@type\":\"WebPage\",\"@id\":\"https:\/\/skaitytaknyga.lt\/produktas\/tegul-zvirbliai-sau-cirskia-pasakojimai-apie-sv-kun-jona-bosko\/\",\"url\":\"https:\/\/skaitytaknyga.lt\/produktas\/tegul-zvirbliai-sau-cirskia-pasakojimai-apie-sv-kun-jona-bosko\/\",\"name\":\"Tegul \u017evirbliai sau \u010dir\u0161kia... Pasakojimai apie \u0161v. kun. Jon\u0105 Bosko\",\"isPartOf\":{\"@id\":\"https:\/\/skaitytaknyga.lt\/#website\"},\"primaryImageOfPage\":{\"@id\":\"https:\/\/skaitytaknyga.lt\/produktas\/tegul-zvirbliai-sau-cirskia-pasakojimai-apie-sv-kun-jona-bosko\/#primaryimage\"},\"image\":{\"@id\":\"https:\/\/skaitytaknyga.lt\/produktas\/tegul-zvirbliai-sau-cirskia-pasakojimai-apie-sv-kun-jona-bosko\/#primaryimage\"},\"thumbnailUrl\":\"https:\/\/skaitytaknyga.lt\/wp-content\/uploads\/2024\/09\/1462880546_img0030.webp\",\"datePublished\":\"2024-04-10T06:18:27+00:00\",\"dateModified\":\"2026-02-01T08:46:48+00:00\",\"description\":\"Tai, kas apra\u0161yta \u0161itoje knygoje, n\u0117ra pasakos ar legendos. Jums pateikiamas tikras kun. J. Bosko gyvenimo apra\u0161ymas, tik kiek pritaikytas jauniems\",\"breadcrumb\":{\"@id\":\"https:\/\/skaitytaknyga.lt\/produktas\/tegul-zvirbliai-sau-cirskia-pasakojimai-apie-sv-kun-jona-bosko\/#breadcrumb\"},\"inLanguage\":\"en-GB\",\"potentialAction\":[{\"@type\":\"ReadAction\",\"target\":[\"https:\/\/skaitytaknyga.lt\/produktas\/tegul-zvirbliai-sau-cirskia-pasakojimai-apie-sv-kun-jona-bosko\/\"]}]},{\"@type\":\"ImageObject\",\"inLanguage\":\"en-GB\",\"@id\":\"https:\/\/skaitytaknyga.lt\/produktas\/tegul-zvirbliai-sau-cirskia-pasakojimai-apie-sv-kun-jona-bosko\/#primaryimage\",\"url\":\"https:\/\/skaitytaknyga.lt\/wp-content\/uploads\/2024\/09\/1462880546_img0030.webp\",\"contentUrl\":\"https:\/\/skaitytaknyga.lt\/wp-content\/uploads\/2024\/09\/1462880546_img0030.webp\",\"width\":559,\"height\":799,\"caption\":\"Tegul \u017evirbliai sau \u010dir\u0161kia... Pasakojimai apie \u0161v. kun. Jon\u0105 Bosko\"},{\"@type\":\"BreadcrumbList\",\"@id\":\"https:\/\/skaitytaknyga.lt\/produktas\/tegul-zvirbliai-sau-cirskia-pasakojimai-apie-sv-kun-jona-bosko\/#breadcrumb\",\"itemListElement\":[{\"@type\":\"ListItem\",\"position\":1,\"name\":\"Home\",\"item\":\"https:\/\/skaitytaknyga.lt\/\"},{\"@type\":\"ListItem\",\"position\":2,\"name\":\"Parduotuv\u0117\",\"item\":\"https:\/\/skaitytaknyga.lt\/knygu-parduotuve\/\"},{\"@type\":\"ListItem\",\"position\":3,\"name\":\"Tegul \u017evirbliai sau \u010dir\u0161kia&#8230; Pasakojimai apie \u0161v. kun. Jon\u0105 Bosko\"}]},{\"@type\":\"WebSite\",\"@id\":\"https:\/\/skaitytaknyga.lt\/#website\",\"url\":\"https:\/\/skaitytaknyga.lt\/\",\"name\":\"skaitytaknyga.lt\",\"description\":\"Skaitytaknyga.lt \u2013 tai ma\u017eas \u0161eimos verslas, kuris prasid\u0117jo nuo meil\u0117s knygoms ir siekio i\u0161gelb\u0117ti knygas nuo likimo prie konteinerio. Kas vienam nereikalingas daiktas \u2013 kitam lobis, o mes esame tarpininkai, kurie padeda abiems tapti laimingesniems ???? \u017dinome kaip nelengva i\u0161gyventi ma\u017eiems verslams, tad nuo \u0161iol, \u010dia rasite ir kit\u0173, ma\u017e\u0173 \u0161eim\u0173 versl\u0173, rank\u0173 darbo, dovan\u0173 sau ir artimiesiems.\",\"publisher\":{\"@id\":\"https:\/\/skaitytaknyga.lt\/#organization\"},\"potentialAction\":[{\"@type\":\"SearchAction\",\"target\":{\"@type\":\"EntryPoint\",\"urlTemplate\":\"https:\/\/skaitytaknyga.lt\/?s={search_term_string}\"},\"query-input\":{\"@type\":\"PropertyValueSpecification\",\"valueRequired\":true,\"valueName\":\"search_term_string\"}}],\"inLanguage\":\"en-GB\"},{\"@type\":\"Organization\",\"@id\":\"https:\/\/skaitytaknyga.lt\/#organization\",\"name\":\"skaitytaknyga.lt\",\"url\":\"https:\/\/skaitytaknyga.lt\/\",\"logo\":{\"@type\":\"ImageObject\",\"inLanguage\":\"en-GB\",\"@id\":\"https:\/\/skaitytaknyga.lt\/#\/schema\/logo\/image\/\",\"url\":\"https:\/\/skaitytaknyga.lt\/wp-content\/uploads\/2024\/05\/cropped-cropped-cropped-02_00843_jt3bggkj1j3HLc7SyY6rEUpg.jpeg\",\"contentUrl\":\"https:\/\/skaitytaknyga.lt\/wp-content\/uploads\/2024\/05\/cropped-cropped-cropped-02_00843_jt3bggkj1j3HLc7SyY6rEUpg.jpeg\",\"width\":1600,\"height\":1600,\"caption\":\"skaitytaknyga.lt\"},\"image\":{\"@id\":\"https:\/\/skaitytaknyga.lt\/#\/schema\/logo\/image\/\"},\"sameAs\":[\"https:\/\/www.facebook.com\/skaitytaknyga\/\"]}]}<\/script>\n<!-- \/ Yoast SEO plugin. -->","yoast_head_json":{"title":"Tegul \u017evirbliai sau \u010dir\u0161kia... Pasakojimai apie \u0161v. kun. Jon\u0105 Bosko","description":"Tai, kas apra\u0161yta \u0161itoje knygoje, n\u0117ra pasakos ar legendos. Jums pateikiamas tikras kun. J. Bosko gyvenimo apra\u0161ymas, tik kiek pritaikytas jauniems","robots":{"index":"index","follow":"follow","max-snippet":"max-snippet:-1","max-image-preview":"max-image-preview:large","max-video-preview":"max-video-preview:-1"},"canonical":"https:\/\/skaitytaknyga.lt\/en\/produktas\/tegul-zvirbliai-sau-cirskia-pasakojimai-apie-sv-kun-jona-bosko\/","og_locale":"en_GB","og_type":"article","og_title":"[:lt]Tegul \u017evirbliai sau \u010dir\u0161kia... Pasakojimai apie \u0161v. kun. Jon\u0105 Bosko[:] - Skaitytaknyga","og_description":"Tai, kas apra\u0161yta \u0161itoje knygoje, n\u0117ra pasakos ar legendos. Jums pateikiamas tikras kun. J. Bosko gyvenimo apra\u0161ymas, tik kiek pritaikytas jauniems","og_url":"https:\/\/skaitytaknyga.lt\/en\/produktas\/tegul-zvirbliai-sau-cirskia-pasakojimai-apie-sv-kun-jona-bosko\/","og_site_name":"Skaitytaknyga","article_publisher":"https:\/\/www.facebook.com\/skaitytaknyga\/","article_modified_time":"2026-02-01T08:46:48+00:00","og_image":[{"width":559,"height":799,"url":"https:\/\/skaitytaknyga.lt\/wp-content\/uploads\/2024\/09\/1462880546_img0030.webp","type":"image\/webp"}],"twitter_card":"summary_large_image","twitter_misc":{"Estimated reading time":"1 minute"},"schema":{"@context":"https:\/\/schema.org","@graph":[{"@type":"WebPage","@id":"https:\/\/skaitytaknyga.lt\/produktas\/tegul-zvirbliai-sau-cirskia-pasakojimai-apie-sv-kun-jona-bosko\/","url":"https:\/\/skaitytaknyga.lt\/produktas\/tegul-zvirbliai-sau-cirskia-pasakojimai-apie-sv-kun-jona-bosko\/","name":"Tegul \u017evirbliai sau \u010dir\u0161kia... Pasakojimai apie \u0161v. kun. Jon\u0105 Bosko","isPartOf":{"@id":"https:\/\/skaitytaknyga.lt\/#website"},"primaryImageOfPage":{"@id":"https:\/\/skaitytaknyga.lt\/produktas\/tegul-zvirbliai-sau-cirskia-pasakojimai-apie-sv-kun-jona-bosko\/#primaryimage"},"image":{"@id":"https:\/\/skaitytaknyga.lt\/produktas\/tegul-zvirbliai-sau-cirskia-pasakojimai-apie-sv-kun-jona-bosko\/#primaryimage"},"thumbnailUrl":"https:\/\/skaitytaknyga.lt\/wp-content\/uploads\/2024\/09\/1462880546_img0030.webp","datePublished":"2024-04-10T06:18:27+00:00","dateModified":"2026-02-01T08:46:48+00:00","description":"Tai, kas apra\u0161yta \u0161itoje knygoje, n\u0117ra pasakos ar legendos. Jums pateikiamas tikras kun. J. Bosko gyvenimo apra\u0161ymas, tik kiek pritaikytas jauniems","breadcrumb":{"@id":"https:\/\/skaitytaknyga.lt\/produktas\/tegul-zvirbliai-sau-cirskia-pasakojimai-apie-sv-kun-jona-bosko\/#breadcrumb"},"inLanguage":"en-GB","potentialAction":[{"@type":"ReadAction","target":["https:\/\/skaitytaknyga.lt\/produktas\/tegul-zvirbliai-sau-cirskia-pasakojimai-apie-sv-kun-jona-bosko\/"]}]},{"@type":"ImageObject","inLanguage":"en-GB","@id":"https:\/\/skaitytaknyga.lt\/produktas\/tegul-zvirbliai-sau-cirskia-pasakojimai-apie-sv-kun-jona-bosko\/#primaryimage","url":"https:\/\/skaitytaknyga.lt\/wp-content\/uploads\/2024\/09\/1462880546_img0030.webp","contentUrl":"https:\/\/skaitytaknyga.lt\/wp-content\/uploads\/2024\/09\/1462880546_img0030.webp","width":559,"height":799,"caption":"Tegul \u017evirbliai sau \u010dir\u0161kia... Pasakojimai apie \u0161v. kun. Jon\u0105 Bosko"},{"@type":"BreadcrumbList","@id":"https:\/\/skaitytaknyga.lt\/produktas\/tegul-zvirbliai-sau-cirskia-pasakojimai-apie-sv-kun-jona-bosko\/#breadcrumb","itemListElement":[{"@type":"ListItem","position":1,"name":"Home","item":"https:\/\/skaitytaknyga.lt\/"},{"@type":"ListItem","position":2,"name":"Parduotuv\u0117","item":"https:\/\/skaitytaknyga.lt\/knygu-parduotuve\/"},{"@type":"ListItem","position":3,"name":"Tegul \u017evirbliai sau \u010dir\u0161kia&#8230; Pasakojimai apie \u0161v. kun. Jon\u0105 Bosko"}]},{"@type":"WebSite","@id":"https:\/\/skaitytaknyga.lt\/#website","url":"https:\/\/skaitytaknyga.lt\/","name":"skaitytaknyga.lt","description":"Skaitytaknyga.lt \u2013 tai ma\u017eas \u0161eimos verslas, kuris prasid\u0117jo nuo meil\u0117s knygoms ir siekio i\u0161gelb\u0117ti knygas nuo likimo prie konteinerio. Kas vienam nereikalingas daiktas \u2013 kitam lobis, o mes esame tarpininkai, kurie padeda abiems tapti laimingesniems ???? \u017dinome kaip nelengva i\u0161gyventi ma\u017eiems verslams, tad nuo \u0161iol, \u010dia rasite ir kit\u0173, ma\u017e\u0173 \u0161eim\u0173 versl\u0173, rank\u0173 darbo, dovan\u0173 sau ir artimiesiems.","publisher":{"@id":"https:\/\/skaitytaknyga.lt\/#organization"},"potentialAction":[{"@type":"SearchAction","target":{"@type":"EntryPoint","urlTemplate":"https:\/\/skaitytaknyga.lt\/?s={search_term_string}"},"query-input":{"@type":"PropertyValueSpecification","valueRequired":true,"valueName":"search_term_string"}}],"inLanguage":"en-GB"},{"@type":"Organization","@id":"https:\/\/skaitytaknyga.lt\/#organization","name":"skaitytaknyga.lt","url":"https:\/\/skaitytaknyga.lt\/","logo":{"@type":"ImageObject","inLanguage":"en-GB","@id":"https:\/\/skaitytaknyga.lt\/#\/schema\/logo\/image\/","url":"https:\/\/skaitytaknyga.lt\/wp-content\/uploads\/2024\/05\/cropped-cropped-cropped-02_00843_jt3bggkj1j3HLc7SyY6rEUpg.jpeg","contentUrl":"https:\/\/skaitytaknyga.lt\/wp-content\/uploads\/2024\/05\/cropped-cropped-cropped-02_00843_jt3bggkj1j3HLc7SyY6rEUpg.jpeg","width":1600,"height":1600,"caption":"skaitytaknyga.lt"},"image":{"@id":"https:\/\/skaitytaknyga.lt\/#\/schema\/logo\/image\/"},"sameAs":["https:\/\/www.facebook.com\/skaitytaknyga\/"]}]}},"_links":{"self":[{"href":"https:\/\/skaitytaknyga.lt\/en\/wp-json\/wp\/v2\/product\/13810","targetHints":{"allow":["GET"]}}],"collection":[{"href":"https:\/\/skaitytaknyga.lt\/en\/wp-json\/wp\/v2\/product"}],"about":[{"href":"https:\/\/skaitytaknyga.lt\/en\/wp-json\/wp\/v2\/types\/product"}],"replies":[{"embeddable":true,"href":"https:\/\/skaitytaknyga.lt\/en\/wp-json\/wp\/v2\/comments?post=13810"}],"wp:featuredmedia":[{"embeddable":true,"href":"https:\/\/skaitytaknyga.lt\/en\/wp-json\/wp\/v2\/media\/13827"}],"wp:attachment":[{"href":"https:\/\/skaitytaknyga.lt\/en\/wp-json\/wp\/v2\/media?parent=13810"}],"wp:term":[{"taxonomy":"product_brand","embeddable":true,"href":"https:\/\/skaitytaknyga.lt\/en\/wp-json\/wp\/v2\/product_brand?post=13810"},{"taxonomy":"product_cat","embeddable":true,"href":"https:\/\/skaitytaknyga.lt\/en\/wp-json\/wp\/v2\/product_cat?post=13810"},{"taxonomy":"product_tag","embeddable":true,"href":"https:\/\/skaitytaknyga.lt\/en\/wp-json\/wp\/v2\/product_tag?post=13810"}],"curies":[{"name":"wp","href":"https:\/\/api.w.org\/{rel}","templated":true}]}}