{"id":13797,"date":"2024-09-10T08:49:08","date_gmt":"2024-09-10T05:49:08","guid":{"rendered":"https:\/\/skaitytaknyga.lt\/?post_type=product&#038;p=13797"},"modified":"2025-11-02T18:39:23","modified_gmt":"2025-11-02T16:39:23","slug":"candido-de-dalmases-tevas-ignacas","status":"publish","type":"product","link":"https:\/\/skaitytaknyga.lt\/en\/produktas\/candido-de-dalmases-tevas-ignacas\/","title":{"rendered":"Candido de Dalmases \u201eT\u0117vas Ignacas\u201c"},"content":{"rendered":"<p>\u0160i biografin\u0117 knyga apie gars\u0173 \u0161vent\u0105j\u012f Ignac\u0105 Lojol\u0105 tikrovi\u0161kai ir visapusi\u0161kai nu\u0161vie\u010dia J\u0117zaus draugijos \u012fk\u016br\u0117jo, naujos dvasingumo srov\u0117s dvasininko gyvenim\u0105.<\/p>\n<p>Pasakojimas apie i\u0161kilios XI a. asmenyb\u0117s dvasin\u012f keli\u0105 gali tapti puikiu palydovu tiems, kurie ie\u0161ko savojo kelio.<\/p>\n<ul class=\"about-product d-none d-xl-block mt-4\">\n<li><strong>Autorius:<\/strong>\u00a0Candido de Dalmases<\/li>\n<li><strong>Leid\u0117jas:<\/strong>\u00a0Katalik\u0173 pasaulis<\/li>\n<li><strong>Metai:<\/strong>\u00a02001<\/li>\n<li><strong>Puslapiai:<\/strong>\u00a0280<\/li>\n<li><strong>ISBN:<\/strong>\u00a09789986041504<\/li>\n<li><strong>Formatas:<\/strong>\u00a013 x 20 cm, mink\u0161ti vir\u0161eliai<\/li>\n<li><strong>Kalba:<\/strong>\u00a0Lietuvi\u0173<\/li>\n<li><strong>Vert\u0117jas:<\/strong>\u00a0Danut\u0117 Budreikait\u0117<\/li>\n<\/ul>\n","protected":false},"excerpt":{"rendered":"<p>\u0160i biografin\u0117 knyga apie gars\u0173 \u0161vent\u0105j\u012f Ignac\u0105 Lojol\u0105 tikrovi\u0161kai ir visapusi\u0161kai nu\u0161vie\u010dia J\u0117zaus draugijos \u012fk\u016br\u0117jo, naujos dvasingumo srov\u0117s dvasininko gyvenim\u0105. Pasakojimas apie i\u0161kilios XI a. asmenyb\u0117s dvasin\u012f keli\u0105 gali tapti puikiu palydovu tiems, kurie ie\u0161ko savojo kelio. Autorius:\u00a0Candido de Dalmases Leid\u0117jas:\u00a0Katalik\u0173 pasaulis Metai:\u00a02001 Puslapiai:\u00a0280 ISBN:\u00a09789986041504 Formatas:\u00a013 x 20 cm, mink\u0161ti vir\u0161eliai Kalba:\u00a0Lietuvi\u0173 Vert\u0117jas:\u00a0Danut\u0117 Budreikait\u0117<\/p>\n","protected":false},"featured_media":13798,"comment_status":"open","ping_status":"closed","template":"","meta":{"_acf_changed":false,"site-sidebar-layout":"default","site-content-layout":"","ast-site-content-layout":"default","site-content-style":"default","site-sidebar-style":"default","ast-global-header-display":"","ast-banner-title-visibility":"","ast-main-header-display":"","ast-hfb-above-header-display":"","ast-hfb-below-header-display":"","ast-hfb-mobile-header-display":"","site-post-title":"","ast-breadcrumbs-content":"","ast-featured-img":"","footer-sml-layout":"","ast-disable-related-posts":"","theme-transparent-header-meta":"default","adv-header-id-meta":"","stick-header-meta":"","header-above-stick-meta":"","header-main-stick-meta":"","header-below-stick-meta":"","astra-migrate-meta-layouts":"set","ast-page-background-enabled":"default","ast-page-background-meta":{"desktop":{"background-color":"","background-image":"","background-repeat":"repeat","background-position":"center center","background-size":"auto","background-attachment":"scroll","background-type":"","background-media":"","overlay-type":"","overlay-color":"","overlay-opacity":"","overlay-gradient":""},"tablet":{"background-color":"","background-image":"","background-repeat":"repeat","background-position":"center center","background-size":"auto","background-attachment":"scroll","background-type":"","background-media":"","overlay-type":"","overlay-color":"","overlay-opacity":"","overlay-gradient":""},"mobile":{"background-color":"","background-image":"","background-repeat":"repeat","background-position":"center center","background-size":"auto","background-attachment":"scroll","background-type":"","background-media":"","overlay-type":"","overlay-color":"","overlay-opacity":"","overlay-gradient":""}},"ast-content-background-meta":{"desktop":{"background-color":"var(--ast-global-color-4)","background-image":"","background-repeat":"repeat","background-position":"center center","background-size":"auto","background-attachment":"scroll","background-type":"","background-media":"","overlay-type":"","overlay-color":"","overlay-opacity":"","overlay-gradient":""},"tablet":{"background-color":"var(--ast-global-color-4)","background-image":"","background-repeat":"repeat","background-position":"center center","background-size":"auto","background-attachment":"scroll","background-type":"","background-media":"","overlay-type":"","overlay-color":"","overlay-opacity":"","overlay-gradient":""},"mobile":{"background-color":"var(--ast-global-color-4)","background-image":"","background-repeat":"repeat","background-position":"center center","background-size":"auto","background-attachment":"scroll","background-type":"","background-media":"","overlay-type":"","overlay-color":"","overlay-opacity":"","overlay-gradient":""}}},"product_brand":[],"product_cat":[33,15,165],"product_tag":[],"class_list":{"0":"post-13797","1":"product","2":"type-product","3":"status-publish","4":"has-post-thumbnail","6":"product_cat-biografijos","7":"product_cat-uncategorized","8":"product_cat-religija-filosofija-ir-ezoterika","9":"desktop-align-left","10":"tablet-align-left","11":"mobile-align-left","13":"first","14":"outofstock","15":"shipping-taxable","16":"purchasable","17":"product-type-simple"},"acf":[],"yoast_head":"<!-- This site is optimized with the Yoast SEO plugin v27.0 - https:\/\/yoast.com\/product\/yoast-seo-wordpress\/ -->\n<title>Candido de Dalmases \u201eT\u0117vas Ignacas\u201c<\/title>\n<meta name=\"description\" content=\"\u0160i biografin\u0117 knyga apie gars\u0173 \u0161vent\u0105j\u012f Ignac\u0105 Lojol\u0105 tikrovi\u0161kai ir visapusi\u0161kai nu\u0161vie\u010dia J\u0117zaus draugijos \u012fk\u016br\u0117jo, naujos dvasingumo srov\u0117s dvasininko\" \/>\n<meta name=\"robots\" content=\"index, follow, max-snippet:-1, max-image-preview:large, max-video-preview:-1\" \/>\n<link rel=\"canonical\" href=\"https:\/\/skaitytaknyga.lt\/en\/produktas\/candido-de-dalmases-tevas-ignacas\/\" \/>\n<meta property=\"og:locale\" content=\"en_GB\" \/>\n<meta property=\"og:locale:alternate\" content=\"lt_LT\" \/>\n<meta property=\"og:type\" content=\"article\" \/>\n<meta property=\"og:title\" content=\"Candido de Dalmases \u201eT\u0117vas Ignacas\u201c\" \/>\n<meta property=\"og:description\" content=\"\u0160i biografin\u0117 knyga apie gars\u0173 \u0161vent\u0105j\u012f Ignac\u0105 Lojol\u0105 tikrovi\u0161kai ir visapusi\u0161kai nu\u0161vie\u010dia J\u0117zaus draugijos \u012fk\u016br\u0117jo, naujos dvasingumo srov\u0117s dvasininko\" \/>\n<meta property=\"og:url\" content=\"https:\/\/skaitytaknyga.lt\/en\/produktas\/candido-de-dalmases-tevas-ignacas\/\" \/>\n<meta property=\"og:site_name\" content=\"Skaitytaknyga\" \/>\n<meta property=\"article:publisher\" content=\"https:\/\/www.facebook.com\/skaitytaknyga\/\" \/>\n<meta property=\"article:modified_time\" content=\"2025-11-02T16:39:23+00:00\" \/>\n<meta property=\"og:image\" content=\"https:\/\/skaitytaknyga.lt\/wp-content\/uploads\/2024\/09\/Tevas-Ignacas.webp\" \/>\n\t<meta property=\"og:image:width\" content=\"368\" \/>\n\t<meta property=\"og:image:height\" content=\"583\" \/>\n\t<meta property=\"og:image:type\" content=\"image\/webp\" \/>\n<meta name=\"twitter:card\" content=\"summary_large_image\" \/>\n<meta name=\"twitter:label1\" content=\"Estimated reading time\" \/>\n\t<meta name=\"twitter:data1\" content=\"1 minute\" \/>\n<script type=\"application\/ld+json\" class=\"yoast-schema-graph\">{\"@context\":\"https:\/\/schema.org\",\"@graph\":[{\"@type\":\"WebPage\",\"@id\":\"https:\/\/skaitytaknyga.lt\/produktas\/candido-de-dalmases-tevas-ignacas\/\",\"url\":\"https:\/\/skaitytaknyga.lt\/produktas\/candido-de-dalmases-tevas-ignacas\/\",\"name\":\"Candido de Dalmases \u201eT\u0117vas Ignacas\u201c\",\"isPartOf\":{\"@id\":\"https:\/\/skaitytaknyga.lt\/#website\"},\"primaryImageOfPage\":{\"@id\":\"https:\/\/skaitytaknyga.lt\/produktas\/candido-de-dalmases-tevas-ignacas\/#primaryimage\"},\"image\":{\"@id\":\"https:\/\/skaitytaknyga.lt\/produktas\/candido-de-dalmases-tevas-ignacas\/#primaryimage\"},\"thumbnailUrl\":\"https:\/\/skaitytaknyga.lt\/wp-content\/uploads\/2024\/09\/Tevas-Ignacas.webp\",\"datePublished\":\"2024-09-10T05:49:08+00:00\",\"dateModified\":\"2025-11-02T16:39:23+00:00\",\"description\":\"\u0160i biografin\u0117 knyga apie gars\u0173 \u0161vent\u0105j\u012f Ignac\u0105 Lojol\u0105 tikrovi\u0161kai ir visapusi\u0161kai nu\u0161vie\u010dia J\u0117zaus draugijos \u012fk\u016br\u0117jo, naujos dvasingumo srov\u0117s dvasininko\",\"breadcrumb\":{\"@id\":\"https:\/\/skaitytaknyga.lt\/produktas\/candido-de-dalmases-tevas-ignacas\/#breadcrumb\"},\"inLanguage\":\"en-GB\",\"potentialAction\":[{\"@type\":\"ReadAction\",\"target\":[\"https:\/\/skaitytaknyga.lt\/produktas\/candido-de-dalmases-tevas-ignacas\/\"]}]},{\"@type\":\"ImageObject\",\"inLanguage\":\"en-GB\",\"@id\":\"https:\/\/skaitytaknyga.lt\/produktas\/candido-de-dalmases-tevas-ignacas\/#primaryimage\",\"url\":\"https:\/\/skaitytaknyga.lt\/wp-content\/uploads\/2024\/09\/Tevas-Ignacas.webp\",\"contentUrl\":\"https:\/\/skaitytaknyga.lt\/wp-content\/uploads\/2024\/09\/Tevas-Ignacas.webp\",\"width\":368,\"height\":583,\"caption\":\"Candido de Dalmases \u201eT\u0117vas Ignacas\u201c\"},{\"@type\":\"BreadcrumbList\",\"@id\":\"https:\/\/skaitytaknyga.lt\/produktas\/candido-de-dalmases-tevas-ignacas\/#breadcrumb\",\"itemListElement\":[{\"@type\":\"ListItem\",\"position\":1,\"name\":\"Home\",\"item\":\"https:\/\/skaitytaknyga.lt\/\"},{\"@type\":\"ListItem\",\"position\":2,\"name\":\"Parduotuv\u0117\",\"item\":\"https:\/\/skaitytaknyga.lt\/knygu-parduotuve\/\"},{\"@type\":\"ListItem\",\"position\":3,\"name\":\"Candido de Dalmases \u201eT\u0117vas Ignacas\u201c\"}]},{\"@type\":\"WebSite\",\"@id\":\"https:\/\/skaitytaknyga.lt\/#website\",\"url\":\"https:\/\/skaitytaknyga.lt\/\",\"name\":\"skaitytaknyga.lt\",\"description\":\"Skaitytaknyga.lt \u2013 tai ma\u017eas \u0161eimos verslas, kuris prasid\u0117jo nuo meil\u0117s knygoms ir siekio i\u0161gelb\u0117ti knygas nuo likimo prie konteinerio. Kas vienam nereikalingas daiktas \u2013 kitam lobis, o mes esame tarpininkai, kurie padeda abiems tapti laimingesniems ???? \u017dinome kaip nelengva i\u0161gyventi ma\u017eiems verslams, tad nuo \u0161iol, \u010dia rasite ir kit\u0173, ma\u017e\u0173 \u0161eim\u0173 versl\u0173, rank\u0173 darbo, dovan\u0173 sau ir artimiesiems.\",\"publisher\":{\"@id\":\"https:\/\/skaitytaknyga.lt\/#organization\"},\"potentialAction\":[{\"@type\":\"SearchAction\",\"target\":{\"@type\":\"EntryPoint\",\"urlTemplate\":\"https:\/\/skaitytaknyga.lt\/?s={search_term_string}\"},\"query-input\":{\"@type\":\"PropertyValueSpecification\",\"valueRequired\":true,\"valueName\":\"search_term_string\"}}],\"inLanguage\":\"en-GB\"},{\"@type\":\"Organization\",\"@id\":\"https:\/\/skaitytaknyga.lt\/#organization\",\"name\":\"skaitytaknyga.lt\",\"url\":\"https:\/\/skaitytaknyga.lt\/\",\"logo\":{\"@type\":\"ImageObject\",\"inLanguage\":\"en-GB\",\"@id\":\"https:\/\/skaitytaknyga.lt\/#\/schema\/logo\/image\/\",\"url\":\"https:\/\/skaitytaknyga.lt\/wp-content\/uploads\/2024\/05\/cropped-cropped-cropped-02_00843_jt3bggkj1j3HLc7SyY6rEUpg.jpeg\",\"contentUrl\":\"https:\/\/skaitytaknyga.lt\/wp-content\/uploads\/2024\/05\/cropped-cropped-cropped-02_00843_jt3bggkj1j3HLc7SyY6rEUpg.jpeg\",\"width\":1600,\"height\":1600,\"caption\":\"skaitytaknyga.lt\"},\"image\":{\"@id\":\"https:\/\/skaitytaknyga.lt\/#\/schema\/logo\/image\/\"},\"sameAs\":[\"https:\/\/www.facebook.com\/skaitytaknyga\/\"]}]}<\/script>\n<!-- \/ Yoast SEO plugin. -->","yoast_head_json":{"title":"Candido de Dalmases \u201eT\u0117vas Ignacas\u201c","description":"\u0160i biografin\u0117 knyga apie gars\u0173 \u0161vent\u0105j\u012f Ignac\u0105 Lojol\u0105 tikrovi\u0161kai ir visapusi\u0161kai nu\u0161vie\u010dia J\u0117zaus draugijos \u012fk\u016br\u0117jo, naujos dvasingumo srov\u0117s dvasininko","robots":{"index":"index","follow":"follow","max-snippet":"max-snippet:-1","max-image-preview":"max-image-preview:large","max-video-preview":"max-video-preview:-1"},"canonical":"https:\/\/skaitytaknyga.lt\/en\/produktas\/candido-de-dalmases-tevas-ignacas\/","og_locale":"en_GB","og_type":"article","og_title":"[:lt]Candido de Dalmases \u201eT\u0117vas Ignacas\u201c[:] - Skaitytaknyga","og_description":"\u0160i biografin\u0117 knyga apie gars\u0173 \u0161vent\u0105j\u012f Ignac\u0105 Lojol\u0105 tikrovi\u0161kai ir visapusi\u0161kai nu\u0161vie\u010dia J\u0117zaus draugijos \u012fk\u016br\u0117jo, naujos dvasingumo srov\u0117s dvasininko","og_url":"https:\/\/skaitytaknyga.lt\/en\/produktas\/candido-de-dalmases-tevas-ignacas\/","og_site_name":"Skaitytaknyga","article_publisher":"https:\/\/www.facebook.com\/skaitytaknyga\/","article_modified_time":"2025-11-02T16:39:23+00:00","og_image":[{"width":368,"height":583,"url":"https:\/\/skaitytaknyga.lt\/wp-content\/uploads\/2024\/09\/Tevas-Ignacas.webp","type":"image\/webp"}],"twitter_card":"summary_large_image","twitter_misc":{"Estimated reading time":"1 minute"},"schema":{"@context":"https:\/\/schema.org","@graph":[{"@type":"WebPage","@id":"https:\/\/skaitytaknyga.lt\/produktas\/candido-de-dalmases-tevas-ignacas\/","url":"https:\/\/skaitytaknyga.lt\/produktas\/candido-de-dalmases-tevas-ignacas\/","name":"Candido de Dalmases \u201eT\u0117vas Ignacas\u201c","isPartOf":{"@id":"https:\/\/skaitytaknyga.lt\/#website"},"primaryImageOfPage":{"@id":"https:\/\/skaitytaknyga.lt\/produktas\/candido-de-dalmases-tevas-ignacas\/#primaryimage"},"image":{"@id":"https:\/\/skaitytaknyga.lt\/produktas\/candido-de-dalmases-tevas-ignacas\/#primaryimage"},"thumbnailUrl":"https:\/\/skaitytaknyga.lt\/wp-content\/uploads\/2024\/09\/Tevas-Ignacas.webp","datePublished":"2024-09-10T05:49:08+00:00","dateModified":"2025-11-02T16:39:23+00:00","description":"\u0160i biografin\u0117 knyga apie gars\u0173 \u0161vent\u0105j\u012f Ignac\u0105 Lojol\u0105 tikrovi\u0161kai ir visapusi\u0161kai nu\u0161vie\u010dia J\u0117zaus draugijos \u012fk\u016br\u0117jo, naujos dvasingumo srov\u0117s dvasininko","breadcrumb":{"@id":"https:\/\/skaitytaknyga.lt\/produktas\/candido-de-dalmases-tevas-ignacas\/#breadcrumb"},"inLanguage":"en-GB","potentialAction":[{"@type":"ReadAction","target":["https:\/\/skaitytaknyga.lt\/produktas\/candido-de-dalmases-tevas-ignacas\/"]}]},{"@type":"ImageObject","inLanguage":"en-GB","@id":"https:\/\/skaitytaknyga.lt\/produktas\/candido-de-dalmases-tevas-ignacas\/#primaryimage","url":"https:\/\/skaitytaknyga.lt\/wp-content\/uploads\/2024\/09\/Tevas-Ignacas.webp","contentUrl":"https:\/\/skaitytaknyga.lt\/wp-content\/uploads\/2024\/09\/Tevas-Ignacas.webp","width":368,"height":583,"caption":"Candido de Dalmases \u201eT\u0117vas Ignacas\u201c"},{"@type":"BreadcrumbList","@id":"https:\/\/skaitytaknyga.lt\/produktas\/candido-de-dalmases-tevas-ignacas\/#breadcrumb","itemListElement":[{"@type":"ListItem","position":1,"name":"Home","item":"https:\/\/skaitytaknyga.lt\/"},{"@type":"ListItem","position":2,"name":"Parduotuv\u0117","item":"https:\/\/skaitytaknyga.lt\/knygu-parduotuve\/"},{"@type":"ListItem","position":3,"name":"Candido de Dalmases \u201eT\u0117vas Ignacas\u201c"}]},{"@type":"WebSite","@id":"https:\/\/skaitytaknyga.lt\/#website","url":"https:\/\/skaitytaknyga.lt\/","name":"skaitytaknyga.lt","description":"Skaitytaknyga.lt \u2013 tai ma\u017eas \u0161eimos verslas, kuris prasid\u0117jo nuo meil\u0117s knygoms ir siekio i\u0161gelb\u0117ti knygas nuo likimo prie konteinerio. Kas vienam nereikalingas daiktas \u2013 kitam lobis, o mes esame tarpininkai, kurie padeda abiems tapti laimingesniems ???? \u017dinome kaip nelengva i\u0161gyventi ma\u017eiems verslams, tad nuo \u0161iol, \u010dia rasite ir kit\u0173, ma\u017e\u0173 \u0161eim\u0173 versl\u0173, rank\u0173 darbo, dovan\u0173 sau ir artimiesiems.","publisher":{"@id":"https:\/\/skaitytaknyga.lt\/#organization"},"potentialAction":[{"@type":"SearchAction","target":{"@type":"EntryPoint","urlTemplate":"https:\/\/skaitytaknyga.lt\/?s={search_term_string}"},"query-input":{"@type":"PropertyValueSpecification","valueRequired":true,"valueName":"search_term_string"}}],"inLanguage":"en-GB"},{"@type":"Organization","@id":"https:\/\/skaitytaknyga.lt\/#organization","name":"skaitytaknyga.lt","url":"https:\/\/skaitytaknyga.lt\/","logo":{"@type":"ImageObject","inLanguage":"en-GB","@id":"https:\/\/skaitytaknyga.lt\/#\/schema\/logo\/image\/","url":"https:\/\/skaitytaknyga.lt\/wp-content\/uploads\/2024\/05\/cropped-cropped-cropped-02_00843_jt3bggkj1j3HLc7SyY6rEUpg.jpeg","contentUrl":"https:\/\/skaitytaknyga.lt\/wp-content\/uploads\/2024\/05\/cropped-cropped-cropped-02_00843_jt3bggkj1j3HLc7SyY6rEUpg.jpeg","width":1600,"height":1600,"caption":"skaitytaknyga.lt"},"image":{"@id":"https:\/\/skaitytaknyga.lt\/#\/schema\/logo\/image\/"},"sameAs":["https:\/\/www.facebook.com\/skaitytaknyga\/"]}]}},"_links":{"self":[{"href":"https:\/\/skaitytaknyga.lt\/en\/wp-json\/wp\/v2\/product\/13797","targetHints":{"allow":["GET"]}}],"collection":[{"href":"https:\/\/skaitytaknyga.lt\/en\/wp-json\/wp\/v2\/product"}],"about":[{"href":"https:\/\/skaitytaknyga.lt\/en\/wp-json\/wp\/v2\/types\/product"}],"replies":[{"embeddable":true,"href":"https:\/\/skaitytaknyga.lt\/en\/wp-json\/wp\/v2\/comments?post=13797"}],"wp:featuredmedia":[{"embeddable":true,"href":"https:\/\/skaitytaknyga.lt\/en\/wp-json\/wp\/v2\/media\/13798"}],"wp:attachment":[{"href":"https:\/\/skaitytaknyga.lt\/en\/wp-json\/wp\/v2\/media?parent=13797"}],"wp:term":[{"taxonomy":"product_brand","embeddable":true,"href":"https:\/\/skaitytaknyga.lt\/en\/wp-json\/wp\/v2\/product_brand?post=13797"},{"taxonomy":"product_cat","embeddable":true,"href":"https:\/\/skaitytaknyga.lt\/en\/wp-json\/wp\/v2\/product_cat?post=13797"},{"taxonomy":"product_tag","embeddable":true,"href":"https:\/\/skaitytaknyga.lt\/en\/wp-json\/wp\/v2\/product_tag?post=13797"}],"curies":[{"name":"wp","href":"https:\/\/api.w.org\/{rel}","templated":true}]}}