{"id":13796,"date":"2024-09-10T08:49:08","date_gmt":"2024-09-10T05:49:08","guid":{"rendered":"https:\/\/skaitytaknyga.lt\/?post_type=product&#038;p=13796"},"modified":"2024-09-10T09:17:08","modified_gmt":"2024-09-10T06:17:08","slug":"darius-baronas-zemaiciu-krikstas-tyrimai-ir-refleksija","status":"publish","type":"product","link":"https:\/\/skaitytaknyga.lt\/en\/produktas\/darius-baronas-zemaiciu-krikstas-tyrimai-ir-refleksija\/","title":{"rendered":"Darius Baronas \u201e\u017demai\u010di\u0173 krik\u0161tas: tyrimai ir refleksija\u201c"},"content":{"rendered":"<p>Knygoje skelbiami svarbiausi XV-XXI a. prad\u017eios istoriografiniai tekstai apie \u017demai\u010di\u0173 krik\u0161t\u0105 ir \u017eemai\u010di\u0173 vyskupijos \u012fk\u016brim\u0105 (1413-1417). \u010cia pirm\u0105 kart\u0105 rasite vis\u0105 garsiojo 1416 m. \u017eemai\u010di\u0173 skundo tekst\u0105, i\u0161verst\u0105 \u012f lietuvi\u0173 kalb\u0105. Skirting\u0173 laikotarpi\u0173 ir \u012fvairi\u0173 istoriografini\u0173 tradicij\u0173 tekstai pateikia svarbius faktus, prasmingas \u012f\u017evalgas ir diskutuotinus vertinimus.<\/p>\n","protected":false},"excerpt":{"rendered":"<p>Knygoje skelbiami svarbiausi XV-XXI a. prad\u017eios istoriografiniai tekstai apie \u017demai\u010di\u0173 krik\u0161t\u0105 ir \u017eemai\u010di\u0173 vyskupijos \u012fk\u016brim\u0105 (1413-1417). \u010cia pirm\u0105 kart\u0105 rasite vis\u0105 garsiojo 1416 m. \u017eemai\u010di\u0173 skundo tekst\u0105, i\u0161verst\u0105 \u012f lietuvi\u0173 kalb\u0105. Skirting\u0173 laikotarpi\u0173 ir \u012fvairi\u0173 istoriografini\u0173 tradicij\u0173 tekstai pateikia svarbius faktus, prasmingas \u012f\u017evalgas ir diskutuotinus vertinimus.<\/p>\n","protected":false},"featured_media":13808,"comment_status":"open","ping_status":"closed","template":"","meta":{"_acf_changed":false,"site-sidebar-layout":"default","site-content-layout":"","ast-site-content-layout":"default","site-content-style":"default","site-sidebar-style":"default","ast-global-header-display":"","ast-banner-title-visibility":"","ast-main-header-display":"","ast-hfb-above-header-display":"","ast-hfb-below-header-display":"","ast-hfb-mobile-header-display":"","site-post-title":"","ast-breadcrumbs-content":"","ast-featured-img":"","footer-sml-layout":"","ast-disable-related-posts":"","theme-transparent-header-meta":"default","adv-header-id-meta":"","stick-header-meta":"","header-above-stick-meta":"","header-main-stick-meta":"","header-below-stick-meta":"","astra-migrate-meta-layouts":"set","ast-page-background-enabled":"default","ast-page-background-meta":{"desktop":{"background-color":"","background-image":"","background-repeat":"repeat","background-position":"center center","background-size":"auto","background-attachment":"scroll","background-type":"","background-media":"","overlay-type":"","overlay-color":"","overlay-opacity":"","overlay-gradient":""},"tablet":{"background-color":"","background-image":"","background-repeat":"repeat","background-position":"center center","background-size":"auto","background-attachment":"scroll","background-type":"","background-media":"","overlay-type":"","overlay-color":"","overlay-opacity":"","overlay-gradient":""},"mobile":{"background-color":"","background-image":"","background-repeat":"repeat","background-position":"center center","background-size":"auto","background-attachment":"scroll","background-type":"","background-media":"","overlay-type":"","overlay-color":"","overlay-opacity":"","overlay-gradient":""}},"ast-content-background-meta":{"desktop":{"background-color":"var(--ast-global-color-4)","background-image":"","background-repeat":"repeat","background-position":"center center","background-size":"auto","background-attachment":"scroll","background-type":"","background-media":"","overlay-type":"","overlay-color":"","overlay-opacity":"","overlay-gradient":""},"tablet":{"background-color":"var(--ast-global-color-4)","background-image":"","background-repeat":"repeat","background-position":"center center","background-size":"auto","background-attachment":"scroll","background-type":"","background-media":"","overlay-type":"","overlay-color":"","overlay-opacity":"","overlay-gradient":""},"mobile":{"background-color":"var(--ast-global-color-4)","background-image":"","background-repeat":"repeat","background-position":"center center","background-size":"auto","background-attachment":"scroll","background-type":"","background-media":"","overlay-type":"","overlay-color":"","overlay-opacity":"","overlay-gradient":""}}},"product_brand":[],"product_cat":[15],"product_tag":[],"class_list":{"0":"post-13796","1":"product","2":"type-product","3":"status-publish","4":"has-post-thumbnail","6":"product_cat-uncategorized","7":"desktop-align-left","8":"tablet-align-left","9":"mobile-align-left","11":"first","12":"instock","13":"shipping-taxable","14":"purchasable","15":"product-type-simple"},"acf":[],"yoast_head":"<!-- This site is optimized with the Yoast SEO plugin v27.0 - https:\/\/yoast.com\/product\/yoast-seo-wordpress\/ -->\n<title>Darius Baronas \u201e\u017demai\u010di\u0173 krik\u0161tas: tyrimai ir refleksija\u201c<\/title>\n<meta name=\"description\" content=\"Knygoje skelbiami svarbiausi XV-XXI a. prad\u017eios istoriografiniai tekstai apie \u017demai\u010di\u0173 krik\u0161t\u0105 ir \u017eemai\u010di\u0173 vyskupijos \u012fk\u016brim\u0105 (1413-1417). \u010cia pirm\u0105 kart\u0105\" \/>\n<meta name=\"robots\" content=\"index, follow, max-snippet:-1, max-image-preview:large, max-video-preview:-1\" \/>\n<link rel=\"canonical\" href=\"https:\/\/skaitytaknyga.lt\/en\/produktas\/darius-baronas-zemaiciu-krikstas-tyrimai-ir-refleksija\/\" \/>\n<meta property=\"og:locale\" content=\"en_GB\" \/>\n<meta property=\"og:locale:alternate\" content=\"lt_LT\" \/>\n<meta property=\"og:type\" content=\"article\" \/>\n<meta property=\"og:title\" content=\"Darius Baronas \u201e\u017demai\u010di\u0173 krik\u0161tas: tyrimai ir refleksija\u201c\" \/>\n<meta property=\"og:description\" content=\"Knygoje skelbiami svarbiausi XV-XXI a. prad\u017eios istoriografiniai tekstai apie \u017demai\u010di\u0173 krik\u0161t\u0105 ir \u017eemai\u010di\u0173 vyskupijos \u012fk\u016brim\u0105 (1413-1417). \u010cia pirm\u0105 kart\u0105\" \/>\n<meta property=\"og:url\" content=\"https:\/\/skaitytaknyga.lt\/en\/produktas\/darius-baronas-zemaiciu-krikstas-tyrimai-ir-refleksija\/\" \/>\n<meta property=\"og:site_name\" content=\"Skaitytaknyga\" \/>\n<meta property=\"article:publisher\" content=\"https:\/\/www.facebook.com\/skaitytaknyga\/\" \/>\n<meta property=\"article:modified_time\" content=\"2024-09-10T06:17:08+00:00\" \/>\n<meta property=\"og:image\" content=\"https:\/\/skaitytaknyga.lt\/wp-content\/uploads\/2024\/09\/krikstas.jpg\" \/>\n\t<meta property=\"og:image:width\" content=\"187\" \/>\n\t<meta property=\"og:image:height\" content=\"270\" \/>\n\t<meta property=\"og:image:type\" content=\"image\/jpeg\" \/>\n<meta name=\"twitter:card\" content=\"summary_large_image\" \/>\n<meta name=\"twitter:label1\" content=\"Estimated reading time\" \/>\n\t<meta name=\"twitter:data1\" content=\"1 minute\" \/>\n<script type=\"application\/ld+json\" class=\"yoast-schema-graph\">{\"@context\":\"https:\/\/schema.org\",\"@graph\":[{\"@type\":\"WebPage\",\"@id\":\"https:\/\/skaitytaknyga.lt\/produktas\/darius-baronas-zemaiciu-krikstas-tyrimai-ir-refleksija\/\",\"url\":\"https:\/\/skaitytaknyga.lt\/produktas\/darius-baronas-zemaiciu-krikstas-tyrimai-ir-refleksija\/\",\"name\":\"Darius Baronas \u201e\u017demai\u010di\u0173 krik\u0161tas: tyrimai ir refleksija\u201c\",\"isPartOf\":{\"@id\":\"https:\/\/skaitytaknyga.lt\/#website\"},\"primaryImageOfPage\":{\"@id\":\"https:\/\/skaitytaknyga.lt\/produktas\/darius-baronas-zemaiciu-krikstas-tyrimai-ir-refleksija\/#primaryimage\"},\"image\":{\"@id\":\"https:\/\/skaitytaknyga.lt\/produktas\/darius-baronas-zemaiciu-krikstas-tyrimai-ir-refleksija\/#primaryimage\"},\"thumbnailUrl\":\"https:\/\/skaitytaknyga.lt\/wp-content\/uploads\/2024\/09\/krikstas.jpg\",\"datePublished\":\"2024-09-10T05:49:08+00:00\",\"dateModified\":\"2024-09-10T06:17:08+00:00\",\"description\":\"Knygoje skelbiami svarbiausi XV-XXI a. prad\u017eios istoriografiniai tekstai apie \u017demai\u010di\u0173 krik\u0161t\u0105 ir \u017eemai\u010di\u0173 vyskupijos \u012fk\u016brim\u0105 (1413-1417). \u010cia pirm\u0105 kart\u0105\",\"breadcrumb\":{\"@id\":\"https:\/\/skaitytaknyga.lt\/produktas\/darius-baronas-zemaiciu-krikstas-tyrimai-ir-refleksija\/#breadcrumb\"},\"inLanguage\":\"en-GB\",\"potentialAction\":[{\"@type\":\"ReadAction\",\"target\":[\"https:\/\/skaitytaknyga.lt\/produktas\/darius-baronas-zemaiciu-krikstas-tyrimai-ir-refleksija\/\"]}]},{\"@type\":\"ImageObject\",\"inLanguage\":\"en-GB\",\"@id\":\"https:\/\/skaitytaknyga.lt\/produktas\/darius-baronas-zemaiciu-krikstas-tyrimai-ir-refleksija\/#primaryimage\",\"url\":\"https:\/\/skaitytaknyga.lt\/wp-content\/uploads\/2024\/09\/krikstas.jpg\",\"contentUrl\":\"https:\/\/skaitytaknyga.lt\/wp-content\/uploads\/2024\/09\/krikstas.jpg\",\"width\":187,\"height\":270,\"caption\":\"Darius Baronas \u201e\u017demai\u010di\u0173 krik\u0161tas: tyrimai ir refleksija\u201c\"},{\"@type\":\"BreadcrumbList\",\"@id\":\"https:\/\/skaitytaknyga.lt\/produktas\/darius-baronas-zemaiciu-krikstas-tyrimai-ir-refleksija\/#breadcrumb\",\"itemListElement\":[{\"@type\":\"ListItem\",\"position\":1,\"name\":\"Home\",\"item\":\"https:\/\/skaitytaknyga.lt\/\"},{\"@type\":\"ListItem\",\"position\":2,\"name\":\"Parduotuv\u0117\",\"item\":\"https:\/\/skaitytaknyga.lt\/knygu-parduotuve\/\"},{\"@type\":\"ListItem\",\"position\":3,\"name\":\"Darius Baronas \u201e\u017demai\u010di\u0173 krik\u0161tas: tyrimai ir refleksija\u201c\"}]},{\"@type\":\"WebSite\",\"@id\":\"https:\/\/skaitytaknyga.lt\/#website\",\"url\":\"https:\/\/skaitytaknyga.lt\/\",\"name\":\"skaitytaknyga.lt\",\"description\":\"Skaitytaknyga.lt \u2013 tai ma\u017eas \u0161eimos verslas, kuris prasid\u0117jo nuo meil\u0117s knygoms ir siekio i\u0161gelb\u0117ti knygas nuo likimo prie konteinerio. Kas vienam nereikalingas daiktas \u2013 kitam lobis, o mes esame tarpininkai, kurie padeda abiems tapti laimingesniems ???? \u017dinome kaip nelengva i\u0161gyventi ma\u017eiems verslams, tad nuo \u0161iol, \u010dia rasite ir kit\u0173, ma\u017e\u0173 \u0161eim\u0173 versl\u0173, rank\u0173 darbo, dovan\u0173 sau ir artimiesiems.\",\"publisher\":{\"@id\":\"https:\/\/skaitytaknyga.lt\/#organization\"},\"potentialAction\":[{\"@type\":\"SearchAction\",\"target\":{\"@type\":\"EntryPoint\",\"urlTemplate\":\"https:\/\/skaitytaknyga.lt\/?s={search_term_string}\"},\"query-input\":{\"@type\":\"PropertyValueSpecification\",\"valueRequired\":true,\"valueName\":\"search_term_string\"}}],\"inLanguage\":\"en-GB\"},{\"@type\":\"Organization\",\"@id\":\"https:\/\/skaitytaknyga.lt\/#organization\",\"name\":\"skaitytaknyga.lt\",\"url\":\"https:\/\/skaitytaknyga.lt\/\",\"logo\":{\"@type\":\"ImageObject\",\"inLanguage\":\"en-GB\",\"@id\":\"https:\/\/skaitytaknyga.lt\/#\/schema\/logo\/image\/\",\"url\":\"https:\/\/skaitytaknyga.lt\/wp-content\/uploads\/2024\/05\/cropped-cropped-cropped-02_00843_jt3bggkj1j3HLc7SyY6rEUpg.jpeg\",\"contentUrl\":\"https:\/\/skaitytaknyga.lt\/wp-content\/uploads\/2024\/05\/cropped-cropped-cropped-02_00843_jt3bggkj1j3HLc7SyY6rEUpg.jpeg\",\"width\":1600,\"height\":1600,\"caption\":\"skaitytaknyga.lt\"},\"image\":{\"@id\":\"https:\/\/skaitytaknyga.lt\/#\/schema\/logo\/image\/\"},\"sameAs\":[\"https:\/\/www.facebook.com\/skaitytaknyga\/\"]}]}<\/script>\n<!-- \/ Yoast SEO plugin. -->","yoast_head_json":{"title":"Darius Baronas \u201e\u017demai\u010di\u0173 krik\u0161tas: tyrimai ir refleksija\u201c","description":"Knygoje skelbiami svarbiausi XV-XXI a. prad\u017eios istoriografiniai tekstai apie \u017demai\u010di\u0173 krik\u0161t\u0105 ir \u017eemai\u010di\u0173 vyskupijos \u012fk\u016brim\u0105 (1413-1417). \u010cia pirm\u0105 kart\u0105","robots":{"index":"index","follow":"follow","max-snippet":"max-snippet:-1","max-image-preview":"max-image-preview:large","max-video-preview":"max-video-preview:-1"},"canonical":"https:\/\/skaitytaknyga.lt\/en\/produktas\/darius-baronas-zemaiciu-krikstas-tyrimai-ir-refleksija\/","og_locale":"en_GB","og_type":"article","og_title":"[:lt]Darius Baronas \u201e\u017demai\u010di\u0173 krik\u0161tas: tyrimai ir refleksija\u201c[:] - Skaitytaknyga","og_description":"Knygoje skelbiami svarbiausi XV-XXI a. prad\u017eios istoriografiniai tekstai apie \u017demai\u010di\u0173 krik\u0161t\u0105 ir \u017eemai\u010di\u0173 vyskupijos \u012fk\u016brim\u0105 (1413-1417). \u010cia pirm\u0105 kart\u0105","og_url":"https:\/\/skaitytaknyga.lt\/en\/produktas\/darius-baronas-zemaiciu-krikstas-tyrimai-ir-refleksija\/","og_site_name":"Skaitytaknyga","article_publisher":"https:\/\/www.facebook.com\/skaitytaknyga\/","article_modified_time":"2024-09-10T06:17:08+00:00","og_image":[{"width":187,"height":270,"url":"https:\/\/skaitytaknyga.lt\/wp-content\/uploads\/2024\/09\/krikstas.jpg","type":"image\/jpeg"}],"twitter_card":"summary_large_image","twitter_misc":{"Estimated reading time":"1 minute"},"schema":{"@context":"https:\/\/schema.org","@graph":[{"@type":"WebPage","@id":"https:\/\/skaitytaknyga.lt\/produktas\/darius-baronas-zemaiciu-krikstas-tyrimai-ir-refleksija\/","url":"https:\/\/skaitytaknyga.lt\/produktas\/darius-baronas-zemaiciu-krikstas-tyrimai-ir-refleksija\/","name":"Darius Baronas \u201e\u017demai\u010di\u0173 krik\u0161tas: tyrimai ir refleksija\u201c","isPartOf":{"@id":"https:\/\/skaitytaknyga.lt\/#website"},"primaryImageOfPage":{"@id":"https:\/\/skaitytaknyga.lt\/produktas\/darius-baronas-zemaiciu-krikstas-tyrimai-ir-refleksija\/#primaryimage"},"image":{"@id":"https:\/\/skaitytaknyga.lt\/produktas\/darius-baronas-zemaiciu-krikstas-tyrimai-ir-refleksija\/#primaryimage"},"thumbnailUrl":"https:\/\/skaitytaknyga.lt\/wp-content\/uploads\/2024\/09\/krikstas.jpg","datePublished":"2024-09-10T05:49:08+00:00","dateModified":"2024-09-10T06:17:08+00:00","description":"Knygoje skelbiami svarbiausi XV-XXI a. prad\u017eios istoriografiniai tekstai apie \u017demai\u010di\u0173 krik\u0161t\u0105 ir \u017eemai\u010di\u0173 vyskupijos \u012fk\u016brim\u0105 (1413-1417). \u010cia pirm\u0105 kart\u0105","breadcrumb":{"@id":"https:\/\/skaitytaknyga.lt\/produktas\/darius-baronas-zemaiciu-krikstas-tyrimai-ir-refleksija\/#breadcrumb"},"inLanguage":"en-GB","potentialAction":[{"@type":"ReadAction","target":["https:\/\/skaitytaknyga.lt\/produktas\/darius-baronas-zemaiciu-krikstas-tyrimai-ir-refleksija\/"]}]},{"@type":"ImageObject","inLanguage":"en-GB","@id":"https:\/\/skaitytaknyga.lt\/produktas\/darius-baronas-zemaiciu-krikstas-tyrimai-ir-refleksija\/#primaryimage","url":"https:\/\/skaitytaknyga.lt\/wp-content\/uploads\/2024\/09\/krikstas.jpg","contentUrl":"https:\/\/skaitytaknyga.lt\/wp-content\/uploads\/2024\/09\/krikstas.jpg","width":187,"height":270,"caption":"Darius Baronas \u201e\u017demai\u010di\u0173 krik\u0161tas: tyrimai ir refleksija\u201c"},{"@type":"BreadcrumbList","@id":"https:\/\/skaitytaknyga.lt\/produktas\/darius-baronas-zemaiciu-krikstas-tyrimai-ir-refleksija\/#breadcrumb","itemListElement":[{"@type":"ListItem","position":1,"name":"Home","item":"https:\/\/skaitytaknyga.lt\/"},{"@type":"ListItem","position":2,"name":"Parduotuv\u0117","item":"https:\/\/skaitytaknyga.lt\/knygu-parduotuve\/"},{"@type":"ListItem","position":3,"name":"Darius Baronas \u201e\u017demai\u010di\u0173 krik\u0161tas: tyrimai ir refleksija\u201c"}]},{"@type":"WebSite","@id":"https:\/\/skaitytaknyga.lt\/#website","url":"https:\/\/skaitytaknyga.lt\/","name":"skaitytaknyga.lt","description":"Skaitytaknyga.lt \u2013 tai ma\u017eas \u0161eimos verslas, kuris prasid\u0117jo nuo meil\u0117s knygoms ir siekio i\u0161gelb\u0117ti knygas nuo likimo prie konteinerio. Kas vienam nereikalingas daiktas \u2013 kitam lobis, o mes esame tarpininkai, kurie padeda abiems tapti laimingesniems ???? \u017dinome kaip nelengva i\u0161gyventi ma\u017eiems verslams, tad nuo \u0161iol, \u010dia rasite ir kit\u0173, ma\u017e\u0173 \u0161eim\u0173 versl\u0173, rank\u0173 darbo, dovan\u0173 sau ir artimiesiems.","publisher":{"@id":"https:\/\/skaitytaknyga.lt\/#organization"},"potentialAction":[{"@type":"SearchAction","target":{"@type":"EntryPoint","urlTemplate":"https:\/\/skaitytaknyga.lt\/?s={search_term_string}"},"query-input":{"@type":"PropertyValueSpecification","valueRequired":true,"valueName":"search_term_string"}}],"inLanguage":"en-GB"},{"@type":"Organization","@id":"https:\/\/skaitytaknyga.lt\/#organization","name":"skaitytaknyga.lt","url":"https:\/\/skaitytaknyga.lt\/","logo":{"@type":"ImageObject","inLanguage":"en-GB","@id":"https:\/\/skaitytaknyga.lt\/#\/schema\/logo\/image\/","url":"https:\/\/skaitytaknyga.lt\/wp-content\/uploads\/2024\/05\/cropped-cropped-cropped-02_00843_jt3bggkj1j3HLc7SyY6rEUpg.jpeg","contentUrl":"https:\/\/skaitytaknyga.lt\/wp-content\/uploads\/2024\/05\/cropped-cropped-cropped-02_00843_jt3bggkj1j3HLc7SyY6rEUpg.jpeg","width":1600,"height":1600,"caption":"skaitytaknyga.lt"},"image":{"@id":"https:\/\/skaitytaknyga.lt\/#\/schema\/logo\/image\/"},"sameAs":["https:\/\/www.facebook.com\/skaitytaknyga\/"]}]}},"_links":{"self":[{"href":"https:\/\/skaitytaknyga.lt\/en\/wp-json\/wp\/v2\/product\/13796","targetHints":{"allow":["GET"]}}],"collection":[{"href":"https:\/\/skaitytaknyga.lt\/en\/wp-json\/wp\/v2\/product"}],"about":[{"href":"https:\/\/skaitytaknyga.lt\/en\/wp-json\/wp\/v2\/types\/product"}],"replies":[{"embeddable":true,"href":"https:\/\/skaitytaknyga.lt\/en\/wp-json\/wp\/v2\/comments?post=13796"}],"wp:featuredmedia":[{"embeddable":true,"href":"https:\/\/skaitytaknyga.lt\/en\/wp-json\/wp\/v2\/media\/13808"}],"wp:attachment":[{"href":"https:\/\/skaitytaknyga.lt\/en\/wp-json\/wp\/v2\/media?parent=13796"}],"wp:term":[{"taxonomy":"product_brand","embeddable":true,"href":"https:\/\/skaitytaknyga.lt\/en\/wp-json\/wp\/v2\/product_brand?post=13796"},{"taxonomy":"product_cat","embeddable":true,"href":"https:\/\/skaitytaknyga.lt\/en\/wp-json\/wp\/v2\/product_cat?post=13796"},{"taxonomy":"product_tag","embeddable":true,"href":"https:\/\/skaitytaknyga.lt\/en\/wp-json\/wp\/v2\/product_tag?post=13796"}],"curies":[{"name":"wp","href":"https:\/\/api.w.org\/{rel}","templated":true}]}}