{"id":13794,"date":"2024-04-10T08:49:08","date_gmt":"2024-04-10T05:49:08","guid":{"rendered":"https:\/\/skaitytaknyga.lt\/?post_type=product&#038;p=13794"},"modified":"2024-09-10T09:25:01","modified_gmt":"2024-09-10T06:25:01","slug":"tu-labiausiai-palaiminta-is-visu-moteru","status":"publish","type":"product","link":"https:\/\/skaitytaknyga.lt\/en\/produktas\/tu-labiausiai-palaiminta-is-visu-moteru\/","title":{"rendered":"Tu labiausiai palaiminta i\u0161 vis\u0173 moter\u0173"},"content":{"rendered":"<p>N\u0117 viena moteris nebuvo tiek vaizduojama, tiek kontempliuojama ir apdainuojama ir n\u0117 vienos nebuvo taip \u0161aukiamasi, kaip \u012f Marij\u0105 i\u0161 Nazareto! Pamaldumas \u012f \u0160ven\u010diausi\u0105j\u0105 Mergel\u0119 Marij\u0105, turintis gilias \u0161aknis \u0160vent\u0105jame Ra\u0161te ir Ba\u017eny\u010dios tradicijoje, n\u0117ra antraeilis dalykas, nes jis atspindi tikin\u010di\u0173j\u0173 kelion\u0119 link Dievo ir Dievo kelion\u0119 link \u017emogaus. Tod\u0117l Elzbieta Marij\u0105 ir pavadina \u201elabiausiai palaiminta ir vis\u0173 moter\u0173\u201c.<\/p>\n<p>Marija yra geriausias pavyzdys visoms vis\u0173 laik\u0173 ir kra\u0161t\u0173 moterims, nes ji primena ir \u012fkvepia teigiamas, kiekvienos moters \u0161irdyje \u012fdiegtas savybes. Be to, Marijoje tarsi veidrodyje kiekvienas krik\u0161\u010dionis \u012f\u017evelgia pa\u0161aukim\u0105, kuriam j\u012f pa\u0161auk\u0117 Dievas, ir ties\u0173 keli\u0105 \u012f nes\u0105lygi\u0161k\u0105, tikr\u0105 ir nuo\u0161ird\u0173 tik\u0117jim\u0105.<\/p>\n<p>Autoriai \u0161ioje knygel\u0117je pateiktus kunig\u0173, vienuoli\u0173 ir pasaulie\u010di\u0173 m\u0105stymus bei maldas si\u016blo naudoti ne tik tradici\u0161kai pamaldumui \u012f \u0160v\u010d. Mergel\u0119 Marij\u0105 pa\u0161v\u0119staisiais m\u0117nesiais \u2013 gegu\u017e\u0119 ir spal\u012f, rengiantis jos \u0161vent\u0117ms, bet ir piligrimini\u0173 kelioni\u0173 \u012f Motinos apsirei\u0161kimo vietas metu. Viena i\u0161 j\u0173 \u2013 \u0160iluva. Apsirei\u0161kimas joje laikomas pirmuoju Marijos pasirodymu Europoje ir vienu i\u0161 penki\u0173 Ba\u017eny\u010dios pripa\u017e\u012fstam\u0173. Knygel\u0117s 13 skyrelis skiriamas \u0160v\u010d. Mergel\u0117s Marijos, Ligoni\u0173 Sveikatos, dienai \u0160iluvoje.<\/p>\n","protected":false},"excerpt":{"rendered":"<p>N\u0117 viena moteris nebuvo tiek vaizduojama, tiek kontempliuojama ir apdainuojama ir n\u0117 vienos nebuvo taip \u0161aukiamasi, kaip \u012f Marij\u0105 i\u0161 Nazareto! Pamaldumas \u012f \u0160ven\u010diausi\u0105j\u0105 Mergel\u0119 Marij\u0105, turintis gilias \u0161aknis \u0160vent\u0105jame Ra\u0161te ir Ba\u017eny\u010dios tradicijoje, n\u0117ra antraeilis dalykas, nes jis atspindi tikin\u010di\u0173j\u0173 kelion\u0119 link Dievo ir Dievo kelion\u0119 link \u017emogaus. Tod\u0117l Elzbieta Marij\u0105 ir pavadina \u201elabiausiai palaiminta ir vis\u0173 moter\u0173\u201c. Marija yra geriausias pavyzdys visoms vis\u0173 laik\u0173 ir kra\u0161t\u0173 moterims, nes ji primena ir \u012fkvepia teigiamas, kiekvienos moters \u0161irdyje \u012fdiegtas savybes. Be to, Marijoje tarsi veidrodyje kiekvienas krik\u0161\u010dionis \u012f\u017evelgia pa\u0161aukim\u0105, kuriam j\u012f pa\u0161auk\u0117 Dievas, ir ties\u0173 keli\u0105 \u012f nes\u0105lygi\u0161k\u0105, tikr\u0105 ir nuo\u0161ird\u0173 tik\u0117jim\u0105. Autoriai \u0161ioje knygel\u0117je pateiktus kunig\u0173, vienuoli\u0173 ir pasaulie\u010di\u0173 m\u0105stymus bei maldas si\u016blo naudoti ne tik tradici\u0161kai pamaldumui \u012f \u0160v\u010d. Mergel\u0119 Marij\u0105 pa\u0161v\u0119staisiais m\u0117nesiais \u2013 gegu\u017e\u0119 ir spal\u012f, rengiantis jos \u0161vent\u0117ms, bet ir piligrimini\u0173 kelioni\u0173 \u012f Motinos apsirei\u0161kimo vietas metu. Viena i\u0161 j\u0173 \u2013 \u0160iluva. Apsirei\u0161kimas joje laikomas pirmuoju Marijos pasirodymu Europoje ir vienu i\u0161 penki\u0173 Ba\u017eny\u010dios pripa\u017e\u012fstam\u0173. Knygel\u0117s 13 skyrelis skiriamas \u0160v\u010d. Mergel\u0117s Marijos, Ligoni\u0173 Sveikatos, dienai \u0160iluvoje.<\/p>\n","protected":false},"featured_media":13800,"comment_status":"open","ping_status":"closed","template":"","meta":{"_acf_changed":false,"site-sidebar-layout":"default","site-content-layout":"","ast-site-content-layout":"default","site-content-style":"default","site-sidebar-style":"default","ast-global-header-display":"","ast-banner-title-visibility":"","ast-main-header-display":"","ast-hfb-above-header-display":"","ast-hfb-below-header-display":"","ast-hfb-mobile-header-display":"","site-post-title":"","ast-breadcrumbs-content":"","ast-featured-img":"","footer-sml-layout":"","ast-disable-related-posts":"","theme-transparent-header-meta":"default","adv-header-id-meta":"","stick-header-meta":"","header-above-stick-meta":"","header-main-stick-meta":"","header-below-stick-meta":"","astra-migrate-meta-layouts":"set","ast-page-background-enabled":"default","ast-page-background-meta":{"desktop":{"background-color":"","background-image":"","background-repeat":"repeat","background-position":"center center","background-size":"auto","background-attachment":"scroll","background-type":"","background-media":"","overlay-type":"","overlay-color":"","overlay-opacity":"","overlay-gradient":""},"tablet":{"background-color":"","background-image":"","background-repeat":"repeat","background-position":"center center","background-size":"auto","background-attachment":"scroll","background-type":"","background-media":"","overlay-type":"","overlay-color":"","overlay-opacity":"","overlay-gradient":""},"mobile":{"background-color":"","background-image":"","background-repeat":"repeat","background-position":"center center","background-size":"auto","background-attachment":"scroll","background-type":"","background-media":"","overlay-type":"","overlay-color":"","overlay-opacity":"","overlay-gradient":""}},"ast-content-background-meta":{"desktop":{"background-color":"var(--ast-global-color-4)","background-image":"","background-repeat":"repeat","background-position":"center center","background-size":"auto","background-attachment":"scroll","background-type":"","background-media":"","overlay-type":"","overlay-color":"","overlay-opacity":"","overlay-gradient":""},"tablet":{"background-color":"var(--ast-global-color-4)","background-image":"","background-repeat":"repeat","background-position":"center center","background-size":"auto","background-attachment":"scroll","background-type":"","background-media":"","overlay-type":"","overlay-color":"","overlay-opacity":"","overlay-gradient":""},"mobile":{"background-color":"var(--ast-global-color-4)","background-image":"","background-repeat":"repeat","background-position":"center center","background-size":"auto","background-attachment":"scroll","background-type":"","background-media":"","overlay-type":"","overlay-color":"","overlay-opacity":"","overlay-gradient":""}}},"product_brand":[],"product_cat":[15,165],"product_tag":[],"class_list":{"0":"post-13794","1":"product","2":"type-product","3":"status-publish","4":"has-post-thumbnail","6":"product_cat-uncategorized","7":"product_cat-religija-filosofija-ir-ezoterika","8":"desktop-align-left","9":"tablet-align-left","10":"mobile-align-left","12":"first","13":"instock","14":"shipping-taxable","15":"purchasable","16":"product-type-simple"},"acf":[],"yoast_head":"<!-- This site is optimized with the Yoast SEO plugin v27.0 - https:\/\/yoast.com\/product\/yoast-seo-wordpress\/ -->\n<title>Tu labiausiai palaiminta i\u0161 vis\u0173 moter\u0173<\/title>\n<meta name=\"description\" content=\"N\u0117 viena moteris nebuvo tiek vaizduojama, tiek kontempliuojama ir apdainuojama ir n\u0117 vienos nebuvo taip \u0161aukiamasi, kaip \u012f Marij\u0105 i\u0161 Nazareto! Pamaldumas\" \/>\n<meta name=\"robots\" content=\"index, follow, max-snippet:-1, max-image-preview:large, max-video-preview:-1\" \/>\n<link rel=\"canonical\" href=\"https:\/\/skaitytaknyga.lt\/en\/produktas\/tu-labiausiai-palaiminta-is-visu-moteru\/\" \/>\n<meta property=\"og:locale\" content=\"en_GB\" \/>\n<meta property=\"og:locale:alternate\" content=\"lt_LT\" \/>\n<meta property=\"og:type\" content=\"article\" \/>\n<meta property=\"og:title\" content=\"Tu labiausiai palaiminta i\u0161 vis\u0173 moter\u0173\" \/>\n<meta property=\"og:description\" content=\"N\u0117 viena moteris nebuvo tiek vaizduojama, tiek kontempliuojama ir apdainuojama ir n\u0117 vienos nebuvo taip \u0161aukiamasi, kaip \u012f Marij\u0105 i\u0161 Nazareto! Pamaldumas\" \/>\n<meta property=\"og:url\" content=\"https:\/\/skaitytaknyga.lt\/en\/produktas\/tu-labiausiai-palaiminta-is-visu-moteru\/\" \/>\n<meta property=\"og:site_name\" content=\"Skaitytaknyga\" \/>\n<meta property=\"article:publisher\" content=\"https:\/\/www.facebook.com\/skaitytaknyga\/\" \/>\n<meta property=\"article:modified_time\" content=\"2024-09-10T06:25:01+00:00\" \/>\n<meta property=\"og:image\" content=\"https:\/\/skaitytaknyga.lt\/wp-content\/uploads\/2024\/09\/Tu-labiausiai-palaiminta-is-visu-moteru.jpg\" \/>\n\t<meta property=\"og:image:width\" content=\"400\" \/>\n\t<meta property=\"og:image:height\" content=\"640\" \/>\n\t<meta property=\"og:image:type\" content=\"image\/jpeg\" \/>\n<meta name=\"twitter:card\" content=\"summary_large_image\" \/>\n<meta name=\"twitter:label1\" content=\"Estimated reading time\" \/>\n\t<meta name=\"twitter:data1\" content=\"2 minutes\" \/>\n<script type=\"application\/ld+json\" class=\"yoast-schema-graph\">{\"@context\":\"https:\/\/schema.org\",\"@graph\":[{\"@type\":\"WebPage\",\"@id\":\"https:\/\/skaitytaknyga.lt\/produktas\/tu-labiausiai-palaiminta-is-visu-moteru\/\",\"url\":\"https:\/\/skaitytaknyga.lt\/produktas\/tu-labiausiai-palaiminta-is-visu-moteru\/\",\"name\":\"Tu labiausiai palaiminta i\u0161 vis\u0173 moter\u0173\",\"isPartOf\":{\"@id\":\"https:\/\/skaitytaknyga.lt\/#website\"},\"primaryImageOfPage\":{\"@id\":\"https:\/\/skaitytaknyga.lt\/produktas\/tu-labiausiai-palaiminta-is-visu-moteru\/#primaryimage\"},\"image\":{\"@id\":\"https:\/\/skaitytaknyga.lt\/produktas\/tu-labiausiai-palaiminta-is-visu-moteru\/#primaryimage\"},\"thumbnailUrl\":\"https:\/\/skaitytaknyga.lt\/wp-content\/uploads\/2024\/09\/Tu-labiausiai-palaiminta-is-visu-moteru.jpg\",\"datePublished\":\"2024-04-10T05:49:08+00:00\",\"dateModified\":\"2024-09-10T06:25:01+00:00\",\"description\":\"N\u0117 viena moteris nebuvo tiek vaizduojama, tiek kontempliuojama ir apdainuojama ir n\u0117 vienos nebuvo taip \u0161aukiamasi, kaip \u012f Marij\u0105 i\u0161 Nazareto! Pamaldumas\",\"breadcrumb\":{\"@id\":\"https:\/\/skaitytaknyga.lt\/produktas\/tu-labiausiai-palaiminta-is-visu-moteru\/#breadcrumb\"},\"inLanguage\":\"en-GB\",\"potentialAction\":[{\"@type\":\"ReadAction\",\"target\":[\"https:\/\/skaitytaknyga.lt\/produktas\/tu-labiausiai-palaiminta-is-visu-moteru\/\"]}]},{\"@type\":\"ImageObject\",\"inLanguage\":\"en-GB\",\"@id\":\"https:\/\/skaitytaknyga.lt\/produktas\/tu-labiausiai-palaiminta-is-visu-moteru\/#primaryimage\",\"url\":\"https:\/\/skaitytaknyga.lt\/wp-content\/uploads\/2024\/09\/Tu-labiausiai-palaiminta-is-visu-moteru.jpg\",\"contentUrl\":\"https:\/\/skaitytaknyga.lt\/wp-content\/uploads\/2024\/09\/Tu-labiausiai-palaiminta-is-visu-moteru.jpg\",\"width\":400,\"height\":640,\"caption\":\"Tu labiausiai palaiminta i\u0161 vis\u0173 moter\u0173\"},{\"@type\":\"BreadcrumbList\",\"@id\":\"https:\/\/skaitytaknyga.lt\/produktas\/tu-labiausiai-palaiminta-is-visu-moteru\/#breadcrumb\",\"itemListElement\":[{\"@type\":\"ListItem\",\"position\":1,\"name\":\"Home\",\"item\":\"https:\/\/skaitytaknyga.lt\/\"},{\"@type\":\"ListItem\",\"position\":2,\"name\":\"Parduotuv\u0117\",\"item\":\"https:\/\/skaitytaknyga.lt\/knygu-parduotuve\/\"},{\"@type\":\"ListItem\",\"position\":3,\"name\":\"Tu labiausiai palaiminta i\u0161 vis\u0173 moter\u0173\"}]},{\"@type\":\"WebSite\",\"@id\":\"https:\/\/skaitytaknyga.lt\/#website\",\"url\":\"https:\/\/skaitytaknyga.lt\/\",\"name\":\"skaitytaknyga.lt\",\"description\":\"Skaitytaknyga.lt \u2013 tai ma\u017eas \u0161eimos verslas, kuris prasid\u0117jo nuo meil\u0117s knygoms ir siekio i\u0161gelb\u0117ti knygas nuo likimo prie konteinerio. Kas vienam nereikalingas daiktas \u2013 kitam lobis, o mes esame tarpininkai, kurie padeda abiems tapti laimingesniems ???? \u017dinome kaip nelengva i\u0161gyventi ma\u017eiems verslams, tad nuo \u0161iol, \u010dia rasite ir kit\u0173, ma\u017e\u0173 \u0161eim\u0173 versl\u0173, rank\u0173 darbo, dovan\u0173 sau ir artimiesiems.\",\"publisher\":{\"@id\":\"https:\/\/skaitytaknyga.lt\/#organization\"},\"potentialAction\":[{\"@type\":\"SearchAction\",\"target\":{\"@type\":\"EntryPoint\",\"urlTemplate\":\"https:\/\/skaitytaknyga.lt\/?s={search_term_string}\"},\"query-input\":{\"@type\":\"PropertyValueSpecification\",\"valueRequired\":true,\"valueName\":\"search_term_string\"}}],\"inLanguage\":\"en-GB\"},{\"@type\":\"Organization\",\"@id\":\"https:\/\/skaitytaknyga.lt\/#organization\",\"name\":\"skaitytaknyga.lt\",\"url\":\"https:\/\/skaitytaknyga.lt\/\",\"logo\":{\"@type\":\"ImageObject\",\"inLanguage\":\"en-GB\",\"@id\":\"https:\/\/skaitytaknyga.lt\/#\/schema\/logo\/image\/\",\"url\":\"https:\/\/skaitytaknyga.lt\/wp-content\/uploads\/2024\/05\/cropped-cropped-cropped-02_00843_jt3bggkj1j3HLc7SyY6rEUpg.jpeg\",\"contentUrl\":\"https:\/\/skaitytaknyga.lt\/wp-content\/uploads\/2024\/05\/cropped-cropped-cropped-02_00843_jt3bggkj1j3HLc7SyY6rEUpg.jpeg\",\"width\":1600,\"height\":1600,\"caption\":\"skaitytaknyga.lt\"},\"image\":{\"@id\":\"https:\/\/skaitytaknyga.lt\/#\/schema\/logo\/image\/\"},\"sameAs\":[\"https:\/\/www.facebook.com\/skaitytaknyga\/\"]}]}<\/script>\n<!-- \/ Yoast SEO plugin. -->","yoast_head_json":{"title":"Tu labiausiai palaiminta i\u0161 vis\u0173 moter\u0173","description":"N\u0117 viena moteris nebuvo tiek vaizduojama, tiek kontempliuojama ir apdainuojama ir n\u0117 vienos nebuvo taip \u0161aukiamasi, kaip \u012f Marij\u0105 i\u0161 Nazareto! Pamaldumas","robots":{"index":"index","follow":"follow","max-snippet":"max-snippet:-1","max-image-preview":"max-image-preview:large","max-video-preview":"max-video-preview:-1"},"canonical":"https:\/\/skaitytaknyga.lt\/en\/produktas\/tu-labiausiai-palaiminta-is-visu-moteru\/","og_locale":"en_GB","og_type":"article","og_title":"[:lt]Tu labiausiai palaiminta i\u0161 vis\u0173 moter\u0173[:] - Skaitytaknyga","og_description":"N\u0117 viena moteris nebuvo tiek vaizduojama, tiek kontempliuojama ir apdainuojama ir n\u0117 vienos nebuvo taip \u0161aukiamasi, kaip \u012f Marij\u0105 i\u0161 Nazareto! Pamaldumas","og_url":"https:\/\/skaitytaknyga.lt\/en\/produktas\/tu-labiausiai-palaiminta-is-visu-moteru\/","og_site_name":"Skaitytaknyga","article_publisher":"https:\/\/www.facebook.com\/skaitytaknyga\/","article_modified_time":"2024-09-10T06:25:01+00:00","og_image":[{"width":400,"height":640,"url":"https:\/\/skaitytaknyga.lt\/wp-content\/uploads\/2024\/09\/Tu-labiausiai-palaiminta-is-visu-moteru.jpg","type":"image\/jpeg"}],"twitter_card":"summary_large_image","twitter_misc":{"Estimated reading time":"2 minutes"},"schema":{"@context":"https:\/\/schema.org","@graph":[{"@type":"WebPage","@id":"https:\/\/skaitytaknyga.lt\/produktas\/tu-labiausiai-palaiminta-is-visu-moteru\/","url":"https:\/\/skaitytaknyga.lt\/produktas\/tu-labiausiai-palaiminta-is-visu-moteru\/","name":"Tu labiausiai palaiminta i\u0161 vis\u0173 moter\u0173","isPartOf":{"@id":"https:\/\/skaitytaknyga.lt\/#website"},"primaryImageOfPage":{"@id":"https:\/\/skaitytaknyga.lt\/produktas\/tu-labiausiai-palaiminta-is-visu-moteru\/#primaryimage"},"image":{"@id":"https:\/\/skaitytaknyga.lt\/produktas\/tu-labiausiai-palaiminta-is-visu-moteru\/#primaryimage"},"thumbnailUrl":"https:\/\/skaitytaknyga.lt\/wp-content\/uploads\/2024\/09\/Tu-labiausiai-palaiminta-is-visu-moteru.jpg","datePublished":"2024-04-10T05:49:08+00:00","dateModified":"2024-09-10T06:25:01+00:00","description":"N\u0117 viena moteris nebuvo tiek vaizduojama, tiek kontempliuojama ir apdainuojama ir n\u0117 vienos nebuvo taip \u0161aukiamasi, kaip \u012f Marij\u0105 i\u0161 Nazareto! Pamaldumas","breadcrumb":{"@id":"https:\/\/skaitytaknyga.lt\/produktas\/tu-labiausiai-palaiminta-is-visu-moteru\/#breadcrumb"},"inLanguage":"en-GB","potentialAction":[{"@type":"ReadAction","target":["https:\/\/skaitytaknyga.lt\/produktas\/tu-labiausiai-palaiminta-is-visu-moteru\/"]}]},{"@type":"ImageObject","inLanguage":"en-GB","@id":"https:\/\/skaitytaknyga.lt\/produktas\/tu-labiausiai-palaiminta-is-visu-moteru\/#primaryimage","url":"https:\/\/skaitytaknyga.lt\/wp-content\/uploads\/2024\/09\/Tu-labiausiai-palaiminta-is-visu-moteru.jpg","contentUrl":"https:\/\/skaitytaknyga.lt\/wp-content\/uploads\/2024\/09\/Tu-labiausiai-palaiminta-is-visu-moteru.jpg","width":400,"height":640,"caption":"Tu labiausiai palaiminta i\u0161 vis\u0173 moter\u0173"},{"@type":"BreadcrumbList","@id":"https:\/\/skaitytaknyga.lt\/produktas\/tu-labiausiai-palaiminta-is-visu-moteru\/#breadcrumb","itemListElement":[{"@type":"ListItem","position":1,"name":"Home","item":"https:\/\/skaitytaknyga.lt\/"},{"@type":"ListItem","position":2,"name":"Parduotuv\u0117","item":"https:\/\/skaitytaknyga.lt\/knygu-parduotuve\/"},{"@type":"ListItem","position":3,"name":"Tu labiausiai palaiminta i\u0161 vis\u0173 moter\u0173"}]},{"@type":"WebSite","@id":"https:\/\/skaitytaknyga.lt\/#website","url":"https:\/\/skaitytaknyga.lt\/","name":"skaitytaknyga.lt","description":"Skaitytaknyga.lt \u2013 tai ma\u017eas \u0161eimos verslas, kuris prasid\u0117jo nuo meil\u0117s knygoms ir siekio i\u0161gelb\u0117ti knygas nuo likimo prie konteinerio. Kas vienam nereikalingas daiktas \u2013 kitam lobis, o mes esame tarpininkai, kurie padeda abiems tapti laimingesniems ???? \u017dinome kaip nelengva i\u0161gyventi ma\u017eiems verslams, tad nuo \u0161iol, \u010dia rasite ir kit\u0173, ma\u017e\u0173 \u0161eim\u0173 versl\u0173, rank\u0173 darbo, dovan\u0173 sau ir artimiesiems.","publisher":{"@id":"https:\/\/skaitytaknyga.lt\/#organization"},"potentialAction":[{"@type":"SearchAction","target":{"@type":"EntryPoint","urlTemplate":"https:\/\/skaitytaknyga.lt\/?s={search_term_string}"},"query-input":{"@type":"PropertyValueSpecification","valueRequired":true,"valueName":"search_term_string"}}],"inLanguage":"en-GB"},{"@type":"Organization","@id":"https:\/\/skaitytaknyga.lt\/#organization","name":"skaitytaknyga.lt","url":"https:\/\/skaitytaknyga.lt\/","logo":{"@type":"ImageObject","inLanguage":"en-GB","@id":"https:\/\/skaitytaknyga.lt\/#\/schema\/logo\/image\/","url":"https:\/\/skaitytaknyga.lt\/wp-content\/uploads\/2024\/05\/cropped-cropped-cropped-02_00843_jt3bggkj1j3HLc7SyY6rEUpg.jpeg","contentUrl":"https:\/\/skaitytaknyga.lt\/wp-content\/uploads\/2024\/05\/cropped-cropped-cropped-02_00843_jt3bggkj1j3HLc7SyY6rEUpg.jpeg","width":1600,"height":1600,"caption":"skaitytaknyga.lt"},"image":{"@id":"https:\/\/skaitytaknyga.lt\/#\/schema\/logo\/image\/"},"sameAs":["https:\/\/www.facebook.com\/skaitytaknyga\/"]}]}},"_links":{"self":[{"href":"https:\/\/skaitytaknyga.lt\/en\/wp-json\/wp\/v2\/product\/13794","targetHints":{"allow":["GET"]}}],"collection":[{"href":"https:\/\/skaitytaknyga.lt\/en\/wp-json\/wp\/v2\/product"}],"about":[{"href":"https:\/\/skaitytaknyga.lt\/en\/wp-json\/wp\/v2\/types\/product"}],"replies":[{"embeddable":true,"href":"https:\/\/skaitytaknyga.lt\/en\/wp-json\/wp\/v2\/comments?post=13794"}],"wp:featuredmedia":[{"embeddable":true,"href":"https:\/\/skaitytaknyga.lt\/en\/wp-json\/wp\/v2\/media\/13800"}],"wp:attachment":[{"href":"https:\/\/skaitytaknyga.lt\/en\/wp-json\/wp\/v2\/media?parent=13794"}],"wp:term":[{"taxonomy":"product_brand","embeddable":true,"href":"https:\/\/skaitytaknyga.lt\/en\/wp-json\/wp\/v2\/product_brand?post=13794"},{"taxonomy":"product_cat","embeddable":true,"href":"https:\/\/skaitytaknyga.lt\/en\/wp-json\/wp\/v2\/product_cat?post=13794"},{"taxonomy":"product_tag","embeddable":true,"href":"https:\/\/skaitytaknyga.lt\/en\/wp-json\/wp\/v2\/product_tag?post=13794"}],"curies":[{"name":"wp","href":"https:\/\/api.w.org\/{rel}","templated":true}]}}