{"id":13793,"date":"2024-04-10T08:49:08","date_gmt":"2024-04-10T05:49:08","guid":{"rendered":"https:\/\/skaitytaknyga.lt\/?post_type=product&#038;p=13793"},"modified":"2024-09-10T09:11:39","modified_gmt":"2024-09-10T06:11:39","slug":"siluva-cia-per-amzius-garbinamas-dievo-sunus","status":"publish","type":"product","link":"https:\/\/skaitytaknyga.lt\/en\/produktas\/siluva-cia-per-amzius-garbinamas-dievo-sunus\/","title":{"rendered":"\u0160iluva. \u010cia per am\u017eius garbinamas Dievo s\u016bnus"},"content":{"rendered":"<p>\u0160i spalvinga knyga skirta kiekvienam norin\u010diam daugiau su\u017einoti apie \u0160iluv\u0105. Piligrimo vadove pasakojama apie netik\u0117t\u0105 Dievo sumanym\u0105 \u2013 i\u0161 istorijos \u016bkan\u0173 i\u0161traukti niekam ne\u017einom\u0105 kaimel\u012f, \u0160v\u010d. Mergel\u0117s Marijos apsirei\u0161kimu j\u012f i\u0161garsinti, padaryti sielos ir k\u016bno sveikatinimo vieta.<\/p>\n<p>\u0160is Dievo sumanymas t\u0119siasi jau pus\u0119 t\u016bkstantme\u010dio. Prie\u0161 400 met\u0173 \u0160iluvoje apsirei\u0161k\u0117 Dievo Motina. \u0160iluvos ba\u017eny\u010diai ir parapijai neseniai sukako 550 met\u0173. Prab\u0117go bene pus\u0117 t\u016bkstantme\u010dio, kai \u0160iluvoje imta \u0161v\u0119sti \u0160v\u010d. Mergel\u0117s Marijos Gimimo atlaidus.<\/p>\n<ul class=\"about-product d-none d-xl-block mt-4\">\n<li><strong>Autorius:<\/strong>\u00a0Asta Petrautyt\u0117<\/li>\n<li><strong>Metai:<\/strong>\u00a02006<\/li>\n<li><strong>Puslapiai:<\/strong>\u00a095<\/li>\n<li><strong>ISBN:<\/strong>\u00a09789955935513<\/li>\n<li><strong>Formatas:<\/strong>\u00a012,5 x 20,5 cm, mink\u0161ti vir\u0161eliai<\/li>\n<li><strong>Kalba:<\/strong>\u00a0Lietuvi\u0173<\/li>\n<\/ul>\n","protected":false},"excerpt":{"rendered":"<p>\u0160i spalvinga knyga skirta kiekvienam norin\u010diam daugiau su\u017einoti apie \u0160iluv\u0105. Piligrimo vadove pasakojama apie netik\u0117t\u0105 Dievo sumanym\u0105 \u2013 i\u0161 istorijos \u016bkan\u0173 i\u0161traukti niekam ne\u017einom\u0105 kaimel\u012f, \u0160v\u010d. Mergel\u0117s Marijos apsirei\u0161kimu j\u012f i\u0161garsinti, padaryti sielos ir k\u016bno sveikatinimo vieta. \u0160is Dievo sumanymas t\u0119siasi jau pus\u0119 t\u016bkstantme\u010dio. Prie\u0161 400 met\u0173 \u0160iluvoje apsirei\u0161k\u0117 Dievo Motina. \u0160iluvos ba\u017eny\u010diai ir parapijai neseniai sukako 550 met\u0173. Prab\u0117go bene pus\u0117 t\u016bkstantme\u010dio, kai \u0160iluvoje imta \u0161v\u0119sti \u0160v\u010d. Mergel\u0117s Marijos Gimimo atlaidus. Autorius:\u00a0Asta Petrautyt\u0117 Metai:\u00a02006 Puslapiai:\u00a095 ISBN:\u00a09789955935513 Formatas:\u00a012,5 x 20,5 cm, mink\u0161ti vir\u0161eliai Kalba:\u00a0Lietuvi\u0173<\/p>\n","protected":false},"featured_media":13801,"comment_status":"open","ping_status":"closed","template":"","meta":{"_acf_changed":false,"site-sidebar-layout":"default","site-content-layout":"","ast-site-content-layout":"default","site-content-style":"default","site-sidebar-style":"default","ast-global-header-display":"","ast-banner-title-visibility":"","ast-main-header-display":"","ast-hfb-above-header-display":"","ast-hfb-below-header-display":"","ast-hfb-mobile-header-display":"","site-post-title":"","ast-breadcrumbs-content":"","ast-featured-img":"","footer-sml-layout":"","ast-disable-related-posts":"","theme-transparent-header-meta":"default","adv-header-id-meta":"","stick-header-meta":"","header-above-stick-meta":"","header-main-stick-meta":"","header-below-stick-meta":"","astra-migrate-meta-layouts":"set","ast-page-background-enabled":"default","ast-page-background-meta":{"desktop":{"background-color":"","background-image":"","background-repeat":"repeat","background-position":"center center","background-size":"auto","background-attachment":"scroll","background-type":"","background-media":"","overlay-type":"","overlay-color":"","overlay-opacity":"","overlay-gradient":""},"tablet":{"background-color":"","background-image":"","background-repeat":"repeat","background-position":"center center","background-size":"auto","background-attachment":"scroll","background-type":"","background-media":"","overlay-type":"","overlay-color":"","overlay-opacity":"","overlay-gradient":""},"mobile":{"background-color":"","background-image":"","background-repeat":"repeat","background-position":"center center","background-size":"auto","background-attachment":"scroll","background-type":"","background-media":"","overlay-type":"","overlay-color":"","overlay-opacity":"","overlay-gradient":""}},"ast-content-background-meta":{"desktop":{"background-color":"var(--ast-global-color-4)","background-image":"","background-repeat":"repeat","background-position":"center center","background-size":"auto","background-attachment":"scroll","background-type":"","background-media":"","overlay-type":"","overlay-color":"","overlay-opacity":"","overlay-gradient":""},"tablet":{"background-color":"var(--ast-global-color-4)","background-image":"","background-repeat":"repeat","background-position":"center center","background-size":"auto","background-attachment":"scroll","background-type":"","background-media":"","overlay-type":"","overlay-color":"","overlay-opacity":"","overlay-gradient":""},"mobile":{"background-color":"var(--ast-global-color-4)","background-image":"","background-repeat":"repeat","background-position":"center center","background-size":"auto","background-attachment":"scroll","background-type":"","background-media":"","overlay-type":"","overlay-color":"","overlay-opacity":"","overlay-gradient":""}}},"product_brand":[],"product_cat":[15,165],"product_tag":[],"class_list":{"0":"post-13793","1":"product","2":"type-product","3":"status-publish","4":"has-post-thumbnail","6":"product_cat-uncategorized","7":"product_cat-religija-filosofija-ir-ezoterika","8":"desktop-align-left","9":"tablet-align-left","10":"mobile-align-left","12":"first","13":"instock","14":"shipping-taxable","15":"purchasable","16":"product-type-simple"},"acf":[],"yoast_head":"<!-- This site is optimized with the Yoast SEO plugin v27.0 - https:\/\/yoast.com\/product\/yoast-seo-wordpress\/ -->\n<title>\u0160iluva. \u010cia per am\u017eius garbinamas Dievo s\u016bnus<\/title>\n<meta name=\"description\" content=\"\u0160i spalvinga knyga skirta kiekvienam norin\u010diam daugiau su\u017einoti apie \u0160iluv\u0105. Piligrimo vadove pasakojama apie netik\u0117t\u0105 Dievo sumanym\u0105 \u2013 i\u0161 istorijos \u016bkan\u0173\" \/>\n<meta name=\"robots\" content=\"index, follow, max-snippet:-1, max-image-preview:large, max-video-preview:-1\" \/>\n<link rel=\"canonical\" href=\"https:\/\/skaitytaknyga.lt\/en\/produktas\/siluva-cia-per-amzius-garbinamas-dievo-sunus\/\" \/>\n<meta property=\"og:locale\" content=\"en_GB\" \/>\n<meta property=\"og:locale:alternate\" content=\"lt_LT\" \/>\n<meta property=\"og:type\" content=\"article\" \/>\n<meta property=\"og:title\" content=\"\u0160iluva. \u010cia per am\u017eius garbinamas Dievo s\u016bnus\" \/>\n<meta property=\"og:description\" content=\"\u0160i spalvinga knyga skirta kiekvienam norin\u010diam daugiau su\u017einoti apie \u0160iluv\u0105. Piligrimo vadove pasakojama apie netik\u0117t\u0105 Dievo sumanym\u0105 \u2013 i\u0161 istorijos \u016bkan\u0173\" \/>\n<meta property=\"og:url\" content=\"https:\/\/skaitytaknyga.lt\/en\/produktas\/siluva-cia-per-amzius-garbinamas-dievo-sunus\/\" \/>\n<meta property=\"og:site_name\" content=\"Skaitytaknyga\" \/>\n<meta property=\"article:publisher\" content=\"https:\/\/www.facebook.com\/skaitytaknyga\/\" \/>\n<meta property=\"article:modified_time\" content=\"2024-09-10T06:11:39+00:00\" \/>\n<meta property=\"og:image\" content=\"https:\/\/skaitytaknyga.lt\/wp-content\/uploads\/2024\/09\/Siluva.-Cia-per-amzius-garbinamas-Dievo-sunus.webp\" \/>\n\t<meta property=\"og:image:width\" content=\"351\" \/>\n\t<meta property=\"og:image:height\" content=\"600\" \/>\n\t<meta property=\"og:image:type\" content=\"image\/webp\" \/>\n<meta name=\"twitter:card\" content=\"summary_large_image\" \/>\n<meta name=\"twitter:label1\" content=\"Estimated reading time\" \/>\n\t<meta name=\"twitter:data1\" content=\"1 minute\" \/>\n<script type=\"application\/ld+json\" class=\"yoast-schema-graph\">{\"@context\":\"https:\/\/schema.org\",\"@graph\":[{\"@type\":\"WebPage\",\"@id\":\"https:\/\/skaitytaknyga.lt\/produktas\/siluva-cia-per-amzius-garbinamas-dievo-sunus\/\",\"url\":\"https:\/\/skaitytaknyga.lt\/produktas\/siluva-cia-per-amzius-garbinamas-dievo-sunus\/\",\"name\":\"\u0160iluva. \u010cia per am\u017eius garbinamas Dievo s\u016bnus\",\"isPartOf\":{\"@id\":\"https:\/\/skaitytaknyga.lt\/#website\"},\"primaryImageOfPage\":{\"@id\":\"https:\/\/skaitytaknyga.lt\/produktas\/siluva-cia-per-amzius-garbinamas-dievo-sunus\/#primaryimage\"},\"image\":{\"@id\":\"https:\/\/skaitytaknyga.lt\/produktas\/siluva-cia-per-amzius-garbinamas-dievo-sunus\/#primaryimage\"},\"thumbnailUrl\":\"https:\/\/skaitytaknyga.lt\/wp-content\/uploads\/2024\/09\/Siluva.-Cia-per-amzius-garbinamas-Dievo-sunus.webp\",\"datePublished\":\"2024-04-10T05:49:08+00:00\",\"dateModified\":\"2024-09-10T06:11:39+00:00\",\"description\":\"\u0160i spalvinga knyga skirta kiekvienam norin\u010diam daugiau su\u017einoti apie \u0160iluv\u0105. Piligrimo vadove pasakojama apie netik\u0117t\u0105 Dievo sumanym\u0105 \u2013 i\u0161 istorijos \u016bkan\u0173\",\"breadcrumb\":{\"@id\":\"https:\/\/skaitytaknyga.lt\/produktas\/siluva-cia-per-amzius-garbinamas-dievo-sunus\/#breadcrumb\"},\"inLanguage\":\"en-GB\",\"potentialAction\":[{\"@type\":\"ReadAction\",\"target\":[\"https:\/\/skaitytaknyga.lt\/produktas\/siluva-cia-per-amzius-garbinamas-dievo-sunus\/\"]}]},{\"@type\":\"ImageObject\",\"inLanguage\":\"en-GB\",\"@id\":\"https:\/\/skaitytaknyga.lt\/produktas\/siluva-cia-per-amzius-garbinamas-dievo-sunus\/#primaryimage\",\"url\":\"https:\/\/skaitytaknyga.lt\/wp-content\/uploads\/2024\/09\/Siluva.-Cia-per-amzius-garbinamas-Dievo-sunus.webp\",\"contentUrl\":\"https:\/\/skaitytaknyga.lt\/wp-content\/uploads\/2024\/09\/Siluva.-Cia-per-amzius-garbinamas-Dievo-sunus.webp\",\"width\":351,\"height\":600,\"caption\":\"\u0160iluva. \u010cia per am\u017eius garbinamas Dievo s\u016bnus\"},{\"@type\":\"BreadcrumbList\",\"@id\":\"https:\/\/skaitytaknyga.lt\/produktas\/siluva-cia-per-amzius-garbinamas-dievo-sunus\/#breadcrumb\",\"itemListElement\":[{\"@type\":\"ListItem\",\"position\":1,\"name\":\"Home\",\"item\":\"https:\/\/skaitytaknyga.lt\/\"},{\"@type\":\"ListItem\",\"position\":2,\"name\":\"Parduotuv\u0117\",\"item\":\"https:\/\/skaitytaknyga.lt\/knygu-parduotuve\/\"},{\"@type\":\"ListItem\",\"position\":3,\"name\":\"\u0160iluva. \u010cia per am\u017eius garbinamas Dievo s\u016bnus\"}]},{\"@type\":\"WebSite\",\"@id\":\"https:\/\/skaitytaknyga.lt\/#website\",\"url\":\"https:\/\/skaitytaknyga.lt\/\",\"name\":\"skaitytaknyga.lt\",\"description\":\"Skaitytaknyga.lt \u2013 tai ma\u017eas \u0161eimos verslas, kuris prasid\u0117jo nuo meil\u0117s knygoms ir siekio i\u0161gelb\u0117ti knygas nuo likimo prie konteinerio. Kas vienam nereikalingas daiktas \u2013 kitam lobis, o mes esame tarpininkai, kurie padeda abiems tapti laimingesniems ???? \u017dinome kaip nelengva i\u0161gyventi ma\u017eiems verslams, tad nuo \u0161iol, \u010dia rasite ir kit\u0173, ma\u017e\u0173 \u0161eim\u0173 versl\u0173, rank\u0173 darbo, dovan\u0173 sau ir artimiesiems.\",\"publisher\":{\"@id\":\"https:\/\/skaitytaknyga.lt\/#organization\"},\"potentialAction\":[{\"@type\":\"SearchAction\",\"target\":{\"@type\":\"EntryPoint\",\"urlTemplate\":\"https:\/\/skaitytaknyga.lt\/?s={search_term_string}\"},\"query-input\":{\"@type\":\"PropertyValueSpecification\",\"valueRequired\":true,\"valueName\":\"search_term_string\"}}],\"inLanguage\":\"en-GB\"},{\"@type\":\"Organization\",\"@id\":\"https:\/\/skaitytaknyga.lt\/#organization\",\"name\":\"skaitytaknyga.lt\",\"url\":\"https:\/\/skaitytaknyga.lt\/\",\"logo\":{\"@type\":\"ImageObject\",\"inLanguage\":\"en-GB\",\"@id\":\"https:\/\/skaitytaknyga.lt\/#\/schema\/logo\/image\/\",\"url\":\"https:\/\/skaitytaknyga.lt\/wp-content\/uploads\/2024\/05\/cropped-cropped-cropped-02_00843_jt3bggkj1j3HLc7SyY6rEUpg.jpeg\",\"contentUrl\":\"https:\/\/skaitytaknyga.lt\/wp-content\/uploads\/2024\/05\/cropped-cropped-cropped-02_00843_jt3bggkj1j3HLc7SyY6rEUpg.jpeg\",\"width\":1600,\"height\":1600,\"caption\":\"skaitytaknyga.lt\"},\"image\":{\"@id\":\"https:\/\/skaitytaknyga.lt\/#\/schema\/logo\/image\/\"},\"sameAs\":[\"https:\/\/www.facebook.com\/skaitytaknyga\/\"]}]}<\/script>\n<!-- \/ Yoast SEO plugin. -->","yoast_head_json":{"title":"\u0160iluva. \u010cia per am\u017eius garbinamas Dievo s\u016bnus","description":"\u0160i spalvinga knyga skirta kiekvienam norin\u010diam daugiau su\u017einoti apie \u0160iluv\u0105. Piligrimo vadove pasakojama apie netik\u0117t\u0105 Dievo sumanym\u0105 \u2013 i\u0161 istorijos \u016bkan\u0173","robots":{"index":"index","follow":"follow","max-snippet":"max-snippet:-1","max-image-preview":"max-image-preview:large","max-video-preview":"max-video-preview:-1"},"canonical":"https:\/\/skaitytaknyga.lt\/en\/produktas\/siluva-cia-per-amzius-garbinamas-dievo-sunus\/","og_locale":"en_GB","og_type":"article","og_title":"[:lt]\u0160iluva. \u010cia per am\u017eius garbinamas Dievo s\u016bnus[:] - Skaitytaknyga","og_description":"\u0160i spalvinga knyga skirta kiekvienam norin\u010diam daugiau su\u017einoti apie \u0160iluv\u0105. Piligrimo vadove pasakojama apie netik\u0117t\u0105 Dievo sumanym\u0105 \u2013 i\u0161 istorijos \u016bkan\u0173","og_url":"https:\/\/skaitytaknyga.lt\/en\/produktas\/siluva-cia-per-amzius-garbinamas-dievo-sunus\/","og_site_name":"Skaitytaknyga","article_publisher":"https:\/\/www.facebook.com\/skaitytaknyga\/","article_modified_time":"2024-09-10T06:11:39+00:00","og_image":[{"width":351,"height":600,"url":"https:\/\/skaitytaknyga.lt\/wp-content\/uploads\/2024\/09\/Siluva.-Cia-per-amzius-garbinamas-Dievo-sunus.webp","type":"image\/webp"}],"twitter_card":"summary_large_image","twitter_misc":{"Estimated reading time":"1 minute"},"schema":{"@context":"https:\/\/schema.org","@graph":[{"@type":"WebPage","@id":"https:\/\/skaitytaknyga.lt\/produktas\/siluva-cia-per-amzius-garbinamas-dievo-sunus\/","url":"https:\/\/skaitytaknyga.lt\/produktas\/siluva-cia-per-amzius-garbinamas-dievo-sunus\/","name":"\u0160iluva. \u010cia per am\u017eius garbinamas Dievo s\u016bnus","isPartOf":{"@id":"https:\/\/skaitytaknyga.lt\/#website"},"primaryImageOfPage":{"@id":"https:\/\/skaitytaknyga.lt\/produktas\/siluva-cia-per-amzius-garbinamas-dievo-sunus\/#primaryimage"},"image":{"@id":"https:\/\/skaitytaknyga.lt\/produktas\/siluva-cia-per-amzius-garbinamas-dievo-sunus\/#primaryimage"},"thumbnailUrl":"https:\/\/skaitytaknyga.lt\/wp-content\/uploads\/2024\/09\/Siluva.-Cia-per-amzius-garbinamas-Dievo-sunus.webp","datePublished":"2024-04-10T05:49:08+00:00","dateModified":"2024-09-10T06:11:39+00:00","description":"\u0160i spalvinga knyga skirta kiekvienam norin\u010diam daugiau su\u017einoti apie \u0160iluv\u0105. Piligrimo vadove pasakojama apie netik\u0117t\u0105 Dievo sumanym\u0105 \u2013 i\u0161 istorijos \u016bkan\u0173","breadcrumb":{"@id":"https:\/\/skaitytaknyga.lt\/produktas\/siluva-cia-per-amzius-garbinamas-dievo-sunus\/#breadcrumb"},"inLanguage":"en-GB","potentialAction":[{"@type":"ReadAction","target":["https:\/\/skaitytaknyga.lt\/produktas\/siluva-cia-per-amzius-garbinamas-dievo-sunus\/"]}]},{"@type":"ImageObject","inLanguage":"en-GB","@id":"https:\/\/skaitytaknyga.lt\/produktas\/siluva-cia-per-amzius-garbinamas-dievo-sunus\/#primaryimage","url":"https:\/\/skaitytaknyga.lt\/wp-content\/uploads\/2024\/09\/Siluva.-Cia-per-amzius-garbinamas-Dievo-sunus.webp","contentUrl":"https:\/\/skaitytaknyga.lt\/wp-content\/uploads\/2024\/09\/Siluva.-Cia-per-amzius-garbinamas-Dievo-sunus.webp","width":351,"height":600,"caption":"\u0160iluva. \u010cia per am\u017eius garbinamas Dievo s\u016bnus"},{"@type":"BreadcrumbList","@id":"https:\/\/skaitytaknyga.lt\/produktas\/siluva-cia-per-amzius-garbinamas-dievo-sunus\/#breadcrumb","itemListElement":[{"@type":"ListItem","position":1,"name":"Home","item":"https:\/\/skaitytaknyga.lt\/"},{"@type":"ListItem","position":2,"name":"Parduotuv\u0117","item":"https:\/\/skaitytaknyga.lt\/knygu-parduotuve\/"},{"@type":"ListItem","position":3,"name":"\u0160iluva. \u010cia per am\u017eius garbinamas Dievo s\u016bnus"}]},{"@type":"WebSite","@id":"https:\/\/skaitytaknyga.lt\/#website","url":"https:\/\/skaitytaknyga.lt\/","name":"skaitytaknyga.lt","description":"Skaitytaknyga.lt \u2013 tai ma\u017eas \u0161eimos verslas, kuris prasid\u0117jo nuo meil\u0117s knygoms ir siekio i\u0161gelb\u0117ti knygas nuo likimo prie konteinerio. Kas vienam nereikalingas daiktas \u2013 kitam lobis, o mes esame tarpininkai, kurie padeda abiems tapti laimingesniems ???? \u017dinome kaip nelengva i\u0161gyventi ma\u017eiems verslams, tad nuo \u0161iol, \u010dia rasite ir kit\u0173, ma\u017e\u0173 \u0161eim\u0173 versl\u0173, rank\u0173 darbo, dovan\u0173 sau ir artimiesiems.","publisher":{"@id":"https:\/\/skaitytaknyga.lt\/#organization"},"potentialAction":[{"@type":"SearchAction","target":{"@type":"EntryPoint","urlTemplate":"https:\/\/skaitytaknyga.lt\/?s={search_term_string}"},"query-input":{"@type":"PropertyValueSpecification","valueRequired":true,"valueName":"search_term_string"}}],"inLanguage":"en-GB"},{"@type":"Organization","@id":"https:\/\/skaitytaknyga.lt\/#organization","name":"skaitytaknyga.lt","url":"https:\/\/skaitytaknyga.lt\/","logo":{"@type":"ImageObject","inLanguage":"en-GB","@id":"https:\/\/skaitytaknyga.lt\/#\/schema\/logo\/image\/","url":"https:\/\/skaitytaknyga.lt\/wp-content\/uploads\/2024\/05\/cropped-cropped-cropped-02_00843_jt3bggkj1j3HLc7SyY6rEUpg.jpeg","contentUrl":"https:\/\/skaitytaknyga.lt\/wp-content\/uploads\/2024\/05\/cropped-cropped-cropped-02_00843_jt3bggkj1j3HLc7SyY6rEUpg.jpeg","width":1600,"height":1600,"caption":"skaitytaknyga.lt"},"image":{"@id":"https:\/\/skaitytaknyga.lt\/#\/schema\/logo\/image\/"},"sameAs":["https:\/\/www.facebook.com\/skaitytaknyga\/"]}]}},"_links":{"self":[{"href":"https:\/\/skaitytaknyga.lt\/en\/wp-json\/wp\/v2\/product\/13793","targetHints":{"allow":["GET"]}}],"collection":[{"href":"https:\/\/skaitytaknyga.lt\/en\/wp-json\/wp\/v2\/product"}],"about":[{"href":"https:\/\/skaitytaknyga.lt\/en\/wp-json\/wp\/v2\/types\/product"}],"replies":[{"embeddable":true,"href":"https:\/\/skaitytaknyga.lt\/en\/wp-json\/wp\/v2\/comments?post=13793"}],"wp:featuredmedia":[{"embeddable":true,"href":"https:\/\/skaitytaknyga.lt\/en\/wp-json\/wp\/v2\/media\/13801"}],"wp:attachment":[{"href":"https:\/\/skaitytaknyga.lt\/en\/wp-json\/wp\/v2\/media?parent=13793"}],"wp:term":[{"taxonomy":"product_brand","embeddable":true,"href":"https:\/\/skaitytaknyga.lt\/en\/wp-json\/wp\/v2\/product_brand?post=13793"},{"taxonomy":"product_cat","embeddable":true,"href":"https:\/\/skaitytaknyga.lt\/en\/wp-json\/wp\/v2\/product_cat?post=13793"},{"taxonomy":"product_tag","embeddable":true,"href":"https:\/\/skaitytaknyga.lt\/en\/wp-json\/wp\/v2\/product_tag?post=13793"}],"curies":[{"name":"wp","href":"https:\/\/api.w.org\/{rel}","templated":true}]}}