{"id":13791,"date":"2024-05-10T08:49:08","date_gmt":"2024-05-10T05:49:08","guid":{"rendered":"https:\/\/skaitytaknyga.lt\/?post_type=product&#038;p=13791"},"modified":"2024-09-10T09:20:12","modified_gmt":"2024-09-10T06:20:12","slug":"dievo-vardas-gailestingumas","status":"publish","type":"product","link":"https:\/\/skaitytaknyga.lt\/en\/produktas\/dievo-vardas-gailestingumas\/","title":{"rendered":"Dievo vardas \u2013 Gailestingumas"},"content":{"rendered":"<p>\u201eGailestingumas yra pirmoji Dievo savyb\u0117. Tai Dievo vardas. N\u0117ra pad\u0117ties be i\u0161eities, mes nesame pasmerkti pask\u0119sti lakiajame sm\u0117lyje.&#8221;<\/p>\n<p>Paprastais ir tiesiais \u017eod\u017eiais<strong>\u00a0popie\u017eius Pranci\u0161kus<\/strong>\u00a0kreipiasi \u012f visus planetos vyrus bei moteris, \u0161itaip prad\u0117damas nuo\u0161ird\u0173 ir asmeni\u0161k\u0105 dialog\u0105. Pagrindin\u0117, popie\u017eiui labiausiai r\u016bpinti tema \u2013 gailestingumas. Ji visada buvo jo liudijimo, o dabar ir pontifikato, atspirties ta\u0161kas.<\/p>\n<p>Kiekviename puslapyje juntamas stiprus tro\u0161kimas pasiekti sielas vis\u0173 \u017emoni\u0173 \u2013 ir priklausan\u010di\u0173 Katalik\u0173 ba\u017eny\u010diai, ir jai nepriklausan\u010di\u0173, \u2013 ie\u0161kan\u010di\u0173 gyvenimo prasm\u0117s, taikos ir susitaikymo kelio, gydymo k\u016bno ir dvasin\u0117ms \u017eaizdoms. Vis\u0173 pirma popie\u017eius nori pasiekti t\u0105 nerimasting\u0105 ir skausm\u0105 ken\u010dian\u010di\u0105 \u017emonij\u0105, kuri pra\u0161o b\u016bti priimta, o ne atstumta: varg\u0161us ir emigrantus, kalinius ir prostitutes, ta\u010diau taip pat ir sutrikusius bei nuo tik\u0117jimo nutolusiuosius, homoseksualus ir i\u0161siskyrusias poras.<\/p>\n<p>Per pokalb\u012f su Vatikano ap\u017evalgininku Andrea Tornielli Pranci\u0161kus, pasitelkdamas jaunyst\u0117s prisiminimus ir jautrius epizodus i\u0161 savo ganytoji\u0161kos patirties, pasakoja, kod\u0117l taip stipriai tro\u0161ko neeilini\u0173 \u0160vent\u0173j\u0173 jubiliejini\u0173 met\u0173. Nei\u0161si\u017ead\u0117damas etini\u0173 ir teologini\u0173 klausim\u0173 popie\u017eius pakartoja, kad Ba\u017eny\u010dia niekam negali u\u017everti dur\u0173; jos pareiga yra prasiskverbti \u012f \u017emoni\u0173 s\u0105mon\u0119, kad pravert\u0173 ply\u0161\u012f ir pad\u0117t\u0173 prisiimti atsakomyb\u0119 bei atitolti nuo padaryto blogio.<\/p>\n<p>Per atvir\u0105 pokalb\u012f Pranci\u0161kus nevengia nagrin\u0117ti net ir s\u0105saj\u0173 tarp gailestingumo, teisingumo bei korupcijos. O tiems krik\u0161\u010dionims, kurie save priskirs prie \u201eteisi\u0173j\u0173&#8221;, primena: \u201eIr popie\u017eius yra \u017emogus, kuriam reikia Dievo gailestingumo.&#8221;<\/p>\n<p><strong>\u201eDievo vardas \u2013 Gailestingumas&#8221;<\/strong>\u00a0pasauliniu mastu i\u0161leid\u017eiamas 82 \u0161alyse.<\/p>\n<ul class=\"about-product d-none d-xl-block mt-4\">\n<li><strong>Originalus pavadinimas:<\/strong>\u00a0Il nome di Dio \u00e8 Misericordia<\/li>\n<li><strong>Autorius:<\/strong>\u00a0Jorge Mario Bergoglio, popie\u017eius Pranci\u0161kus<\/li>\n<li><strong>Leid\u0117jas:<\/strong>\u00a0Baltos lankos<\/li>\n<li><strong>Metai:<\/strong>\u00a02016<\/li>\n<li><strong>Puslapiai:<\/strong>\u00a0137<\/li>\n<li><strong>ISBN:<\/strong>\u00a09789955238812<\/li>\n<li><strong>Versijos kodas:<\/strong>\u00a0GK.5<\/li>\n<li><strong>Formatas:<\/strong>\u00a012,5 x 20 x 1,2 cm, kieti vir\u0161eliai<\/li>\n<li><strong>Kalba:<\/strong>\u00a0Lietuvi\u0173<\/li>\n<li><strong>Vert\u0117jas:<\/strong>\u00a0Lina Gau\u010dyt\u0117<\/li>\n<\/ul>\n","protected":false},"excerpt":{"rendered":"<p>\u201eGailestingumas yra pirmoji Dievo savyb\u0117. Tai Dievo vardas. N\u0117ra pad\u0117ties be i\u0161eities, mes nesame pasmerkti pask\u0119sti lakiajame sm\u0117lyje.&#8221; Paprastais ir tiesiais \u017eod\u017eiais\u00a0popie\u017eius Pranci\u0161kus\u00a0kreipiasi \u012f visus planetos vyrus bei moteris, \u0161itaip prad\u0117damas nuo\u0161ird\u0173 ir asmeni\u0161k\u0105 dialog\u0105. Pagrindin\u0117, popie\u017eiui labiausiai r\u016bpinti tema \u2013 gailestingumas. Ji visada buvo jo liudijimo, o dabar ir pontifikato, atspirties ta\u0161kas. Kiekviename puslapyje juntamas stiprus tro\u0161kimas pasiekti sielas vis\u0173 \u017emoni\u0173 \u2013 ir priklausan\u010di\u0173 Katalik\u0173 ba\u017eny\u010diai, ir jai nepriklausan\u010di\u0173, \u2013 ie\u0161kan\u010di\u0173 gyvenimo prasm\u0117s, taikos ir susitaikymo kelio, gydymo k\u016bno ir dvasin\u0117ms \u017eaizdoms. Vis\u0173 pirma popie\u017eius nori pasiekti t\u0105 nerimasting\u0105 ir skausm\u0105 ken\u010dian\u010di\u0105 \u017emonij\u0105, kuri pra\u0161o b\u016bti priimta, o ne atstumta: varg\u0161us ir emigrantus, kalinius ir prostitutes, ta\u010diau taip pat ir sutrikusius bei nuo tik\u0117jimo nutolusiuosius, homoseksualus ir i\u0161siskyrusias poras. Per pokalb\u012f su Vatikano ap\u017evalgininku Andrea Tornielli Pranci\u0161kus, pasitelkdamas jaunyst\u0117s prisiminimus ir jautrius epizodus i\u0161 savo ganytoji\u0161kos patirties, pasakoja, kod\u0117l taip stipriai tro\u0161ko neeilini\u0173 \u0160vent\u0173j\u0173 jubiliejini\u0173 met\u0173. Nei\u0161si\u017ead\u0117damas etini\u0173 ir teologini\u0173 klausim\u0173 popie\u017eius pakartoja, kad Ba\u017eny\u010dia niekam negali u\u017everti dur\u0173; jos pareiga yra prasiskverbti \u012f \u017emoni\u0173 s\u0105mon\u0119, kad pravert\u0173 ply\u0161\u012f ir pad\u0117t\u0173 prisiimti atsakomyb\u0119 bei atitolti nuo padaryto blogio. Per atvir\u0105 pokalb\u012f Pranci\u0161kus nevengia nagrin\u0117ti net ir s\u0105saj\u0173 tarp gailestingumo, teisingumo bei korupcijos. O tiems krik\u0161\u010dionims, kurie save priskirs prie \u201eteisi\u0173j\u0173&#8221;, primena: \u201eIr popie\u017eius yra \u017emogus, kuriam reikia Dievo gailestingumo.&#8221; \u201eDievo vardas \u2013 Gailestingumas&#8221;\u00a0pasauliniu mastu i\u0161leid\u017eiamas 82 \u0161alyse. Originalus pavadinimas:\u00a0Il nome di Dio \u00e8 Misericordia Autorius:\u00a0Jorge Mario Bergoglio, popie\u017eius Pranci\u0161kus Leid\u0117jas:\u00a0Baltos lankos Metai:\u00a02016 Puslapiai:\u00a0137 ISBN:\u00a09789955238812 Versijos kodas:\u00a0GK.5 Formatas:\u00a012,5 x 20 x 1,2 cm, kieti vir\u0161eliai Kalba:\u00a0Lietuvi\u0173 Vert\u0117jas:\u00a0Lina Gau\u010dyt\u0117<\/p>\n","protected":false},"featured_media":13804,"comment_status":"open","ping_status":"closed","template":"","meta":{"_acf_changed":false,"site-sidebar-layout":"default","site-content-layout":"","ast-site-content-layout":"default","site-content-style":"default","site-sidebar-style":"default","ast-global-header-display":"","ast-banner-title-visibility":"","ast-main-header-display":"","ast-hfb-above-header-display":"","ast-hfb-below-header-display":"","ast-hfb-mobile-header-display":"","site-post-title":"","ast-breadcrumbs-content":"","ast-featured-img":"","footer-sml-layout":"","ast-disable-related-posts":"","theme-transparent-header-meta":"default","adv-header-id-meta":"","stick-header-meta":"","header-above-stick-meta":"","header-main-stick-meta":"","header-below-stick-meta":"","astra-migrate-meta-layouts":"set","ast-page-background-enabled":"default","ast-page-background-meta":{"desktop":{"background-color":"","background-image":"","background-repeat":"repeat","background-position":"center center","background-size":"auto","background-attachment":"scroll","background-type":"","background-media":"","overlay-type":"","overlay-color":"","overlay-opacity":"","overlay-gradient":""},"tablet":{"background-color":"","background-image":"","background-repeat":"repeat","background-position":"center center","background-size":"auto","background-attachment":"scroll","background-type":"","background-media":"","overlay-type":"","overlay-color":"","overlay-opacity":"","overlay-gradient":""},"mobile":{"background-color":"","background-image":"","background-repeat":"repeat","background-position":"center center","background-size":"auto","background-attachment":"scroll","background-type":"","background-media":"","overlay-type":"","overlay-color":"","overlay-opacity":"","overlay-gradient":""}},"ast-content-background-meta":{"desktop":{"background-color":"var(--ast-global-color-4)","background-image":"","background-repeat":"repeat","background-position":"center center","background-size":"auto","background-attachment":"scroll","background-type":"","background-media":"","overlay-type":"","overlay-color":"","overlay-opacity":"","overlay-gradient":""},"tablet":{"background-color":"var(--ast-global-color-4)","background-image":"","background-repeat":"repeat","background-position":"center center","background-size":"auto","background-attachment":"scroll","background-type":"","background-media":"","overlay-type":"","overlay-color":"","overlay-opacity":"","overlay-gradient":""},"mobile":{"background-color":"var(--ast-global-color-4)","background-image":"","background-repeat":"repeat","background-position":"center center","background-size":"auto","background-attachment":"scroll","background-type":"","background-media":"","overlay-type":"","overlay-color":"","overlay-opacity":"","overlay-gradient":""}}},"product_brand":[],"product_cat":[15,165],"product_tag":[],"class_list":{"0":"post-13791","1":"product","2":"type-product","3":"status-publish","4":"has-post-thumbnail","6":"product_cat-uncategorized","7":"product_cat-religija-filosofija-ir-ezoterika","8":"desktop-align-left","9":"tablet-align-left","10":"mobile-align-left","12":"first","13":"instock","14":"shipping-taxable","15":"purchasable","16":"product-type-simple"},"acf":[],"yoast_head":"<!-- This site is optimized with the Yoast SEO plugin v27.0 - https:\/\/yoast.com\/product\/yoast-seo-wordpress\/ -->\n<title>Dievo vardas \u2013 Gailestingumas<\/title>\n<meta name=\"description\" content=\"\u201eGailestingumas yra pirmoji Dievo savyb\u0117. Tai Dievo vardas. N\u0117ra pad\u0117ties be i\u0161eities, mes nesame pasmerkti pask\u0119sti lakiajame sm\u0117lyje.&quot; Paprastais ir\" \/>\n<meta name=\"robots\" content=\"index, follow, max-snippet:-1, max-image-preview:large, max-video-preview:-1\" \/>\n<link rel=\"canonical\" href=\"https:\/\/skaitytaknyga.lt\/en\/produktas\/dievo-vardas-gailestingumas\/\" \/>\n<meta property=\"og:locale\" content=\"en_GB\" \/>\n<meta property=\"og:locale:alternate\" content=\"lt_LT\" \/>\n<meta property=\"og:type\" content=\"article\" \/>\n<meta property=\"og:title\" content=\"Dievo vardas \u2013 Gailestingumas\" \/>\n<meta property=\"og:description\" content=\"\u201eGailestingumas yra pirmoji Dievo savyb\u0117. Tai Dievo vardas. N\u0117ra pad\u0117ties be i\u0161eities, mes nesame pasmerkti pask\u0119sti lakiajame sm\u0117lyje.&quot; Paprastais ir\" \/>\n<meta property=\"og:url\" content=\"https:\/\/skaitytaknyga.lt\/en\/produktas\/dievo-vardas-gailestingumas\/\" \/>\n<meta property=\"og:site_name\" content=\"Skaitytaknyga\" \/>\n<meta property=\"article:publisher\" content=\"https:\/\/www.facebook.com\/skaitytaknyga\/\" \/>\n<meta property=\"article:modified_time\" content=\"2024-09-10T06:20:12+00:00\" \/>\n<meta property=\"og:image\" content=\"https:\/\/skaitytaknyga.lt\/wp-content\/uploads\/2024\/09\/Dievo-vardas-\u2013-Gailestingumas.webp\" \/>\n\t<meta property=\"og:image:width\" content=\"384\" \/>\n\t<meta property=\"og:image:height\" content=\"652\" \/>\n\t<meta property=\"og:image:type\" content=\"image\/webp\" \/>\n<meta name=\"twitter:card\" content=\"summary_large_image\" \/>\n<meta name=\"twitter:label1\" content=\"Estimated reading time\" \/>\n\t<meta name=\"twitter:data1\" content=\"2 minutes\" \/>\n<script type=\"application\/ld+json\" class=\"yoast-schema-graph\">{\"@context\":\"https:\/\/schema.org\",\"@graph\":[{\"@type\":\"WebPage\",\"@id\":\"https:\/\/skaitytaknyga.lt\/produktas\/dievo-vardas-gailestingumas\/\",\"url\":\"https:\/\/skaitytaknyga.lt\/produktas\/dievo-vardas-gailestingumas\/\",\"name\":\"Dievo vardas \u2013 Gailestingumas\",\"isPartOf\":{\"@id\":\"https:\/\/skaitytaknyga.lt\/#website\"},\"primaryImageOfPage\":{\"@id\":\"https:\/\/skaitytaknyga.lt\/produktas\/dievo-vardas-gailestingumas\/#primaryimage\"},\"image\":{\"@id\":\"https:\/\/skaitytaknyga.lt\/produktas\/dievo-vardas-gailestingumas\/#primaryimage\"},\"thumbnailUrl\":\"https:\/\/skaitytaknyga.lt\/wp-content\/uploads\/2024\/09\/Dievo-vardas-\u2013-Gailestingumas.webp\",\"datePublished\":\"2024-05-10T05:49:08+00:00\",\"dateModified\":\"2024-09-10T06:20:12+00:00\",\"description\":\"\u201eGailestingumas yra pirmoji Dievo savyb\u0117. Tai Dievo vardas. N\u0117ra pad\u0117ties be i\u0161eities, mes nesame pasmerkti pask\u0119sti lakiajame sm\u0117lyje.\\\" Paprastais ir\",\"breadcrumb\":{\"@id\":\"https:\/\/skaitytaknyga.lt\/produktas\/dievo-vardas-gailestingumas\/#breadcrumb\"},\"inLanguage\":\"en-GB\",\"potentialAction\":[{\"@type\":\"ReadAction\",\"target\":[\"https:\/\/skaitytaknyga.lt\/produktas\/dievo-vardas-gailestingumas\/\"]}]},{\"@type\":\"ImageObject\",\"inLanguage\":\"en-GB\",\"@id\":\"https:\/\/skaitytaknyga.lt\/produktas\/dievo-vardas-gailestingumas\/#primaryimage\",\"url\":\"https:\/\/skaitytaknyga.lt\/wp-content\/uploads\/2024\/09\/Dievo-vardas-\u2013-Gailestingumas.webp\",\"contentUrl\":\"https:\/\/skaitytaknyga.lt\/wp-content\/uploads\/2024\/09\/Dievo-vardas-\u2013-Gailestingumas.webp\",\"width\":384,\"height\":652,\"caption\":\"Dievo vardas \u2013 Gailestingumas\"},{\"@type\":\"BreadcrumbList\",\"@id\":\"https:\/\/skaitytaknyga.lt\/produktas\/dievo-vardas-gailestingumas\/#breadcrumb\",\"itemListElement\":[{\"@type\":\"ListItem\",\"position\":1,\"name\":\"Home\",\"item\":\"https:\/\/skaitytaknyga.lt\/\"},{\"@type\":\"ListItem\",\"position\":2,\"name\":\"Parduotuv\u0117\",\"item\":\"https:\/\/skaitytaknyga.lt\/knygu-parduotuve\/\"},{\"@type\":\"ListItem\",\"position\":3,\"name\":\"Dievo vardas \u2013 Gailestingumas\"}]},{\"@type\":\"WebSite\",\"@id\":\"https:\/\/skaitytaknyga.lt\/#website\",\"url\":\"https:\/\/skaitytaknyga.lt\/\",\"name\":\"skaitytaknyga.lt\",\"description\":\"Skaitytaknyga.lt \u2013 tai ma\u017eas \u0161eimos verslas, kuris prasid\u0117jo nuo meil\u0117s knygoms ir siekio i\u0161gelb\u0117ti knygas nuo likimo prie konteinerio. Kas vienam nereikalingas daiktas \u2013 kitam lobis, o mes esame tarpininkai, kurie padeda abiems tapti laimingesniems ???? \u017dinome kaip nelengva i\u0161gyventi ma\u017eiems verslams, tad nuo \u0161iol, \u010dia rasite ir kit\u0173, ma\u017e\u0173 \u0161eim\u0173 versl\u0173, rank\u0173 darbo, dovan\u0173 sau ir artimiesiems.\",\"publisher\":{\"@id\":\"https:\/\/skaitytaknyga.lt\/#organization\"},\"potentialAction\":[{\"@type\":\"SearchAction\",\"target\":{\"@type\":\"EntryPoint\",\"urlTemplate\":\"https:\/\/skaitytaknyga.lt\/?s={search_term_string}\"},\"query-input\":{\"@type\":\"PropertyValueSpecification\",\"valueRequired\":true,\"valueName\":\"search_term_string\"}}],\"inLanguage\":\"en-GB\"},{\"@type\":\"Organization\",\"@id\":\"https:\/\/skaitytaknyga.lt\/#organization\",\"name\":\"skaitytaknyga.lt\",\"url\":\"https:\/\/skaitytaknyga.lt\/\",\"logo\":{\"@type\":\"ImageObject\",\"inLanguage\":\"en-GB\",\"@id\":\"https:\/\/skaitytaknyga.lt\/#\/schema\/logo\/image\/\",\"url\":\"https:\/\/skaitytaknyga.lt\/wp-content\/uploads\/2024\/05\/cropped-cropped-cropped-02_00843_jt3bggkj1j3HLc7SyY6rEUpg.jpeg\",\"contentUrl\":\"https:\/\/skaitytaknyga.lt\/wp-content\/uploads\/2024\/05\/cropped-cropped-cropped-02_00843_jt3bggkj1j3HLc7SyY6rEUpg.jpeg\",\"width\":1600,\"height\":1600,\"caption\":\"skaitytaknyga.lt\"},\"image\":{\"@id\":\"https:\/\/skaitytaknyga.lt\/#\/schema\/logo\/image\/\"},\"sameAs\":[\"https:\/\/www.facebook.com\/skaitytaknyga\/\"]}]}<\/script>\n<!-- \/ Yoast SEO plugin. -->","yoast_head_json":{"title":"Dievo vardas \u2013 Gailestingumas","description":"\u201eGailestingumas yra pirmoji Dievo savyb\u0117. Tai Dievo vardas. N\u0117ra pad\u0117ties be i\u0161eities, mes nesame pasmerkti pask\u0119sti lakiajame sm\u0117lyje.\" Paprastais ir","robots":{"index":"index","follow":"follow","max-snippet":"max-snippet:-1","max-image-preview":"max-image-preview:large","max-video-preview":"max-video-preview:-1"},"canonical":"https:\/\/skaitytaknyga.lt\/en\/produktas\/dievo-vardas-gailestingumas\/","og_locale":"en_GB","og_type":"article","og_title":"[:lt]Dievo vardas \u2013 Gailestingumas[:] - Skaitytaknyga","og_description":"\u201eGailestingumas yra pirmoji Dievo savyb\u0117. Tai Dievo vardas. N\u0117ra pad\u0117ties be i\u0161eities, mes nesame pasmerkti pask\u0119sti lakiajame sm\u0117lyje.\" Paprastais ir","og_url":"https:\/\/skaitytaknyga.lt\/en\/produktas\/dievo-vardas-gailestingumas\/","og_site_name":"Skaitytaknyga","article_publisher":"https:\/\/www.facebook.com\/skaitytaknyga\/","article_modified_time":"2024-09-10T06:20:12+00:00","og_image":[{"width":384,"height":652,"url":"https:\/\/skaitytaknyga.lt\/wp-content\/uploads\/2024\/09\/Dievo-vardas-\u2013-Gailestingumas.webp","type":"image\/webp"}],"twitter_card":"summary_large_image","twitter_misc":{"Estimated reading time":"2 minutes"},"schema":{"@context":"https:\/\/schema.org","@graph":[{"@type":"WebPage","@id":"https:\/\/skaitytaknyga.lt\/produktas\/dievo-vardas-gailestingumas\/","url":"https:\/\/skaitytaknyga.lt\/produktas\/dievo-vardas-gailestingumas\/","name":"Dievo vardas \u2013 Gailestingumas","isPartOf":{"@id":"https:\/\/skaitytaknyga.lt\/#website"},"primaryImageOfPage":{"@id":"https:\/\/skaitytaknyga.lt\/produktas\/dievo-vardas-gailestingumas\/#primaryimage"},"image":{"@id":"https:\/\/skaitytaknyga.lt\/produktas\/dievo-vardas-gailestingumas\/#primaryimage"},"thumbnailUrl":"https:\/\/skaitytaknyga.lt\/wp-content\/uploads\/2024\/09\/Dievo-vardas-\u2013-Gailestingumas.webp","datePublished":"2024-05-10T05:49:08+00:00","dateModified":"2024-09-10T06:20:12+00:00","description":"\u201eGailestingumas yra pirmoji Dievo savyb\u0117. Tai Dievo vardas. N\u0117ra pad\u0117ties be i\u0161eities, mes nesame pasmerkti pask\u0119sti lakiajame sm\u0117lyje.\" Paprastais ir","breadcrumb":{"@id":"https:\/\/skaitytaknyga.lt\/produktas\/dievo-vardas-gailestingumas\/#breadcrumb"},"inLanguage":"en-GB","potentialAction":[{"@type":"ReadAction","target":["https:\/\/skaitytaknyga.lt\/produktas\/dievo-vardas-gailestingumas\/"]}]},{"@type":"ImageObject","inLanguage":"en-GB","@id":"https:\/\/skaitytaknyga.lt\/produktas\/dievo-vardas-gailestingumas\/#primaryimage","url":"https:\/\/skaitytaknyga.lt\/wp-content\/uploads\/2024\/09\/Dievo-vardas-\u2013-Gailestingumas.webp","contentUrl":"https:\/\/skaitytaknyga.lt\/wp-content\/uploads\/2024\/09\/Dievo-vardas-\u2013-Gailestingumas.webp","width":384,"height":652,"caption":"Dievo vardas \u2013 Gailestingumas"},{"@type":"BreadcrumbList","@id":"https:\/\/skaitytaknyga.lt\/produktas\/dievo-vardas-gailestingumas\/#breadcrumb","itemListElement":[{"@type":"ListItem","position":1,"name":"Home","item":"https:\/\/skaitytaknyga.lt\/"},{"@type":"ListItem","position":2,"name":"Parduotuv\u0117","item":"https:\/\/skaitytaknyga.lt\/knygu-parduotuve\/"},{"@type":"ListItem","position":3,"name":"Dievo vardas \u2013 Gailestingumas"}]},{"@type":"WebSite","@id":"https:\/\/skaitytaknyga.lt\/#website","url":"https:\/\/skaitytaknyga.lt\/","name":"skaitytaknyga.lt","description":"Skaitytaknyga.lt \u2013 tai ma\u017eas \u0161eimos verslas, kuris prasid\u0117jo nuo meil\u0117s knygoms ir siekio i\u0161gelb\u0117ti knygas nuo likimo prie konteinerio. Kas vienam nereikalingas daiktas \u2013 kitam lobis, o mes esame tarpininkai, kurie padeda abiems tapti laimingesniems ???? \u017dinome kaip nelengva i\u0161gyventi ma\u017eiems verslams, tad nuo \u0161iol, \u010dia rasite ir kit\u0173, ma\u017e\u0173 \u0161eim\u0173 versl\u0173, rank\u0173 darbo, dovan\u0173 sau ir artimiesiems.","publisher":{"@id":"https:\/\/skaitytaknyga.lt\/#organization"},"potentialAction":[{"@type":"SearchAction","target":{"@type":"EntryPoint","urlTemplate":"https:\/\/skaitytaknyga.lt\/?s={search_term_string}"},"query-input":{"@type":"PropertyValueSpecification","valueRequired":true,"valueName":"search_term_string"}}],"inLanguage":"en-GB"},{"@type":"Organization","@id":"https:\/\/skaitytaknyga.lt\/#organization","name":"skaitytaknyga.lt","url":"https:\/\/skaitytaknyga.lt\/","logo":{"@type":"ImageObject","inLanguage":"en-GB","@id":"https:\/\/skaitytaknyga.lt\/#\/schema\/logo\/image\/","url":"https:\/\/skaitytaknyga.lt\/wp-content\/uploads\/2024\/05\/cropped-cropped-cropped-02_00843_jt3bggkj1j3HLc7SyY6rEUpg.jpeg","contentUrl":"https:\/\/skaitytaknyga.lt\/wp-content\/uploads\/2024\/05\/cropped-cropped-cropped-02_00843_jt3bggkj1j3HLc7SyY6rEUpg.jpeg","width":1600,"height":1600,"caption":"skaitytaknyga.lt"},"image":{"@id":"https:\/\/skaitytaknyga.lt\/#\/schema\/logo\/image\/"},"sameAs":["https:\/\/www.facebook.com\/skaitytaknyga\/"]}]}},"_links":{"self":[{"href":"https:\/\/skaitytaknyga.lt\/en\/wp-json\/wp\/v2\/product\/13791","targetHints":{"allow":["GET"]}}],"collection":[{"href":"https:\/\/skaitytaknyga.lt\/en\/wp-json\/wp\/v2\/product"}],"about":[{"href":"https:\/\/skaitytaknyga.lt\/en\/wp-json\/wp\/v2\/types\/product"}],"replies":[{"embeddable":true,"href":"https:\/\/skaitytaknyga.lt\/en\/wp-json\/wp\/v2\/comments?post=13791"}],"wp:featuredmedia":[{"embeddable":true,"href":"https:\/\/skaitytaknyga.lt\/en\/wp-json\/wp\/v2\/media\/13804"}],"wp:attachment":[{"href":"https:\/\/skaitytaknyga.lt\/en\/wp-json\/wp\/v2\/media?parent=13791"}],"wp:term":[{"taxonomy":"product_brand","embeddable":true,"href":"https:\/\/skaitytaknyga.lt\/en\/wp-json\/wp\/v2\/product_brand?post=13791"},{"taxonomy":"product_cat","embeddable":true,"href":"https:\/\/skaitytaknyga.lt\/en\/wp-json\/wp\/v2\/product_cat?post=13791"},{"taxonomy":"product_tag","embeddable":true,"href":"https:\/\/skaitytaknyga.lt\/en\/wp-json\/wp\/v2\/product_tag?post=13791"}],"curies":[{"name":"wp","href":"https:\/\/api.w.org\/{rel}","templated":true}]}}