{"id":13790,"date":"2024-04-10T08:49:07","date_gmt":"2024-04-10T05:49:07","guid":{"rendered":"https:\/\/skaitytaknyga.lt\/?post_type=product&#038;p=13790"},"modified":"2025-05-15T09:42:00","modified_gmt":"2025-05-15T06:42:00","slug":"j-grubliauskas-anapus-materijos","status":"publish","type":"product","link":"https:\/\/skaitytaknyga.lt\/en\/produktas\/j-grubliauskas-anapus-materijos\/","title":{"rendered":"Anapus materijos"},"content":{"rendered":"<p>&#8220;Tai karo met\u0173 kunigas. B\u016bdamas gilios dvasios, protingas, m\u0117gstantis matemati\u0161kai galvoti, bet kartu jautriai, kar\u0161tai \u012f visk\u0105 reaguojantis, geb\u0105s ra\u0161yti dar seminarijos suole, gilaus tik\u0117jimo. Jo 15 pamoksl\u0173 skript\u0173 knygose randame spinduliuojant\u012f nor\u0105 visiems perteikti tik\u0117jimo krait\u012f.<\/p>\n<p>Per trejus studij\u0173 metus pasisek\u0117 \u0161iek tiek j\u012f pa\u017einti, o pastoracijoje buvo patikimas bendradarbis, neatsisakantis jokio pastoracinio darbo.K\u0105 skelb\u0117 gyvu \u017eod\u017eiu, ra\u0161tais, tuo ir pats gyveno. Apie gyvenim\u0105 lageriuose neklausin\u0117davau, nes abu tos duonos gan\u0117tinai prisiragavome&#8221;.<\/p>\n<p>Juozapas Grubliauskas-Kunigas, teologijos moksl\u0173 daktaras. Gim\u0117 1918 m. gegu\u017e\u0117s 23 d. Auk\u0161tkeli\u0173 k. (Raseini\u0173 apskr.). Mok\u0117si Vidukl\u0117s pradin\u0117je, Raseini\u0173 gimnazijoje, Tel\u0161i\u0173 kunig\u0173 seminarijoje. 1942 m. gegu\u017e\u0117s 22 d. \u012f\u0161ventintas kunigu. Para\u0161\u0117 10 religinio turinio veikal\u0173. Apgynus disertacij\u0105 \u201e\u017dmonijos am\u017eius\u201c, jam suteiktas teologijos moksl\u0173 daktaro laipsnis. Vos baig\u0119s mokslin\u012f darb\u0105 \u201eAnapus materijos\u201c1984 m. spalio 19 d. \u0160ilut\u0117je staigia mirtimi u\u017ebaig\u0117 savo \u017eemi\u0161kuosius darbus, benor\u0117damas dar daug k\u0105 para\u0161yti savo paskutin\u0117je knygoje \u201e\u017dmogaus am\u017eius\u201c, u\u017e kuri\u0105 gavo filosofijos licenciato laipsn\u012f.<\/p>\n","protected":false},"excerpt":{"rendered":"<p>&#8220;Tai karo met\u0173 kunigas. B\u016bdamas gilios dvasios, protingas, m\u0117gstantis matemati\u0161kai galvoti, bet kartu jautriai, kar\u0161tai \u012f visk\u0105 reaguojantis, geb\u0105s ra\u0161yti dar seminarijos suole, gilaus tik\u0117jimo. Jo 15 pamoksl\u0173 skript\u0173 knygose randame spinduliuojant\u012f nor\u0105 visiems perteikti tik\u0117jimo krait\u012f. Per trejus studij\u0173 metus pasisek\u0117 \u0161iek tiek j\u012f pa\u017einti, o pastoracijoje buvo patikimas bendradarbis, neatsisakantis jokio pastoracinio darbo.K\u0105 skelb\u0117 gyvu \u017eod\u017eiu, ra\u0161tais, tuo ir pats gyveno. Apie gyvenim\u0105 lageriuose neklausin\u0117davau, nes abu tos duonos gan\u0117tinai prisiragavome&#8221;. Juozapas Grubliauskas-Kunigas, teologijos moksl\u0173 daktaras. Gim\u0117 1918 m. gegu\u017e\u0117s 23 d. Auk\u0161tkeli\u0173 k. (Raseini\u0173 apskr.). Mok\u0117si Vidukl\u0117s pradin\u0117je, Raseini\u0173 gimnazijoje, Tel\u0161i\u0173 kunig\u0173 seminarijoje. 1942 m. gegu\u017e\u0117s 22 d. \u012f\u0161ventintas kunigu. Para\u0161\u0117 10 religinio turinio veikal\u0173. Apgynus disertacij\u0105 \u201e\u017dmonijos am\u017eius\u201c, jam suteiktas teologijos moksl\u0173 daktaro laipsnis. Vos baig\u0119s mokslin\u012f darb\u0105 \u201eAnapus materijos\u201c1984 m. spalio 19 d. \u0160ilut\u0117je staigia mirtimi u\u017ebaig\u0117 savo \u017eemi\u0161kuosius darbus, benor\u0117damas dar daug k\u0105 para\u0161yti savo paskutin\u0117je knygoje \u201e\u017dmogaus am\u017eius\u201c, u\u017e kuri\u0105 gavo filosofijos licenciato laipsn\u012f.<\/p>\n","protected":false},"featured_media":13803,"comment_status":"open","ping_status":"closed","template":"","meta":{"_acf_changed":false,"site-sidebar-layout":"default","site-content-layout":"","ast-site-content-layout":"default","site-content-style":"default","site-sidebar-style":"default","ast-global-header-display":"","ast-banner-title-visibility":"","ast-main-header-display":"","ast-hfb-above-header-display":"","ast-hfb-below-header-display":"","ast-hfb-mobile-header-display":"","site-post-title":"","ast-breadcrumbs-content":"","ast-featured-img":"","footer-sml-layout":"","ast-disable-related-posts":"","theme-transparent-header-meta":"default","adv-header-id-meta":"","stick-header-meta":"","header-above-stick-meta":"","header-main-stick-meta":"","header-below-stick-meta":"","astra-migrate-meta-layouts":"set","ast-page-background-enabled":"default","ast-page-background-meta":{"desktop":{"background-color":"","background-image":"","background-repeat":"repeat","background-position":"center center","background-size":"auto","background-attachment":"scroll","background-type":"","background-media":"","overlay-type":"","overlay-color":"","overlay-opacity":"","overlay-gradient":""},"tablet":{"background-color":"","background-image":"","background-repeat":"repeat","background-position":"center center","background-size":"auto","background-attachment":"scroll","background-type":"","background-media":"","overlay-type":"","overlay-color":"","overlay-opacity":"","overlay-gradient":""},"mobile":{"background-color":"","background-image":"","background-repeat":"repeat","background-position":"center center","background-size":"auto","background-attachment":"scroll","background-type":"","background-media":"","overlay-type":"","overlay-color":"","overlay-opacity":"","overlay-gradient":""}},"ast-content-background-meta":{"desktop":{"background-color":"var(--ast-global-color-4)","background-image":"","background-repeat":"repeat","background-position":"center center","background-size":"auto","background-attachment":"scroll","background-type":"","background-media":"","overlay-type":"","overlay-color":"","overlay-opacity":"","overlay-gradient":""},"tablet":{"background-color":"var(--ast-global-color-4)","background-image":"","background-repeat":"repeat","background-position":"center center","background-size":"auto","background-attachment":"scroll","background-type":"","background-media":"","overlay-type":"","overlay-color":"","overlay-opacity":"","overlay-gradient":""},"mobile":{"background-color":"var(--ast-global-color-4)","background-image":"","background-repeat":"repeat","background-position":"center center","background-size":"auto","background-attachment":"scroll","background-type":"","background-media":"","overlay-type":"","overlay-color":"","overlay-opacity":"","overlay-gradient":""}}},"product_brand":[],"product_cat":[15,165],"product_tag":[1994,2322,2323,1467,2832,2833,2834],"class_list":{"0":"post-13790","1":"product","2":"type-product","3":"status-publish","4":"has-post-thumbnail","6":"product_cat-uncategorized","7":"product_cat-religija-filosofija-ir-ezoterika","8":"product_tag-dvasinis-augimas","9":"product_tag-dvasinis-pasaulis","10":"product_tag-ezoterika","11":"product_tag-filosofija","12":"product_tag-j-grubliauskas","13":"product_tag-metafizika","14":"product_tag-samone","15":"desktop-align-left","16":"tablet-align-left","17":"mobile-align-left","19":"first","20":"instock","21":"shipping-taxable","22":"purchasable","23":"product-type-simple"},"acf":[],"yoast_head":"<!-- This site is optimized with the Yoast SEO plugin v27.0 - https:\/\/yoast.com\/product\/yoast-seo-wordpress\/ -->\n<title>Anapus materijos<\/title>\n<meta name=\"description\" content=\"&quot;Tai karo met\u0173 kunigas. B\u016bdamas gilios dvasios, protingas, m\u0117gstantis matemati\u0161kai galvoti, bet kartu jautriai, kar\u0161tai \u012f visk\u0105 reaguojantis, geb\u0105s ra\u0161yti\" \/>\n<meta name=\"robots\" content=\"index, follow, max-snippet:-1, max-image-preview:large, max-video-preview:-1\" \/>\n<link rel=\"canonical\" href=\"https:\/\/skaitytaknyga.lt\/en\/produktas\/j-grubliauskas-anapus-materijos\/\" \/>\n<meta property=\"og:locale\" content=\"en_GB\" \/>\n<meta property=\"og:locale:alternate\" content=\"lt_LT\" \/>\n<meta property=\"og:type\" content=\"article\" \/>\n<meta property=\"og:title\" content=\"Anapus materijos\" \/>\n<meta property=\"og:description\" content=\"&quot;Tai karo met\u0173 kunigas. B\u016bdamas gilios dvasios, protingas, m\u0117gstantis matemati\u0161kai galvoti, bet kartu jautriai, kar\u0161tai \u012f visk\u0105 reaguojantis, geb\u0105s ra\u0161yti\" \/>\n<meta property=\"og:url\" content=\"https:\/\/skaitytaknyga.lt\/en\/produktas\/j-grubliauskas-anapus-materijos\/\" \/>\n<meta property=\"og:site_name\" content=\"Skaitytaknyga\" \/>\n<meta property=\"article:publisher\" content=\"https:\/\/www.facebook.com\/skaitytaknyga\/\" \/>\n<meta property=\"article:modified_time\" content=\"2025-05-15T06:42:00+00:00\" \/>\n<meta property=\"og:image\" content=\"https:\/\/skaitytaknyga.lt\/wp-content\/uploads\/2024\/09\/Anapus-materijos-e1725949284491.webp\" \/>\n\t<meta property=\"og:image:width\" content=\"398\" \/>\n\t<meta property=\"og:image:height\" content=\"565\" \/>\n\t<meta property=\"og:image:type\" content=\"image\/webp\" \/>\n<meta name=\"twitter:card\" content=\"summary_large_image\" \/>\n<meta name=\"twitter:label1\" content=\"Estimated reading time\" \/>\n\t<meta name=\"twitter:data1\" content=\"2 minutes\" \/>\n<script type=\"application\/ld+json\" class=\"yoast-schema-graph\">{\"@context\":\"https:\/\/schema.org\",\"@graph\":[{\"@type\":\"WebPage\",\"@id\":\"https:\/\/skaitytaknyga.lt\/produktas\/j-grubliauskas-anapus-materijos\/\",\"url\":\"https:\/\/skaitytaknyga.lt\/produktas\/j-grubliauskas-anapus-materijos\/\",\"name\":\"Anapus materijos\",\"isPartOf\":{\"@id\":\"https:\/\/skaitytaknyga.lt\/#website\"},\"primaryImageOfPage\":{\"@id\":\"https:\/\/skaitytaknyga.lt\/produktas\/j-grubliauskas-anapus-materijos\/#primaryimage\"},\"image\":{\"@id\":\"https:\/\/skaitytaknyga.lt\/produktas\/j-grubliauskas-anapus-materijos\/#primaryimage\"},\"thumbnailUrl\":\"https:\/\/skaitytaknyga.lt\/wp-content\/uploads\/2024\/09\/Anapus-materijos-e1725949284491.webp\",\"datePublished\":\"2024-04-10T05:49:07+00:00\",\"dateModified\":\"2025-05-15T06:42:00+00:00\",\"description\":\"\\\"Tai karo met\u0173 kunigas. B\u016bdamas gilios dvasios, protingas, m\u0117gstantis matemati\u0161kai galvoti, bet kartu jautriai, kar\u0161tai \u012f visk\u0105 reaguojantis, geb\u0105s ra\u0161yti\",\"breadcrumb\":{\"@id\":\"https:\/\/skaitytaknyga.lt\/produktas\/j-grubliauskas-anapus-materijos\/#breadcrumb\"},\"inLanguage\":\"en-GB\",\"potentialAction\":[{\"@type\":\"ReadAction\",\"target\":[\"https:\/\/skaitytaknyga.lt\/produktas\/j-grubliauskas-anapus-materijos\/\"]}]},{\"@type\":\"ImageObject\",\"inLanguage\":\"en-GB\",\"@id\":\"https:\/\/skaitytaknyga.lt\/produktas\/j-grubliauskas-anapus-materijos\/#primaryimage\",\"url\":\"https:\/\/skaitytaknyga.lt\/wp-content\/uploads\/2024\/09\/Anapus-materijos-e1725949284491.webp\",\"contentUrl\":\"https:\/\/skaitytaknyga.lt\/wp-content\/uploads\/2024\/09\/Anapus-materijos-e1725949284491.webp\",\"width\":398,\"height\":565,\"caption\":\"J. Grubliauskas \u201eAnapus materijos\u201c\"},{\"@type\":\"BreadcrumbList\",\"@id\":\"https:\/\/skaitytaknyga.lt\/produktas\/j-grubliauskas-anapus-materijos\/#breadcrumb\",\"itemListElement\":[{\"@type\":\"ListItem\",\"position\":1,\"name\":\"Home\",\"item\":\"https:\/\/skaitytaknyga.lt\/\"},{\"@type\":\"ListItem\",\"position\":2,\"name\":\"Parduotuv\u0117\",\"item\":\"https:\/\/skaitytaknyga.lt\/knygu-parduotuve\/\"},{\"@type\":\"ListItem\",\"position\":3,\"name\":\"Anapus materijos\"}]},{\"@type\":\"WebSite\",\"@id\":\"https:\/\/skaitytaknyga.lt\/#website\",\"url\":\"https:\/\/skaitytaknyga.lt\/\",\"name\":\"skaitytaknyga.lt\",\"description\":\"Skaitytaknyga.lt \u2013 tai ma\u017eas \u0161eimos verslas, kuris prasid\u0117jo nuo meil\u0117s knygoms ir siekio i\u0161gelb\u0117ti knygas nuo likimo prie konteinerio. Kas vienam nereikalingas daiktas \u2013 kitam lobis, o mes esame tarpininkai, kurie padeda abiems tapti laimingesniems ???? \u017dinome kaip nelengva i\u0161gyventi ma\u017eiems verslams, tad nuo \u0161iol, \u010dia rasite ir kit\u0173, ma\u017e\u0173 \u0161eim\u0173 versl\u0173, rank\u0173 darbo, dovan\u0173 sau ir artimiesiems.\",\"publisher\":{\"@id\":\"https:\/\/skaitytaknyga.lt\/#organization\"},\"potentialAction\":[{\"@type\":\"SearchAction\",\"target\":{\"@type\":\"EntryPoint\",\"urlTemplate\":\"https:\/\/skaitytaknyga.lt\/?s={search_term_string}\"},\"query-input\":{\"@type\":\"PropertyValueSpecification\",\"valueRequired\":true,\"valueName\":\"search_term_string\"}}],\"inLanguage\":\"en-GB\"},{\"@type\":\"Organization\",\"@id\":\"https:\/\/skaitytaknyga.lt\/#organization\",\"name\":\"skaitytaknyga.lt\",\"url\":\"https:\/\/skaitytaknyga.lt\/\",\"logo\":{\"@type\":\"ImageObject\",\"inLanguage\":\"en-GB\",\"@id\":\"https:\/\/skaitytaknyga.lt\/#\/schema\/logo\/image\/\",\"url\":\"https:\/\/skaitytaknyga.lt\/wp-content\/uploads\/2024\/05\/cropped-cropped-cropped-02_00843_jt3bggkj1j3HLc7SyY6rEUpg.jpeg\",\"contentUrl\":\"https:\/\/skaitytaknyga.lt\/wp-content\/uploads\/2024\/05\/cropped-cropped-cropped-02_00843_jt3bggkj1j3HLc7SyY6rEUpg.jpeg\",\"width\":1600,\"height\":1600,\"caption\":\"skaitytaknyga.lt\"},\"image\":{\"@id\":\"https:\/\/skaitytaknyga.lt\/#\/schema\/logo\/image\/\"},\"sameAs\":[\"https:\/\/www.facebook.com\/skaitytaknyga\/\"]}]}<\/script>\n<!-- \/ Yoast SEO plugin. -->","yoast_head_json":{"title":"Anapus materijos","description":"\"Tai karo met\u0173 kunigas. B\u016bdamas gilios dvasios, protingas, m\u0117gstantis matemati\u0161kai galvoti, bet kartu jautriai, kar\u0161tai \u012f visk\u0105 reaguojantis, geb\u0105s ra\u0161yti","robots":{"index":"index","follow":"follow","max-snippet":"max-snippet:-1","max-image-preview":"max-image-preview:large","max-video-preview":"max-video-preview:-1"},"canonical":"https:\/\/skaitytaknyga.lt\/en\/produktas\/j-grubliauskas-anapus-materijos\/","og_locale":"en_GB","og_type":"article","og_title":"[:lt]Anapus materijos[:] - Skaitytaknyga","og_description":"\"Tai karo met\u0173 kunigas. B\u016bdamas gilios dvasios, protingas, m\u0117gstantis matemati\u0161kai galvoti, bet kartu jautriai, kar\u0161tai \u012f visk\u0105 reaguojantis, geb\u0105s ra\u0161yti","og_url":"https:\/\/skaitytaknyga.lt\/en\/produktas\/j-grubliauskas-anapus-materijos\/","og_site_name":"Skaitytaknyga","article_publisher":"https:\/\/www.facebook.com\/skaitytaknyga\/","article_modified_time":"2025-05-15T06:42:00+00:00","og_image":[{"width":398,"height":565,"url":"https:\/\/skaitytaknyga.lt\/wp-content\/uploads\/2024\/09\/Anapus-materijos-e1725949284491.webp","type":"image\/webp"}],"twitter_card":"summary_large_image","twitter_misc":{"Estimated reading time":"2 minutes"},"schema":{"@context":"https:\/\/schema.org","@graph":[{"@type":"WebPage","@id":"https:\/\/skaitytaknyga.lt\/produktas\/j-grubliauskas-anapus-materijos\/","url":"https:\/\/skaitytaknyga.lt\/produktas\/j-grubliauskas-anapus-materijos\/","name":"Anapus materijos","isPartOf":{"@id":"https:\/\/skaitytaknyga.lt\/#website"},"primaryImageOfPage":{"@id":"https:\/\/skaitytaknyga.lt\/produktas\/j-grubliauskas-anapus-materijos\/#primaryimage"},"image":{"@id":"https:\/\/skaitytaknyga.lt\/produktas\/j-grubliauskas-anapus-materijos\/#primaryimage"},"thumbnailUrl":"https:\/\/skaitytaknyga.lt\/wp-content\/uploads\/2024\/09\/Anapus-materijos-e1725949284491.webp","datePublished":"2024-04-10T05:49:07+00:00","dateModified":"2025-05-15T06:42:00+00:00","description":"\"Tai karo met\u0173 kunigas. B\u016bdamas gilios dvasios, protingas, m\u0117gstantis matemati\u0161kai galvoti, bet kartu jautriai, kar\u0161tai \u012f visk\u0105 reaguojantis, geb\u0105s ra\u0161yti","breadcrumb":{"@id":"https:\/\/skaitytaknyga.lt\/produktas\/j-grubliauskas-anapus-materijos\/#breadcrumb"},"inLanguage":"en-GB","potentialAction":[{"@type":"ReadAction","target":["https:\/\/skaitytaknyga.lt\/produktas\/j-grubliauskas-anapus-materijos\/"]}]},{"@type":"ImageObject","inLanguage":"en-GB","@id":"https:\/\/skaitytaknyga.lt\/produktas\/j-grubliauskas-anapus-materijos\/#primaryimage","url":"https:\/\/skaitytaknyga.lt\/wp-content\/uploads\/2024\/09\/Anapus-materijos-e1725949284491.webp","contentUrl":"https:\/\/skaitytaknyga.lt\/wp-content\/uploads\/2024\/09\/Anapus-materijos-e1725949284491.webp","width":398,"height":565,"caption":"J. Grubliauskas \u201eAnapus materijos\u201c"},{"@type":"BreadcrumbList","@id":"https:\/\/skaitytaknyga.lt\/produktas\/j-grubliauskas-anapus-materijos\/#breadcrumb","itemListElement":[{"@type":"ListItem","position":1,"name":"Home","item":"https:\/\/skaitytaknyga.lt\/"},{"@type":"ListItem","position":2,"name":"Parduotuv\u0117","item":"https:\/\/skaitytaknyga.lt\/knygu-parduotuve\/"},{"@type":"ListItem","position":3,"name":"Anapus materijos"}]},{"@type":"WebSite","@id":"https:\/\/skaitytaknyga.lt\/#website","url":"https:\/\/skaitytaknyga.lt\/","name":"skaitytaknyga.lt","description":"Skaitytaknyga.lt \u2013 tai ma\u017eas \u0161eimos verslas, kuris prasid\u0117jo nuo meil\u0117s knygoms ir siekio i\u0161gelb\u0117ti knygas nuo likimo prie konteinerio. Kas vienam nereikalingas daiktas \u2013 kitam lobis, o mes esame tarpininkai, kurie padeda abiems tapti laimingesniems ???? \u017dinome kaip nelengva i\u0161gyventi ma\u017eiems verslams, tad nuo \u0161iol, \u010dia rasite ir kit\u0173, ma\u017e\u0173 \u0161eim\u0173 versl\u0173, rank\u0173 darbo, dovan\u0173 sau ir artimiesiems.","publisher":{"@id":"https:\/\/skaitytaknyga.lt\/#organization"},"potentialAction":[{"@type":"SearchAction","target":{"@type":"EntryPoint","urlTemplate":"https:\/\/skaitytaknyga.lt\/?s={search_term_string}"},"query-input":{"@type":"PropertyValueSpecification","valueRequired":true,"valueName":"search_term_string"}}],"inLanguage":"en-GB"},{"@type":"Organization","@id":"https:\/\/skaitytaknyga.lt\/#organization","name":"skaitytaknyga.lt","url":"https:\/\/skaitytaknyga.lt\/","logo":{"@type":"ImageObject","inLanguage":"en-GB","@id":"https:\/\/skaitytaknyga.lt\/#\/schema\/logo\/image\/","url":"https:\/\/skaitytaknyga.lt\/wp-content\/uploads\/2024\/05\/cropped-cropped-cropped-02_00843_jt3bggkj1j3HLc7SyY6rEUpg.jpeg","contentUrl":"https:\/\/skaitytaknyga.lt\/wp-content\/uploads\/2024\/05\/cropped-cropped-cropped-02_00843_jt3bggkj1j3HLc7SyY6rEUpg.jpeg","width":1600,"height":1600,"caption":"skaitytaknyga.lt"},"image":{"@id":"https:\/\/skaitytaknyga.lt\/#\/schema\/logo\/image\/"},"sameAs":["https:\/\/www.facebook.com\/skaitytaknyga\/"]}]}},"_links":{"self":[{"href":"https:\/\/skaitytaknyga.lt\/en\/wp-json\/wp\/v2\/product\/13790","targetHints":{"allow":["GET"]}}],"collection":[{"href":"https:\/\/skaitytaknyga.lt\/en\/wp-json\/wp\/v2\/product"}],"about":[{"href":"https:\/\/skaitytaknyga.lt\/en\/wp-json\/wp\/v2\/types\/product"}],"replies":[{"embeddable":true,"href":"https:\/\/skaitytaknyga.lt\/en\/wp-json\/wp\/v2\/comments?post=13790"}],"wp:featuredmedia":[{"embeddable":true,"href":"https:\/\/skaitytaknyga.lt\/en\/wp-json\/wp\/v2\/media\/13803"}],"wp:attachment":[{"href":"https:\/\/skaitytaknyga.lt\/en\/wp-json\/wp\/v2\/media?parent=13790"}],"wp:term":[{"taxonomy":"product_brand","embeddable":true,"href":"https:\/\/skaitytaknyga.lt\/en\/wp-json\/wp\/v2\/product_brand?post=13790"},{"taxonomy":"product_cat","embeddable":true,"href":"https:\/\/skaitytaknyga.lt\/en\/wp-json\/wp\/v2\/product_cat?post=13790"},{"taxonomy":"product_tag","embeddable":true,"href":"https:\/\/skaitytaknyga.lt\/en\/wp-json\/wp\/v2\/product_tag?post=13790"}],"curies":[{"name":"wp","href":"https:\/\/api.w.org\/{rel}","templated":true}]}}