{"id":13788,"date":"2024-03-10T08:49:07","date_gmt":"2024-03-10T06:49:07","guid":{"rendered":"https:\/\/skaitytaknyga.lt\/?post_type=product&#038;p=13788"},"modified":"2025-05-12T14:25:55","modified_gmt":"2025-05-12T11:25:55","slug":"motina-terese-veiklioji-meile","status":"publish","type":"product","link":"https:\/\/skaitytaknyga.lt\/en\/produktas\/motina-terese-veiklioji-meile\/","title":{"rendered":"Motina Teres\u0117. Veiklioji meil\u0117"},"content":{"rendered":"<p>Knygos autorius Lush Gjergji pateikia i\u0161kalbing\u0105 esmini\u0173 Motinos Teres\u0117s gyvenimo \u012fvyki\u0173 ir jos dvasingumo pagrind\u0173 apibendrinim\u0105, leid\u017eiant skaitytojui i\u0161vysti vienos ry\u0161kiausi\u0173 Ba\u017eny\u010dios istorijos asmenybi\u0173 paveiksl\u0105.<\/p>\n<p>Lush Gjergji \u2013 alban\u0173 kilm\u0117s kunigas i\u0161 Kosovo, \u017eymus \u017eurnalistas ir ra\u0161ytojas, i\u0161tikimai lyd\u0117j\u0119s Motin\u0105 Teres\u0119 per jos keliones po vis\u0105 pasaul\u012f. \u0160ioje knygoje jis pateikia i\u0161kalbing\u0105 esmini\u0173 palaimintosios gyvenimo \u012fvyki\u0173 ir dvasingumo pagrind\u0173 sintez\u0119, po beveik trisde\u0161imties met\u0173 trukusi\u0173 tyrin\u0117jim\u0173, pa\u017einties ir draugyst\u0117s atsako \u012f klausimus: kas buvo jos t\u0117vai ir kaip ji aukl\u0117ta \u0161eimoje? Koks buvo jos religinis, kult\u016brinis, tautinis i\u0161prusimas? Kod\u0117l ji tapo misioniere tolimoje Indijoje? Kaip ir kada tapo seserimi Terese? K\u0105 tur\u0117jo padaryti, kad vadintusi \u2013 ir tokia i\u0161 tikr\u0173j\u0173 b\u016bt\u0173 \u2013 Motina Terese.<\/p>\n<p>Autoriaus \u017eod\u017eiais tariant: \u201eJ\u0105 sutik\u0119s, negal\u0117jai jos nepamilti, negal\u0117jai nebandyti keisti savo gyvenimo, negal\u0117jai nesekti jos pavyzd\u017eiu, nors tai reikalavo ir varginan\u010di\u0173 pastang\u0173. Ji buvo lyg pirmoji meil\u0117, kuri susuka galv\u0105, pavergia, nepalieja ramyb\u0117je, skatina ver\u017etis pirmyn&#8230;\u201c<\/p>\n<p>Pavadinimas:<br \/>\nMotina Teres\u0117. Veiklioji meil\u0117<\/p>\n<p>Autorius: Lush Gjergji<br \/>\nISBN kodas: 3-9874-98-65<br \/>\nLeidimo metai: 2003<br \/>\nLeid\u0117jas: Vikttorija<br \/>\nKalba: Lietuvi\u0173<\/p>\n","protected":false},"excerpt":{"rendered":"<p>Knygos autorius Lush Gjergji pateikia i\u0161kalbing\u0105 esmini\u0173 Motinos Teres\u0117s gyvenimo \u012fvyki\u0173 ir jos dvasingumo pagrind\u0173 apibendrinim\u0105, leid\u017eiant skaitytojui i\u0161vysti vienos ry\u0161kiausi\u0173 Ba\u017eny\u010dios istorijos asmenybi\u0173 paveiksl\u0105. Lush Gjergji \u2013 alban\u0173 kilm\u0117s kunigas i\u0161 Kosovo, \u017eymus \u017eurnalistas ir ra\u0161ytojas, i\u0161tikimai lyd\u0117j\u0119s Motin\u0105 Teres\u0119 per jos keliones po vis\u0105 pasaul\u012f. \u0160ioje knygoje jis pateikia i\u0161kalbing\u0105 esmini\u0173 palaimintosios gyvenimo \u012fvyki\u0173 ir dvasingumo pagrind\u0173 sintez\u0119, po beveik trisde\u0161imties met\u0173 trukusi\u0173 tyrin\u0117jim\u0173, pa\u017einties ir draugyst\u0117s atsako \u012f klausimus: kas buvo jos t\u0117vai ir kaip ji aukl\u0117ta \u0161eimoje? Koks buvo jos religinis, kult\u016brinis, tautinis i\u0161prusimas? Kod\u0117l ji tapo misioniere tolimoje Indijoje? Kaip ir kada tapo seserimi Terese? K\u0105 tur\u0117jo padaryti, kad vadintusi \u2013 ir tokia i\u0161 tikr\u0173j\u0173 b\u016bt\u0173 \u2013 Motina Terese. Autoriaus \u017eod\u017eiais tariant: \u201eJ\u0105 sutik\u0119s, negal\u0117jai jos nepamilti, negal\u0117jai nebandyti keisti savo gyvenimo, negal\u0117jai nesekti jos pavyzd\u017eiu, nors tai reikalavo ir varginan\u010di\u0173 pastang\u0173. Ji buvo lyg pirmoji meil\u0117, kuri susuka galv\u0105, pavergia, nepalieja ramyb\u0117je, skatina ver\u017etis pirmyn&#8230;\u201c Pavadinimas: Motina Teres\u0117. Veiklioji meil\u0117 Autorius: Lush Gjergji ISBN kodas: 3-9874-98-65 Leidimo metai: 2003 Leid\u0117jas: Vikttorija Kalba: Lietuvi\u0173<\/p>\n","protected":false},"featured_media":13806,"comment_status":"open","ping_status":"closed","template":"","meta":{"_acf_changed":false,"site-sidebar-layout":"default","site-content-layout":"","ast-site-content-layout":"default","site-content-style":"default","site-sidebar-style":"default","ast-global-header-display":"","ast-banner-title-visibility":"","ast-main-header-display":"","ast-hfb-above-header-display":"","ast-hfb-below-header-display":"","ast-hfb-mobile-header-display":"","site-post-title":"","ast-breadcrumbs-content":"","ast-featured-img":"","footer-sml-layout":"","ast-disable-related-posts":"","theme-transparent-header-meta":"default","adv-header-id-meta":"","stick-header-meta":"","header-above-stick-meta":"","header-main-stick-meta":"","header-below-stick-meta":"","astra-migrate-meta-layouts":"set","ast-page-background-enabled":"default","ast-page-background-meta":{"desktop":{"background-color":"","background-image":"","background-repeat":"repeat","background-position":"center center","background-size":"auto","background-attachment":"scroll","background-type":"","background-media":"","overlay-type":"","overlay-color":"","overlay-opacity":"","overlay-gradient":""},"tablet":{"background-color":"","background-image":"","background-repeat":"repeat","background-position":"center center","background-size":"auto","background-attachment":"scroll","background-type":"","background-media":"","overlay-type":"","overlay-color":"","overlay-opacity":"","overlay-gradient":""},"mobile":{"background-color":"","background-image":"","background-repeat":"repeat","background-position":"center center","background-size":"auto","background-attachment":"scroll","background-type":"","background-media":"","overlay-type":"","overlay-color":"","overlay-opacity":"","overlay-gradient":""}},"ast-content-background-meta":{"desktop":{"background-color":"var(--ast-global-color-4)","background-image":"","background-repeat":"repeat","background-position":"center center","background-size":"auto","background-attachment":"scroll","background-type":"","background-media":"","overlay-type":"","overlay-color":"","overlay-opacity":"","overlay-gradient":""},"tablet":{"background-color":"var(--ast-global-color-4)","background-image":"","background-repeat":"repeat","background-position":"center center","background-size":"auto","background-attachment":"scroll","background-type":"","background-media":"","overlay-type":"","overlay-color":"","overlay-opacity":"","overlay-gradient":""},"mobile":{"background-color":"var(--ast-global-color-4)","background-image":"","background-repeat":"repeat","background-position":"center center","background-size":"auto","background-attachment":"scroll","background-type":"","background-media":"","overlay-type":"","overlay-color":"","overlay-opacity":"","overlay-gradient":""}}},"product_brand":[],"product_cat":[15,165],"product_tag":[2047,2045,2046,2044],"class_list":{"0":"post-13788","1":"product","2":"type-product","3":"status-publish","4":"has-post-thumbnail","6":"product_cat-uncategorized","7":"product_cat-religija-filosofija-ir-ezoterika","8":"product_tag-altruizmas","9":"product_tag-biografija","10":"product_tag-meiles-misionieriai","11":"product_tag-motina-terese","12":"desktop-align-left","13":"tablet-align-left","14":"mobile-align-left","16":"first","17":"instock","18":"shipping-taxable","19":"purchasable","20":"product-type-simple"},"acf":[],"yoast_head":"<!-- This site is optimized with the Yoast SEO plugin v27.0 - https:\/\/yoast.com\/product\/yoast-seo-wordpress\/ -->\n<title>Motina Teres\u0117. Veiklioji meil\u0117<\/title>\n<meta name=\"description\" content=\"Knygos autorius Lush Gjergji pateikia i\u0161kalbing\u0105 esmini\u0173 Motinos Teres\u0117s gyvenimo \u012fvyki\u0173 ir jos dvasingumo pagrind\u0173 apibendrinim\u0105, leid\u017eiant skaitytojui\" \/>\n<meta name=\"robots\" content=\"index, follow, max-snippet:-1, max-image-preview:large, max-video-preview:-1\" \/>\n<link rel=\"canonical\" href=\"https:\/\/skaitytaknyga.lt\/en\/produktas\/motina-terese-veiklioji-meile\/\" \/>\n<meta property=\"og:locale\" content=\"en_GB\" \/>\n<meta property=\"og:locale:alternate\" content=\"lt_LT\" \/>\n<meta property=\"og:type\" content=\"article\" \/>\n<meta property=\"og:title\" content=\"Motina Teres\u0117. Veiklioji meil\u0117\" \/>\n<meta property=\"og:description\" content=\"Knygos autorius Lush Gjergji pateikia i\u0161kalbing\u0105 esmini\u0173 Motinos Teres\u0117s gyvenimo \u012fvyki\u0173 ir jos dvasingumo pagrind\u0173 apibendrinim\u0105, leid\u017eiant skaitytojui\" \/>\n<meta property=\"og:url\" content=\"https:\/\/skaitytaknyga.lt\/en\/produktas\/motina-terese-veiklioji-meile\/\" \/>\n<meta property=\"og:site_name\" content=\"Skaitytaknyga\" \/>\n<meta property=\"article:publisher\" content=\"https:\/\/www.facebook.com\/skaitytaknyga\/\" \/>\n<meta property=\"article:modified_time\" content=\"2025-05-12T11:25:55+00:00\" \/>\n<meta property=\"og:image\" content=\"https:\/\/skaitytaknyga.lt\/wp-content\/uploads\/2024\/09\/e0a7601c31ec0c91d02f0894603df5b3-e1725949401368.webp\" \/>\n\t<meta property=\"og:image:width\" content=\"413\" \/>\n\t<meta property=\"og:image:height\" content=\"730\" \/>\n\t<meta property=\"og:image:type\" content=\"image\/webp\" \/>\n<meta name=\"twitter:card\" content=\"summary_large_image\" \/>\n<meta name=\"twitter:label1\" content=\"Estimated reading time\" \/>\n\t<meta name=\"twitter:data1\" content=\"2 minutes\" \/>\n<script type=\"application\/ld+json\" class=\"yoast-schema-graph\">{\"@context\":\"https:\/\/schema.org\",\"@graph\":[{\"@type\":\"WebPage\",\"@id\":\"https:\/\/skaitytaknyga.lt\/produktas\/motina-terese-veiklioji-meile\/\",\"url\":\"https:\/\/skaitytaknyga.lt\/produktas\/motina-terese-veiklioji-meile\/\",\"name\":\"Motina Teres\u0117. Veiklioji meil\u0117\",\"isPartOf\":{\"@id\":\"https:\/\/skaitytaknyga.lt\/#website\"},\"primaryImageOfPage\":{\"@id\":\"https:\/\/skaitytaknyga.lt\/produktas\/motina-terese-veiklioji-meile\/#primaryimage\"},\"image\":{\"@id\":\"https:\/\/skaitytaknyga.lt\/produktas\/motina-terese-veiklioji-meile\/#primaryimage\"},\"thumbnailUrl\":\"https:\/\/skaitytaknyga.lt\/wp-content\/uploads\/2024\/09\/e0a7601c31ec0c91d02f0894603df5b3-e1725949401368.webp\",\"datePublished\":\"2024-03-10T06:49:07+00:00\",\"dateModified\":\"2025-05-12T11:25:55+00:00\",\"description\":\"Knygos autorius Lush Gjergji pateikia i\u0161kalbing\u0105 esmini\u0173 Motinos Teres\u0117s gyvenimo \u012fvyki\u0173 ir jos dvasingumo pagrind\u0173 apibendrinim\u0105, leid\u017eiant skaitytojui\",\"breadcrumb\":{\"@id\":\"https:\/\/skaitytaknyga.lt\/produktas\/motina-terese-veiklioji-meile\/#breadcrumb\"},\"inLanguage\":\"en-GB\",\"potentialAction\":[{\"@type\":\"ReadAction\",\"target\":[\"https:\/\/skaitytaknyga.lt\/produktas\/motina-terese-veiklioji-meile\/\"]}]},{\"@type\":\"ImageObject\",\"inLanguage\":\"en-GB\",\"@id\":\"https:\/\/skaitytaknyga.lt\/produktas\/motina-terese-veiklioji-meile\/#primaryimage\",\"url\":\"https:\/\/skaitytaknyga.lt\/wp-content\/uploads\/2024\/09\/e0a7601c31ec0c91d02f0894603df5b3-e1725949401368.webp\",\"contentUrl\":\"https:\/\/skaitytaknyga.lt\/wp-content\/uploads\/2024\/09\/e0a7601c31ec0c91d02f0894603df5b3-e1725949401368.webp\",\"width\":413,\"height\":730,\"caption\":\"Motina Teres\u0117. Veiklioji meil\u0117\"},{\"@type\":\"BreadcrumbList\",\"@id\":\"https:\/\/skaitytaknyga.lt\/produktas\/motina-terese-veiklioji-meile\/#breadcrumb\",\"itemListElement\":[{\"@type\":\"ListItem\",\"position\":1,\"name\":\"Home\",\"item\":\"https:\/\/skaitytaknyga.lt\/\"},{\"@type\":\"ListItem\",\"position\":2,\"name\":\"Parduotuv\u0117\",\"item\":\"https:\/\/skaitytaknyga.lt\/knygu-parduotuve\/\"},{\"@type\":\"ListItem\",\"position\":3,\"name\":\"Motina Teres\u0117. Veiklioji meil\u0117\"}]},{\"@type\":\"WebSite\",\"@id\":\"https:\/\/skaitytaknyga.lt\/#website\",\"url\":\"https:\/\/skaitytaknyga.lt\/\",\"name\":\"skaitytaknyga.lt\",\"description\":\"Skaitytaknyga.lt \u2013 tai ma\u017eas \u0161eimos verslas, kuris prasid\u0117jo nuo meil\u0117s knygoms ir siekio i\u0161gelb\u0117ti knygas nuo likimo prie konteinerio. Kas vienam nereikalingas daiktas \u2013 kitam lobis, o mes esame tarpininkai, kurie padeda abiems tapti laimingesniems ???? \u017dinome kaip nelengva i\u0161gyventi ma\u017eiems verslams, tad nuo \u0161iol, \u010dia rasite ir kit\u0173, ma\u017e\u0173 \u0161eim\u0173 versl\u0173, rank\u0173 darbo, dovan\u0173 sau ir artimiesiems.\",\"publisher\":{\"@id\":\"https:\/\/skaitytaknyga.lt\/#organization\"},\"potentialAction\":[{\"@type\":\"SearchAction\",\"target\":{\"@type\":\"EntryPoint\",\"urlTemplate\":\"https:\/\/skaitytaknyga.lt\/?s={search_term_string}\"},\"query-input\":{\"@type\":\"PropertyValueSpecification\",\"valueRequired\":true,\"valueName\":\"search_term_string\"}}],\"inLanguage\":\"en-GB\"},{\"@type\":\"Organization\",\"@id\":\"https:\/\/skaitytaknyga.lt\/#organization\",\"name\":\"skaitytaknyga.lt\",\"url\":\"https:\/\/skaitytaknyga.lt\/\",\"logo\":{\"@type\":\"ImageObject\",\"inLanguage\":\"en-GB\",\"@id\":\"https:\/\/skaitytaknyga.lt\/#\/schema\/logo\/image\/\",\"url\":\"https:\/\/skaitytaknyga.lt\/wp-content\/uploads\/2024\/05\/cropped-cropped-cropped-02_00843_jt3bggkj1j3HLc7SyY6rEUpg.jpeg\",\"contentUrl\":\"https:\/\/skaitytaknyga.lt\/wp-content\/uploads\/2024\/05\/cropped-cropped-cropped-02_00843_jt3bggkj1j3HLc7SyY6rEUpg.jpeg\",\"width\":1600,\"height\":1600,\"caption\":\"skaitytaknyga.lt\"},\"image\":{\"@id\":\"https:\/\/skaitytaknyga.lt\/#\/schema\/logo\/image\/\"},\"sameAs\":[\"https:\/\/www.facebook.com\/skaitytaknyga\/\"]}]}<\/script>\n<!-- \/ Yoast SEO plugin. -->","yoast_head_json":{"title":"Motina Teres\u0117. Veiklioji meil\u0117","description":"Knygos autorius Lush Gjergji pateikia i\u0161kalbing\u0105 esmini\u0173 Motinos Teres\u0117s gyvenimo \u012fvyki\u0173 ir jos dvasingumo pagrind\u0173 apibendrinim\u0105, leid\u017eiant skaitytojui","robots":{"index":"index","follow":"follow","max-snippet":"max-snippet:-1","max-image-preview":"max-image-preview:large","max-video-preview":"max-video-preview:-1"},"canonical":"https:\/\/skaitytaknyga.lt\/en\/produktas\/motina-terese-veiklioji-meile\/","og_locale":"en_GB","og_type":"article","og_title":"[:lt]Motina Teres\u0117. Veiklioji meil\u0117[:] - Skaitytaknyga","og_description":"Knygos autorius Lush Gjergji pateikia i\u0161kalbing\u0105 esmini\u0173 Motinos Teres\u0117s gyvenimo \u012fvyki\u0173 ir jos dvasingumo pagrind\u0173 apibendrinim\u0105, leid\u017eiant skaitytojui","og_url":"https:\/\/skaitytaknyga.lt\/en\/produktas\/motina-terese-veiklioji-meile\/","og_site_name":"Skaitytaknyga","article_publisher":"https:\/\/www.facebook.com\/skaitytaknyga\/","article_modified_time":"2025-05-12T11:25:55+00:00","og_image":[{"width":413,"height":730,"url":"https:\/\/skaitytaknyga.lt\/wp-content\/uploads\/2024\/09\/e0a7601c31ec0c91d02f0894603df5b3-e1725949401368.webp","type":"image\/webp"}],"twitter_card":"summary_large_image","twitter_misc":{"Estimated reading time":"2 minutes"},"schema":{"@context":"https:\/\/schema.org","@graph":[{"@type":"WebPage","@id":"https:\/\/skaitytaknyga.lt\/produktas\/motina-terese-veiklioji-meile\/","url":"https:\/\/skaitytaknyga.lt\/produktas\/motina-terese-veiklioji-meile\/","name":"Motina Teres\u0117. Veiklioji meil\u0117","isPartOf":{"@id":"https:\/\/skaitytaknyga.lt\/#website"},"primaryImageOfPage":{"@id":"https:\/\/skaitytaknyga.lt\/produktas\/motina-terese-veiklioji-meile\/#primaryimage"},"image":{"@id":"https:\/\/skaitytaknyga.lt\/produktas\/motina-terese-veiklioji-meile\/#primaryimage"},"thumbnailUrl":"https:\/\/skaitytaknyga.lt\/wp-content\/uploads\/2024\/09\/e0a7601c31ec0c91d02f0894603df5b3-e1725949401368.webp","datePublished":"2024-03-10T06:49:07+00:00","dateModified":"2025-05-12T11:25:55+00:00","description":"Knygos autorius Lush Gjergji pateikia i\u0161kalbing\u0105 esmini\u0173 Motinos Teres\u0117s gyvenimo \u012fvyki\u0173 ir jos dvasingumo pagrind\u0173 apibendrinim\u0105, leid\u017eiant skaitytojui","breadcrumb":{"@id":"https:\/\/skaitytaknyga.lt\/produktas\/motina-terese-veiklioji-meile\/#breadcrumb"},"inLanguage":"en-GB","potentialAction":[{"@type":"ReadAction","target":["https:\/\/skaitytaknyga.lt\/produktas\/motina-terese-veiklioji-meile\/"]}]},{"@type":"ImageObject","inLanguage":"en-GB","@id":"https:\/\/skaitytaknyga.lt\/produktas\/motina-terese-veiklioji-meile\/#primaryimage","url":"https:\/\/skaitytaknyga.lt\/wp-content\/uploads\/2024\/09\/e0a7601c31ec0c91d02f0894603df5b3-e1725949401368.webp","contentUrl":"https:\/\/skaitytaknyga.lt\/wp-content\/uploads\/2024\/09\/e0a7601c31ec0c91d02f0894603df5b3-e1725949401368.webp","width":413,"height":730,"caption":"Motina Teres\u0117. Veiklioji meil\u0117"},{"@type":"BreadcrumbList","@id":"https:\/\/skaitytaknyga.lt\/produktas\/motina-terese-veiklioji-meile\/#breadcrumb","itemListElement":[{"@type":"ListItem","position":1,"name":"Home","item":"https:\/\/skaitytaknyga.lt\/"},{"@type":"ListItem","position":2,"name":"Parduotuv\u0117","item":"https:\/\/skaitytaknyga.lt\/knygu-parduotuve\/"},{"@type":"ListItem","position":3,"name":"Motina Teres\u0117. Veiklioji meil\u0117"}]},{"@type":"WebSite","@id":"https:\/\/skaitytaknyga.lt\/#website","url":"https:\/\/skaitytaknyga.lt\/","name":"skaitytaknyga.lt","description":"Skaitytaknyga.lt \u2013 tai ma\u017eas \u0161eimos verslas, kuris prasid\u0117jo nuo meil\u0117s knygoms ir siekio i\u0161gelb\u0117ti knygas nuo likimo prie konteinerio. Kas vienam nereikalingas daiktas \u2013 kitam lobis, o mes esame tarpininkai, kurie padeda abiems tapti laimingesniems ???? \u017dinome kaip nelengva i\u0161gyventi ma\u017eiems verslams, tad nuo \u0161iol, \u010dia rasite ir kit\u0173, ma\u017e\u0173 \u0161eim\u0173 versl\u0173, rank\u0173 darbo, dovan\u0173 sau ir artimiesiems.","publisher":{"@id":"https:\/\/skaitytaknyga.lt\/#organization"},"potentialAction":[{"@type":"SearchAction","target":{"@type":"EntryPoint","urlTemplate":"https:\/\/skaitytaknyga.lt\/?s={search_term_string}"},"query-input":{"@type":"PropertyValueSpecification","valueRequired":true,"valueName":"search_term_string"}}],"inLanguage":"en-GB"},{"@type":"Organization","@id":"https:\/\/skaitytaknyga.lt\/#organization","name":"skaitytaknyga.lt","url":"https:\/\/skaitytaknyga.lt\/","logo":{"@type":"ImageObject","inLanguage":"en-GB","@id":"https:\/\/skaitytaknyga.lt\/#\/schema\/logo\/image\/","url":"https:\/\/skaitytaknyga.lt\/wp-content\/uploads\/2024\/05\/cropped-cropped-cropped-02_00843_jt3bggkj1j3HLc7SyY6rEUpg.jpeg","contentUrl":"https:\/\/skaitytaknyga.lt\/wp-content\/uploads\/2024\/05\/cropped-cropped-cropped-02_00843_jt3bggkj1j3HLc7SyY6rEUpg.jpeg","width":1600,"height":1600,"caption":"skaitytaknyga.lt"},"image":{"@id":"https:\/\/skaitytaknyga.lt\/#\/schema\/logo\/image\/"},"sameAs":["https:\/\/www.facebook.com\/skaitytaknyga\/"]}]}},"_links":{"self":[{"href":"https:\/\/skaitytaknyga.lt\/en\/wp-json\/wp\/v2\/product\/13788","targetHints":{"allow":["GET"]}}],"collection":[{"href":"https:\/\/skaitytaknyga.lt\/en\/wp-json\/wp\/v2\/product"}],"about":[{"href":"https:\/\/skaitytaknyga.lt\/en\/wp-json\/wp\/v2\/types\/product"}],"replies":[{"embeddable":true,"href":"https:\/\/skaitytaknyga.lt\/en\/wp-json\/wp\/v2\/comments?post=13788"}],"wp:featuredmedia":[{"embeddable":true,"href":"https:\/\/skaitytaknyga.lt\/en\/wp-json\/wp\/v2\/media\/13806"}],"wp:attachment":[{"href":"https:\/\/skaitytaknyga.lt\/en\/wp-json\/wp\/v2\/media?parent=13788"}],"wp:term":[{"taxonomy":"product_brand","embeddable":true,"href":"https:\/\/skaitytaknyga.lt\/en\/wp-json\/wp\/v2\/product_brand?post=13788"},{"taxonomy":"product_cat","embeddable":true,"href":"https:\/\/skaitytaknyga.lt\/en\/wp-json\/wp\/v2\/product_cat?post=13788"},{"taxonomy":"product_tag","embeddable":true,"href":"https:\/\/skaitytaknyga.lt\/en\/wp-json\/wp\/v2\/product_tag?post=13788"}],"curies":[{"name":"wp","href":"https:\/\/api.w.org\/{rel}","templated":true}]}}