{"id":13777,"date":"2024-09-09T15:35:16","date_gmt":"2024-09-09T12:35:16","guid":{"rendered":"https:\/\/skaitytaknyga.lt\/?post_type=product&#038;p=13777"},"modified":"2025-12-27T11:22:43","modified_gmt":"2025-12-27T09:22:43","slug":"kaip-itaigiai-kalbeti-ir-veikti-auditorija","status":"publish","type":"product","link":"https:\/\/skaitytaknyga.lt\/en\/produktas\/kaip-itaigiai-kalbeti-ir-veikti-auditorija\/","title":{"rendered":"Kaip \u012ftaigiai kalb\u0117ti ir veikti auditorij\u0105"},"content":{"rendered":"<p>Tobulesnio m\u0105stymo ir darbo b\u016btinasis vadovas.<\/p>\n<ul class=\"about-product d-none d-xl-block mt-4\">\n<li><strong>Autorius:<\/strong>\u00a0John Collins<\/li>\n<li><strong>Leid\u0117jas:<\/strong>\u00a0Knyg\u0173 spektras<\/li>\n<li><strong>Metai:<\/strong>\u00a02000<\/li>\n<li><strong>Puslapiai:<\/strong>\u00a096<\/li>\n<li><strong>ISBN:<\/strong>\u00a09781840281330<\/li>\n<li><strong>Formatas:<\/strong>\u00a017 x 23,5 x 0,5 cm, mink\u0161ti vir\u0161eliai<\/li>\n<li><strong>Vert\u0117jas:<\/strong>\u00a0Vilmantas Vilkon\u010dius<\/li>\n<\/ul>\n","protected":false},"excerpt":{"rendered":"<p>Tobulesnio m\u0105stymo ir darbo b\u016btinasis vadovas. Autorius:\u00a0John Collins Leid\u0117jas:\u00a0Knyg\u0173 spektras Metai:\u00a02000 Puslapiai:\u00a096 ISBN:\u00a09781840281330 Formatas:\u00a017 x 23,5 x 0,5 cm, mink\u0161ti vir\u0161eliai Vert\u0117jas:\u00a0Vilmantas Vilkon\u010dius<\/p>\n","protected":false},"featured_media":13778,"comment_status":"open","ping_status":"closed","template":"","meta":{"_acf_changed":false,"site-sidebar-layout":"default","site-content-layout":"","ast-site-content-layout":"default","site-content-style":"default","site-sidebar-style":"default","ast-global-header-display":"","ast-banner-title-visibility":"","ast-main-header-display":"","ast-hfb-above-header-display":"","ast-hfb-below-header-display":"","ast-hfb-mobile-header-display":"","site-post-title":"","ast-breadcrumbs-content":"","ast-featured-img":"","footer-sml-layout":"","ast-disable-related-posts":"","theme-transparent-header-meta":"default","adv-header-id-meta":"","stick-header-meta":"","header-above-stick-meta":"","header-main-stick-meta":"","header-below-stick-meta":"","astra-migrate-meta-layouts":"set","ast-page-background-enabled":"default","ast-page-background-meta":{"desktop":{"background-color":"","background-image":"","background-repeat":"repeat","background-position":"center center","background-size":"auto","background-attachment":"scroll","background-type":"","background-media":"","overlay-type":"","overlay-color":"","overlay-opacity":"","overlay-gradient":""},"tablet":{"background-color":"","background-image":"","background-repeat":"repeat","background-position":"center center","background-size":"auto","background-attachment":"scroll","background-type":"","background-media":"","overlay-type":"","overlay-color":"","overlay-opacity":"","overlay-gradient":""},"mobile":{"background-color":"","background-image":"","background-repeat":"repeat","background-position":"center center","background-size":"auto","background-attachment":"scroll","background-type":"","background-media":"","overlay-type":"","overlay-color":"","overlay-opacity":"","overlay-gradient":""}},"ast-content-background-meta":{"desktop":{"background-color":"var(--ast-global-color-4)","background-image":"","background-repeat":"repeat","background-position":"center center","background-size":"auto","background-attachment":"scroll","background-type":"","background-media":"","overlay-type":"","overlay-color":"","overlay-opacity":"","overlay-gradient":""},"tablet":{"background-color":"var(--ast-global-color-4)","background-image":"","background-repeat":"repeat","background-position":"center center","background-size":"auto","background-attachment":"scroll","background-type":"","background-media":"","overlay-type":"","overlay-color":"","overlay-opacity":"","overlay-gradient":""},"mobile":{"background-color":"var(--ast-global-color-4)","background-image":"","background-repeat":"repeat","background-position":"center center","background-size":"auto","background-attachment":"scroll","background-type":"","background-media":"","overlay-type":"","overlay-color":"","overlay-opacity":"","overlay-gradient":""}}},"product_brand":[],"product_cat":[15,30],"product_tag":[],"class_list":{"0":"post-13777","1":"product","2":"type-product","3":"status-publish","4":"has-post-thumbnail","6":"product_cat-uncategorized","7":"product_cat-psichologija-ir-saviugda","8":"desktop-align-left","9":"tablet-align-left","10":"mobile-align-left","12":"first","13":"instock","14":"shipping-taxable","15":"purchasable","16":"product-type-simple"},"acf":[],"yoast_head":"<!-- This site is optimized with the Yoast SEO plugin v27.0 - https:\/\/yoast.com\/product\/yoast-seo-wordpress\/ -->\n<title>Kaip \u012ftaigiai kalb\u0117ti ir veikti auditorij\u0105<\/title>\n<meta name=\"description\" content=\"Tobulesnio m\u0105stymo ir darbo b\u016btinasis vadovas. Autorius:\u00a0John Collins Leid\u0117jas:\u00a0Knyg\u0173 spektras Metai:\u00a02000 Puslapiai:\u00a096 ISBN:\u00a09781840281330 Formatas:\u00a017\" \/>\n<meta name=\"robots\" content=\"index, follow, max-snippet:-1, max-image-preview:large, max-video-preview:-1\" \/>\n<link rel=\"canonical\" href=\"https:\/\/skaitytaknyga.lt\/en\/produktas\/kaip-itaigiai-kalbeti-ir-veikti-auditorija\/\" \/>\n<meta property=\"og:locale\" content=\"en_GB\" \/>\n<meta property=\"og:locale:alternate\" content=\"lt_LT\" \/>\n<meta property=\"og:type\" content=\"article\" \/>\n<meta property=\"og:title\" content=\"Kaip \u012ftaigiai kalb\u0117ti ir veikti auditorij\u0105\" \/>\n<meta property=\"og:description\" content=\"Tobulesnio m\u0105stymo ir darbo b\u016btinasis vadovas. Autorius:\u00a0John Collins Leid\u0117jas:\u00a0Knyg\u0173 spektras Metai:\u00a02000 Puslapiai:\u00a096 ISBN:\u00a09781840281330 Formatas:\u00a017\" \/>\n<meta property=\"og:url\" content=\"https:\/\/skaitytaknyga.lt\/en\/produktas\/kaip-itaigiai-kalbeti-ir-veikti-auditorija\/\" \/>\n<meta property=\"og:site_name\" content=\"Skaitytaknyga\" \/>\n<meta property=\"article:publisher\" content=\"https:\/\/www.facebook.com\/skaitytaknyga\/\" \/>\n<meta property=\"article:modified_time\" content=\"2025-12-27T09:22:43+00:00\" \/>\n<meta property=\"og:image\" content=\"https:\/\/skaitytaknyga.lt\/wp-content\/uploads\/2024\/09\/Kaip-itaigiai-kalbeti-ir-veikti-auditorija.webp\" \/>\n\t<meta property=\"og:image:width\" content=\"571\" \/>\n\t<meta property=\"og:image:height\" content=\"800\" \/>\n\t<meta property=\"og:image:type\" content=\"image\/webp\" \/>\n<meta name=\"twitter:card\" content=\"summary_large_image\" \/>\n<meta name=\"twitter:label1\" content=\"Estimated reading time\" \/>\n\t<meta name=\"twitter:data1\" content=\"1 minute\" \/>\n<script type=\"application\/ld+json\" class=\"yoast-schema-graph\">{\"@context\":\"https:\/\/schema.org\",\"@graph\":[{\"@type\":\"WebPage\",\"@id\":\"https:\/\/skaitytaknyga.lt\/produktas\/kaip-itaigiai-kalbeti-ir-veikti-auditorija\/\",\"url\":\"https:\/\/skaitytaknyga.lt\/produktas\/kaip-itaigiai-kalbeti-ir-veikti-auditorija\/\",\"name\":\"Kaip \u012ftaigiai kalb\u0117ti ir veikti auditorij\u0105\",\"isPartOf\":{\"@id\":\"https:\/\/skaitytaknyga.lt\/#website\"},\"primaryImageOfPage\":{\"@id\":\"https:\/\/skaitytaknyga.lt\/produktas\/kaip-itaigiai-kalbeti-ir-veikti-auditorija\/#primaryimage\"},\"image\":{\"@id\":\"https:\/\/skaitytaknyga.lt\/produktas\/kaip-itaigiai-kalbeti-ir-veikti-auditorija\/#primaryimage\"},\"thumbnailUrl\":\"https:\/\/skaitytaknyga.lt\/wp-content\/uploads\/2024\/09\/Kaip-itaigiai-kalbeti-ir-veikti-auditorija.webp\",\"datePublished\":\"2024-09-09T12:35:16+00:00\",\"dateModified\":\"2025-12-27T09:22:43+00:00\",\"description\":\"Tobulesnio m\u0105stymo ir darbo b\u016btinasis vadovas. Autorius:\u00a0John Collins Leid\u0117jas:\u00a0Knyg\u0173 spektras Metai:\u00a02000 Puslapiai:\u00a096 ISBN:\u00a09781840281330 Formatas:\u00a017\",\"breadcrumb\":{\"@id\":\"https:\/\/skaitytaknyga.lt\/produktas\/kaip-itaigiai-kalbeti-ir-veikti-auditorija\/#breadcrumb\"},\"inLanguage\":\"en-GB\",\"potentialAction\":[{\"@type\":\"ReadAction\",\"target\":[\"https:\/\/skaitytaknyga.lt\/produktas\/kaip-itaigiai-kalbeti-ir-veikti-auditorija\/\"]}]},{\"@type\":\"ImageObject\",\"inLanguage\":\"en-GB\",\"@id\":\"https:\/\/skaitytaknyga.lt\/produktas\/kaip-itaigiai-kalbeti-ir-veikti-auditorija\/#primaryimage\",\"url\":\"https:\/\/skaitytaknyga.lt\/wp-content\/uploads\/2024\/09\/Kaip-itaigiai-kalbeti-ir-veikti-auditorija.webp\",\"contentUrl\":\"https:\/\/skaitytaknyga.lt\/wp-content\/uploads\/2024\/09\/Kaip-itaigiai-kalbeti-ir-veikti-auditorija.webp\",\"width\":571,\"height\":800,\"caption\":\"Kaip \u012ftaigiai kalb\u0117ti ir veikti auditorij\u0105\"},{\"@type\":\"BreadcrumbList\",\"@id\":\"https:\/\/skaitytaknyga.lt\/produktas\/kaip-itaigiai-kalbeti-ir-veikti-auditorija\/#breadcrumb\",\"itemListElement\":[{\"@type\":\"ListItem\",\"position\":1,\"name\":\"Home\",\"item\":\"https:\/\/skaitytaknyga.lt\/\"},{\"@type\":\"ListItem\",\"position\":2,\"name\":\"Parduotuv\u0117\",\"item\":\"https:\/\/skaitytaknyga.lt\/knygu-parduotuve\/\"},{\"@type\":\"ListItem\",\"position\":3,\"name\":\"Kaip \u012ftaigiai kalb\u0117ti ir veikti auditorij\u0105\"}]},{\"@type\":\"WebSite\",\"@id\":\"https:\/\/skaitytaknyga.lt\/#website\",\"url\":\"https:\/\/skaitytaknyga.lt\/\",\"name\":\"skaitytaknyga.lt\",\"description\":\"Skaitytaknyga.lt \u2013 tai ma\u017eas \u0161eimos verslas, kuris prasid\u0117jo nuo meil\u0117s knygoms ir siekio i\u0161gelb\u0117ti knygas nuo likimo prie konteinerio. Kas vienam nereikalingas daiktas \u2013 kitam lobis, o mes esame tarpininkai, kurie padeda abiems tapti laimingesniems ???? \u017dinome kaip nelengva i\u0161gyventi ma\u017eiems verslams, tad nuo \u0161iol, \u010dia rasite ir kit\u0173, ma\u017e\u0173 \u0161eim\u0173 versl\u0173, rank\u0173 darbo, dovan\u0173 sau ir artimiesiems.\",\"publisher\":{\"@id\":\"https:\/\/skaitytaknyga.lt\/#organization\"},\"potentialAction\":[{\"@type\":\"SearchAction\",\"target\":{\"@type\":\"EntryPoint\",\"urlTemplate\":\"https:\/\/skaitytaknyga.lt\/?s={search_term_string}\"},\"query-input\":{\"@type\":\"PropertyValueSpecification\",\"valueRequired\":true,\"valueName\":\"search_term_string\"}}],\"inLanguage\":\"en-GB\"},{\"@type\":\"Organization\",\"@id\":\"https:\/\/skaitytaknyga.lt\/#organization\",\"name\":\"skaitytaknyga.lt\",\"url\":\"https:\/\/skaitytaknyga.lt\/\",\"logo\":{\"@type\":\"ImageObject\",\"inLanguage\":\"en-GB\",\"@id\":\"https:\/\/skaitytaknyga.lt\/#\/schema\/logo\/image\/\",\"url\":\"https:\/\/skaitytaknyga.lt\/wp-content\/uploads\/2024\/05\/cropped-cropped-cropped-02_00843_jt3bggkj1j3HLc7SyY6rEUpg.jpeg\",\"contentUrl\":\"https:\/\/skaitytaknyga.lt\/wp-content\/uploads\/2024\/05\/cropped-cropped-cropped-02_00843_jt3bggkj1j3HLc7SyY6rEUpg.jpeg\",\"width\":1600,\"height\":1600,\"caption\":\"skaitytaknyga.lt\"},\"image\":{\"@id\":\"https:\/\/skaitytaknyga.lt\/#\/schema\/logo\/image\/\"},\"sameAs\":[\"https:\/\/www.facebook.com\/skaitytaknyga\/\"]}]}<\/script>\n<!-- \/ Yoast SEO plugin. -->","yoast_head_json":{"title":"Kaip \u012ftaigiai kalb\u0117ti ir veikti auditorij\u0105","description":"Tobulesnio m\u0105stymo ir darbo b\u016btinasis vadovas. Autorius:\u00a0John Collins Leid\u0117jas:\u00a0Knyg\u0173 spektras Metai:\u00a02000 Puslapiai:\u00a096 ISBN:\u00a09781840281330 Formatas:\u00a017","robots":{"index":"index","follow":"follow","max-snippet":"max-snippet:-1","max-image-preview":"max-image-preview:large","max-video-preview":"max-video-preview:-1"},"canonical":"https:\/\/skaitytaknyga.lt\/en\/produktas\/kaip-itaigiai-kalbeti-ir-veikti-auditorija\/","og_locale":"en_GB","og_type":"article","og_title":"[:lt]Kaip \u012ftaigiai kalb\u0117ti ir veikti auditorij\u0105[:] - Skaitytaknyga","og_description":"Tobulesnio m\u0105stymo ir darbo b\u016btinasis vadovas. Autorius:\u00a0John Collins Leid\u0117jas:\u00a0Knyg\u0173 spektras Metai:\u00a02000 Puslapiai:\u00a096 ISBN:\u00a09781840281330 Formatas:\u00a017","og_url":"https:\/\/skaitytaknyga.lt\/en\/produktas\/kaip-itaigiai-kalbeti-ir-veikti-auditorija\/","og_site_name":"Skaitytaknyga","article_publisher":"https:\/\/www.facebook.com\/skaitytaknyga\/","article_modified_time":"2025-12-27T09:22:43+00:00","og_image":[{"width":571,"height":800,"url":"https:\/\/skaitytaknyga.lt\/wp-content\/uploads\/2024\/09\/Kaip-itaigiai-kalbeti-ir-veikti-auditorija.webp","type":"image\/webp"}],"twitter_card":"summary_large_image","twitter_misc":{"Estimated reading time":"1 minute"},"schema":{"@context":"https:\/\/schema.org","@graph":[{"@type":"WebPage","@id":"https:\/\/skaitytaknyga.lt\/produktas\/kaip-itaigiai-kalbeti-ir-veikti-auditorija\/","url":"https:\/\/skaitytaknyga.lt\/produktas\/kaip-itaigiai-kalbeti-ir-veikti-auditorija\/","name":"Kaip \u012ftaigiai kalb\u0117ti ir veikti auditorij\u0105","isPartOf":{"@id":"https:\/\/skaitytaknyga.lt\/#website"},"primaryImageOfPage":{"@id":"https:\/\/skaitytaknyga.lt\/produktas\/kaip-itaigiai-kalbeti-ir-veikti-auditorija\/#primaryimage"},"image":{"@id":"https:\/\/skaitytaknyga.lt\/produktas\/kaip-itaigiai-kalbeti-ir-veikti-auditorija\/#primaryimage"},"thumbnailUrl":"https:\/\/skaitytaknyga.lt\/wp-content\/uploads\/2024\/09\/Kaip-itaigiai-kalbeti-ir-veikti-auditorija.webp","datePublished":"2024-09-09T12:35:16+00:00","dateModified":"2025-12-27T09:22:43+00:00","description":"Tobulesnio m\u0105stymo ir darbo b\u016btinasis vadovas. Autorius:\u00a0John Collins Leid\u0117jas:\u00a0Knyg\u0173 spektras Metai:\u00a02000 Puslapiai:\u00a096 ISBN:\u00a09781840281330 Formatas:\u00a017","breadcrumb":{"@id":"https:\/\/skaitytaknyga.lt\/produktas\/kaip-itaigiai-kalbeti-ir-veikti-auditorija\/#breadcrumb"},"inLanguage":"en-GB","potentialAction":[{"@type":"ReadAction","target":["https:\/\/skaitytaknyga.lt\/produktas\/kaip-itaigiai-kalbeti-ir-veikti-auditorija\/"]}]},{"@type":"ImageObject","inLanguage":"en-GB","@id":"https:\/\/skaitytaknyga.lt\/produktas\/kaip-itaigiai-kalbeti-ir-veikti-auditorija\/#primaryimage","url":"https:\/\/skaitytaknyga.lt\/wp-content\/uploads\/2024\/09\/Kaip-itaigiai-kalbeti-ir-veikti-auditorija.webp","contentUrl":"https:\/\/skaitytaknyga.lt\/wp-content\/uploads\/2024\/09\/Kaip-itaigiai-kalbeti-ir-veikti-auditorija.webp","width":571,"height":800,"caption":"Kaip \u012ftaigiai kalb\u0117ti ir veikti auditorij\u0105"},{"@type":"BreadcrumbList","@id":"https:\/\/skaitytaknyga.lt\/produktas\/kaip-itaigiai-kalbeti-ir-veikti-auditorija\/#breadcrumb","itemListElement":[{"@type":"ListItem","position":1,"name":"Home","item":"https:\/\/skaitytaknyga.lt\/"},{"@type":"ListItem","position":2,"name":"Parduotuv\u0117","item":"https:\/\/skaitytaknyga.lt\/knygu-parduotuve\/"},{"@type":"ListItem","position":3,"name":"Kaip \u012ftaigiai kalb\u0117ti ir veikti auditorij\u0105"}]},{"@type":"WebSite","@id":"https:\/\/skaitytaknyga.lt\/#website","url":"https:\/\/skaitytaknyga.lt\/","name":"skaitytaknyga.lt","description":"Skaitytaknyga.lt \u2013 tai ma\u017eas \u0161eimos verslas, kuris prasid\u0117jo nuo meil\u0117s knygoms ir siekio i\u0161gelb\u0117ti knygas nuo likimo prie konteinerio. Kas vienam nereikalingas daiktas \u2013 kitam lobis, o mes esame tarpininkai, kurie padeda abiems tapti laimingesniems ???? \u017dinome kaip nelengva i\u0161gyventi ma\u017eiems verslams, tad nuo \u0161iol, \u010dia rasite ir kit\u0173, ma\u017e\u0173 \u0161eim\u0173 versl\u0173, rank\u0173 darbo, dovan\u0173 sau ir artimiesiems.","publisher":{"@id":"https:\/\/skaitytaknyga.lt\/#organization"},"potentialAction":[{"@type":"SearchAction","target":{"@type":"EntryPoint","urlTemplate":"https:\/\/skaitytaknyga.lt\/?s={search_term_string}"},"query-input":{"@type":"PropertyValueSpecification","valueRequired":true,"valueName":"search_term_string"}}],"inLanguage":"en-GB"},{"@type":"Organization","@id":"https:\/\/skaitytaknyga.lt\/#organization","name":"skaitytaknyga.lt","url":"https:\/\/skaitytaknyga.lt\/","logo":{"@type":"ImageObject","inLanguage":"en-GB","@id":"https:\/\/skaitytaknyga.lt\/#\/schema\/logo\/image\/","url":"https:\/\/skaitytaknyga.lt\/wp-content\/uploads\/2024\/05\/cropped-cropped-cropped-02_00843_jt3bggkj1j3HLc7SyY6rEUpg.jpeg","contentUrl":"https:\/\/skaitytaknyga.lt\/wp-content\/uploads\/2024\/05\/cropped-cropped-cropped-02_00843_jt3bggkj1j3HLc7SyY6rEUpg.jpeg","width":1600,"height":1600,"caption":"skaitytaknyga.lt"},"image":{"@id":"https:\/\/skaitytaknyga.lt\/#\/schema\/logo\/image\/"},"sameAs":["https:\/\/www.facebook.com\/skaitytaknyga\/"]}]}},"_links":{"self":[{"href":"https:\/\/skaitytaknyga.lt\/en\/wp-json\/wp\/v2\/product\/13777","targetHints":{"allow":["GET"]}}],"collection":[{"href":"https:\/\/skaitytaknyga.lt\/en\/wp-json\/wp\/v2\/product"}],"about":[{"href":"https:\/\/skaitytaknyga.lt\/en\/wp-json\/wp\/v2\/types\/product"}],"replies":[{"embeddable":true,"href":"https:\/\/skaitytaknyga.lt\/en\/wp-json\/wp\/v2\/comments?post=13777"}],"wp:featuredmedia":[{"embeddable":true,"href":"https:\/\/skaitytaknyga.lt\/en\/wp-json\/wp\/v2\/media\/13778"}],"wp:attachment":[{"href":"https:\/\/skaitytaknyga.lt\/en\/wp-json\/wp\/v2\/media?parent=13777"}],"wp:term":[{"taxonomy":"product_brand","embeddable":true,"href":"https:\/\/skaitytaknyga.lt\/en\/wp-json\/wp\/v2\/product_brand?post=13777"},{"taxonomy":"product_cat","embeddable":true,"href":"https:\/\/skaitytaknyga.lt\/en\/wp-json\/wp\/v2\/product_cat?post=13777"},{"taxonomy":"product_tag","embeddable":true,"href":"https:\/\/skaitytaknyga.lt\/en\/wp-json\/wp\/v2\/product_tag?post=13777"}],"curies":[{"name":"wp","href":"https:\/\/api.w.org\/{rel}","templated":true}]}}