{"id":13775,"date":"2024-09-09T15:35:15","date_gmt":"2024-09-09T12:35:15","guid":{"rendered":"https:\/\/skaitytaknyga.lt\/?post_type=product&#038;p=13775"},"modified":"2024-09-09T15:56:30","modified_gmt":"2024-09-09T12:56:30","slug":"7-dienos-ir-naktys-su-marilyn-monroe","status":"publish","type":"product","link":"https:\/\/skaitytaknyga.lt\/en\/produktas\/7-dienos-ir-naktys-su-marilyn-monroe\/","title":{"rendered":"7 dienos ir naktys su Marilyn Monroe"},"content":{"rendered":"<p>Knyga skaitytojus\u00a0 nukelia \u012f 1956 met\u0173 vasar\u0105. Marilyna Monroe atvyksta \u012f Anglij\u0105 filmuotis juostoje \u201ePrincas ir \u0161ok\u0117ja\u201c. Holivudo garsenyb\u0117 \u010dia atkeliauja ne tik dirbti, bet ir m\u0117gautis medaus m\u0117nesiu su naujuoju savo vyru scenaristu Arthuru Milleriu. \u0160iam i\u0161vykus \u012f Amerik\u0105, juostos re\u017eisierius ir aktorius Laurence\u2019as Olivieris nuobod\u017eiaujan\u010dios garsenyb\u0117s vie\u0161nage ir laisvalaikiu pasir\u016bpinti patiki jaunam pad\u0117j\u0117jui Colinui Clarkui. Vaikinas su Holivudo \u017evaig\u017ede praleid\u017eia vis\u0105 savait\u0119 \u2013 juodu gro\u017eisi \u012fstabiausiomis Anglijos vietomis, linksminasi po darb\u0173\u2026<\/p>\n<p>Nuo Holivudo \u0161urmulio ir rutinos pavargusiai Marilynai pa\u017eintis su Colinu \u2013 tikra atgaiva. O jaunam vaikinui \u2013 kan\u010di\u0105 kelianti pagunda, kaip atsispirti moteriai, po kurios kojomis visas pasaulis?<\/p>\n<p>\u0160i knyga \u2013 nuo\u0161irdi ir komi\u0161ka istorija, kaip Colinas Clarkas peln\u0117 Marilynos Monroe pasitik\u0117jim\u0105 ir \u012fsitais\u0117 jos lovoje.<\/p>\n<ul class=\"about-product d-none d-xl-block mt-4\">\n<li><strong>Autorius:<\/strong>\u00a0Colin Clark<\/li>\n<li><strong>Leid\u0117jas:<\/strong>\u00a0Gimtasis \u017eodis<\/li>\n<li><strong>Metai:<\/strong>\u00a02012<\/li>\n<li><strong>Puslapiai:<\/strong>\u00a0400<\/li>\n<li><strong>ISBN-10:<\/strong>\u00a0995516400X<\/li>\n<li><strong>ISBN-13:<\/strong>\u00a09789955164005<\/li>\n<li><strong>Versijos kodas:<\/strong>\u00a0PT.<\/li>\n<li><strong>Formatas:<\/strong>\u00a014 x 21 x 3,4 cm, kieti vir\u0161eliai<\/li>\n<li><strong>Kalba:<\/strong>\u00a0Lietuvi\u0173<\/li>\n<li><strong>Vert\u0117jas:<\/strong>\u00a0Aist\u0117 Kvedarait\u0117<\/li>\n<\/ul>\n","protected":false},"excerpt":{"rendered":"<p>Knyga skaitytojus\u00a0 nukelia \u012f 1956 met\u0173 vasar\u0105. Marilyna Monroe atvyksta \u012f Anglij\u0105 filmuotis juostoje \u201ePrincas ir \u0161ok\u0117ja\u201c. Holivudo garsenyb\u0117 \u010dia atkeliauja ne tik dirbti, bet ir m\u0117gautis medaus m\u0117nesiu su naujuoju savo vyru scenaristu Arthuru Milleriu. \u0160iam i\u0161vykus \u012f Amerik\u0105, juostos re\u017eisierius ir aktorius Laurence\u2019as Olivieris nuobod\u017eiaujan\u010dios garsenyb\u0117s vie\u0161nage ir laisvalaikiu pasir\u016bpinti patiki jaunam pad\u0117j\u0117jui Colinui Clarkui. Vaikinas su Holivudo \u017evaig\u017ede praleid\u017eia vis\u0105 savait\u0119 \u2013 juodu gro\u017eisi \u012fstabiausiomis Anglijos vietomis, linksminasi po darb\u0173\u2026 Nuo Holivudo \u0161urmulio ir rutinos pavargusiai Marilynai pa\u017eintis su Colinu \u2013 tikra atgaiva. O jaunam vaikinui \u2013 kan\u010di\u0105 kelianti pagunda, kaip atsispirti moteriai, po kurios kojomis visas pasaulis? \u0160i knyga \u2013 nuo\u0161irdi ir komi\u0161ka istorija, kaip Colinas Clarkas peln\u0117 Marilynos Monroe pasitik\u0117jim\u0105 ir \u012fsitais\u0117 jos lovoje. Autorius:\u00a0Colin Clark Leid\u0117jas:\u00a0Gimtasis \u017eodis Metai:\u00a02012 Puslapiai:\u00a0400 ISBN-10:\u00a0995516400X ISBN-13:\u00a09789955164005 Versijos kodas:\u00a0PT. Formatas:\u00a014 x 21 x 3,4 cm, kieti vir\u0161eliai Kalba:\u00a0Lietuvi\u0173 Vert\u0117jas:\u00a0Aist\u0117 Kvedarait\u0117<\/p>\n","protected":false},"featured_media":13780,"comment_status":"open","ping_status":"closed","template":"","meta":{"_acf_changed":false,"site-sidebar-layout":"default","site-content-layout":"","ast-site-content-layout":"default","site-content-style":"default","site-sidebar-style":"default","ast-global-header-display":"","ast-banner-title-visibility":"","ast-main-header-display":"","ast-hfb-above-header-display":"","ast-hfb-below-header-display":"","ast-hfb-mobile-header-display":"","site-post-title":"","ast-breadcrumbs-content":"","ast-featured-img":"","footer-sml-layout":"","ast-disable-related-posts":"","theme-transparent-header-meta":"default","adv-header-id-meta":"","stick-header-meta":"","header-above-stick-meta":"","header-main-stick-meta":"","header-below-stick-meta":"","astra-migrate-meta-layouts":"set","ast-page-background-enabled":"default","ast-page-background-meta":{"desktop":{"background-color":"","background-image":"","background-repeat":"repeat","background-position":"center center","background-size":"auto","background-attachment":"scroll","background-type":"","background-media":"","overlay-type":"","overlay-color":"","overlay-opacity":"","overlay-gradient":""},"tablet":{"background-color":"","background-image":"","background-repeat":"repeat","background-position":"center center","background-size":"auto","background-attachment":"scroll","background-type":"","background-media":"","overlay-type":"","overlay-color":"","overlay-opacity":"","overlay-gradient":""},"mobile":{"background-color":"","background-image":"","background-repeat":"repeat","background-position":"center center","background-size":"auto","background-attachment":"scroll","background-type":"","background-media":"","overlay-type":"","overlay-color":"","overlay-opacity":"","overlay-gradient":""}},"ast-content-background-meta":{"desktop":{"background-color":"var(--ast-global-color-4)","background-image":"","background-repeat":"repeat","background-position":"center center","background-size":"auto","background-attachment":"scroll","background-type":"","background-media":"","overlay-type":"","overlay-color":"","overlay-opacity":"","overlay-gradient":""},"tablet":{"background-color":"var(--ast-global-color-4)","background-image":"","background-repeat":"repeat","background-position":"center center","background-size":"auto","background-attachment":"scroll","background-type":"","background-media":"","overlay-type":"","overlay-color":"","overlay-opacity":"","overlay-gradient":""},"mobile":{"background-color":"var(--ast-global-color-4)","background-image":"","background-repeat":"repeat","background-position":"center center","background-size":"auto","background-attachment":"scroll","background-type":"","background-media":"","overlay-type":"","overlay-color":"","overlay-opacity":"","overlay-gradient":""}}},"product_brand":[],"product_cat":[33,15],"product_tag":[],"class_list":{"0":"post-13775","1":"product","2":"type-product","3":"status-publish","4":"has-post-thumbnail","6":"product_cat-biografijos","7":"product_cat-uncategorized","8":"desktop-align-left","9":"tablet-align-left","10":"mobile-align-left","12":"first","13":"instock","14":"shipping-taxable","15":"purchasable","16":"product-type-simple"},"acf":[],"yoast_head":"<!-- This site is optimized with the Yoast SEO plugin v27.0 - https:\/\/yoast.com\/product\/yoast-seo-wordpress\/ -->\n<title>7 dienos ir naktys su Marilyn Monroe<\/title>\n<meta name=\"description\" content=\"Knyga skaitytojus\u00a0 nukelia \u012f 1956 met\u0173 vasar\u0105. Marilyna Monroe atvyksta \u012f Anglij\u0105 filmuotis juostoje \u201ePrincas ir \u0161ok\u0117ja\u201c. Holivudo garsenyb\u0117 \u010dia\" \/>\n<meta name=\"robots\" content=\"index, follow, max-snippet:-1, max-image-preview:large, max-video-preview:-1\" \/>\n<link rel=\"canonical\" href=\"https:\/\/skaitytaknyga.lt\/en\/produktas\/7-dienos-ir-naktys-su-marilyn-monroe\/\" \/>\n<meta property=\"og:locale\" content=\"en_GB\" \/>\n<meta property=\"og:locale:alternate\" content=\"lt_LT\" \/>\n<meta property=\"og:type\" content=\"article\" \/>\n<meta property=\"og:title\" content=\"7 dienos ir naktys su Marilyn Monroe\" \/>\n<meta property=\"og:description\" content=\"Knyga skaitytojus\u00a0 nukelia \u012f 1956 met\u0173 vasar\u0105. Marilyna Monroe atvyksta \u012f Anglij\u0105 filmuotis juostoje \u201ePrincas ir \u0161ok\u0117ja\u201c. Holivudo garsenyb\u0117 \u010dia\" \/>\n<meta property=\"og:url\" content=\"https:\/\/skaitytaknyga.lt\/en\/produktas\/7-dienos-ir-naktys-su-marilyn-monroe\/\" \/>\n<meta property=\"og:site_name\" content=\"Skaitytaknyga\" \/>\n<meta property=\"article:publisher\" content=\"https:\/\/www.facebook.com\/skaitytaknyga\/\" \/>\n<meta property=\"article:modified_time\" content=\"2024-09-09T12:56:30+00:00\" \/>\n<meta property=\"og:image\" content=\"https:\/\/skaitytaknyga.lt\/wp-content\/uploads\/2024\/09\/7-dienos-ir-naktys-su-Marilyn-Monroe.webp\" \/>\n\t<meta property=\"og:image:width\" content=\"397\" \/>\n\t<meta property=\"og:image:height\" content=\"595\" \/>\n\t<meta property=\"og:image:type\" content=\"image\/webp\" \/>\n<meta name=\"twitter:card\" content=\"summary_large_image\" \/>\n<meta name=\"twitter:label1\" content=\"Estimated reading time\" \/>\n\t<meta name=\"twitter:data1\" content=\"1 minute\" \/>\n<script type=\"application\/ld+json\" class=\"yoast-schema-graph\">{\"@context\":\"https:\/\/schema.org\",\"@graph\":[{\"@type\":\"WebPage\",\"@id\":\"https:\/\/skaitytaknyga.lt\/produktas\/7-dienos-ir-naktys-su-marilyn-monroe\/\",\"url\":\"https:\/\/skaitytaknyga.lt\/produktas\/7-dienos-ir-naktys-su-marilyn-monroe\/\",\"name\":\"7 dienos ir naktys su Marilyn Monroe\",\"isPartOf\":{\"@id\":\"https:\/\/skaitytaknyga.lt\/#website\"},\"primaryImageOfPage\":{\"@id\":\"https:\/\/skaitytaknyga.lt\/produktas\/7-dienos-ir-naktys-su-marilyn-monroe\/#primaryimage\"},\"image\":{\"@id\":\"https:\/\/skaitytaknyga.lt\/produktas\/7-dienos-ir-naktys-su-marilyn-monroe\/#primaryimage\"},\"thumbnailUrl\":\"https:\/\/skaitytaknyga.lt\/wp-content\/uploads\/2024\/09\/7-dienos-ir-naktys-su-Marilyn-Monroe.webp\",\"datePublished\":\"2024-09-09T12:35:15+00:00\",\"dateModified\":\"2024-09-09T12:56:30+00:00\",\"description\":\"Knyga skaitytojus\u00a0 nukelia \u012f 1956 met\u0173 vasar\u0105. Marilyna Monroe atvyksta \u012f Anglij\u0105 filmuotis juostoje \u201ePrincas ir \u0161ok\u0117ja\u201c. Holivudo garsenyb\u0117 \u010dia\",\"breadcrumb\":{\"@id\":\"https:\/\/skaitytaknyga.lt\/produktas\/7-dienos-ir-naktys-su-marilyn-monroe\/#breadcrumb\"},\"inLanguage\":\"en-GB\",\"potentialAction\":[{\"@type\":\"ReadAction\",\"target\":[\"https:\/\/skaitytaknyga.lt\/produktas\/7-dienos-ir-naktys-su-marilyn-monroe\/\"]}]},{\"@type\":\"ImageObject\",\"inLanguage\":\"en-GB\",\"@id\":\"https:\/\/skaitytaknyga.lt\/produktas\/7-dienos-ir-naktys-su-marilyn-monroe\/#primaryimage\",\"url\":\"https:\/\/skaitytaknyga.lt\/wp-content\/uploads\/2024\/09\/7-dienos-ir-naktys-su-Marilyn-Monroe.webp\",\"contentUrl\":\"https:\/\/skaitytaknyga.lt\/wp-content\/uploads\/2024\/09\/7-dienos-ir-naktys-su-Marilyn-Monroe.webp\",\"width\":397,\"height\":595,\"caption\":\"7 dienos ir naktys su Marilyn Monroe\"},{\"@type\":\"BreadcrumbList\",\"@id\":\"https:\/\/skaitytaknyga.lt\/produktas\/7-dienos-ir-naktys-su-marilyn-monroe\/#breadcrumb\",\"itemListElement\":[{\"@type\":\"ListItem\",\"position\":1,\"name\":\"Home\",\"item\":\"https:\/\/skaitytaknyga.lt\/\"},{\"@type\":\"ListItem\",\"position\":2,\"name\":\"Parduotuv\u0117\",\"item\":\"https:\/\/skaitytaknyga.lt\/knygu-parduotuve\/\"},{\"@type\":\"ListItem\",\"position\":3,\"name\":\"7 dienos ir naktys su Marilyn Monroe\"}]},{\"@type\":\"WebSite\",\"@id\":\"https:\/\/skaitytaknyga.lt\/#website\",\"url\":\"https:\/\/skaitytaknyga.lt\/\",\"name\":\"skaitytaknyga.lt\",\"description\":\"Skaitytaknyga.lt \u2013 tai ma\u017eas \u0161eimos verslas, kuris prasid\u0117jo nuo meil\u0117s knygoms ir siekio i\u0161gelb\u0117ti knygas nuo likimo prie konteinerio. Kas vienam nereikalingas daiktas \u2013 kitam lobis, o mes esame tarpininkai, kurie padeda abiems tapti laimingesniems ???? \u017dinome kaip nelengva i\u0161gyventi ma\u017eiems verslams, tad nuo \u0161iol, \u010dia rasite ir kit\u0173, ma\u017e\u0173 \u0161eim\u0173 versl\u0173, rank\u0173 darbo, dovan\u0173 sau ir artimiesiems.\",\"publisher\":{\"@id\":\"https:\/\/skaitytaknyga.lt\/#organization\"},\"potentialAction\":[{\"@type\":\"SearchAction\",\"target\":{\"@type\":\"EntryPoint\",\"urlTemplate\":\"https:\/\/skaitytaknyga.lt\/?s={search_term_string}\"},\"query-input\":{\"@type\":\"PropertyValueSpecification\",\"valueRequired\":true,\"valueName\":\"search_term_string\"}}],\"inLanguage\":\"en-GB\"},{\"@type\":\"Organization\",\"@id\":\"https:\/\/skaitytaknyga.lt\/#organization\",\"name\":\"skaitytaknyga.lt\",\"url\":\"https:\/\/skaitytaknyga.lt\/\",\"logo\":{\"@type\":\"ImageObject\",\"inLanguage\":\"en-GB\",\"@id\":\"https:\/\/skaitytaknyga.lt\/#\/schema\/logo\/image\/\",\"url\":\"https:\/\/skaitytaknyga.lt\/wp-content\/uploads\/2024\/05\/cropped-cropped-cropped-02_00843_jt3bggkj1j3HLc7SyY6rEUpg.jpeg\",\"contentUrl\":\"https:\/\/skaitytaknyga.lt\/wp-content\/uploads\/2024\/05\/cropped-cropped-cropped-02_00843_jt3bggkj1j3HLc7SyY6rEUpg.jpeg\",\"width\":1600,\"height\":1600,\"caption\":\"skaitytaknyga.lt\"},\"image\":{\"@id\":\"https:\/\/skaitytaknyga.lt\/#\/schema\/logo\/image\/\"},\"sameAs\":[\"https:\/\/www.facebook.com\/skaitytaknyga\/\"]}]}<\/script>\n<!-- \/ Yoast SEO plugin. -->","yoast_head_json":{"title":"7 dienos ir naktys su Marilyn Monroe","description":"Knyga skaitytojus\u00a0 nukelia \u012f 1956 met\u0173 vasar\u0105. Marilyna Monroe atvyksta \u012f Anglij\u0105 filmuotis juostoje \u201ePrincas ir \u0161ok\u0117ja\u201c. Holivudo garsenyb\u0117 \u010dia","robots":{"index":"index","follow":"follow","max-snippet":"max-snippet:-1","max-image-preview":"max-image-preview:large","max-video-preview":"max-video-preview:-1"},"canonical":"https:\/\/skaitytaknyga.lt\/en\/produktas\/7-dienos-ir-naktys-su-marilyn-monroe\/","og_locale":"en_GB","og_type":"article","og_title":"[:lt]7 dienos ir naktys su Marilyn Monroe[:] - Skaitytaknyga","og_description":"Knyga skaitytojus\u00a0 nukelia \u012f 1956 met\u0173 vasar\u0105. Marilyna Monroe atvyksta \u012f Anglij\u0105 filmuotis juostoje \u201ePrincas ir \u0161ok\u0117ja\u201c. Holivudo garsenyb\u0117 \u010dia","og_url":"https:\/\/skaitytaknyga.lt\/en\/produktas\/7-dienos-ir-naktys-su-marilyn-monroe\/","og_site_name":"Skaitytaknyga","article_publisher":"https:\/\/www.facebook.com\/skaitytaknyga\/","article_modified_time":"2024-09-09T12:56:30+00:00","og_image":[{"width":397,"height":595,"url":"https:\/\/skaitytaknyga.lt\/wp-content\/uploads\/2024\/09\/7-dienos-ir-naktys-su-Marilyn-Monroe.webp","type":"image\/webp"}],"twitter_card":"summary_large_image","twitter_misc":{"Estimated reading time":"1 minute"},"schema":{"@context":"https:\/\/schema.org","@graph":[{"@type":"WebPage","@id":"https:\/\/skaitytaknyga.lt\/produktas\/7-dienos-ir-naktys-su-marilyn-monroe\/","url":"https:\/\/skaitytaknyga.lt\/produktas\/7-dienos-ir-naktys-su-marilyn-monroe\/","name":"7 dienos ir naktys su Marilyn Monroe","isPartOf":{"@id":"https:\/\/skaitytaknyga.lt\/#website"},"primaryImageOfPage":{"@id":"https:\/\/skaitytaknyga.lt\/produktas\/7-dienos-ir-naktys-su-marilyn-monroe\/#primaryimage"},"image":{"@id":"https:\/\/skaitytaknyga.lt\/produktas\/7-dienos-ir-naktys-su-marilyn-monroe\/#primaryimage"},"thumbnailUrl":"https:\/\/skaitytaknyga.lt\/wp-content\/uploads\/2024\/09\/7-dienos-ir-naktys-su-Marilyn-Monroe.webp","datePublished":"2024-09-09T12:35:15+00:00","dateModified":"2024-09-09T12:56:30+00:00","description":"Knyga skaitytojus\u00a0 nukelia \u012f 1956 met\u0173 vasar\u0105. Marilyna Monroe atvyksta \u012f Anglij\u0105 filmuotis juostoje \u201ePrincas ir \u0161ok\u0117ja\u201c. Holivudo garsenyb\u0117 \u010dia","breadcrumb":{"@id":"https:\/\/skaitytaknyga.lt\/produktas\/7-dienos-ir-naktys-su-marilyn-monroe\/#breadcrumb"},"inLanguage":"en-GB","potentialAction":[{"@type":"ReadAction","target":["https:\/\/skaitytaknyga.lt\/produktas\/7-dienos-ir-naktys-su-marilyn-monroe\/"]}]},{"@type":"ImageObject","inLanguage":"en-GB","@id":"https:\/\/skaitytaknyga.lt\/produktas\/7-dienos-ir-naktys-su-marilyn-monroe\/#primaryimage","url":"https:\/\/skaitytaknyga.lt\/wp-content\/uploads\/2024\/09\/7-dienos-ir-naktys-su-Marilyn-Monroe.webp","contentUrl":"https:\/\/skaitytaknyga.lt\/wp-content\/uploads\/2024\/09\/7-dienos-ir-naktys-su-Marilyn-Monroe.webp","width":397,"height":595,"caption":"7 dienos ir naktys su Marilyn Monroe"},{"@type":"BreadcrumbList","@id":"https:\/\/skaitytaknyga.lt\/produktas\/7-dienos-ir-naktys-su-marilyn-monroe\/#breadcrumb","itemListElement":[{"@type":"ListItem","position":1,"name":"Home","item":"https:\/\/skaitytaknyga.lt\/"},{"@type":"ListItem","position":2,"name":"Parduotuv\u0117","item":"https:\/\/skaitytaknyga.lt\/knygu-parduotuve\/"},{"@type":"ListItem","position":3,"name":"7 dienos ir naktys su Marilyn Monroe"}]},{"@type":"WebSite","@id":"https:\/\/skaitytaknyga.lt\/#website","url":"https:\/\/skaitytaknyga.lt\/","name":"skaitytaknyga.lt","description":"Skaitytaknyga.lt \u2013 tai ma\u017eas \u0161eimos verslas, kuris prasid\u0117jo nuo meil\u0117s knygoms ir siekio i\u0161gelb\u0117ti knygas nuo likimo prie konteinerio. Kas vienam nereikalingas daiktas \u2013 kitam lobis, o mes esame tarpininkai, kurie padeda abiems tapti laimingesniems ???? \u017dinome kaip nelengva i\u0161gyventi ma\u017eiems verslams, tad nuo \u0161iol, \u010dia rasite ir kit\u0173, ma\u017e\u0173 \u0161eim\u0173 versl\u0173, rank\u0173 darbo, dovan\u0173 sau ir artimiesiems.","publisher":{"@id":"https:\/\/skaitytaknyga.lt\/#organization"},"potentialAction":[{"@type":"SearchAction","target":{"@type":"EntryPoint","urlTemplate":"https:\/\/skaitytaknyga.lt\/?s={search_term_string}"},"query-input":{"@type":"PropertyValueSpecification","valueRequired":true,"valueName":"search_term_string"}}],"inLanguage":"en-GB"},{"@type":"Organization","@id":"https:\/\/skaitytaknyga.lt\/#organization","name":"skaitytaknyga.lt","url":"https:\/\/skaitytaknyga.lt\/","logo":{"@type":"ImageObject","inLanguage":"en-GB","@id":"https:\/\/skaitytaknyga.lt\/#\/schema\/logo\/image\/","url":"https:\/\/skaitytaknyga.lt\/wp-content\/uploads\/2024\/05\/cropped-cropped-cropped-02_00843_jt3bggkj1j3HLc7SyY6rEUpg.jpeg","contentUrl":"https:\/\/skaitytaknyga.lt\/wp-content\/uploads\/2024\/05\/cropped-cropped-cropped-02_00843_jt3bggkj1j3HLc7SyY6rEUpg.jpeg","width":1600,"height":1600,"caption":"skaitytaknyga.lt"},"image":{"@id":"https:\/\/skaitytaknyga.lt\/#\/schema\/logo\/image\/"},"sameAs":["https:\/\/www.facebook.com\/skaitytaknyga\/"]}]}},"_links":{"self":[{"href":"https:\/\/skaitytaknyga.lt\/en\/wp-json\/wp\/v2\/product\/13775","targetHints":{"allow":["GET"]}}],"collection":[{"href":"https:\/\/skaitytaknyga.lt\/en\/wp-json\/wp\/v2\/product"}],"about":[{"href":"https:\/\/skaitytaknyga.lt\/en\/wp-json\/wp\/v2\/types\/product"}],"replies":[{"embeddable":true,"href":"https:\/\/skaitytaknyga.lt\/en\/wp-json\/wp\/v2\/comments?post=13775"}],"wp:featuredmedia":[{"embeddable":true,"href":"https:\/\/skaitytaknyga.lt\/en\/wp-json\/wp\/v2\/media\/13780"}],"wp:attachment":[{"href":"https:\/\/skaitytaknyga.lt\/en\/wp-json\/wp\/v2\/media?parent=13775"}],"wp:term":[{"taxonomy":"product_brand","embeddable":true,"href":"https:\/\/skaitytaknyga.lt\/en\/wp-json\/wp\/v2\/product_brand?post=13775"},{"taxonomy":"product_cat","embeddable":true,"href":"https:\/\/skaitytaknyga.lt\/en\/wp-json\/wp\/v2\/product_cat?post=13775"},{"taxonomy":"product_tag","embeddable":true,"href":"https:\/\/skaitytaknyga.lt\/en\/wp-json\/wp\/v2\/product_tag?post=13775"}],"curies":[{"name":"wp","href":"https:\/\/api.w.org\/{rel}","templated":true}]}}